{"id":1098,"date":"2024-04-15T14:25:58","date_gmt":"2024-04-15T12:25:58","guid":{"rendered":"https:\/\/dara.aragon.es\/dara\/archivosfotograficos\/?page_id=1098"},"modified":"2025-10-25T10:52:03","modified_gmt":"2025-10-25T08:52:03","slug":"archivos","status":"publish","type":"page","link":"https:\/\/dara.aragon.es\/dara\/archivosfotograficos\/archivos\/","title":{"rendered":"Archivos"},"content":{"rendered":"<p>[et_pb_section fb_built=\u00bb1&#8243; _builder_version=\u00bb4.27.4&#8243; _module_preset=\u00bbdefault\u00bb global_colors_info=\u00bb{}\u00bb theme_builder_area=\u00bbpost_content\u00bb][et_pb_row column_structure=\u00bb1_3,1_3,1_3&#8243; make_equal=\u00bbon\u00bb _builder_version=\u00bb4.27.4&#8243; _module_preset=\u00bbdefault\u00bb max_width=\u00bb100%\u00bb module_alignment=\u00bbcenter\u00bb custom_margin=\u00bb40px|auto|40px|auto|false|false\u00bb custom_padding=\u00bb0px|0px|0px|0px|false|false\u00bb global_colors_info=\u00bb{}\u00bb theme_builder_area=\u00bbpost_content\u00bb][et_pb_column type=\u00bb1_3&#8243; _builder_version=\u00bb4.27.4&#8243; _module_preset=\u00bbdefault\u00bb link_option_url=\u00bbhttps:\/\/dara.aragon.es\/dara\/archivosfotograficos\/pagina-archivos-fototeca-de-la-diputacion-de-huesca\u00bb global_colors_info=\u00bb{}\u00bb theme_builder_area=\u00bbpost_content\u00bb][et_pb_blurb title=\u00bbARCHIVO DEL AYUNTAMIENTO DE ZARAGOZA\u00bb url=\u00bbhttps:\/\/dara.aragon.es\/dara\/archivosfotograficos\/archivo-municipal-de-zaragoza\/\u00bb image=\u00bbhttps:\/\/dara.aragon.es\/dara\/archivosfotograficos\/wp-content\/uploads\/sites\/6\/2025\/10\/archivo-municipal-zaragoza.jpg\u00bb _builder_version=\u00bb4.27.4&#8243; _module_preset=\u00bbdefault\u00bb link_option_url=\u00bbhttps:\/\/dara.aragon.es\/dara\/archivosfotograficos\/archivo-municipal-de-zaragoza\/\u00bb global_colors_info=\u00bb{}\u00bb theme_builder_area=\u00bbpost_content\u00bb]<\/p>\n<p style=\"margin-bottom: 0cm; text-align: justify;\">El Archivo Municipal de Zaragoza conserva la documentaci\u00f3n generada por la administraci\u00f3n municipal en el transcurso del tiempo, desde el siglo XII hasta la actualidad; tambi\u00e9n acoge otros documentos en conjuntos cerrados o bien de forma aislada, que sin ser originados por la actividad propia del municipio se han ido incorporando a ese acervo com\u00fan.<\/p>\n<p style=\"margin-bottom: 0cm;\">Cuenta con m\u00e1s de 20 km lineales de estanter\u00edas y <strong>entre<\/strong> sus fondos destacan particularmente los fondos fotogr\u00e1ficos.<\/p>\n<p>[\/et_pb_blurb][\/et_pb_column][et_pb_column type=\u00bb1_3&#8243; _builder_version=\u00bb4.27.4&#8243; _module_preset=\u00bbdefault\u00bb link_option_url=\u00bbhttps:\/\/dara.aragon.es\/dara\/archivosfotograficos\/archivo-barones-valdeolivos\/\u00bb global_colors_info=\u00bb{}\u00bb theme_builder_area=\u00bbpost_content\u00bb][et_pb_blurb title=\u00bbFOTOTECA DE LA DIPUTACI\u00d3N PROVINCIAL DE HUESCA\u00bb url=\u00bbhttps:\/\/dara.aragon.es\/dara\/archivosfotograficos\/fototeca-de-la-diputacion-de-huesca\u00bb image=\u00bbhttps:\/\/dara.aragon.es\/dara\/archivosfotograficos\/wp-content\/uploads\/sites\/6\/2025\/10\/fototeca.jpg\u00bb _builder_version=\u00bb4.27.4&#8243; _module_preset=\u00bbdefault\u00bb custom_padding=\u00bb||0px|||\u00bb link_option_url=\u00bbhttps:\/\/dara.aragon.es\/dara\/archivosfotograficos\/fototeca-de-la-diputacion-de-huesca\u00bb global_colors_info=\u00bb{}\u00bb theme_builder_area=\u00bbpost_content\u00bb]<\/p>\n<p style=\"text-align: justify;\">La Fototeca de la Diputaci\u00f3n Provincial de Huesca es un servicio que tiene como misi\u00f3n reunir, conservar y difundir el patrimonio fotogr\u00e1fico y audiovisual de la provincia de Huesca.<\/p>\n<p style=\"text-align: justify;\"><span style=\"color: #000000;\"><\/span>Gestiona y preserva m\u00e1s de 300.000 documentos gr\u00e1ficos y audiovisuales de diversas procedencias, fondos y colecciones particulares, entidades p\u00fablicas y privadas o producidos por la propia Diputaci\u00f3n.<\/p>\n<p>[\/et_pb_blurb][\/et_pb_column][et_pb_column type=\u00bb1_3&#8243; _builder_version=\u00bb4.27.4&#8243; _module_preset=\u00bbdefault\u00bb link_option_url=\u00bbhttps:\/\/dara.aragon.es\/dara\/archivosfotograficos\/universidad-de-zaragoza\/\u00bb global_colors_info=\u00bb{}\u00bb theme_builder_area=\u00bbpost_content\u00bb][et_pb_blurb title=\u00bbARCHIVO UNIVERSIDAD DE ZARAGOZA\u00bb url=\u00bbhttps:\/\/dara.aragon.es\/dara\/archivosfotograficos\/universidad-de-zaragoza\/\u00bb image=\u00bbhttps:\/\/dara.aragon.es\/dara\/archivosfotograficos\/wp-content\/uploads\/sites\/6\/2025\/10\/archivo-unizar-1.jpg\u00bb _builder_version=\u00bb4.27.4&#8243; _module_preset=\u00bbdefault\u00bb link_option_url=\u00bbhttps:\/\/dara.aragon.es\/dara\/archivosfotograficos\/universidad-de-zaragoza\/\u00bb locked=\u00bboff\u00bb global_colors_info=\u00bb{}\u00bb theme_builder_area=\u00bbpost_content\u00bb]<\/p>\n<p style=\"text-align: justify;\">Es el servicio responsable de organizar, proteger, custodiar, dar acceso y difundir el patrimonio documental de la Universidad, mediante una oferta de servicios y recursos para apoyar la docencia, la investigaci\u00f3n y la eficacia y eficiencia de la gesti\u00f3n administrativa. Las competencias y funciones del Archivo Universitario se definen en su Reglamento, aprobado por el Consejo de Gobierno de la Universidad el 29 de marzo de 2007.\u00a0<\/p>\n<p>[\/et_pb_blurb][\/et_pb_column][\/et_pb_row][et_pb_row column_structure=\u00bb1_3,1_3,1_3&#8243; make_equal=\u00bbon\u00bb _builder_version=\u00bb4.27.4&#8243; _module_preset=\u00bbdefault\u00bb max_width=\u00bb100%\u00bb module_alignment=\u00bbcenter\u00bb custom_margin=\u00bb40px|auto|40px|auto|false|false\u00bb custom_padding=\u00bb0px|0px|0px|0px|false|false\u00bb global_colors_info=\u00bb{}\u00bb theme_builder_area=\u00bbpost_content\u00bb][et_pb_column type=\u00bb1_3&#8243; _builder_version=\u00bb4.27.4&#8243; _module_preset=\u00bbdefault\u00bb link_option_url=\u00bbhttps:\/\/dara.aragon.es\/dara\/archivosfotograficos\/ahphu\/\u00bb global_colors_info=\u00bb{}\u00bb theme_builder_area=\u00bbpost_content\u00bb][et_pb_blurb title=\u00bbARCHIVO HIST\u00d3RICO PROVINCIAL DE HUESCA\u00bb url=\u00bbhttps:\/\/dara.aragon.es\/dara\/archivosfotograficos\/ahphu\/\u00bb image=\u00bbhttps:\/\/dara.aragon.es\/dara\/archivosfotograficos\/wp-content\/uploads\/sites\/6\/2024\/02\/archivo-huesca.jpg\u00bb _builder_version=\u00bb4.27.4&#8243; _module_preset=\u00bbdefault\u00bb custom_padding=\u00bb||0px|||\u00bb link_option_url=\u00bbhttps:\/\/dara.aragon.es\/dara\/archivosfotograficos\/ahphu\/\u00bb global_colors_info=\u00bb{}\u00bb theme_builder_area=\u00bbpost_content\u00bb]<\/p>\n<p style=\"text-align: justify;\"><span style=\"color: #000000;\">Creado en 1931 y ubicado en el antiguo colegio de dominicas de Santa Rosa,\u00a0sus fondos documentales ocupan m\u00e1s de ocho kil\u00f3metros de estanter\u00eda, y fueron producidos principalmente por instituciones y organismos p\u00fablicos de Huesca y su provincia.<\/span><\/p>\n<p style=\"text-align: justify;\"><span style=\"color: #000000;\"><\/span><span style=\"color: #000000;\">C<\/span><span style=\"color: #000000;\">onserva, adem\u00e1s, la mayor parte del fondo del Archivo del Monasterio de Sigena y fondos privados de personas o familias notables vinculadas al Alto Arag\u00f3n, como el fondo del pol\u00edgrafo Joaqu\u00edn Costa, los documentos de Casa Bardaj\u00ed, el fondo de la familia Azara o el de la familia Pano de Monz\u00f3n.<\/span><\/p>\n<p>[\/et_pb_blurb][\/et_pb_column][et_pb_column type=\u00bb1_3&#8243; _builder_version=\u00bb4.27.4&#8243; _module_preset=\u00bbdefault\u00bb link_option_url=\u00bbhttps:\/\/dara.aragon.es\/dara\/archivosfotograficos\/archivo-historico-provincial-de-zaragoza\/\u00bb global_colors_info=\u00bb{}\u00bb theme_builder_area=\u00bbpost_content\u00bb][et_pb_blurb title=\u00bbARCHIVO HIST\u00d3RICO PROVINCIAL DE ZARAGOZA\u00bb url=\u00bbhttps:\/\/dara.aragon.es\/dara\/archivosfotograficos\/archivo-historico-provincial-de-zaragoza\/\u00bb image=\u00bbhttps:\/\/dara.aragon.es\/dara\/archivosfotograficos\/wp-content\/uploads\/sites\/6\/2025\/10\/archivo-zaragoza.jpg\u00bb _builder_version=\u00bb4.27.4&#8243; _module_preset=\u00bbdefault\u00bb link_option_url=\u00bbhttps:\/\/dara.aragon.es\/dara\/archivosfotograficos\/archivo-historico-provincial-de-zaragoza\/\u00bb global_colors_info=\u00bb{}\u00bb theme_builder_area=\u00bbpost_content\u00bb]<\/p>\n<p style=\"text-align: justify;\"><span style=\"color: #000000;\">En el Archivo Hist\u00f3rico Provincial de Zaragoza existen numerosos fondos documentales con formato audiovisual.<\/span><\/p>\n<div class=\"et_pb_text_inner\">\n<div data-shortcode-id=\"0.0.1.0-1714128890367\" data-quickaccess-editable=\"yes\" class=\"et-fb-popover-tinymce\">\n<div class=\"mce-content-body\" style=\"position: relative;\">\n<p style=\"text-align: justify;\"><span style=\"color: #000000;\">Quiz\u00e1s el m\u00e1s claro de todos ellos sea el de la Secci\u00f3n Femenina pero hay otros que sin ser estrictamente femeninos proporcionan abundantes datos que ayudan a recomponer el papel de las mujeres en la sociedad de su tiempo. Entre ellos cabe destacar los fondos nobiliarios y por supuesto, nuestras colecciones fotogr\u00e1ficas, que constituyen una de las principales riquezas de este Archivo.<\/span><\/p>\n<\/div>\n<\/div>\n<\/div>\n<p style=\"padding-left: 40px;\">[\/et_pb_blurb][\/et_pb_column][et_pb_column type=\u00bb1_3&#8243; _builder_version=\u00bb4.27.4&#8243; _module_preset=\u00bbdefault\u00bb link_option_url=\u00bbhttps:\/\/dara.aragon.es\/dara\/archivosfotograficos\/archivo-historico-provincial-de-teruel\/\u00bb global_colors_info=\u00bb{}\u00bb theme_builder_area=\u00bbpost_content\u00bb][et_pb_blurb title=\u00bbARCHIVO HIST\u00d3RICO PROVINCIAL DE TERUEL\u00bb url=\u00bbhttps:\/\/dara.aragon.es\/dara\/archivosfotograficos\/archivo-historico-provincial-de-teruel\/\u00bb image=\u00bbhttps:\/\/dara.aragon.es\/dara\/archivosfotograficos\/wp-content\/uploads\/sites\/6\/2025\/10\/archivo-teruel.jpg\u00bb _builder_version=\u00bb4.27.4&#8243; _module_preset=\u00bbdefault\u00bb link_option_url=\u00bbhttps:\/\/dara.aragon.es\/dara\/archivosfotograficos\/archivo-historico-provincial-de-teruel\/\u00bb locked=\u00bboff\u00bb global_colors_info=\u00bb{}\u00bb theme_builder_area=\u00bbpost_content\u00bb]<\/p>\n<p style=\"text-align: justify;\"><span style=\"color: #000000; font-size: 14px;\">En 1953 se inaugura en Teruel el Palacio de Archivos, Bibliotecas y Museos, cuya tercera planta se destin\u00f3 a acoger los protocolos notariales centenarios de la capital, n\u00facleo fundacional del Archivo Hist\u00f3rico Provincial.<\/span><\/p>\n<p style=\"text-align: justify;\"><span style=\"color: #000000; font-size: 14px;\">Su creaci\u00f3n oficial se retrasa hasta el 10 de marzo de 1958, impulsada por el descubrimiento del protocolo que relata la historia de los Amantes de Teruel. En 1987 se inaugur\u00f3 su actual sede, junto al Acueducto de Los Arcos del siglo XVI.<\/span><\/p>\n<p style=\"padding-left: 40px;\">[\/et_pb_blurb][\/et_pb_column][\/et_pb_row][et_pb_row column_structure=\u00bb1_3,1_3,1_3&#8243; make_equal=\u00bbon\u00bb _builder_version=\u00bb4.27.4&#8243; _module_preset=\u00bbdefault\u00bb max_width=\u00bb100%\u00bb module_alignment=\u00bbcenter\u00bb custom_margin=\u00bb40px|auto|40px|auto|false|false\u00bb custom_padding=\u00bb0px|0px|0px|0px|false|false\u00bb global_colors_info=\u00bb{}\u00bb theme_builder_area=\u00bbpost_content\u00bb][et_pb_column type=\u00bb1_3&#8243; _builder_version=\u00bb4.27.4&#8243; _module_preset=\u00bbdefault\u00bb global_colors_info=\u00bb{}\u00bb theme_builder_area=\u00bbpost_content\u00bb][et_pb_blurb title=\u00bbARCHIVO DE LA ADMINISTRACI\u00d3N DEL GOBIERNO DE ARAG\u00d3N\u00bb url=\u00bbhttps:\/\/dara.aragon.es\/dara\/archivosfotograficos\/archivo-de-la-administracion-del-gobierno-de-aragon\/\u00bb image=\u00bbhttps:\/\/dara.aragon.es\/dara\/archivosfotograficos\/wp-content\/uploads\/sites\/6\/2025\/10\/archivo-administracion.png\u00bb _builder_version=\u00bb4.27.4&#8243; _module_preset=\u00bbdefault\u00bb header_line_height=\u00bb1.3em\u00bb link_option_url=\u00bbhttps:\/\/dara.aragon.es\/dara\/archivosfotograficos\/archivo-de-la-administracion-del-gobierno-de-aragon\/\u00bb global_colors_info=\u00bb{}\u00bb theme_builder_area=\u00bbpost_content\u00bb]<\/p>\n<p>El Archivo de la Administraci\u00f3n del Gobierno de Arag\u00f3n se crea en 1993 con el fin de recoger, conservar, organizar y poner al servicio de la Administraci\u00f3n y de los ciudadanos la documentaci\u00f3n generada por los Departamentos y Organismos que lo integran. El fondo documental se compone de m\u00e1s de 192.000 cajas, planos y material fotogr\u00e1fico conservados en los archivos de Zaragoza, Huesca y Teruel.<\/p>\n<p style=\"text-align: justify;\"><span style=\"color: #000000;\"><\/span><\/p>\n<p>[\/et_pb_blurb][\/et_pb_column][et_pb_column type=\u00bb1_3&#8243; _builder_version=\u00bb4.27.4&#8243; _module_preset=\u00bbdefault\u00bb link_option_url=\u00bbhttps:\/\/dara.aragon.es\/dara\/archivosfotograficos\/archivo-barones-valdeolivos\/\u00bb global_colors_info=\u00bb{}\u00bb theme_builder_area=\u00bbpost_content\u00bb][et_pb_blurb title=\u00bbARCHIVO BIBLIOTECA DE LOS BARONES DE VALDEOLIVOS- CASA RIC\u00bb url=\u00bbhttps:\/\/dara.aragon.es\/dara\/archivosfotograficos\/archivo-barones-valdeolivos\/\u00bb image=\u00bbhttps:\/\/dara.aragon.es\/dara\/archivosfotograficos\/wp-content\/uploads\/sites\/6\/2025\/10\/archivo-casa-ric.jpg\u00bb _builder_version=\u00bb4.27.4&#8243; _module_preset=\u00bbdefault\u00bb header_line_height=\u00bb1.3em\u00bb link_option_url=\u00bbhttps:\/\/dara.aragon.es\/dara\/archivosfotograficos\/archivo-barones-valdeolivos\/\u00bb global_colors_info=\u00bb{}\u00bb theme_builder_area=\u00bbpost_content\u00bb]<\/p>\n<p style=\"text-align: justify;\"><span style=\"color: #000000; font-size: 14px;\">El Archivo-Biblioteca est\u00e1 instalado en el palacio de los Barones de Valdeolivos o Casa Ric de Fonz.<\/span><\/p>\n<p style=\"text-align: justify;\">Se trata de un edificio, de estilo aragon\u00e9s, construido en 1613 que, junto con los jardines anejos, bienes muebles y fondos archiv\u00edsticos y bibliogr\u00e1ficos, es propiedad de la Comunidad Aut\u00f3noma de Arag\u00f3n desde 1987, en virtud de la escritura de donaci\u00f3n otorgada por los barones de Valdeolivos.<\/p>\n<p style=\"padding-left: 40px;\">[\/et_pb_blurb][\/et_pb_column][et_pb_column type=\u00bb1_3&#8243; _builder_version=\u00bb4.27.4&#8243; _module_preset=\u00bbdefault\u00bb link_option_url=\u00bbhttps:\/\/dara.aragon.es\/dara\/archivosfotograficos\/universidad-de-zaragoza\/\u00bb global_colors_info=\u00bb{}\u00bb theme_builder_area=\u00bbpost_content\u00bb][\/et_pb_column][\/et_pb_row][\/et_pb_section]<\/p>\n","protected":false},"excerpt":{"rendered":"<p>El Archivo Municipal de Zaragoza conserva la documentaci\u00f3n generada por la administraci\u00f3n municipal en el transcurso del tiempo, desde el siglo XII hasta la actualidad; tambi\u00e9n acoge otros documentos en conjuntos cerrados o bien de forma aislada, que sin ser originados por la actividad propia del municipio se han ido incorporando a ese acervo com\u00fan. [&hellip;]<\/p>\n","protected":false},"author":30,"featured_media":1123,"parent":0,"menu_order":0,"comment_status":"closed","ping_status":"closed","template":"","meta":{"_et_pb_use_builder":"on","_et_pb_old_content":"","_et_gb_content_width":"","footnotes":""},"class_list":["post-1098","page","type-page","status-publish","has-post-thumbnail","hentry"],"yoast_head":"<!-- This site is optimized with the Yoast SEO plugin v26.2 - https:\/\/yoast.com\/wordpress\/plugins\/seo\/ -->\n<title>Archivos - ARCHIVOS FOTOGR\u00c1FICOS<\/title>\n<meta name=\"robots\" content=\"index, follow, max-snippet:-1, max-image-preview:large, max-video-preview:-1\" \/>\n<link rel=\"canonical\" href=\"https:\/\/dara.aragon.es\/dara\/archivosfotograficos\/archivos\/\" \/>\n<meta property=\"og:locale\" content=\"es_ES\" \/>\n<meta property=\"og:type\" content=\"article\" \/>\n<meta property=\"og:title\" content=\"Archivos - ARCHIVOS FOTOGR\u00c1FICOS\" \/>\n<meta property=\"og:description\" content=\"El Archivo Municipal de Zaragoza conserva la documentaci\u00f3n generada por la administraci\u00f3n municipal en el transcurso del tiempo, desde el siglo XII hasta la actualidad; tambi\u00e9n acoge otros documentos en conjuntos cerrados o bien de forma aislada, que sin ser originados por la actividad propia del municipio se han ido incorporando a ese acervo com\u00fan. [&hellip;]\" \/>\n<meta property=\"og:url\" content=\"https:\/\/dara.aragon.es\/dara\/archivosfotograficos\/archivos\/\" \/>\n<meta property=\"og:site_name\" content=\"ARCHIVOS FOTOGR\u00c1FICOS\" \/>\n<meta property=\"article:modified_time\" content=\"2025-10-25T08:52:03+00:00\" \/>\n<meta property=\"og:image\" content=\"https:\/\/dara.aragon.es\/dara\/archivosfotograficos\/wp-content\/uploads\/sites\/6\/2024\/02\/AHPHuesca.png\" \/>\n\t<meta property=\"og:image:width\" content=\"426\" \/>\n\t<meta property=\"og:image:height\" content=\"426\" \/>\n\t<meta property=\"og:image:type\" content=\"image\/png\" \/>\n<meta name=\"twitter:card\" content=\"summary_large_image\" \/>\n<meta name=\"twitter:label1\" content=\"Tiempo de lectura\" \/>\n\t<meta name=\"twitter:data1\" content=\"5 minutos\" \/>\n<script type=\"application\/ld+json\" class=\"yoast-schema-graph\">{\"@context\":\"https:\/\/schema.org\",\"@graph\":[{\"@type\":\"WebPage\",\"@id\":\"https:\/\/dara.aragon.es\/dara\/archivosfotograficos\/archivos\/\",\"url\":\"https:\/\/dara.aragon.es\/dara\/archivosfotograficos\/archivos\/\",\"name\":\"Archivos - ARCHIVOS FOTOGR\u00c1FICOS\",\"isPartOf\":{\"@id\":\"https:\/\/dara.aragon.es\/dara\/archivosfotograficos\/#website\"},\"primaryImageOfPage\":{\"@id\":\"https:\/\/dara.aragon.es\/dara\/archivosfotograficos\/archivos\/#primaryimage\"},\"image\":{\"@id\":\"https:\/\/dara.aragon.es\/dara\/archivosfotograficos\/archivos\/#primaryimage\"},\"thumbnailUrl\":\"https:\/\/dara.aragon.es\/dara\/archivosfotograficos\/wp-content\/uploads\/sites\/6\/2024\/02\/AHPHuesca.png\",\"datePublished\":\"2024-04-15T12:25:58+00:00\",\"dateModified\":\"2025-10-25T08:52:03+00:00\",\"breadcrumb\":{\"@id\":\"https:\/\/dara.aragon.es\/dara\/archivosfotograficos\/archivos\/#breadcrumb\"},\"inLanguage\":\"es\",\"potentialAction\":[{\"@type\":\"ReadAction\",\"target\":[\"https:\/\/dara.aragon.es\/dara\/archivosfotograficos\/archivos\/\"]}]},{\"@type\":\"ImageObject\",\"inLanguage\":\"es\",\"@id\":\"https:\/\/dara.aragon.es\/dara\/archivosfotograficos\/archivos\/#primaryimage\",\"url\":\"https:\/\/dara.aragon.es\/dara\/archivosfotograficos\/wp-content\/uploads\/sites\/6\/2024\/02\/AHPHuesca.png\",\"contentUrl\":\"https:\/\/dara.aragon.es\/dara\/archivosfotograficos\/wp-content\/uploads\/sites\/6\/2024\/02\/AHPHuesca.png\",\"width\":426,\"height\":426},{\"@type\":\"BreadcrumbList\",\"@id\":\"https:\/\/dara.aragon.es\/dara\/archivosfotograficos\/archivos\/#breadcrumb\",\"itemListElement\":[{\"@type\":\"ListItem\",\"position\":1,\"name\":\"Fotodara\",\"item\":\"https:\/\/dara.aragon.es\/dara\/archivosfotograficos\/\"},{\"@type\":\"ListItem\",\"position\":2,\"name\":\"Archivos\"}]},{\"@type\":\"WebSite\",\"@id\":\"https:\/\/dara.aragon.es\/dara\/archivosfotograficos\/#website\",\"url\":\"https:\/\/dara.aragon.es\/dara\/archivosfotograficos\/\",\"name\":\"ARCHIVOS FOTOGR\u00c1FICOS\",\"description\":\"Otro sitio m\u00e1s de PORTALES DARA\",\"potentialAction\":[{\"@type\":\"SearchAction\",\"target\":{\"@type\":\"EntryPoint\",\"urlTemplate\":\"https:\/\/dara.aragon.es\/dara\/archivosfotograficos\/?s={search_term_string}\"},\"query-input\":{\"@type\":\"PropertyValueSpecification\",\"valueRequired\":true,\"valueName\":\"search_term_string\"}}],\"inLanguage\":\"es\"}]}<\/script>\n<!-- \/ Yoast SEO plugin. -->","yoast_head_json":{"title":"Archivos - ARCHIVOS FOTOGR\u00c1FICOS","robots":{"index":"index","follow":"follow","max-snippet":"max-snippet:-1","max-image-preview":"max-image-preview:large","max-video-preview":"max-video-preview:-1"},"canonical":"https:\/\/dara.aragon.es\/dara\/archivosfotograficos\/archivos\/","og_locale":"es_ES","og_type":"article","og_title":"Archivos - ARCHIVOS FOTOGR\u00c1FICOS","og_description":"El Archivo Municipal de Zaragoza conserva la documentaci\u00f3n generada por la administraci\u00f3n municipal en el transcurso del tiempo, desde el siglo XII hasta la actualidad; tambi\u00e9n acoge otros documentos en conjuntos cerrados o bien de forma aislada, que sin ser originados por la actividad propia del municipio se han ido incorporando a ese acervo com\u00fan. [&hellip;]","og_url":"https:\/\/dara.aragon.es\/dara\/archivosfotograficos\/archivos\/","og_site_name":"ARCHIVOS FOTOGR\u00c1FICOS","article_modified_time":"2025-10-25T08:52:03+00:00","og_image":[{"width":426,"height":426,"url":"https:\/\/dara.aragon.es\/dara\/archivosfotograficos\/wp-content\/uploads\/sites\/6\/2024\/02\/AHPHuesca.png","type":"image\/png"}],"twitter_card":"summary_large_image","twitter_misc":{"Tiempo de lectura":"5 minutos"},"schema":{"@context":"https:\/\/schema.org","@graph":[{"@type":"WebPage","@id":"https:\/\/dara.aragon.es\/dara\/archivosfotograficos\/archivos\/","url":"https:\/\/dara.aragon.es\/dara\/archivosfotograficos\/archivos\/","name":"Archivos - ARCHIVOS FOTOGR\u00c1FICOS","isPartOf":{"@id":"https:\/\/dara.aragon.es\/dara\/archivosfotograficos\/#website"},"primaryImageOfPage":{"@id":"https:\/\/dara.aragon.es\/dara\/archivosfotograficos\/archivos\/#primaryimage"},"image":{"@id":"https:\/\/dara.aragon.es\/dara\/archivosfotograficos\/archivos\/#primaryimage"},"thumbnailUrl":"https:\/\/dara.aragon.es\/dara\/archivosfotograficos\/wp-content\/uploads\/sites\/6\/2024\/02\/AHPHuesca.png","datePublished":"2024-04-15T12:25:58+00:00","dateModified":"2025-10-25T08:52:03+00:00","breadcrumb":{"@id":"https:\/\/dara.aragon.es\/dara\/archivosfotograficos\/archivos\/#breadcrumb"},"inLanguage":"es","potentialAction":[{"@type":"ReadAction","target":["https:\/\/dara.aragon.es\/dara\/archivosfotograficos\/archivos\/"]}]},{"@type":"ImageObject","inLanguage":"es","@id":"https:\/\/dara.aragon.es\/dara\/archivosfotograficos\/archivos\/#primaryimage","url":"https:\/\/dara.aragon.es\/dara\/archivosfotograficos\/wp-content\/uploads\/sites\/6\/2024\/02\/AHPHuesca.png","contentUrl":"https:\/\/dara.aragon.es\/dara\/archivosfotograficos\/wp-content\/uploads\/sites\/6\/2024\/02\/AHPHuesca.png","width":426,"height":426},{"@type":"BreadcrumbList","@id":"https:\/\/dara.aragon.es\/dara\/archivosfotograficos\/archivos\/#breadcrumb","itemListElement":[{"@type":"ListItem","position":1,"name":"Fotodara","item":"https:\/\/dara.aragon.es\/dara\/archivosfotograficos\/"},{"@type":"ListItem","position":2,"name":"Archivos"}]},{"@type":"WebSite","@id":"https:\/\/dara.aragon.es\/dara\/archivosfotograficos\/#website","url":"https:\/\/dara.aragon.es\/dara\/archivosfotograficos\/","name":"ARCHIVOS FOTOGR\u00c1FICOS","description":"Otro sitio m\u00e1s de PORTALES DARA","potentialAction":[{"@type":"SearchAction","target":{"@type":"EntryPoint","urlTemplate":"https:\/\/dara.aragon.es\/dara\/archivosfotograficos\/?s={search_term_string}"},"query-input":{"@type":"PropertyValueSpecification","valueRequired":true,"valueName":"search_term_string"}}],"inLanguage":"es"}]}},"_links":{"self":[{"href":"https:\/\/dara.aragon.es\/dara\/archivosfotograficos\/wp-json\/wp\/v2\/pages\/1098","targetHints":{"allow":["GET"]}}],"collection":[{"href":"https:\/\/dara.aragon.es\/dara\/archivosfotograficos\/wp-json\/wp\/v2\/pages"}],"about":[{"href":"https:\/\/dara.aragon.es\/dara\/archivosfotograficos\/wp-json\/wp\/v2\/types\/page"}],"author":[{"embeddable":true,"href":"https:\/\/dara.aragon.es\/dara\/archivosfotograficos\/wp-json\/wp\/v2\/users\/30"}],"replies":[{"embeddable":true,"href":"https:\/\/dara.aragon.es\/dara\/archivosfotograficos\/wp-json\/wp\/v2\/comments?post=1098"}],"version-history":[{"count":53,"href":"https:\/\/dara.aragon.es\/dara\/archivosfotograficos\/wp-json\/wp\/v2\/pages\/1098\/revisions"}],"predecessor-version":[{"id":5417,"href":"https:\/\/dara.aragon.es\/dara\/archivosfotograficos\/wp-json\/wp\/v2\/pages\/1098\/revisions\/5417"}],"wp:featuredmedia":[{"embeddable":true,"href":"https:\/\/dara.aragon.es\/dara\/archivosfotograficos\/wp-json\/wp\/v2\/media\/1123"}],"wp:attachment":[{"href":"https:\/\/dara.aragon.es\/dara\/archivosfotograficos\/wp-json\/wp\/v2\/media?parent=1098"}],"curies":[{"name":"wp","href":"https:\/\/api.w.org\/{rel}","templated":true}]}}