{"id":120,"date":"2024-02-08T14:38:24","date_gmt":"2024-02-08T13:38:24","guid":{"rendered":"https:\/\/dara.aragon.es\/dara\/archivosfotograficos\/?page_id=120"},"modified":"2025-10-28T14:44:39","modified_gmt":"2025-10-28T13:44:39","slug":"que-es-foto-dara","status":"publish","type":"page","link":"https:\/\/dara.aragon.es\/dara\/archivosfotograficos\/que-es-foto-dara\/","title":{"rendered":"Qu\u00e9 es FOTO-DARA"},"content":{"rendered":"<p>[et_pb_section fb_built=\u00bb1&#8243; fullwidth=\u00bbon\u00bb admin_label=\u00bbHeader Section\u00bb _builder_version=\u00bb4.20.2&#8243; background_color=\u00bb#0D3857&#8243; background_enable_image=\u00bboff\u00bb parallax=\u00bbon\u00bb custom_padding=\u00bb|||\u00bb saved_tabs=\u00bball\u00bb locked=\u00bboff\u00bb global_colors_info=\u00bb{}\u00bb theme_builder_area=\u00bbpost_content\u00bb][et_pb_fullwidth_post_title meta=\u00bboff\u00bb featured_image=\u00bboff\u00bb _builder_version=\u00bb4.25.1&#8243; _module_preset=\u00bbdefault\u00bb title_font=\u00bb&#8211;et_global_heading_font|||on|||||\u00bb title_text_align=\u00bbcenter\u00bb title_text_color=\u00bb#FFFFFF\u00bb title_font_size=\u00bb38px\u00bb background_color=\u00bb#0D3857&#8243; custom_padding=\u00bb3%||3%||false|false\u00bb global_colors_info=\u00bb{}\u00bb theme_builder_area=\u00bbpost_content\u00bb][\/et_pb_fullwidth_post_title][\/et_pb_section][et_pb_section fb_built=\u00bb1&#8243; _builder_version=\u00bb4.20.2&#8243; _module_preset=\u00bbdefault\u00bb global_colors_info=\u00bb{}\u00bb theme_builder_area=\u00bbpost_content\u00bb][et_pb_row _builder_version=\u00bb4.20.2&#8243; _module_preset=\u00bbdefault\u00bb global_colors_info=\u00bb{}\u00bb theme_builder_area=\u00bbpost_content\u00bb][et_pb_column type=\u00bb4_4&#8243; _builder_version=\u00bb4.20.2&#8243; _module_preset=\u00bbdefault\u00bb global_colors_info=\u00bb{}\u00bb theme_builder_area=\u00bbpost_content\u00bb][et_pb_accordion _builder_version=\u00bb4.27.2&#8243; _module_preset=\u00bbdefault\u00bb global_colors_info=\u00bb{}\u00bb theme_builder_area=\u00bbpost_content\u00bb][et_pb_accordion_item title=\u00bbOBJETIVOS\u00bb _builder_version=\u00bb4.27.2&#8243; _module_preset=\u00bbdefault\u00bb global_colors_info=\u00bb{}\u00bb theme_builder_area=\u00bbpost_content\u00bb open=\u00bboff\u00bb]<\/p>\n<p style=\"text-align: justify\"><span>DARAFOTO es el escaparate en el que los archivos hist\u00f3ricos aragoneses muestran sus fondos y colecciones fotogr\u00e1ficas. Tambi\u00e9n es el punto de encuentro de los especialistas y aficionados a la fotograf\u00eda para ense\u00f1ar, cada uno dentro de sus posibilidades, su trabajo y sus aportaciones de forma cooperativa, dotarse de herramientas, conocimientos y normas para el tratamiento de los archivos fotogr\u00e1ficos publicados en DARA y facilitar su difusi\u00f3n.<\/span><\/p>\n<h2 style=\"text-align: justify\">Funciones<\/h2>\n<p style=\"text-align: justify\"><span>&#8211; Coordinar los contenidos del portal de archivos fotogr\u00e1ficos de DARA y facilitar su consulta.<\/span><\/p>\n<p><span>&#8211; Mejorar las funcionalidades de recuperaci\u00f3n de la informaci\u00f3n fotogr\u00e1fica en DARA.<\/span><\/p>\n<p><span>&#8211; Normalizar la descripci\u00f3n de fondos y colecciones fotogr\u00e1ficas en sus diferentes niveles, en el marco establecido por la estructura de datos EDARA y las normas internacionales de descripci\u00f3n ISAD(G) e ISAAR (CPF)<\/span><\/p>\n<p><span>&#8211; Proponer recomendaciones para la difusi\u00f3n de fondos fotogr\u00e1ficos, especialmente en lo relativo a los derechos de autor y la reutilizaci\u00f3n correcta de las im\u00e1genes.<\/span><\/p>\n<h2 style=\"text-align: justify\">Componentes<\/h2>\n<p style=\"text-align: justify\"><span>El grupo est\u00e1 abierto a los archiveros que gestionan fondos fotogr\u00e1ficos y quieren difundirlos en DARA, as\u00ed como a la participaci\u00f3n de profesionales de la fotograf\u00eda.<\/span><\/p>\n<p>[\/et_pb_accordion_item][et_pb_accordion_item title=\u00bbORGANIZACI\u00d3N\u00bb open=\u00bboff\u00bb _builder_version=\u00bb4.20.2&#8243; _module_preset=\u00bbdefault\u00bb global_colors_info=\u00bb{}\u00bb theme_builder_area=\u00bbpost_content\u00bb]<\/p>\n<p>Gestionado desde el Gobierno de Arag\u00f3n a trav\u00e9s del Servicio de Museos, Biblioteca y Archivos (Direcci\u00f3n General de Cultura). Se ocupa de la infraestructura t\u00e9cnica, el alojamiento y la coordinaci\u00f3n de contenidos dentro de DARA, el Sistema de Informaci\u00f3n de Archivos de Arag\u00f3n.<\/p>\n<p>&nbsp;<\/p>\n<p>[\/et_pb_accordion_item][et_pb_accordion_item title=\u00bbPARTICIPANTES\u00bb _builder_version=\u00bb4.20.2&#8243; _module_preset=\u00bbdefault\u00bb global_colors_info=\u00bb{}\u00bb theme_builder_area=\u00bbpost_content\u00bb open=\u00bboff\u00bb]<\/p>\n<div class=\"col-md-12 col-sm-12\"><\/div>\n<div class=\"col-md-12 service\">\n<ul class=\"list-group\">\n<li class=\"list-group-item\">\n<ul class=\"facetTerms\">\n<li><a href=\"https:\/\/dara.aragon.es\/opac\/app\/results\/arfo?ft=archive:24\"><span class=\"facetTerm\">Ayuntamiento de Zaragoza<\/span><span>\u00a0<\/span>(<span class=\"facetHits\">167.449<\/span>)<\/a><\/li>\n<\/ul>\n<ul class=\"facetTerms\">\n<li><a href=\"https:\/\/dara.aragon.es\/opac\/app\/results\/arfo?ft=archive:1\"><span class=\"facetTerm\">AHP Zaragoza<\/span><span>\u00a0<\/span>(<span class=\"facetHits\">22.145<\/span>)<\/a><\/li>\n<\/ul>\n<ul class=\"facetTerms\">\n<li><a href=\"https:\/\/dara.aragon.es\/opac\/app\/results\/arfo?ft=archive:5\"><span class=\"facetTerm\">Fototeca de la Diputaci\u00f3n de Huesca<\/span><span>\u00a0<\/span>(<span class=\"facetHits\">12.984<\/span>)<\/a><\/li>\n<\/ul>\n<ul class=\"facetTerms\">\n<li><a href=\"https:\/\/dara.aragon.es\/opac\/app\/results\/arfo?ft=archive:2\"><span class=\"facetTerm\">AHP Huesca<\/span><span>\u00a0<\/span>(<span class=\"facetHits\">6.853<\/span>)<\/a><\/li>\n<\/ul>\n<ul class=\"facetTerms\">\n<li><a href=\"https:\/\/dara.aragon.es\/opac\/app\/results\/arfo?ft=archive:21\"><span class=\"facetTerm\">Archivo de la Administraci\u00f3n de la C. A. de Arag\u00f3n<\/span><span>\u00a0<\/span>(<span class=\"facetHits\">3.576<\/span>)<\/a><\/li>\n<\/ul>\n<ul class=\"facetTerms\">\n<li><a href=\"https:\/\/dara.aragon.es\/opac\/app\/results\/arfo?ft=archive:3\"><span class=\"facetTerm\">AHP Teruel<\/span><span>\u00a0<\/span>(<span class=\"facetHits\">2.231<\/span>)<\/a><\/li>\n<\/ul>\n<ul class=\"facetTerms\">\n<li><a href=\"https:\/\/dara.aragon.es\/opac\/app\/results\/arfo?ft=archive:8\"><span class=\"facetTerm\">Valle de Benasque<\/span><span>\u00a0<\/span>(<span class=\"facetHits\">2.219<\/span>)<\/a><\/li>\n<\/ul>\n<ul class=\"facetTerms\">\n<li><a href=\"https:\/\/dara.aragon.es\/opac\/app\/results\/arfo?ft=archive:106\"><span class=\"facetTerm\">Archivo de la Universidad de Zaragoza<\/span><span>\u00a0<\/span>(<span class=\"facetHits\">1.520<\/span>)<\/a><\/li>\n<\/ul>\n<ul class=\"facetTerms\">\n<li><a href=\"https:\/\/dara.aragon.es\/opac\/app\/results\/arfo?ft=archive:7\"><span class=\"facetTerm\">Casa Ric (Fonz). Baron\u00eda de Valdeolivos<\/span><span>\u00a0<\/span>(<span class=\"facetHits\">404<\/span>)<\/a><\/li>\n<\/ul>\n<ul class=\"facetTerms\">\n<li><a href=\"https:\/\/dara.aragon.es\/opac\/app\/results\/arfo?ft=archive:11\"><span class=\"facetTerm\">Ayuntamiento de la Puebla de Alfind\u00e9n<\/span><span>\u00a0<\/span>(<span class=\"facetHits\">307<\/span>)<\/a><\/li>\n<\/ul>\n<ul class=\"facetTerms\">\n<li><a href=\"https:\/\/dara.aragon.es\/opac\/app\/results\/arfo?ft=archive:68\"><span class=\"facetTerm\">Amigos de Serrablo<\/span><span>\u00a0<\/span>(<span class=\"facetHits\">293<\/span>)<\/a><\/li>\n<\/ul>\n<ul class=\"facetTerms\">\n<li><a href=\"https:\/\/dara.aragon.es\/opac\/app\/results\/arfo?ft=archive:70\"><span class=\"facetTerm\">Comisiones Obreras de Arag\u00f3n<\/span><span>\u00a0<\/span>(<span class=\"facetHits\">146)<\/span><\/a><\/li>\n<\/ul>\n<\/li>\n<\/ul>\n<\/div>\n<p>[\/et_pb_accordion_item][et_pb_accordion_item title=\u00bbCR\u00c9DITOS\u00bb _builder_version=\u00bb4.20.2&#8243; _module_preset=\u00bbdefault\u00bb global_colors_info=\u00bb{}\u00bb theme_builder_area=\u00bbpost_content\u00bb open=\u00bbon\u00bb]<\/p>\n<p><strong><u>Descripci\u00f3n y digitalizaci\u00f3n de documentos<\/u><\/strong><\/p>\n<p>\u00a0Los archivos participantes<\/p>\n<p><strong><u>Dise\u00f1o web<\/u><\/strong><\/p>\n<p>Jara Alvira (Baul de cursos)<\/p>\n<p><strong><u>Contenidos web<\/u><\/strong><\/p>\n<p>Claudia Campodarve Lacoma<\/p>\n<p>Isabel Mar\u00eda Guti\u00e9rrez Ari\u00f1o<\/p>\n<p>Isabel del R\u00edo Sebasti\u00e1n<\/p>\n<p>Alexandra Maicas Bueno<\/p>\n<p>Lola Aur\u00e9 Marin<\/p>\n<p><strong><u>Coordinaci\u00f3n general<\/u><\/strong><\/p>\n<p>Alexandra Maicas Bueno y Juan Jos\u00e9 Generelo Lanaspa<\/p>\n<p>[\/et_pb_accordion_item][\/et_pb_accordion][\/et_pb_column][\/et_pb_row][\/et_pb_section]<\/p>\n","protected":false},"excerpt":{"rendered":"<p>DARAFOTO es el escaparate en el que los archivos hist\u00f3ricos aragoneses muestran sus fondos y colecciones fotogr\u00e1ficas. Tambi\u00e9n es el punto de encuentro de los especialistas y aficionados a la fotograf\u00eda para ense\u00f1ar, cada uno dentro de sus posibilidades, su trabajo y sus aportaciones de forma cooperativa, dotarse de herramientas, conocimientos y normas para el [&hellip;]<\/p>\n","protected":false},"author":1,"featured_media":0,"parent":0,"menu_order":0,"comment_status":"closed","ping_status":"closed","template":"","meta":{"_et_pb_use_builder":"on","_et_pb_old_content":"","_et_gb_content_width":"","footnotes":""},"class_list":["post-120","page","type-page","status-publish","hentry"],"yoast_head":"<!-- This site is optimized with the Yoast SEO plugin v26.2 - https:\/\/yoast.com\/wordpress\/plugins\/seo\/ -->\n<title>Qu\u00e9 es FOTO-DARA - ARCHIVOS FOTOGR\u00c1FICOS<\/title>\n<meta name=\"robots\" content=\"index, follow, max-snippet:-1, max-image-preview:large, max-video-preview:-1\" \/>\n<link rel=\"canonical\" href=\"https:\/\/dara.aragon.es\/dara\/archivosfotograficos\/que-es-foto-dara\/\" \/>\n<meta property=\"og:locale\" content=\"es_ES\" \/>\n<meta property=\"og:type\" content=\"article\" \/>\n<meta property=\"og:title\" content=\"Qu\u00e9 es FOTO-DARA - ARCHIVOS FOTOGR\u00c1FICOS\" \/>\n<meta property=\"og:description\" content=\"DARAFOTO es el escaparate en el que los archivos hist\u00f3ricos aragoneses muestran sus fondos y colecciones fotogr\u00e1ficas. Tambi\u00e9n es el punto de encuentro de los especialistas y aficionados a la fotograf\u00eda para ense\u00f1ar, cada uno dentro de sus posibilidades, su trabajo y sus aportaciones de forma cooperativa, dotarse de herramientas, conocimientos y normas para el [&hellip;]\" \/>\n<meta property=\"og:url\" content=\"https:\/\/dara.aragon.es\/dara\/archivosfotograficos\/que-es-foto-dara\/\" \/>\n<meta property=\"og:site_name\" content=\"ARCHIVOS FOTOGR\u00c1FICOS\" \/>\n<meta property=\"article:modified_time\" content=\"2025-10-28T13:44:39+00:00\" \/>\n<meta name=\"twitter:card\" content=\"summary_large_image\" \/>\n<meta name=\"twitter:label1\" content=\"Tiempo de lectura\" \/>\n\t<meta name=\"twitter:data1\" content=\"3 minutos\" \/>\n<script type=\"application\/ld+json\" class=\"yoast-schema-graph\">{\"@context\":\"https:\/\/schema.org\",\"@graph\":[{\"@type\":\"WebPage\",\"@id\":\"https:\/\/dara.aragon.es\/dara\/archivosfotograficos\/que-es-foto-dara\/\",\"url\":\"https:\/\/dara.aragon.es\/dara\/archivosfotograficos\/que-es-foto-dara\/\",\"name\":\"Qu\u00e9 es FOTO-DARA - ARCHIVOS FOTOGR\u00c1FICOS\",\"isPartOf\":{\"@id\":\"https:\/\/dara.aragon.es\/dara\/archivosfotograficos\/#website\"},\"datePublished\":\"2024-02-08T13:38:24+00:00\",\"dateModified\":\"2025-10-28T13:44:39+00:00\",\"breadcrumb\":{\"@id\":\"https:\/\/dara.aragon.es\/dara\/archivosfotograficos\/que-es-foto-dara\/#breadcrumb\"},\"inLanguage\":\"es\",\"potentialAction\":[{\"@type\":\"ReadAction\",\"target\":[\"https:\/\/dara.aragon.es\/dara\/archivosfotograficos\/que-es-foto-dara\/\"]}]},{\"@type\":\"BreadcrumbList\",\"@id\":\"https:\/\/dara.aragon.es\/dara\/archivosfotograficos\/que-es-foto-dara\/#breadcrumb\",\"itemListElement\":[{\"@type\":\"ListItem\",\"position\":1,\"name\":\"Fotodara\",\"item\":\"https:\/\/dara.aragon.es\/dara\/archivosfotograficos\/\"},{\"@type\":\"ListItem\",\"position\":2,\"name\":\"Qu\u00e9 es FOTO-DARA\"}]},{\"@type\":\"WebSite\",\"@id\":\"https:\/\/dara.aragon.es\/dara\/archivosfotograficos\/#website\",\"url\":\"https:\/\/dara.aragon.es\/dara\/archivosfotograficos\/\",\"name\":\"ARCHIVOS FOTOGR\u00c1FICOS\",\"description\":\"Otro sitio m\u00e1s de PORTALES DARA\",\"potentialAction\":[{\"@type\":\"SearchAction\",\"target\":{\"@type\":\"EntryPoint\",\"urlTemplate\":\"https:\/\/dara.aragon.es\/dara\/archivosfotograficos\/?s={search_term_string}\"},\"query-input\":{\"@type\":\"PropertyValueSpecification\",\"valueRequired\":true,\"valueName\":\"search_term_string\"}}],\"inLanguage\":\"es\"}]}<\/script>\n<!-- \/ Yoast SEO plugin. -->","yoast_head_json":{"title":"Qu\u00e9 es FOTO-DARA - ARCHIVOS FOTOGR\u00c1FICOS","robots":{"index":"index","follow":"follow","max-snippet":"max-snippet:-1","max-image-preview":"max-image-preview:large","max-video-preview":"max-video-preview:-1"},"canonical":"https:\/\/dara.aragon.es\/dara\/archivosfotograficos\/que-es-foto-dara\/","og_locale":"es_ES","og_type":"article","og_title":"Qu\u00e9 es FOTO-DARA - ARCHIVOS FOTOGR\u00c1FICOS","og_description":"DARAFOTO es el escaparate en el que los archivos hist\u00f3ricos aragoneses muestran sus fondos y colecciones fotogr\u00e1ficas. Tambi\u00e9n es el punto de encuentro de los especialistas y aficionados a la fotograf\u00eda para ense\u00f1ar, cada uno dentro de sus posibilidades, su trabajo y sus aportaciones de forma cooperativa, dotarse de herramientas, conocimientos y normas para el [&hellip;]","og_url":"https:\/\/dara.aragon.es\/dara\/archivosfotograficos\/que-es-foto-dara\/","og_site_name":"ARCHIVOS FOTOGR\u00c1FICOS","article_modified_time":"2025-10-28T13:44:39+00:00","twitter_card":"summary_large_image","twitter_misc":{"Tiempo de lectura":"3 minutos"},"schema":{"@context":"https:\/\/schema.org","@graph":[{"@type":"WebPage","@id":"https:\/\/dara.aragon.es\/dara\/archivosfotograficos\/que-es-foto-dara\/","url":"https:\/\/dara.aragon.es\/dara\/archivosfotograficos\/que-es-foto-dara\/","name":"Qu\u00e9 es FOTO-DARA - ARCHIVOS FOTOGR\u00c1FICOS","isPartOf":{"@id":"https:\/\/dara.aragon.es\/dara\/archivosfotograficos\/#website"},"datePublished":"2024-02-08T13:38:24+00:00","dateModified":"2025-10-28T13:44:39+00:00","breadcrumb":{"@id":"https:\/\/dara.aragon.es\/dara\/archivosfotograficos\/que-es-foto-dara\/#breadcrumb"},"inLanguage":"es","potentialAction":[{"@type":"ReadAction","target":["https:\/\/dara.aragon.es\/dara\/archivosfotograficos\/que-es-foto-dara\/"]}]},{"@type":"BreadcrumbList","@id":"https:\/\/dara.aragon.es\/dara\/archivosfotograficos\/que-es-foto-dara\/#breadcrumb","itemListElement":[{"@type":"ListItem","position":1,"name":"Fotodara","item":"https:\/\/dara.aragon.es\/dara\/archivosfotograficos\/"},{"@type":"ListItem","position":2,"name":"Qu\u00e9 es FOTO-DARA"}]},{"@type":"WebSite","@id":"https:\/\/dara.aragon.es\/dara\/archivosfotograficos\/#website","url":"https:\/\/dara.aragon.es\/dara\/archivosfotograficos\/","name":"ARCHIVOS FOTOGR\u00c1FICOS","description":"Otro sitio m\u00e1s de PORTALES DARA","potentialAction":[{"@type":"SearchAction","target":{"@type":"EntryPoint","urlTemplate":"https:\/\/dara.aragon.es\/dara\/archivosfotograficos\/?s={search_term_string}"},"query-input":{"@type":"PropertyValueSpecification","valueRequired":true,"valueName":"search_term_string"}}],"inLanguage":"es"}]}},"_links":{"self":[{"href":"https:\/\/dara.aragon.es\/dara\/archivosfotograficos\/wp-json\/wp\/v2\/pages\/120","targetHints":{"allow":["GET"]}}],"collection":[{"href":"https:\/\/dara.aragon.es\/dara\/archivosfotograficos\/wp-json\/wp\/v2\/pages"}],"about":[{"href":"https:\/\/dara.aragon.es\/dara\/archivosfotograficos\/wp-json\/wp\/v2\/types\/page"}],"author":[{"embeddable":true,"href":"https:\/\/dara.aragon.es\/dara\/archivosfotograficos\/wp-json\/wp\/v2\/users\/1"}],"replies":[{"embeddable":true,"href":"https:\/\/dara.aragon.es\/dara\/archivosfotograficos\/wp-json\/wp\/v2\/comments?post=120"}],"version-history":[{"count":14,"href":"https:\/\/dara.aragon.es\/dara\/archivosfotograficos\/wp-json\/wp\/v2\/pages\/120\/revisions"}],"predecessor-version":[{"id":5825,"href":"https:\/\/dara.aragon.es\/dara\/archivosfotograficos\/wp-json\/wp\/v2\/pages\/120\/revisions\/5825"}],"wp:attachment":[{"href":"https:\/\/dara.aragon.es\/dara\/archivosfotograficos\/wp-json\/wp\/v2\/media?parent=120"}],"curies":[{"name":"wp","href":"https:\/\/api.w.org\/{rel}","templated":true}]}}