{"id":3401,"date":"2024-05-08T10:57:21","date_gmt":"2024-05-08T08:57:21","guid":{"rendered":"https:\/\/dara.aragon.es\/dara\/archivosfotograficos\/?page_id=3401"},"modified":"2025-10-27T07:46:36","modified_gmt":"2025-10-27T06:46:36","slug":"industria-y-comercio","status":"publish","type":"page","link":"https:\/\/dara.aragon.es\/dara\/archivosfotograficos\/temas\/industria-y-comercio\/","title":{"rendered":"Industria y comercio"},"content":{"rendered":"<p>[et_pb_section fb_built=\u00bb1&#8243; _builder_version=\u00bb4.27.4&#8243; _module_preset=\u00bbdefault\u00bb custom_padding=\u00bb0px||0px||true|false\u00bb hover_enabled=\u00bb0&#8243; global_colors_info=\u00bb{}\u00bb theme_builder_area=\u00bbpost_content\u00bb sticky_enabled=\u00bb0&#8243;][et_pb_row _builder_version=\u00bb4.20.2&#8243; _module_preset=\u00bbdefault\u00bb global_colors_info=\u00bb{}\u00bb theme_builder_area=\u00bbpost_content\u00bb][et_pb_column type=\u00bb4_4&#8243; _builder_version=\u00bb4.20.2&#8243; _module_preset=\u00bbdefault\u00bb global_colors_info=\u00bb{}\u00bb theme_builder_area=\u00bbpost_content\u00bb][et_pb_text _builder_version=\u00bb4.20.2&#8243; _module_preset=\u00bbdefault\u00bb global_colors_info=\u00bb{}\u00bb theme_builder_area=\u00bbpost_content\u00bb]<\/p>\n<div style=\"text-align: justify\">Los archivos aragoneses conservan im\u00e1genes que capturaron momentos clave en la hist\u00f3rica de Arag\u00f3n, es decir, dichas fotograf\u00edas documentan el progreso y los desaf\u00edos que han dado forma al panorama industrial y comercial de la regi\u00f3n.<\/div>\n<div style=\"text-align: justify\">Se muestra f\u00e1bricas en plena actividad, trabajadores en sus labores cotidianas, mercados bulliciosos y calles comerciales llenas de vida.<\/div>\n<p>[\/et_pb_text][\/et_pb_column][\/et_pb_row][et_pb_row column_structure=\u00bb1_3,1_3,1_3&#8243; _builder_version=\u00bb4.27.4&#8243; _module_preset=\u00bbdefault\u00bb hover_enabled=\u00bb0&#8243; global_colors_info=\u00bb{}\u00bb theme_builder_area=\u00bbpost_content\u00bb locked=\u00bboff\u00bb sticky_enabled=\u00bb0&#8243;][et_pb_column type=\u00bb1_3&#8243; _builder_version=\u00bb4.27.4&#8243; _module_preset=\u00bbdefault\u00bb global_colors_info=\u00bb{}\u00bb theme_builder_area=\u00bbpost_content\u00bb][et_pb_blurb title=\u00bbComercios\u00bb url=\u00bbhttps:\/\/dara.aragon.es\/opac\/app\/results\/arfo?p=0&#038;ob=re:1&#038;vm=mv&#038;ft=descriptor:ESTABLECIMIENTOS+TRADICIONALES&#038;ds=%22Tiendas%22&#8243; url_new_window=\u00bbon\u00bb image=\u00bbhttps:\/\/dara.aragon.es\/dara\/archivosfotograficos\/wp-content\/uploads\/sites\/6\/2025\/10\/comercios.jpg\u00bb _builder_version=\u00bb4.27.4&#8243; _module_preset=\u00bbdefault\u00bb link_option_url=\u00bbhttps:\/\/dara.aragon.es\/opac\/app\/results\/arfo?p=0&#038;ob=re:1&#038;vm=mv&#038;ft=descriptor:ESTABLECIMIENTOS+TRADICIONALES&#038;ds=%22Tiendas%22&#8243; link_option_url_new_window=\u00bbon\u00bb hover_enabled=\u00bb0&#8243; global_colors_info=\u00bb{}\u00bb theme_builder_area=\u00bbpost_content\u00bb sticky_enabled=\u00bb0&#8243; title_text=\u00bbcomercios\u00bb][\/et_pb_blurb][\/et_pb_column][et_pb_column type=\u00bb1_3&#8243; _builder_version=\u00bb4.27.4&#8243; _module_preset=\u00bbdefault\u00bb global_colors_info=\u00bb{}\u00bb theme_builder_area=\u00bbpost_content\u00bb][et_pb_blurb title=\u00bbF\u00e1bricas\u00bb url=\u00bbhttps:\/\/dara.aragon.es\/opac\/app\/results\/arfo?p=0&#038;ob=re:1&#038;vm=mv&#038;ds=%22F%C3%A1bricas%22&#8243; url_new_window=\u00bbon\u00bb image=\u00bbhttps:\/\/dara.aragon.es\/dara\/archivosfotograficos\/wp-content\/uploads\/sites\/6\/2025\/10\/fabricas.jpg\u00bb _builder_version=\u00bb4.27.4&#8243; _module_preset=\u00bbdefault\u00bb link_option_url=\u00bbhttps:\/\/dara.aragon.es\/opac\/app\/results\/arfo?p=0&#038;ob=re:1&#038;vm=mv&#038;ds=%22F%C3%A1bricas%22&#8243; link_option_url_new_window=\u00bbon\u00bb hover_enabled=\u00bb0&#8243; global_colors_info=\u00bb{}\u00bb theme_builder_area=\u00bbpost_content\u00bb sticky_enabled=\u00bb0&#8243; title_text=\u00bbfabricas\u00bb][\/et_pb_blurb][\/et_pb_column][et_pb_column type=\u00bb1_3&#8243; _builder_version=\u00bb4.27.4&#8243; _module_preset=\u00bbdefault\u00bb global_colors_info=\u00bb{}\u00bb theme_builder_area=\u00bbpost_content\u00bb][et_pb_blurb title=\u00bbIndustrias Zaragoza\u00bb url=\u00bbhttps:\/\/dara.aragon.es\/opac\/app\/results\/arfo?p=0&#038;ob=re:1&#038;vm=mv&#038;ft=descriptor:Industrias+de+Zaragoza&#038;ds=%22Industrias%22&#8243; url_new_window=\u00bbon\u00bb image=\u00bbhttps:\/\/dara.aragon.es\/dara\/archivosfotograficos\/wp-content\/uploads\/sites\/6\/2025\/10\/chocolates-orus.jpg\u00bb _builder_version=\u00bb4.27.4&#8243; _module_preset=\u00bbdefault\u00bb link_option_url=\u00bbhttps:\/\/dara.aragon.es\/opac\/app\/results\/arfo?p=0&#038;ob=re:1&#038;vm=mv&#038;ft=descriptor:Industrias+de+Zaragoza&#038;ds=%22Industrias%22&#8243; link_option_url_new_window=\u00bbon\u00bb hover_enabled=\u00bb0&#8243; global_colors_info=\u00bb{}\u00bb theme_builder_area=\u00bbpost_content\u00bb sticky_enabled=\u00bb0&#8243; title_text=\u00bbchocolates orus\u00bb][\/et_pb_blurb][\/et_pb_column][\/et_pb_row][\/et_pb_section]<\/p>\n","protected":false},"excerpt":{"rendered":"<p>Los archivos aragoneses conservan im\u00e1genes que capturaron momentos clave en la hist\u00f3rica de Arag\u00f3n, es decir, dichas fotograf\u00edas documentan el progreso y los desaf\u00edos que han dado forma al panorama industrial y comercial de la regi\u00f3n. Se muestra f\u00e1bricas en plena actividad, trabajadores en sus labores cotidianas, mercados bulliciosos y calles comerciales llenas de vida.<\/p>\n","protected":false},"author":31,"featured_media":1597,"parent":86,"menu_order":0,"comment_status":"closed","ping_status":"closed","template":"","meta":{"_et_pb_use_builder":"on","_et_pb_old_content":"","_et_gb_content_width":"","footnotes":""},"class_list":["post-3401","page","type-page","status-publish","has-post-thumbnail","hentry"],"yoast_head":"<!-- This site is optimized with the Yoast SEO plugin v26.2 - https:\/\/yoast.com\/wordpress\/plugins\/seo\/ -->\n<title>Industria y comercio - ARCHIVOS FOTOGR\u00c1FICOS<\/title>\n<meta name=\"robots\" content=\"index, follow, max-snippet:-1, max-image-preview:large, max-video-preview:-1\" \/>\n<link rel=\"canonical\" href=\"https:\/\/dara.aragon.es\/dara\/archivosfotograficos\/temas\/industria-y-comercio\/\" \/>\n<meta property=\"og:locale\" content=\"es_ES\" \/>\n<meta property=\"og:type\" content=\"article\" \/>\n<meta property=\"og:title\" content=\"Industria y comercio - ARCHIVOS FOTOGR\u00c1FICOS\" \/>\n<meta property=\"og:description\" content=\"Los archivos aragoneses conservan im\u00e1genes que capturaron momentos clave en la hist\u00f3rica de Arag\u00f3n, es decir, dichas fotograf\u00edas documentan el progreso y los desaf\u00edos que han dado forma al panorama industrial y comercial de la regi\u00f3n. Se muestra f\u00e1bricas en plena actividad, trabajadores en sus labores cotidianas, mercados bulliciosos y calles comerciales llenas de vida.\" \/>\n<meta property=\"og:url\" content=\"https:\/\/dara.aragon.es\/dara\/archivosfotograficos\/temas\/industria-y-comercio\/\" \/>\n<meta property=\"og:site_name\" content=\"ARCHIVOS FOTOGR\u00c1FICOS\" \/>\n<meta property=\"article:modified_time\" content=\"2025-10-27T06:46:36+00:00\" \/>\n<meta property=\"og:image\" content=\"https:\/\/dara.aragon.es\/dara\/archivosfotograficos\/wp-content\/uploads\/sites\/6\/2024\/04\/AHPZ_MF_REQUEJO_0030-102.jpg\" \/>\n\t<meta property=\"og:image:width\" content=\"606\" \/>\n\t<meta property=\"og:image:height\" content=\"576\" \/>\n\t<meta property=\"og:image:type\" content=\"image\/jpeg\" \/>\n<meta name=\"twitter:card\" content=\"summary_large_image\" \/>\n<meta name=\"twitter:label1\" content=\"Tiempo de lectura\" \/>\n\t<meta name=\"twitter:data1\" content=\"3 minutos\" \/>\n<script type=\"application\/ld+json\" class=\"yoast-schema-graph\">{\"@context\":\"https:\/\/schema.org\",\"@graph\":[{\"@type\":\"WebPage\",\"@id\":\"https:\/\/dara.aragon.es\/dara\/archivosfotograficos\/temas\/industria-y-comercio\/\",\"url\":\"https:\/\/dara.aragon.es\/dara\/archivosfotograficos\/temas\/industria-y-comercio\/\",\"name\":\"Industria y comercio - ARCHIVOS FOTOGR\u00c1FICOS\",\"isPartOf\":{\"@id\":\"https:\/\/dara.aragon.es\/dara\/archivosfotograficos\/#website\"},\"primaryImageOfPage\":{\"@id\":\"https:\/\/dara.aragon.es\/dara\/archivosfotograficos\/temas\/industria-y-comercio\/#primaryimage\"},\"image\":{\"@id\":\"https:\/\/dara.aragon.es\/dara\/archivosfotograficos\/temas\/industria-y-comercio\/#primaryimage\"},\"thumbnailUrl\":\"https:\/\/dara.aragon.es\/dara\/archivosfotograficos\/wp-content\/uploads\/sites\/6\/2024\/04\/AHPZ_MF_REQUEJO_0030-102.jpg\",\"datePublished\":\"2024-05-08T08:57:21+00:00\",\"dateModified\":\"2025-10-27T06:46:36+00:00\",\"breadcrumb\":{\"@id\":\"https:\/\/dara.aragon.es\/dara\/archivosfotograficos\/temas\/industria-y-comercio\/#breadcrumb\"},\"inLanguage\":\"es\",\"potentialAction\":[{\"@type\":\"ReadAction\",\"target\":[\"https:\/\/dara.aragon.es\/dara\/archivosfotograficos\/temas\/industria-y-comercio\/\"]}]},{\"@type\":\"ImageObject\",\"inLanguage\":\"es\",\"@id\":\"https:\/\/dara.aragon.es\/dara\/archivosfotograficos\/temas\/industria-y-comercio\/#primaryimage\",\"url\":\"https:\/\/dara.aragon.es\/dara\/archivosfotograficos\/wp-content\/uploads\/sites\/6\/2024\/04\/AHPZ_MF_REQUEJO_0030-102.jpg\",\"contentUrl\":\"https:\/\/dara.aragon.es\/dara\/archivosfotograficos\/wp-content\/uploads\/sites\/6\/2024\/04\/AHPZ_MF_REQUEJO_0030-102.jpg\",\"width\":606,\"height\":576,\"caption\":\"Archivo Hist\u00f3rico Provincial de Zaragoza. Archivo fotogr\u00e1fico Julio Requejo. Documento audiovisual\"},{\"@type\":\"BreadcrumbList\",\"@id\":\"https:\/\/dara.aragon.es\/dara\/archivosfotograficos\/temas\/industria-y-comercio\/#breadcrumb\",\"itemListElement\":[{\"@type\":\"ListItem\",\"position\":1,\"name\":\"Fotodara\",\"item\":\"https:\/\/dara.aragon.es\/dara\/archivosfotograficos\/\"},{\"@type\":\"ListItem\",\"position\":2,\"name\":\"Temas\",\"item\":\"https:\/\/dara.aragon.es\/dara\/archivosfotograficos\/temas\/\"},{\"@type\":\"ListItem\",\"position\":3,\"name\":\"Industria y comercio\"}]},{\"@type\":\"WebSite\",\"@id\":\"https:\/\/dara.aragon.es\/dara\/archivosfotograficos\/#website\",\"url\":\"https:\/\/dara.aragon.es\/dara\/archivosfotograficos\/\",\"name\":\"ARCHIVOS FOTOGR\u00c1FICOS\",\"description\":\"Otro sitio m\u00e1s de PORTALES DARA\",\"potentialAction\":[{\"@type\":\"SearchAction\",\"target\":{\"@type\":\"EntryPoint\",\"urlTemplate\":\"https:\/\/dara.aragon.es\/dara\/archivosfotograficos\/?s={search_term_string}\"},\"query-input\":{\"@type\":\"PropertyValueSpecification\",\"valueRequired\":true,\"valueName\":\"search_term_string\"}}],\"inLanguage\":\"es\"}]}<\/script>\n<!-- \/ Yoast SEO plugin. -->","yoast_head_json":{"title":"Industria y comercio - ARCHIVOS FOTOGR\u00c1FICOS","robots":{"index":"index","follow":"follow","max-snippet":"max-snippet:-1","max-image-preview":"max-image-preview:large","max-video-preview":"max-video-preview:-1"},"canonical":"https:\/\/dara.aragon.es\/dara\/archivosfotograficos\/temas\/industria-y-comercio\/","og_locale":"es_ES","og_type":"article","og_title":"Industria y comercio - ARCHIVOS FOTOGR\u00c1FICOS","og_description":"Los archivos aragoneses conservan im\u00e1genes que capturaron momentos clave en la hist\u00f3rica de Arag\u00f3n, es decir, dichas fotograf\u00edas documentan el progreso y los desaf\u00edos que han dado forma al panorama industrial y comercial de la regi\u00f3n. Se muestra f\u00e1bricas en plena actividad, trabajadores en sus labores cotidianas, mercados bulliciosos y calles comerciales llenas de vida.","og_url":"https:\/\/dara.aragon.es\/dara\/archivosfotograficos\/temas\/industria-y-comercio\/","og_site_name":"ARCHIVOS FOTOGR\u00c1FICOS","article_modified_time":"2025-10-27T06:46:36+00:00","og_image":[{"width":606,"height":576,"url":"https:\/\/dara.aragon.es\/dara\/archivosfotograficos\/wp-content\/uploads\/sites\/6\/2024\/04\/AHPZ_MF_REQUEJO_0030-102.jpg","type":"image\/jpeg"}],"twitter_card":"summary_large_image","twitter_misc":{"Tiempo de lectura":"3 minutos"},"schema":{"@context":"https:\/\/schema.org","@graph":[{"@type":"WebPage","@id":"https:\/\/dara.aragon.es\/dara\/archivosfotograficos\/temas\/industria-y-comercio\/","url":"https:\/\/dara.aragon.es\/dara\/archivosfotograficos\/temas\/industria-y-comercio\/","name":"Industria y comercio - ARCHIVOS FOTOGR\u00c1FICOS","isPartOf":{"@id":"https:\/\/dara.aragon.es\/dara\/archivosfotograficos\/#website"},"primaryImageOfPage":{"@id":"https:\/\/dara.aragon.es\/dara\/archivosfotograficos\/temas\/industria-y-comercio\/#primaryimage"},"image":{"@id":"https:\/\/dara.aragon.es\/dara\/archivosfotograficos\/temas\/industria-y-comercio\/#primaryimage"},"thumbnailUrl":"https:\/\/dara.aragon.es\/dara\/archivosfotograficos\/wp-content\/uploads\/sites\/6\/2024\/04\/AHPZ_MF_REQUEJO_0030-102.jpg","datePublished":"2024-05-08T08:57:21+00:00","dateModified":"2025-10-27T06:46:36+00:00","breadcrumb":{"@id":"https:\/\/dara.aragon.es\/dara\/archivosfotograficos\/temas\/industria-y-comercio\/#breadcrumb"},"inLanguage":"es","potentialAction":[{"@type":"ReadAction","target":["https:\/\/dara.aragon.es\/dara\/archivosfotograficos\/temas\/industria-y-comercio\/"]}]},{"@type":"ImageObject","inLanguage":"es","@id":"https:\/\/dara.aragon.es\/dara\/archivosfotograficos\/temas\/industria-y-comercio\/#primaryimage","url":"https:\/\/dara.aragon.es\/dara\/archivosfotograficos\/wp-content\/uploads\/sites\/6\/2024\/04\/AHPZ_MF_REQUEJO_0030-102.jpg","contentUrl":"https:\/\/dara.aragon.es\/dara\/archivosfotograficos\/wp-content\/uploads\/sites\/6\/2024\/04\/AHPZ_MF_REQUEJO_0030-102.jpg","width":606,"height":576,"caption":"Archivo Hist\u00f3rico Provincial de Zaragoza. Archivo fotogr\u00e1fico Julio Requejo. Documento audiovisual"},{"@type":"BreadcrumbList","@id":"https:\/\/dara.aragon.es\/dara\/archivosfotograficos\/temas\/industria-y-comercio\/#breadcrumb","itemListElement":[{"@type":"ListItem","position":1,"name":"Fotodara","item":"https:\/\/dara.aragon.es\/dara\/archivosfotograficos\/"},{"@type":"ListItem","position":2,"name":"Temas","item":"https:\/\/dara.aragon.es\/dara\/archivosfotograficos\/temas\/"},{"@type":"ListItem","position":3,"name":"Industria y comercio"}]},{"@type":"WebSite","@id":"https:\/\/dara.aragon.es\/dara\/archivosfotograficos\/#website","url":"https:\/\/dara.aragon.es\/dara\/archivosfotograficos\/","name":"ARCHIVOS FOTOGR\u00c1FICOS","description":"Otro sitio m\u00e1s de PORTALES DARA","potentialAction":[{"@type":"SearchAction","target":{"@type":"EntryPoint","urlTemplate":"https:\/\/dara.aragon.es\/dara\/archivosfotograficos\/?s={search_term_string}"},"query-input":{"@type":"PropertyValueSpecification","valueRequired":true,"valueName":"search_term_string"}}],"inLanguage":"es"}]}},"_links":{"self":[{"href":"https:\/\/dara.aragon.es\/dara\/archivosfotograficos\/wp-json\/wp\/v2\/pages\/3401","targetHints":{"allow":["GET"]}}],"collection":[{"href":"https:\/\/dara.aragon.es\/dara\/archivosfotograficos\/wp-json\/wp\/v2\/pages"}],"about":[{"href":"https:\/\/dara.aragon.es\/dara\/archivosfotograficos\/wp-json\/wp\/v2\/types\/page"}],"author":[{"embeddable":true,"href":"https:\/\/dara.aragon.es\/dara\/archivosfotograficos\/wp-json\/wp\/v2\/users\/31"}],"replies":[{"embeddable":true,"href":"https:\/\/dara.aragon.es\/dara\/archivosfotograficos\/wp-json\/wp\/v2\/comments?post=3401"}],"version-history":[{"count":47,"href":"https:\/\/dara.aragon.es\/dara\/archivosfotograficos\/wp-json\/wp\/v2\/pages\/3401\/revisions"}],"predecessor-version":[{"id":5534,"href":"https:\/\/dara.aragon.es\/dara\/archivosfotograficos\/wp-json\/wp\/v2\/pages\/3401\/revisions\/5534"}],"up":[{"embeddable":true,"href":"https:\/\/dara.aragon.es\/dara\/archivosfotograficos\/wp-json\/wp\/v2\/pages\/86"}],"wp:featuredmedia":[{"embeddable":true,"href":"https:\/\/dara.aragon.es\/dara\/archivosfotograficos\/wp-json\/wp\/v2\/media\/1597"}],"wp:attachment":[{"href":"https:\/\/dara.aragon.es\/dara\/archivosfotograficos\/wp-json\/wp\/v2\/media?parent=3401"}],"curies":[{"name":"wp","href":"https:\/\/api.w.org\/{rel}","templated":true}]}}