{"id":3539,"date":"2024-05-10T12:01:58","date_gmt":"2024-05-10T10:01:58","guid":{"rendered":"https:\/\/dara.aragon.es\/dara\/archivosfotograficos\/?page_id=3539"},"modified":"2025-10-27T14:43:27","modified_gmt":"2025-10-27T13:43:27","slug":"construcciones-y-auxiliar-de-ferrocarriles-caf","status":"publish","type":"page","link":"https:\/\/dara.aragon.es\/dara\/archivosfotograficos\/empresas-privadas\/construcciones-y-auxiliar-de-ferrocarriles-caf\/","title":{"rendered":"Construcciones y Auxiliar de Ferrocarriles (CAF)"},"content":{"rendered":"<p>[et_pb_section fb_built=\u00bb1&#8243; theme_builder_area=\u00bbpost_content\u00bb _builder_version=\u00bb4.27.4&#8243; _module_preset=\u00bbdefault\u00bb][et_pb_row _builder_version=\u00bb4.27.4&#8243; _module_preset=\u00bbdefault\u00bb theme_builder_area=\u00bbpost_content\u00bb column_structure=\u00bb3_4,1_4&#8243;][et_pb_column _builder_version=\u00bb4.27.4&#8243; _module_preset=\u00bbdefault\u00bb type=\u00bb3_4&#8243; theme_builder_area=\u00bbpost_content\u00bb][et_pb_text _builder_version=\u00bb4.20.2&#8243; _module_preset=\u00bbdefault\u00bb text_text_color=\u00bb#8F8F8F\u00bb text_font_size=\u00bb15px\u00bb width=\u00bb84%\u00bb custom_margin=\u00bb||||false|false\u00bb custom_padding=\u00bb||0px||false|false\u00bb global_colors_info=\u00bb{}\u00bb theme_builder_area=\u00bbpost_content\u00bb]<\/p>\n<h2 style=\"text-align: left;\"><span style=\"color: #0c71c3;\"><strong>ARCHIVO FOTOGR\u00c1FICO DE CONSTRUCCIONES Y AUXILIAR DE FERROCARRILES (CAF) (<span>1901-1975<\/span>)<\/strong><\/span><\/h2>\n<h3 style=\"text-align: left;\"><a href=\"https:\/\/dara.aragon.es\/dara\/archivosfotograficos\/archivo-historico-provincial-de-zaragoza\/\" target=\"_blank\" rel=\"noopener\"><span style=\"color: #2b2b2b;\">ARCHIVO HIST\u00d3RICO PROVINCIAL DE ZARAGOZA<\/span><\/a><\/h3>\n<p>[\/et_pb_text][et_pb_text _builder_version=\u00bb4.20.2&#8243; _module_preset=\u00bbdefault\u00bb global_colors_info=\u00bb{}\u00bb theme_builder_area=\u00bbpost_content\u00bb]<\/p>\n<p style=\"text-align: justify\"><span>Construcciones y Auxiliar de Ferrocarriles S.A. (CAF) es en estos momentos el quinto fabricante de ferrocarriles del mundo. Naci\u00f3 en 1895 gracias a la iniciativa de Gustavo Carde y Nicol\u00e1s Escoriaza que fundan la empresa <strong>Carde y Escoriaza<\/strong> dedicada a carpinter\u00eda mec\u00e1nica y fabricaci\u00f3n de material autom\u00f3vil. Entre los a\u00f1os 1895 y 1918 <strong>suministr\u00f3 tranv\u00edas<\/strong> para San Sebasti\u00e1n, Bilbao, C\u00e1diz, Madrid, Barcelona y otras muchas ciudades espa\u00f1olas. Asimismo, construy\u00f3 coches de metro para Madrid y <strong>diferentes automotores<\/strong> y coches remolcados. Hay documentaci\u00f3n sobre el tranv\u00eda tirado por caballos, aviones, trolebuses, ambulancias,\u00a0<em>Jeeps<\/em>\u00a0y hormigoneras, entre otros productos. <strong>En 1920<\/strong> se convierte en <strong>Material M\u00f3vil y Construcciones<\/strong>, siendo en 1954 cuando la CAF adquiere el control de la empresa. Entre los a\u00f1os <strong>1971 y 1992 naci\u00f3 CAF<\/strong>, tal y como hoy la conocemos, tras la fusi\u00f3n de la empresa original con la Compa\u00f1\u00eda Auxiliar de Ferrocarriles y se traslada a las instalaciones actuales de la Avenida de Catalu\u00f1a de Zaragoza. Despu\u00e9s llega su presencia en los mercados europeos, su consolidaci\u00f3n internacional y la creaci\u00f3n de empresas filiales.<\/span><\/p>\n<p style=\"text-align: justify\"><span>Por el Decreto 199\/2008, de 7 de octubre se acepta la cesi\u00f3n gratuita del Archivo Hist\u00f3rico de la empresa \u00abConstrucciones y Auxiliar de Ferrocarriles, S.A.\u00bb al Gobierno de Arag\u00f3n. Fondo que se deposit\u00f3 en el Archivo Hist\u00f3rico Provincial de Zaragoza el 23 de noviembre de 2009.<\/span><\/p>\n<p>[\/et_pb_text][et_pb_tabs _builder_version=\u00bb4.20.2&#8243; _module_preset=\u00bbdefault\u00bb global_colors_info=\u00bb{}\u00bb theme_builder_area=\u00bbpost_content\u00bb][et_pb_tab title=\u00bbVOLUMEN Y SOPORTE\u00bb _builder_version=\u00bb4.20.2&#8243; _module_preset=\u00bbdefault\u00bb global_colors_info=\u00bb{}\u00bb theme_builder_area=\u00bbpost_content\u00bb]<\/p>\n<p style=\"text-align: justify\">1.942 cajas<br \/>4.446 fotograf\u00edas<br \/>38.000 planos y dibujos<span><\/span><\/p>\n<p>[\/et_pb_tab][et_pb_tab title=\u00bbALCANCE Y CONTENIDO\u00bb _builder_version=\u00bb4.20.2&#8243; _module_preset=\u00bbdefault\u00bb global_colors_info=\u00bb{}\u00bb theme_builder_area=\u00bbpost_content\u00bb]<\/p>\n<p style=\"text-align: justify\"><span>El archivo hist\u00f3rico de la factor\u00eda de Zaragoza est\u00e1 compuesto por un fondo documental que recoge parte de la historia industrial de la construcci\u00f3n y comercializaci\u00f3n de veh\u00edculos sobre ra\u00edles (ferrocarriles, tranv\u00edas, metropolitanos) , no solo en Espa\u00f1a, sino tambi\u00e9n en Europa, en forma de documentos impresos, planos, fotograf\u00edas, microfilms y tarjetas perforadas. Ingresan un total de 644 proyectos, cada uno consta de anteproyecto y estudio; un fondo fotogr\u00e1fico constituido por placas fotogr\u00e1fica de vidrio y negativos y una colecci\u00f3n de fotograf\u00edas en papel. Tambi\u00e9n contiene un n\u00famero importante de planos y dibujos t\u00e9cnicos (copias de los incluidos en los proyectos). Por \u00faltimo forman parte del fondo microfilms y tarjetas perforadas con informaci\u00f3n sobre los proyectos desarrollados en la factor\u00eda de Beasain, en Guip\u00fazcoa, as\u00ed como fichas de clientes y de la realizaci\u00f3n de los planos de los delineantes de la factor\u00eda de Zaragoza, todo ello conservado en armarios met\u00e1licos. Igualmente se conservan, dendro del fondo donado al Archivo Hist\u00f3rico Provincial de Zaragoza un conjunto de dibujos art\u00edsticos relacionados con la decoraci\u00f3n de los interiores de los vagones de la primera mitad del siglo XX.<\/span><\/p>\n<p>[\/et_pb_tab][et_pb_tab title=\u00bbM\u00c1S INFORMACI\u00d3N\u00bb _builder_version=\u00bb4.20.2&#8243; _module_preset=\u00bbdefault\u00bb global_colors_info=\u00bb{}\u00bb theme_builder_area=\u00bbpost_content\u00bb]<\/p>\n<p style=\"text-align: justify\"><span>&#8211; IRANZO MU\u00d1\u00cdO, Mar\u00eda Teresa, \u00ab<\/span><a href=\"https:\/\/www.academia.edu\/7265729\/El_archivo_de_la_Oficina_T%C3%A9cnica_de_CAF\">El archivo de la Oficina T\u00e9cnica de la empresa \u00abConstrucciones y Auxiliar de Ferrocarriles, S.A.\u00bb un proyecto y un desaf\u00edo<\/a><span>\u00bb en\u00a0<\/span><em>V Jornadas de Archivo y Memoria. Extraordinarios y fuera de serie: formaci\u00f3n, conservaci\u00f3n y gesti\u00f3n de archivos personales<\/em><span>, Madrid, 2011.<\/span><\/p>\n<p>[\/et_pb_tab][\/et_pb_tabs][\/et_pb_column][et_pb_column _builder_version=\u00bb4.27.4&#8243; _module_preset=\u00bbdefault\u00bb type=\u00bb1_4&#8243; theme_builder_area=\u00bbpost_content\u00bb][et_pb_blurb title=\u00bbFondo completo\u00bb url=\u00bbhttps:\/\/dara.aragon.es\/opac\/app\/results\/arfo?p=0&#038;in=%22Construcciones+y+Auxiliar+de+Ferrocarriles+%28CAF%29%22&#038;vm=mv&#038;ft=archive:1&#8243; url_new_window=\u00bbon\u00bb use_icon=\u00bbon\u00bb font_icon=\u00bb&#x55;||divi||400&#8243; icon_placement=\u00bbleft\u00bb image_icon_width=\u00bb30px\u00bb _builder_version=\u00bb4.27.4&#8243; _module_preset=\u00bb1ea53d41-9439-472c-8d8b-7bddb3bf9444&#8243; body_line_height=\u00bb1.3em\u00bb image_icon_custom_margin=\u00bb0px||||false|false\u00bb image_icon_custom_padding=\u00bb0px||0px||false|false\u00bb custom_margin=\u00bb||||false|false\u00bb custom_padding=\u00bb0px||||false|false\u00bb link_option_url=\u00bbhttps:\/\/dara.aragon.es\/opac\/app\/results\/arfo?p=0&#038;in=%22Construcciones+y+Auxiliar+de+Ferrocarriles+%28CAF%29%22&#038;vm=mv&#038;ft=archive:1&#8243; link_option_url_new_window=\u00bbon\u00bb hover_enabled=\u00bb0&#8243; locked=\u00bboff\u00bb global_colors_info=\u00bb{%22#0e0c19%22:%91%22header_text_color%22,%22header_text_color%22%93,%22#ffc300%22:%91%22icon_color%22,%22icon_color%22%93,%22#3c3a47%22:%91%22body_text_color%22%93}\u00bb theme_builder_area=\u00bbpost_content\u00bb sticky_enabled=\u00bb0&#8243;]<\/p>\n<p>3.145 fotograf\u00edas<\/p>\n<p>[\/et_pb_blurb][et_pb_text _builder_version=\u00bb4.20.2&#8243; _module_preset=\u00bbdefault\u00bb custom_margin=\u00bb||||false|false\u00bb link_option_url=\u00bbhttps:\/\/www.google.com\/maps\/place\/Archivo+Hist%C3%B3rico+Provincial+de+Zaragoza\/@41.6543511,-0.87644,15z\/data=!4m14!1m7!3m6!1s0xd5914f26e1f0de7:0x3fd79b3efa663edf!2sArchivo+Hist%C3%B3rico+Provincial+de+Zaragoza!8m2!3d41.6543511!4d-0.87644!16s%2Fg%2F11cr_hl854!3m5!1s0xd5914f26e1f0de7:0x3fd79b3efa663edf!8m2!3d41.6543511!4d-0.87644!16s%2Fg%2F11cr_hl854?entry=ttu\u00bb global_colors_info=\u00bb{}\u00bb theme_builder_area=\u00bbpost_content\u00bb]<\/p>\n<p><img loading=\"lazy\" decoding=\"async\" src=\"https:\/\/dara.aragon.es\/dara\/archivosfotograficos\/wp-content\/uploads\/sites\/6\/2024\/03\/Mapa-AHPZ.png\" width=\"1300\" height=\"676\" alt=\"\" class=\"wp-image-1255 alignnone size-full\" srcset=\"https:\/\/dara.aragon.es\/dara\/archivosfotograficos\/wp-content\/uploads\/sites\/6\/2024\/03\/Mapa-AHPZ.png 1300w, https:\/\/dara.aragon.es\/dara\/archivosfotograficos\/wp-content\/uploads\/sites\/6\/2024\/03\/Mapa-AHPZ-1280x666.png 1280w, https:\/\/dara.aragon.es\/dara\/archivosfotograficos\/wp-content\/uploads\/sites\/6\/2024\/03\/Mapa-AHPZ-980x510.png 980w, https:\/\/dara.aragon.es\/dara\/archivosfotograficos\/wp-content\/uploads\/sites\/6\/2024\/03\/Mapa-AHPZ-480x250.png 480w\" sizes=\"(min-width: 0px) and (max-width: 480px) 480px, (min-width: 481px) and (max-width: 980px) 980px, (min-width: 981px) and (max-width: 1280px) 1280px, (min-width: 1281px) 1300px, 100vw\" \/><\/p>\n<p><strong>Direcci\u00f3n:<\/strong><br \/><span>C\/ Diego Dormer, n.\u00ba 6-8, 50001, Zaragoza<\/span><br \/><strong>Tel\u00e9fono de contacto:<\/strong><br \/><span style=\"color: #ff9900\">(34) 976 397 566<\/span><br \/><span style=\"color: #ff9900\">FAX: 976 397 507<\/span><span><\/span><br \/><strong>E-mail:<\/strong><br \/><span>ahpz@aragon.es<\/span><br \/><strong>Sitio web:<\/strong><br \/><a href=\"https:\/\/culturadearagon.es\/archivos\/archivo-historico-provincial-de-zaragoza\/\" target=\"_blank\" rel=\"noopener\">web del archivo<\/a><\/p>\n<p>[\/et_pb_text][et_pb_social_media_follow _builder_version=\u00bb4.20.2&#8243; _module_preset=\u00bbdefault\u00bb custom_margin=\u00bb||||false|false\u00bb custom_padding=\u00bb0px|||||\u00bb global_colors_info=\u00bb{}\u00bb theme_builder_area=\u00bbpost_content\u00bb][et_pb_social_media_follow_network social_network=\u00bbfacebook\u00bb url=\u00bbhttps:\/\/www.facebook.com\/ahpzaragoza\u00bb _builder_version=\u00bb4.20.2&#8243; _module_preset=\u00bbdefault\u00bb background_color=\u00bb#3b5998&#8243; global_colors_info=\u00bb{}\u00bb theme_builder_area=\u00bbpost_content\u00bb follow_button=\u00bboff\u00bb url_new_window=\u00bbon\u00bb]facebook[\/et_pb_social_media_follow_network][et_pb_social_media_follow_network social_network=\u00bbtwitter\u00bb url=\u00bbhttps:\/\/twitter.com\/AhpZaragoza\u00bb _builder_version=\u00bb4.22.2&#8243; _module_preset=\u00bbdefault\u00bb background_color=\u00bb#000000&#8243; global_colors_info=\u00bb{}\u00bb theme_builder_area=\u00bbpost_content\u00bb follow_button=\u00bboff\u00bb url_new_window=\u00bbon\u00bb]twitter[\/et_pb_social_media_follow_network][et_pb_social_media_follow_network social_network=\u00bbinstagram\u00bb url=\u00bbhttps:\/\/www.instagram.com\/ahpzaragoza\/\u00bb _builder_version=\u00bb4.20.2&#8243; _module_preset=\u00bbdefault\u00bb background_color=\u00bb#ea2c59&#8243; global_colors_info=\u00bb{}\u00bb theme_builder_area=\u00bbpost_content\u00bb follow_button=\u00bboff\u00bb url_new_window=\u00bbon\u00bb]instagram[\/et_pb_social_media_follow_network][\/et_pb_social_media_follow][et_pb_image src=\u00bbhttps:\/\/dara.aragon.es\/dara\/archivosfotograficos\/wp-content\/uploads\/sites\/6\/2025\/10\/CAF.jpg\u00bb _builder_version=\u00bb4.27.4&#8243; _module_preset=\u00bbdefault\u00bb theme_builder_area=\u00bbpost_content\u00bb title_text=\u00bbCAF\u00bb hover_enabled=\u00bb0&#8243; sticky_enabled=\u00bb0&#8243;][\/et_pb_image][\/et_pb_column][\/et_pb_row][\/et_pb_section]<\/p>\n","protected":false},"excerpt":{"rendered":"<p>ARCHIVO FOTOGR\u00c1FICO DE CONSTRUCCIONES Y AUXILIAR DE FERROCARRILES (CAF) (1901-1975) ARCHIVO HIST\u00d3RICO PROVINCIAL DE ZARAGOZAConstrucciones y Auxiliar de Ferrocarriles S.A. (CAF) es en estos momentos el quinto fabricante de ferrocarriles del mundo. Naci\u00f3 en 1895 gracias a la iniciativa de Gustavo Carde y Nicol\u00e1s Escoriaza que fundan la empresa Carde y Escoriaza dedicada a carpinter\u00eda [&hellip;]<\/p>\n","protected":false},"author":31,"featured_media":369,"parent":3151,"menu_order":0,"comment_status":"closed","ping_status":"closed","template":"","meta":{"_et_pb_use_builder":"on","_et_pb_old_content":"","_et_gb_content_width":"","footnotes":""},"class_list":["post-3539","page","type-page","status-publish","has-post-thumbnail","hentry"],"yoast_head":"<!-- This site is optimized with the Yoast SEO plugin v26.2 - https:\/\/yoast.com\/wordpress\/plugins\/seo\/ -->\n<title>Construcciones y Auxiliar de Ferrocarriles (CAF) - ARCHIVOS FOTOGR\u00c1FICOS<\/title>\n<meta name=\"robots\" content=\"index, follow, max-snippet:-1, max-image-preview:large, max-video-preview:-1\" \/>\n<link rel=\"canonical\" href=\"https:\/\/dara.aragon.es\/dara\/archivosfotograficos\/empresas-privadas\/construcciones-y-auxiliar-de-ferrocarriles-caf\/\" \/>\n<meta property=\"og:locale\" content=\"es_ES\" \/>\n<meta property=\"og:type\" content=\"article\" \/>\n<meta property=\"og:title\" content=\"Construcciones y Auxiliar de Ferrocarriles (CAF) - ARCHIVOS FOTOGR\u00c1FICOS\" \/>\n<meta property=\"og:description\" content=\"ARCHIVO FOTOGR\u00c1FICO DE CONSTRUCCIONES Y AUXILIAR DE FERROCARRILES (CAF) (1901-1975) ARCHIVO HIST\u00d3RICO PROVINCIAL DE ZARAGOZAConstrucciones y Auxiliar de Ferrocarriles S.A. (CAF) es en estos momentos el quinto fabricante de ferrocarriles del mundo. Naci\u00f3 en 1895 gracias a la iniciativa de Gustavo Carde y Nicol\u00e1s Escoriaza que fundan la empresa Carde y Escoriaza dedicada a carpinter\u00eda [&hellip;]\" \/>\n<meta property=\"og:url\" content=\"https:\/\/dara.aragon.es\/dara\/archivosfotograficos\/empresas-privadas\/construcciones-y-auxiliar-de-ferrocarriles-caf\/\" \/>\n<meta property=\"og:site_name\" content=\"ARCHIVOS FOTOGR\u00c1FICOS\" \/>\n<meta property=\"article:modified_time\" content=\"2025-10-27T13:43:27+00:00\" \/>\n<meta property=\"og:image\" content=\"https:\/\/dara.aragon.es\/dara\/archivosfotograficos\/wp-content\/uploads\/sites\/6\/2024\/02\/caf.jpg\" \/>\n\t<meta property=\"og:image:width\" content=\"400\" \/>\n\t<meta property=\"og:image:height\" content=\"400\" \/>\n\t<meta property=\"og:image:type\" content=\"image\/jpeg\" \/>\n<meta name=\"twitter:card\" content=\"summary_large_image\" \/>\n<meta name=\"twitter:label1\" content=\"Tiempo de lectura\" \/>\n\t<meta name=\"twitter:data1\" content=\"6 minutos\" \/>\n<script type=\"application\/ld+json\" class=\"yoast-schema-graph\">{\"@context\":\"https:\/\/schema.org\",\"@graph\":[{\"@type\":\"WebPage\",\"@id\":\"https:\/\/dara.aragon.es\/dara\/archivosfotograficos\/empresas-privadas\/construcciones-y-auxiliar-de-ferrocarriles-caf\/\",\"url\":\"https:\/\/dara.aragon.es\/dara\/archivosfotograficos\/empresas-privadas\/construcciones-y-auxiliar-de-ferrocarriles-caf\/\",\"name\":\"Construcciones y Auxiliar de Ferrocarriles (CAF) - ARCHIVOS FOTOGR\u00c1FICOS\",\"isPartOf\":{\"@id\":\"https:\/\/dara.aragon.es\/dara\/archivosfotograficos\/#website\"},\"primaryImageOfPage\":{\"@id\":\"https:\/\/dara.aragon.es\/dara\/archivosfotograficos\/empresas-privadas\/construcciones-y-auxiliar-de-ferrocarriles-caf\/#primaryimage\"},\"image\":{\"@id\":\"https:\/\/dara.aragon.es\/dara\/archivosfotograficos\/empresas-privadas\/construcciones-y-auxiliar-de-ferrocarriles-caf\/#primaryimage\"},\"thumbnailUrl\":\"https:\/\/dara.aragon.es\/dara\/archivosfotograficos\/wp-content\/uploads\/sites\/6\/2024\/02\/caf.jpg\",\"datePublished\":\"2024-05-10T10:01:58+00:00\",\"dateModified\":\"2025-10-27T13:43:27+00:00\",\"breadcrumb\":{\"@id\":\"https:\/\/dara.aragon.es\/dara\/archivosfotograficos\/empresas-privadas\/construcciones-y-auxiliar-de-ferrocarriles-caf\/#breadcrumb\"},\"inLanguage\":\"es\",\"potentialAction\":[{\"@type\":\"ReadAction\",\"target\":[\"https:\/\/dara.aragon.es\/dara\/archivosfotograficos\/empresas-privadas\/construcciones-y-auxiliar-de-ferrocarriles-caf\/\"]}]},{\"@type\":\"ImageObject\",\"inLanguage\":\"es\",\"@id\":\"https:\/\/dara.aragon.es\/dara\/archivosfotograficos\/empresas-privadas\/construcciones-y-auxiliar-de-ferrocarriles-caf\/#primaryimage\",\"url\":\"https:\/\/dara.aragon.es\/dara\/archivosfotograficos\/wp-content\/uploads\/sites\/6\/2024\/02\/caf.jpg\",\"contentUrl\":\"https:\/\/dara.aragon.es\/dara\/archivosfotograficos\/wp-content\/uploads\/sites\/6\/2024\/02\/caf.jpg\",\"width\":400,\"height\":400},{\"@type\":\"BreadcrumbList\",\"@id\":\"https:\/\/dara.aragon.es\/dara\/archivosfotograficos\/empresas-privadas\/construcciones-y-auxiliar-de-ferrocarriles-caf\/#breadcrumb\",\"itemListElement\":[{\"@type\":\"ListItem\",\"position\":1,\"name\":\"Fotodara\",\"item\":\"https:\/\/dara.aragon.es\/dara\/archivosfotograficos\/\"},{\"@type\":\"ListItem\",\"position\":2,\"name\":\"Empresas\",\"item\":\"https:\/\/dara.aragon.es\/dara\/archivosfotograficos\/empresas-privadas\/\"},{\"@type\":\"ListItem\",\"position\":3,\"name\":\"Construcciones y Auxiliar de Ferrocarriles (CAF)\"}]},{\"@type\":\"WebSite\",\"@id\":\"https:\/\/dara.aragon.es\/dara\/archivosfotograficos\/#website\",\"url\":\"https:\/\/dara.aragon.es\/dara\/archivosfotograficos\/\",\"name\":\"ARCHIVOS FOTOGR\u00c1FICOS\",\"description\":\"Otro sitio m\u00e1s de PORTALES DARA\",\"potentialAction\":[{\"@type\":\"SearchAction\",\"target\":{\"@type\":\"EntryPoint\",\"urlTemplate\":\"https:\/\/dara.aragon.es\/dara\/archivosfotograficos\/?s={search_term_string}\"},\"query-input\":{\"@type\":\"PropertyValueSpecification\",\"valueRequired\":true,\"valueName\":\"search_term_string\"}}],\"inLanguage\":\"es\"}]}<\/script>\n<!-- \/ Yoast SEO plugin. -->","yoast_head_json":{"title":"Construcciones y Auxiliar de Ferrocarriles (CAF) - ARCHIVOS FOTOGR\u00c1FICOS","robots":{"index":"index","follow":"follow","max-snippet":"max-snippet:-1","max-image-preview":"max-image-preview:large","max-video-preview":"max-video-preview:-1"},"canonical":"https:\/\/dara.aragon.es\/dara\/archivosfotograficos\/empresas-privadas\/construcciones-y-auxiliar-de-ferrocarriles-caf\/","og_locale":"es_ES","og_type":"article","og_title":"Construcciones y Auxiliar de Ferrocarriles (CAF) - ARCHIVOS FOTOGR\u00c1FICOS","og_description":"ARCHIVO FOTOGR\u00c1FICO DE CONSTRUCCIONES Y AUXILIAR DE FERROCARRILES (CAF) (1901-1975) ARCHIVO HIST\u00d3RICO PROVINCIAL DE ZARAGOZAConstrucciones y Auxiliar de Ferrocarriles S.A. (CAF) es en estos momentos el quinto fabricante de ferrocarriles del mundo. Naci\u00f3 en 1895 gracias a la iniciativa de Gustavo Carde y Nicol\u00e1s Escoriaza que fundan la empresa Carde y Escoriaza dedicada a carpinter\u00eda [&hellip;]","og_url":"https:\/\/dara.aragon.es\/dara\/archivosfotograficos\/empresas-privadas\/construcciones-y-auxiliar-de-ferrocarriles-caf\/","og_site_name":"ARCHIVOS FOTOGR\u00c1FICOS","article_modified_time":"2025-10-27T13:43:27+00:00","og_image":[{"width":400,"height":400,"url":"https:\/\/dara.aragon.es\/dara\/archivosfotograficos\/wp-content\/uploads\/sites\/6\/2024\/02\/caf.jpg","type":"image\/jpeg"}],"twitter_card":"summary_large_image","twitter_misc":{"Tiempo de lectura":"6 minutos"},"schema":{"@context":"https:\/\/schema.org","@graph":[{"@type":"WebPage","@id":"https:\/\/dara.aragon.es\/dara\/archivosfotograficos\/empresas-privadas\/construcciones-y-auxiliar-de-ferrocarriles-caf\/","url":"https:\/\/dara.aragon.es\/dara\/archivosfotograficos\/empresas-privadas\/construcciones-y-auxiliar-de-ferrocarriles-caf\/","name":"Construcciones y Auxiliar de Ferrocarriles (CAF) - ARCHIVOS FOTOGR\u00c1FICOS","isPartOf":{"@id":"https:\/\/dara.aragon.es\/dara\/archivosfotograficos\/#website"},"primaryImageOfPage":{"@id":"https:\/\/dara.aragon.es\/dara\/archivosfotograficos\/empresas-privadas\/construcciones-y-auxiliar-de-ferrocarriles-caf\/#primaryimage"},"image":{"@id":"https:\/\/dara.aragon.es\/dara\/archivosfotograficos\/empresas-privadas\/construcciones-y-auxiliar-de-ferrocarriles-caf\/#primaryimage"},"thumbnailUrl":"https:\/\/dara.aragon.es\/dara\/archivosfotograficos\/wp-content\/uploads\/sites\/6\/2024\/02\/caf.jpg","datePublished":"2024-05-10T10:01:58+00:00","dateModified":"2025-10-27T13:43:27+00:00","breadcrumb":{"@id":"https:\/\/dara.aragon.es\/dara\/archivosfotograficos\/empresas-privadas\/construcciones-y-auxiliar-de-ferrocarriles-caf\/#breadcrumb"},"inLanguage":"es","potentialAction":[{"@type":"ReadAction","target":["https:\/\/dara.aragon.es\/dara\/archivosfotograficos\/empresas-privadas\/construcciones-y-auxiliar-de-ferrocarriles-caf\/"]}]},{"@type":"ImageObject","inLanguage":"es","@id":"https:\/\/dara.aragon.es\/dara\/archivosfotograficos\/empresas-privadas\/construcciones-y-auxiliar-de-ferrocarriles-caf\/#primaryimage","url":"https:\/\/dara.aragon.es\/dara\/archivosfotograficos\/wp-content\/uploads\/sites\/6\/2024\/02\/caf.jpg","contentUrl":"https:\/\/dara.aragon.es\/dara\/archivosfotograficos\/wp-content\/uploads\/sites\/6\/2024\/02\/caf.jpg","width":400,"height":400},{"@type":"BreadcrumbList","@id":"https:\/\/dara.aragon.es\/dara\/archivosfotograficos\/empresas-privadas\/construcciones-y-auxiliar-de-ferrocarriles-caf\/#breadcrumb","itemListElement":[{"@type":"ListItem","position":1,"name":"Fotodara","item":"https:\/\/dara.aragon.es\/dara\/archivosfotograficos\/"},{"@type":"ListItem","position":2,"name":"Empresas","item":"https:\/\/dara.aragon.es\/dara\/archivosfotograficos\/empresas-privadas\/"},{"@type":"ListItem","position":3,"name":"Construcciones y Auxiliar de Ferrocarriles (CAF)"}]},{"@type":"WebSite","@id":"https:\/\/dara.aragon.es\/dara\/archivosfotograficos\/#website","url":"https:\/\/dara.aragon.es\/dara\/archivosfotograficos\/","name":"ARCHIVOS FOTOGR\u00c1FICOS","description":"Otro sitio m\u00e1s de PORTALES DARA","potentialAction":[{"@type":"SearchAction","target":{"@type":"EntryPoint","urlTemplate":"https:\/\/dara.aragon.es\/dara\/archivosfotograficos\/?s={search_term_string}"},"query-input":{"@type":"PropertyValueSpecification","valueRequired":true,"valueName":"search_term_string"}}],"inLanguage":"es"}]}},"_links":{"self":[{"href":"https:\/\/dara.aragon.es\/dara\/archivosfotograficos\/wp-json\/wp\/v2\/pages\/3539","targetHints":{"allow":["GET"]}}],"collection":[{"href":"https:\/\/dara.aragon.es\/dara\/archivosfotograficos\/wp-json\/wp\/v2\/pages"}],"about":[{"href":"https:\/\/dara.aragon.es\/dara\/archivosfotograficos\/wp-json\/wp\/v2\/types\/page"}],"author":[{"embeddable":true,"href":"https:\/\/dara.aragon.es\/dara\/archivosfotograficos\/wp-json\/wp\/v2\/users\/31"}],"replies":[{"embeddable":true,"href":"https:\/\/dara.aragon.es\/dara\/archivosfotograficos\/wp-json\/wp\/v2\/comments?post=3539"}],"version-history":[{"count":17,"href":"https:\/\/dara.aragon.es\/dara\/archivosfotograficos\/wp-json\/wp\/v2\/pages\/3539\/revisions"}],"predecessor-version":[{"id":5719,"href":"https:\/\/dara.aragon.es\/dara\/archivosfotograficos\/wp-json\/wp\/v2\/pages\/3539\/revisions\/5719"}],"up":[{"embeddable":true,"href":"https:\/\/dara.aragon.es\/dara\/archivosfotograficos\/wp-json\/wp\/v2\/pages\/3151"}],"wp:featuredmedia":[{"embeddable":true,"href":"https:\/\/dara.aragon.es\/dara\/archivosfotograficos\/wp-json\/wp\/v2\/media\/369"}],"wp:attachment":[{"href":"https:\/\/dara.aragon.es\/dara\/archivosfotograficos\/wp-json\/wp\/v2\/media?parent=3539"}],"curies":[{"name":"wp","href":"https:\/\/api.w.org\/{rel}","templated":true}]}}