{"id":3550,"date":"2024-05-10T12:11:12","date_gmt":"2024-05-10T10:11:12","guid":{"rendered":"https:\/\/dara.aragon.es\/dara\/archivosfotograficos\/?page_id=3550"},"modified":"2025-10-27T15:09:39","modified_gmt":"2025-10-27T14:09:39","slug":"fabricas-tudor","status":"publish","type":"page","link":"https:\/\/dara.aragon.es\/dara\/archivosfotograficos\/empresas-privadas\/fabricas-tudor\/","title":{"rendered":"F\u00e1bricas Tudor"},"content":{"rendered":"<p>[et_pb_section fb_built=\u00bb1&#8243; theme_builder_area=\u00bbpost_content\u00bb _builder_version=\u00bb4.27.4&#8243; _module_preset=\u00bbdefault\u00bb][et_pb_row _builder_version=\u00bb4.27.4&#8243; _module_preset=\u00bbdefault\u00bb theme_builder_area=\u00bbpost_content\u00bb column_structure=\u00bb3_4,1_4&#8243;][et_pb_column _builder_version=\u00bb4.27.4&#8243; _module_preset=\u00bbdefault\u00bb type=\u00bb3_4&#8243; theme_builder_area=\u00bbpost_content\u00bb][et_pb_text _builder_version=\u00bb4.20.2&#8243; _module_preset=\u00bbdefault\u00bb global_colors_info=\u00bb{}\u00bb theme_builder_area=\u00bbpost_content\u00bb]<\/p>\n<h2 style=\"text-align: left\"><span style=\"color: #0c71c3\"><strong>ARCHIVO FOTOGR\u00c1FICO DE LA SOCIEDAD ESPA\u00d1OLA DEL ACUMULADOR TUDOR, S.A. (<span>1935-1945<\/span>)<\/strong><\/span><\/h2>\n<h3 style=\"text-align: left\"><a href=\"https:\/\/dara.aragon.es\/dara\/archivosfotograficos\/archivo-historico-provincial-de-zaragoza\/\" target=\"_blank\" rel=\"noopener\"><span style=\"color: #2b2b2b\">ARCHIVO HIST\u00d3RICO PROVINCIAL DE ZARAGOZA<\/span><\/a><\/h3>\n<p>[\/et_pb_text][et_pb_text _builder_version=\u00bb4.20.2&#8243; _module_preset=\u00bbdefault\u00bb global_colors_info=\u00bb{}\u00bb theme_builder_area=\u00bbpost_content\u00bb]<\/p>\n<p style=\"text-align: justify;\">La Sociedad Espa\u00f1ola del Acumulador Tudor, S.A. fue fundada por el banquero suizo Lucien Gustave Cell\u00e9rier en 1897. Inici\u00f3 su andadura con la <strong>producci\u00f3n de baterias<\/strong> en la antigua f\u00e1brica de harinas de Zaragoza, conocida como <strong>\u00abLa Pilar\u00bb<\/strong>.\u00a0Debido al creciente desarrollo del sector del autom\u00f3vil, la empresa se traslad\u00f3 a Avenida de Navarra.<\/p>\n<p style=\"text-align: justify;\">El fondo fotogr\u00e1fico fue donado al Archivo Hist\u00f3rico Provincial de Zaragoza por la actual empresa.<\/p>\n<p>[\/et_pb_text][et_pb_tabs _builder_version=\u00bb4.20.2&#8243; _module_preset=\u00bbdefault\u00bb global_colors_info=\u00bb{}\u00bb theme_builder_area=\u00bbpost_content\u00bb][et_pb_tab title=\u00bbVOLUMEN Y SOPORTE\u00bb _builder_version=\u00bb4.20.2&#8243; _module_preset=\u00bbdefault\u00bb global_colors_info=\u00bb{}\u00bb theme_builder_area=\u00bbpost_content\u00bb]<\/p>\n<p style=\"text-align: justify\">4 \u00e1lbumes<br \/>203 fotograf\u00edas<span><\/span><\/p>\n<p>[\/et_pb_tab][et_pb_tab title=\u00bbALCANCE Y CONTENIDO\u00bb _builder_version=\u00bb4.20.2&#8243; _module_preset=\u00bbdefault\u00bb global_colors_info=\u00bb{}\u00bb theme_builder_area=\u00bbpost_content\u00bb]<\/p>\n<p style=\"text-align: justify\"><span>Reportajes fotogr\u00e1ficos de las instalaciones de la F\u00e1brica Tudor en la ciudad de Zaragoza, en su primitiva instalaci\u00f3n en el barrio de San Jos\u00e9 y en la m\u00e1s moderna de la Avenida de Navarra. En las fotograf\u00edas se reproducen tanto las zonas interiores: las naves de producci\u00f3n, laboratorios, despachos y oficinas como los exteriores de las f\u00e1bricas y los trabajadores, hombres y mujeres, en distintas situaciones conmemorativas.<\/span><\/p>\n<p>[\/et_pb_tab][et_pb_tab title=\u00bbM\u00c1S INFORMACI\u00d3N\u00bb _builder_version=\u00bb4.20.2&#8243; _module_preset=\u00bbdefault\u00bb global_colors_info=\u00bb{}\u00bb theme_builder_area=\u00bbpost_content\u00bb][\/et_pb_tab][\/et_pb_tabs][\/et_pb_column][et_pb_column _builder_version=\u00bb4.27.4&#8243; _module_preset=\u00bbdefault\u00bb type=\u00bb1_4&#8243; theme_builder_area=\u00bbpost_content\u00bb][et_pb_blurb title=\u00bbFondo completo\u00bb url=\u00bbhttps:\/\/dara.aragon.es\/opac\/app\/results\/arfo?p=0&#038;in=%22Sociedad+Espa%C3%B1ola+del+Acumulador+Tudor%22&#038;vm=mv&#038;ft=archive:1&#8243; url_new_window=\u00bbon\u00bb use_icon=\u00bbon\u00bb font_icon=\u00bb&#x55;||divi||400&#8243; icon_placement=\u00bbleft\u00bb image_icon_width=\u00bb30px\u00bb _builder_version=\u00bb4.27.4&#8243; _module_preset=\u00bb1ea53d41-9439-472c-8d8b-7bddb3bf9444&#8243; body_line_height=\u00bb1.3em\u00bb image_icon_custom_margin=\u00bb0px||||false|false\u00bb image_icon_custom_padding=\u00bb0px||0px||false|false\u00bb custom_margin=\u00bb||||false|false\u00bb custom_padding=\u00bb0px||||false|false\u00bb link_option_url=\u00bbhttps:\/\/dara.aragon.es\/opac\/app\/results\/arfo?p=0&#038;in=%22Sociedad+Espa%C3%B1ola+del+Acumulador+Tudor%22&#038;vm=mv&#038;ft=archive:1&#8243; link_option_url_new_window=\u00bbon\u00bb hover_enabled=\u00bb0&#8243; locked=\u00bboff\u00bb global_colors_info=\u00bb{%22#0e0c19%22:%91%22header_text_color%22,%22header_text_color%22%93,%22#ffc300%22:%91%22icon_color%22,%22icon_color%22%93,%22#3c3a47%22:%91%22body_text_color%22%93}\u00bb theme_builder_area=\u00bbpost_content\u00bb sticky_enabled=\u00bb0&#8243;]<\/p>\n<p>200 fotograf\u00edas<\/p>\n<p>[\/et_pb_blurb][et_pb_text _builder_version=\u00bb4.20.2&#8243; _module_preset=\u00bbdefault\u00bb custom_margin=\u00bb||||false|false\u00bb link_option_url=\u00bbhttps:\/\/www.google.com\/maps\/place\/Archivo+Hist%C3%B3rico+Provincial+de+Zaragoza\/@41.6543511,-0.87644,15z\/data=!4m14!1m7!3m6!1s0xd5914f26e1f0de7:0x3fd79b3efa663edf!2sArchivo+Hist%C3%B3rico+Provincial+de+Zaragoza!8m2!3d41.6543511!4d-0.87644!16s%2Fg%2F11cr_hl854!3m5!1s0xd5914f26e1f0de7:0x3fd79b3efa663edf!8m2!3d41.6543511!4d-0.87644!16s%2Fg%2F11cr_hl854?entry=ttu\u00bb global_colors_info=\u00bb{}\u00bb theme_builder_area=\u00bbpost_content\u00bb]<\/p>\n<p><img loading=\"lazy\" decoding=\"async\" src=\"https:\/\/dara.aragon.es\/dara\/archivosfotograficos\/wp-content\/uploads\/sites\/6\/2024\/03\/Mapa-AHPZ.png\" width=\"1300\" height=\"676\" alt=\"\" class=\"wp-image-1255 alignnone size-full\" srcset=\"https:\/\/dara.aragon.es\/dara\/archivosfotograficos\/wp-content\/uploads\/sites\/6\/2024\/03\/Mapa-AHPZ.png 1300w, https:\/\/dara.aragon.es\/dara\/archivosfotograficos\/wp-content\/uploads\/sites\/6\/2024\/03\/Mapa-AHPZ-1280x666.png 1280w, https:\/\/dara.aragon.es\/dara\/archivosfotograficos\/wp-content\/uploads\/sites\/6\/2024\/03\/Mapa-AHPZ-980x510.png 980w, https:\/\/dara.aragon.es\/dara\/archivosfotograficos\/wp-content\/uploads\/sites\/6\/2024\/03\/Mapa-AHPZ-480x250.png 480w\" sizes=\"(min-width: 0px) and (max-width: 480px) 480px, (min-width: 481px) and (max-width: 980px) 980px, (min-width: 981px) and (max-width: 1280px) 1280px, (min-width: 1281px) 1300px, 100vw\" \/><\/p>\n<p><strong>Direcci\u00f3n:<\/strong><br \/><span>C\/ Diego Dormer, n.\u00ba 6-8, 50001, Zaragoza<\/span><br \/><strong>Tel\u00e9fono de contacto:<\/strong><br \/><span style=\"color: #ff9900\">(34) 976 397 566<\/span><br \/><span style=\"color: #ff9900\">FAX: 976 397 507<\/span><span><\/span><br \/><strong>E-mail:<\/strong><br \/><span>ahpz@aragon.es<\/span><br \/><strong>Sitio web:<\/strong><br \/><a href=\"https:\/\/culturadearagon.es\/archivos\/archivo-historico-provincial-de-zaragoza\/\" target=\"_blank\" rel=\"noopener\">web del archivo<\/a><\/p>\n<p>[\/et_pb_text][et_pb_social_media_follow _builder_version=\u00bb4.20.2&#8243; _module_preset=\u00bbdefault\u00bb custom_margin=\u00bb||||false|false\u00bb custom_padding=\u00bb0px|||||\u00bb global_colors_info=\u00bb{}\u00bb theme_builder_area=\u00bbpost_content\u00bb][et_pb_social_media_follow_network social_network=\u00bbfacebook\u00bb url=\u00bbhttps:\/\/www.facebook.com\/ahpzaragoza\u00bb _builder_version=\u00bb4.20.2&#8243; _module_preset=\u00bbdefault\u00bb background_color=\u00bb#3b5998&#8243; global_colors_info=\u00bb{}\u00bb theme_builder_area=\u00bbpost_content\u00bb follow_button=\u00bboff\u00bb url_new_window=\u00bbon\u00bb]facebook[\/et_pb_social_media_follow_network][et_pb_social_media_follow_network social_network=\u00bbtwitter\u00bb url=\u00bbhttps:\/\/twitter.com\/AhpZaragoza\u00bb _builder_version=\u00bb4.22.2&#8243; _module_preset=\u00bbdefault\u00bb background_color=\u00bb#000000&#8243; global_colors_info=\u00bb{}\u00bb theme_builder_area=\u00bbpost_content\u00bb follow_button=\u00bboff\u00bb url_new_window=\u00bbon\u00bb]twitter[\/et_pb_social_media_follow_network][et_pb_social_media_follow_network social_network=\u00bbinstagram\u00bb url=\u00bbhttps:\/\/www.instagram.com\/ahpzaragoza\/\u00bb _builder_version=\u00bb4.20.2&#8243; _module_preset=\u00bbdefault\u00bb background_color=\u00bb#ea2c59&#8243; global_colors_info=\u00bb{}\u00bb theme_builder_area=\u00bbpost_content\u00bb follow_button=\u00bboff\u00bb url_new_window=\u00bbon\u00bb]instagram[\/et_pb_social_media_follow_network][\/et_pb_social_media_follow][et_pb_image src=\u00bbhttps:\/\/dara.aragon.es\/dara\/archivosfotograficos\/wp-content\/uploads\/sites\/6\/2025\/10\/tudor.jpg\u00bb _builder_version=\u00bb4.27.4&#8243; _module_preset=\u00bbdefault\u00bb theme_builder_area=\u00bbpost_content\u00bb title_text=\u00bbtudor\u00bb hover_enabled=\u00bb0&#8243; sticky_enabled=\u00bb0&#8243;][\/et_pb_image][\/et_pb_column][\/et_pb_row][\/et_pb_section][et_pb_section fb_built=\u00bb1&#8243; admin_label=\u00bbSecci\u00f3n\u00bb _builder_version=\u00bb4.20.2&#8243; _module_preset=\u00bbdefault\u00bb custom_padding=\u00bb||||false|false\u00bb global_colors_info=\u00bb{}\u00bb theme_builder_area=\u00bbpost_content\u00bb][et_pb_row column_structure=\u00bb1_4,3_4&#8243; _builder_version=\u00bb4.20.2&#8243; _module_preset=\u00bbdefault\u00bb background_color=\u00bbRGBA(255,255,255,0)\u00bb custom_margin=\u00bb||||false|false\u00bb global_colors_info=\u00bb{}\u00bb theme_builder_area=\u00bbpost_content\u00bb][et_pb_column type=\u00bb1_4&#8243; _builder_version=\u00bb4.20.2&#8243; _module_preset=\u00bbdefault\u00bb global_colors_info=\u00bb{}\u00bb theme_builder_area=\u00bbpost_content\u00bb][\/et_pb_column][et_pb_column type=\u00bb3_4&#8243; _builder_version=\u00bb4.20.2&#8243; _module_preset=\u00bbdefault\u00bb global_colors_info=\u00bb{}\u00bb theme_builder_area=\u00bbpost_content\u00bb][et_pb_divider show_divider=\u00bboff\u00bb _builder_version=\u00bb4.20.2&#8243; _module_preset=\u00bbdefault\u00bb min_height=\u00bb31.8px\u00bb custom_margin=\u00bb-21px|7px|3px|49px|false|false\u00bb custom_padding=\u00bb0px|3px|16px|9px|false|false\u00bb global_colors_info=\u00bb{}\u00bb theme_builder_area=\u00bbpost_content\u00bb][\/et_pb_divider][\/et_pb_column][\/et_pb_row][\/et_pb_section]<\/p>\n","protected":false},"excerpt":{"rendered":"<p>ARCHIVO FOTOGR\u00c1FICO DE LA SOCIEDAD ESPA\u00d1OLA DEL ACUMULADOR TUDOR, S.A. (1935-1945) ARCHIVO HIST\u00d3RICO PROVINCIAL DE ZARAGOZALa Sociedad Espa\u00f1ola del Acumulador Tudor, S.A. fue fundada por el banquero suizo Lucien Gustave Cell\u00e9rier en 1897. Inici\u00f3 su andadura con la producci\u00f3n de baterias en la antigua f\u00e1brica de harinas de Zaragoza, conocida como \u00abLa Pilar\u00bb.\u00a0Debido al creciente [&hellip;]<\/p>\n","protected":false},"author":31,"featured_media":3043,"parent":3151,"menu_order":0,"comment_status":"closed","ping_status":"closed","template":"","meta":{"_et_pb_use_builder":"on","_et_pb_old_content":"","_et_gb_content_width":"","footnotes":""},"class_list":["post-3550","page","type-page","status-publish","has-post-thumbnail","hentry"],"yoast_head":"<!-- This site is optimized with the Yoast SEO plugin v26.2 - https:\/\/yoast.com\/wordpress\/plugins\/seo\/ -->\n<title>F\u00e1bricas Tudor - ARCHIVOS FOTOGR\u00c1FICOS<\/title>\n<meta name=\"robots\" content=\"index, follow, max-snippet:-1, max-image-preview:large, max-video-preview:-1\" \/>\n<link rel=\"canonical\" href=\"https:\/\/dara.aragon.es\/dara\/archivosfotograficos\/empresas-privadas\/fabricas-tudor\/\" \/>\n<meta property=\"og:locale\" content=\"es_ES\" \/>\n<meta property=\"og:type\" content=\"article\" \/>\n<meta property=\"og:title\" content=\"F\u00e1bricas Tudor - ARCHIVOS FOTOGR\u00c1FICOS\" \/>\n<meta property=\"og:description\" content=\"ARCHIVO FOTOGR\u00c1FICO DE LA SOCIEDAD ESPA\u00d1OLA DEL ACUMULADOR TUDOR, S.A. (1935-1945) ARCHIVO HIST\u00d3RICO PROVINCIAL DE ZARAGOZALa Sociedad Espa\u00f1ola del Acumulador Tudor, S.A. fue fundada por el banquero suizo Lucien Gustave Cell\u00e9rier en 1897. Inici\u00f3 su andadura con la producci\u00f3n de baterias en la antigua f\u00e1brica de harinas de Zaragoza, conocida como \u00abLa Pilar\u00bb.\u00a0Debido al creciente [&hellip;]\" \/>\n<meta property=\"og:url\" content=\"https:\/\/dara.aragon.es\/dara\/archivosfotograficos\/empresas-privadas\/fabricas-tudor\/\" \/>\n<meta property=\"og:site_name\" content=\"ARCHIVOS FOTOGR\u00c1FICOS\" \/>\n<meta property=\"article:modified_time\" content=\"2025-10-27T14:09:39+00:00\" \/>\n<meta property=\"og:image\" content=\"https:\/\/dara.aragon.es\/dara\/archivosfotograficos\/wp-content\/uploads\/sites\/6\/2024\/04\/AHPZ_P_MF_003002_032.jpg\" \/>\n\t<meta property=\"og:image:width\" content=\"1867\" \/>\n\t<meta property=\"og:image:height\" content=\"1276\" \/>\n\t<meta property=\"og:image:type\" content=\"image\/jpeg\" \/>\n<meta name=\"twitter:card\" content=\"summary_large_image\" \/>\n<meta name=\"twitter:label1\" content=\"Tiempo de lectura\" \/>\n\t<meta name=\"twitter:data1\" content=\"5 minutos\" \/>\n<script type=\"application\/ld+json\" class=\"yoast-schema-graph\">{\"@context\":\"https:\/\/schema.org\",\"@graph\":[{\"@type\":\"WebPage\",\"@id\":\"https:\/\/dara.aragon.es\/dara\/archivosfotograficos\/empresas-privadas\/fabricas-tudor\/\",\"url\":\"https:\/\/dara.aragon.es\/dara\/archivosfotograficos\/empresas-privadas\/fabricas-tudor\/\",\"name\":\"F\u00e1bricas Tudor - ARCHIVOS FOTOGR\u00c1FICOS\",\"isPartOf\":{\"@id\":\"https:\/\/dara.aragon.es\/dara\/archivosfotograficos\/#website\"},\"primaryImageOfPage\":{\"@id\":\"https:\/\/dara.aragon.es\/dara\/archivosfotograficos\/empresas-privadas\/fabricas-tudor\/#primaryimage\"},\"image\":{\"@id\":\"https:\/\/dara.aragon.es\/dara\/archivosfotograficos\/empresas-privadas\/fabricas-tudor\/#primaryimage\"},\"thumbnailUrl\":\"https:\/\/dara.aragon.es\/dara\/archivosfotograficos\/wp-content\/uploads\/sites\/6\/2024\/04\/AHPZ_P_MF_003002_032.jpg\",\"datePublished\":\"2024-05-10T10:11:12+00:00\",\"dateModified\":\"2025-10-27T14:09:39+00:00\",\"breadcrumb\":{\"@id\":\"https:\/\/dara.aragon.es\/dara\/archivosfotograficos\/empresas-privadas\/fabricas-tudor\/#breadcrumb\"},\"inLanguage\":\"es\",\"potentialAction\":[{\"@type\":\"ReadAction\",\"target\":[\"https:\/\/dara.aragon.es\/dara\/archivosfotograficos\/empresas-privadas\/fabricas-tudor\/\"]}]},{\"@type\":\"ImageObject\",\"inLanguage\":\"es\",\"@id\":\"https:\/\/dara.aragon.es\/dara\/archivosfotograficos\/empresas-privadas\/fabricas-tudor\/#primaryimage\",\"url\":\"https:\/\/dara.aragon.es\/dara\/archivosfotograficos\/wp-content\/uploads\/sites\/6\/2024\/04\/AHPZ_P_MF_003002_032.jpg\",\"contentUrl\":\"https:\/\/dara.aragon.es\/dara\/archivosfotograficos\/wp-content\/uploads\/sites\/6\/2024\/04\/AHPZ_P_MF_003002_032.jpg\",\"width\":1867,\"height\":1276},{\"@type\":\"BreadcrumbList\",\"@id\":\"https:\/\/dara.aragon.es\/dara\/archivosfotograficos\/empresas-privadas\/fabricas-tudor\/#breadcrumb\",\"itemListElement\":[{\"@type\":\"ListItem\",\"position\":1,\"name\":\"Fotodara\",\"item\":\"https:\/\/dara.aragon.es\/dara\/archivosfotograficos\/\"},{\"@type\":\"ListItem\",\"position\":2,\"name\":\"Empresas\",\"item\":\"https:\/\/dara.aragon.es\/dara\/archivosfotograficos\/empresas-privadas\/\"},{\"@type\":\"ListItem\",\"position\":3,\"name\":\"F\u00e1bricas Tudor\"}]},{\"@type\":\"WebSite\",\"@id\":\"https:\/\/dara.aragon.es\/dara\/archivosfotograficos\/#website\",\"url\":\"https:\/\/dara.aragon.es\/dara\/archivosfotograficos\/\",\"name\":\"ARCHIVOS FOTOGR\u00c1FICOS\",\"description\":\"Otro sitio m\u00e1s de PORTALES DARA\",\"potentialAction\":[{\"@type\":\"SearchAction\",\"target\":{\"@type\":\"EntryPoint\",\"urlTemplate\":\"https:\/\/dara.aragon.es\/dara\/archivosfotograficos\/?s={search_term_string}\"},\"query-input\":{\"@type\":\"PropertyValueSpecification\",\"valueRequired\":true,\"valueName\":\"search_term_string\"}}],\"inLanguage\":\"es\"}]}<\/script>\n<!-- \/ Yoast SEO plugin. -->","yoast_head_json":{"title":"F\u00e1bricas Tudor - ARCHIVOS FOTOGR\u00c1FICOS","robots":{"index":"index","follow":"follow","max-snippet":"max-snippet:-1","max-image-preview":"max-image-preview:large","max-video-preview":"max-video-preview:-1"},"canonical":"https:\/\/dara.aragon.es\/dara\/archivosfotograficos\/empresas-privadas\/fabricas-tudor\/","og_locale":"es_ES","og_type":"article","og_title":"F\u00e1bricas Tudor - ARCHIVOS FOTOGR\u00c1FICOS","og_description":"ARCHIVO FOTOGR\u00c1FICO DE LA SOCIEDAD ESPA\u00d1OLA DEL ACUMULADOR TUDOR, S.A. (1935-1945) ARCHIVO HIST\u00d3RICO PROVINCIAL DE ZARAGOZALa Sociedad Espa\u00f1ola del Acumulador Tudor, S.A. fue fundada por el banquero suizo Lucien Gustave Cell\u00e9rier en 1897. Inici\u00f3 su andadura con la producci\u00f3n de baterias en la antigua f\u00e1brica de harinas de Zaragoza, conocida como \u00abLa Pilar\u00bb.\u00a0Debido al creciente [&hellip;]","og_url":"https:\/\/dara.aragon.es\/dara\/archivosfotograficos\/empresas-privadas\/fabricas-tudor\/","og_site_name":"ARCHIVOS FOTOGR\u00c1FICOS","article_modified_time":"2025-10-27T14:09:39+00:00","og_image":[{"width":1867,"height":1276,"url":"https:\/\/dara.aragon.es\/dara\/archivosfotograficos\/wp-content\/uploads\/sites\/6\/2024\/04\/AHPZ_P_MF_003002_032.jpg","type":"image\/jpeg"}],"twitter_card":"summary_large_image","twitter_misc":{"Tiempo de lectura":"5 minutos"},"schema":{"@context":"https:\/\/schema.org","@graph":[{"@type":"WebPage","@id":"https:\/\/dara.aragon.es\/dara\/archivosfotograficos\/empresas-privadas\/fabricas-tudor\/","url":"https:\/\/dara.aragon.es\/dara\/archivosfotograficos\/empresas-privadas\/fabricas-tudor\/","name":"F\u00e1bricas Tudor - ARCHIVOS FOTOGR\u00c1FICOS","isPartOf":{"@id":"https:\/\/dara.aragon.es\/dara\/archivosfotograficos\/#website"},"primaryImageOfPage":{"@id":"https:\/\/dara.aragon.es\/dara\/archivosfotograficos\/empresas-privadas\/fabricas-tudor\/#primaryimage"},"image":{"@id":"https:\/\/dara.aragon.es\/dara\/archivosfotograficos\/empresas-privadas\/fabricas-tudor\/#primaryimage"},"thumbnailUrl":"https:\/\/dara.aragon.es\/dara\/archivosfotograficos\/wp-content\/uploads\/sites\/6\/2024\/04\/AHPZ_P_MF_003002_032.jpg","datePublished":"2024-05-10T10:11:12+00:00","dateModified":"2025-10-27T14:09:39+00:00","breadcrumb":{"@id":"https:\/\/dara.aragon.es\/dara\/archivosfotograficos\/empresas-privadas\/fabricas-tudor\/#breadcrumb"},"inLanguage":"es","potentialAction":[{"@type":"ReadAction","target":["https:\/\/dara.aragon.es\/dara\/archivosfotograficos\/empresas-privadas\/fabricas-tudor\/"]}]},{"@type":"ImageObject","inLanguage":"es","@id":"https:\/\/dara.aragon.es\/dara\/archivosfotograficos\/empresas-privadas\/fabricas-tudor\/#primaryimage","url":"https:\/\/dara.aragon.es\/dara\/archivosfotograficos\/wp-content\/uploads\/sites\/6\/2024\/04\/AHPZ_P_MF_003002_032.jpg","contentUrl":"https:\/\/dara.aragon.es\/dara\/archivosfotograficos\/wp-content\/uploads\/sites\/6\/2024\/04\/AHPZ_P_MF_003002_032.jpg","width":1867,"height":1276},{"@type":"BreadcrumbList","@id":"https:\/\/dara.aragon.es\/dara\/archivosfotograficos\/empresas-privadas\/fabricas-tudor\/#breadcrumb","itemListElement":[{"@type":"ListItem","position":1,"name":"Fotodara","item":"https:\/\/dara.aragon.es\/dara\/archivosfotograficos\/"},{"@type":"ListItem","position":2,"name":"Empresas","item":"https:\/\/dara.aragon.es\/dara\/archivosfotograficos\/empresas-privadas\/"},{"@type":"ListItem","position":3,"name":"F\u00e1bricas Tudor"}]},{"@type":"WebSite","@id":"https:\/\/dara.aragon.es\/dara\/archivosfotograficos\/#website","url":"https:\/\/dara.aragon.es\/dara\/archivosfotograficos\/","name":"ARCHIVOS FOTOGR\u00c1FICOS","description":"Otro sitio m\u00e1s de PORTALES DARA","potentialAction":[{"@type":"SearchAction","target":{"@type":"EntryPoint","urlTemplate":"https:\/\/dara.aragon.es\/dara\/archivosfotograficos\/?s={search_term_string}"},"query-input":{"@type":"PropertyValueSpecification","valueRequired":true,"valueName":"search_term_string"}}],"inLanguage":"es"}]}},"_links":{"self":[{"href":"https:\/\/dara.aragon.es\/dara\/archivosfotograficos\/wp-json\/wp\/v2\/pages\/3550","targetHints":{"allow":["GET"]}}],"collection":[{"href":"https:\/\/dara.aragon.es\/dara\/archivosfotograficos\/wp-json\/wp\/v2\/pages"}],"about":[{"href":"https:\/\/dara.aragon.es\/dara\/archivosfotograficos\/wp-json\/wp\/v2\/types\/page"}],"author":[{"embeddable":true,"href":"https:\/\/dara.aragon.es\/dara\/archivosfotograficos\/wp-json\/wp\/v2\/users\/31"}],"replies":[{"embeddable":true,"href":"https:\/\/dara.aragon.es\/dara\/archivosfotograficos\/wp-json\/wp\/v2\/comments?post=3550"}],"version-history":[{"count":10,"href":"https:\/\/dara.aragon.es\/dara\/archivosfotograficos\/wp-json\/wp\/v2\/pages\/3550\/revisions"}],"predecessor-version":[{"id":5728,"href":"https:\/\/dara.aragon.es\/dara\/archivosfotograficos\/wp-json\/wp\/v2\/pages\/3550\/revisions\/5728"}],"up":[{"embeddable":true,"href":"https:\/\/dara.aragon.es\/dara\/archivosfotograficos\/wp-json\/wp\/v2\/pages\/3151"}],"wp:featuredmedia":[{"embeddable":true,"href":"https:\/\/dara.aragon.es\/dara\/archivosfotograficos\/wp-json\/wp\/v2\/media\/3043"}],"wp:attachment":[{"href":"https:\/\/dara.aragon.es\/dara\/archivosfotograficos\/wp-json\/wp\/v2\/media?parent=3550"}],"curies":[{"name":"wp","href":"https:\/\/api.w.org\/{rel}","templated":true}]}}