{"id":3599,"date":"2024-05-13T09:32:15","date_gmt":"2024-05-13T07:32:15","guid":{"rendered":"https:\/\/dara.aragon.es\/dara\/archivosfotograficos\/?page_id=3599"},"modified":"2025-10-28T17:46:37","modified_gmt":"2025-10-28T16:46:37","slug":"delegacion-provincial-de-cultura-de-zaragoza","status":"publish","type":"page","link":"https:\/\/dara.aragon.es\/dara\/archivosfotograficos\/fotografias-de-organismos-publicos\/delegacion-provincial-de-cultura-de-zaragoza\/","title":{"rendered":"Delegaci\u00f3n Provincial de Cultura de Zaragoza"},"content":{"rendered":"<p>[et_pb_section fb_built=\u00bb1&#8243; _builder_version=\u00bb4.27.4&#8243; _module_preset=\u00bbdefault\u00bb custom_margin=\u00bb-81px||0px||false|false\u00bb global_colors_info=\u00bb{}\u00bb theme_builder_area=\u00bbpost_content\u00bb][et_pb_row column_structure=\u00bb3_4,1_4&#8243; _builder_version=\u00bb4.27.4&#8243; _module_preset=\u00bbdefault\u00bb global_colors_info=\u00bb{}\u00bb theme_builder_area=\u00bbpost_content\u00bb][et_pb_column type=\u00bb3_4&#8243; _builder_version=\u00bb4.27.4&#8243; _module_preset=\u00bbdefault\u00bb global_colors_info=\u00bb{}\u00bb theme_builder_area=\u00bbpost_content\u00bb][et_pb_text _builder_version=\u00bb4.27.4&#8243; _module_preset=\u00bbdefault\u00bb text_text_color=\u00bb#8F8F8F\u00bb text_font_size=\u00bb15px\u00bb width=\u00bb84%\u00bb custom_margin=\u00bb||||false|false\u00bb custom_padding=\u00bb||0px||false|false\u00bb global_colors_info=\u00bb{}\u00bb theme_builder_area=\u00bbpost_content\u00bb]<\/p>\n<h2 style=\"text-align: justify;\"><span style=\"color: #0c71c3;\"><strong>DELEGACI\u00d3N PROVINCIAL DE CULTURA DE ZARAGOZA (<span>1942-1999<\/span>)<\/strong><\/span><\/h2>\n<h3 style=\"text-align: left;\"><a href=\"https:\/\/dara.aragon.es\/dara\/archivosfotograficos\/archivo-historico-provincial-de-zaragoza\/\" target=\"_blank\" rel=\"noopener\"><span style=\"color: #2b2b2b;\">ARCHIVO HIST\u00d3RICO PROVINCIAL DE ZARAGOZA<\/span><\/a><\/h3>\n<p>[\/et_pb_text][et_pb_text _builder_version=\u00bb4.20.2&#8243; _module_preset=\u00bbdefault\u00bb global_colors_info=\u00bb{}\u00bb theme_builder_area=\u00bbpost_content\u00bb]<\/p>\n<p style=\"text-align: justify\">El <strong>Ministerio de Cultura<\/strong> naci\u00f3 en 1977, en el marco de la reforma general de la <strong>Administraci\u00f3n Central<\/strong>. Asumi\u00f3 las competencias de Ministerio de Informaci\u00f3n y Turismo; de la Subsecretar\u00eda de Familia, Juventud y Deportes, dependiente del Ministerio de la Presidencia; as\u00ed como la Direcci\u00f3n General del Patrimonio Art\u00edtico y Cultural, perteneciente al Ministerio de Educaci\u00f3n y Ciencia.<\/p>\n<p style=\"text-align: justify\">Las delegaciones provinciales se organizan por el Real Decreto 392\/1978, de 10 de febrero, como \u00f3rganos de la <strong>Administraci\u00f3n Perif\u00e9rica<\/strong> ministerial y la Orden de 13 de febrero de 1978 desarrolla su estructura y funcionamiento con un esquema de clasificaci\u00f3n por categor\u00edas, la de Zaragoza aparece dentro de la primera categor\u00eda.<\/p>\n<p style=\"text-align: justify\">Con la reforma de la Administraci\u00f3n Perif\u00e9rica del Estado <strong>pasan a denominarse Direcciones Provinciales de Cultura<\/strong> (R.D. 3321\/1981, de 29 de diciembre), integradas en los respectivos Gobiernos Civiles pero dependiendo del Ministerio de Cultura.<\/p>\n<p style=\"text-align: justify\"><strong>El Real Decreto 1986\/1984 de 4 de julio<\/strong> <strong>suprime <\/strong>las Direcciones Provinciales de Cultura en varias provincias, entre ellas la de Arag\u00f3n y sus competencias ir\u00e1n siendo asumidas paulatinamente por la <strong>Diputaci\u00f3n General de Arag\u00f3n<\/strong> encargada de los asuntos relativos a Cultura.<\/p>\n<p style=\"text-align: justify\">El fondo fue transferido al archivo el 8 de mayo de 1989, por la jefatura de los Servicios Perif\u00e9ricos del Ministerio de Cultura en Zaragoza, sin que conste la existencia de relaci\u00f3n de entrega.<\/p>\n<p style=\"text-align: justify\">En 2016 ingresaron 4 expedientes de la Comisar\u00eda de Zona de Defensa del Patrimonio Art\u00edstico Nacional de los a\u00f1os 1941-1942.<\/p>\n<p>[\/et_pb_text][et_pb_tabs _builder_version=\u00bb4.20.2&#8243; _module_preset=\u00bbdefault\u00bb global_colors_info=\u00bb{}\u00bb theme_builder_area=\u00bbpost_content\u00bb][et_pb_tab title=\u00bbVOLUMEN Y SOPORTE\u00bb _builder_version=\u00bb4.20.2&#8243; _module_preset=\u00bbdefault\u00bb global_colors_info=\u00bb{}\u00bb theme_builder_area=\u00bbpost_content\u00bb]<\/p>\n<p>450 cajas<\/p>\n<p>[\/et_pb_tab][et_pb_tab title=\u00bbALCANCE Y CONTENIDO\u00bb _builder_version=\u00bb4.20.2&#8243; _module_preset=\u00bbdefault\u00bb global_colors_info=\u00bb{}\u00bb theme_builder_area=\u00bbpost_content\u00bb]<\/p>\n<p style=\"text-align: justify\"><span>Las series m\u00e1s completas son las de corresp\u00f2ndencia de la Secretar\u00eda Provincial y de las distintas Secciones. Integran en el fondo tipolog\u00edas diversas relativas a gesti\u00f3n econ\u00f3mico-administrativa y de personal. Es interesante la documentaci\u00f3n generada por las Secciones relacionadas con la acci\u00f3n y promoci\u00f3n cultural.<\/span><\/p>\n<p>[\/et_pb_tab][et_pb_tab title=\u00bbM\u00c1S INFORMACI\u00d3N\u00bb _builder_version=\u00bb4.20.2&#8243; _module_preset=\u00bbdefault\u00bb global_colors_info=\u00bb{}\u00bb theme_builder_area=\u00bbpost_content\u00bb][\/et_pb_tab][\/et_pb_tabs][\/et_pb_column][et_pb_column type=\u00bb1_4&#8243; _builder_version=\u00bb4.27.4&#8243; _module_preset=\u00bbdefault\u00bb global_colors_info=\u00bb{}\u00bb theme_builder_area=\u00bbpost_content\u00bb][et_pb_blurb title=\u00bbTodos los fondos\u00bb url=\u00bbhttps:\/\/dara.aragon.es\/opac\/app\/results\/arfo?p=0&#038;ar=1&#038;ob=re:1&#038;vm=mv&#038;ft=institution:Delegaci%C3%B3n+Provincial+de+Cultura+de+Zaragoza\u00bb url_new_window=\u00bbon\u00bb use_icon=\u00bbon\u00bb font_icon=\u00bb&#x55;||divi||400&#8243; icon_placement=\u00bbleft\u00bb image_icon_width=\u00bb30px\u00bb _builder_version=\u00bb4.27.4&#8243; _module_preset=\u00bb1ea53d41-9439-472c-8d8b-7bddb3bf9444&#8243; body_line_height=\u00bb1.3em\u00bb image_icon_custom_margin=\u00bb0px||||false|false\u00bb image_icon_custom_padding=\u00bb0px||0px||false|false\u00bb custom_margin=\u00bb||||false|false\u00bb custom_padding=\u00bb0px||||false|false\u00bb link_option_url=\u00bbhttps:\/\/dara.aragon.es\/opac\/app\/results\/arfo?p=0&#038;ar=1&#038;ob=re:1&#038;vm=mv&#038;ft=institution:Delegaci%C3%B3n+Provincial+de+Cultura+de+Zaragoza\u00bb link_option_url_new_window=\u00bbon\u00bb hover_enabled=\u00bb0&#8243; locked=\u00bboff\u00bb global_colors_info=\u00bb{%22#0e0c19%22:%91%22header_text_color%22,%22header_text_color%22%93,%22#ffc300%22:%91%22icon_color%22,%22icon_color%22%93,%22#3c3a47%22:%91%22body_text_color%22%93}\u00bb theme_builder_area=\u00bbpost_content\u00bb sticky_enabled=\u00bb0&#8243;][\/et_pb_blurb][et_pb_text _builder_version=\u00bb4.20.2&#8243; _module_preset=\u00bbdefault\u00bb custom_margin=\u00bb||||false|false\u00bb link_option_url=\u00bbhttps:\/\/www.google.com\/maps\/place\/Archivo+Hist%C3%B3rico+Provincial+de+Zaragoza\/@41.6543511,-0.87644,15z\/data=!4m14!1m7!3m6!1s0xd5914f26e1f0de7:0x3fd79b3efa663edf!2sArchivo+Hist%C3%B3rico+Provincial+de+Zaragoza!8m2!3d41.6543511!4d-0.87644!16s%2Fg%2F11cr_hl854!3m5!1s0xd5914f26e1f0de7:0x3fd79b3efa663edf!8m2!3d41.6543511!4d-0.87644!16s%2Fg%2F11cr_hl854?entry=ttu\u00bb global_colors_info=\u00bb{}\u00bb theme_builder_area=\u00bbpost_content\u00bb]<\/p>\n<p><img loading=\"lazy\" decoding=\"async\" src=\"https:\/\/dara.aragon.es\/dara\/archivosfotograficos\/wp-content\/uploads\/sites\/6\/2024\/03\/Mapa-AHPZ.png\" width=\"1300\" height=\"676\" alt=\"\" class=\"wp-image-1255 alignnone size-full\" srcset=\"https:\/\/dara.aragon.es\/dara\/archivosfotograficos\/wp-content\/uploads\/sites\/6\/2024\/03\/Mapa-AHPZ.png 1300w, https:\/\/dara.aragon.es\/dara\/archivosfotograficos\/wp-content\/uploads\/sites\/6\/2024\/03\/Mapa-AHPZ-1280x666.png 1280w, https:\/\/dara.aragon.es\/dara\/archivosfotograficos\/wp-content\/uploads\/sites\/6\/2024\/03\/Mapa-AHPZ-980x510.png 980w, https:\/\/dara.aragon.es\/dara\/archivosfotograficos\/wp-content\/uploads\/sites\/6\/2024\/03\/Mapa-AHPZ-480x250.png 480w\" sizes=\"(min-width: 0px) and (max-width: 480px) 480px, (min-width: 481px) and (max-width: 980px) 980px, (min-width: 981px) and (max-width: 1280px) 1280px, (min-width: 1281px) 1300px, 100vw\" \/><\/p>\n<p><strong>Direcci\u00f3n:<\/strong><br \/><span>C\/ Diego Dormer, n.\u00ba 6-8, 50001, Zaragoza<\/span><br \/><strong>Tel\u00e9fono de contacto:<\/strong><br \/><span style=\"color: #ff9900\">(34) 976 397 566<\/span><br \/><span style=\"color: #ff9900\">FAX: 976 397 507<\/span><span><\/span><br \/><strong>E-mail:<\/strong><br \/><span>ahpz@aragon.es<\/span><br \/><strong>Sitio web:<\/strong><br \/><a href=\"https:\/\/culturadearagon.es\/archivos\/archivo-historico-provincial-de-zaragoza\/\" target=\"_blank\" rel=\"noopener\">web del archivo<\/a><\/p>\n<p>[\/et_pb_text][et_pb_social_media_follow _builder_version=\u00bb4.20.2&#8243; _module_preset=\u00bbdefault\u00bb custom_margin=\u00bb||||false|false\u00bb custom_padding=\u00bb0px|||||\u00bb global_colors_info=\u00bb{}\u00bb theme_builder_area=\u00bbpost_content\u00bb][et_pb_social_media_follow_network social_network=\u00bbfacebook\u00bb url=\u00bbhttps:\/\/www.facebook.com\/ahpzaragoza\u00bb _builder_version=\u00bb4.20.2&#8243; _module_preset=\u00bbdefault\u00bb background_color=\u00bb#3b5998&#8243; global_colors_info=\u00bb{}\u00bb theme_builder_area=\u00bbpost_content\u00bb follow_button=\u00bboff\u00bb url_new_window=\u00bbon\u00bb]facebook[\/et_pb_social_media_follow_network][et_pb_social_media_follow_network social_network=\u00bbtwitter\u00bb url=\u00bbhttps:\/\/twitter.com\/AhpZaragoza\u00bb _builder_version=\u00bb4.22.2&#8243; _module_preset=\u00bbdefault\u00bb background_color=\u00bb#000000&#8243; global_colors_info=\u00bb{}\u00bb theme_builder_area=\u00bbpost_content\u00bb follow_button=\u00bboff\u00bb url_new_window=\u00bbon\u00bb]twitter[\/et_pb_social_media_follow_network][et_pb_social_media_follow_network social_network=\u00bbinstagram\u00bb url=\u00bbhttps:\/\/www.instagram.com\/ahpzaragoza\/\u00bb _builder_version=\u00bb4.20.2&#8243; _module_preset=\u00bbdefault\u00bb background_color=\u00bb#ea2c59&#8243; global_colors_info=\u00bb{}\u00bb theme_builder_area=\u00bbpost_content\u00bb follow_button=\u00bboff\u00bb url_new_window=\u00bbon\u00bb]instagram[\/et_pb_social_media_follow_network][\/et_pb_social_media_follow][et_pb_image src=\u00bbhttps:\/\/dara.aragon.es\/dara\/archivosfotograficos\/wp-content\/uploads\/sites\/6\/2024\/04\/AHPZ_A_002608_0004_0012.jpg\u00bb title_text=\u00bbAHPZ_A_002608_0004_0012&#8243; _builder_version=\u00bb4.27.4&#8243; _module_preset=\u00bbdefault\u00bb global_colors_info=\u00bb{}\u00bb theme_builder_area=\u00bbpost_content\u00bb][\/et_pb_image][\/et_pb_column][\/et_pb_row][\/et_pb_section]<\/p>\n","protected":false},"excerpt":{"rendered":"<p>DELEGACI\u00d3N PROVINCIAL DE CULTURA DE ZARAGOZA (1942-1999) ARCHIVO HIST\u00d3RICO PROVINCIAL DE ZARAGOZAEl Ministerio de Cultura naci\u00f3 en 1977, en el marco de la reforma general de la Administraci\u00f3n Central. Asumi\u00f3 las competencias de Ministerio de Informaci\u00f3n y Turismo; de la Subsecretar\u00eda de Familia, Juventud y Deportes, dependiente del Ministerio de la Presidencia; as\u00ed como la [&hellip;]<\/p>\n","protected":false},"author":31,"featured_media":3136,"parent":1179,"menu_order":0,"comment_status":"closed","ping_status":"closed","template":"","meta":{"_et_pb_use_builder":"on","_et_pb_old_content":"","_et_gb_content_width":"","footnotes":""},"class_list":["post-3599","page","type-page","status-publish","has-post-thumbnail","hentry"],"yoast_head":"<!-- This site is optimized with the Yoast SEO plugin v26.2 - https:\/\/yoast.com\/wordpress\/plugins\/seo\/ -->\n<title>Delegaci\u00f3n Provincial de Cultura de Zaragoza - ARCHIVOS FOTOGR\u00c1FICOS<\/title>\n<meta name=\"robots\" content=\"index, follow, max-snippet:-1, max-image-preview:large, max-video-preview:-1\" \/>\n<link rel=\"canonical\" href=\"https:\/\/dara.aragon.es\/dara\/archivosfotograficos\/fotografias-de-organismos-publicos\/delegacion-provincial-de-cultura-de-zaragoza\/\" \/>\n<meta property=\"og:locale\" content=\"es_ES\" \/>\n<meta property=\"og:type\" content=\"article\" \/>\n<meta property=\"og:title\" content=\"Delegaci\u00f3n Provincial de Cultura de Zaragoza - ARCHIVOS FOTOGR\u00c1FICOS\" \/>\n<meta property=\"og:description\" content=\"DELEGACI\u00d3N PROVINCIAL DE CULTURA DE ZARAGOZA (1942-1999) ARCHIVO HIST\u00d3RICO PROVINCIAL DE ZARAGOZAEl Ministerio de Cultura naci\u00f3 en 1977, en el marco de la reforma general de la Administraci\u00f3n Central. Asumi\u00f3 las competencias de Ministerio de Informaci\u00f3n y Turismo; de la Subsecretar\u00eda de Familia, Juventud y Deportes, dependiente del Ministerio de la Presidencia; as\u00ed como la [&hellip;]\" \/>\n<meta property=\"og:url\" content=\"https:\/\/dara.aragon.es\/dara\/archivosfotograficos\/fotografias-de-organismos-publicos\/delegacion-provincial-de-cultura-de-zaragoza\/\" \/>\n<meta property=\"og:site_name\" content=\"ARCHIVOS FOTOGR\u00c1FICOS\" \/>\n<meta property=\"article:modified_time\" content=\"2025-10-28T16:46:37+00:00\" \/>\n<meta property=\"og:image\" content=\"https:\/\/dara.aragon.es\/dara\/archivosfotograficos\/wp-content\/uploads\/sites\/6\/2024\/04\/AHPZ_A_002608_0004_0012.jpg\" \/>\n\t<meta property=\"og:image:width\" content=\"2425\" \/>\n\t<meta property=\"og:image:height\" content=\"1800\" \/>\n\t<meta property=\"og:image:type\" content=\"image\/jpeg\" \/>\n<meta name=\"twitter:card\" content=\"summary_large_image\" \/>\n<meta name=\"twitter:label1\" content=\"Tiempo de lectura\" \/>\n\t<meta name=\"twitter:data1\" content=\"5 minutos\" \/>\n<script type=\"application\/ld+json\" class=\"yoast-schema-graph\">{\"@context\":\"https:\/\/schema.org\",\"@graph\":[{\"@type\":\"WebPage\",\"@id\":\"https:\/\/dara.aragon.es\/dara\/archivosfotograficos\/fotografias-de-organismos-publicos\/delegacion-provincial-de-cultura-de-zaragoza\/\",\"url\":\"https:\/\/dara.aragon.es\/dara\/archivosfotograficos\/fotografias-de-organismos-publicos\/delegacion-provincial-de-cultura-de-zaragoza\/\",\"name\":\"Delegaci\u00f3n Provincial de Cultura de Zaragoza - ARCHIVOS FOTOGR\u00c1FICOS\",\"isPartOf\":{\"@id\":\"https:\/\/dara.aragon.es\/dara\/archivosfotograficos\/#website\"},\"primaryImageOfPage\":{\"@id\":\"https:\/\/dara.aragon.es\/dara\/archivosfotograficos\/fotografias-de-organismos-publicos\/delegacion-provincial-de-cultura-de-zaragoza\/#primaryimage\"},\"image\":{\"@id\":\"https:\/\/dara.aragon.es\/dara\/archivosfotograficos\/fotografias-de-organismos-publicos\/delegacion-provincial-de-cultura-de-zaragoza\/#primaryimage\"},\"thumbnailUrl\":\"https:\/\/dara.aragon.es\/dara\/archivosfotograficos\/wp-content\/uploads\/sites\/6\/2024\/04\/AHPZ_A_002608_0004_0012.jpg\",\"datePublished\":\"2024-05-13T07:32:15+00:00\",\"dateModified\":\"2025-10-28T16:46:37+00:00\",\"breadcrumb\":{\"@id\":\"https:\/\/dara.aragon.es\/dara\/archivosfotograficos\/fotografias-de-organismos-publicos\/delegacion-provincial-de-cultura-de-zaragoza\/#breadcrumb\"},\"inLanguage\":\"es\",\"potentialAction\":[{\"@type\":\"ReadAction\",\"target\":[\"https:\/\/dara.aragon.es\/dara\/archivosfotograficos\/fotografias-de-organismos-publicos\/delegacion-provincial-de-cultura-de-zaragoza\/\"]}]},{\"@type\":\"ImageObject\",\"inLanguage\":\"es\",\"@id\":\"https:\/\/dara.aragon.es\/dara\/archivosfotograficos\/fotografias-de-organismos-publicos\/delegacion-provincial-de-cultura-de-zaragoza\/#primaryimage\",\"url\":\"https:\/\/dara.aragon.es\/dara\/archivosfotograficos\/wp-content\/uploads\/sites\/6\/2024\/04\/AHPZ_A_002608_0004_0012.jpg\",\"contentUrl\":\"https:\/\/dara.aragon.es\/dara\/archivosfotograficos\/wp-content\/uploads\/sites\/6\/2024\/04\/AHPZ_A_002608_0004_0012.jpg\",\"width\":2425,\"height\":1800},{\"@type\":\"BreadcrumbList\",\"@id\":\"https:\/\/dara.aragon.es\/dara\/archivosfotograficos\/fotografias-de-organismos-publicos\/delegacion-provincial-de-cultura-de-zaragoza\/#breadcrumb\",\"itemListElement\":[{\"@type\":\"ListItem\",\"position\":1,\"name\":\"Fotodara\",\"item\":\"https:\/\/dara.aragon.es\/dara\/archivosfotograficos\/\"},{\"@type\":\"ListItem\",\"position\":2,\"name\":\"Fotograf\u00edas de organismos p\u00fablicos\",\"item\":\"https:\/\/dara.aragon.es\/dara\/archivosfotograficos\/fotografias-de-organismos-publicos\/\"},{\"@type\":\"ListItem\",\"position\":3,\"name\":\"Delegaci\u00f3n Provincial de Cultura de Zaragoza\"}]},{\"@type\":\"WebSite\",\"@id\":\"https:\/\/dara.aragon.es\/dara\/archivosfotograficos\/#website\",\"url\":\"https:\/\/dara.aragon.es\/dara\/archivosfotograficos\/\",\"name\":\"ARCHIVOS FOTOGR\u00c1FICOS\",\"description\":\"Otro sitio m\u00e1s de PORTALES DARA\",\"potentialAction\":[{\"@type\":\"SearchAction\",\"target\":{\"@type\":\"EntryPoint\",\"urlTemplate\":\"https:\/\/dara.aragon.es\/dara\/archivosfotograficos\/?s={search_term_string}\"},\"query-input\":{\"@type\":\"PropertyValueSpecification\",\"valueRequired\":true,\"valueName\":\"search_term_string\"}}],\"inLanguage\":\"es\"}]}<\/script>\n<!-- \/ Yoast SEO plugin. -->","yoast_head_json":{"title":"Delegaci\u00f3n Provincial de Cultura de Zaragoza - ARCHIVOS FOTOGR\u00c1FICOS","robots":{"index":"index","follow":"follow","max-snippet":"max-snippet:-1","max-image-preview":"max-image-preview:large","max-video-preview":"max-video-preview:-1"},"canonical":"https:\/\/dara.aragon.es\/dara\/archivosfotograficos\/fotografias-de-organismos-publicos\/delegacion-provincial-de-cultura-de-zaragoza\/","og_locale":"es_ES","og_type":"article","og_title":"Delegaci\u00f3n Provincial de Cultura de Zaragoza - ARCHIVOS FOTOGR\u00c1FICOS","og_description":"DELEGACI\u00d3N PROVINCIAL DE CULTURA DE ZARAGOZA (1942-1999) ARCHIVO HIST\u00d3RICO PROVINCIAL DE ZARAGOZAEl Ministerio de Cultura naci\u00f3 en 1977, en el marco de la reforma general de la Administraci\u00f3n Central. Asumi\u00f3 las competencias de Ministerio de Informaci\u00f3n y Turismo; de la Subsecretar\u00eda de Familia, Juventud y Deportes, dependiente del Ministerio de la Presidencia; as\u00ed como la [&hellip;]","og_url":"https:\/\/dara.aragon.es\/dara\/archivosfotograficos\/fotografias-de-organismos-publicos\/delegacion-provincial-de-cultura-de-zaragoza\/","og_site_name":"ARCHIVOS FOTOGR\u00c1FICOS","article_modified_time":"2025-10-28T16:46:37+00:00","og_image":[{"url":"https:\/\/dara.aragon.es\/dara\/archivosfotograficos\/wp-content\/uploads\/sites\/6\/2024\/04\/AHPZ_A_002608_0004_0012.jpg","width":2425,"height":1800,"type":"image\/jpeg"}],"twitter_card":"summary_large_image","twitter_misc":{"Tiempo de lectura":"5 minutos"},"schema":{"@context":"https:\/\/schema.org","@graph":[{"@type":"WebPage","@id":"https:\/\/dara.aragon.es\/dara\/archivosfotograficos\/fotografias-de-organismos-publicos\/delegacion-provincial-de-cultura-de-zaragoza\/","url":"https:\/\/dara.aragon.es\/dara\/archivosfotograficos\/fotografias-de-organismos-publicos\/delegacion-provincial-de-cultura-de-zaragoza\/","name":"Delegaci\u00f3n Provincial de Cultura de Zaragoza - ARCHIVOS FOTOGR\u00c1FICOS","isPartOf":{"@id":"https:\/\/dara.aragon.es\/dara\/archivosfotograficos\/#website"},"primaryImageOfPage":{"@id":"https:\/\/dara.aragon.es\/dara\/archivosfotograficos\/fotografias-de-organismos-publicos\/delegacion-provincial-de-cultura-de-zaragoza\/#primaryimage"},"image":{"@id":"https:\/\/dara.aragon.es\/dara\/archivosfotograficos\/fotografias-de-organismos-publicos\/delegacion-provincial-de-cultura-de-zaragoza\/#primaryimage"},"thumbnailUrl":"https:\/\/dara.aragon.es\/dara\/archivosfotograficos\/wp-content\/uploads\/sites\/6\/2024\/04\/AHPZ_A_002608_0004_0012.jpg","datePublished":"2024-05-13T07:32:15+00:00","dateModified":"2025-10-28T16:46:37+00:00","breadcrumb":{"@id":"https:\/\/dara.aragon.es\/dara\/archivosfotograficos\/fotografias-de-organismos-publicos\/delegacion-provincial-de-cultura-de-zaragoza\/#breadcrumb"},"inLanguage":"es","potentialAction":[{"@type":"ReadAction","target":["https:\/\/dara.aragon.es\/dara\/archivosfotograficos\/fotografias-de-organismos-publicos\/delegacion-provincial-de-cultura-de-zaragoza\/"]}]},{"@type":"ImageObject","inLanguage":"es","@id":"https:\/\/dara.aragon.es\/dara\/archivosfotograficos\/fotografias-de-organismos-publicos\/delegacion-provincial-de-cultura-de-zaragoza\/#primaryimage","url":"https:\/\/dara.aragon.es\/dara\/archivosfotograficos\/wp-content\/uploads\/sites\/6\/2024\/04\/AHPZ_A_002608_0004_0012.jpg","contentUrl":"https:\/\/dara.aragon.es\/dara\/archivosfotograficos\/wp-content\/uploads\/sites\/6\/2024\/04\/AHPZ_A_002608_0004_0012.jpg","width":2425,"height":1800},{"@type":"BreadcrumbList","@id":"https:\/\/dara.aragon.es\/dara\/archivosfotograficos\/fotografias-de-organismos-publicos\/delegacion-provincial-de-cultura-de-zaragoza\/#breadcrumb","itemListElement":[{"@type":"ListItem","position":1,"name":"Fotodara","item":"https:\/\/dara.aragon.es\/dara\/archivosfotograficos\/"},{"@type":"ListItem","position":2,"name":"Fotograf\u00edas de organismos p\u00fablicos","item":"https:\/\/dara.aragon.es\/dara\/archivosfotograficos\/fotografias-de-organismos-publicos\/"},{"@type":"ListItem","position":3,"name":"Delegaci\u00f3n Provincial de Cultura de Zaragoza"}]},{"@type":"WebSite","@id":"https:\/\/dara.aragon.es\/dara\/archivosfotograficos\/#website","url":"https:\/\/dara.aragon.es\/dara\/archivosfotograficos\/","name":"ARCHIVOS FOTOGR\u00c1FICOS","description":"Otro sitio m\u00e1s de PORTALES DARA","potentialAction":[{"@type":"SearchAction","target":{"@type":"EntryPoint","urlTemplate":"https:\/\/dara.aragon.es\/dara\/archivosfotograficos\/?s={search_term_string}"},"query-input":{"@type":"PropertyValueSpecification","valueRequired":true,"valueName":"search_term_string"}}],"inLanguage":"es"}]}},"_links":{"self":[{"href":"https:\/\/dara.aragon.es\/dara\/archivosfotograficos\/wp-json\/wp\/v2\/pages\/3599","targetHints":{"allow":["GET"]}}],"collection":[{"href":"https:\/\/dara.aragon.es\/dara\/archivosfotograficos\/wp-json\/wp\/v2\/pages"}],"about":[{"href":"https:\/\/dara.aragon.es\/dara\/archivosfotograficos\/wp-json\/wp\/v2\/types\/page"}],"author":[{"embeddable":true,"href":"https:\/\/dara.aragon.es\/dara\/archivosfotograficos\/wp-json\/wp\/v2\/users\/31"}],"replies":[{"embeddable":true,"href":"https:\/\/dara.aragon.es\/dara\/archivosfotograficos\/wp-json\/wp\/v2\/comments?post=3599"}],"version-history":[{"count":12,"href":"https:\/\/dara.aragon.es\/dara\/archivosfotograficos\/wp-json\/wp\/v2\/pages\/3599\/revisions"}],"predecessor-version":[{"id":5857,"href":"https:\/\/dara.aragon.es\/dara\/archivosfotograficos\/wp-json\/wp\/v2\/pages\/3599\/revisions\/5857"}],"up":[{"embeddable":true,"href":"https:\/\/dara.aragon.es\/dara\/archivosfotograficos\/wp-json\/wp\/v2\/pages\/1179"}],"wp:featuredmedia":[{"embeddable":true,"href":"https:\/\/dara.aragon.es\/dara\/archivosfotograficos\/wp-json\/wp\/v2\/media\/3136"}],"wp:attachment":[{"href":"https:\/\/dara.aragon.es\/dara\/archivosfotograficos\/wp-json\/wp\/v2\/media?parent=3599"}],"curies":[{"name":"wp","href":"https:\/\/api.w.org\/{rel}","templated":true}]}}