{"id":3613,"date":"2024-05-13T10:47:16","date_gmt":"2024-05-13T08:47:16","guid":{"rendered":"https:\/\/dara.aragon.es\/dara\/archivosfotograficos\/?page_id=3613"},"modified":"2025-10-27T08:35:47","modified_gmt":"2025-10-27T07:35:47","slug":"transporte-y-automocion","status":"publish","type":"page","link":"https:\/\/dara.aragon.es\/dara\/archivosfotograficos\/temas\/transporte-y-automocion\/","title":{"rendered":"Transporte y automoci\u00f3n"},"content":{"rendered":"<p>[et_pb_section fb_built=\u00bb1&#8243; _builder_version=\u00bb4.27.4&#8243; _module_preset=\u00bbdefault\u00bb custom_padding=\u00bb0px||0px||true|false\u00bb hover_enabled=\u00bb0&#8243; global_colors_info=\u00bb{}\u00bb theme_builder_area=\u00bbpost_content\u00bb sticky_enabled=\u00bb0&#8243;][et_pb_row make_equal=\u00bbon\u00bb _builder_version=\u00bb4.20.2&#8243; _module_preset=\u00bbdefault\u00bb width=\u00bb100%\u00bb max_width=\u00bb1410px\u00bb custom_padding=\u00bb||||false|false\u00bb global_colors_info=\u00bb{}\u00bb theme_builder_area=\u00bbpost_content\u00bb][et_pb_column type=\u00bb4_4&#8243; _builder_version=\u00bb4.20.2&#8243; _module_preset=\u00bbdefault\u00bb global_colors_info=\u00bb{}\u00bb theme_builder_area=\u00bbpost_content\u00bb][et_pb_text _builder_version=\u00bb4.20.2&#8243; _module_preset=\u00bbdefault\u00bb global_colors_info=\u00bb{}\u00bb theme_builder_area=\u00bbpost_content\u00bb]<\/p>\n<div>En los archivos aragoneses se encuentra una riqueza hist\u00f3rica que abarca diversos aspectos de la vida cotidiana, como lo es el transporte y la automoci\u00f3n. Entre los documentos y registros que se conservan, se hallan fotograf\u00edas que testimonian c\u00f3mo el transporte ha sido fundamental para el desarrollo econ\u00f3mico y social a lo largo de los siglos.<\/div>\n<div>As\u00ed pues, se ofrece una ventana al pasado, mostrando antiguos carruajes que recorr\u00edan las \u00e1ridas tierras hasta la introducci\u00f3n de veh\u00edculos motorizados que surcaban las carreteras.<\/div>\n<div style=\"text-align: justify\">Tambi\u00e9n se documentan los cambios en la industria automotriz que han dejado huella en la historia, como es el caso de la<span>\u00a0<\/span><a href=\"https:\/\/dara.aragon.es\/opac\/app\/results\/arfo?p=0&amp;ob=re:1&amp;in=%22Construcciones+y+Auxiliar+de+Ferrocarriles+%28CAF%29%22&amp;vm=mv\">Compa\u00f1\u00eda Auxiliar de Ferrocarriles (CAF)<\/a>, la cual lleg\u00f3 a consolidarse internacionalmente.<\/div>\n<p>[\/et_pb_text][\/et_pb_column][\/et_pb_row][et_pb_row column_structure=\u00bb1_4,1_4,1_4,1_4&#8243; _builder_version=\u00bb4.27.4&#8243; _module_preset=\u00bbdefault\u00bb global_colors_info=\u00bb{}\u00bb theme_builder_area=\u00bbpost_content\u00bb locked=\u00bboff\u00bb][et_pb_column type=\u00bb1_4&#8243; _builder_version=\u00bb4.27.4&#8243; _module_preset=\u00bbdefault\u00bb global_colors_info=\u00bb{}\u00bb theme_builder_area=\u00bbpost_content\u00bb][et_pb_blurb title=\u00bbTransporte ferroviario\u00bb url=\u00bbhttps:\/\/dara.aragon.es\/opac\/app\/results\/arfo?p=0&#038;q=ferrocarril&#038;ob=re:1&#038;vm=mv\u00bb url_new_window=\u00bbon\u00bb image=\u00bbhttps:\/\/dara.aragon.es\/dara\/archivosfotograficos\/wp-content\/uploads\/sites\/6\/2025\/10\/ferrocarril.jpg\u00bb _builder_version=\u00bb4.27.4&#8243; _module_preset=\u00bbdefault\u00bb link_option_url=\u00bbhttps:\/\/dara.aragon.es\/opac\/app\/results\/arfo?p=0&#038;q=ferrocarril&#038;ob=re:1&#038;vm=mv\u00bb link_option_url_new_window=\u00bbon\u00bb hover_enabled=\u00bb0&#8243; global_colors_info=\u00bb{}\u00bb theme_builder_area=\u00bbpost_content\u00bb sticky_enabled=\u00bb0&#8243; title_text=\u00bbferrocarril\u00bb][\/et_pb_blurb][\/et_pb_column][et_pb_column type=\u00bb1_4&#8243; _builder_version=\u00bb4.27.4&#8243; _module_preset=\u00bbdefault\u00bb global_colors_info=\u00bb{}\u00bb theme_builder_area=\u00bbpost_content\u00bb][et_pb_blurb title=\u00bbTransporte por carretera\u00bb url=\u00bbhttps:\/\/dara.aragon.es\/opac\/app\/results\/arfo?p=0&#038;q=autom%C3%B3vil&#038;ob=re:1&#038;vm=mv\u00bb url_new_window=\u00bbon\u00bb image=\u00bbhttps:\/\/dara.aragon.es\/dara\/archivosfotograficos\/wp-content\/uploads\/sites\/6\/2025\/10\/automovil.jpg\u00bb _builder_version=\u00bb4.27.4&#8243; _module_preset=\u00bbdefault\u00bb link_option_url=\u00bbhttps:\/\/dara.aragon.es\/opac\/app\/results\/arfo?p=0&#038;q=autom%C3%B3vil&#038;ob=re:1&#038;vm=mv\u00bb link_option_url_new_window=\u00bbon\u00bb hover_enabled=\u00bb0&#8243; global_colors_info=\u00bb{}\u00bb theme_builder_area=\u00bbpost_content\u00bb sticky_enabled=\u00bb0&#8243; title_text=\u00bbautomovil\u00bb][\/et_pb_blurb][\/et_pb_column][et_pb_column type=\u00bb1_4&#8243; _builder_version=\u00bb4.27.4&#8243; _module_preset=\u00bbdefault\u00bb global_colors_info=\u00bb{}\u00bb theme_builder_area=\u00bbpost_content\u00bb][et_pb_blurb title=\u00bbTransporte mar\u00edtimo\u00bb url=\u00bbhttps:\/\/dara.aragon.es\/opac\/app\/results\/arfo?p=0&#038;q=barco&#038;ob=re:1&#038;vm=mv\u00bb url_new_window=\u00bbon\u00bb image=\u00bbhttps:\/\/dara.aragon.es\/dara\/archivosfotograficos\/wp-content\/uploads\/sites\/6\/2025\/10\/barco.jpg\u00bb _builder_version=\u00bb4.27.4&#8243; _module_preset=\u00bbdefault\u00bb link_option_url=\u00bbhttps:\/\/dara.aragon.es\/opac\/app\/results\/arfo?p=0&#038;q=barco&#038;ob=re:1&#038;vm=mv\u00bb link_option_url_new_window=\u00bbon\u00bb hover_enabled=\u00bb0&#8243; global_colors_info=\u00bb{}\u00bb theme_builder_area=\u00bbpost_content\u00bb sticky_enabled=\u00bb0&#8243; title_text=\u00bbbarco\u00bb][\/et_pb_blurb][\/et_pb_column][et_pb_column type=\u00bb1_4&#8243; _builder_version=\u00bb4.27.4&#8243; _module_preset=\u00bbdefault\u00bb global_colors_info=\u00bb{}\u00bb theme_builder_area=\u00bbpost_content\u00bb][et_pb_blurb title=\u00bbTransporte a\u00e9reo\u00bb url=\u00bbhttps:\/\/dara.aragon.es\/opac\/app\/results\/arfo?p=0&#038;q=aereo&#038;ob=re:1&#038;vm=mv\u00bb url_new_window=\u00bbon\u00bb image=\u00bbhttps:\/\/dara.aragon.es\/dara\/archivosfotograficos\/wp-content\/uploads\/sites\/6\/2025\/10\/aereo.jpg\u00bb _builder_version=\u00bb4.27.4&#8243; _module_preset=\u00bbdefault\u00bb link_option_url=\u00bbhttps:\/\/dara.aragon.es\/opac\/app\/results\/arfo?p=0&#038;q=aereo&#038;ob=re:1&#038;vm=mv\u00bb link_option_url_new_window=\u00bbon\u00bb hover_enabled=\u00bb0&#8243; global_colors_info=\u00bb{}\u00bb theme_builder_area=\u00bbpost_content\u00bb sticky_enabled=\u00bb0&#8243; title_text=\u00bba\u00e9reo\u00bb][\/et_pb_blurb][\/et_pb_column][\/et_pb_row][\/et_pb_section]<\/p>\n","protected":false},"excerpt":{"rendered":"<p>En los archivos aragoneses se encuentra una riqueza hist\u00f3rica que abarca diversos aspectos de la vida cotidiana, como lo es el transporte y la automoci\u00f3n. Entre los documentos y registros que se conservan, se hallan fotograf\u00edas que testimonian c\u00f3mo el transporte ha sido fundamental para el desarrollo econ\u00f3mico y social a lo largo de los [&hellip;]<\/p>\n","protected":false},"author":31,"featured_media":3377,"parent":86,"menu_order":0,"comment_status":"closed","ping_status":"closed","template":"","meta":{"_et_pb_use_builder":"on","_et_pb_old_content":"","_et_gb_content_width":"","footnotes":""},"class_list":["post-3613","page","type-page","status-publish","has-post-thumbnail","hentry"],"yoast_head":"<!-- This site is optimized with the Yoast SEO plugin v26.2 - https:\/\/yoast.com\/wordpress\/plugins\/seo\/ -->\n<title>Transporte y automoci\u00f3n - ARCHIVOS FOTOGR\u00c1FICOS<\/title>\n<meta name=\"robots\" content=\"index, follow, max-snippet:-1, max-image-preview:large, max-video-preview:-1\" \/>\n<link rel=\"canonical\" href=\"https:\/\/dara.aragon.es\/dara\/archivosfotograficos\/temas\/transporte-y-automocion\/\" \/>\n<meta property=\"og:locale\" content=\"es_ES\" \/>\n<meta property=\"og:type\" content=\"article\" \/>\n<meta property=\"og:title\" content=\"Transporte y automoci\u00f3n - ARCHIVOS FOTOGR\u00c1FICOS\" \/>\n<meta property=\"og:description\" content=\"En los archivos aragoneses se encuentra una riqueza hist\u00f3rica que abarca diversos aspectos de la vida cotidiana, como lo es el transporte y la automoci\u00f3n. Entre los documentos y registros que se conservan, se hallan fotograf\u00edas que testimonian c\u00f3mo el transporte ha sido fundamental para el desarrollo econ\u00f3mico y social a lo largo de los [&hellip;]\" \/>\n<meta property=\"og:url\" content=\"https:\/\/dara.aragon.es\/dara\/archivosfotograficos\/temas\/transporte-y-automocion\/\" \/>\n<meta property=\"og:site_name\" content=\"ARCHIVOS FOTOGR\u00c1FICOS\" \/>\n<meta property=\"article:modified_time\" content=\"2025-10-27T07:35:47+00:00\" \/>\n<meta property=\"og:image\" content=\"https:\/\/dara.aragon.es\/dara\/archivosfotograficos\/wp-content\/uploads\/sites\/6\/2024\/05\/AHPZ_MF_REQUEJO_0030-102.jpg\" \/>\n\t<meta property=\"og:image:width\" content=\"606\" \/>\n\t<meta property=\"og:image:height\" content=\"576\" \/>\n\t<meta property=\"og:image:type\" content=\"image\/jpeg\" \/>\n<meta name=\"twitter:card\" content=\"summary_large_image\" \/>\n<meta name=\"twitter:label1\" content=\"Tiempo de lectura\" \/>\n\t<meta name=\"twitter:data1\" content=\"3 minutos\" \/>\n<script type=\"application\/ld+json\" class=\"yoast-schema-graph\">{\"@context\":\"https:\/\/schema.org\",\"@graph\":[{\"@type\":\"WebPage\",\"@id\":\"https:\/\/dara.aragon.es\/dara\/archivosfotograficos\/temas\/transporte-y-automocion\/\",\"url\":\"https:\/\/dara.aragon.es\/dara\/archivosfotograficos\/temas\/transporte-y-automocion\/\",\"name\":\"Transporte y automoci\u00f3n - ARCHIVOS FOTOGR\u00c1FICOS\",\"isPartOf\":{\"@id\":\"https:\/\/dara.aragon.es\/dara\/archivosfotograficos\/#website\"},\"primaryImageOfPage\":{\"@id\":\"https:\/\/dara.aragon.es\/dara\/archivosfotograficos\/temas\/transporte-y-automocion\/#primaryimage\"},\"image\":{\"@id\":\"https:\/\/dara.aragon.es\/dara\/archivosfotograficos\/temas\/transporte-y-automocion\/#primaryimage\"},\"thumbnailUrl\":\"https:\/\/dara.aragon.es\/dara\/archivosfotograficos\/wp-content\/uploads\/sites\/6\/2024\/05\/AHPZ_MF_REQUEJO_0030-102.jpg\",\"datePublished\":\"2024-05-13T08:47:16+00:00\",\"dateModified\":\"2025-10-27T07:35:47+00:00\",\"breadcrumb\":{\"@id\":\"https:\/\/dara.aragon.es\/dara\/archivosfotograficos\/temas\/transporte-y-automocion\/#breadcrumb\"},\"inLanguage\":\"es\",\"potentialAction\":[{\"@type\":\"ReadAction\",\"target\":[\"https:\/\/dara.aragon.es\/dara\/archivosfotograficos\/temas\/transporte-y-automocion\/\"]}]},{\"@type\":\"ImageObject\",\"inLanguage\":\"es\",\"@id\":\"https:\/\/dara.aragon.es\/dara\/archivosfotograficos\/temas\/transporte-y-automocion\/#primaryimage\",\"url\":\"https:\/\/dara.aragon.es\/dara\/archivosfotograficos\/wp-content\/uploads\/sites\/6\/2024\/05\/AHPZ_MF_REQUEJO_0030-102.jpg\",\"contentUrl\":\"https:\/\/dara.aragon.es\/dara\/archivosfotograficos\/wp-content\/uploads\/sites\/6\/2024\/05\/AHPZ_MF_REQUEJO_0030-102.jpg\",\"width\":606,\"height\":576,\"caption\":\"Archivo Hist\u00f3rico Provincial de Zaragoza. Archivo fotogr\u00e1fico Julio Requejo. Documento audiovisual\"},{\"@type\":\"BreadcrumbList\",\"@id\":\"https:\/\/dara.aragon.es\/dara\/archivosfotograficos\/temas\/transporte-y-automocion\/#breadcrumb\",\"itemListElement\":[{\"@type\":\"ListItem\",\"position\":1,\"name\":\"Fotodara\",\"item\":\"https:\/\/dara.aragon.es\/dara\/archivosfotograficos\/\"},{\"@type\":\"ListItem\",\"position\":2,\"name\":\"Temas\",\"item\":\"https:\/\/dara.aragon.es\/dara\/archivosfotograficos\/temas\/\"},{\"@type\":\"ListItem\",\"position\":3,\"name\":\"Transporte y automoci\u00f3n\"}]},{\"@type\":\"WebSite\",\"@id\":\"https:\/\/dara.aragon.es\/dara\/archivosfotograficos\/#website\",\"url\":\"https:\/\/dara.aragon.es\/dara\/archivosfotograficos\/\",\"name\":\"ARCHIVOS FOTOGR\u00c1FICOS\",\"description\":\"Otro sitio m\u00e1s de PORTALES DARA\",\"potentialAction\":[{\"@type\":\"SearchAction\",\"target\":{\"@type\":\"EntryPoint\",\"urlTemplate\":\"https:\/\/dara.aragon.es\/dara\/archivosfotograficos\/?s={search_term_string}\"},\"query-input\":{\"@type\":\"PropertyValueSpecification\",\"valueRequired\":true,\"valueName\":\"search_term_string\"}}],\"inLanguage\":\"es\"}]}<\/script>\n<!-- \/ Yoast SEO plugin. -->","yoast_head_json":{"title":"Transporte y automoci\u00f3n - ARCHIVOS FOTOGR\u00c1FICOS","robots":{"index":"index","follow":"follow","max-snippet":"max-snippet:-1","max-image-preview":"max-image-preview:large","max-video-preview":"max-video-preview:-1"},"canonical":"https:\/\/dara.aragon.es\/dara\/archivosfotograficos\/temas\/transporte-y-automocion\/","og_locale":"es_ES","og_type":"article","og_title":"Transporte y automoci\u00f3n - ARCHIVOS FOTOGR\u00c1FICOS","og_description":"En los archivos aragoneses se encuentra una riqueza hist\u00f3rica que abarca diversos aspectos de la vida cotidiana, como lo es el transporte y la automoci\u00f3n. Entre los documentos y registros que se conservan, se hallan fotograf\u00edas que testimonian c\u00f3mo el transporte ha sido fundamental para el desarrollo econ\u00f3mico y social a lo largo de los [&hellip;]","og_url":"https:\/\/dara.aragon.es\/dara\/archivosfotograficos\/temas\/transporte-y-automocion\/","og_site_name":"ARCHIVOS FOTOGR\u00c1FICOS","article_modified_time":"2025-10-27T07:35:47+00:00","og_image":[{"width":606,"height":576,"url":"https:\/\/dara.aragon.es\/dara\/archivosfotograficos\/wp-content\/uploads\/sites\/6\/2024\/05\/AHPZ_MF_REQUEJO_0030-102.jpg","type":"image\/jpeg"}],"twitter_card":"summary_large_image","twitter_misc":{"Tiempo de lectura":"3 minutos"},"schema":{"@context":"https:\/\/schema.org","@graph":[{"@type":"WebPage","@id":"https:\/\/dara.aragon.es\/dara\/archivosfotograficos\/temas\/transporte-y-automocion\/","url":"https:\/\/dara.aragon.es\/dara\/archivosfotograficos\/temas\/transporte-y-automocion\/","name":"Transporte y automoci\u00f3n - ARCHIVOS FOTOGR\u00c1FICOS","isPartOf":{"@id":"https:\/\/dara.aragon.es\/dara\/archivosfotograficos\/#website"},"primaryImageOfPage":{"@id":"https:\/\/dara.aragon.es\/dara\/archivosfotograficos\/temas\/transporte-y-automocion\/#primaryimage"},"image":{"@id":"https:\/\/dara.aragon.es\/dara\/archivosfotograficos\/temas\/transporte-y-automocion\/#primaryimage"},"thumbnailUrl":"https:\/\/dara.aragon.es\/dara\/archivosfotograficos\/wp-content\/uploads\/sites\/6\/2024\/05\/AHPZ_MF_REQUEJO_0030-102.jpg","datePublished":"2024-05-13T08:47:16+00:00","dateModified":"2025-10-27T07:35:47+00:00","breadcrumb":{"@id":"https:\/\/dara.aragon.es\/dara\/archivosfotograficos\/temas\/transporte-y-automocion\/#breadcrumb"},"inLanguage":"es","potentialAction":[{"@type":"ReadAction","target":["https:\/\/dara.aragon.es\/dara\/archivosfotograficos\/temas\/transporte-y-automocion\/"]}]},{"@type":"ImageObject","inLanguage":"es","@id":"https:\/\/dara.aragon.es\/dara\/archivosfotograficos\/temas\/transporte-y-automocion\/#primaryimage","url":"https:\/\/dara.aragon.es\/dara\/archivosfotograficos\/wp-content\/uploads\/sites\/6\/2024\/05\/AHPZ_MF_REQUEJO_0030-102.jpg","contentUrl":"https:\/\/dara.aragon.es\/dara\/archivosfotograficos\/wp-content\/uploads\/sites\/6\/2024\/05\/AHPZ_MF_REQUEJO_0030-102.jpg","width":606,"height":576,"caption":"Archivo Hist\u00f3rico Provincial de Zaragoza. Archivo fotogr\u00e1fico Julio Requejo. Documento audiovisual"},{"@type":"BreadcrumbList","@id":"https:\/\/dara.aragon.es\/dara\/archivosfotograficos\/temas\/transporte-y-automocion\/#breadcrumb","itemListElement":[{"@type":"ListItem","position":1,"name":"Fotodara","item":"https:\/\/dara.aragon.es\/dara\/archivosfotograficos\/"},{"@type":"ListItem","position":2,"name":"Temas","item":"https:\/\/dara.aragon.es\/dara\/archivosfotograficos\/temas\/"},{"@type":"ListItem","position":3,"name":"Transporte y automoci\u00f3n"}]},{"@type":"WebSite","@id":"https:\/\/dara.aragon.es\/dara\/archivosfotograficos\/#website","url":"https:\/\/dara.aragon.es\/dara\/archivosfotograficos\/","name":"ARCHIVOS FOTOGR\u00c1FICOS","description":"Otro sitio m\u00e1s de PORTALES DARA","potentialAction":[{"@type":"SearchAction","target":{"@type":"EntryPoint","urlTemplate":"https:\/\/dara.aragon.es\/dara\/archivosfotograficos\/?s={search_term_string}"},"query-input":{"@type":"PropertyValueSpecification","valueRequired":true,"valueName":"search_term_string"}}],"inLanguage":"es"}]}},"_links":{"self":[{"href":"https:\/\/dara.aragon.es\/dara\/archivosfotograficos\/wp-json\/wp\/v2\/pages\/3613","targetHints":{"allow":["GET"]}}],"collection":[{"href":"https:\/\/dara.aragon.es\/dara\/archivosfotograficos\/wp-json\/wp\/v2\/pages"}],"about":[{"href":"https:\/\/dara.aragon.es\/dara\/archivosfotograficos\/wp-json\/wp\/v2\/types\/page"}],"author":[{"embeddable":true,"href":"https:\/\/dara.aragon.es\/dara\/archivosfotograficos\/wp-json\/wp\/v2\/users\/31"}],"replies":[{"embeddable":true,"href":"https:\/\/dara.aragon.es\/dara\/archivosfotograficos\/wp-json\/wp\/v2\/comments?post=3613"}],"version-history":[{"count":12,"href":"https:\/\/dara.aragon.es\/dara\/archivosfotograficos\/wp-json\/wp\/v2\/pages\/3613\/revisions"}],"predecessor-version":[{"id":5554,"href":"https:\/\/dara.aragon.es\/dara\/archivosfotograficos\/wp-json\/wp\/v2\/pages\/3613\/revisions\/5554"}],"up":[{"embeddable":true,"href":"https:\/\/dara.aragon.es\/dara\/archivosfotograficos\/wp-json\/wp\/v2\/pages\/86"}],"wp:featuredmedia":[{"embeddable":true,"href":"https:\/\/dara.aragon.es\/dara\/archivosfotograficos\/wp-json\/wp\/v2\/media\/3377"}],"wp:attachment":[{"href":"https:\/\/dara.aragon.es\/dara\/archivosfotograficos\/wp-json\/wp\/v2\/media?parent=3613"}],"curies":[{"name":"wp","href":"https:\/\/api.w.org\/{rel}","templated":true}]}}