{"id":3619,"date":"2024-05-13T11:28:29","date_gmt":"2024-05-13T09:28:29","guid":{"rendered":"https:\/\/dara.aragon.es\/dara\/archivosfotograficos\/?page_id=3619"},"modified":"2025-10-27T11:50:30","modified_gmt":"2025-10-27T10:50:30","slug":"retratos","status":"publish","type":"page","link":"https:\/\/dara.aragon.es\/dara\/archivosfotograficos\/temas\/retratos\/","title":{"rendered":"Retratos"},"content":{"rendered":"<p>[et_pb_section fb_built=\u00bb1&#8243; _builder_version=\u00bb4.27.4&#8243; _module_preset=\u00bbdefault\u00bb custom_padding=\u00bb0px||0px||true|false\u00bb hover_enabled=\u00bb0&#8243; global_colors_info=\u00bb{}\u00bb theme_builder_area=\u00bbpost_content\u00bb border_width_bottom=\u00bb3px\u00bb border_color_bottom=\u00bb#0D3857&#8243; sticky_enabled=\u00bb0&#8243;][et_pb_row make_equal=\u00bbon\u00bb _builder_version=\u00bb4.20.2&#8243; _module_preset=\u00bbdefault\u00bb width=\u00bb100%\u00bb max_width=\u00bb1410px\u00bb custom_padding=\u00bb||||false|false\u00bb global_colors_info=\u00bb{}\u00bb theme_builder_area=\u00bbpost_content\u00bb][et_pb_column type=\u00bb4_4&#8243; _builder_version=\u00bb4.20.2&#8243; _module_preset=\u00bbdefault\u00bb global_colors_info=\u00bb{}\u00bb theme_builder_area=\u00bbpost_content\u00bb][et_pb_text _builder_version=\u00bb4.20.2&#8243; _module_preset=\u00bbdefault\u00bb global_colors_info=\u00bb{}\u00bb theme_builder_area=\u00bbpost_content\u00bb]<\/p>\n<div style=\"text-align: justify\">Desde los arist\u00f3cratas hasta los campesinos, desde los ni\u00f1os hasta los ancianos, cada retrato nos invita a reflexionar que, a pesar de las diferencias de lugar y tiempo, las experiencias y emociones siguen siendo las mismas.<\/div>\n<div style=\"text-align: justify\">A trav\u00e9s de estas im\u00e1genes, se puede explorar la moda, las costumbres, as\u00ed como los estilos de vida de los siglos XIX y XX.<\/div>\n<p>[\/et_pb_text][\/et_pb_column][\/et_pb_row][et_pb_row column_structure=\u00bb1_4,1_4,1_4,1_4&#8243; _builder_version=\u00bb4.27.4&#8243; _module_preset=\u00bbdefault\u00bb locked=\u00bboff\u00bb global_colors_info=\u00bb{}\u00bb theme_builder_area=\u00bbpost_content\u00bb][et_pb_column type=\u00bb1_4&#8243; _builder_version=\u00bb4.27.4&#8243; _module_preset=\u00bbdefault\u00bb global_colors_info=\u00bb{}\u00bb theme_builder_area=\u00bbpost_content\u00bb][et_pb_blurb title=\u00bbRetratos de familia\u00bb url=\u00bbhttps:\/\/dara.aragon.es\/opac\/app\/results\/arfo?p=0&#038;q=retratos&#038;ob=re:1&#038;vm=mv&#038;ft=descriptor:Retratos+de+familia\u00bb url_new_window=\u00bbon\u00bb image=\u00bbhttps:\/\/dara.aragon.es\/dara\/archivosfotograficos\/wp-content\/uploads\/sites\/6\/2025\/10\/retratos-familia.jpg\u00bb _builder_version=\u00bb4.27.4&#8243; _module_preset=\u00bbdefault\u00bb link_option_url=\u00bbhttps:\/\/dara.aragon.es\/opac\/app\/results\/arfo?p=0&#038;q=retratos&#038;ob=re:1&#038;vm=mv&#038;ft=descriptor:Retratos+de+familia\u00bb link_option_url_new_window=\u00bbon\u00bb global_colors_info=\u00bb{}\u00bb theme_builder_area=\u00bbpost_content\u00bb][\/et_pb_blurb][\/et_pb_column][et_pb_column type=\u00bb1_4&#8243; _builder_version=\u00bb4.27.4&#8243; _module_preset=\u00bbdefault\u00bb global_colors_info=\u00bb{}\u00bb theme_builder_area=\u00bbpost_content\u00bb][et_pb_blurb title=\u00bbRetratos de hombres\u00bb url=\u00bbhttps:\/\/dara.aragon.es\/opac\/app\/results\/arfo?p=0&#038;q=retratos&#038;ob=re:1&#038;vm=mv&#038;ft=descriptor:Retratos+de+hombres\u00bb url_new_window=\u00bbon\u00bb image=\u00bbhttps:\/\/dara.aragon.es\/dara\/archivosfotograficos\/wp-content\/uploads\/sites\/6\/2025\/10\/retratos-hombres.jpg\u00bb _builder_version=\u00bb4.27.4&#8243; _module_preset=\u00bbdefault\u00bb link_option_url=\u00bbhttps:\/\/dara.aragon.es\/opac\/app\/results\/arfo?p=0&#038;q=retratos&#038;ob=re:1&#038;vm=mv&#038;ft=descriptor:Retratos+de+hombres\u00bb link_option_url_new_window=\u00bbon\u00bb global_colors_info=\u00bb{}\u00bb theme_builder_area=\u00bbpost_content\u00bb][\/et_pb_blurb][\/et_pb_column][et_pb_column type=\u00bb1_4&#8243; _builder_version=\u00bb4.27.4&#8243; _module_preset=\u00bbdefault\u00bb global_colors_info=\u00bb{}\u00bb theme_builder_area=\u00bbpost_content\u00bb][et_pb_blurb title=\u00bbRetratos de mujeres\u00bb url=\u00bbhttps:\/\/dara.aragon.es\/opac\/app\/results\/arfo?p=0&#038;q=retratos&#038;ob=re:1&#038;vm=mv&#038;ft=descriptor:Retratos+de+mujeres\u00bb url_new_window=\u00bbon\u00bb image=\u00bbhttps:\/\/dara.aragon.es\/dara\/archivosfotograficos\/wp-content\/uploads\/sites\/6\/2025\/10\/retratos-mujeres.jpg\u00bb _builder_version=\u00bb4.27.4&#8243; _module_preset=\u00bbdefault\u00bb link_option_url=\u00bbhttps:\/\/dara.aragon.es\/opac\/app\/results\/arfo?p=0&#038;q=retratos&#038;ob=re:1&#038;vm=mv&#038;ft=descriptor:Retratos+de+mujeres\u00bb link_option_url_new_window=\u00bbon\u00bb global_colors_info=\u00bb{}\u00bb theme_builder_area=\u00bbpost_content\u00bb][\/et_pb_blurb][\/et_pb_column][et_pb_column type=\u00bb1_4&#8243; _builder_version=\u00bb4.27.4&#8243; _module_preset=\u00bbdefault\u00bb global_colors_info=\u00bb{}\u00bb theme_builder_area=\u00bbpost_content\u00bb][et_pb_blurb title=\u00bbRetratos de ni\u00f1os y ni\u00f1as\u00bb url=\u00bbhttps:\/\/dara.aragon.es\/opac\/app\/results\/arfo?p=0&#038;q=retratos&#038;ob=re:1&#038;vm=mv&#038;ft=descriptor:Retratos+de+ni%C3%B1os\u00bb url_new_window=\u00bbon\u00bb image=\u00bbhttps:\/\/dara.aragon.es\/dara\/archivosfotograficos\/wp-content\/uploads\/sites\/6\/2025\/10\/retratos-ninos-ninas.jpg\u00bb _builder_version=\u00bb4.27.4&#8243; _module_preset=\u00bbdefault\u00bb link_option_url=\u00bbhttps:\/\/dara.aragon.es\/opac\/app\/results\/arfo?p=0&#038;q=retratos&#038;ob=re:1&#038;vm=mv&#038;ft=descriptor:Retratos+de+ni%C3%B1os\u00bb link_option_url_new_window=\u00bbon\u00bb global_colors_info=\u00bb{}\u00bb theme_builder_area=\u00bbpost_content\u00bb][\/et_pb_blurb][\/et_pb_column][\/et_pb_row][\/et_pb_section][et_pb_section fb_built=\u00bb1&#8243; theme_builder_area=\u00bbpost_content\u00bb _builder_version=\u00bb4.27.4&#8243; _module_preset=\u00bbdefault\u00bb hover_enabled=\u00bb0&#8243; sticky_enabled=\u00bb0&#8243;][et_pb_row _builder_version=\u00bb4.27.4&#8243; _module_preset=\u00bbdefault\u00bb theme_builder_area=\u00bbpost_content\u00bb][et_pb_column _builder_version=\u00bb4.27.4&#8243; _module_preset=\u00bbdefault\u00bb type=\u00bb4_4&#8243; theme_builder_area=\u00bbpost_content\u00bb][et_pb_text _builder_version=\u00bb4.27.4&#8243; _module_preset=\u00bbdefault\u00bb theme_builder_area=\u00bbpost_content\u00bb header_2_font=\u00bb|||on|||||\u00bb header_2_text_color=\u00bb#26528D\u00bb hover_enabled=\u00bb0&#8243; sticky_enabled=\u00bb0&#8243;]<\/p>\n<h2 style=\"text-align: center;\">Retratos destacados<\/h2>\n<p>[\/et_pb_text][lwp_image_carousel _builder_version=\u00bb4.27.4&#8243; _module_preset=\u00bbdefault\u00bb theme_builder_area=\u00bbpost_content\u00bb gallery_ids=\u00bb5653,5652,5651,5649,5648,5647,5646,5645&#8243; slides_show=\u00bb6&#8243; hover_enabled=\u00bb0&#8243; sticky_enabled=\u00bb0&#8243;][\/lwp_image_carousel][\/et_pb_column][\/et_pb_row][\/et_pb_section]<\/p>\n","protected":false},"excerpt":{"rendered":"<p>Desde los arist\u00f3cratas hasta los campesinos, desde los ni\u00f1os hasta los ancianos, cada retrato nos invita a reflexionar que, a pesar de las diferencias de lugar y tiempo, las experiencias y emociones siguen siendo las mismas. A trav\u00e9s de estas im\u00e1genes, se puede explorar la moda, las costumbres, as\u00ed como los estilos de vida de [&hellip;]<\/p>\n","protected":false},"author":31,"featured_media":3622,"parent":86,"menu_order":0,"comment_status":"closed","ping_status":"closed","template":"","meta":{"_et_pb_use_builder":"on","_et_pb_old_content":"","_et_gb_content_width":"","footnotes":""},"class_list":["post-3619","page","type-page","status-publish","has-post-thumbnail","hentry"],"yoast_head":"<!-- This site is optimized with the Yoast SEO plugin v26.2 - https:\/\/yoast.com\/wordpress\/plugins\/seo\/ -->\n<title>Retratos - ARCHIVOS FOTOGR\u00c1FICOS<\/title>\n<meta name=\"robots\" content=\"index, follow, max-snippet:-1, max-image-preview:large, max-video-preview:-1\" \/>\n<link rel=\"canonical\" href=\"https:\/\/dara.aragon.es\/dara\/archivosfotograficos\/temas\/retratos\/\" \/>\n<meta property=\"og:locale\" content=\"es_ES\" \/>\n<meta property=\"og:type\" content=\"article\" \/>\n<meta property=\"og:title\" content=\"Retratos - ARCHIVOS FOTOGR\u00c1FICOS\" \/>\n<meta property=\"og:description\" content=\"Desde los arist\u00f3cratas hasta los campesinos, desde los ni\u00f1os hasta los ancianos, cada retrato nos invita a reflexionar que, a pesar de las diferencias de lugar y tiempo, las experiencias y emociones siguen siendo las mismas. A trav\u00e9s de estas im\u00e1genes, se puede explorar la moda, las costumbres, as\u00ed como los estilos de vida de [&hellip;]\" \/>\n<meta property=\"og:url\" content=\"https:\/\/dara.aragon.es\/dara\/archivosfotograficos\/temas\/retratos\/\" \/>\n<meta property=\"og:site_name\" content=\"ARCHIVOS FOTOGR\u00c1FICOS\" \/>\n<meta property=\"article:modified_time\" content=\"2025-10-27T10:50:30+00:00\" \/>\n<meta property=\"og:image\" content=\"https:\/\/dara.aragon.es\/dara\/archivosfotograficos\/wp-content\/uploads\/sites\/6\/2024\/05\/AHPZ_MF_COYNE_003983.jpg\" \/>\n\t<meta property=\"og:image:width\" content=\"538\" \/>\n\t<meta property=\"og:image:height\" content=\"800\" \/>\n\t<meta property=\"og:image:type\" content=\"image\/jpeg\" \/>\n<meta name=\"twitter:card\" content=\"summary_large_image\" \/>\n<meta name=\"twitter:label1\" content=\"Tiempo de lectura\" \/>\n\t<meta name=\"twitter:data1\" content=\"4 minutos\" \/>\n<script type=\"application\/ld+json\" class=\"yoast-schema-graph\">{\"@context\":\"https:\/\/schema.org\",\"@graph\":[{\"@type\":\"WebPage\",\"@id\":\"https:\/\/dara.aragon.es\/dara\/archivosfotograficos\/temas\/retratos\/\",\"url\":\"https:\/\/dara.aragon.es\/dara\/archivosfotograficos\/temas\/retratos\/\",\"name\":\"Retratos - ARCHIVOS FOTOGR\u00c1FICOS\",\"isPartOf\":{\"@id\":\"https:\/\/dara.aragon.es\/dara\/archivosfotograficos\/#website\"},\"primaryImageOfPage\":{\"@id\":\"https:\/\/dara.aragon.es\/dara\/archivosfotograficos\/temas\/retratos\/#primaryimage\"},\"image\":{\"@id\":\"https:\/\/dara.aragon.es\/dara\/archivosfotograficos\/temas\/retratos\/#primaryimage\"},\"thumbnailUrl\":\"https:\/\/dara.aragon.es\/dara\/archivosfotograficos\/wp-content\/uploads\/sites\/6\/2024\/05\/AHPZ_MF_COYNE_003983.jpg\",\"datePublished\":\"2024-05-13T09:28:29+00:00\",\"dateModified\":\"2025-10-27T10:50:30+00:00\",\"breadcrumb\":{\"@id\":\"https:\/\/dara.aragon.es\/dara\/archivosfotograficos\/temas\/retratos\/#breadcrumb\"},\"inLanguage\":\"es\",\"potentialAction\":[{\"@type\":\"ReadAction\",\"target\":[\"https:\/\/dara.aragon.es\/dara\/archivosfotograficos\/temas\/retratos\/\"]}]},{\"@type\":\"ImageObject\",\"inLanguage\":\"es\",\"@id\":\"https:\/\/dara.aragon.es\/dara\/archivosfotograficos\/temas\/retratos\/#primaryimage\",\"url\":\"https:\/\/dara.aragon.es\/dara\/archivosfotograficos\/wp-content\/uploads\/sites\/6\/2024\/05\/AHPZ_MF_COYNE_003983.jpg\",\"contentUrl\":\"https:\/\/dara.aragon.es\/dara\/archivosfotograficos\/wp-content\/uploads\/sites\/6\/2024\/05\/AHPZ_MF_COYNE_003983.jpg\",\"width\":538,\"height\":800},{\"@type\":\"BreadcrumbList\",\"@id\":\"https:\/\/dara.aragon.es\/dara\/archivosfotograficos\/temas\/retratos\/#breadcrumb\",\"itemListElement\":[{\"@type\":\"ListItem\",\"position\":1,\"name\":\"Fotodara\",\"item\":\"https:\/\/dara.aragon.es\/dara\/archivosfotograficos\/\"},{\"@type\":\"ListItem\",\"position\":2,\"name\":\"Temas\",\"item\":\"https:\/\/dara.aragon.es\/dara\/archivosfotograficos\/temas\/\"},{\"@type\":\"ListItem\",\"position\":3,\"name\":\"Retratos\"}]},{\"@type\":\"WebSite\",\"@id\":\"https:\/\/dara.aragon.es\/dara\/archivosfotograficos\/#website\",\"url\":\"https:\/\/dara.aragon.es\/dara\/archivosfotograficos\/\",\"name\":\"ARCHIVOS FOTOGR\u00c1FICOS\",\"description\":\"Otro sitio m\u00e1s de PORTALES DARA\",\"potentialAction\":[{\"@type\":\"SearchAction\",\"target\":{\"@type\":\"EntryPoint\",\"urlTemplate\":\"https:\/\/dara.aragon.es\/dara\/archivosfotograficos\/?s={search_term_string}\"},\"query-input\":{\"@type\":\"PropertyValueSpecification\",\"valueRequired\":true,\"valueName\":\"search_term_string\"}}],\"inLanguage\":\"es\"}]}<\/script>\n<!-- \/ Yoast SEO plugin. -->","yoast_head_json":{"title":"Retratos - ARCHIVOS FOTOGR\u00c1FICOS","robots":{"index":"index","follow":"follow","max-snippet":"max-snippet:-1","max-image-preview":"max-image-preview:large","max-video-preview":"max-video-preview:-1"},"canonical":"https:\/\/dara.aragon.es\/dara\/archivosfotograficos\/temas\/retratos\/","og_locale":"es_ES","og_type":"article","og_title":"Retratos - ARCHIVOS FOTOGR\u00c1FICOS","og_description":"Desde los arist\u00f3cratas hasta los campesinos, desde los ni\u00f1os hasta los ancianos, cada retrato nos invita a reflexionar que, a pesar de las diferencias de lugar y tiempo, las experiencias y emociones siguen siendo las mismas. A trav\u00e9s de estas im\u00e1genes, se puede explorar la moda, las costumbres, as\u00ed como los estilos de vida de [&hellip;]","og_url":"https:\/\/dara.aragon.es\/dara\/archivosfotograficos\/temas\/retratos\/","og_site_name":"ARCHIVOS FOTOGR\u00c1FICOS","article_modified_time":"2025-10-27T10:50:30+00:00","og_image":[{"width":538,"height":800,"url":"https:\/\/dara.aragon.es\/dara\/archivosfotograficos\/wp-content\/uploads\/sites\/6\/2024\/05\/AHPZ_MF_COYNE_003983.jpg","type":"image\/jpeg"}],"twitter_card":"summary_large_image","twitter_misc":{"Tiempo de lectura":"4 minutos"},"schema":{"@context":"https:\/\/schema.org","@graph":[{"@type":"WebPage","@id":"https:\/\/dara.aragon.es\/dara\/archivosfotograficos\/temas\/retratos\/","url":"https:\/\/dara.aragon.es\/dara\/archivosfotograficos\/temas\/retratos\/","name":"Retratos - ARCHIVOS FOTOGR\u00c1FICOS","isPartOf":{"@id":"https:\/\/dara.aragon.es\/dara\/archivosfotograficos\/#website"},"primaryImageOfPage":{"@id":"https:\/\/dara.aragon.es\/dara\/archivosfotograficos\/temas\/retratos\/#primaryimage"},"image":{"@id":"https:\/\/dara.aragon.es\/dara\/archivosfotograficos\/temas\/retratos\/#primaryimage"},"thumbnailUrl":"https:\/\/dara.aragon.es\/dara\/archivosfotograficos\/wp-content\/uploads\/sites\/6\/2024\/05\/AHPZ_MF_COYNE_003983.jpg","datePublished":"2024-05-13T09:28:29+00:00","dateModified":"2025-10-27T10:50:30+00:00","breadcrumb":{"@id":"https:\/\/dara.aragon.es\/dara\/archivosfotograficos\/temas\/retratos\/#breadcrumb"},"inLanguage":"es","potentialAction":[{"@type":"ReadAction","target":["https:\/\/dara.aragon.es\/dara\/archivosfotograficos\/temas\/retratos\/"]}]},{"@type":"ImageObject","inLanguage":"es","@id":"https:\/\/dara.aragon.es\/dara\/archivosfotograficos\/temas\/retratos\/#primaryimage","url":"https:\/\/dara.aragon.es\/dara\/archivosfotograficos\/wp-content\/uploads\/sites\/6\/2024\/05\/AHPZ_MF_COYNE_003983.jpg","contentUrl":"https:\/\/dara.aragon.es\/dara\/archivosfotograficos\/wp-content\/uploads\/sites\/6\/2024\/05\/AHPZ_MF_COYNE_003983.jpg","width":538,"height":800},{"@type":"BreadcrumbList","@id":"https:\/\/dara.aragon.es\/dara\/archivosfotograficos\/temas\/retratos\/#breadcrumb","itemListElement":[{"@type":"ListItem","position":1,"name":"Fotodara","item":"https:\/\/dara.aragon.es\/dara\/archivosfotograficos\/"},{"@type":"ListItem","position":2,"name":"Temas","item":"https:\/\/dara.aragon.es\/dara\/archivosfotograficos\/temas\/"},{"@type":"ListItem","position":3,"name":"Retratos"}]},{"@type":"WebSite","@id":"https:\/\/dara.aragon.es\/dara\/archivosfotograficos\/#website","url":"https:\/\/dara.aragon.es\/dara\/archivosfotograficos\/","name":"ARCHIVOS FOTOGR\u00c1FICOS","description":"Otro sitio m\u00e1s de PORTALES DARA","potentialAction":[{"@type":"SearchAction","target":{"@type":"EntryPoint","urlTemplate":"https:\/\/dara.aragon.es\/dara\/archivosfotograficos\/?s={search_term_string}"},"query-input":{"@type":"PropertyValueSpecification","valueRequired":true,"valueName":"search_term_string"}}],"inLanguage":"es"}]}},"_links":{"self":[{"href":"https:\/\/dara.aragon.es\/dara\/archivosfotograficos\/wp-json\/wp\/v2\/pages\/3619","targetHints":{"allow":["GET"]}}],"collection":[{"href":"https:\/\/dara.aragon.es\/dara\/archivosfotograficos\/wp-json\/wp\/v2\/pages"}],"about":[{"href":"https:\/\/dara.aragon.es\/dara\/archivosfotograficos\/wp-json\/wp\/v2\/types\/page"}],"author":[{"embeddable":true,"href":"https:\/\/dara.aragon.es\/dara\/archivosfotograficos\/wp-json\/wp\/v2\/users\/31"}],"replies":[{"embeddable":true,"href":"https:\/\/dara.aragon.es\/dara\/archivosfotograficos\/wp-json\/wp\/v2\/comments?post=3619"}],"version-history":[{"count":18,"href":"https:\/\/dara.aragon.es\/dara\/archivosfotograficos\/wp-json\/wp\/v2\/pages\/3619\/revisions"}],"predecessor-version":[{"id":5657,"href":"https:\/\/dara.aragon.es\/dara\/archivosfotograficos\/wp-json\/wp\/v2\/pages\/3619\/revisions\/5657"}],"up":[{"embeddable":true,"href":"https:\/\/dara.aragon.es\/dara\/archivosfotograficos\/wp-json\/wp\/v2\/pages\/86"}],"wp:featuredmedia":[{"embeddable":true,"href":"https:\/\/dara.aragon.es\/dara\/archivosfotograficos\/wp-json\/wp\/v2\/media\/3622"}],"wp:attachment":[{"href":"https:\/\/dara.aragon.es\/dara\/archivosfotograficos\/wp-json\/wp\/v2\/media?parent=3619"}],"curies":[{"name":"wp","href":"https:\/\/api.w.org\/{rel}","templated":true}]}}