{"id":29,"date":"2025-04-08T16:23:25","date_gmt":"2025-04-08T14:23:25","guid":{"rendered":"https:\/\/dara.aragon.es\/dara\/bolea\/?page_id=29"},"modified":"2025-04-09T06:39:54","modified_gmt":"2025-04-09T04:39:54","slug":"partido-aragones","status":"publish","type":"page","link":"https:\/\/dara.aragon.es\/dara\/bolea\/partido-aragones\/","title":{"rendered":"Partido Aragon\u00e9s"},"content":{"rendered":"<p>[et_pb_section fb_built=\u00bb1&#8243; fullwidth=\u00bbon\u00bb admin_label=\u00bbHeader Section\u00bb _builder_version=\u00bb4.20.2&#8243; background_color=\u00bb#0D3857&#8243; background_enable_image=\u00bboff\u00bb parallax=\u00bbon\u00bb custom_padding=\u00bb|||\u00bb saved_tabs=\u00bball\u00bb locked=\u00bboff\u00bb global_colors_info=\u00bb{}\u00bb][et_pb_fullwidth_post_title meta=\u00bboff\u00bb featured_image=\u00bboff\u00bb _builder_version=\u00bb4.25.1&#8243; _module_preset=\u00bbdefault\u00bb title_font=\u00bb&#8211;et_global_heading_font|||on|||||\u00bb title_text_align=\u00bbcenter\u00bb title_text_color=\u00bb#FFFFFF\u00bb title_font_size=\u00bb38px\u00bb background_color=\u00bb#0D3857&#8243; custom_padding=\u00bb3%||3%||false|false\u00bb global_colors_info=\u00bb{}\u00bb][\/et_pb_fullwidth_post_title][\/et_pb_section][et_pb_section fb_built=\u00bb1&#8243; admin_label=\u00bbSecci\u00f3n\u00bb _builder_version=\u00bb4.27.0&#8243; _module_preset=\u00bbdefault\u00bb locked=\u00bboff\u00bb global_colors_info=\u00bb%91%93&#8243;][et_pb_row column_structure=\u00bb1_5,3_5,1_5&#8243; _builder_version=\u00bb4.27.0&#8243; _module_preset=\u00bbdefault\u00bb max_width=\u00bb80%\u00bb global_colors_info=\u00bb%91%93&#8243;][et_pb_column type=\u00bb1_5&#8243; _builder_version=\u00bb4.27.0&#8243; _module_preset=\u00bbdefault\u00bb background_enable_image=\u00bboff\u00bb global_colors_info=\u00bb{}\u00bb][et_pb_image src=\u00bbhttps:\/\/dara.aragon.es\/dara\/wp-content\/uploads\/2024\/10\/AHPHU_BOLEA_00001_0006_0016-scaled-e1728982288547.jpg\u00bb alt=\u00bbJuan Antonio Bolea Foradada\u00bb title_text=\u00bbAHPHU_BOLEA_00001_0006_0016&#8243; _builder_version=\u00bb4.27.2&#8243; _module_preset=\u00bbdefault\u00bb global_colors_info=\u00bb{}\u00bb][\/et_pb_image][et_pb_button button_url=\u00bbhttps:\/\/dara.aragon.es\/opac\/app\/item\/jabf?p=0&#038;q=*&#038;pa=1&#038;ob=re:1&#038;vm=nv&#038;i=1270326&#8243; url_new_window=\u00bbon\u00bb button_text=\u00bbDescripci\u00f3n del fondo \u00bb _builder_version=\u00bb4.27.2&#8243; _module_preset=\u00bbdefault\u00bb global_colors_info=\u00bb%91%93&#8243; custom_button=\u00bbon\u00bb button_border_width=\u00bb0px\u00bb button_text_size=\u00bb16px\u00bb button_border_radius=\u00bb0px\u00bb button_icon=\u00bb&#xf35d;||fa||900&#8243; button_on_hover=\u00bboff\u00bb custom_margin=\u00bb||0px||false|false\u00bb][\/et_pb_button][et_pb_button button_url=\u00bbhttps:\/\/dara.aragon.es\/opac\/app\/classification\/jabf\u00bb url_new_window=\u00bbon\u00bb button_text=\u00bbCuadro de clasificaci\u00f3n\u00bb _builder_version=\u00bb4.27.4&#8243; _module_preset=\u00bbdefault\u00bb global_colors_info=\u00bb%91%93&#8243; custom_button=\u00bbon\u00bb button_border_width=\u00bb0px\u00bb button_text_size=\u00bb16px\u00bb button_border_radius=\u00bb0px\u00bb button_icon=\u00bb&#xf35d;||fa||900&#8243; button_on_hover=\u00bboff\u00bb custom_margin=\u00bb0px||||false|false\u00bb custom_padding=\u00bb0px||||false|false\u00bb hover_enabled=\u00bb0&#8243; sticky_enabled=\u00bb0&#8243; locked=\u00bboff\u00bb][\/et_pb_button][\/et_pb_column][et_pb_column type=\u00bb3_5&#8243; _builder_version=\u00bb4.27.0&#8243; _module_preset=\u00bbdefault\u00bb background_enable_image=\u00bboff\u00bb global_colors_info=\u00bb{}\u00bb][et_pb_text _builder_version=\u00bb4.27.2&#8243; _module_preset=\u00bbdefault\u00bb global_colors_info=\u00bb%91%93&#8243;]<\/p>\n<p>Juan Antonio Bolea Foradada tras abandonar el partido de UCD pas\u00f3 a formar parte del Partido Aragon\u00e9s (PAR) de Hip\u00f3lito G\u00f3mez de las Roces, con el que repiti\u00f3 como senador por Zaragoza y diputado en las Cortes de Arag\u00f3n desde 1983 hasta 1999. Durante su militancia en el Partido Aragon\u00e9s Juan Antonio Bolea Foradada contribuy\u00f3 de forma significativa en la organizaci\u00f3n del partido, su ideolog\u00eda y en las estrategias y l\u00edneas pol\u00edticas a seguir. Adem\u00e1s,\u00a0 elabor\u00f3 y estudi\u00f3 propuestas y enmiendas referentes al tema del agua en Arag\u00f3n, pactos auton\u00f3micos y procedimientos de adquisici\u00f3n de competencias pol\u00edticas.<\/p>\n<p>&nbsp;<\/p>\n<p>&nbsp;<\/p>\n<p>[\/et_pb_text][et_pb_tabs _builder_version=\u00bb4.27.2&#8243; _module_preset=\u00bbdefault\u00bb global_colors_info=\u00bb{}\u00bb][et_pb_tab title=\u00bbVOLUMEN Y SOPORTE\u00bb _builder_version=\u00bb4.27.2&#8243; _module_preset=\u00bbdefault\u00bb global_colors_info=\u00bb{}\u00bb]<\/p>\n<p>35 expedientes<\/p>\n<p><span>5 fotograf\u00edas<\/span><\/p>\n<p><span>1 documento audiovisual<\/span><\/p>\n<p>&nbsp;<\/p>\n<p>[\/et_pb_tab][et_pb_tab title=\u00bbALCANCE Y CONTENIDO\u00bb _builder_version=\u00bb4.27.0&#8243; _module_preset=\u00bbdefault\u00bb global_colors_info=\u00bb{}\u00bb]<\/p>\n<p><span>Contiene documentos referentes a su militancia en el Partido Aragon\u00e9s en forma de boletines informativos producidos por el partido, programas electorales, informes sobre el pacto del agua, alegaciones sobre el anteproyecto del Plan Hidrol\u00f3gico Nacional, circulares del partido, correspondencia pol\u00edtica, folletos sobre la organizaci\u00f3n del partido, estrategias e ideolog\u00eda del Partido Aragon\u00e9s y propuestas de mociones en las Cortes de Arag\u00f3n.<\/span><\/p>\n<p>[\/et_pb_tab][et_pb_tab title=\u00bbM\u00c1S INFORMACI\u00d3N\u00bb _builder_version=\u00bb4.27.2&#8243; _module_preset=\u00bbdefault\u00bb global_colors_info=\u00bb{}\u00bb]<\/p>\n<p>El fondo ha estado en manos de su familia hasta el viernes 19 de abril del a\u00f1o 2024, d\u00eda en el que con motivo de la festividad de San Jorge se realiz\u00f3 la entrega del fondo por parte de la familia y el Gobierno de Arag\u00f3n al Archivo Hist\u00f3rico Provincial de Huesca.<\/p>\n<p>[\/et_pb_tab][\/et_pb_tabs][\/et_pb_column][et_pb_column type=\u00bb1_5&#8243; _builder_version=\u00bb4.27.0&#8243; _module_preset=\u00bbdefault\u00bb global_colors_info=\u00bb{}\u00bb][et_pb_blurb title=\u00bbBuscar documentos\u00bb use_icon=\u00bbon\u00bb font_icon=\u00bb&#x55;||divi||400&#8243; icon_placement=\u00bbleft\u00bb image_icon_width=\u00bb30px\u00bb _builder_version=\u00bb4.27.2&#8243; _module_preset=\u00bb1ea53d41-9439-472c-8d8b-7bddb3bf9444&#8243; link_option_url=\u00bbhttps:\/\/dara.aragon.es\/opac\/app\/simple\/jabf\u00bb link_option_url_new_window=\u00bbon\u00bb locked=\u00bboff\u00bb global_colors_info=\u00bb{%22#0e0c19%22:%91%22header_text_color%22,%22header_text_color%22%93,%22#ffc300%22:%91%22icon_color%22,%22icon_color%22%93,%22#3c3a47%22:%91%22body_text_color%22%93}\u00bb][\/et_pb_blurb][et_pb_blurb title=\u00bbDocumentos pol\u00edticos PAR\u00bb use_icon=\u00bbon\u00bb font_icon=\u00bb&#xe101;||divi||400&#8243; icon_placement=\u00bbleft\u00bb image_icon_width=\u00bb30px\u00bb _builder_version=\u00bb4.27.2&#8243; _module_preset=\u00bb1ea53d41-9439-472c-8d8b-7bddb3bf9444&#8243; link_option_url=\u00bbhttps:\/\/dara.aragon.es\/opac\/app\/results\/?st=.3.116.125.129.1270326.1278346.1276460&#038;ob=df:1&#8243; link_option_url_new_window=\u00bbon\u00bb locked=\u00bboff\u00bb global_colors_info=\u00bb{%22#0e0c19%22:%91%22header_text_color%22,%22header_text_color%22%93,%22#ffc300%22:%91%22icon_color%22,%22icon_color%22%93,%22#3c3a47%22:%91%22body_text_color%22%93}\u00bb][\/et_pb_blurb][et_pb_blurb title=\u00bbFotograf\u00edas PAR\u00bb use_icon=\u00bbon\u00bb font_icon=\u00bb&#xf03e;||fa||900&#8243; icon_placement=\u00bbleft\u00bb image_icon_width=\u00bb30px\u00bb _builder_version=\u00bb4.27.2&#8243; _module_preset=\u00bb1ea53d41-9439-472c-8d8b-7bddb3bf9444&#8243; link_option_url=\u00bbhttps:\/\/dara.aragon.es\/opac\/app\/results\/?q=Partido+Aragon%C3%A9s+Bolea+Foradada&#038;pmp=%25foto%25,foto&#038;ob=df:1&#8243; link_option_url_new_window=\u00bbon\u00bb locked=\u00bboff\u00bb global_colors_info=\u00bb{%22#0e0c19%22:%91%22header_text_color%22,%22header_text_color%22,%22header_text_color%22,%22header_text_color%22%93,%22#ffc300%22:%91%22icon_color%22,%22icon_color%22,%22icon_color%22,%22icon_color%22%93,%22#3c3a47%22:%91%22body_text_color%22,%22body_text_color%22%93}\u00bb][\/et_pb_blurb][et_pb_blurb title=\u00bbVideos\u00bb use_icon=\u00bbon\u00bb font_icon=\u00bb&#xe024;||divi||400&#8243; icon_placement=\u00bbleft\u00bb image_icon_width=\u00bb30px\u00bb _builder_version=\u00bb4.27.2&#8243; _module_preset=\u00bb1ea53d41-9439-472c-8d8b-7bddb3bf9444&#8243; link_option_url=\u00bbhttps:\/\/dara.aragon.es\/opac\/app\/item\/?p=0&#038;st=.3.116.125.129.1270326.1276456.1277570&#038;ob=df:1&#038;vm=nv&#038;i=1277617&#8243; link_option_url_new_window=\u00bbon\u00bb locked=\u00bboff\u00bb global_colors_info=\u00bb{%22#0e0c19%22:%91%22header_text_color%22,%22header_text_color%22,%22header_text_color%22,%22header_text_color%22%93,%22#ffc300%22:%91%22icon_color%22,%22icon_color%22,%22icon_color%22,%22icon_color%22%93,%22#3c3a47%22:%91%22body_text_color%22,%22body_text_color%22%93}\u00bb][\/et_pb_blurb][\/et_pb_column][\/et_pb_row][\/et_pb_section]<\/p>\n","protected":false},"excerpt":{"rendered":"<p>Juan Antonio Bolea Foradada tras abandonar el partido de UCD pas\u00f3 a formar parte del Partido Aragon\u00e9s (PAR) de Hip\u00f3lito G\u00f3mez de las Roces, con el que repiti\u00f3 como senador por Zaragoza y diputado en las Cortes de Arag\u00f3n desde 1983 hasta 1999. Durante su militancia en el Partido Aragon\u00e9s Juan Antonio Bolea Foradada contribuy\u00f3 [&hellip;]<\/p>\n","protected":false},"author":1,"featured_media":0,"parent":0,"menu_order":0,"comment_status":"closed","ping_status":"closed","template":"","meta":{"_et_pb_use_builder":"on","_et_pb_old_content":"","_et_gb_content_width":"","footnotes":""},"class_list":["post-29","page","type-page","status-publish","hentry"],"yoast_head":"<!-- This site is optimized with the Yoast SEO plugin v26.2 - https:\/\/yoast.com\/wordpress\/plugins\/seo\/ -->\n<title>Partido Aragon\u00e9s - Juan Antonio Bolea Foradada<\/title>\n<meta name=\"robots\" content=\"index, follow, max-snippet:-1, max-image-preview:large, max-video-preview:-1\" \/>\n<link rel=\"canonical\" href=\"https:\/\/dara.aragon.es\/dara\/bolea\/partido-aragones\/\" \/>\n<meta property=\"og:locale\" content=\"es_ES\" \/>\n<meta property=\"og:type\" content=\"article\" \/>\n<meta property=\"og:title\" content=\"Partido Aragon\u00e9s - Juan Antonio Bolea Foradada\" \/>\n<meta property=\"og:description\" content=\"Juan Antonio Bolea Foradada tras abandonar el partido de UCD pas\u00f3 a formar parte del Partido Aragon\u00e9s (PAR) de Hip\u00f3lito G\u00f3mez de las Roces, con el que repiti\u00f3 como senador por Zaragoza y diputado en las Cortes de Arag\u00f3n desde 1983 hasta 1999. Durante su militancia en el Partido Aragon\u00e9s Juan Antonio Bolea Foradada contribuy\u00f3 [&hellip;]\" \/>\n<meta property=\"og:url\" content=\"https:\/\/dara.aragon.es\/dara\/bolea\/partido-aragones\/\" \/>\n<meta property=\"og:site_name\" content=\"Juan Antonio Bolea Foradada\" \/>\n<meta property=\"article:modified_time\" content=\"2025-04-09T04:39:54+00:00\" \/>\n<meta name=\"twitter:card\" content=\"summary_large_image\" \/>\n<meta name=\"twitter:label1\" content=\"Tiempo de lectura\" \/>\n\t<meta name=\"twitter:data1\" content=\"5 minutos\" \/>\n<script type=\"application\/ld+json\" class=\"yoast-schema-graph\">{\"@context\":\"https:\/\/schema.org\",\"@graph\":[{\"@type\":\"WebPage\",\"@id\":\"https:\/\/dara.aragon.es\/dara\/bolea\/partido-aragones\/\",\"url\":\"https:\/\/dara.aragon.es\/dara\/bolea\/partido-aragones\/\",\"name\":\"Partido Aragon\u00e9s - Juan Antonio Bolea Foradada\",\"isPartOf\":{\"@id\":\"https:\/\/dara.aragon.es\/dara\/bolea\/#website\"},\"datePublished\":\"2025-04-08T14:23:25+00:00\",\"dateModified\":\"2025-04-09T04:39:54+00:00\",\"breadcrumb\":{\"@id\":\"https:\/\/dara.aragon.es\/dara\/bolea\/partido-aragones\/#breadcrumb\"},\"inLanguage\":\"es\",\"potentialAction\":[{\"@type\":\"ReadAction\",\"target\":[\"https:\/\/dara.aragon.es\/dara\/bolea\/partido-aragones\/\"]}]},{\"@type\":\"BreadcrumbList\",\"@id\":\"https:\/\/dara.aragon.es\/dara\/bolea\/partido-aragones\/#breadcrumb\",\"itemListElement\":[{\"@type\":\"ListItem\",\"position\":1,\"name\":\"Portada\",\"item\":\"https:\/\/dara.aragon.es\/dara\/bolea\/\"},{\"@type\":\"ListItem\",\"position\":2,\"name\":\"Partido Aragon\u00e9s\"}]},{\"@type\":\"WebSite\",\"@id\":\"https:\/\/dara.aragon.es\/dara\/bolea\/#website\",\"url\":\"https:\/\/dara.aragon.es\/dara\/bolea\/\",\"name\":\"Juan Antonio Bolea Foradada\",\"description\":\"\",\"potentialAction\":[{\"@type\":\"SearchAction\",\"target\":{\"@type\":\"EntryPoint\",\"urlTemplate\":\"https:\/\/dara.aragon.es\/dara\/bolea\/?s={search_term_string}\"},\"query-input\":{\"@type\":\"PropertyValueSpecification\",\"valueRequired\":true,\"valueName\":\"search_term_string\"}}],\"inLanguage\":\"es\"}]}<\/script>\n<!-- \/ Yoast SEO plugin. -->","yoast_head_json":{"title":"Partido Aragon\u00e9s - Juan Antonio Bolea Foradada","robots":{"index":"index","follow":"follow","max-snippet":"max-snippet:-1","max-image-preview":"max-image-preview:large","max-video-preview":"max-video-preview:-1"},"canonical":"https:\/\/dara.aragon.es\/dara\/bolea\/partido-aragones\/","og_locale":"es_ES","og_type":"article","og_title":"Partido Aragon\u00e9s - Juan Antonio Bolea Foradada","og_description":"Juan Antonio Bolea Foradada tras abandonar el partido de UCD pas\u00f3 a formar parte del Partido Aragon\u00e9s (PAR) de Hip\u00f3lito G\u00f3mez de las Roces, con el que repiti\u00f3 como senador por Zaragoza y diputado en las Cortes de Arag\u00f3n desde 1983 hasta 1999. Durante su militancia en el Partido Aragon\u00e9s Juan Antonio Bolea Foradada contribuy\u00f3 [&hellip;]","og_url":"https:\/\/dara.aragon.es\/dara\/bolea\/partido-aragones\/","og_site_name":"Juan Antonio Bolea Foradada","article_modified_time":"2025-04-09T04:39:54+00:00","twitter_card":"summary_large_image","twitter_misc":{"Tiempo de lectura":"5 minutos"},"schema":{"@context":"https:\/\/schema.org","@graph":[{"@type":"WebPage","@id":"https:\/\/dara.aragon.es\/dara\/bolea\/partido-aragones\/","url":"https:\/\/dara.aragon.es\/dara\/bolea\/partido-aragones\/","name":"Partido Aragon\u00e9s - Juan Antonio Bolea Foradada","isPartOf":{"@id":"https:\/\/dara.aragon.es\/dara\/bolea\/#website"},"datePublished":"2025-04-08T14:23:25+00:00","dateModified":"2025-04-09T04:39:54+00:00","breadcrumb":{"@id":"https:\/\/dara.aragon.es\/dara\/bolea\/partido-aragones\/#breadcrumb"},"inLanguage":"es","potentialAction":[{"@type":"ReadAction","target":["https:\/\/dara.aragon.es\/dara\/bolea\/partido-aragones\/"]}]},{"@type":"BreadcrumbList","@id":"https:\/\/dara.aragon.es\/dara\/bolea\/partido-aragones\/#breadcrumb","itemListElement":[{"@type":"ListItem","position":1,"name":"Portada","item":"https:\/\/dara.aragon.es\/dara\/bolea\/"},{"@type":"ListItem","position":2,"name":"Partido Aragon\u00e9s"}]},{"@type":"WebSite","@id":"https:\/\/dara.aragon.es\/dara\/bolea\/#website","url":"https:\/\/dara.aragon.es\/dara\/bolea\/","name":"Juan Antonio Bolea Foradada","description":"","potentialAction":[{"@type":"SearchAction","target":{"@type":"EntryPoint","urlTemplate":"https:\/\/dara.aragon.es\/dara\/bolea\/?s={search_term_string}"},"query-input":{"@type":"PropertyValueSpecification","valueRequired":true,"valueName":"search_term_string"}}],"inLanguage":"es"}]}},"_links":{"self":[{"href":"https:\/\/dara.aragon.es\/dara\/bolea\/wp-json\/wp\/v2\/pages\/29","targetHints":{"allow":["GET"]}}],"collection":[{"href":"https:\/\/dara.aragon.es\/dara\/bolea\/wp-json\/wp\/v2\/pages"}],"about":[{"href":"https:\/\/dara.aragon.es\/dara\/bolea\/wp-json\/wp\/v2\/types\/page"}],"author":[{"embeddable":true,"href":"https:\/\/dara.aragon.es\/dara\/bolea\/wp-json\/wp\/v2\/users\/1"}],"replies":[{"embeddable":true,"href":"https:\/\/dara.aragon.es\/dara\/bolea\/wp-json\/wp\/v2\/comments?post=29"}],"version-history":[{"count":4,"href":"https:\/\/dara.aragon.es\/dara\/bolea\/wp-json\/wp\/v2\/pages\/29\/revisions"}],"predecessor-version":[{"id":112,"href":"https:\/\/dara.aragon.es\/dara\/bolea\/wp-json\/wp\/v2\/pages\/29\/revisions\/112"}],"wp:attachment":[{"href":"https:\/\/dara.aragon.es\/dara\/bolea\/wp-json\/wp\/v2\/media?parent=29"}],"curies":[{"name":"wp","href":"https:\/\/api.w.org\/{rel}","templated":true}]}}