{"id":39,"date":"2025-04-08T16:29:23","date_gmt":"2025-04-08T14:29:23","guid":{"rendered":"https:\/\/dara.aragon.es\/dara\/bolea\/?page_id=39"},"modified":"2025-04-09T06:41:04","modified_gmt":"2025-04-09T04:41:04","slug":"cortes-generales","status":"publish","type":"page","link":"https:\/\/dara.aragon.es\/dara\/bolea\/cortes-generales\/","title":{"rendered":"Cortes Generales"},"content":{"rendered":"<p>[et_pb_section fb_built=\u00bb1&#8243; fullwidth=\u00bbon\u00bb admin_label=\u00bbHeader Section\u00bb _builder_version=\u00bb4.20.2&#8243; background_color=\u00bb#0D3857&#8243; background_enable_image=\u00bboff\u00bb parallax=\u00bbon\u00bb custom_padding=\u00bb|||\u00bb saved_tabs=\u00bball\u00bb locked=\u00bboff\u00bb global_colors_info=\u00bb{}\u00bb][et_pb_fullwidth_post_title meta=\u00bboff\u00bb featured_image=\u00bboff\u00bb _builder_version=\u00bb4.25.1&#8243; _module_preset=\u00bbdefault\u00bb title_font=\u00bb&#8211;et_global_heading_font|||on|||||\u00bb title_text_align=\u00bbcenter\u00bb title_text_color=\u00bb#FFFFFF\u00bb title_font_size=\u00bb38px\u00bb background_color=\u00bb#0D3857&#8243; custom_padding=\u00bb3%||3%||false|false\u00bb global_colors_info=\u00bb{}\u00bb][\/et_pb_fullwidth_post_title][\/et_pb_section][et_pb_section fb_built=\u00bb1&#8243; admin_label=\u00bbSecci\u00f3n\u00bb _builder_version=\u00bb4.27.0&#8243; _module_preset=\u00bbdefault\u00bb locked=\u00bboff\u00bb global_colors_info=\u00bb%91%93&#8243;][et_pb_row column_structure=\u00bb1_5,3_5,1_5&#8243; _builder_version=\u00bb4.27.0&#8243; _module_preset=\u00bbdefault\u00bb max_width=\u00bb80%\u00bb global_colors_info=\u00bb%91%93&#8243;][et_pb_column type=\u00bb1_5&#8243; _builder_version=\u00bb4.27.0&#8243; _module_preset=\u00bbdefault\u00bb background_enable_image=\u00bboff\u00bb global_colors_info=\u00bb{}\u00bb][et_pb_image src=\u00bbhttps:\/\/dara.aragon.es\/dara\/wp-content\/uploads\/2024\/10\/foto-8.png\u00bb alt=\u00bbJuan Antonio Bolea Foradada\u00bb title_text=\u00bbfoto 8&#8243; _builder_version=\u00bb4.27.2&#8243; _module_preset=\u00bbdefault\u00bb global_colors_info=\u00bb{}\u00bb][\/et_pb_image][et_pb_button button_url=\u00bbhttps:\/\/dara.aragon.es\/opac\/app\/item\/jabf?p=0&#038;q=*&#038;pa=1&#038;ob=re:1&#038;vm=nv&#038;i=1270326&#8243; url_new_window=\u00bbon\u00bb button_text=\u00bbDescripci\u00f3n del fondo \u00bb _builder_version=\u00bb4.27.4&#8243; _module_preset=\u00bbdefault\u00bb hover_enabled=\u00bb0&#8243; global_colors_info=\u00bb%91%93&#8243; custom_button=\u00bbon\u00bb button_border_width=\u00bb0px\u00bb button_text_size=\u00bb16px\u00bb button_border_radius=\u00bb0px\u00bb button_icon=\u00bb&#xf35d;||fa||900&#8243; button_on_hover=\u00bboff\u00bb sticky_enabled=\u00bb0&#8243; custom_margin=\u00bb||0px||false|false\u00bb locked=\u00bboff\u00bb][\/et_pb_button][et_pb_button button_url=\u00bbhttps:\/\/dara.aragon.es\/opac\/app\/classification\/jabf\u00bb url_new_window=\u00bbon\u00bb button_text=\u00bbCuadro de clasificaci\u00f3n\u00bb _builder_version=\u00bb4.27.4&#8243; _module_preset=\u00bbdefault\u00bb global_colors_info=\u00bb%91%93&#8243; custom_button=\u00bbon\u00bb button_border_width=\u00bb0px\u00bb button_text_size=\u00bb16px\u00bb button_border_radius=\u00bb0px\u00bb button_icon=\u00bb&#xf35d;||fa||900&#8243; button_on_hover=\u00bboff\u00bb custom_margin=\u00bb0px||||false|false\u00bb custom_padding=\u00bb0px||||false|false\u00bb hover_enabled=\u00bb0&#8243; sticky_enabled=\u00bb0&#8243; locked=\u00bboff\u00bb][\/et_pb_button][\/et_pb_column][et_pb_column type=\u00bb3_5&#8243; _builder_version=\u00bb4.27.0&#8243; _module_preset=\u00bbdefault\u00bb background_enable_image=\u00bboff\u00bb global_colors_info=\u00bb{}\u00bb][et_pb_text _builder_version=\u00bb4.27.2&#8243; _module_preset=\u00bbdefault\u00bb global_colors_info=\u00bb%91%93&#8243;]<\/p>\n<p>Juan Antonio Bolea Foradada fue diputado por Zaragoza durante la Legislatura Constituyente (1977-1979) y senador electo por Zaragoza en la I Legislatura (1979-1982) y en la II Legislatura (1982-1986). En su etapa como senador ostent\u00f3 los cargos de portavoz adjunto del grupo parlamentario popular, vocal en la Diputaci\u00f3n permanente del Senado, vocal de la Comisi\u00f3n de Asuntos Exteriores, vocal en la Comisi\u00f3n de Constituci\u00f3n, vocal de la Comisi\u00f3n de Obras P\u00fablicas, Ordenaci\u00f3n del Territorio, Medio Ambiente, Urbanismo, Transportes y Comunicaciones, vocal de suplicatorios y vocal de la Comisi\u00f3n Mixta para las relaciones con el tribunal de cuentas.<\/p>\n<p>En las elecciones legislativas del a\u00f1o 2000 Juan Antonio Bolea Foradada volvi\u00f3 a ser candidato al congreso por Zaragoza sin obtener esca\u00f1o y como consecuencia abandon\u00f3 la primera l\u00ednea pol\u00edtica.<\/p>\n<p>[\/et_pb_text][et_pb_tabs _builder_version=\u00bb4.27.2&#8243; _module_preset=\u00bbdefault\u00bb global_colors_info=\u00bb{}\u00bb][et_pb_tab title=\u00bbVOLUMEN Y SOPORTE\u00bb _builder_version=\u00bb4.27.2&#8243; _module_preset=\u00bbdefault\u00bb global_colors_info=\u00bb{}\u00bb]<\/p>\n<p><span>24 expedientes<\/span><\/p>\n<p><span>1 fotograf\u00eda<\/span><\/p>\n<p>[\/et_pb_tab][et_pb_tab title=\u00bbALCANCE Y CONTENIDO\u00bb _builder_version=\u00bb4.27.2&#8243; _module_preset=\u00bbdefault\u00bb global_colors_info=\u00bb{}\u00bb]<\/p>\n<p><span>Contiene documentaci\u00f3n referente a boletines oficiales producidos por el Congreso y el Senado, propuestas a la mesa del Senado sobre el restablecimiento del servicio ferroviario Internacional Espa\u00f1a-Francia por Canfranc, intervenciones de Juan Antonio Bolea Foradada sobre las actuaciones en materia de agua, diarios de sesiones, normas interpretativas de la presidencia del Senado y publicaciones en las que aparece Juan Antonio Bolea Foradada relativas a: \u00abCortes Congreso de los Diputados 1977\u00bb,\u00abCortes Generales: Senado. I Legislatura 1979\u00bb y \u00abCortes Generales: Senado. II Legislatura\u00bb.<\/span><\/p>\n<p>[\/et_pb_tab][et_pb_tab title=\u00bbM\u00c1S INFORMACI\u00d3N\u00bb _builder_version=\u00bb4.27.2&#8243; _module_preset=\u00bbdefault\u00bb global_colors_info=\u00bb{}\u00bb]<\/p>\n<p>El fondo ha estado en manos de su familia hasta el viernes 19 de abril del a\u00f1o 2024, d\u00eda en el que con motivo de la festividad de San Jorge se realiz\u00f3 la entrega del fondo por parte de la familia y el Gobierno de Arag\u00f3n al Archivo Hist\u00f3rico Provincial de Huesca.<\/p>\n<p>[\/et_pb_tab][\/et_pb_tabs][\/et_pb_column][et_pb_column type=\u00bb1_5&#8243; _builder_version=\u00bb4.27.0&#8243; _module_preset=\u00bbdefault\u00bb global_colors_info=\u00bb{}\u00bb][et_pb_blurb title=\u00bbBuscar documentos\u00bb use_icon=\u00bbon\u00bb font_icon=\u00bb&#x55;||divi||400&#8243; icon_placement=\u00bbleft\u00bb image_icon_width=\u00bb30px\u00bb _builder_version=\u00bb4.27.2&#8243; _module_preset=\u00bb1ea53d41-9439-472c-8d8b-7bddb3bf9444&#8243; link_option_url=\u00bbhttps:\/\/dara.aragon.es\/opac\/app\/simple\/jabf\u00bb link_option_url_new_window=\u00bbon\u00bb locked=\u00bboff\u00bb global_colors_info=\u00bb{%22#0e0c19%22:%91%22header_text_color%22,%22header_text_color%22%93,%22#ffc300%22:%91%22icon_color%22,%22icon_color%22%93,%22#3c3a47%22:%91%22body_text_color%22%93}\u00bb][\/et_pb_blurb][et_pb_blurb title=\u00bbDocumentos Cortes Generales\u00bb use_icon=\u00bbon\u00bb font_icon=\u00bb&#xe101;||divi||400&#8243; icon_placement=\u00bbleft\u00bb image_icon_width=\u00bb30px\u00bb _builder_version=\u00bb4.27.2&#8243; _module_preset=\u00bb1ea53d41-9439-472c-8d8b-7bddb3bf9444&#8243; link_option_url=\u00bbhttps:\/\/dara.aragon.es\/opac\/app\/results\/?st=.3.116.125.129.1270326.1276454.1279715&#038;ob=df:1&#8243; link_option_url_new_window=\u00bbon\u00bb locked=\u00bboff\u00bb global_colors_info=\u00bb{%22#0e0c19%22:%91%22header_text_color%22,%22header_text_color%22%93,%22#ffc300%22:%91%22icon_color%22,%22icon_color%22%93,%22#3c3a47%22:%91%22body_text_color%22%93}\u00bb][\/et_pb_blurb][et_pb_blurb title=\u00bbFotograf\u00edas Cortes Generales\u00bb use_icon=\u00bbon\u00bb font_icon=\u00bb&#xf03e;||fa||900&#8243; icon_placement=\u00bbleft\u00bb image_icon_width=\u00bb30px\u00bb _builder_version=\u00bb4.27.2&#8243; _module_preset=\u00bb1ea53d41-9439-472c-8d8b-7bddb3bf9444&#8243; link_option_url=\u00bbhttps:\/\/dara.aragon.es\/opac\/app\/item\/?p=10&#038;st=.3.116.125.129.1270326.1276456.1276458.1270328&#038;ob=df:1&#038;vm=nv&#038;i=1278249&#8243; link_option_url_new_window=\u00bbon\u00bb locked=\u00bboff\u00bb global_colors_info=\u00bb{%22#0e0c19%22:%91%22header_text_color%22,%22header_text_color%22,%22header_text_color%22,%22header_text_color%22%93,%22#ffc300%22:%91%22icon_color%22,%22icon_color%22,%22icon_color%22,%22icon_color%22%93,%22#3c3a47%22:%91%22body_text_color%22,%22body_text_color%22%93}\u00bb][\/et_pb_blurb][\/et_pb_column][\/et_pb_row][\/et_pb_section]<\/p>\n","protected":false},"excerpt":{"rendered":"<p>Juan Antonio Bolea Foradada fue diputado por Zaragoza durante la Legislatura Constituyente (1977-1979) y senador electo por Zaragoza en la I Legislatura (1979-1982) y en la II Legislatura (1982-1986). En su etapa como senador ostent\u00f3 los cargos de portavoz adjunto del grupo parlamentario popular, vocal en la Diputaci\u00f3n permanente del Senado, vocal de la Comisi\u00f3n [&hellip;]<\/p>\n","protected":false},"author":1,"featured_media":0,"parent":0,"menu_order":0,"comment_status":"closed","ping_status":"closed","template":"","meta":{"_et_pb_use_builder":"on","_et_pb_old_content":"","_et_gb_content_width":"","footnotes":""},"class_list":["post-39","page","type-page","status-publish","hentry"],"yoast_head":"<!-- This site is optimized with the Yoast SEO plugin v26.2 - https:\/\/yoast.com\/wordpress\/plugins\/seo\/ -->\n<title>Cortes Generales - Juan Antonio Bolea Foradada<\/title>\n<meta name=\"robots\" content=\"index, follow, max-snippet:-1, max-image-preview:large, max-video-preview:-1\" \/>\n<link rel=\"canonical\" href=\"https:\/\/dara.aragon.es\/dara\/bolea\/cortes-generales\/\" \/>\n<meta property=\"og:locale\" content=\"es_ES\" \/>\n<meta property=\"og:type\" content=\"article\" \/>\n<meta property=\"og:title\" content=\"Cortes Generales - Juan Antonio Bolea Foradada\" \/>\n<meta property=\"og:description\" content=\"Juan Antonio Bolea Foradada fue diputado por Zaragoza durante la Legislatura Constituyente (1977-1979) y senador electo por Zaragoza en la I Legislatura (1979-1982) y en la II Legislatura (1982-1986). En su etapa como senador ostent\u00f3 los cargos de portavoz adjunto del grupo parlamentario popular, vocal en la Diputaci\u00f3n permanente del Senado, vocal de la Comisi\u00f3n [&hellip;]\" \/>\n<meta property=\"og:url\" content=\"https:\/\/dara.aragon.es\/dara\/bolea\/cortes-generales\/\" \/>\n<meta property=\"og:site_name\" content=\"Juan Antonio Bolea Foradada\" \/>\n<meta property=\"article:modified_time\" content=\"2025-04-09T04:41:04+00:00\" \/>\n<meta name=\"twitter:card\" content=\"summary_large_image\" \/>\n<meta name=\"twitter:label1\" content=\"Tiempo de lectura\" \/>\n\t<meta name=\"twitter:data1\" content=\"5 minutos\" \/>\n<script type=\"application\/ld+json\" class=\"yoast-schema-graph\">{\"@context\":\"https:\/\/schema.org\",\"@graph\":[{\"@type\":\"WebPage\",\"@id\":\"https:\/\/dara.aragon.es\/dara\/bolea\/cortes-generales\/\",\"url\":\"https:\/\/dara.aragon.es\/dara\/bolea\/cortes-generales\/\",\"name\":\"Cortes Generales - Juan Antonio Bolea Foradada\",\"isPartOf\":{\"@id\":\"https:\/\/dara.aragon.es\/dara\/bolea\/#website\"},\"datePublished\":\"2025-04-08T14:29:23+00:00\",\"dateModified\":\"2025-04-09T04:41:04+00:00\",\"breadcrumb\":{\"@id\":\"https:\/\/dara.aragon.es\/dara\/bolea\/cortes-generales\/#breadcrumb\"},\"inLanguage\":\"es\",\"potentialAction\":[{\"@type\":\"ReadAction\",\"target\":[\"https:\/\/dara.aragon.es\/dara\/bolea\/cortes-generales\/\"]}]},{\"@type\":\"BreadcrumbList\",\"@id\":\"https:\/\/dara.aragon.es\/dara\/bolea\/cortes-generales\/#breadcrumb\",\"itemListElement\":[{\"@type\":\"ListItem\",\"position\":1,\"name\":\"Portada\",\"item\":\"https:\/\/dara.aragon.es\/dara\/bolea\/\"},{\"@type\":\"ListItem\",\"position\":2,\"name\":\"Cortes Generales\"}]},{\"@type\":\"WebSite\",\"@id\":\"https:\/\/dara.aragon.es\/dara\/bolea\/#website\",\"url\":\"https:\/\/dara.aragon.es\/dara\/bolea\/\",\"name\":\"Juan Antonio Bolea Foradada\",\"description\":\"\",\"potentialAction\":[{\"@type\":\"SearchAction\",\"target\":{\"@type\":\"EntryPoint\",\"urlTemplate\":\"https:\/\/dara.aragon.es\/dara\/bolea\/?s={search_term_string}\"},\"query-input\":{\"@type\":\"PropertyValueSpecification\",\"valueRequired\":true,\"valueName\":\"search_term_string\"}}],\"inLanguage\":\"es\"}]}<\/script>\n<!-- \/ Yoast SEO plugin. -->","yoast_head_json":{"title":"Cortes Generales - Juan Antonio Bolea Foradada","robots":{"index":"index","follow":"follow","max-snippet":"max-snippet:-1","max-image-preview":"max-image-preview:large","max-video-preview":"max-video-preview:-1"},"canonical":"https:\/\/dara.aragon.es\/dara\/bolea\/cortes-generales\/","og_locale":"es_ES","og_type":"article","og_title":"Cortes Generales - Juan Antonio Bolea Foradada","og_description":"Juan Antonio Bolea Foradada fue diputado por Zaragoza durante la Legislatura Constituyente (1977-1979) y senador electo por Zaragoza en la I Legislatura (1979-1982) y en la II Legislatura (1982-1986). En su etapa como senador ostent\u00f3 los cargos de portavoz adjunto del grupo parlamentario popular, vocal en la Diputaci\u00f3n permanente del Senado, vocal de la Comisi\u00f3n [&hellip;]","og_url":"https:\/\/dara.aragon.es\/dara\/bolea\/cortes-generales\/","og_site_name":"Juan Antonio Bolea Foradada","article_modified_time":"2025-04-09T04:41:04+00:00","twitter_card":"summary_large_image","twitter_misc":{"Tiempo de lectura":"5 minutos"},"schema":{"@context":"https:\/\/schema.org","@graph":[{"@type":"WebPage","@id":"https:\/\/dara.aragon.es\/dara\/bolea\/cortes-generales\/","url":"https:\/\/dara.aragon.es\/dara\/bolea\/cortes-generales\/","name":"Cortes Generales - Juan Antonio Bolea Foradada","isPartOf":{"@id":"https:\/\/dara.aragon.es\/dara\/bolea\/#website"},"datePublished":"2025-04-08T14:29:23+00:00","dateModified":"2025-04-09T04:41:04+00:00","breadcrumb":{"@id":"https:\/\/dara.aragon.es\/dara\/bolea\/cortes-generales\/#breadcrumb"},"inLanguage":"es","potentialAction":[{"@type":"ReadAction","target":["https:\/\/dara.aragon.es\/dara\/bolea\/cortes-generales\/"]}]},{"@type":"BreadcrumbList","@id":"https:\/\/dara.aragon.es\/dara\/bolea\/cortes-generales\/#breadcrumb","itemListElement":[{"@type":"ListItem","position":1,"name":"Portada","item":"https:\/\/dara.aragon.es\/dara\/bolea\/"},{"@type":"ListItem","position":2,"name":"Cortes Generales"}]},{"@type":"WebSite","@id":"https:\/\/dara.aragon.es\/dara\/bolea\/#website","url":"https:\/\/dara.aragon.es\/dara\/bolea\/","name":"Juan Antonio Bolea Foradada","description":"","potentialAction":[{"@type":"SearchAction","target":{"@type":"EntryPoint","urlTemplate":"https:\/\/dara.aragon.es\/dara\/bolea\/?s={search_term_string}"},"query-input":{"@type":"PropertyValueSpecification","valueRequired":true,"valueName":"search_term_string"}}],"inLanguage":"es"}]}},"_links":{"self":[{"href":"https:\/\/dara.aragon.es\/dara\/bolea\/wp-json\/wp\/v2\/pages\/39","targetHints":{"allow":["GET"]}}],"collection":[{"href":"https:\/\/dara.aragon.es\/dara\/bolea\/wp-json\/wp\/v2\/pages"}],"about":[{"href":"https:\/\/dara.aragon.es\/dara\/bolea\/wp-json\/wp\/v2\/types\/page"}],"author":[{"embeddable":true,"href":"https:\/\/dara.aragon.es\/dara\/bolea\/wp-json\/wp\/v2\/users\/1"}],"replies":[{"embeddable":true,"href":"https:\/\/dara.aragon.es\/dara\/bolea\/wp-json\/wp\/v2\/comments?post=39"}],"version-history":[{"count":4,"href":"https:\/\/dara.aragon.es\/dara\/bolea\/wp-json\/wp\/v2\/pages\/39\/revisions"}],"predecessor-version":[{"id":113,"href":"https:\/\/dara.aragon.es\/dara\/bolea\/wp-json\/wp\/v2\/pages\/39\/revisions\/113"}],"wp:attachment":[{"href":"https:\/\/dara.aragon.es\/dara\/bolea\/wp-json\/wp\/v2\/media?parent=39"}],"curies":[{"name":"wp","href":"https:\/\/api.w.org\/{rel}","templated":true}]}}