{"id":15,"date":"2021-11-25T09:56:44","date_gmt":"2021-11-25T09:56:44","guid":{"rendered":"http:\/\/bauldecu-cp5021.wordpresstemporal.com\/sandbox\/?page_id=15"},"modified":"2024-02-26T13:31:32","modified_gmt":"2024-02-26T13:31:32","slug":"correspondencia-privada","status":"publish","type":"page","link":"https:\/\/dara.aragon.es\/dara\/mujeres\/correspondencia-privada\/","title":{"rendered":"Correspondencia privada"},"content":{"rendered":"<p>[et_pb_section fb_built=\u00bb1&#8243; fullwidth=\u00bbon\u00bb admin_label=\u00bbHeader Section\u00bb _builder_version=\u00bb4.20.2&#8243; background_color=\u00bb#898989&#8243; background_image=\u00bbhttps:\/\/dara.aragon.es\/dara\/mujeres\/wp-content\/uploads\/2021\/11\/fondo-correspondencia-1.jpg\u00bb parallax=\u00bbon\u00bb custom_margin=\u00bb||0px||false|false\u00bb custom_padding=\u00bb||0px||false|false\u00bb saved_tabs=\u00bball\u00bb locked=\u00bboff\u00bb global_colors_info=\u00bb{}\u00bb][et_pb_fullwidth_header title=\u00bbcorrespondencia privada\u00bb text_orientation=\u00bbcenter\u00bb background_overlay_color=\u00bbrgba(0,0,0,0.4)\u00bb admin_label=\u00bbContents\u00bb _builder_version=\u00bb4.20.2&#8243; title_font=\u00bbOswald|||on|\u00bb title_text_align=\u00bbcenter\u00bb title_font_size=\u00bb80px\u00bb title_letter_spacing=\u00bb0.05em\u00bb title_line_height=\u00bb1.5em\u00bb subhead_font=\u00bbNunito|600|||||||\u00bb subhead_font_size=\u00bb20px\u00bb subhead_line_height=\u00bb1.9em\u00bb background_color=\u00bbrgba(255, 255, 255, 0)\u00bb background_enable_image=\u00bboff\u00bb parallax=\u00bbon\u00bb parallax_method=\u00bbon\u00bb custom_button_one=\u00bbon\u00bb button_one_text_size=\u00bb15px\u00bb button_one_bg_color=\u00bb#dca57d\u00bb button_one_border_width=\u00bb10px\u00bb button_one_border_color=\u00bb#dca57d\u00bb button_one_border_radius=\u00bb0px\u00bb button_one_letter_spacing=\u00bb3px\u00bb button_one_font=\u00bbOswald|||on|\u00bb button_one_use_icon=\u00bboff\u00bb custom_margin=\u00bb|||\u00bb custom_padding=\u00bb1%||1%||false|false\u00bb animation_style=\u00bbfade\u00bb animation_starting_opacity=\u00bb50%\u00bb animation_speed_curve=\u00bbease-in\u00bb title_font_size_tablet=\u00bb60px\u00bb title_font_size_phone=\u00bb40px\u00bb title_font_size_last_edited=\u00bbon|phone\u00bb button_one_border_color_hover=\u00bb#c99872&#8243; button_one_border_radius_hover=\u00bb0px\u00bb button_one_letter_spacing_hover=\u00bb3px\u00bb button_one_bg_color_hover=\u00bb#c99872&#8243; global_colors_info=\u00bb{}\u00bb button_one_text_size__hover_enabled=\u00bboff\u00bb button_two_text_size__hover_enabled=\u00bboff\u00bb button_one_text_color__hover_enabled=\u00bboff\u00bb button_two_text_color__hover_enabled=\u00bboff\u00bb button_one_border_width__hover_enabled=\u00bboff\u00bb button_two_border_width__hover_enabled=\u00bboff\u00bb button_one_border_color__hover_enabled=\u00bbon\u00bb button_one_border_color__hover=\u00bb#c99872&#8243; button_two_border_color__hover_enabled=\u00bboff\u00bb button_one_border_radius__hover_enabled=\u00bbon\u00bb button_one_border_radius__hover=\u00bb0px\u00bb button_two_border_radius__hover_enabled=\u00bboff\u00bb button_one_letter_spacing__hover_enabled=\u00bbon\u00bb button_one_letter_spacing__hover=\u00bb3px\u00bb button_two_letter_spacing__hover_enabled=\u00bboff\u00bb button_one_bg_color__hover_enabled=\u00bbon\u00bb button_one_bg_color__hover=\u00bb#c99872&#8243; button_two_bg_color__hover_enabled=\u00bboff\u00bb][\/et_pb_fullwidth_header][\/et_pb_section][et_pb_section fb_built=\u00bb1&#8243; _builder_version=\u00bb4.16&#8243; _module_preset=\u00bbdefault\u00bb custom_margin=\u00bb0px|0px|0px|0px|false|false\u00bb custom_padding=\u00bb0px|0px|0px|0px|false|false\u00bb global_colors_info=\u00bb{}\u00bb][et_pb_row column_structure=\u00bb1_2,1_2&#8243; use_custom_gutter=\u00bbon\u00bb gutter_width=\u00bb1&#8243; make_equal=\u00bbon\u00bb admin_label=\u00bbBest Beans Row\u00bb module_class=\u00bb et_pb_row_fullwidth\u00bb _builder_version=\u00bb4.16&#8243; width=\u00bb100%\u00bb width_tablet=\u00bb100%\u00bb width_phone=\u00bb\u00bb width_last_edited=\u00bbon|desktop\u00bb max_width=\u00bb100%\u00bb max_width_tablet=\u00bb100%\u00bb max_width_phone=\u00bb\u00bb max_width_last_edited=\u00bbon|desktop\u00bb custom_margin=\u00bb|||\u00bb custom_padding=\u00bb0px|0px|0px|0px\u00bb make_fullwidth=\u00bbon\u00bb global_colors_info=\u00bb{}\u00bb][et_pb_column type=\u00bb1_2&#8243; _builder_version=\u00bb4.16&#8243; custom_padding=\u00bb80px|5%|80px|5%\u00bb global_colors_info=\u00bb{}\u00bb custom_padding__hover=\u00bb|||\u00bb][et_pb_text _builder_version=\u00bb4.20.2&#8243; _module_preset=\u00bbdefault\u00bb text_font=\u00bbNunito||||||||\u00bb text_font_size=\u00bb16px\u00bb custom_padding=\u00bb|0px||||\u00bb hover_enabled=\u00bb0&#8243; global_colors_info=\u00bb{}\u00bb sticky_enabled=\u00bb0&#8243;]<\/p>\n<p style=\"text-align: justify;\">Los archivos p\u00fablicos aragoneses conservan algunos fondos documentales privados. Estos conjuntos documentales fueron generados por personas o familias que tuvieron un papel importante en la sociedad de su \u00e9poca, bien por los cargos que desempe\u00f1aron, bien por su posici\u00f3n econ\u00f3mica, o su labor intelectual.\u00a0 Pero tambi\u00e9n se conservan documentos de personas m\u00e1s \u00abhumildes\u00bb, que enriquecen sin duda la visi\u00f3n de la historia que otras fuentes documentales m\u00e1s formales tradicionalmente nos ofrecen.<\/p>\n<p style=\"text-align: justify;\">Dentro de estos fondos familiares y personales, tiene un importante valor la correspondencia privada escrita por mujeres o dirigida a ellas. Estas cartas dan voz\u00a0 a mujeres que vivieron en diferentes lugares de Arag\u00f3n. En ellas, nos transmiten sus vivencias y nos dan a conocer la cotidianidad de su \u00e9poca, sus penas, sus inquietudes, sus enfermedades o sus alegr\u00edas.\u00a0 Son cartas emotivas, curiosas, portadoras siempre de las \u00faltimas noticias&#8230; desde el pasado. Entre la correspondencia femenina que puede consultarse en DARA, destaca la de fondos familiares del Archivo Hist\u00f3rico Provincial de Huesca, que conserva algunos epistolarios de inter\u00e9s, como el de las familias Bardaj\u00ed (ss. XVIII-XIX), Torres-Solanot (ss. XVIII-XIX) o Catarecha de Hecho (ss. XIX-XX). Tambi\u00e9n tiene inter\u00e9s el epistolario de Manuela Vicenta y Corchado, superiora de las Hermanas del Sagrado Coraz\u00f3n con su familia aragonesa entre finales del siglo XIX y primeros a\u00f1os del XX.<\/p>\n<p>[\/et_pb_text][\/et_pb_column][et_pb_column type=\u00bb1_2&#8243; _builder_version=\u00bb4.16&#8243; custom_padding=\u00bb80px|5%|80px|5%\u00bb global_colors_info=\u00bb{}\u00bb custom_padding__hover=\u00bb|||\u00bb][et_pb_gallery gallery_ids=\u00bb25735,25736&#8243; orientation=\u00bbportrait\u00bb show_title_and_caption=\u00bboff\u00bb show_pagination=\u00bboff\u00bb _builder_version=\u00bb4.16&#8243; _module_preset=\u00bbdefault\u00bb min_height=\u00bb397.8px\u00bb global_colors_info=\u00bb{}\u00bb][\/et_pb_gallery][\/et_pb_column][\/et_pb_row][et_pb_row use_custom_gutter=\u00bbon\u00bb gutter_width=\u00bb1&#8243; make_equal=\u00bbon\u00bb admin_label=\u00bbFooter Row\u00bb module_class=\u00bb et_pb_row_fullwidth\u00bb _builder_version=\u00bb4.16&#8243; width=\u00bb100%\u00bb width_tablet=\u00bb100%\u00bb width_phone=\u00bb\u00bb width_last_edited=\u00bbon|desktop\u00bb max_width=\u00bb100%\u00bb max_width_tablet=\u00bb100%\u00bb max_width_phone=\u00bb\u00bb max_width_last_edited=\u00bbon|desktop\u00bb custom_margin=\u00bb|||\u00bb custom_padding=\u00bb0px|0px|0px|0px\u00bb animation_style=\u00bbfade\u00bb make_fullwidth=\u00bbon\u00bb global_colors_info=\u00bb{}\u00bb][et_pb_column type=\u00bb4_4&#8243; _builder_version=\u00bb4.16&#8243; background_color=\u00bb#26528D\u00bb custom_padding=\u00bb50px|3%|50px|3%|false|false\u00bb custom_padding_tablet=\u00bb\u00bb custom_padding_phone=\u00bb\u00bb custom_padding_last_edited=\u00bbon|phone\u00bb global_colors_info=\u00bb{}\u00bb padding_last_edited=\u00bbon|phone\u00bb custom_padding__hover=\u00bb|||\u00bb][et_pb_text admin_label=\u00bbTittle\u00bb _builder_version=\u00bb4.20.2&#8243; text_font=\u00bbOswald||||\u00bb link_font=\u00bb||||||||\u00bb ul_font=\u00bb||||||||\u00bb ol_font=\u00bb||||||||\u00bb quote_font=\u00bb||||||||\u00bb header_font=\u00bb||||||||\u00bb header_2_font=\u00bbOswald|||on|||||\u00bb header_2_text_align=\u00bbleft\u00bb header_2_font_size=\u00bb40px\u00bb header_2_letter_spacing=\u00bb2px\u00bb header_2_line_height=\u00bb1.5em\u00bb background_layout=\u00bbdark\u00bb width=\u00bb100%\u00bb max_width=\u00bb100%\u00bb module_alignment=\u00bbcenter\u00bb custom_margin=\u00bb||2%|2px|false|false\u00bb locked=\u00bboff\u00bb global_colors_info=\u00bb{}\u00bb]<\/p>\n<h2>Correspondencia privada<\/h2>\n<p>[\/et_pb_text][et_pb_button button_url=\u00bbhttps:\/\/dara.aragon.es\/opac\/app\/results\/muje?ob=df:1&#038;q=correspondencia+privada\u00bb url_new_window=\u00bbon\u00bb button_text=\u00bbVer documentos\u00bb button_alignment=\u00bbleft\u00bb admin_label=\u00bbTexts\u00bb _builder_version=\u00bb4.20.2&#8243; custom_button=\u00bbon\u00bb button_text_size=\u00bb20px\u00bb button_text_color=\u00bb#FFFFFF\u00bb button_bg_color=\u00bbRGBA(255,255,255,0)\u00bb button_border_width=\u00bb3px\u00bb button_border_color=\u00bb#FFFFFF\u00bb button_border_radius=\u00bb0px\u00bb button_letter_spacing=\u00bb3px\u00bb button_font=\u00bbOswald|||on|\u00bb button_icon=\u00bb&#x35;||divi||400&#8243; button_icon_color=\u00bb#F2EEEB\u00bb custom_margin=\u00bb|||\u00bb button_border_color_hover=\u00bb#c99872&#8243; button_border_radius_hover=\u00bb0px\u00bb button_letter_spacing_hover=\u00bb3px\u00bb button_bg_color_hover=\u00bb#c99872&#8243; global_colors_info=\u00bb{}\u00bb button_text_size__hover_enabled=\u00bboff\u00bb button_one_text_size__hover_enabled=\u00bboff\u00bb button_two_text_size__hover_enabled=\u00bboff\u00bb button_text_color__hover_enabled=\u00bboff\u00bb button_one_text_color__hover_enabled=\u00bboff\u00bb button_two_text_color__hover_enabled=\u00bboff\u00bb button_border_width__hover_enabled=\u00bboff\u00bb button_one_border_width__hover_enabled=\u00bboff\u00bb button_two_border_width__hover_enabled=\u00bboff\u00bb button_border_color__hover_enabled=\u00bbon\u00bb button_border_color__hover=\u00bb#FFFFFF\u00bb button_one_border_color__hover_enabled=\u00bboff\u00bb button_two_border_color__hover_enabled=\u00bboff\u00bb button_border_radius__hover_enabled=\u00bbon\u00bb button_border_radius__hover=\u00bb0px\u00bb button_one_border_radius__hover_enabled=\u00bboff\u00bb button_two_border_radius__hover_enabled=\u00bboff\u00bb button_letter_spacing__hover_enabled=\u00bbon\u00bb button_letter_spacing__hover=\u00bb3px\u00bb button_one_letter_spacing__hover_enabled=\u00bboff\u00bb button_two_letter_spacing__hover_enabled=\u00bboff\u00bb button_bg_color__hover_enabled=\u00bbon|hover\u00bb button_bg_color__hover=\u00bbRGBA(255,255,255,0)\u00bb button_one_bg_color__hover_enabled=\u00bboff\u00bb button_two_bg_color__hover_enabled=\u00bboff\u00bb button_bg_enable_color__hover=\u00bbon\u00bb][\/et_pb_button][\/et_pb_column][\/et_pb_row][\/et_pb_section]<\/p>\n","protected":false},"excerpt":{"rendered":"<p>Los archivos p\u00fablicos aragoneses conservan algunos fondos documentales privados. Estos conjuntos documentales fueron generados por personas o familias que tuvieron un papel importante en la sociedad de su \u00e9poca, bien por los cargos que desempe\u00f1aron, bien por su posici\u00f3n econ\u00f3mica, o su labor intelectual.\u00a0 Pero tambi\u00e9n se conservan documentos de personas m\u00e1s \u00abhumildes\u00bb, que enriquecen [&hellip;]<\/p>\n","protected":false},"author":1,"featured_media":25735,"parent":0,"menu_order":0,"comment_status":"closed","ping_status":"closed","template":"","meta":{"_et_pb_use_builder":"on","_et_pb_old_content":"<!-- wp:paragraph -->\n<p>Los archivos familiares conservan cartas personales escritas por mujeres o dirigidas a ellas. El Archivo Hist\u00f3rico Provincial de Huesca conserva algunos epistolarios de inter\u00e9s, como el de las familias Bardaj\u00ed (ss. XVIII-XIX), Torres-Solanot (ss. XVIII-XIX) o Catarecha (ss. XIX-XX). Tambi\u00e9n tiene inter\u00e9s el epistolario de Manuela Vicenta y Corchado, superiora de las Hermanas del Sagrado Coraz\u00f3n con su familia aragonesa entre fines del siglo XIX y primeros a\u00f1os del XX.<\/p>\n<!-- \/wp:paragraph -->\n\n<!-- wp:paragraph -->\n<p><em>Imagen: Un fragmento de AHPHU_F_00078_0003_002.pdf<\/em><\/p>\n<!-- \/wp:paragraph -->","_et_gb_content_width":"","footnotes":""},"class_list":["post-15","page","type-page","status-publish","has-post-thumbnail","hentry"],"yoast_head":"<!-- This site is optimized with the Yoast SEO plugin v26.2 - https:\/\/yoast.com\/wordpress\/plugins\/seo\/ -->\n<title>Correspondencia privada - ARCHIVOS DE MUJERES<\/title>\n<meta name=\"robots\" content=\"index, follow, max-snippet:-1, max-image-preview:large, max-video-preview:-1\" \/>\n<link rel=\"canonical\" href=\"https:\/\/dara.aragon.es\/dara\/mujeres\/correspondencia-privada\/\" \/>\n<meta property=\"og:locale\" content=\"es_ES\" \/>\n<meta property=\"og:type\" content=\"article\" \/>\n<meta property=\"og:title\" content=\"Correspondencia privada - ARCHIVOS DE MUJERES\" \/>\n<meta property=\"og:description\" content=\"Los archivos p\u00fablicos aragoneses conservan algunos fondos documentales privados. Estos conjuntos documentales fueron generados por personas o familias que tuvieron un papel importante en la sociedad de su \u00e9poca, bien por los cargos que desempe\u00f1aron, bien por su posici\u00f3n econ\u00f3mica, o su labor intelectual.\u00a0 Pero tambi\u00e9n se conservan documentos de personas m\u00e1s &quot;humildes&quot;, que enriquecen [&hellip;]\" \/>\n<meta property=\"og:url\" content=\"https:\/\/dara.aragon.es\/dara\/mujeres\/correspondencia-privada\/\" \/>\n<meta property=\"og:site_name\" content=\"ARCHIVOS DE MUJERES\" \/>\n<meta property=\"article:modified_time\" content=\"2024-02-26T13:31:32+00:00\" \/>\n<meta property=\"og:image\" content=\"https:\/\/dara.aragon.es\/dara\/mujeres\/wp-content\/uploads\/sites\/2\/2022\/01\/AHPHU_F_00078_0003_002_Pagina_1.jpg\" \/>\n\t<meta property=\"og:image:width\" content=\"805\" \/>\n\t<meta property=\"og:image:height\" content=\"1261\" \/>\n\t<meta property=\"og:image:type\" content=\"image\/jpeg\" \/>\n<meta name=\"twitter:card\" content=\"summary_large_image\" \/>\n<meta name=\"twitter:label1\" content=\"Tiempo de lectura\" \/>\n\t<meta name=\"twitter:data1\" content=\"6 minutos\" \/>\n<script type=\"application\/ld+json\" class=\"yoast-schema-graph\">{\"@context\":\"https:\/\/schema.org\",\"@graph\":[{\"@type\":\"WebPage\",\"@id\":\"https:\/\/dara.aragon.es\/dara\/mujeres\/correspondencia-privada\/\",\"url\":\"https:\/\/dara.aragon.es\/dara\/mujeres\/correspondencia-privada\/\",\"name\":\"Correspondencia privada - ARCHIVOS DE MUJERES\",\"isPartOf\":{\"@id\":\"https:\/\/dara.aragon.es\/dara\/mujeres\/#website\"},\"primaryImageOfPage\":{\"@id\":\"https:\/\/dara.aragon.es\/dara\/mujeres\/correspondencia-privada\/#primaryimage\"},\"image\":{\"@id\":\"https:\/\/dara.aragon.es\/dara\/mujeres\/correspondencia-privada\/#primaryimage\"},\"thumbnailUrl\":\"https:\/\/dara.aragon.es\/dara\/mujeres\/wp-content\/uploads\/sites\/2\/2022\/01\/AHPHU_F_00078_0003_002_Pagina_1.jpg\",\"datePublished\":\"2021-11-25T09:56:44+00:00\",\"dateModified\":\"2024-02-26T13:31:32+00:00\",\"breadcrumb\":{\"@id\":\"https:\/\/dara.aragon.es\/dara\/mujeres\/correspondencia-privada\/#breadcrumb\"},\"inLanguage\":\"es\",\"potentialAction\":[{\"@type\":\"ReadAction\",\"target\":[\"https:\/\/dara.aragon.es\/dara\/mujeres\/correspondencia-privada\/\"]}]},{\"@type\":\"ImageObject\",\"inLanguage\":\"es\",\"@id\":\"https:\/\/dara.aragon.es\/dara\/mujeres\/correspondencia-privada\/#primaryimage\",\"url\":\"https:\/\/dara.aragon.es\/dara\/mujeres\/wp-content\/uploads\/sites\/2\/2022\/01\/AHPHU_F_00078_0003_002_Pagina_1.jpg\",\"contentUrl\":\"https:\/\/dara.aragon.es\/dara\/mujeres\/wp-content\/uploads\/sites\/2\/2022\/01\/AHPHU_F_00078_0003_002_Pagina_1.jpg\",\"width\":805,\"height\":1261},{\"@type\":\"BreadcrumbList\",\"@id\":\"https:\/\/dara.aragon.es\/dara\/mujeres\/correspondencia-privada\/#breadcrumb\",\"itemListElement\":[{\"@type\":\"ListItem\",\"position\":1,\"name\":\"Fuentes documentales mujeres\",\"item\":\"https:\/\/dara.aragon.es\/dara\/mujeres\/\"},{\"@type\":\"ListItem\",\"position\":2,\"name\":\"Correspondencia privada\"}]},{\"@type\":\"WebSite\",\"@id\":\"https:\/\/dara.aragon.es\/dara\/mujeres\/#website\",\"url\":\"https:\/\/dara.aragon.es\/dara\/mujeres\/\",\"name\":\"ARCHIVOS DE MUJERES\",\"description\":\"Otro sitio m\u00e1s de PORTALES DARA\",\"potentialAction\":[{\"@type\":\"SearchAction\",\"target\":{\"@type\":\"EntryPoint\",\"urlTemplate\":\"https:\/\/dara.aragon.es\/dara\/mujeres\/?s={search_term_string}\"},\"query-input\":{\"@type\":\"PropertyValueSpecification\",\"valueRequired\":true,\"valueName\":\"search_term_string\"}}],\"inLanguage\":\"es\"}]}<\/script>\n<!-- \/ Yoast SEO plugin. -->","yoast_head_json":{"title":"Correspondencia privada - ARCHIVOS DE MUJERES","robots":{"index":"index","follow":"follow","max-snippet":"max-snippet:-1","max-image-preview":"max-image-preview:large","max-video-preview":"max-video-preview:-1"},"canonical":"https:\/\/dara.aragon.es\/dara\/mujeres\/correspondencia-privada\/","og_locale":"es_ES","og_type":"article","og_title":"Correspondencia privada - ARCHIVOS DE MUJERES","og_description":"Los archivos p\u00fablicos aragoneses conservan algunos fondos documentales privados. Estos conjuntos documentales fueron generados por personas o familias que tuvieron un papel importante en la sociedad de su \u00e9poca, bien por los cargos que desempe\u00f1aron, bien por su posici\u00f3n econ\u00f3mica, o su labor intelectual.\u00a0 Pero tambi\u00e9n se conservan documentos de personas m\u00e1s \"humildes\", que enriquecen [&hellip;]","og_url":"https:\/\/dara.aragon.es\/dara\/mujeres\/correspondencia-privada\/","og_site_name":"ARCHIVOS DE MUJERES","article_modified_time":"2024-02-26T13:31:32+00:00","og_image":[{"width":805,"height":1261,"url":"https:\/\/dara.aragon.es\/dara\/mujeres\/wp-content\/uploads\/sites\/2\/2022\/01\/AHPHU_F_00078_0003_002_Pagina_1.jpg","type":"image\/jpeg"}],"twitter_card":"summary_large_image","twitter_misc":{"Tiempo de lectura":"6 minutos"},"schema":{"@context":"https:\/\/schema.org","@graph":[{"@type":"WebPage","@id":"https:\/\/dara.aragon.es\/dara\/mujeres\/correspondencia-privada\/","url":"https:\/\/dara.aragon.es\/dara\/mujeres\/correspondencia-privada\/","name":"Correspondencia privada - ARCHIVOS DE MUJERES","isPartOf":{"@id":"https:\/\/dara.aragon.es\/dara\/mujeres\/#website"},"primaryImageOfPage":{"@id":"https:\/\/dara.aragon.es\/dara\/mujeres\/correspondencia-privada\/#primaryimage"},"image":{"@id":"https:\/\/dara.aragon.es\/dara\/mujeres\/correspondencia-privada\/#primaryimage"},"thumbnailUrl":"https:\/\/dara.aragon.es\/dara\/mujeres\/wp-content\/uploads\/sites\/2\/2022\/01\/AHPHU_F_00078_0003_002_Pagina_1.jpg","datePublished":"2021-11-25T09:56:44+00:00","dateModified":"2024-02-26T13:31:32+00:00","breadcrumb":{"@id":"https:\/\/dara.aragon.es\/dara\/mujeres\/correspondencia-privada\/#breadcrumb"},"inLanguage":"es","potentialAction":[{"@type":"ReadAction","target":["https:\/\/dara.aragon.es\/dara\/mujeres\/correspondencia-privada\/"]}]},{"@type":"ImageObject","inLanguage":"es","@id":"https:\/\/dara.aragon.es\/dara\/mujeres\/correspondencia-privada\/#primaryimage","url":"https:\/\/dara.aragon.es\/dara\/mujeres\/wp-content\/uploads\/sites\/2\/2022\/01\/AHPHU_F_00078_0003_002_Pagina_1.jpg","contentUrl":"https:\/\/dara.aragon.es\/dara\/mujeres\/wp-content\/uploads\/sites\/2\/2022\/01\/AHPHU_F_00078_0003_002_Pagina_1.jpg","width":805,"height":1261},{"@type":"BreadcrumbList","@id":"https:\/\/dara.aragon.es\/dara\/mujeres\/correspondencia-privada\/#breadcrumb","itemListElement":[{"@type":"ListItem","position":1,"name":"Fuentes documentales mujeres","item":"https:\/\/dara.aragon.es\/dara\/mujeres\/"},{"@type":"ListItem","position":2,"name":"Correspondencia privada"}]},{"@type":"WebSite","@id":"https:\/\/dara.aragon.es\/dara\/mujeres\/#website","url":"https:\/\/dara.aragon.es\/dara\/mujeres\/","name":"ARCHIVOS DE MUJERES","description":"Otro sitio m\u00e1s de PORTALES DARA","potentialAction":[{"@type":"SearchAction","target":{"@type":"EntryPoint","urlTemplate":"https:\/\/dara.aragon.es\/dara\/mujeres\/?s={search_term_string}"},"query-input":{"@type":"PropertyValueSpecification","valueRequired":true,"valueName":"search_term_string"}}],"inLanguage":"es"}]}},"_links":{"self":[{"href":"https:\/\/dara.aragon.es\/dara\/mujeres\/wp-json\/wp\/v2\/pages\/15","targetHints":{"allow":["GET"]}}],"collection":[{"href":"https:\/\/dara.aragon.es\/dara\/mujeres\/wp-json\/wp\/v2\/pages"}],"about":[{"href":"https:\/\/dara.aragon.es\/dara\/mujeres\/wp-json\/wp\/v2\/types\/page"}],"author":[{"embeddable":true,"href":"https:\/\/dara.aragon.es\/dara\/mujeres\/wp-json\/wp\/v2\/users\/1"}],"replies":[{"embeddable":true,"href":"https:\/\/dara.aragon.es\/dara\/mujeres\/wp-json\/wp\/v2\/comments?post=15"}],"version-history":[{"count":12,"href":"https:\/\/dara.aragon.es\/dara\/mujeres\/wp-json\/wp\/v2\/pages\/15\/revisions"}],"predecessor-version":[{"id":27225,"href":"https:\/\/dara.aragon.es\/dara\/mujeres\/wp-json\/wp\/v2\/pages\/15\/revisions\/27225"}],"wp:featuredmedia":[{"embeddable":true,"href":"https:\/\/dara.aragon.es\/dara\/mujeres\/wp-json\/wp\/v2\/media\/25735"}],"wp:attachment":[{"href":"https:\/\/dara.aragon.es\/dara\/mujeres\/wp-json\/wp\/v2\/media?parent=15"}],"curies":[{"name":"wp","href":"https:\/\/api.w.org\/{rel}","templated":true}]}}