{"id":21,"date":"2021-11-25T09:58:59","date_gmt":"2021-11-25T09:58:59","guid":{"rendered":"http:\/\/bauldecu-cp5021.wordpresstemporal.com\/sandbox\/?page_id=21"},"modified":"2024-02-29T09:36:08","modified_gmt":"2024-02-29T09:36:08","slug":"archivos","status":"publish","type":"page","link":"https:\/\/dara.aragon.es\/dara\/mujeres\/archivos\/","title":{"rendered":"Archivos"},"content":{"rendered":"<p>[et_pb_section fb_built=\u00bb1&#8243; _builder_version=\u00bb4.20.2&#8243; _module_preset=\u00bbdefault\u00bb custom_padding=\u00bb0px|0px|0px|0px|false|false\u00bb global_colors_info=\u00bb{}\u00bb][et_pb_row column_structure=\u00bb1_2,1_2&#8243; use_custom_gutter=\u00bbon\u00bb gutter_width=\u00bb1&#8243; make_equal=\u00bbon\u00bb admin_label=\u00bbBest Beans Row\u00bb module_class=\u00bb et_pb_row_fullwidth\u00bb _builder_version=\u00bb4.20.2&#8243; width=\u00bb100%\u00bb width_tablet=\u00bb100%\u00bb width_phone=\u00bb\u00bb width_last_edited=\u00bbon|desktop\u00bb max_width=\u00bb100%\u00bb max_width_tablet=\u00bb100%\u00bb max_width_phone=\u00bb\u00bb max_width_last_edited=\u00bbon|desktop\u00bb custom_margin=\u00bb|||\u00bb custom_padding=\u00bb0px|0px|0px|0px\u00bb make_fullwidth=\u00bbon\u00bb global_colors_info=\u00bb{}\u00bb][et_pb_column type=\u00bb1_2&#8243; _builder_version=\u00bb4.16&#8243; use_background_color_gradient=\u00bbon\u00bb background_color_gradient_stops=\u00bb#26528d 0%|#24b0bf 100%\u00bb background_color_gradient_start=\u00bb#26528d\u00bb background_color_gradient_end=\u00bb#24b0bf\u00bb custom_padding=\u00bb80px|5%|80px|5%\u00bb global_colors_info=\u00bb{}\u00bb custom_padding__hover=\u00bb|||\u00bb][et_pb_image src=\u00bbhttps:\/\/dara.aragon.es\/dara\/mujeres\/wp-content\/uploads\/sites\/2\/2022\/01\/archivo-huesca.jpg\u00bb title_text=\u00bbarchivo-huesca\u00bb align=\u00bbcenter\u00bb _builder_version=\u00bb4.20.2&#8243; _module_preset=\u00bbdefault\u00bb height=\u00bb329px\u00bb max_height=\u00bb1000px\u00bb animation_style=\u00bbfade\u00bb border_width_all=\u00bb7px\u00bb border_color_all=\u00bb#F2EEEB\u00bb box_shadow_style=\u00bbpreset3&#8243; box_shadow_blur=\u00bb39px\u00bb global_colors_info=\u00bb{}\u00bb][\/et_pb_image][\/et_pb_column][et_pb_column type=\u00bb1_2&#8243; _builder_version=\u00bb4.16&#8243; background_enable_color=\u00bboff\u00bb background_enable_image=\u00bboff\u00bb background_repeat=\u00bbrepeat\u00bb background_blend=\u00bbmultiply\u00bb custom_padding=\u00bb80px|5%|80px|5%\u00bb global_colors_info=\u00bb{}\u00bb custom_padding__hover=\u00bb|||\u00bb][et_pb_text _builder_version=\u00bb4.20.2&#8243; _module_preset=\u00bbdefault\u00bb text_font=\u00bbNunito||||||||\u00bb text_font_size=\u00bb16px\u00bb custom_padding=\u00bb||0px|||\u00bb hover_enabled=\u00bb0&#8243; global_colors_info=\u00bb{}\u00bb sticky_enabled=\u00bb0&#8243;]<\/p>\n<h3><strong>Archivo Hist\u00f3rico Provincial de Huesca<\/strong><\/h3>\n<p>&nbsp;<\/p>\n<p style=\"text-align: justify;\">Los documentos relacionados con mujeres incorporados a DARA-Mujeres desde el AHPHU son muy abundantes, superan los 8000. Proceden tanto de fondos p\u00fablicos como privados. Entre los primeros, destacan los centros docentes: Instituto Ram\u00f3n y Cajal y Escuela de Magisterio. Tambi\u00e9n son relativamente numerosos los expedientes relacionados con la represi\u00f3n pol\u00edtica: responsabilidades pol\u00edticas, presas en las c\u00e1rceles, libertad vigilada, etc.<\/p>\n<p style=\"text-align: justify;\">Entre los privados, hay que citar los numerosos fondos personales y familiares como los de Joaqu\u00edn Costa, Torres-Solanot o familia Catarecha de Hecho.<\/p>\n<p style=\"text-align: justify;\">Dentro de las colecciones de fotograf\u00eda, la m\u00e1s importante en cuanto a im\u00e1genes representativas de la mujer es la de la familia Pano de Monz\u00f3n.<\/p>\n<p>[\/et_pb_text][\/et_pb_column][\/et_pb_row][et_pb_row column_structure=\u00bb1_2,1_2&#8243; use_custom_gutter=\u00bbon\u00bb gutter_width=\u00bb1&#8243; make_equal=\u00bbon\u00bb admin_label=\u00bbBest Beans Row\u00bb module_class=\u00bb et_pb_row_fullwidth\u00bb _builder_version=\u00bb4.16&#8243; width=\u00bb100%\u00bb width_tablet=\u00bb100%\u00bb width_phone=\u00bb\u00bb width_last_edited=\u00bbon|desktop\u00bb max_width=\u00bb100%\u00bb max_width_tablet=\u00bb100%\u00bb max_width_phone=\u00bb\u00bb max_width_last_edited=\u00bbon|desktop\u00bb custom_margin=\u00bb|||\u00bb custom_padding=\u00bb0px|0px|0px|0px\u00bb make_fullwidth=\u00bbon\u00bb global_colors_info=\u00bb{}\u00bb][et_pb_column type=\u00bb1_2&#8243; _builder_version=\u00bb4.16&#8243; background_enable_color=\u00bboff\u00bb background_enable_image=\u00bboff\u00bb background_repeat=\u00bbrepeat\u00bb background_blend=\u00bbmultiply\u00bb custom_padding=\u00bb80px|5%|80px|5%\u00bb global_colors_info=\u00bb{}\u00bb custom_padding__hover=\u00bb|||\u00bb][et_pb_text _builder_version=\u00bb4.16&#8243; _module_preset=\u00bbdefault\u00bb text_font=\u00bbNunito||||||||\u00bb text_font_size=\u00bb16px\u00bb custom_padding=\u00bb||0px|||\u00bb global_colors_info=\u00bb{}\u00bb]<\/p>\n<h3><strong>Archivo Hist\u00f3rico Provincial de Zaragoza<\/strong><\/h3>\n<p><strong><\/strong><\/p>\n<p style=\"text-align: justify\">En el Archivo Hist\u00f3rico Provincial de Zaragoza existen numerosos fondos documentales que aportan informaci\u00f3n sobre mujeres. Quiz\u00e1 el m\u00e1s claro de todos ellos sea el de la Secci\u00f3n Femenina pero hay otros que, sin ser estrictamente femeninos, proporcionan abundantes datos que ayudan a recomponer el papel de las mujeres en la sociedad de su tiempo.<\/p>\n<p style=\"text-align: justify\">Entre ellos, cabe destacar los fondos nobiliarios, en especial de la Casa Ducal de H\u00edjar; el Real Acuerdo, parte fundamental de la Real Audiencia de Arag\u00f3n; la Junta Provincial de Beneficencia; el Tribunal de Responsabilidades Pol\u00edticas; el fondo del Gobierno Civil y, por supuesto, nuestras colecciones fotogr\u00e1ficas, que constituyen una de las principales riquezas de este Archivo.<\/p>\n<p>[\/et_pb_text][\/et_pb_column][et_pb_column type=\u00bb1_2&#8243; _builder_version=\u00bb4.16&#8243; use_background_color_gradient=\u00bbon\u00bb background_color_gradient_stops=\u00bb#26528d 0%|#24b0bf 100%\u00bb background_color_gradient_start=\u00bb#26528d\u00bb background_color_gradient_end=\u00bb#24b0bf\u00bb custom_padding=\u00bb80px|5%|80px|5%\u00bb global_colors_info=\u00bb{}\u00bb custom_padding__hover=\u00bb|||\u00bb][et_pb_image src=\u00bbhttps:\/\/dara.aragon.es\/dara\/mujeres\/wp-content\/uploads\/sites\/2\/2022\/03\/AHPZ.png\u00bb title_text=\u00bbAHPZ\u00bb align=\u00bbcenter\u00bb _builder_version=\u00bb4.16&#8243; _module_preset=\u00bbdefault\u00bb height=\u00bb329px\u00bb max_height=\u00bb1000px\u00bb animation_style=\u00bbfade\u00bb border_width_all=\u00bb7px\u00bb border_color_all=\u00bb#F2EEEB\u00bb box_shadow_style=\u00bbpreset3&#8243; box_shadow_blur=\u00bb39px\u00bb global_colors_info=\u00bb{}\u00bb][\/et_pb_image][\/et_pb_column][\/et_pb_row][et_pb_row column_structure=\u00bb1_2,1_2&#8243; use_custom_gutter=\u00bbon\u00bb gutter_width=\u00bb1&#8243; make_equal=\u00bbon\u00bb admin_label=\u00bbBest Beans Row\u00bb module_class=\u00bb et_pb_row_fullwidth\u00bb _builder_version=\u00bb4.16&#8243; width=\u00bb100%\u00bb width_tablet=\u00bb100%\u00bb width_phone=\u00bb\u00bb width_last_edited=\u00bbon|desktop\u00bb max_width=\u00bb100%\u00bb max_width_tablet=\u00bb100%\u00bb max_width_phone=\u00bb\u00bb max_width_last_edited=\u00bbon|desktop\u00bb custom_margin=\u00bb|||\u00bb custom_padding=\u00bb0px|0px|0px|0px\u00bb make_fullwidth=\u00bbon\u00bb global_colors_info=\u00bb{}\u00bb][et_pb_column type=\u00bb1_2&#8243; _builder_version=\u00bb4.16&#8243; use_background_color_gradient=\u00bbon\u00bb background_color_gradient_stops=\u00bb#26528d 0%|#24b0bf 100%\u00bb background_color_gradient_start=\u00bb#26528d\u00bb background_color_gradient_end=\u00bb#24b0bf\u00bb custom_padding=\u00bb80px|5%|80px|5%\u00bb global_colors_info=\u00bb{}\u00bb custom_padding__hover=\u00bb|||\u00bb][et_pb_image src=\u00bbhttps:\/\/dara.aragon.es\/dara\/mujeres\/wp-content\/uploads\/sites\/2\/2022\/03\/Fotos-AHP-TE-recortada.png\u00bb title_text=\u00bbFotos AHP TE recortada\u00bb align=\u00bbcenter\u00bb _builder_version=\u00bb4.16&#8243; _module_preset=\u00bbdefault\u00bb height=\u00bb307px\u00bb animation_style=\u00bbfade\u00bb border_width_all=\u00bb7px\u00bb border_color_all=\u00bb#F2EEEB\u00bb box_shadow_style=\u00bbpreset3&#8243; box_shadow_blur=\u00bb39px\u00bb global_colors_info=\u00bb{}\u00bb][\/et_pb_image][\/et_pb_column][et_pb_column type=\u00bb1_2&#8243; _builder_version=\u00bb4.16&#8243; background_enable_color=\u00bboff\u00bb background_enable_image=\u00bboff\u00bb background_repeat=\u00bbrepeat\u00bb background_blend=\u00bbmultiply\u00bb custom_padding=\u00bb80px|5%|80px|5%\u00bb global_colors_info=\u00bb{}\u00bb custom_padding__hover=\u00bb|||\u00bb][et_pb_text _builder_version=\u00bb4.16&#8243; _module_preset=\u00bbdefault\u00bb text_font=\u00bbNunito||||||||\u00bb text_font_size=\u00bb16px\u00bb global_colors_info=\u00bb{}\u00bb]<\/p>\n<h3><strong>Archivo Hist\u00f3rico Provincial de Teruel<\/strong><\/h3>\n<p><strong><\/strong><\/p>\n<p style=\"text-align: justify\">Desde el\u00a0 AHPTE se est\u00e1n incorporando al portal DARA-Mujeres paulatinamente diferentes fondos relacionados con la mujer. Su procedencia, en especial entre los fondos p\u00fablicos, es tan interesante como diversa.<\/p>\n<p style=\"text-align: justify\">Destaca el fondo del Gobierno Civil con los expedientes de detenidas, conducci\u00f3n de presos y detenidos, los informes de actividades del maquis, informes pol\u00edtico sociales, la correspondencia o sobre las pensiones de viudedad y de orfandad. Del fondo de la Delegaci\u00f3n Provincial de la Organizaci\u00f3n Sindical tenemos el Sindicato Provincial de Actividades Sanitarias o el de las Mujeres de la limpieza. De los fondos de la Audiencia Provincial de Teruel y de los Juzgados tenemos procesos y sumarios. Del Juzgado Instructor Provincial de Responsabilidades Pol\u00edticas de Teruel son 213 expedientes. De la Delegaci\u00f3n Provincial de Hacienda son los documentos de la evaluaci\u00f3n global del trabajo personal y de los 10.000 expedientes de alumnos (desde 1845 a 1946) del Instituto Ib\u00e1\u00f1ez Mart\u00edn (en la actualidad \u201cVega del Turia\u201d, hay que revisar los que corresponden a mujeres.<\/p>\n<p style=\"text-align: justify\">Dentro de las colecciones de fotograf\u00eda, la m\u00e1s importante en cuanto a im\u00e1genes representativas de la mujer es la de la Secci\u00f3n Femenina.<\/p>\n<p>[\/et_pb_text][\/et_pb_column][\/et_pb_row][\/et_pb_section]<\/p>\n","protected":false},"excerpt":{"rendered":"<p>Archivo Hist\u00f3rico Provincial de Huesca &nbsp; Los documentos relacionados con mujeres incorporados a DARA-Mujeres desde el AHPHU son muy abundantes, superan los 8000. Proceden tanto de fondos p\u00fablicos como privados. Entre los primeros, destacan los centros docentes: Instituto Ram\u00f3n y Cajal y Escuela de Magisterio. Tambi\u00e9n son relativamente numerosos los expedientes relacionados con la represi\u00f3n [&hellip;]<\/p>\n","protected":false},"author":1,"featured_media":25739,"parent":0,"menu_order":0,"comment_status":"closed","ping_status":"closed","template":"","meta":{"_et_pb_use_builder":"on","_et_pb_old_content":"","_et_gb_content_width":"","footnotes":""},"class_list":["post-21","page","type-page","status-publish","has-post-thumbnail","hentry"],"yoast_head":"<!-- This site is optimized with the Yoast SEO plugin v26.2 - https:\/\/yoast.com\/wordpress\/plugins\/seo\/ -->\n<title>Archivos - ARCHIVOS DE MUJERES<\/title>\n<meta name=\"robots\" content=\"index, follow, max-snippet:-1, max-image-preview:large, max-video-preview:-1\" \/>\n<link rel=\"canonical\" href=\"https:\/\/dara.aragon.es\/dara\/mujeres\/archivos\/\" \/>\n<meta property=\"og:locale\" content=\"es_ES\" \/>\n<meta property=\"og:type\" content=\"article\" \/>\n<meta property=\"og:title\" content=\"Archivos - ARCHIVOS DE MUJERES\" \/>\n<meta property=\"og:description\" content=\"Archivo Hist\u00f3rico Provincial de Huesca &nbsp; Los documentos relacionados con mujeres incorporados a DARA-Mujeres desde el AHPHU son muy abundantes, superan los 8000. Proceden tanto de fondos p\u00fablicos como privados. Entre los primeros, destacan los centros docentes: Instituto Ram\u00f3n y Cajal y Escuela de Magisterio. Tambi\u00e9n son relativamente numerosos los expedientes relacionados con la represi\u00f3n [&hellip;]\" \/>\n<meta property=\"og:url\" content=\"https:\/\/dara.aragon.es\/dara\/mujeres\/archivos\/\" \/>\n<meta property=\"og:site_name\" content=\"ARCHIVOS DE MUJERES\" \/>\n<meta property=\"article:modified_time\" content=\"2024-02-29T09:36:08+00:00\" \/>\n<meta property=\"og:image\" content=\"https:\/\/dara.aragon.es\/dara\/mujeres\/wp-content\/uploads\/sites\/2\/2022\/01\/archivo-huesca.jpg\" \/>\n\t<meta property=\"og:image:width\" content=\"750\" \/>\n\t<meta property=\"og:image:height\" content=\"531\" \/>\n\t<meta property=\"og:image:type\" content=\"image\/jpeg\" \/>\n<meta name=\"twitter:card\" content=\"summary_large_image\" \/>\n<meta name=\"twitter:label1\" content=\"Tiempo de lectura\" \/>\n\t<meta name=\"twitter:data1\" content=\"6 minutos\" \/>\n<script type=\"application\/ld+json\" class=\"yoast-schema-graph\">{\"@context\":\"https:\/\/schema.org\",\"@graph\":[{\"@type\":\"WebPage\",\"@id\":\"https:\/\/dara.aragon.es\/dara\/mujeres\/archivos\/\",\"url\":\"https:\/\/dara.aragon.es\/dara\/mujeres\/archivos\/\",\"name\":\"Archivos - ARCHIVOS DE MUJERES\",\"isPartOf\":{\"@id\":\"https:\/\/dara.aragon.es\/dara\/mujeres\/#website\"},\"primaryImageOfPage\":{\"@id\":\"https:\/\/dara.aragon.es\/dara\/mujeres\/archivos\/#primaryimage\"},\"image\":{\"@id\":\"https:\/\/dara.aragon.es\/dara\/mujeres\/archivos\/#primaryimage\"},\"thumbnailUrl\":\"https:\/\/dara.aragon.es\/dara\/mujeres\/wp-content\/uploads\/sites\/2\/2022\/01\/archivo-huesca.jpg\",\"datePublished\":\"2021-11-25T09:58:59+00:00\",\"dateModified\":\"2024-02-29T09:36:08+00:00\",\"breadcrumb\":{\"@id\":\"https:\/\/dara.aragon.es\/dara\/mujeres\/archivos\/#breadcrumb\"},\"inLanguage\":\"es\",\"potentialAction\":[{\"@type\":\"ReadAction\",\"target\":[\"https:\/\/dara.aragon.es\/dara\/mujeres\/archivos\/\"]}]},{\"@type\":\"ImageObject\",\"inLanguage\":\"es\",\"@id\":\"https:\/\/dara.aragon.es\/dara\/mujeres\/archivos\/#primaryimage\",\"url\":\"https:\/\/dara.aragon.es\/dara\/mujeres\/wp-content\/uploads\/sites\/2\/2022\/01\/archivo-huesca.jpg\",\"contentUrl\":\"https:\/\/dara.aragon.es\/dara\/mujeres\/wp-content\/uploads\/sites\/2\/2022\/01\/archivo-huesca.jpg\",\"width\":750,\"height\":531},{\"@type\":\"BreadcrumbList\",\"@id\":\"https:\/\/dara.aragon.es\/dara\/mujeres\/archivos\/#breadcrumb\",\"itemListElement\":[{\"@type\":\"ListItem\",\"position\":1,\"name\":\"Fuentes documentales mujeres\",\"item\":\"https:\/\/dara.aragon.es\/dara\/mujeres\/\"},{\"@type\":\"ListItem\",\"position\":2,\"name\":\"Archivos\"}]},{\"@type\":\"WebSite\",\"@id\":\"https:\/\/dara.aragon.es\/dara\/mujeres\/#website\",\"url\":\"https:\/\/dara.aragon.es\/dara\/mujeres\/\",\"name\":\"ARCHIVOS DE MUJERES\",\"description\":\"Otro sitio m\u00e1s de PORTALES DARA\",\"potentialAction\":[{\"@type\":\"SearchAction\",\"target\":{\"@type\":\"EntryPoint\",\"urlTemplate\":\"https:\/\/dara.aragon.es\/dara\/mujeres\/?s={search_term_string}\"},\"query-input\":{\"@type\":\"PropertyValueSpecification\",\"valueRequired\":true,\"valueName\":\"search_term_string\"}}],\"inLanguage\":\"es\"}]}<\/script>\n<!-- \/ Yoast SEO plugin. -->","yoast_head_json":{"title":"Archivos - ARCHIVOS DE MUJERES","robots":{"index":"index","follow":"follow","max-snippet":"max-snippet:-1","max-image-preview":"max-image-preview:large","max-video-preview":"max-video-preview:-1"},"canonical":"https:\/\/dara.aragon.es\/dara\/mujeres\/archivos\/","og_locale":"es_ES","og_type":"article","og_title":"Archivos - ARCHIVOS DE MUJERES","og_description":"Archivo Hist\u00f3rico Provincial de Huesca &nbsp; Los documentos relacionados con mujeres incorporados a DARA-Mujeres desde el AHPHU son muy abundantes, superan los 8000. Proceden tanto de fondos p\u00fablicos como privados. Entre los primeros, destacan los centros docentes: Instituto Ram\u00f3n y Cajal y Escuela de Magisterio. Tambi\u00e9n son relativamente numerosos los expedientes relacionados con la represi\u00f3n [&hellip;]","og_url":"https:\/\/dara.aragon.es\/dara\/mujeres\/archivos\/","og_site_name":"ARCHIVOS DE MUJERES","article_modified_time":"2024-02-29T09:36:08+00:00","og_image":[{"width":750,"height":531,"url":"https:\/\/dara.aragon.es\/dara\/mujeres\/wp-content\/uploads\/sites\/2\/2022\/01\/archivo-huesca.jpg","type":"image\/jpeg"}],"twitter_card":"summary_large_image","twitter_misc":{"Tiempo de lectura":"6 minutos"},"schema":{"@context":"https:\/\/schema.org","@graph":[{"@type":"WebPage","@id":"https:\/\/dara.aragon.es\/dara\/mujeres\/archivos\/","url":"https:\/\/dara.aragon.es\/dara\/mujeres\/archivos\/","name":"Archivos - ARCHIVOS DE MUJERES","isPartOf":{"@id":"https:\/\/dara.aragon.es\/dara\/mujeres\/#website"},"primaryImageOfPage":{"@id":"https:\/\/dara.aragon.es\/dara\/mujeres\/archivos\/#primaryimage"},"image":{"@id":"https:\/\/dara.aragon.es\/dara\/mujeres\/archivos\/#primaryimage"},"thumbnailUrl":"https:\/\/dara.aragon.es\/dara\/mujeres\/wp-content\/uploads\/sites\/2\/2022\/01\/archivo-huesca.jpg","datePublished":"2021-11-25T09:58:59+00:00","dateModified":"2024-02-29T09:36:08+00:00","breadcrumb":{"@id":"https:\/\/dara.aragon.es\/dara\/mujeres\/archivos\/#breadcrumb"},"inLanguage":"es","potentialAction":[{"@type":"ReadAction","target":["https:\/\/dara.aragon.es\/dara\/mujeres\/archivos\/"]}]},{"@type":"ImageObject","inLanguage":"es","@id":"https:\/\/dara.aragon.es\/dara\/mujeres\/archivos\/#primaryimage","url":"https:\/\/dara.aragon.es\/dara\/mujeres\/wp-content\/uploads\/sites\/2\/2022\/01\/archivo-huesca.jpg","contentUrl":"https:\/\/dara.aragon.es\/dara\/mujeres\/wp-content\/uploads\/sites\/2\/2022\/01\/archivo-huesca.jpg","width":750,"height":531},{"@type":"BreadcrumbList","@id":"https:\/\/dara.aragon.es\/dara\/mujeres\/archivos\/#breadcrumb","itemListElement":[{"@type":"ListItem","position":1,"name":"Fuentes documentales mujeres","item":"https:\/\/dara.aragon.es\/dara\/mujeres\/"},{"@type":"ListItem","position":2,"name":"Archivos"}]},{"@type":"WebSite","@id":"https:\/\/dara.aragon.es\/dara\/mujeres\/#website","url":"https:\/\/dara.aragon.es\/dara\/mujeres\/","name":"ARCHIVOS DE MUJERES","description":"Otro sitio m\u00e1s de PORTALES DARA","potentialAction":[{"@type":"SearchAction","target":{"@type":"EntryPoint","urlTemplate":"https:\/\/dara.aragon.es\/dara\/mujeres\/?s={search_term_string}"},"query-input":{"@type":"PropertyValueSpecification","valueRequired":true,"valueName":"search_term_string"}}],"inLanguage":"es"}]}},"_links":{"self":[{"href":"https:\/\/dara.aragon.es\/dara\/mujeres\/wp-json\/wp\/v2\/pages\/21","targetHints":{"allow":["GET"]}}],"collection":[{"href":"https:\/\/dara.aragon.es\/dara\/mujeres\/wp-json\/wp\/v2\/pages"}],"about":[{"href":"https:\/\/dara.aragon.es\/dara\/mujeres\/wp-json\/wp\/v2\/types\/page"}],"author":[{"embeddable":true,"href":"https:\/\/dara.aragon.es\/dara\/mujeres\/wp-json\/wp\/v2\/users\/1"}],"replies":[{"embeddable":true,"href":"https:\/\/dara.aragon.es\/dara\/mujeres\/wp-json\/wp\/v2\/comments?post=21"}],"version-history":[{"count":15,"href":"https:\/\/dara.aragon.es\/dara\/mujeres\/wp-json\/wp\/v2\/pages\/21\/revisions"}],"predecessor-version":[{"id":27228,"href":"https:\/\/dara.aragon.es\/dara\/mujeres\/wp-json\/wp\/v2\/pages\/21\/revisions\/27228"}],"wp:featuredmedia":[{"embeddable":true,"href":"https:\/\/dara.aragon.es\/dara\/mujeres\/wp-json\/wp\/v2\/media\/25739"}],"wp:attachment":[{"href":"https:\/\/dara.aragon.es\/dara\/mujeres\/wp-json\/wp\/v2\/media?parent=21"}],"curies":[{"name":"wp","href":"https:\/\/api.w.org\/{rel}","templated":true}]}}