{"id":26953,"date":"2022-03-14T13:40:45","date_gmt":"2022-03-14T13:40:45","guid":{"rendered":"https:\/\/dara.aragon.es\/dara\/mujeres\/?page_id=26953"},"modified":"2023-06-02T12:05:11","modified_gmt":"2023-06-02T12:05:11","slug":"26953-2","status":"publish","type":"page","link":"https:\/\/dara.aragon.es\/dara\/mujeres\/26953-2\/","title":{"rendered":"Mujer y trabajo"},"content":{"rendered":"<p>[et_pb_section fb_built=\u00bb1&#8243; fullwidth=\u00bbon\u00bb admin_label=\u00bbHeader Section\u00bb _builder_version=\u00bb4.16&#8243; background_color=\u00bb#898989&#8243; background_image=\u00bbhttps:\/\/dara.aragon.es\/dara\/mujeres\/wp-content\/uploads\/sites\/2\/2022\/01\/fondo-educacion.jpg\u00bb parallax=\u00bbon\u00bb custom_margin=\u00bb||0px||false|false\u00bb custom_padding=\u00bb||0px||false|false\u00bb saved_tabs=\u00bball\u00bb locked=\u00bboff\u00bb global_colors_info=\u00bb{}\u00bb][et_pb_fullwidth_header title=\u00bbmujer y trabajo\u00bb text_orientation=\u00bbcenter\u00bb background_overlay_color=\u00bbrgba(0,0,0,0.4)\u00bb content_max_width_last_edited=\u00bboff|desktop\u00bb admin_label=\u00bbContents\u00bb _builder_version=\u00bb4.16&#8243; title_font=\u00bbOswald|||on|\u00bb title_text_align=\u00bbcenter\u00bb title_font_size=\u00bb80px\u00bb title_letter_spacing=\u00bb0.05em\u00bb title_line_height=\u00bb1.5em\u00bb subhead_font=\u00bbNunito|600|||||||\u00bb subhead_font_size=\u00bb20px\u00bb subhead_line_height=\u00bb1.9em\u00bb background_color=\u00bbrgba(255, 255, 255, 0)\u00bb background_image=\u00bbhttps:\/\/dara.aragon.es\/dara\/mujeres\/wp-content\/uploads\/sites\/2\/2022\/03\/Trabajo-banda.png\u00bb parallax=\u00bbon\u00bb parallax_method=\u00bbon\u00bb custom_button_one=\u00bbon\u00bb button_one_text_size=\u00bb15px\u00bb button_one_bg_color=\u00bb#dca57d\u00bb button_one_border_width=\u00bb10px\u00bb button_one_border_color=\u00bb#dca57d\u00bb button_one_border_radius=\u00bb0px\u00bb button_one_letter_spacing=\u00bb3px\u00bb button_one_font=\u00bbOswald|||on|\u00bb button_one_use_icon=\u00bboff\u00bb custom_margin=\u00bb|||\u00bb custom_padding=\u00bb1%||1%||false|false\u00bb animation_style=\u00bbfade\u00bb animation_starting_opacity=\u00bb50%\u00bb animation_speed_curve=\u00bbease-in\u00bb title_font_size_tablet=\u00bb60px\u00bb title_font_size_phone=\u00bb40px\u00bb title_font_size_last_edited=\u00bbon|phone\u00bb button_one_border_color_hover=\u00bb#c99872&#8243; button_one_border_radius_hover=\u00bb0px\u00bb button_one_letter_spacing_hover=\u00bb3px\u00bb button_one_bg_color_hover=\u00bb#c99872&#8243; global_colors_info=\u00bb{}\u00bb button_one_text_size__hover_enabled=\u00bboff\u00bb button_two_text_size__hover_enabled=\u00bboff\u00bb button_one_text_color__hover_enabled=\u00bboff\u00bb button_two_text_color__hover_enabled=\u00bboff\u00bb button_one_border_width__hover_enabled=\u00bboff\u00bb button_two_border_width__hover_enabled=\u00bboff\u00bb button_one_border_color__hover_enabled=\u00bbon\u00bb button_one_border_color__hover=\u00bb#c99872&#8243; button_two_border_color__hover_enabled=\u00bboff\u00bb button_one_border_radius__hover_enabled=\u00bbon\u00bb button_one_border_radius__hover=\u00bb0px\u00bb button_two_border_radius__hover_enabled=\u00bboff\u00bb button_one_letter_spacing__hover_enabled=\u00bbon\u00bb button_one_letter_spacing__hover=\u00bb3px\u00bb button_two_letter_spacing__hover_enabled=\u00bboff\u00bb button_one_bg_color__hover_enabled=\u00bbon\u00bb button_one_bg_color__hover=\u00bb#c99872&#8243; button_two_bg_color__hover_enabled=\u00bboff\u00bb][\/et_pb_fullwidth_header][\/et_pb_section][et_pb_section fb_built=\u00bb1&#8243; _builder_version=\u00bb4.16&#8243; _module_preset=\u00bbdefault\u00bb custom_margin=\u00bb0px|0px|0px|0px|false|false\u00bb custom_padding=\u00bb0px|0px|0px|0px|false|false\u00bb global_colors_info=\u00bb{}\u00bb][et_pb_row column_structure=\u00bb1_2,1_2&#8243; use_custom_gutter=\u00bbon\u00bb gutter_width=\u00bb1&#8243; make_equal=\u00bbon\u00bb admin_label=\u00bbBest Beans Row\u00bb module_class=\u00bb et_pb_row_fullwidth\u00bb _builder_version=\u00bb4.16&#8243; width=\u00bb100%\u00bb width_tablet=\u00bb100%\u00bb width_phone=\u00bb\u00bb width_last_edited=\u00bbon|desktop\u00bb max_width=\u00bb100%\u00bb max_width_tablet=\u00bb100%\u00bb max_width_phone=\u00bb\u00bb max_width_last_edited=\u00bbon|desktop\u00bb custom_margin=\u00bb|||\u00bb custom_padding=\u00bb0px|0px|0px|0px\u00bb make_fullwidth=\u00bbon\u00bb global_colors_info=\u00bb{}\u00bb][et_pb_column type=\u00bb1_2&#8243; _builder_version=\u00bb4.16&#8243; custom_padding=\u00bb80px|5%|80px|5%\u00bb global_colors_info=\u00bb{}\u00bb custom_padding__hover=\u00bb|||\u00bb][et_pb_text _builder_version=\u00bb4.16&#8243; _module_preset=\u00bbdefault\u00bb text_font=\u00bbNunito||||||||\u00bb text_font_size=\u00bb16px\u00bb custom_padding=\u00bb||0px|||\u00bb global_colors_info=\u00bb{}\u00bb]<\/p>\n<p style=\"text-align: justify\"><span>La incorporaci\u00f3n de la mujer al mundo laboral remunerado de forma generalizada, ha sido un proceso tard\u00edo. Las \u00e1reas de trabajo en las que m\u00e1s habitualmente se encuadraba eran las relacionadas con el hogar. Desde hace siglos, existe constancia documental de los salarios en este sector, en fuentes documentales como protocolos notariales que recog\u00edan sus contratos, o los libros de cuentas que contabilizaban todo tipo de pagos en las casas. Otra profesi\u00f3n tradicionalmente admitida y desempe\u00f1ada por las mujeres era la de maestra de ni\u00f1as. Los expedientes acad\u00e9micos de las maestras que cursaron sus estudios en Huesca han sido descritos de forma individualizada e incorporados a este portal monogr\u00e1fico (ver secci\u00f3n \u00abMujer y educaci\u00f3n\u00bb). Tambi\u00e9n desempe\u00f1\u00f3 otros muchos oficios de los que han quedado testimonio, y que en muchos casos est\u00e1n ya en proceso de desaparici\u00f3n. Pero tambi\u00e9n las mujeres se incorporaron en Arag\u00f3n en el s. XX al trabajo en f\u00e1bricas e industrias. De ello quedaron testimonios fotogr\u00e1ficos que pueden consultarse en DARA. Estos son alguno documentos que ayudan a conocer la evoluci\u00f3n de algunos oficios desempe\u00f1ados por las mujeres:<\/span><\/p>\n<p style=\"text-align: justify\">\n<p>[\/et_pb_text][\/et_pb_column][et_pb_column type=\u00bb1_2&#8243; _builder_version=\u00bb4.16&#8243; background_enable_color=\u00bboff\u00bb background_enable_image=\u00bboff\u00bb background_repeat=\u00bbrepeat\u00bb background_blend=\u00bbmultiply\u00bb custom_padding=\u00bb80px|5%|80px|5%\u00bb global_colors_info=\u00bb{}\u00bb custom_padding__hover=\u00bb|||\u00bb][et_pb_image src=\u00bbhttps:\/\/dara.aragon.es\/dara\/mujeres\/wp-content\/uploads\/sites\/2\/2022\/03\/Grupo-trabajadoras-Tudor.png\u00bb title_text=\u00bbGrupo trabajadoras Tudor\u00bb align=\u00bbcenter\u00bb _builder_version=\u00bb4.16&#8243; _module_preset=\u00bbdefault\u00bb max_height=\u00bb475px\u00bb global_colors_info=\u00bb{}\u00bb][\/et_pb_image][\/et_pb_column][\/et_pb_row][et_pb_row column_structure=\u00bb1_3,1_3,1_3&#8243; use_custom_gutter=\u00bbon\u00bb gutter_width=\u00bb1&#8243; make_equal=\u00bbon\u00bb admin_label=\u00bbFooter Row\u00bb module_class=\u00bb et_pb_row_fullwidth\u00bb _builder_version=\u00bb4.16&#8243; width=\u00bb100%\u00bb width_tablet=\u00bb100%\u00bb width_phone=\u00bb\u00bb width_last_edited=\u00bbon|desktop\u00bb max_width=\u00bb100%\u00bb max_width_tablet=\u00bb100%\u00bb max_width_phone=\u00bb\u00bb max_width_last_edited=\u00bbon|desktop\u00bb custom_margin=\u00bb|||\u00bb custom_padding=\u00bb0px|0px|0px|0px\u00bb animation_style=\u00bbfade\u00bb make_fullwidth=\u00bbon\u00bb global_colors_info=\u00bb{}\u00bb][et_pb_column type=\u00bb1_3&#8243; _builder_version=\u00bb4.16&#8243; background_color=\u00bb#26528D\u00bb custom_padding=\u00bb50px|3%|50px|3%|false|false\u00bb custom_padding_tablet=\u00bb\u00bb custom_padding_phone=\u00bb\u00bb custom_padding_last_edited=\u00bbon|phone\u00bb global_colors_info=\u00bb{}\u00bb padding_last_edited=\u00bbon|phone\u00bb custom_padding__hover=\u00bb|||\u00bb][et_pb_text admin_label=\u00bbTittle\u00bb _builder_version=\u00bb4.16&#8243; text_font=\u00bbOswald||||\u00bb link_font=\u00bb||||||||\u00bb ul_font=\u00bb||||||||\u00bb ol_font=\u00bb||||||||\u00bb quote_font=\u00bb||||||||\u00bb header_font=\u00bb||||||||\u00bb header_2_font=\u00bbOswald|||on|||||\u00bb header_2_text_align=\u00bbleft\u00bb header_2_font_size=\u00bb40px\u00bb header_2_letter_spacing=\u00bb2px\u00bb header_2_line_height=\u00bb1.5em\u00bb background_layout=\u00bbdark\u00bb width=\u00bb100%\u00bb max_width=\u00bb100%\u00bb module_alignment=\u00bbcenter\u00bb custom_margin=\u00bb||2%|2px|false|false\u00bb locked=\u00bboff\u00bb global_colors_info=\u00bb{}\u00bb]<\/p>\n<h2>mujeres e industria<\/h2>\n<p>[\/et_pb_text][et_pb_button button_url=\u00bbhttps:\/\/dara.aragon.es\/opac\/app\/results\/muje?ob=df:1&amp;q=industria\u00bb url_new_window=\u00bbon\u00bb button_text=\u00bbVer documentos\u00bb button_alignment=\u00bbleft\u00bb admin_label=\u00bbTexts\u00bb _builder_version=\u00bb4.16&#8243; custom_button=\u00bbon\u00bb button_text_size=\u00bb20px\u00bb button_text_color=\u00bb#FFFFFF\u00bb button_bg_color=\u00bbRGBA(255,255,255,0)\u00bb button_border_width=\u00bb3px\u00bb button_border_color=\u00bb#FFFFFF\u00bb button_border_radius=\u00bb0px\u00bb button_letter_spacing=\u00bb3px\u00bb button_font=\u00bbOswald|||on|\u00bb button_icon=\u00bb&#x35;||divi||400&#8243; button_icon_color=\u00bb#F2EEEB\u00bb custom_margin=\u00bb|||\u00bb button_border_color_hover=\u00bb#c99872&#8243; button_border_radius_hover=\u00bb0px\u00bb button_letter_spacing_hover=\u00bb3px\u00bb button_bg_color_hover=\u00bb#c99872&#8243; global_colors_info=\u00bb{}\u00bb button_text_size__hover_enabled=\u00bboff\u00bb button_one_text_size__hover_enabled=\u00bboff\u00bb button_two_text_size__hover_enabled=\u00bboff\u00bb button_text_color__hover_enabled=\u00bboff\u00bb button_one_text_color__hover_enabled=\u00bboff\u00bb button_two_text_color__hover_enabled=\u00bboff\u00bb button_border_width__hover_enabled=\u00bboff\u00bb button_one_border_width__hover_enabled=\u00bboff\u00bb button_two_border_width__hover_enabled=\u00bboff\u00bb button_border_color__hover_enabled=\u00bbon\u00bb button_border_color__hover=\u00bb#FFFFFF\u00bb button_one_border_color__hover_enabled=\u00bboff\u00bb button_two_border_color__hover_enabled=\u00bboff\u00bb button_border_radius__hover_enabled=\u00bbon\u00bb button_border_radius__hover=\u00bb0px\u00bb button_one_border_radius__hover_enabled=\u00bboff\u00bb button_two_border_radius__hover_enabled=\u00bboff\u00bb button_letter_spacing__hover_enabled=\u00bbon\u00bb button_letter_spacing__hover=\u00bb3px\u00bb button_one_letter_spacing__hover_enabled=\u00bboff\u00bb button_two_letter_spacing__hover_enabled=\u00bboff\u00bb button_bg_color__hover_enabled=\u00bbon|hover\u00bb button_bg_color__hover=\u00bbRGBA(255,255,255,0)\u00bb button_one_bg_color__hover_enabled=\u00bboff\u00bb button_two_bg_color__hover_enabled=\u00bboff\u00bb button_bg_enable_color__hover=\u00bbon\u00bb][\/et_pb_button][\/et_pb_column][et_pb_column type=\u00bb1_3&#8243; _builder_version=\u00bb4.16&#8243; background_color=\u00bb#0D3857&#8243; custom_padding=\u00bb50px|3%|50px|3%|false|false\u00bb custom_padding_tablet=\u00bb\u00bb custom_padding_phone=\u00bb\u00bb custom_padding_last_edited=\u00bbon|phone\u00bb global_colors_info=\u00bb{}\u00bb padding_last_edited=\u00bbon|phone\u00bb custom_padding__hover=\u00bb|||\u00bb][et_pb_text admin_label=\u00bbTittle\u00bb _builder_version=\u00bb4.16&#8243; text_font=\u00bbOswald||||\u00bb link_font=\u00bb||||||||\u00bb ul_font=\u00bb||||||||\u00bb ol_font=\u00bb||||||||\u00bb quote_font=\u00bb||||||||\u00bb header_font=\u00bb||||||||\u00bb header_2_font=\u00bbOswald|||on|||||\u00bb header_2_text_align=\u00bbleft\u00bb header_2_font_size=\u00bb40px\u00bb header_2_letter_spacing=\u00bb2px\u00bb header_2_line_height=\u00bb1.5em\u00bb background_layout=\u00bbdark\u00bb width=\u00bb100%\u00bb max_width=\u00bb100%\u00bb module_alignment=\u00bbcenter\u00bb custom_margin=\u00bb||2%|2px|false|false\u00bb locked=\u00bboff\u00bb global_colors_info=\u00bb{}\u00bb]<\/p>\n<h2>mujeres y sanidad<\/h2>\n<p>[\/et_pb_text][et_pb_button button_url=\u00bbhttps:\/\/dara.aragon.es\/opac\/app\/results\/muje?ob=df:1&amp;q=%22Enfermeras%22+or+%22comadrona%22+or+%22m%C3%A9dica%22+or+%22partera%22+or+%22matronas%22+or+%22enfermer%C3%ADa%22&#8243; url_new_window=\u00bbon\u00bb button_text=\u00bbVer documentos\u00bb button_alignment=\u00bbleft\u00bb admin_label=\u00bbTexts\u00bb _builder_version=\u00bb4.16&#8243; custom_button=\u00bbon\u00bb button_text_size=\u00bb20px\u00bb button_text_color=\u00bb#FFFFFF\u00bb button_bg_color=\u00bbRGBA(255,255,255,0)\u00bb button_border_width=\u00bb3px\u00bb button_border_color=\u00bb#FFFFFF\u00bb button_border_radius=\u00bb0px\u00bb button_letter_spacing=\u00bb3px\u00bb button_font=\u00bbOswald|||on|\u00bb button_icon=\u00bb&#x35;||divi||400&#8243; button_icon_color=\u00bb#F2EEEB\u00bb custom_margin=\u00bb|||\u00bb button_border_color_hover=\u00bb#c99872&#8243; button_border_radius_hover=\u00bb0px\u00bb button_letter_spacing_hover=\u00bb3px\u00bb button_bg_color_hover=\u00bb#c99872&#8243; global_colors_info=\u00bb{}\u00bb button_text_size__hover_enabled=\u00bboff\u00bb button_one_text_size__hover_enabled=\u00bboff\u00bb button_two_text_size__hover_enabled=\u00bboff\u00bb button_text_color__hover_enabled=\u00bboff\u00bb button_one_text_color__hover_enabled=\u00bboff\u00bb button_two_text_color__hover_enabled=\u00bboff\u00bb button_border_width__hover_enabled=\u00bboff\u00bb button_one_border_width__hover_enabled=\u00bboff\u00bb button_two_border_width__hover_enabled=\u00bboff\u00bb button_border_color__hover_enabled=\u00bbon\u00bb button_border_color__hover=\u00bb#FFFFFF\u00bb button_one_border_color__hover_enabled=\u00bboff\u00bb button_two_border_color__hover_enabled=\u00bboff\u00bb button_border_radius__hover_enabled=\u00bbon\u00bb button_border_radius__hover=\u00bb0px\u00bb button_one_border_radius__hover_enabled=\u00bboff\u00bb button_two_border_radius__hover_enabled=\u00bboff\u00bb button_letter_spacing__hover_enabled=\u00bbon\u00bb button_letter_spacing__hover=\u00bb3px\u00bb button_one_letter_spacing__hover_enabled=\u00bboff\u00bb button_two_letter_spacing__hover_enabled=\u00bboff\u00bb button_bg_color__hover_enabled=\u00bbon|hover\u00bb button_bg_color__hover=\u00bbRGBA(255,255,255,0)\u00bb button_one_bg_color__hover_enabled=\u00bboff\u00bb button_two_bg_color__hover_enabled=\u00bboff\u00bb button_bg_enable_color__hover=\u00bbon\u00bb][\/et_pb_button][\/et_pb_column][et_pb_column type=\u00bb1_3&#8243; _builder_version=\u00bb4.16&#8243; background_color=\u00bb#24B0BF\u00bb custom_padding=\u00bb50px|3%|50px|3%|false|false\u00bb custom_padding_tablet=\u00bb\u00bb custom_padding_phone=\u00bb\u00bb custom_padding_last_edited=\u00bbon|phone\u00bb global_colors_info=\u00bb{}\u00bb padding_last_edited=\u00bbon|phone\u00bb custom_padding__hover=\u00bb|||\u00bb][et_pb_text admin_label=\u00bbTittle\u00bb _builder_version=\u00bb4.16&#8243; text_font=\u00bbOswald||||\u00bb text_text_color=\u00bb#FFFFFF\u00bb link_font=\u00bb||||||||\u00bb ul_font=\u00bb||||||||\u00bb ol_font=\u00bb||||||||\u00bb quote_font=\u00bb||||||||\u00bb header_font=\u00bb||||||||\u00bb header_2_font=\u00bbOswald|||on|||||\u00bb header_2_text_align=\u00bbleft\u00bb header_2_text_color=\u00bb#FFFFFF\u00bb header_2_font_size=\u00bb40px\u00bb header_2_letter_spacing=\u00bb2px\u00bb header_2_line_height=\u00bb1.5em\u00bb background_layout=\u00bbdark\u00bb width=\u00bb100%\u00bb max_width=\u00bb100%\u00bb module_alignment=\u00bbcenter\u00bb custom_margin=\u00bb||2%|2px|false|false\u00bb locked=\u00bboff\u00bb global_colors_info=\u00bb{}\u00bb]<\/p>\n<h2><span style=\"color: #ffffff\">maestras<\/span><\/h2>\n<p>[\/et_pb_text][et_pb_button button_url=\u00bbhttps:\/\/dara.aragon.es\/opac\/app\/results\/muje?ob=df:1&amp;ds=%22Maestras%22&#8243; url_new_window=\u00bbon\u00bb button_text=\u00bbver documentos\u00bb button_alignment=\u00bbleft\u00bb admin_label=\u00bbTexts\u00bb _builder_version=\u00bb4.16&#8243; custom_button=\u00bbon\u00bb button_text_size=\u00bb20px\u00bb button_text_color=\u00bb#FFFFFF\u00bb button_bg_color=\u00bb#24B0BF\u00bb button_border_width=\u00bb3px\u00bb button_border_color=\u00bb#F2EEEB\u00bb button_border_radius=\u00bb0px\u00bb button_letter_spacing=\u00bb3px\u00bb button_font=\u00bbOswald|||on|\u00bb button_icon=\u00bb&#x35;||divi||400&#8243; button_icon_color=\u00bb#F2EEEB\u00bb custom_margin=\u00bb|||\u00bb hover_enabled=\u00bb0&#8243; button_border_color_hover=\u00bb#c99872&#8243; button_border_radius_hover=\u00bb0px\u00bb button_letter_spacing_hover=\u00bb3px\u00bb button_bg_color_hover=\u00bb#c99872&#8243; global_colors_info=\u00bb{}\u00bb button_text_size__hover_enabled=\u00bboff\u00bb button_one_text_size__hover_enabled=\u00bboff\u00bb button_two_text_size__hover_enabled=\u00bboff\u00bb button_text_color__hover_enabled=\u00bboff\u00bb button_one_text_color__hover_enabled=\u00bboff\u00bb button_two_text_color__hover_enabled=\u00bboff\u00bb button_border_width__hover_enabled=\u00bboff\u00bb button_one_border_width__hover_enabled=\u00bboff\u00bb button_two_border_width__hover_enabled=\u00bboff\u00bb button_border_color__hover_enabled=\u00bbon\u00bb button_border_color__hover=\u00bb#FFFFFF\u00bb button_one_border_color__hover_enabled=\u00bboff\u00bb button_two_border_color__hover_enabled=\u00bboff\u00bb button_border_radius__hover_enabled=\u00bbon\u00bb button_border_radius__hover=\u00bb0px\u00bb button_one_border_radius__hover_enabled=\u00bboff\u00bb button_two_border_radius__hover_enabled=\u00bboff\u00bb button_letter_spacing__hover_enabled=\u00bbon\u00bb button_letter_spacing__hover=\u00bb3px\u00bb button_one_letter_spacing__hover_enabled=\u00bboff\u00bb button_two_letter_spacing__hover_enabled=\u00bboff\u00bb button_bg_color__hover_enabled=\u00bbon|hover\u00bb button_bg_color__hover=\u00bb#24B0BF\u00bb button_one_bg_color__hover_enabled=\u00bboff\u00bb button_two_bg_color__hover_enabled=\u00bboff\u00bb button_bg_enable_color__hover=\u00bbon\u00bb sticky_enabled=\u00bb0&#8243;][\/et_pb_button][\/et_pb_column][\/et_pb_row][\/et_pb_section]<\/p>\n","protected":false},"excerpt":{"rendered":"<p>La incorporaci\u00f3n de la mujer al mundo laboral remunerado de forma generalizada, ha sido un proceso tard\u00edo. Las \u00e1reas de trabajo en las que m\u00e1s habitualmente se encuadraba eran las relacionadas con el hogar. Desde hace siglos, existe constancia documental de los salarios en este sector, en fuentes documentales como protocolos notariales que recog\u00edan sus [&hellip;]<\/p>\n","protected":false},"author":2,"featured_media":26957,"parent":0,"menu_order":0,"comment_status":"closed","ping_status":"closed","template":"","meta":{"_et_pb_use_builder":"on","_et_pb_old_content":"","_et_gb_content_width":"","footnotes":""},"class_list":["post-26953","page","type-page","status-publish","has-post-thumbnail","hentry"],"yoast_head":"<!-- This site is optimized with the Yoast SEO plugin v26.2 - https:\/\/yoast.com\/wordpress\/plugins\/seo\/ -->\n<title>Mujer y trabajo - ARCHIVOS DE MUJERES<\/title>\n<meta name=\"robots\" content=\"index, follow, max-snippet:-1, max-image-preview:large, max-video-preview:-1\" \/>\n<link rel=\"canonical\" href=\"https:\/\/dara.aragon.es\/dara\/mujeres\/26953-2\/\" \/>\n<meta property=\"og:locale\" content=\"es_ES\" \/>\n<meta property=\"og:type\" content=\"article\" \/>\n<meta property=\"og:title\" content=\"Mujer y trabajo - ARCHIVOS DE MUJERES\" \/>\n<meta property=\"og:description\" content=\"La incorporaci\u00f3n de la mujer al mundo laboral remunerado de forma generalizada, ha sido un proceso tard\u00edo. Las \u00e1reas de trabajo en las que m\u00e1s habitualmente se encuadraba eran las relacionadas con el hogar. Desde hace siglos, existe constancia documental de los salarios en este sector, en fuentes documentales como protocolos notariales que recog\u00edan sus [&hellip;]\" \/>\n<meta property=\"og:url\" content=\"https:\/\/dara.aragon.es\/dara\/mujeres\/26953-2\/\" \/>\n<meta property=\"og:site_name\" content=\"ARCHIVOS DE MUJERES\" \/>\n<meta property=\"article:modified_time\" content=\"2023-06-02T12:05:11+00:00\" \/>\n<meta property=\"og:image\" content=\"https:\/\/dara.aragon.es\/dara\/mujeres\/wp-content\/uploads\/sites\/2\/2022\/03\/Grupo-trabajadoras-Tudor-e1702571793659.png\" \/>\n\t<meta property=\"og:image:width\" content=\"1890\" \/>\n\t<meta property=\"og:image:height\" content=\"737\" \/>\n\t<meta property=\"og:image:type\" content=\"image\/png\" \/>\n<meta name=\"twitter:card\" content=\"summary_large_image\" \/>\n<meta name=\"twitter:label1\" content=\"Tiempo de lectura\" \/>\n\t<meta name=\"twitter:data1\" content=\"10 minutos\" \/>\n<script type=\"application\/ld+json\" class=\"yoast-schema-graph\">{\"@context\":\"https:\/\/schema.org\",\"@graph\":[{\"@type\":\"WebPage\",\"@id\":\"https:\/\/dara.aragon.es\/dara\/mujeres\/26953-2\/\",\"url\":\"https:\/\/dara.aragon.es\/dara\/mujeres\/26953-2\/\",\"name\":\"Mujer y trabajo - ARCHIVOS DE MUJERES\",\"isPartOf\":{\"@id\":\"https:\/\/dara.aragon.es\/dara\/mujeres\/#website\"},\"primaryImageOfPage\":{\"@id\":\"https:\/\/dara.aragon.es\/dara\/mujeres\/26953-2\/#primaryimage\"},\"image\":{\"@id\":\"https:\/\/dara.aragon.es\/dara\/mujeres\/26953-2\/#primaryimage\"},\"thumbnailUrl\":\"https:\/\/dara.aragon.es\/dara\/mujeres\/wp-content\/uploads\/sites\/2\/2022\/03\/Grupo-trabajadoras-Tudor-e1702571793659.png\",\"datePublished\":\"2022-03-14T13:40:45+00:00\",\"dateModified\":\"2023-06-02T12:05:11+00:00\",\"breadcrumb\":{\"@id\":\"https:\/\/dara.aragon.es\/dara\/mujeres\/26953-2\/#breadcrumb\"},\"inLanguage\":\"es\",\"potentialAction\":[{\"@type\":\"ReadAction\",\"target\":[\"https:\/\/dara.aragon.es\/dara\/mujeres\/26953-2\/\"]}]},{\"@type\":\"ImageObject\",\"inLanguage\":\"es\",\"@id\":\"https:\/\/dara.aragon.es\/dara\/mujeres\/26953-2\/#primaryimage\",\"url\":\"https:\/\/dara.aragon.es\/dara\/mujeres\/wp-content\/uploads\/sites\/2\/2022\/03\/Grupo-trabajadoras-Tudor-e1702571793659.png\",\"contentUrl\":\"https:\/\/dara.aragon.es\/dara\/mujeres\/wp-content\/uploads\/sites\/2\/2022\/03\/Grupo-trabajadoras-Tudor-e1702571793659.png\",\"width\":1890,\"height\":737},{\"@type\":\"BreadcrumbList\",\"@id\":\"https:\/\/dara.aragon.es\/dara\/mujeres\/26953-2\/#breadcrumb\",\"itemListElement\":[{\"@type\":\"ListItem\",\"position\":1,\"name\":\"Fuentes documentales mujeres\",\"item\":\"https:\/\/dara.aragon.es\/dara\/mujeres\/\"},{\"@type\":\"ListItem\",\"position\":2,\"name\":\"Mujer y trabajo\"}]},{\"@type\":\"WebSite\",\"@id\":\"https:\/\/dara.aragon.es\/dara\/mujeres\/#website\",\"url\":\"https:\/\/dara.aragon.es\/dara\/mujeres\/\",\"name\":\"ARCHIVOS DE MUJERES\",\"description\":\"Otro sitio m\u00e1s de PORTALES DARA\",\"potentialAction\":[{\"@type\":\"SearchAction\",\"target\":{\"@type\":\"EntryPoint\",\"urlTemplate\":\"https:\/\/dara.aragon.es\/dara\/mujeres\/?s={search_term_string}\"},\"query-input\":{\"@type\":\"PropertyValueSpecification\",\"valueRequired\":true,\"valueName\":\"search_term_string\"}}],\"inLanguage\":\"es\"}]}<\/script>\n<!-- \/ Yoast SEO plugin. -->","yoast_head_json":{"title":"Mujer y trabajo - ARCHIVOS DE MUJERES","robots":{"index":"index","follow":"follow","max-snippet":"max-snippet:-1","max-image-preview":"max-image-preview:large","max-video-preview":"max-video-preview:-1"},"canonical":"https:\/\/dara.aragon.es\/dara\/mujeres\/26953-2\/","og_locale":"es_ES","og_type":"article","og_title":"Mujer y trabajo - ARCHIVOS DE MUJERES","og_description":"La incorporaci\u00f3n de la mujer al mundo laboral remunerado de forma generalizada, ha sido un proceso tard\u00edo. Las \u00e1reas de trabajo en las que m\u00e1s habitualmente se encuadraba eran las relacionadas con el hogar. Desde hace siglos, existe constancia documental de los salarios en este sector, en fuentes documentales como protocolos notariales que recog\u00edan sus [&hellip;]","og_url":"https:\/\/dara.aragon.es\/dara\/mujeres\/26953-2\/","og_site_name":"ARCHIVOS DE MUJERES","article_modified_time":"2023-06-02T12:05:11+00:00","og_image":[{"width":1890,"height":737,"url":"https:\/\/dara.aragon.es\/dara\/mujeres\/wp-content\/uploads\/sites\/2\/2022\/03\/Grupo-trabajadoras-Tudor-e1702571793659.png","type":"image\/png"}],"twitter_card":"summary_large_image","twitter_misc":{"Tiempo de lectura":"10 minutos"},"schema":{"@context":"https:\/\/schema.org","@graph":[{"@type":"WebPage","@id":"https:\/\/dara.aragon.es\/dara\/mujeres\/26953-2\/","url":"https:\/\/dara.aragon.es\/dara\/mujeres\/26953-2\/","name":"Mujer y trabajo - ARCHIVOS DE MUJERES","isPartOf":{"@id":"https:\/\/dara.aragon.es\/dara\/mujeres\/#website"},"primaryImageOfPage":{"@id":"https:\/\/dara.aragon.es\/dara\/mujeres\/26953-2\/#primaryimage"},"image":{"@id":"https:\/\/dara.aragon.es\/dara\/mujeres\/26953-2\/#primaryimage"},"thumbnailUrl":"https:\/\/dara.aragon.es\/dara\/mujeres\/wp-content\/uploads\/sites\/2\/2022\/03\/Grupo-trabajadoras-Tudor-e1702571793659.png","datePublished":"2022-03-14T13:40:45+00:00","dateModified":"2023-06-02T12:05:11+00:00","breadcrumb":{"@id":"https:\/\/dara.aragon.es\/dara\/mujeres\/26953-2\/#breadcrumb"},"inLanguage":"es","potentialAction":[{"@type":"ReadAction","target":["https:\/\/dara.aragon.es\/dara\/mujeres\/26953-2\/"]}]},{"@type":"ImageObject","inLanguage":"es","@id":"https:\/\/dara.aragon.es\/dara\/mujeres\/26953-2\/#primaryimage","url":"https:\/\/dara.aragon.es\/dara\/mujeres\/wp-content\/uploads\/sites\/2\/2022\/03\/Grupo-trabajadoras-Tudor-e1702571793659.png","contentUrl":"https:\/\/dara.aragon.es\/dara\/mujeres\/wp-content\/uploads\/sites\/2\/2022\/03\/Grupo-trabajadoras-Tudor-e1702571793659.png","width":1890,"height":737},{"@type":"BreadcrumbList","@id":"https:\/\/dara.aragon.es\/dara\/mujeres\/26953-2\/#breadcrumb","itemListElement":[{"@type":"ListItem","position":1,"name":"Fuentes documentales mujeres","item":"https:\/\/dara.aragon.es\/dara\/mujeres\/"},{"@type":"ListItem","position":2,"name":"Mujer y trabajo"}]},{"@type":"WebSite","@id":"https:\/\/dara.aragon.es\/dara\/mujeres\/#website","url":"https:\/\/dara.aragon.es\/dara\/mujeres\/","name":"ARCHIVOS DE MUJERES","description":"Otro sitio m\u00e1s de PORTALES DARA","potentialAction":[{"@type":"SearchAction","target":{"@type":"EntryPoint","urlTemplate":"https:\/\/dara.aragon.es\/dara\/mujeres\/?s={search_term_string}"},"query-input":{"@type":"PropertyValueSpecification","valueRequired":true,"valueName":"search_term_string"}}],"inLanguage":"es"}]}},"_links":{"self":[{"href":"https:\/\/dara.aragon.es\/dara\/mujeres\/wp-json\/wp\/v2\/pages\/26953","targetHints":{"allow":["GET"]}}],"collection":[{"href":"https:\/\/dara.aragon.es\/dara\/mujeres\/wp-json\/wp\/v2\/pages"}],"about":[{"href":"https:\/\/dara.aragon.es\/dara\/mujeres\/wp-json\/wp\/v2\/types\/page"}],"author":[{"embeddable":true,"href":"https:\/\/dara.aragon.es\/dara\/mujeres\/wp-json\/wp\/v2\/users\/2"}],"replies":[{"embeddable":true,"href":"https:\/\/dara.aragon.es\/dara\/mujeres\/wp-json\/wp\/v2\/comments?post=26953"}],"version-history":[{"count":14,"href":"https:\/\/dara.aragon.es\/dara\/mujeres\/wp-json\/wp\/v2\/pages\/26953\/revisions"}],"predecessor-version":[{"id":27088,"href":"https:\/\/dara.aragon.es\/dara\/mujeres\/wp-json\/wp\/v2\/pages\/26953\/revisions\/27088"}],"wp:featuredmedia":[{"embeddable":true,"href":"https:\/\/dara.aragon.es\/dara\/mujeres\/wp-json\/wp\/v2\/media\/26957"}],"wp:attachment":[{"href":"https:\/\/dara.aragon.es\/dara\/mujeres\/wp-json\/wp\/v2\/media?parent=26953"}],"curies":[{"name":"wp","href":"https:\/\/api.w.org\/{rel}","templated":true}]}}