{"id":1115,"date":"2023-07-11T17:09:15","date_gmt":"2023-07-11T17:09:15","guid":{"rendered":"https:\/\/dara.aragon.es\/dara\/sijena\/?page_id=1115"},"modified":"2024-06-06T12:46:41","modified_gmt":"2024-06-06T12:46:41","slug":"exposiciones","status":"publish","type":"page","link":"https:\/\/dara.aragon.es\/dara\/sijena\/exposiciones\/","title":{"rendered":"Exposiciones"},"content":{"rendered":"<p>[et_pb_section fb_built=\u00bb1&#8243; fullwidth=\u00bbon\u00bb admin_label=\u00bbHeader Section\u00bb _builder_version=\u00bb4.20.2&#8243; background_color=\u00bb#0D3857&#8243; background_enable_image=\u00bboff\u00bb parallax=\u00bbon\u00bb custom_padding=\u00bb|||\u00bb saved_tabs=\u00bball\u00bb locked=\u00bboff\u00bb global_colors_info=\u00bb{}\u00bb][et_pb_fullwidth_post_title meta=\u00bboff\u00bb featured_image=\u00bboff\u00bb _builder_version=\u00bb4.25.1&#8243; _module_preset=\u00bbdefault\u00bb title_font=\u00bb&#8211;et_global_heading_font|||on|||||\u00bb title_text_align=\u00bbcenter\u00bb title_text_color=\u00bb#FFFFFF\u00bb title_font_size=\u00bb38px\u00bb background_color=\u00bb#0D3857&#8243; custom_padding=\u00bb3%||3%||false|false\u00bb global_colors_info=\u00bb{}\u00bb][\/et_pb_fullwidth_post_title][\/et_pb_section][et_pb_section fb_built=\u00bb1&#8243; _builder_version=\u00bb4.20.2&#8243; _module_preset=\u00bbdefault\u00bb global_colors_info=\u00bb{}\u00bb][et_pb_row column_structure=\u00bb2_5,3_5&#8243; _builder_version=\u00bb4.25.1&#8243; _module_preset=\u00bbdefault\u00bb width=\u00bb95.3%\u00bb min_height=\u00bb1000px\u00bb custom_margin=\u00bb0px||||false|false\u00bb custom_padding=\u00bb0px|0px|6px|0px|false|false\u00bb hover_enabled=\u00bb0&#8243; global_colors_info=\u00bb{}\u00bb sticky_enabled=\u00bb0&#8243;][et_pb_column type=\u00bb2_5&#8243; _builder_version=\u00bb4.20.2&#8243; _module_preset=\u00bbdefault\u00bb global_colors_info=\u00bb{}\u00bb][et_pb_image src=\u00bbhttps:\/\/dara.aragon.es\/dara\/sijena\/wp-content\/uploads\/sites\/5\/2023\/09\/REDUCIR1.jpg\u00bb title_text=\u00bbREDUCIR1&#8243; _builder_version=\u00bb4.20.2&#8243; _module_preset=\u00bbdefault\u00bb box_shadow_style=\u00bbpreset2&#8243; box_shadow_spread=\u00bb1px\u00bb global_colors_info=\u00bb{}\u00bb][\/et_pb_image][et_pb_image src=\u00bbhttps:\/\/dara.aragon.es\/dara\/sijena\/wp-content\/uploads\/sites\/5\/2023\/08\/Exposicion-Las-Senoras-de-Sijen.jpg\u00bb title_text=\u00bbExposici\u00f3n %22Las Se\u00f1oras de Sijena%22&#8243; url=\u00bbhttps:\/\/www.youtube.com\/watch?v=clNqvMDHaCA\u00bb url_new_window=\u00bbon\u00bb _builder_version=\u00bb4.20.2&#8243; _module_preset=\u00bbdefault\u00bb custom_margin=\u00bb||60px|||\u00bb box_shadow_style=\u00bbpreset2&#8243; box_shadow_spread=\u00bb1px\u00bb global_colors_info=\u00bb{}\u00bb][\/et_pb_image][et_pb_button button_url=\u00bbhttps:\/\/dara.aragon.es\/dara\/sijena\/archivos-sonoros\/las-senoras-de-sijena-la-vida-cotidiana-en-un-monasterio-femenino-siglos-xii-xx\/\u00bb url_new_window=\u00bbon\u00bb button_text=\u00bbExposici\u00f3n %22Se\u00f1oras de Sijena%22 en el AHPHU\u00bb _builder_version=\u00bb4.20.2&#8243; _module_preset=\u00bbdefault\u00bb global_colors_info=\u00bb{}\u00bb][\/et_pb_button][et_pb_button button_url=\u00bbhttps:\/\/ahphuesca.blogspot.com\/2019\/03\/el-archivo-historico-provincial-en.html\u00bb url_new_window=\u00bbon\u00bb button_text=\u00bbExposici\u00f3n %22Se\u00f1oras de Sijena%22 en el Instituto Cervantes de Palermo (Italia)\u00bb _builder_version=\u00bb4.20.2&#8243; _module_preset=\u00bbdefault\u00bb global_colors_info=\u00bb{}\u00bb][\/et_pb_button][et_pb_button button_url=\u00bbhttp:\/\/www.sipca.es\/tematicas\/sugerencia.jsp?id_noticia=266&#8243; url_new_window=\u00bbon\u00bb button_text=\u00bb%22Las Se\u00f1oras de Sijena%22 en Arag\u00f3n Radio\u00bb _builder_version=\u00bb4.20.2&#8243; _module_preset=\u00bbdefault\u00bb global_colors_info=\u00bb{}\u00bb][\/et_pb_button][\/et_pb_column][et_pb_column type=\u00bb3_5&#8243; _builder_version=\u00bb4.20.2&#8243; _module_preset=\u00bbdefault\u00bb global_colors_info=\u00bb{}\u00bb][et_pb_text _builder_version=\u00bb4.20.2&#8243; _module_preset=\u00bbdefault\u00bb text_text_color=\u00bb#0C71C3&#8243; header_text_color=\u00bb#0C71C3&#8243; global_colors_info=\u00bb{}\u00bb]<\/p>\n<h2><span style=\"color: #0c71c3\">SE\u00d1ORAS DE SIJENA<\/span><\/h2>\n<p>[\/et_pb_text][et_pb_text _builder_version=\u00bb4.25.1&#8243; _module_preset=\u00bbdefault\u00bb hover_enabled=\u00bb0&#8243; global_colors_info=\u00bb{}\u00bb sticky_enabled=\u00bb0&#8243;]<\/p>\n<p style=\"text-align: left\"><span>En 2019 las ciudades de Huesca y Palermo acogieron la exposici\u00f3n <i>Se\u00f1oras de Sijena: vida cotidiana en un monasterio femenino (ss. XII-XX). <\/i>Pr<\/span><span>oducida por el Archivo Hist\u00f3rico Provincial de Huesca, dio a conocer al gran p\u00fablico la importancia del patrimonio documental del monasterio y expuso <\/span><span><span id=\"ctrlFichaWebActividad_lbResumen\">la vida cotidiana de la comunidad armonizando dos tipos de documentaci\u00f3n: los documentos textuales procedentes del archivo del monasterio y los fondos fotogr\u00e1ficos conservados en los archivos aragoneses, especialmente de la Fototeca de la Diputaci\u00f3n Provincial de Huesca y del Archivo Hist\u00f3rico Provincial de Zaragoza.\u00a0<\/span><\/span><\/p>\n<p style=\"text-align: left\"><span id=\"ctrlFichaWebActividad_lbResumen\">La exposici\u00f3n se centr\u00f3 en la excepcionalidad del monasterio -un centro de acogida de las mujeres de la alta nobleza aragonesa- y la vida interior de la comunidad, visibilizando a las mujeres que vivieron en \u00e9l a lo largo de casi ocho siglos y que, con una vida regulada en todos sus aspectos, <span>lo hicieron con una rutina de rituales solemnes y comportamientos preestablecidos por una remota regla medieval.\u00a0<\/span><\/span><\/p>\n<p style=\"text-align: left\"><span class=\"style-scope yt-formatted-string\" dir=\"auto\">El contenido expositivo se acompa\u00f1\u00f3 de <a href=\"https:\/\/www.youtube.com\/watch?v=clNqvMDHaCA\" target=\"_blank\" rel=\"noopener\">un video<\/a> en el que Josefa de Salas, \u00faltima priora que accedi\u00f3 al monasterio a trav\u00e9s de un expediente de limpieza de sangre, relata la vida diaria de las monjas de la aristocracia aragonesa y los avatares sufridos por el cenobio sigenense hasta la Guerra Civil.<\/span><span style=\"font-size: 18px\">\u00a0<\/span><\/p>\n<p style=\"text-align: left\"><span class=\"style-scope yt-formatted-string\" dir=\"auto\"><\/span><\/p>\n<p>[\/et_pb_text][\/et_pb_column][\/et_pb_row][\/et_pb_section]<\/p>\n","protected":false},"excerpt":{"rendered":"<p>SE\u00d1ORAS DE SIJENAEn 2019 las ciudades de Huesca y Palermo acogieron la exposici\u00f3n Se\u00f1oras de Sijena: vida cotidiana en un monasterio femenino (ss. XII-XX). Producida por el Archivo Hist\u00f3rico Provincial de Huesca, dio a conocer al gran p\u00fablico la importancia del patrimonio documental del monasterio y expuso la vida cotidiana de la comunidad armonizando dos [&hellip;]<\/p>\n","protected":false},"author":2,"featured_media":570,"parent":0,"menu_order":0,"comment_status":"closed","ping_status":"closed","template":"","meta":{"_et_pb_use_builder":"on","_et_pb_old_content":"<!-- wp:divi\/placeholder \/-->","_et_gb_content_width":"","footnotes":""},"class_list":["post-1115","page","type-page","status-publish","has-post-thumbnail","hentry"],"yoast_head":"<!-- This site is optimized with the Yoast SEO plugin v27.6 - https:\/\/yoast.com\/product\/yoast-seo-wordpress\/ -->\n<title>Exposiciones - DARA-Sigena Virtual<\/title>\n<meta name=\"robots\" content=\"index, follow, max-snippet:-1, max-image-preview:large, max-video-preview:-1\" \/>\n<link rel=\"canonical\" href=\"https:\/\/dara.aragon.es\/dara\/sijena\/exposiciones\/\" \/>\n<meta property=\"og:locale\" content=\"es_ES\" \/>\n<meta property=\"og:type\" content=\"article\" \/>\n<meta property=\"og:title\" content=\"Exposiciones - DARA-Sigena Virtual\" \/>\n<meta property=\"og:description\" content=\"SE\u00d1ORAS DE SIJENAEn 2019 las ciudades de Huesca y Palermo acogieron la exposici\u00f3n Se\u00f1oras de Sijena: vida cotidiana en un monasterio femenino (ss. XII-XX). Producida por el Archivo Hist\u00f3rico Provincial de Huesca, dio a conocer al gran p\u00fablico la importancia del patrimonio documental del monasterio y expuso la vida cotidiana de la comunidad armonizando dos [&hellip;]\" \/>\n<meta property=\"og:url\" content=\"https:\/\/dara.aragon.es\/dara\/sijena\/exposiciones\/\" \/>\n<meta property=\"og:site_name\" content=\"DARA-Sigena Virtual\" \/>\n<meta property=\"article:modified_time\" content=\"2024-06-06T12:46:41+00:00\" \/>\n<meta property=\"og:image\" content=\"https:\/\/dara.aragon.es\/dara\/sijena\/wp-content\/uploads\/sites\/5\/2023\/03\/LAS-PRIORAS-CRONOLOGIA.png\" \/>\n\t<meta property=\"og:image:width\" content=\"1473\" \/>\n\t<meta property=\"og:image:height\" content=\"213\" \/>\n\t<meta property=\"og:image:type\" content=\"image\/png\" \/>\n<meta name=\"twitter:card\" content=\"summary_large_image\" \/>\n<meta name=\"twitter:label1\" content=\"Tiempo de lectura\" \/>\n\t<meta name=\"twitter:data1\" content=\"3 minutos\" \/>\n<script type=\"application\/ld+json\" class=\"yoast-schema-graph\">{\"@context\":\"https:\\\/\\\/schema.org\",\"@graph\":[{\"@type\":\"WebPage\",\"@id\":\"https:\\\/\\\/dara.aragon.es\\\/dara\\\/sijena\\\/exposiciones\\\/\",\"url\":\"https:\\\/\\\/dara.aragon.es\\\/dara\\\/sijena\\\/exposiciones\\\/\",\"name\":\"Exposiciones - DARA-Sigena Virtual\",\"isPartOf\":{\"@id\":\"https:\\\/\\\/dara.aragon.es\\\/dara\\\/sijena\\\/#website\"},\"primaryImageOfPage\":{\"@id\":\"https:\\\/\\\/dara.aragon.es\\\/dara\\\/sijena\\\/exposiciones\\\/#primaryimage\"},\"image\":{\"@id\":\"https:\\\/\\\/dara.aragon.es\\\/dara\\\/sijena\\\/exposiciones\\\/#primaryimage\"},\"thumbnailUrl\":\"https:\\\/\\\/dara.aragon.es\\\/dara\\\/sijena\\\/wp-content\\\/uploads\\\/sites\\\/5\\\/2023\\\/03\\\/LAS-PRIORAS-CRONOLOGIA.png\",\"datePublished\":\"2023-07-11T17:09:15+00:00\",\"dateModified\":\"2024-06-06T12:46:41+00:00\",\"breadcrumb\":{\"@id\":\"https:\\\/\\\/dara.aragon.es\\\/dara\\\/sijena\\\/exposiciones\\\/#breadcrumb\"},\"inLanguage\":\"es\",\"potentialAction\":[{\"@type\":\"ReadAction\",\"target\":[\"https:\\\/\\\/dara.aragon.es\\\/dara\\\/sijena\\\/exposiciones\\\/\"]}]},{\"@type\":\"ImageObject\",\"inLanguage\":\"es\",\"@id\":\"https:\\\/\\\/dara.aragon.es\\\/dara\\\/sijena\\\/exposiciones\\\/#primaryimage\",\"url\":\"https:\\\/\\\/dara.aragon.es\\\/dara\\\/sijena\\\/wp-content\\\/uploads\\\/sites\\\/5\\\/2023\\\/03\\\/LAS-PRIORAS-CRONOLOGIA.png\",\"contentUrl\":\"https:\\\/\\\/dara.aragon.es\\\/dara\\\/sijena\\\/wp-content\\\/uploads\\\/sites\\\/5\\\/2023\\\/03\\\/LAS-PRIORAS-CRONOLOGIA.png\",\"width\":1473,\"height\":213,\"caption\":\"LAS PRIORAS CRONOLOGIA\"},{\"@type\":\"BreadcrumbList\",\"@id\":\"https:\\\/\\\/dara.aragon.es\\\/dara\\\/sijena\\\/exposiciones\\\/#breadcrumb\",\"itemListElement\":[{\"@type\":\"ListItem\",\"position\":1,\"name\":\"Portada\",\"item\":\"https:\\\/\\\/dara.aragon.es\\\/dara\\\/sijena\\\/\"},{\"@type\":\"ListItem\",\"position\":2,\"name\":\"Exposiciones\"}]},{\"@type\":\"WebSite\",\"@id\":\"https:\\\/\\\/dara.aragon.es\\\/dara\\\/sijena\\\/#website\",\"url\":\"https:\\\/\\\/dara.aragon.es\\\/dara\\\/sijena\\\/\",\"name\":\"DARA-Sigena Virtual\",\"description\":\"Sigena\",\"potentialAction\":[{\"@type\":\"SearchAction\",\"target\":{\"@type\":\"EntryPoint\",\"urlTemplate\":\"https:\\\/\\\/dara.aragon.es\\\/dara\\\/sijena\\\/?s={search_term_string}\"},\"query-input\":{\"@type\":\"PropertyValueSpecification\",\"valueRequired\":true,\"valueName\":\"search_term_string\"}}],\"inLanguage\":\"es\"}]}<\/script>\n<!-- \/ Yoast SEO plugin. -->","yoast_head_json":{"title":"Exposiciones - DARA-Sigena Virtual","robots":{"index":"index","follow":"follow","max-snippet":"max-snippet:-1","max-image-preview":"max-image-preview:large","max-video-preview":"max-video-preview:-1"},"canonical":"https:\/\/dara.aragon.es\/dara\/sijena\/exposiciones\/","og_locale":"es_ES","og_type":"article","og_title":"Exposiciones - DARA-Sigena Virtual","og_description":"SE\u00d1ORAS DE SIJENAEn 2019 las ciudades de Huesca y Palermo acogieron la exposici\u00f3n Se\u00f1oras de Sijena: vida cotidiana en un monasterio femenino (ss. XII-XX). Producida por el Archivo Hist\u00f3rico Provincial de Huesca, dio a conocer al gran p\u00fablico la importancia del patrimonio documental del monasterio y expuso la vida cotidiana de la comunidad armonizando dos [&hellip;]","og_url":"https:\/\/dara.aragon.es\/dara\/sijena\/exposiciones\/","og_site_name":"DARA-Sigena Virtual","article_modified_time":"2024-06-06T12:46:41+00:00","og_image":[{"width":1473,"height":213,"url":"https:\/\/dara.aragon.es\/dara\/sijena\/wp-content\/uploads\/sites\/5\/2023\/03\/LAS-PRIORAS-CRONOLOGIA.png","type":"image\/png"}],"twitter_card":"summary_large_image","twitter_misc":{"Tiempo de lectura":"3 minutos"},"schema":{"@context":"https:\/\/schema.org","@graph":[{"@type":"WebPage","@id":"https:\/\/dara.aragon.es\/dara\/sijena\/exposiciones\/","url":"https:\/\/dara.aragon.es\/dara\/sijena\/exposiciones\/","name":"Exposiciones - DARA-Sigena Virtual","isPartOf":{"@id":"https:\/\/dara.aragon.es\/dara\/sijena\/#website"},"primaryImageOfPage":{"@id":"https:\/\/dara.aragon.es\/dara\/sijena\/exposiciones\/#primaryimage"},"image":{"@id":"https:\/\/dara.aragon.es\/dara\/sijena\/exposiciones\/#primaryimage"},"thumbnailUrl":"https:\/\/dara.aragon.es\/dara\/sijena\/wp-content\/uploads\/sites\/5\/2023\/03\/LAS-PRIORAS-CRONOLOGIA.png","datePublished":"2023-07-11T17:09:15+00:00","dateModified":"2024-06-06T12:46:41+00:00","breadcrumb":{"@id":"https:\/\/dara.aragon.es\/dara\/sijena\/exposiciones\/#breadcrumb"},"inLanguage":"es","potentialAction":[{"@type":"ReadAction","target":["https:\/\/dara.aragon.es\/dara\/sijena\/exposiciones\/"]}]},{"@type":"ImageObject","inLanguage":"es","@id":"https:\/\/dara.aragon.es\/dara\/sijena\/exposiciones\/#primaryimage","url":"https:\/\/dara.aragon.es\/dara\/sijena\/wp-content\/uploads\/sites\/5\/2023\/03\/LAS-PRIORAS-CRONOLOGIA.png","contentUrl":"https:\/\/dara.aragon.es\/dara\/sijena\/wp-content\/uploads\/sites\/5\/2023\/03\/LAS-PRIORAS-CRONOLOGIA.png","width":1473,"height":213,"caption":"LAS PRIORAS CRONOLOGIA"},{"@type":"BreadcrumbList","@id":"https:\/\/dara.aragon.es\/dara\/sijena\/exposiciones\/#breadcrumb","itemListElement":[{"@type":"ListItem","position":1,"name":"Portada","item":"https:\/\/dara.aragon.es\/dara\/sijena\/"},{"@type":"ListItem","position":2,"name":"Exposiciones"}]},{"@type":"WebSite","@id":"https:\/\/dara.aragon.es\/dara\/sijena\/#website","url":"https:\/\/dara.aragon.es\/dara\/sijena\/","name":"DARA-Sigena Virtual","description":"Sigena","potentialAction":[{"@type":"SearchAction","target":{"@type":"EntryPoint","urlTemplate":"https:\/\/dara.aragon.es\/dara\/sijena\/?s={search_term_string}"},"query-input":{"@type":"PropertyValueSpecification","valueRequired":true,"valueName":"search_term_string"}}],"inLanguage":"es"}]}},"_links":{"self":[{"href":"https:\/\/dara.aragon.es\/dara\/sijena\/wp-json\/wp\/v2\/pages\/1115","targetHints":{"allow":["GET"]}}],"collection":[{"href":"https:\/\/dara.aragon.es\/dara\/sijena\/wp-json\/wp\/v2\/pages"}],"about":[{"href":"https:\/\/dara.aragon.es\/dara\/sijena\/wp-json\/wp\/v2\/types\/page"}],"author":[{"embeddable":true,"href":"https:\/\/dara.aragon.es\/dara\/sijena\/wp-json\/wp\/v2\/users\/2"}],"replies":[{"embeddable":true,"href":"https:\/\/dara.aragon.es\/dara\/sijena\/wp-json\/wp\/v2\/comments?post=1115"}],"version-history":[{"count":35,"href":"https:\/\/dara.aragon.es\/dara\/sijena\/wp-json\/wp\/v2\/pages\/1115\/revisions"}],"predecessor-version":[{"id":3787,"href":"https:\/\/dara.aragon.es\/dara\/sijena\/wp-json\/wp\/v2\/pages\/1115\/revisions\/3787"}],"wp:featuredmedia":[{"embeddable":true,"href":"https:\/\/dara.aragon.es\/dara\/sijena\/wp-json\/wp\/v2\/media\/570"}],"wp:attachment":[{"href":"https:\/\/dara.aragon.es\/dara\/sijena\/wp-json\/wp\/v2\/media?parent=1115"}],"curies":[{"name":"wp","href":"https:\/\/api.w.org\/{rel}","templated":true}]}}