{"id":1172,"date":"2023-07-13T10:30:50","date_gmt":"2023-07-13T10:30:50","guid":{"rendered":"https:\/\/dara.aragon.es\/dara\/sijena\/?page_id=1172"},"modified":"2025-04-04T14:30:37","modified_gmt":"2025-04-04T14:30:37","slug":"guerra-y-destruccion","status":"publish","type":"page","link":"https:\/\/dara.aragon.es\/dara\/sijena\/guerra-y-destruccion\/","title":{"rendered":"Historia del monasterio: De la guerra civil a la actualidad"},"content":{"rendered":"<p>[et_pb_section fb_built=\u00bb1&#8243; fullwidth=\u00bbon\u00bb admin_label=\u00bbHeader Section\u00bb _builder_version=\u00bb4.20.2&#8243; background_color=\u00bb#0D3857&#8243; background_enable_image=\u00bboff\u00bb parallax=\u00bbon\u00bb custom_padding=\u00bb|||\u00bb saved_tabs=\u00bball\u00bb locked=\u00bboff\u00bb global_colors_info=\u00bb{}\u00bb][et_pb_fullwidth_post_title meta=\u00bboff\u00bb featured_image=\u00bboff\u00bb _builder_version=\u00bb4.25.1&#8243; _module_preset=\u00bbdefault\u00bb title_font=\u00bb&#8211;et_global_heading_font|||on|||||\u00bb title_text_align=\u00bbcenter\u00bb title_text_color=\u00bb#FFFFFF\u00bb title_font_size=\u00bb38px\u00bb background_color=\u00bb#0D3857&#8243; custom_padding=\u00bb3%||3%||false|false\u00bb global_colors_info=\u00bb{}\u00bb][\/et_pb_fullwidth_post_title][\/et_pb_section][et_pb_section fb_built=\u00bb1&#8243; _builder_version=\u00bb4.27.4&#8243; _module_preset=\u00bbdefault\u00bb hover_enabled=\u00bb0&#8243; global_colors_info=\u00bb{}\u00bb custom_padding=\u00bb0px||0px||false|false\u00bb sticky_enabled=\u00bb0&#8243;][et_pb_row _builder_version=\u00bb4.20.2&#8243; _module_preset=\u00bbdefault\u00bb custom_margin=\u00bb0px|auto|-25px|auto|false|false\u00bb custom_padding=\u00bb||27px|||\u00bb global_colors_info=\u00bb{}\u00bb][et_pb_column type=\u00bb4_4&#8243; _builder_version=\u00bb4.20.2&#8243; _module_preset=\u00bbdefault\u00bb global_colors_info=\u00bb{}\u00bb][et_pb_text _builder_version=\u00bb4.20.2&#8243; _module_preset=\u00bbdefault\u00bb global_colors_info=\u00bb{}\u00bb]<\/p>\n<p style=\"text-align: justify\"><span><\/span><\/p>\n<p style=\"text-align: justify\"><span>El 28 de marzo de 1923 el conjunto sigenense hab\u00eda sido declarado Monumento Nacional, lo que no evitar\u00eda su destrucci\u00f3n pocos a\u00f1os despu\u00e9s. Esto ocurri\u00f3 apenas un mes despu\u00e9s del estallido de la Guerra Civil (1936-1939), cuando una columna de milicianos anarquistas que se dirig\u00edan al frente de Huesca incendiaron el monasterio. Durante los d\u00edas que dur\u00f3 el fuego, las techumbres y forjados de madera, as\u00ed como sus retablos y mobiliario, fueron pasto de las llamas, lo que constituy\u00f3 una de las p\u00e9rdidas m\u00e1s dolorosas del patrimonio hist\u00f3rico-art\u00edstico aragon\u00e9s. \u00danicamente la iglesia de traza rom\u00e1nica y el pante\u00f3n real se salvaron de la cat\u00e1strofe.<\/span><\/p>\n<p style=\"text-align: justify\"><span>Casi una d\u00e9cada despu\u00e9s del final del conflicto, se realizaron <a href=\"https:\/\/dara.aragon.es\/dara\/sijena\/las-restauraciones-de-sigena\/\">labores de desescombro y restauraci\u00f3n<\/a> en las ruinas, tras lo que s\u00f3lo qued\u00f3 el armaz\u00f3n inicial del edificio. Afortunadamente, tambi\u00e9n se pudo salvar parte de las <a href=\"https:\/\/dara.aragon.es\/dara\/sijena\/audiovisuales\/\">pinturas murales que decoraban la Sala Capitular;<\/a> pinturas de estilo rom\u00e1nico del siglo XIII que algunos autores han calificado como las m\u00e1s originales del occidente europeo de su \u00e9poca. \u00c9stas fueron consolidadas, arrancadas y trasladadas, en calidad de dep\u00f3sito, al <a href=\"https:\/\/www.museunacional.cat\/es\/colleccio\/pinturas-de-la-sala-capitular-de-sigena\/mestre-de-la-sala-capitular-de-sixena\/068703-cjt\" target=\"_blank\" rel=\"noopener\">Museo Nacional de Arte de Catalu\u00f1a<\/a> (Barcelona) en 1940.<\/span><\/p>\n<p style=\"text-align: justify\"><span>Aunque tras el incendio el edificio qued\u00f3 inhabitable, los trabajos realizados permitieron que a principios de los a\u00f1os cincuenta la comunidad de religiosas de la Orden de San Juan de Jerusal\u00e9n se instalara de nuevo en \u00e9l. All\u00ed permaneci\u00f3 la comunidad hasta que las \u00faltimas monjas se incorporaron al barcelon\u00e9s monasterio de Vadorreix (Barcelona). En 1988, el edificio fue cedido a una nueva comunidad religiosa,<\/span><span>\u00a0la <a href=\"https:\/\/espanol.bethleem.org\/monasteres\/sigena.php\" target=\"_blank\" rel=\"noopener\">Orden de Bel\u00e9n y de la Asunci\u00f3n de la Virgen,<\/a> que habit\u00f3 el monasterio hasta julio de 2020. Entre medias, en 1995, con la remodelaci\u00f3n de las di\u00f3cesis aragonesas y catalanas dej\u00f3 de depender del obispado de L\u00e9rida y pas\u00f3 a hacerlo del de Barbastro-Monz\u00f3n. <\/span><\/p>\n<p style=\"text-align: justify\"><span>En la actualidad, Santa Mar\u00eda de Sigena se encuentra deshabitado, pero contin\u00faa <a href=\"https:\/\/sijena.com\/tour\/real-monasterio-de-sijena\/\" target=\"_blank\" rel=\"noopener\">abierto al p\u00fablico<\/a> para todas aquellas personas que quieran conocer personalmente la historia del monasterio y lo que se ha conservado del centro religioso.\u00a0<\/span><\/p>\n<p style=\"text-align: justify\">\n<p style=\"text-align: justify\">Sergio Baches Opi,\u00a0<em>\u00a1Fuego!: la destrucci\u00f3n del monasterio de Sigena,\u00a0<\/em>Sari\u00f1ena, Sari\u00f1ena editorial, 2021<\/p>\n<p style=\"text-align: justify\"><span>\u00a0<\/span><\/p>\n<p style=\"text-align: justify\"><span><\/span><\/p>\n<p>[\/et_pb_text][et_pb_divider color=\u00bb#E09900&#8243; _builder_version=\u00bb4.20.2&#8243; _module_preset=\u00bbdefault\u00bb global_colors_info=\u00bb{}\u00bb][\/et_pb_divider][et_pb_text _builder_version=\u00bb4.27.4&#8243; _module_preset=\u00bbdefault\u00bb hover_enabled=\u00bb0&#8243; global_colors_info=\u00bb{}\u00bb header_2_line_height=\u00bb1.3em\u00bb sticky_enabled=\u00bb0&#8243;]<\/p>\n<h2 style=\"text-align: justify;\">Sobre el incendio de Sigena de 1936<span><\/span><\/h2>\n<p style=\"text-align: justify;\"><span><\/span><\/p>\n<p style=\"text-align: justify;\"><span><\/span><\/p>\n<p style=\"text-align: justify;\">\u00abComenz\u00f3 a arder Sijena; Adolfo, Jacinto y yo, despu\u00e9s de la quema del Sal\u00f3n del trono y toda la nave aquella hasta que se acab\u00f3 el fuego, pedimos autorizaci\u00f3n para salvar algo de la biblioteca y archivo de Sijena. El Ayuntamiento con anterioridad hab\u00eda dejado sacar todo lo que les interesaba a las monjas y luego repartieron todo lo que era de car\u00e1cter utilitario, que fueron almacenando, como eran camas, colchones, sillas, bancos, etc. pero no as\u00ed las obras de arte. <span><\/span>Encima de la Sala Capitular, que pocos d\u00edas despu\u00e9s \u00edbamos a ver consumida por el fuego, estaba la Biblioteca y all\u00ed estuvimos un gran rato sin saber qu\u00e9 hacer (&#8230;). No disponiendo de medios de transporte (s\u00f3lo llev\u00e1bamos un Opel de Adolfo, del que llenamos todo su maletero de documentos, pero nada m\u00e1s) el anuncio que se nos hizo del comienzo de la reanudaci\u00f3n del fuego (&#8230;) hizo que desisti\u00e9ramos del prop\u00f3sito, aunque s\u00ed tuvimos tiempo suficiente para darnos idea de los fondos que conten\u00edan la Biblioteca del Monasterio y que no hab\u00eda obras de importancia, aunque si muchas cosas que ten\u00edan valor meramente art\u00edstico, como los Libros de Horas miniados.\u00bb<\/p>\n<p style=\"text-align: right;\"><strong>Julio Arribas Salaberri, <em>Historia de Sijena<\/em>, L\u00e9rida, Diputaci\u00f3n provincial de L\u00e9rida, 1975, p. 176<\/strong><\/p>\n<p style=\"text-align: justify;\"><span>\u00a0<\/span><\/p>\n<p>[\/et_pb_text][\/et_pb_column][\/et_pb_row][et_pb_row _builder_version=\u00bb4.20.2&#8243; _module_preset=\u00bbdefault\u00bb border_color_all=\u00bb#E09900&#8243; global_colors_info=\u00bb{}\u00bb][et_pb_column type=\u00bb4_4&#8243; _builder_version=\u00bb4.20.2&#8243; _module_preset=\u00bbdefault\u00bb global_colors_info=\u00bb{}\u00bb][et_pb_divider color=\u00bb#E09900&#8243; _builder_version=\u00bb4.20.2&#8243; _module_preset=\u00bbdefault\u00bb background_color=\u00bb#FFFFFF\u00bb custom_padding=\u00bb0px|||||\u00bb border_color_all=\u00bb#E09900&#8243; global_colors_info=\u00bb{}\u00bb][\/et_pb_divider][\/et_pb_column][\/et_pb_row][et_pb_row column_structure=\u00bb1_3,1_3,1_3&#8243; _builder_version=\u00bb4.20.2&#8243; _module_preset=\u00bbdefault\u00bb global_colors_info=\u00bb{}\u00bb][et_pb_column type=\u00bb1_3&#8243; _builder_version=\u00bb4.20.2&#8243; _module_preset=\u00bbdefault\u00bb global_colors_info=\u00bb{}\u00bb][et_pb_button button_url=\u00bbhttps:\/\/dara.aragon.es\/dara\/sijena\/el-archivo-real\/\u00bb url_new_window=\u00bbon\u00bb button_text=\u00bbEL ARCHIVO REAL\u00bb _builder_version=\u00bb4.20.2&#8243; _module_preset=\u00bbdefault\u00bb global_colors_info=\u00bb{}\u00bb][\/et_pb_button][\/et_pb_column][et_pb_column type=\u00bb1_3&#8243; _builder_version=\u00bb4.20.2&#8243; _module_preset=\u00bbdefault\u00bb global_colors_info=\u00bb{}\u00bb][et_pb_button button_url=\u00bbhttps:\/\/dara.aragon.es\/dara\/sijena\/las-prioras\/\u00bb url_new_window=\u00bbon\u00bb button_text=\u00bbLAS PRIORAS DE SIGENA\u00bb _builder_version=\u00bb4.20.2&#8243; _module_preset=\u00bbdefault\u00bb global_colors_info=\u00bb{}\u00bb][\/et_pb_button][\/et_pb_column][et_pb_column type=\u00bb1_3&#8243; _builder_version=\u00bb4.20.2&#8243; _module_preset=\u00bbdefault\u00bb global_colors_info=\u00bb{}\u00bb][et_pb_button button_url=\u00bbhttps:\/\/dara.aragon.es\/dara\/sijena\/el-archivo-monastico\/\u00bb url_new_window=\u00bbon\u00bb button_text=\u00bbEL ARCHIVO MON\u00c1STICO\u00bb _builder_version=\u00bb4.20.2&#8243; _module_preset=\u00bbdefault\u00bb global_colors_info=\u00bb{}\u00bb][\/et_pb_button][\/et_pb_column][\/et_pb_row][et_pb_row _builder_version=\u00bb4.20.2&#8243; _module_preset=\u00bbdefault\u00bb custom_margin=\u00bb-169px|auto|6px|auto|false|false\u00bb global_colors_info=\u00bb{}\u00bb][et_pb_column type=\u00bb4_4&#8243; _builder_version=\u00bb4.20.2&#8243; _module_preset=\u00bbdefault\u00bb global_colors_info=\u00bb{}\u00bb][et_pb_text _builder_version=\u00bb4.20.2&#8243; _module_preset=\u00bbdefault\u00bb text_font=\u00bb|700|||||||\u00bb text_text_color=\u00bb#0ec5ea\u00bb text_font_size=\u00bb100px\u00bb text_letter_spacing=\u00bb6px\u00bb text_line_height=\u00bb2.3em\u00bb background_color=\u00bb#FFFFFF\u00bb text_orientation=\u00bbcenter\u00bb min_height=\u00bb52px\u00bb custom_margin=\u00bb0px||0px||false|false\u00bb custom_padding=\u00bb80px||35px||false|false\u00bb global_colors_info=\u00bb{}\u00bb]<\/p>\n<h1><strong>BIBLIOGRAFIA<\/strong><\/h1>\n<p>[\/et_pb_text][et_pb_text _builder_version=\u00bb4.20.2&#8243; _module_preset=\u00bbdefault\u00bb global_colors_info=\u00bb{}\u00bb]<\/p>\n<ul>\n<li style=\"text-align: justify;\">Baches Opi, Sergio, \u00abEl monasterio de Santa Mar\u00eda de Sigena\u00bb en Gav\u00edn Gonz\u00e1lez, Gonzalo,<span>\u00a0<\/span><i>Comarca de los Monegros. Colecci\u00f3n Territorio: 1<\/i>, Departamento de Presidencia y Relaciones Institucionales, Zaragoza , 2005, pp. 183-195.<\/li>\n<li style=\"text-align: justify;\">Baches Opi, Sergio, <em>\u00a1Fuego! La destrucci\u00f3n del monasterio de Sigena<\/em>, Sari\u00f1ena, Salvador Trallero, 2021<\/li>\n<li style=\"text-align: justify;\">Foguet G\u00f3mez, Montserrat,<span>\u00a0<\/span><i>Historia del real monasterio de Sigena<\/i><span>\u00a0<\/span>[en l\u00ednea], Instituto de Estudios Sijenenses Miguel Servet, 2004. Disponible en: http:\/\/www.miguelservet.org\/historia.htm<\/li>\n<li style=\"text-align: justify;\">Palacios S\u00e1nchez, Juan Manuel, <i>Real Monasterio de Sijena. Memoria hist\u00f3rico-descriptiva de los acontecimientos acaecidos desde el a\u00f1o 1936 a 1954<\/i>, Calahorra, 1954.<\/li>\n<li style=\"text-align: justify;\">Palacios S\u00e1nchez, Juan Manuel, \u00abLas prioras del real y nobil\u00edsimo monasterio de Sijena desde 1930 a 1974\u00bb,<span>\u00a0<\/span><i>Argensola: Revista de Ciencias Sociales del Instituto de Estudios Altoaragoneses<\/i>, n\u00ba 71-78, 1971-1974, pp. 53-70.<\/li>\n<li style=\"text-align: justify;\">Palacios S\u00e1nchez, Juan Manuel, <em>El Real monasterio de Sijena<\/em><i>\u00a0Introducci\u00f3n a la historia del monasterio<\/i>, Caja de Ahorros de la Inmaculada, Zaragoza, 1980.<\/li>\n<li style=\"text-align: justify;\">Pano y Ruata, Mariano de,\u00a0<i>El Real Monasterio de Sigena. Su historia y descripci\u00f3n<\/i>, L\u00e9rida, 1883.<\/li>\n<li style=\"text-align: justify;\">Pano Ruata, Mariano de,<span>\u00a0<\/span><i>El monasterio de Sigena: la serie prioral<\/i>, Gamb\u00f3n, Zaragoza, 1932.<\/li>\n<li style=\"text-align: justify;\">Ubieto Arteta, Agust\u00edn,<span>\u00a0<\/span><i>El Monasterio d\u00faplice de Sigena<\/i>, Instituto de Estudios Altoaragoneses, Huesca, 1986. Disponible en red: http:\/\/www.iea.es\/documents\/73041\/7c2a6a99-1495-40c3-a119-fa5441a764e9<\/li>\n<li style=\"text-align: justify;\">Ubieto Arteta, Agust\u00edn, <i>El Real Monasterio de Sigena<\/i>: 1188-1300, Anubar, Valencia, 1966.<\/li>\n<\/ul>\n<p style=\"text-align: justify;\"><span><\/span><\/p>\n<p>[\/et_pb_text][\/et_pb_column][\/et_pb_row][et_pb_row _builder_version=\u00bb4.20.2&#8243; _module_preset=\u00bbdefault\u00bb custom_padding=\u00bb||87px|||\u00bb global_colors_info=\u00bb{}\u00bb][et_pb_column type=\u00bb4_4&#8243; _builder_version=\u00bb4.20.2&#8243; _module_preset=\u00bbdefault\u00bb global_colors_info=\u00bb{}\u00bb][et_pb_button button_url=\u00bbhttps:\/\/dara.aragon.es\/dara\/sijena\/historia-del-monasterio\/\u00bb url_new_window=\u00bbon\u00bb button_text=\u00bbVOLVER A HISTORIA DEL MONASTERIO\u00bb _builder_version=\u00bb4.20.2&#8243; _module_preset=\u00bbdefault\u00bb global_colors_info=\u00bb{}\u00bb][\/et_pb_button][\/et_pb_column][\/et_pb_row][\/et_pb_section]<\/p>\n","protected":false},"excerpt":{"rendered":"<p>El 28 de marzo de 1923 el conjunto sigenense hab\u00eda sido declarado Monumento Nacional, lo que no evitar\u00eda su destrucci\u00f3n pocos a\u00f1os despu\u00e9s. Esto ocurri\u00f3 apenas un mes despu\u00e9s del estallido de la Guerra Civil (1936-1939), cuando una columna de milicianos anarquistas que se dirig\u00edan al frente de Huesca incendiaron el monasterio. Durante los d\u00edas [&hellip;]<\/p>\n","protected":false},"author":2,"featured_media":843,"parent":0,"menu_order":0,"comment_status":"closed","ping_status":"closed","template":"","meta":{"_et_pb_use_builder":"on","_et_pb_old_content":"<!-- wp:divi\/placeholder \/-->","_et_gb_content_width":"","footnotes":""},"class_list":["post-1172","page","type-page","status-publish","has-post-thumbnail","hentry"],"yoast_head":"<!-- This site is optimized with the Yoast SEO plugin v26.2 - https:\/\/yoast.com\/wordpress\/plugins\/seo\/ -->\n<title>Historia del monasterio: De la guerra civil a la actualidad - DARA-Sigena Virtual<\/title>\n<meta name=\"robots\" content=\"index, follow, max-snippet:-1, max-image-preview:large, max-video-preview:-1\" \/>\n<link rel=\"canonical\" href=\"https:\/\/dara.aragon.es\/dara\/sijena\/guerra-y-destruccion\/\" \/>\n<meta property=\"og:locale\" content=\"es_ES\" \/>\n<meta property=\"og:type\" content=\"article\" \/>\n<meta property=\"og:title\" content=\"Historia del monasterio: De la guerra civil a la actualidad - DARA-Sigena Virtual\" \/>\n<meta property=\"og:description\" content=\"El 28 de marzo de 1923 el conjunto sigenense hab\u00eda sido declarado Monumento Nacional, lo que no evitar\u00eda su destrucci\u00f3n pocos a\u00f1os despu\u00e9s. Esto ocurri\u00f3 apenas un mes despu\u00e9s del estallido de la Guerra Civil (1936-1939), cuando una columna de milicianos anarquistas que se dirig\u00edan al frente de Huesca incendiaron el monasterio. Durante los d\u00edas [&hellip;]\" \/>\n<meta property=\"og:url\" content=\"https:\/\/dara.aragon.es\/dara\/sijena\/guerra-y-destruccion\/\" \/>\n<meta property=\"og:site_name\" content=\"DARA-Sigena Virtual\" \/>\n<meta property=\"article:modified_time\" content=\"2025-04-04T14:30:37+00:00\" \/>\n<meta property=\"og:image\" content=\"https:\/\/dara.aragon.es\/dara\/sijena\/wp-content\/uploads\/sites\/5\/2023\/06\/Retrato-Sancha.jpg\" \/>\n\t<meta property=\"og:image:width\" content=\"675\" \/>\n\t<meta property=\"og:image:height\" content=\"1057\" \/>\n\t<meta property=\"og:image:type\" content=\"image\/jpeg\" \/>\n<meta name=\"twitter:card\" content=\"summary_large_image\" \/>\n<meta name=\"twitter:label1\" content=\"Tiempo de lectura\" \/>\n\t<meta name=\"twitter:data1\" content=\"7 minutos\" \/>\n<script type=\"application\/ld+json\" class=\"yoast-schema-graph\">{\"@context\":\"https:\/\/schema.org\",\"@graph\":[{\"@type\":\"WebPage\",\"@id\":\"https:\/\/dara.aragon.es\/dara\/sijena\/guerra-y-destruccion\/\",\"url\":\"https:\/\/dara.aragon.es\/dara\/sijena\/guerra-y-destruccion\/\",\"name\":\"Historia del monasterio: De la guerra civil a la actualidad - DARA-Sigena Virtual\",\"isPartOf\":{\"@id\":\"https:\/\/dara.aragon.es\/dara\/sijena\/#website\"},\"primaryImageOfPage\":{\"@id\":\"https:\/\/dara.aragon.es\/dara\/sijena\/guerra-y-destruccion\/#primaryimage\"},\"image\":{\"@id\":\"https:\/\/dara.aragon.es\/dara\/sijena\/guerra-y-destruccion\/#primaryimage\"},\"thumbnailUrl\":\"https:\/\/dara.aragon.es\/dara\/sijena\/wp-content\/uploads\/sites\/5\/2023\/06\/Retrato-Sancha.jpg\",\"datePublished\":\"2023-07-13T10:30:50+00:00\",\"dateModified\":\"2025-04-04T14:30:37+00:00\",\"breadcrumb\":{\"@id\":\"https:\/\/dara.aragon.es\/dara\/sijena\/guerra-y-destruccion\/#breadcrumb\"},\"inLanguage\":\"es\",\"potentialAction\":[{\"@type\":\"ReadAction\",\"target\":[\"https:\/\/dara.aragon.es\/dara\/sijena\/guerra-y-destruccion\/\"]}]},{\"@type\":\"ImageObject\",\"inLanguage\":\"es\",\"@id\":\"https:\/\/dara.aragon.es\/dara\/sijena\/guerra-y-destruccion\/#primaryimage\",\"url\":\"https:\/\/dara.aragon.es\/dara\/sijena\/wp-content\/uploads\/sites\/5\/2023\/06\/Retrato-Sancha.jpg\",\"contentUrl\":\"https:\/\/dara.aragon.es\/dara\/sijena\/wp-content\/uploads\/sites\/5\/2023\/06\/Retrato-Sancha.jpg\",\"width\":675,\"height\":1057},{\"@type\":\"BreadcrumbList\",\"@id\":\"https:\/\/dara.aragon.es\/dara\/sijena\/guerra-y-destruccion\/#breadcrumb\",\"itemListElement\":[{\"@type\":\"ListItem\",\"position\":1,\"name\":\"Portada\",\"item\":\"https:\/\/dara.aragon.es\/dara\/sijena\/\"},{\"@type\":\"ListItem\",\"position\":2,\"name\":\"Historia del monasterio: De la guerra civil a la actualidad\"}]},{\"@type\":\"WebSite\",\"@id\":\"https:\/\/dara.aragon.es\/dara\/sijena\/#website\",\"url\":\"https:\/\/dara.aragon.es\/dara\/sijena\/\",\"name\":\"DARA-Sigena Virtual\",\"description\":\"Sigena\",\"potentialAction\":[{\"@type\":\"SearchAction\",\"target\":{\"@type\":\"EntryPoint\",\"urlTemplate\":\"https:\/\/dara.aragon.es\/dara\/sijena\/?s={search_term_string}\"},\"query-input\":{\"@type\":\"PropertyValueSpecification\",\"valueRequired\":true,\"valueName\":\"search_term_string\"}}],\"inLanguage\":\"es\"}]}<\/script>\n<!-- \/ Yoast SEO plugin. -->","yoast_head_json":{"title":"Historia del monasterio: De la guerra civil a la actualidad - DARA-Sigena Virtual","robots":{"index":"index","follow":"follow","max-snippet":"max-snippet:-1","max-image-preview":"max-image-preview:large","max-video-preview":"max-video-preview:-1"},"canonical":"https:\/\/dara.aragon.es\/dara\/sijena\/guerra-y-destruccion\/","og_locale":"es_ES","og_type":"article","og_title":"Historia del monasterio: De la guerra civil a la actualidad - DARA-Sigena Virtual","og_description":"El 28 de marzo de 1923 el conjunto sigenense hab\u00eda sido declarado Monumento Nacional, lo que no evitar\u00eda su destrucci\u00f3n pocos a\u00f1os despu\u00e9s. Esto ocurri\u00f3 apenas un mes despu\u00e9s del estallido de la Guerra Civil (1936-1939), cuando una columna de milicianos anarquistas que se dirig\u00edan al frente de Huesca incendiaron el monasterio. Durante los d\u00edas [&hellip;]","og_url":"https:\/\/dara.aragon.es\/dara\/sijena\/guerra-y-destruccion\/","og_site_name":"DARA-Sigena Virtual","article_modified_time":"2025-04-04T14:30:37+00:00","og_image":[{"width":675,"height":1057,"url":"https:\/\/dara.aragon.es\/dara\/sijena\/wp-content\/uploads\/sites\/5\/2023\/06\/Retrato-Sancha.jpg","type":"image\/jpeg"}],"twitter_card":"summary_large_image","twitter_misc":{"Tiempo de lectura":"7 minutos"},"schema":{"@context":"https:\/\/schema.org","@graph":[{"@type":"WebPage","@id":"https:\/\/dara.aragon.es\/dara\/sijena\/guerra-y-destruccion\/","url":"https:\/\/dara.aragon.es\/dara\/sijena\/guerra-y-destruccion\/","name":"Historia del monasterio: De la guerra civil a la actualidad - DARA-Sigena Virtual","isPartOf":{"@id":"https:\/\/dara.aragon.es\/dara\/sijena\/#website"},"primaryImageOfPage":{"@id":"https:\/\/dara.aragon.es\/dara\/sijena\/guerra-y-destruccion\/#primaryimage"},"image":{"@id":"https:\/\/dara.aragon.es\/dara\/sijena\/guerra-y-destruccion\/#primaryimage"},"thumbnailUrl":"https:\/\/dara.aragon.es\/dara\/sijena\/wp-content\/uploads\/sites\/5\/2023\/06\/Retrato-Sancha.jpg","datePublished":"2023-07-13T10:30:50+00:00","dateModified":"2025-04-04T14:30:37+00:00","breadcrumb":{"@id":"https:\/\/dara.aragon.es\/dara\/sijena\/guerra-y-destruccion\/#breadcrumb"},"inLanguage":"es","potentialAction":[{"@type":"ReadAction","target":["https:\/\/dara.aragon.es\/dara\/sijena\/guerra-y-destruccion\/"]}]},{"@type":"ImageObject","inLanguage":"es","@id":"https:\/\/dara.aragon.es\/dara\/sijena\/guerra-y-destruccion\/#primaryimage","url":"https:\/\/dara.aragon.es\/dara\/sijena\/wp-content\/uploads\/sites\/5\/2023\/06\/Retrato-Sancha.jpg","contentUrl":"https:\/\/dara.aragon.es\/dara\/sijena\/wp-content\/uploads\/sites\/5\/2023\/06\/Retrato-Sancha.jpg","width":675,"height":1057},{"@type":"BreadcrumbList","@id":"https:\/\/dara.aragon.es\/dara\/sijena\/guerra-y-destruccion\/#breadcrumb","itemListElement":[{"@type":"ListItem","position":1,"name":"Portada","item":"https:\/\/dara.aragon.es\/dara\/sijena\/"},{"@type":"ListItem","position":2,"name":"Historia del monasterio: De la guerra civil a la actualidad"}]},{"@type":"WebSite","@id":"https:\/\/dara.aragon.es\/dara\/sijena\/#website","url":"https:\/\/dara.aragon.es\/dara\/sijena\/","name":"DARA-Sigena Virtual","description":"Sigena","potentialAction":[{"@type":"SearchAction","target":{"@type":"EntryPoint","urlTemplate":"https:\/\/dara.aragon.es\/dara\/sijena\/?s={search_term_string}"},"query-input":{"@type":"PropertyValueSpecification","valueRequired":true,"valueName":"search_term_string"}}],"inLanguage":"es"}]}},"_links":{"self":[{"href":"https:\/\/dara.aragon.es\/dara\/sijena\/wp-json\/wp\/v2\/pages\/1172","targetHints":{"allow":["GET"]}}],"collection":[{"href":"https:\/\/dara.aragon.es\/dara\/sijena\/wp-json\/wp\/v2\/pages"}],"about":[{"href":"https:\/\/dara.aragon.es\/dara\/sijena\/wp-json\/wp\/v2\/types\/page"}],"author":[{"embeddable":true,"href":"https:\/\/dara.aragon.es\/dara\/sijena\/wp-json\/wp\/v2\/users\/2"}],"replies":[{"embeddable":true,"href":"https:\/\/dara.aragon.es\/dara\/sijena\/wp-json\/wp\/v2\/comments?post=1172"}],"version-history":[{"count":36,"href":"https:\/\/dara.aragon.es\/dara\/sijena\/wp-json\/wp\/v2\/pages\/1172\/revisions"}],"predecessor-version":[{"id":3968,"href":"https:\/\/dara.aragon.es\/dara\/sijena\/wp-json\/wp\/v2\/pages\/1172\/revisions\/3968"}],"wp:featuredmedia":[{"embeddable":true,"href":"https:\/\/dara.aragon.es\/dara\/sijena\/wp-json\/wp\/v2\/media\/843"}],"wp:attachment":[{"href":"https:\/\/dara.aragon.es\/dara\/sijena\/wp-json\/wp\/v2\/media?parent=1172"}],"curies":[{"name":"wp","href":"https:\/\/api.w.org\/{rel}","templated":true}]}}