{"id":1351,"date":"2023-07-19T14:41:44","date_gmt":"2023-07-19T14:41:44","guid":{"rendered":"https:\/\/dara.aragon.es\/dara\/sijena\/?page_id=1351"},"modified":"2024-06-06T07:06:49","modified_gmt":"2024-06-06T07:06:49","slug":"protocolos-notariales","status":"publish","type":"page","link":"https:\/\/dara.aragon.es\/dara\/sijena\/protocolos-notariales\/","title":{"rendered":"Protocolos notariales"},"content":{"rendered":"<p>[et_pb_section fb_built=\u00bb1&#8243; fullwidth=\u00bbon\u00bb admin_label=\u00bbHeader Section\u00bb _builder_version=\u00bb4.25.1&#8243; background_color=\u00bb#0D3857&#8243; background_enable_image=\u00bboff\u00bb parallax=\u00bbon\u00bb custom_padding=\u00bb|||\u00bb hover_enabled=\u00bb0&#8243; saved_tabs=\u00bball\u00bb locked=\u00bboff\u00bb global_colors_info=\u00bb{}\u00bb sticky_enabled=\u00bb0&#8243;][et_pb_fullwidth_post_title meta=\u00bboff\u00bb featured_image=\u00bboff\u00bb _builder_version=\u00bb4.25.1&#8243; _module_preset=\u00bbdefault\u00bb title_font=\u00bb&#8211;et_global_heading_font|||on|||||\u00bb title_text_align=\u00bbcenter\u00bb title_text_color=\u00bb#FFFFFF\u00bb title_font_size=\u00bb38px\u00bb background_color=\u00bb#0D3857&#8243; custom_padding=\u00bb3%||3%||false|false\u00bb global_colors_info=\u00bb{}\u00bb][\/et_pb_fullwidth_post_title][\/et_pb_section][et_pb_section fb_built=\u00bb1&#8243; _builder_version=\u00bb4.20.2&#8243; _module_preset=\u00bbdefault\u00bb background_color=\u00bb#FFFFFF\u00bb custom_margin=\u00bb0px|||||\u00bb custom_padding=\u00bb6px||7px|6px||\u00bb global_colors_info=\u00bb{}\u00bb][et_pb_row _builder_version=\u00bb4.20.2&#8243; _module_preset=\u00bbdefault\u00bb custom_margin=\u00bb|auto|-25px|auto||\u00bb global_colors_info=\u00bb{}\u00bb][et_pb_column type=\u00bb4_4&#8243; _builder_version=\u00bb4.20.2&#8243; _module_preset=\u00bbdefault\u00bb global_colors_info=\u00bb{}\u00bb][et_pb_text _builder_version=\u00bb4.20.2&#8243; _module_preset=\u00bbdefault\u00bb global_colors_info=\u00bb{}\u00bb]<\/p>\n<p style=\"text-align: justify\">Los protocolos notariales contienen las copias de los documentos que registraron la actividad de los notarios, de naturaleza econ\u00f3mica o social (pr\u00e9stamos a peque\u00f1a escala, compraventas, cesiones, albaranes de pago, nombramiento de procuraciones, arrendamientos, testamentos, capitulaciones matrimoniales, contratos, etc.), pero tambi\u00e9n registraron documentaci\u00f3n municipal (reuniones de concejos, pregones, avecindamientos, gesti\u00f3n de la hacienda local, etc.), entre otras cuestiones. En otras palabras, permiten reconstruir una parte considerable del panorama social, econ\u00f3mico y pol\u00edtico de las localidades en las que los notarios ejerc\u00edan su actividad.\u00a0<\/p>\n<p style=\"text-align: justify\">En este sentido, los protocolos notariales que guardan relaci\u00f3n con el monasterio de Sigena se conservan hoy en d\u00eda en el archivo mon\u00e1stico, en el Archivo Hist\u00f3rico Provincial de Huesca y en el Archivo Hist\u00f3rico Provincial de Zaragoza.\u00a0<\/p>\n<p style=\"text-align: justify\">\n<p style=\"text-align: justify\">\n<p style=\"text-align: justify\">\n<p>[\/et_pb_text][\/et_pb_column][\/et_pb_row][et_pb_row column_structure=\u00bb1_3,2_3&#8243; _builder_version=\u00bb4.20.2&#8243; _module_preset=\u00bbdefault\u00bb global_colors_info=\u00bb{}\u00bb][et_pb_column type=\u00bb1_3&#8243; _builder_version=\u00bb4.20.2&#8243; _module_preset=\u00bbdefault\u00bb global_colors_info=\u00bb{}\u00bb][et_pb_image src=\u00bbhttps:\/\/dara.aragon.es\/dara\/sijena\/wp-content\/uploads\/sites\/5\/2023\/07\/AMS_G_00006_0002-primera-pagina-scaled.jpg\u00bb title_text=\u00bbAMS_G_00006_0002-primera pa\u0301gina\u00bb align=\u00bbcenter\u00bb _builder_version=\u00bb4.20.2&#8243; _module_preset=\u00bbdefault\u00bb width=\u00bb100%\u00bb module_alignment=\u00bbcenter\u00bb height=\u00bb434px\u00bb global_colors_info=\u00bb{}\u00bb][\/et_pb_image][\/et_pb_column][et_pb_column type=\u00bb2_3&#8243; _builder_version=\u00bb4.20.2&#8243; _module_preset=\u00bbdefault\u00bb global_colors_info=\u00bb{}\u00bb][et_pb_accordion open_toggle_text_color=\u00bb#000000&#8243; _builder_version=\u00bb4.20.2&#8243; _module_preset=\u00bbdefault\u00bb toggle_font=\u00bbAdamina|700|||||||\u00bb toggle_font_size=\u00bb15px\u00bb body_font=\u00bbAlbert Sans||||||||\u00bb global_colors_info=\u00bb{}\u00bb][et_pb_accordion_item title=\u00bbProtocolos notariales del Archivo del monasterio de Sigena\u00bb _builder_version=\u00bb4.20.2&#8243; _module_preset=\u00bbdefault\u00bb global_colors_info=\u00bb{}\u00bb toggle_font=\u00bbAlbert Sans|700|||||||\u00bb open=\u00bbon\u00bb]<\/p>\n<p style=\"text-align: justify;\">Es la serie documental conservada en el <span>Museo Nacional d&#8217;Art de Catalunya (<\/span>MNAC), depositada actualmente en el Monasterio de Sigena y que permiti\u00f3 completar los fondos ya conocidos y conservados en el AHPHU. En estos fondos, destaca un total de <a href=\"https:\/\/dara.aragon.es\/opac\/app\/results\/sixev?p=0&amp;q=protocolo&amp;ob=re:1&amp;vm=mv&amp;ft=archive:74\">77 protocolos notariales<\/a> que, si bien no son documentaci\u00f3n mon\u00e1stica propiamente dicha, probablemente se conservaran entre los fondos del monasterio por la vinculaci\u00f3n de sus notarios con la instituci\u00f3n o porque desarrollaron su actividad en las localidades pr\u00f3ximas (cf.). Son notarios que ejercieron su actividad en Villanueva de Sigena, Sena, Sari\u00f1ena y Onti\u00f1ena y, solo en una ocasi\u00f3n, se indica que se trata del notario del monasterio. La cronolog\u00eda de estos vol\u00famenes contempla un arco desde finales del siglo XIV hasta el siglo XVIII.<\/p>\n<p>[\/et_pb_accordion_item][et_pb_accordion_item title=\u00bbProtocolos notariales del Archivo Hist\u00f3rico Provincial de Huesca\u00bb _builder_version=\u00bb4.20.2&#8243; _module_preset=\u00bbdefault\u00bb global_colors_info=\u00bb{}\u00bb toggle_font=\u00bbAlbert Sans|700|||||||\u00bb open=\u00bboff\u00bb]<\/p>\n<p>Forman parte de los documentos que se pudieron salvar del incendio de agosto de 1936. En total, se conservan <a href=\"https:\/\/dara.aragon.es\/opac\/app\/results\/sixev?p=0&amp;q=protocolo&amp;ob=re:1&amp;vm=mv&amp;ft=archive:2\">4 protocolos notariales de los siglos XIV y XVI<\/a>.<\/p>\n<p>[\/et_pb_accordion_item][et_pb_accordion_item title=\u00bbProtocolos notariales del Archivo Hist\u00f3rico Provincial de Zaragoza\u00bb open=\u00bboff\u00bb _builder_version=\u00bb4.20.2&#8243; _module_preset=\u00bbdefault\u00bb global_colors_info=\u00bb{}\u00bb toggle_font=\u00bbAlbert Sans|700|||||||\u00bb]<\/p>\n<p style=\"text-align: justify\">En el Archivo Hist\u00f3rico Provincial de Zaragoza se conservan 6 protocolos notariales <a href=\"https:\/\/dara.aragon.es\/opac\/app\/results\/sixev?p=0&amp;q=protocolo&amp;ob=re:1&amp;vm=mv&amp;ft=archive:1\">pertenecientes al monasterio de Sigena<\/a>, procedentes de la colecci\u00f3n de la Comisi\u00f3n provincial de documentos de Zaragoza. Son protocolos con una cronolog\u00eda de los siglos XV y XVI, realizados en las localidades pr\u00f3ximas al cenobio y firmados por notarios que sabemos que ejerc\u00edan su actividad all\u00ed.<\/p>\n<p>[\/et_pb_accordion_item][\/et_pb_accordion][\/et_pb_column][\/et_pb_row][\/et_pb_section][et_pb_section fb_built=\u00bb1&#8243; _builder_version=\u00bb4.20.2&#8243; _module_preset=\u00bbdefault\u00bb background_color=\u00bb#FFFFFF\u00bb background_enable_image=\u00bboff\u00bb custom_padding=\u00bb12px||0px|||\u00bb global_colors_info=\u00bb{}\u00bb][et_pb_row _builder_version=\u00bb4.20.2&#8243; _module_preset=\u00bbdefault\u00bb custom_margin=\u00bb|auto|0px|auto|false|false\u00bb custom_padding=\u00bb70px|||29px||\u00bb global_colors_info=\u00bb{}\u00bb][et_pb_column type=\u00bb4_4&#8243; _builder_version=\u00bb4.20.2&#8243; _module_preset=\u00bbdefault\u00bb global_colors_info=\u00bb{}\u00bb][et_pb_button button_url=\u00bbhttps:\/\/dara.aragon.es\/opac\/app\/results\/sixev?p=0&#038;q=protocolo&#038;ob=re:1&#038;vm=mv\u00bb button_text=\u00bbACCESO A TODOS LOS PROTOCOLOS NOTARIALES EN DARA\u00bb _builder_version=\u00bb4.20.2&#8243; _module_preset=\u00bbdefault\u00bb button_text_size=\u00bb16px\u00bb global_colors_info=\u00bb{}\u00bb][\/et_pb_button][et_pb_button button_url=\u00bbhttps:\/\/dara.aragon.es\/dara\/sijena\/documentos-sobre-sigena\/\u00bb button_text=\u00bbVOLVER A DOCUMENTOS SOBRE SIGENA\u00bb _builder_version=\u00bb4.20.2&#8243; _module_preset=\u00bbdefault\u00bb button_text_size=\u00bb16px\u00bb global_colors_info=\u00bb{}\u00bb][\/et_pb_button][\/et_pb_column][\/et_pb_row][\/et_pb_section]<\/p>\n","protected":false},"excerpt":{"rendered":"<p>Los protocolos notariales contienen las copias de los documentos que registraron la actividad de los notarios, de naturaleza econ\u00f3mica o social (pr\u00e9stamos a peque\u00f1a escala, compraventas, cesiones, albaranes de pago, nombramiento de procuraciones, arrendamientos, testamentos, capitulaciones matrimoniales, contratos, etc.), pero tambi\u00e9n registraron documentaci\u00f3n municipal (reuniones de concejos, pregones, avecindamientos, gesti\u00f3n de la hacienda local, etc.), [&hellip;]<\/p>\n","protected":false},"author":2,"featured_media":224,"parent":0,"menu_order":0,"comment_status":"closed","ping_status":"closed","template":"","meta":{"_et_pb_use_builder":"on","_et_pb_old_content":"<!-- wp:divi\/placeholder \/-->","_et_gb_content_width":"","footnotes":""},"class_list":["post-1351","page","type-page","status-publish","has-post-thumbnail","hentry"],"yoast_head":"<!-- This site is optimized with the Yoast SEO plugin v27.5 - https:\/\/yoast.com\/product\/yoast-seo-wordpress\/ -->\n<title>Protocolos notariales - DARA-Sigena Virtual<\/title>\n<meta name=\"robots\" content=\"index, follow, max-snippet:-1, max-image-preview:large, max-video-preview:-1\" \/>\n<link rel=\"canonical\" href=\"https:\/\/dara.aragon.es\/dara\/sijena\/protocolos-notariales\/\" \/>\n<meta property=\"og:locale\" content=\"es_ES\" \/>\n<meta property=\"og:type\" content=\"article\" \/>\n<meta property=\"og:title\" content=\"Protocolos notariales - DARA-Sigena Virtual\" \/>\n<meta property=\"og:description\" content=\"Los protocolos notariales contienen las copias de los documentos que registraron la actividad de los notarios, de naturaleza econ\u00f3mica o social (pr\u00e9stamos a peque\u00f1a escala, compraventas, cesiones, albaranes de pago, nombramiento de procuraciones, arrendamientos, testamentos, capitulaciones matrimoniales, contratos, etc.), pero tambi\u00e9n registraron documentaci\u00f3n municipal (reuniones de concejos, pregones, avecindamientos, gesti\u00f3n de la hacienda local, etc.), [&hellip;]\" \/>\n<meta property=\"og:url\" content=\"https:\/\/dara.aragon.es\/dara\/sijena\/protocolos-notariales\/\" \/>\n<meta property=\"og:site_name\" content=\"DARA-Sigena Virtual\" \/>\n<meta property=\"article:modified_time\" content=\"2024-06-06T07:06:49+00:00\" \/>\n<meta property=\"og:image\" content=\"https:\/\/dara.aragon.es\/dara\/sijena\/wp-content\/uploads\/sites\/5\/2023\/03\/AHPZ_MF_MORA_2745.jpg\" \/>\n\t<meta property=\"og:image:width\" content=\"445\" \/>\n\t<meta property=\"og:image:height\" content=\"600\" \/>\n\t<meta property=\"og:image:type\" content=\"image\/jpeg\" \/>\n<meta name=\"twitter:card\" content=\"summary_large_image\" \/>\n<meta name=\"twitter:label1\" content=\"Tiempo de lectura\" \/>\n\t<meta name=\"twitter:data1\" content=\"4 minutos\" \/>\n<script type=\"application\/ld+json\" class=\"yoast-schema-graph\">{\"@context\":\"https:\\\/\\\/schema.org\",\"@graph\":[{\"@type\":\"WebPage\",\"@id\":\"https:\\\/\\\/dara.aragon.es\\\/dara\\\/sijena\\\/protocolos-notariales\\\/\",\"url\":\"https:\\\/\\\/dara.aragon.es\\\/dara\\\/sijena\\\/protocolos-notariales\\\/\",\"name\":\"Protocolos notariales - DARA-Sigena Virtual\",\"isPartOf\":{\"@id\":\"https:\\\/\\\/dara.aragon.es\\\/dara\\\/sijena\\\/#website\"},\"primaryImageOfPage\":{\"@id\":\"https:\\\/\\\/dara.aragon.es\\\/dara\\\/sijena\\\/protocolos-notariales\\\/#primaryimage\"},\"image\":{\"@id\":\"https:\\\/\\\/dara.aragon.es\\\/dara\\\/sijena\\\/protocolos-notariales\\\/#primaryimage\"},\"thumbnailUrl\":\"https:\\\/\\\/dara.aragon.es\\\/dara\\\/sijena\\\/wp-content\\\/uploads\\\/sites\\\/5\\\/2023\\\/03\\\/AHPZ_MF_MORA_2745.jpg\",\"datePublished\":\"2023-07-19T14:41:44+00:00\",\"dateModified\":\"2024-06-06T07:06:49+00:00\",\"breadcrumb\":{\"@id\":\"https:\\\/\\\/dara.aragon.es\\\/dara\\\/sijena\\\/protocolos-notariales\\\/#breadcrumb\"},\"inLanguage\":\"es\",\"potentialAction\":[{\"@type\":\"ReadAction\",\"target\":[\"https:\\\/\\\/dara.aragon.es\\\/dara\\\/sijena\\\/protocolos-notariales\\\/\"]}]},{\"@type\":\"ImageObject\",\"inLanguage\":\"es\",\"@id\":\"https:\\\/\\\/dara.aragon.es\\\/dara\\\/sijena\\\/protocolos-notariales\\\/#primaryimage\",\"url\":\"https:\\\/\\\/dara.aragon.es\\\/dara\\\/sijena\\\/wp-content\\\/uploads\\\/sites\\\/5\\\/2023\\\/03\\\/AHPZ_MF_MORA_2745.jpg\",\"contentUrl\":\"https:\\\/\\\/dara.aragon.es\\\/dara\\\/sijena\\\/wp-content\\\/uploads\\\/sites\\\/5\\\/2023\\\/03\\\/AHPZ_MF_MORA_2745.jpg\",\"width\":445,\"height\":600,\"caption\":\"AHPZ_MF_MORA_2745\"},{\"@type\":\"BreadcrumbList\",\"@id\":\"https:\\\/\\\/dara.aragon.es\\\/dara\\\/sijena\\\/protocolos-notariales\\\/#breadcrumb\",\"itemListElement\":[{\"@type\":\"ListItem\",\"position\":1,\"name\":\"Portada\",\"item\":\"https:\\\/\\\/dara.aragon.es\\\/dara\\\/sijena\\\/\"},{\"@type\":\"ListItem\",\"position\":2,\"name\":\"Protocolos notariales\"}]},{\"@type\":\"WebSite\",\"@id\":\"https:\\\/\\\/dara.aragon.es\\\/dara\\\/sijena\\\/#website\",\"url\":\"https:\\\/\\\/dara.aragon.es\\\/dara\\\/sijena\\\/\",\"name\":\"DARA-Sigena Virtual\",\"description\":\"Sigena\",\"potentialAction\":[{\"@type\":\"SearchAction\",\"target\":{\"@type\":\"EntryPoint\",\"urlTemplate\":\"https:\\\/\\\/dara.aragon.es\\\/dara\\\/sijena\\\/?s={search_term_string}\"},\"query-input\":{\"@type\":\"PropertyValueSpecification\",\"valueRequired\":true,\"valueName\":\"search_term_string\"}}],\"inLanguage\":\"es\"}]}<\/script>\n<!-- \/ Yoast SEO plugin. -->","yoast_head_json":{"title":"Protocolos notariales - DARA-Sigena Virtual","robots":{"index":"index","follow":"follow","max-snippet":"max-snippet:-1","max-image-preview":"max-image-preview:large","max-video-preview":"max-video-preview:-1"},"canonical":"https:\/\/dara.aragon.es\/dara\/sijena\/protocolos-notariales\/","og_locale":"es_ES","og_type":"article","og_title":"Protocolos notariales - DARA-Sigena Virtual","og_description":"Los protocolos notariales contienen las copias de los documentos que registraron la actividad de los notarios, de naturaleza econ\u00f3mica o social (pr\u00e9stamos a peque\u00f1a escala, compraventas, cesiones, albaranes de pago, nombramiento de procuraciones, arrendamientos, testamentos, capitulaciones matrimoniales, contratos, etc.), pero tambi\u00e9n registraron documentaci\u00f3n municipal (reuniones de concejos, pregones, avecindamientos, gesti\u00f3n de la hacienda local, etc.), [&hellip;]","og_url":"https:\/\/dara.aragon.es\/dara\/sijena\/protocolos-notariales\/","og_site_name":"DARA-Sigena Virtual","article_modified_time":"2024-06-06T07:06:49+00:00","og_image":[{"width":445,"height":600,"url":"https:\/\/dara.aragon.es\/dara\/sijena\/wp-content\/uploads\/sites\/5\/2023\/03\/AHPZ_MF_MORA_2745.jpg","type":"image\/jpeg"}],"twitter_card":"summary_large_image","twitter_misc":{"Tiempo de lectura":"4 minutos"},"schema":{"@context":"https:\/\/schema.org","@graph":[{"@type":"WebPage","@id":"https:\/\/dara.aragon.es\/dara\/sijena\/protocolos-notariales\/","url":"https:\/\/dara.aragon.es\/dara\/sijena\/protocolos-notariales\/","name":"Protocolos notariales - DARA-Sigena Virtual","isPartOf":{"@id":"https:\/\/dara.aragon.es\/dara\/sijena\/#website"},"primaryImageOfPage":{"@id":"https:\/\/dara.aragon.es\/dara\/sijena\/protocolos-notariales\/#primaryimage"},"image":{"@id":"https:\/\/dara.aragon.es\/dara\/sijena\/protocolos-notariales\/#primaryimage"},"thumbnailUrl":"https:\/\/dara.aragon.es\/dara\/sijena\/wp-content\/uploads\/sites\/5\/2023\/03\/AHPZ_MF_MORA_2745.jpg","datePublished":"2023-07-19T14:41:44+00:00","dateModified":"2024-06-06T07:06:49+00:00","breadcrumb":{"@id":"https:\/\/dara.aragon.es\/dara\/sijena\/protocolos-notariales\/#breadcrumb"},"inLanguage":"es","potentialAction":[{"@type":"ReadAction","target":["https:\/\/dara.aragon.es\/dara\/sijena\/protocolos-notariales\/"]}]},{"@type":"ImageObject","inLanguage":"es","@id":"https:\/\/dara.aragon.es\/dara\/sijena\/protocolos-notariales\/#primaryimage","url":"https:\/\/dara.aragon.es\/dara\/sijena\/wp-content\/uploads\/sites\/5\/2023\/03\/AHPZ_MF_MORA_2745.jpg","contentUrl":"https:\/\/dara.aragon.es\/dara\/sijena\/wp-content\/uploads\/sites\/5\/2023\/03\/AHPZ_MF_MORA_2745.jpg","width":445,"height":600,"caption":"AHPZ_MF_MORA_2745"},{"@type":"BreadcrumbList","@id":"https:\/\/dara.aragon.es\/dara\/sijena\/protocolos-notariales\/#breadcrumb","itemListElement":[{"@type":"ListItem","position":1,"name":"Portada","item":"https:\/\/dara.aragon.es\/dara\/sijena\/"},{"@type":"ListItem","position":2,"name":"Protocolos notariales"}]},{"@type":"WebSite","@id":"https:\/\/dara.aragon.es\/dara\/sijena\/#website","url":"https:\/\/dara.aragon.es\/dara\/sijena\/","name":"DARA-Sigena Virtual","description":"Sigena","potentialAction":[{"@type":"SearchAction","target":{"@type":"EntryPoint","urlTemplate":"https:\/\/dara.aragon.es\/dara\/sijena\/?s={search_term_string}"},"query-input":{"@type":"PropertyValueSpecification","valueRequired":true,"valueName":"search_term_string"}}],"inLanguage":"es"}]}},"_links":{"self":[{"href":"https:\/\/dara.aragon.es\/dara\/sijena\/wp-json\/wp\/v2\/pages\/1351","targetHints":{"allow":["GET"]}}],"collection":[{"href":"https:\/\/dara.aragon.es\/dara\/sijena\/wp-json\/wp\/v2\/pages"}],"about":[{"href":"https:\/\/dara.aragon.es\/dara\/sijena\/wp-json\/wp\/v2\/types\/page"}],"author":[{"embeddable":true,"href":"https:\/\/dara.aragon.es\/dara\/sijena\/wp-json\/wp\/v2\/users\/2"}],"replies":[{"embeddable":true,"href":"https:\/\/dara.aragon.es\/dara\/sijena\/wp-json\/wp\/v2\/comments?post=1351"}],"version-history":[{"count":28,"href":"https:\/\/dara.aragon.es\/dara\/sijena\/wp-json\/wp\/v2\/pages\/1351\/revisions"}],"predecessor-version":[{"id":3707,"href":"https:\/\/dara.aragon.es\/dara\/sijena\/wp-json\/wp\/v2\/pages\/1351\/revisions\/3707"}],"wp:featuredmedia":[{"embeddable":true,"href":"https:\/\/dara.aragon.es\/dara\/sijena\/wp-json\/wp\/v2\/media\/224"}],"wp:attachment":[{"href":"https:\/\/dara.aragon.es\/dara\/sijena\/wp-json\/wp\/v2\/media?parent=1351"}],"curies":[{"name":"wp","href":"https:\/\/api.w.org\/{rel}","templated":true}]}}