{"id":1358,"date":"2023-07-19T14:45:20","date_gmt":"2023-07-19T14:45:20","guid":{"rendered":"https:\/\/dara.aragon.es\/dara\/sijena\/?page_id=1358"},"modified":"2025-04-04T03:31:35","modified_gmt":"2025-04-04T03:31:35","slug":"las-restauraciones-de-sigena","status":"publish","type":"page","link":"https:\/\/dara.aragon.es\/dara\/sijena\/las-restauraciones-de-sigena\/","title":{"rendered":"Las restauraciones de Sigena"},"content":{"rendered":"<p>[et_pb_section fb_built=\u00bb1&#8243; fullwidth=\u00bbon\u00bb admin_label=\u00bbHeader Section\u00bb _builder_version=\u00bb4.20.2&#8243; background_color=\u00bb#0D3857&#8243; background_enable_image=\u00bboff\u00bb parallax=\u00bbon\u00bb custom_padding=\u00bb|||\u00bb saved_tabs=\u00bball\u00bb locked=\u00bboff\u00bb global_colors_info=\u00bb{}\u00bb][et_pb_fullwidth_post_title meta=\u00bboff\u00bb featured_image=\u00bboff\u00bb _builder_version=\u00bb4.25.1&#8243; _module_preset=\u00bbdefault\u00bb title_font=\u00bb&#8211;et_global_heading_font|||on|||||\u00bb title_text_align=\u00bbcenter\u00bb title_text_color=\u00bb#FFFFFF\u00bb title_font_size=\u00bb38px\u00bb background_color=\u00bb#0D3857&#8243; custom_padding=\u00bb3%||3%||false|false\u00bb global_colors_info=\u00bb{}\u00bb][\/et_pb_fullwidth_post_title][\/et_pb_section][et_pb_section fb_built=\u00bb1&#8243; _builder_version=\u00bb4.20.2&#8243; _module_preset=\u00bbdefault\u00bb background_color=\u00bb#FFFFFF\u00bb custom_margin=\u00bb0px|||||\u00bb custom_padding=\u00bb6px||7px|32px||\u00bb global_colors_info=\u00bb{}\u00bb][et_pb_row _builder_version=\u00bb4.27.4&#8243; _module_preset=\u00bbdefault\u00bb custom_margin=\u00bb|auto|-25px|auto||\u00bb hover_enabled=\u00bb0&#8243; global_colors_info=\u00bb{}\u00bb column_structure=\u00bb3_5,2_5&#8243; sticky_enabled=\u00bb0&#8243;][et_pb_column type=\u00bb3_5&#8243; _builder_version=\u00bb4.20.2&#8243; _module_preset=\u00bbdefault\u00bb global_colors_info=\u00bb{}\u00bb][et_pb_text _builder_version=\u00bb4.20.2&#8243; _module_preset=\u00bbdefault\u00bb global_colors_info=\u00bb{}\u00bb]<\/p>\n<p style=\"text-align: justify\">A partir del siglo XV, Sigena perdi\u00f3 su estrecha vinculaci\u00f3n con la monarqu\u00eda, pero la nobleza mantuvo el deseo de incorporar a mujeres de sus parentelas en el monasterio. El mal estado de conservaci\u00f3n del edificio y el inter\u00e9s de las religiosas por la rehabilitaci\u00f3n del centro trajo consigo algunos proyectos de reforma a partir del siglo XIX.<\/p>\n<p style=\"text-align: justify\">Entre 1803 y 1804, fue redactado un proyecto de renovaci\u00f3n total del monasterio. El <a href=\"https:\/\/dara.aragon.es\/dara\/sijena\/documentacion-judicial\/\">robo del dinero<\/a> que iba a ser destinado a ello no impidi\u00f3 su redacci\u00f3n y aprobaci\u00f3n. <span>S<\/span><span>in embargo, el impacto de la legislaci\u00f3n desamortizadora iniciada desde 1834, durante el reinado de Maria Cristina, trajo consigo la p\u00e9rdida de la mayor parte del patrimonio mon\u00e1stico y, con ello, de una parte importante de los ingresos de Sigena.\u00a0<\/span><\/p>\n<p style=\"text-align: justify\">[\/et_pb_text][et_pb_text _builder_version=\u00bb4.20.2&#8243; _module_preset=\u00bbdefault\u00bb global_colors_info=\u00bb{}\u00bb]<\/p>\n<p style=\"text-align: justify\"><span>Ante la grave situaci\u00f3n del monasterio, desde el ministerio de Fomento vieron\u00a0 necesario emprender una obra de reforma y restauraci\u00f3n. As\u00ed, la <strong>Comisi\u00f3n Provincial de Monumentos de Huesca<\/strong> y el arquitecto Ignacio de Velasco redactaron en 1880 un proyecto que, entre otros cambios, supuso la transformaci\u00f3n del claustro. El proyecto fue aprobado en enero de 1881 y las obras se prolongaron hasta 1884.\u00a0<\/span><\/p>\n<p style=\"text-align: justify\"><span>En 1915, el obispo de L\u00e9rida envi\u00f3 al arquitecto Francisco de P. Moreno a Sigena para que valorara el estado del edificio y proyectara una reparaci\u00f3n. Una parte de este documento se encuentra en el Archivo Hist\u00f3rico Provincial de Huesca, junto con un informe titulado \u00abObras de reparaci\u00f3n del Monasterio de Sigena\u00bb, firmado el 29 de agosto de 1882, y perteneciente por tanto al proyecto anterior.<\/span><\/p>\n<p style=\"text-align: justify\">\n<p>[\/et_pb_text][et_pb_button button_url=\u00bbhttps:\/\/dara.aragon.es\/opac\/app\/item\/sixev?p=0&#038;q=sigena&#038;pmp=%25foto%25,foto&#038;ob=df:1&#038;vm=nv&#038;i=123149&#8243; button_text=\u00bbPROYECTO DE 1915 EN DARA\u00bb button_alignment=\u00bbleft\u00bb _builder_version=\u00bb4.27.4&#8243; _module_preset=\u00bbdefault\u00bb button_text_size=\u00bb16px\u00bb hover_enabled=\u00bb0&#8243; box_shadow_style=\u00bbpreset2&#8243; box_shadow_spread=\u00bb1px\u00bb global_colors_info=\u00bb{}\u00bb url_new_window=\u00bbon\u00bb sticky_enabled=\u00bb0&#8243; button_icon=\u00bb&#xf35d;||fa||900&#8243;][\/et_pb_button][\/et_pb_column][et_pb_column type=\u00bb2_5&#8243; _builder_version=\u00bb4.20.2&#8243; _module_preset=\u00bbdefault\u00bb global_colors_info=\u00bb{}\u00bb][et_pb_image src=\u00bbhttps:\/\/dara.aragon.es\/dara\/sijena\/wp-content\/uploads\/sites\/5\/2023\/07\/PRIMERA-PAGINA-PROYECTO-1882.png\u00bb title_text=\u00bbPRIMERA PA\u0301GINA PROYECTO 1882&#8243; _builder_version=\u00bb4.20.2&#8243; _module_preset=\u00bbdefault\u00bb width=\u00bb99%\u00bb box_shadow_style=\u00bbpreset2&#8243; box_shadow_spread=\u00bb1px\u00bb global_colors_info=\u00bb{}\u00bb][\/et_pb_image][\/et_pb_column][\/et_pb_row][et_pb_row column_structure=\u00bb3_5,2_5&#8243; _builder_version=\u00bb4.20.2&#8243; _module_preset=\u00bbdefault\u00bb global_colors_info=\u00bb{}\u00bb][et_pb_column type=\u00bb3_5&#8243; _builder_version=\u00bb4.20.2&#8243; _module_preset=\u00bbdefault\u00bb global_colors_info=\u00bb{}\u00bb][\/et_pb_column][et_pb_column type=\u00bb2_5&#8243; _builder_version=\u00bb4.20.2&#8243; _module_preset=\u00bbdefault\u00bb global_colors_info=\u00bb{}\u00bb][\/et_pb_column][\/et_pb_row][et_pb_row _builder_version=\u00bb4.20.2&#8243; _module_preset=\u00bbdefault\u00bb custom_margin=\u00bb40px|auto||auto||\u00bb custom_padding=\u00bb5px|||||\u00bb global_colors_info=\u00bb{}\u00bb][et_pb_column type=\u00bb4_4&#8243; _builder_version=\u00bb4.20.2&#8243; _module_preset=\u00bbdefault\u00bb global_colors_info=\u00bb{}\u00bb][et_pb_text _builder_version=\u00bb4.20.2&#8243; _module_preset=\u00bbdefault\u00bb global_colors_info=\u00bb{}\u00bb]<\/p>\n<h2 style=\"text-align: center\">RESTAURACIONES DURANTE EL SIGLO XX (1927-1975)<\/h2>\n<p>[\/et_pb_text][\/et_pb_column][\/et_pb_row][et_pb_row column_structure=\u00bb2_5,3_5&#8243; _builder_version=\u00bb4.20.2&#8243; _module_preset=\u00bbdefault\u00bb global_colors_info=\u00bb{}\u00bb][et_pb_column type=\u00bb2_5&#8243; _builder_version=\u00bb4.20.2&#8243; _module_preset=\u00bbdefault\u00bb global_colors_info=\u00bb{}\u00bb][et_pb_image src=\u00bbhttps:\/\/dara.aragon.es\/dara\/sijena\/wp-content\/uploads\/sites\/5\/2023\/07\/MDH_FOT_00021-1960s.jpeg\u00bb title_text=\u00bbMDH_FOT_00021 (1960s)\u00bb _builder_version=\u00bb4.20.2&#8243; _module_preset=\u00bbdefault\u00bb global_colors_info=\u00bb{}\u00bb][\/et_pb_image][\/et_pb_column][et_pb_column type=\u00bb3_5&#8243; _builder_version=\u00bb4.20.2&#8243; _module_preset=\u00bbdefault\u00bb global_colors_info=\u00bb{}\u00bb][et_pb_text _builder_version=\u00bb4.20.2&#8243; _module_preset=\u00bbdefault\u00bb global_colors_info=\u00bb{}\u00bb]<\/p>\n<p style=\"text-align: justify\">En los a\u00f1os anteriores a la Guerra civil (1936-1939), se llevaron a cabo iniciativas de consolidaci\u00f3n y restauraci\u00f3n del monasterio, despu\u00e9s de su declaraci\u00f3n como <span><a href=\"https:\/\/dara.aragon.es\/dara\/sijena\/santa-maria-de-sigena-como-monumento-nacional\/\">Monumento Nacional (1923)<\/a><\/span>. Tras la destrucci\u00f3n originada por el incendio del monasterio en la contienda, que se llev\u00f3 consigo buena parte de estas reparaciones, desde la administraci\u00f3n p\u00fablica de la dictadura continuaron el trabajo de saneamiento y reforma iniciado en los a\u00f1os veinte.\u00a0<\/p>\n<p>[\/et_pb_text][et_pb_button button_url=\u00bbhttps:\/\/dara.aragon.es\/opac\/app\/results\/sixe?p=0&#038;q=*&#038;st=.2.5.10.56.61.77.817579&#038;pmp=%25foto%25,foto&#038;ob=re:1&#038;vm=mv&#038;ft=archive:1&#8243; button_text=\u00bbFOTOGRAF\u00cdAS DE LA COMISAR\u00cdA DE ZONA DEL SERVICIO DE DEFENSA DEL PATRIMONIO NACIONAL (1942)\u00bb _builder_version=\u00bb4.27.4&#8243; _module_preset=\u00bbdefault\u00bb button_text_size=\u00bb16px\u00bb hover_enabled=\u00bb0&#8243; global_colors_info=\u00bb{}\u00bb url_new_window=\u00bbon\u00bb sticky_enabled=\u00bb0&#8243; button_icon=\u00bb&#xf35d;||fa||900&#8243;][\/et_pb_button][et_pb_button button_url=\u00bbhttps:\/\/dara.aragon.es\/opac\/app\/results\/sixe?p=0&#038;q=rosa+donoso&#038;ob=df:1&#038;vm=mv\u00bb button_text=\u00bbSIGENA EN 1967, POR ROSA DONOSO\u00bb _builder_version=\u00bb4.27.4&#8243; _module_preset=\u00bbdefault\u00bb button_text_size=\u00bb16px\u00bb hover_enabled=\u00bb0&#8243; global_colors_info=\u00bb{}\u00bb url_new_window=\u00bbon\u00bb button_icon=\u00bb&#xf35d;||fa||900&#8243; sticky_enabled=\u00bb0&#8243;][\/et_pb_button][\/et_pb_column][\/et_pb_row][et_pb_row _builder_version=\u00bb4.20.2&#8243; _module_preset=\u00bbdefault\u00bb custom_margin=\u00bb40px|auto||auto||\u00bb global_colors_info=\u00bb{}\u00bb][et_pb_column type=\u00bb4_4&#8243; _builder_version=\u00bb4.20.2&#8243; _module_preset=\u00bbdefault\u00bb global_colors_info=\u00bb{}\u00bb][et_pb_text _builder_version=\u00bb4.20.2&#8243; _module_preset=\u00bbdefault\u00bb global_colors_info=\u00bb{}\u00bb]<\/p>\n<h2 style=\"text-align: center\">NUEVOS CRITERIOS DE RESTAURACI\u00d3N DESDE LA D\u00c9CADA DE 1980<\/h2>\n<p>[\/et_pb_text][\/et_pb_column][\/et_pb_row][et_pb_row column_structure=\u00bb3_5,2_5&#8243; _builder_version=\u00bb4.20.2&#8243; _module_preset=\u00bbdefault\u00bb global_colors_info=\u00bb{}\u00bb][et_pb_column type=\u00bb3_5&#8243; _builder_version=\u00bb4.20.2&#8243; _module_preset=\u00bbdefault\u00bb global_colors_info=\u00bb{}\u00bb][et_pb_text _builder_version=\u00bb4.20.2&#8243; _module_preset=\u00bbdefault\u00bb global_colors_info=\u00bb{}\u00bb]<\/p>\n<p style=\"text-align: justify\">A partir de la d\u00e9cada de 1980, dieron comienzo una serie de intervenciones de restauraci\u00f3n del monasterio desde la Diputaci\u00f3n General de Arag\u00f3n que, partiendo de nuevos criterios de intervenci\u00f3n, rehabilitaron por completo el complejo, d\u00e1ndole el aspecto que hoy en d\u00eda conocemos, y combinaron esta acci\u00f3n con un estudio hist\u00f3rico exhaustivo, especialmente, desde el a\u00f1o 2000.\u00a0 \u00a0<\/p>\n<p>[\/et_pb_text][\/et_pb_column][et_pb_column type=\u00bb2_5&#8243; _builder_version=\u00bb4.20.2&#8243; _module_preset=\u00bbdefault\u00bb global_colors_info=\u00bb{}\u00bb][et_pb_button button_url=\u00bbhttps:\/\/dara.aragon.es\/opac\/app\/results\/?dt=1999&#038;q=%22restauracion%22+AND+%22sigena%22&#038;df=1975&#038;ob=df:1&#8243; button_text=\u00bbINTERVENCIONES DE 1986 A 1999&#8243; _builder_version=\u00bb4.27.4&#8243; _module_preset=\u00bbdefault\u00bb button_text_size=\u00bb16px\u00bb hover_enabled=\u00bb0&#8243; global_colors_info=\u00bb{}\u00bb url_new_window=\u00bbon\u00bb button_icon=\u00bb&#xf35d;||fa||900&#8243; sticky_enabled=\u00bb0&#8243;][\/et_pb_button][et_pb_button button_url=\u00bbhttps:\/\/dara.aragon.es\/opac\/app\/results\/?q=%22restauracion%22+AND+%22sigena%22&#038;df=2000&#038;ob=df:1&#8243; button_text=\u00bbINTERVENCIONES DE 2000 A 2016&#8243; _builder_version=\u00bb4.27.4&#8243; _module_preset=\u00bbdefault\u00bb button_text_size=\u00bb16px\u00bb hover_enabled=\u00bb0&#8243; global_colors_info=\u00bb{}\u00bb url_new_window=\u00bbon\u00bb button_icon=\u00bb&#xf35d;||fa||900&#8243; sticky_enabled=\u00bb0&#8243;][\/et_pb_button][\/et_pb_column][\/et_pb_row][et_pb_row _builder_version=\u00bb4.27.4&#8243; _module_preset=\u00bbdefault\u00bb custom_margin=\u00bb||||false|false\u00bb hover_enabled=\u00bb0&#8243; global_colors_info=\u00bb{}\u00bb sticky_enabled=\u00bb0&#8243;][et_pb_column type=\u00bb4_4&#8243; _builder_version=\u00bb4.20.2&#8243; _module_preset=\u00bbdefault\u00bb global_colors_info=\u00bb{}\u00bb][et_pb_text _builder_version=\u00bb4.20.2&#8243; _module_preset=\u00bbdefault\u00bb global_colors_info=\u00bb{}\u00bb]<\/p>\n<h2 style=\"text-align: center;\">BIBLIOGRAF\u00cdA<\/h2>\n<p>[\/et_pb_text][et_pb_text _builder_version=\u00bb4.20.2&#8243; _module_preset=\u00bbdefault\u00bb global_colors_info=\u00bb{}\u00bb]<\/p>\n<ul>\n<li style=\"text-align: justify;\">Briti\u00e1n Varea, Carlos. <a href=\"https:\/\/revistas.iea.es\/index.php\/ARG\/article\/view\/2779\" target=\"_blank\" rel=\"noopener\">\u00abApuntes sobre la historia arquitect\u00f3nica del real monasterio de Sijena en el siglo XIX\u00bb<\/a>,\u00a0<em>Argensola<\/em>, n.\u00ba 129 (2019), pp. 59-102.<\/li>\n<li style=\"text-align: justify;\"><span>Castill\u00f3n Cortada, Francisco,<\/span><span>\u00a0\u201c<\/span><a href=\"https:\/\/dialnet.unirioja.es\/servlet\/articulo?codigo=207822\" target=\"_blank\" rel=\"noopener\"><span>Proyecto de reconstruccio\u0301n, no realizado, del monasterio de Sigena (1804)<\/span><\/a><span>\u201d,\u00a0<\/span><span>Argensola<\/span><span>, 111, 1997, pp. 211-224<\/span><\/li>\n<li style=\"text-align: justify;\">Palac\u00edn\u00a0 Zueras, M\u00aa Cruz <a href=\"https:\/\/revistas.iea.es\/index.php\/ARG\/article\/view\/1490\" target=\"_blank\" rel=\"noopener\">\u00abProyecto de reparaci\u00f3n del real monasterio de Sijena (1915)\u00bb<\/a>,\u00a0<em>Argensola,\u00a0<\/em>n.\u00ba 112 (1998), pp. 259-266.<\/li>\n<li style=\"text-align: justify;\"><span>Pem\u00e1n Gav\u00edn, Mariano, \u201c<\/span><span>Proyecto de restauracio\u0301n del monasterio de Sigena\u00a0<\/span><span>(Huesca)\u201d, en Lasagabaster, Juan Ignacio, Actas de la 2\u00aa bienal de Restauracio\u0301n Monumental, Vitoria, Fundacio\u0301n Catedral Santa Mari\u0301a, 2004, pp. 303-308.<\/span><\/li>\n<li style=\"text-align: justify;\"><span>Pem\u00e1n Gav\u00edn, Mariano<\/span>, <a href=\"https:\/\/www.juntadeandalucia.es\/organismos\/iaph\/servicios\/publicaciones\/detalle\/78728.html\" target=\"_blank\" rel=\"noopener\">\u00abEl Real Monasterio de Santa Mar\u00eda de Sigena. Programa de conservaci\u00f3n del patrimonio hist\u00f3rico espa\u00f1ol de la Fundaci\u00f3n Caja Madrid, convenio con la Diputaci\u00f3n General de Arag\u00f3n\u00bb, <\/a><em>Actas de la III Bienal de restauraci\u00f3n monumental: sobre la des-restauraci\u00f3n<\/em>, Sevilla, Junta de Andaluc\u00eda, 2008, pp. 355-370.<\/li>\n<\/ul>\n<p>[\/et_pb_text][\/et_pb_column][\/et_pb_row][\/et_pb_section][et_pb_section fb_built=\u00bb1&#8243; _builder_version=\u00bb4.20.2&#8243; _module_preset=\u00bbdefault\u00bb background_color=\u00bb#FFFFFF\u00bb background_enable_image=\u00bboff\u00bb custom_padding=\u00bb12px||0px|||\u00bb global_colors_info=\u00bb{}\u00bb][et_pb_row _builder_version=\u00bb4.20.2&#8243; _module_preset=\u00bbdefault\u00bb custom_margin=\u00bb|auto|0px|auto|false|false\u00bb custom_padding=\u00bb||72px|29px||\u00bb global_colors_info=\u00bb{}\u00bb][et_pb_column type=\u00bb4_4&#8243; _builder_version=\u00bb4.20.2&#8243; _module_preset=\u00bbdefault\u00bb global_colors_info=\u00bb{}\u00bb][et_pb_button button_url=\u00bbhttps:\/\/dara.aragon.es\/dara\/sijena\/documentos-sobre-sigena\/\u00bb button_text=\u00bbVOLVER A DOCUMENTOS SOBRE SIGENA\u00bb _builder_version=\u00bb4.20.2&#8243; _module_preset=\u00bbdefault\u00bb button_text_size=\u00bb16px\u00bb global_colors_info=\u00bb{}\u00bb][\/et_pb_button][\/et_pb_column][\/et_pb_row][\/et_pb_section]<\/p>\n","protected":false},"excerpt":{"rendered":"<p>A partir del siglo XV, Sigena perdi\u00f3 su estrecha vinculaci\u00f3n con la monarqu\u00eda, pero la nobleza mantuvo el deseo de incorporar a mujeres de sus parentelas en el monasterio. El mal estado de conservaci\u00f3n del edificio y el inter\u00e9s de las religiosas por la rehabilitaci\u00f3n del centro trajo consigo algunos proyectos de reforma a partir [&hellip;]<\/p>\n","protected":false},"author":2,"featured_media":1430,"parent":0,"menu_order":0,"comment_status":"closed","ping_status":"closed","template":"","meta":{"_et_pb_use_builder":"on","_et_pb_old_content":"<!-- wp:divi\/placeholder \/-->","_et_gb_content_width":"","footnotes":""},"class_list":["post-1358","page","type-page","status-publish","has-post-thumbnail","hentry"],"yoast_head":"<!-- This site is optimized with the Yoast SEO plugin v26.2 - https:\/\/yoast.com\/wordpress\/plugins\/seo\/ -->\n<title>Las restauraciones de Sigena - DARA-Sigena Virtual<\/title>\n<meta name=\"robots\" content=\"index, follow, max-snippet:-1, max-image-preview:large, max-video-preview:-1\" \/>\n<link rel=\"canonical\" href=\"https:\/\/dara.aragon.es\/dara\/sijena\/las-restauraciones-de-sigena\/\" \/>\n<meta property=\"og:locale\" content=\"es_ES\" \/>\n<meta property=\"og:type\" content=\"article\" \/>\n<meta property=\"og:title\" content=\"Las restauraciones de Sigena - DARA-Sigena Virtual\" \/>\n<meta property=\"og:description\" content=\"A partir del siglo XV, Sigena perdi\u00f3 su estrecha vinculaci\u00f3n con la monarqu\u00eda, pero la nobleza mantuvo el deseo de incorporar a mujeres de sus parentelas en el monasterio. El mal estado de conservaci\u00f3n del edificio y el inter\u00e9s de las religiosas por la rehabilitaci\u00f3n del centro trajo consigo algunos proyectos de reforma a partir [&hellip;]\" \/>\n<meta property=\"og:url\" content=\"https:\/\/dara.aragon.es\/dara\/sijena\/las-restauraciones-de-sigena\/\" \/>\n<meta property=\"og:site_name\" content=\"DARA-Sigena Virtual\" \/>\n<meta property=\"article:modified_time\" content=\"2025-04-04T03:31:35+00:00\" \/>\n<meta property=\"og:image\" content=\"https:\/\/dara.aragon.es\/dara\/sijena\/wp-content\/uploads\/sites\/5\/2023\/07\/ABV_00031_0007_0001-Valdeolivos-scaled.jpg\" \/>\n\t<meta property=\"og:image:width\" content=\"1868\" \/>\n\t<meta property=\"og:image:height\" content=\"2560\" \/>\n\t<meta property=\"og:image:type\" content=\"image\/jpeg\" \/>\n<meta name=\"twitter:card\" content=\"summary_large_image\" \/>\n<meta name=\"twitter:label1\" content=\"Tiempo de lectura\" \/>\n\t<meta name=\"twitter:data1\" content=\"8 minutos\" \/>\n<script type=\"application\/ld+json\" class=\"yoast-schema-graph\">{\"@context\":\"https:\/\/schema.org\",\"@graph\":[{\"@type\":\"WebPage\",\"@id\":\"https:\/\/dara.aragon.es\/dara\/sijena\/las-restauraciones-de-sigena\/\",\"url\":\"https:\/\/dara.aragon.es\/dara\/sijena\/las-restauraciones-de-sigena\/\",\"name\":\"Las restauraciones de Sigena - DARA-Sigena Virtual\",\"isPartOf\":{\"@id\":\"https:\/\/dara.aragon.es\/dara\/sijena\/#website\"},\"primaryImageOfPage\":{\"@id\":\"https:\/\/dara.aragon.es\/dara\/sijena\/las-restauraciones-de-sigena\/#primaryimage\"},\"image\":{\"@id\":\"https:\/\/dara.aragon.es\/dara\/sijena\/las-restauraciones-de-sigena\/#primaryimage\"},\"thumbnailUrl\":\"https:\/\/dara.aragon.es\/dara\/sijena\/wp-content\/uploads\/sites\/5\/2023\/07\/ABV_00031_0007_0001-Valdeolivos-scaled.jpg\",\"datePublished\":\"2023-07-19T14:45:20+00:00\",\"dateModified\":\"2025-04-04T03:31:35+00:00\",\"breadcrumb\":{\"@id\":\"https:\/\/dara.aragon.es\/dara\/sijena\/las-restauraciones-de-sigena\/#breadcrumb\"},\"inLanguage\":\"es\",\"potentialAction\":[{\"@type\":\"ReadAction\",\"target\":[\"https:\/\/dara.aragon.es\/dara\/sijena\/las-restauraciones-de-sigena\/\"]}]},{\"@type\":\"ImageObject\",\"inLanguage\":\"es\",\"@id\":\"https:\/\/dara.aragon.es\/dara\/sijena\/las-restauraciones-de-sigena\/#primaryimage\",\"url\":\"https:\/\/dara.aragon.es\/dara\/sijena\/wp-content\/uploads\/sites\/5\/2023\/07\/ABV_00031_0007_0001-Valdeolivos-scaled.jpg\",\"contentUrl\":\"https:\/\/dara.aragon.es\/dara\/sijena\/wp-content\/uploads\/sites\/5\/2023\/07\/ABV_00031_0007_0001-Valdeolivos-scaled.jpg\",\"width\":1868,\"height\":2560},{\"@type\":\"BreadcrumbList\",\"@id\":\"https:\/\/dara.aragon.es\/dara\/sijena\/las-restauraciones-de-sigena\/#breadcrumb\",\"itemListElement\":[{\"@type\":\"ListItem\",\"position\":1,\"name\":\"Portada\",\"item\":\"https:\/\/dara.aragon.es\/dara\/sijena\/\"},{\"@type\":\"ListItem\",\"position\":2,\"name\":\"Las restauraciones de Sigena\"}]},{\"@type\":\"WebSite\",\"@id\":\"https:\/\/dara.aragon.es\/dara\/sijena\/#website\",\"url\":\"https:\/\/dara.aragon.es\/dara\/sijena\/\",\"name\":\"DARA-Sigena Virtual\",\"description\":\"Sigena\",\"potentialAction\":[{\"@type\":\"SearchAction\",\"target\":{\"@type\":\"EntryPoint\",\"urlTemplate\":\"https:\/\/dara.aragon.es\/dara\/sijena\/?s={search_term_string}\"},\"query-input\":{\"@type\":\"PropertyValueSpecification\",\"valueRequired\":true,\"valueName\":\"search_term_string\"}}],\"inLanguage\":\"es\"}]}<\/script>\n<!-- \/ Yoast SEO plugin. -->","yoast_head_json":{"title":"Las restauraciones de Sigena - DARA-Sigena Virtual","robots":{"index":"index","follow":"follow","max-snippet":"max-snippet:-1","max-image-preview":"max-image-preview:large","max-video-preview":"max-video-preview:-1"},"canonical":"https:\/\/dara.aragon.es\/dara\/sijena\/las-restauraciones-de-sigena\/","og_locale":"es_ES","og_type":"article","og_title":"Las restauraciones de Sigena - DARA-Sigena Virtual","og_description":"A partir del siglo XV, Sigena perdi\u00f3 su estrecha vinculaci\u00f3n con la monarqu\u00eda, pero la nobleza mantuvo el deseo de incorporar a mujeres de sus parentelas en el monasterio. El mal estado de conservaci\u00f3n del edificio y el inter\u00e9s de las religiosas por la rehabilitaci\u00f3n del centro trajo consigo algunos proyectos de reforma a partir [&hellip;]","og_url":"https:\/\/dara.aragon.es\/dara\/sijena\/las-restauraciones-de-sigena\/","og_site_name":"DARA-Sigena Virtual","article_modified_time":"2025-04-04T03:31:35+00:00","og_image":[{"width":1868,"height":2560,"url":"https:\/\/dara.aragon.es\/dara\/sijena\/wp-content\/uploads\/sites\/5\/2023\/07\/ABV_00031_0007_0001-Valdeolivos-scaled.jpg","type":"image\/jpeg"}],"twitter_card":"summary_large_image","twitter_misc":{"Tiempo de lectura":"8 minutos"},"schema":{"@context":"https:\/\/schema.org","@graph":[{"@type":"WebPage","@id":"https:\/\/dara.aragon.es\/dara\/sijena\/las-restauraciones-de-sigena\/","url":"https:\/\/dara.aragon.es\/dara\/sijena\/las-restauraciones-de-sigena\/","name":"Las restauraciones de Sigena - DARA-Sigena Virtual","isPartOf":{"@id":"https:\/\/dara.aragon.es\/dara\/sijena\/#website"},"primaryImageOfPage":{"@id":"https:\/\/dara.aragon.es\/dara\/sijena\/las-restauraciones-de-sigena\/#primaryimage"},"image":{"@id":"https:\/\/dara.aragon.es\/dara\/sijena\/las-restauraciones-de-sigena\/#primaryimage"},"thumbnailUrl":"https:\/\/dara.aragon.es\/dara\/sijena\/wp-content\/uploads\/sites\/5\/2023\/07\/ABV_00031_0007_0001-Valdeolivos-scaled.jpg","datePublished":"2023-07-19T14:45:20+00:00","dateModified":"2025-04-04T03:31:35+00:00","breadcrumb":{"@id":"https:\/\/dara.aragon.es\/dara\/sijena\/las-restauraciones-de-sigena\/#breadcrumb"},"inLanguage":"es","potentialAction":[{"@type":"ReadAction","target":["https:\/\/dara.aragon.es\/dara\/sijena\/las-restauraciones-de-sigena\/"]}]},{"@type":"ImageObject","inLanguage":"es","@id":"https:\/\/dara.aragon.es\/dara\/sijena\/las-restauraciones-de-sigena\/#primaryimage","url":"https:\/\/dara.aragon.es\/dara\/sijena\/wp-content\/uploads\/sites\/5\/2023\/07\/ABV_00031_0007_0001-Valdeolivos-scaled.jpg","contentUrl":"https:\/\/dara.aragon.es\/dara\/sijena\/wp-content\/uploads\/sites\/5\/2023\/07\/ABV_00031_0007_0001-Valdeolivos-scaled.jpg","width":1868,"height":2560},{"@type":"BreadcrumbList","@id":"https:\/\/dara.aragon.es\/dara\/sijena\/las-restauraciones-de-sigena\/#breadcrumb","itemListElement":[{"@type":"ListItem","position":1,"name":"Portada","item":"https:\/\/dara.aragon.es\/dara\/sijena\/"},{"@type":"ListItem","position":2,"name":"Las restauraciones de Sigena"}]},{"@type":"WebSite","@id":"https:\/\/dara.aragon.es\/dara\/sijena\/#website","url":"https:\/\/dara.aragon.es\/dara\/sijena\/","name":"DARA-Sigena Virtual","description":"Sigena","potentialAction":[{"@type":"SearchAction","target":{"@type":"EntryPoint","urlTemplate":"https:\/\/dara.aragon.es\/dara\/sijena\/?s={search_term_string}"},"query-input":{"@type":"PropertyValueSpecification","valueRequired":true,"valueName":"search_term_string"}}],"inLanguage":"es"}]}},"_links":{"self":[{"href":"https:\/\/dara.aragon.es\/dara\/sijena\/wp-json\/wp\/v2\/pages\/1358","targetHints":{"allow":["GET"]}}],"collection":[{"href":"https:\/\/dara.aragon.es\/dara\/sijena\/wp-json\/wp\/v2\/pages"}],"about":[{"href":"https:\/\/dara.aragon.es\/dara\/sijena\/wp-json\/wp\/v2\/types\/page"}],"author":[{"embeddable":true,"href":"https:\/\/dara.aragon.es\/dara\/sijena\/wp-json\/wp\/v2\/users\/2"}],"replies":[{"embeddable":true,"href":"https:\/\/dara.aragon.es\/dara\/sijena\/wp-json\/wp\/v2\/comments?post=1358"}],"version-history":[{"count":28,"href":"https:\/\/dara.aragon.es\/dara\/sijena\/wp-json\/wp\/v2\/pages\/1358\/revisions"}],"predecessor-version":[{"id":3946,"href":"https:\/\/dara.aragon.es\/dara\/sijena\/wp-json\/wp\/v2\/pages\/1358\/revisions\/3946"}],"wp:featuredmedia":[{"embeddable":true,"href":"https:\/\/dara.aragon.es\/dara\/sijena\/wp-json\/wp\/v2\/media\/1430"}],"wp:attachment":[{"href":"https:\/\/dara.aragon.es\/dara\/sijena\/wp-json\/wp\/v2\/media?parent=1358"}],"curies":[{"name":"wp","href":"https:\/\/api.w.org\/{rel}","templated":true}]}}