{"id":1481,"date":"2023-07-26T18:44:43","date_gmt":"2023-07-26T18:44:43","guid":{"rendered":"https:\/\/dara.aragon.es\/dara\/sijena\/?page_id=1481"},"modified":"2024-06-06T09:34:13","modified_gmt":"2024-06-06T09:34:13","slug":"maria-francisca-ric-y-pueyo-1795-1819","status":"publish","type":"page","link":"https:\/\/dara.aragon.es\/dara\/sijena\/maria-francisca-ric-y-pueyo-1795-1819\/","title":{"rendered":"Mar\u00eda Francisca Ric y Pueyo (1795-1819)"},"content":{"rendered":"<p>[et_pb_section fb_built=\u00bb1&#8243; fullwidth=\u00bbon\u00bb admin_label=\u00bbHeader Section\u00bb _builder_version=\u00bb4.20.2&#8243; background_color=\u00bb#0D3857&#8243; background_enable_image=\u00bboff\u00bb parallax=\u00bbon\u00bb custom_padding=\u00bb|||\u00bb saved_tabs=\u00bball\u00bb locked=\u00bboff\u00bb global_colors_info=\u00bb{}\u00bb][et_pb_fullwidth_header title=\u00bbLAS PRIORAS DE SIGENA:\u00bb subhead=\u00bbMar\u00eda Francisca Ric y Pueyo (1795-1819)\u00bb text_orientation=\u00bbcenter\u00bb background_overlay_color=\u00bbrgba(0,0,0,0.4)\u00bb admin_label=\u00bbContents\u00bb _builder_version=\u00bb4.25.1&#8243; title_font=\u00bbOswald|||on|\u00bb title_text_align=\u00bbcenter\u00bb title_font_size=\u00bb38px\u00bb title_letter_spacing=\u00bb0.05em\u00bb title_line_height=\u00bb1.5em\u00bb content_font=\u00bb||||||||\u00bb subhead_font=\u00bbNunito|600||on|||||\u00bb subhead_font_size=\u00bb20px\u00bb subhead_line_height=\u00bb1.9em\u00bb background_color=\u00bbrgba(255, 255, 255, 0)\u00bb background_enable_image=\u00bboff\u00bb parallax=\u00bbon\u00bb parallax_method=\u00bbon\u00bb custom_button_one=\u00bbon\u00bb button_one_text_size=\u00bb15px\u00bb button_one_bg_color=\u00bb#dca57d\u00bb button_one_border_width=\u00bb10px\u00bb button_one_border_color=\u00bb#dca57d\u00bb button_one_border_radius=\u00bb0px\u00bb button_one_letter_spacing=\u00bb3px\u00bb button_one_font=\u00bbOswald|||on|\u00bb button_one_use_icon=\u00bboff\u00bb custom_margin=\u00bb|||\u00bb custom_padding=\u00bb1%||1%||false|false\u00bb animation_style=\u00bbfade\u00bb animation_starting_opacity=\u00bb50%\u00bb animation_speed_curve=\u00bbease-in\u00bb title_font_size_tablet=\u00bb60px\u00bb title_font_size_phone=\u00bb40px\u00bb title_font_size_last_edited=\u00bbon|phone\u00bb button_one_border_color_hover=\u00bb#c99872&#8243; button_one_border_radius_hover=\u00bb0px\u00bb button_one_letter_spacing_hover=\u00bb3px\u00bb button_one_bg_color_hover=\u00bb#c99872&#8243; global_colors_info=\u00bb{}\u00bb button_one_text_size__hover_enabled=\u00bboff\u00bb button_two_text_size__hover_enabled=\u00bboff\u00bb button_one_text_color__hover_enabled=\u00bboff\u00bb button_two_text_color__hover_enabled=\u00bboff\u00bb button_one_border_width__hover_enabled=\u00bboff\u00bb button_two_border_width__hover_enabled=\u00bboff\u00bb button_one_border_color__hover_enabled=\u00bbon\u00bb button_one_border_color__hover=\u00bb#c99872&#8243; button_two_border_color__hover_enabled=\u00bboff\u00bb button_one_border_radius__hover_enabled=\u00bbon\u00bb button_one_border_radius__hover=\u00bb0px\u00bb button_two_border_radius__hover_enabled=\u00bboff\u00bb button_one_letter_spacing__hover_enabled=\u00bbon\u00bb button_one_letter_spacing__hover=\u00bb3px\u00bb button_two_letter_spacing__hover_enabled=\u00bboff\u00bb button_one_bg_color__hover_enabled=\u00bbon\u00bb button_one_bg_color__hover=\u00bb#c99872&#8243; button_two_bg_color__hover_enabled=\u00bboff\u00bb][\/et_pb_fullwidth_header][\/et_pb_section][et_pb_section fb_built=\u00bb1&#8243; _builder_version=\u00bb4.20.2&#8243; _module_preset=\u00bbdefault\u00bb global_colors_info=\u00bb{}\u00bb][et_pb_row column_structure=\u00bb2_5,3_5&#8243; _builder_version=\u00bb4.20.2&#8243; _module_preset=\u00bbdefault\u00bb global_colors_info=\u00bb{}\u00bb][et_pb_column type=\u00bb2_5&#8243; _builder_version=\u00bb4.20.2&#8243; _module_preset=\u00bbdefault\u00bb global_colors_info=\u00bb{}\u00bb][et_pb_image src=\u00bbhttps:\/\/dara.aragon.es\/dara\/sijena\/wp-content\/uploads\/sites\/5\/2023\/03\/ricypueyo.png\u00bb alt=\u00bbricypueyo\u00bb title_text=\u00bbricypueyo\u00bb align=\u00bbcenter\u00bb _builder_version=\u00bb4.20.2&#8243; _module_preset=\u00bbdefault\u00bb width=\u00bb80%\u00bb custom_padding=\u00bb|0px||||\u00bb global_colors_info=\u00bb{}\u00bb][\/et_pb_image][\/et_pb_column][et_pb_column type=\u00bb3_5&#8243; _builder_version=\u00bb4.20.2&#8243; _module_preset=\u00bbdefault\u00bb global_colors_info=\u00bb{}\u00bb][et_pb_text _builder_version=\u00bb4.20.2&#8243; _module_preset=\u00bbdefault\u00bb global_colors_info=\u00bb{}\u00bb]<\/p>\n<p style=\"text-align: justify\"><span>Mar\u00eda Francisca Ric Pueyo Egea Urri\u00e9s naci\u00f3 en Fonz hacia 1746, siendo sus padres Pascual Miguel Antonio Ric y Egea, primer bar\u00f3n de Valdeolivos,\u00a0 caballero de la orden de Calatrava, corregidor, gobernador y justicia mayor de la ciudad de Alca\u00f1iz y su corregimiento, y Mar\u00eda Francisca Pueyo y Urri\u00e9s, natural de Barbastro, vecinos ambos de la villa de Fonz. Entre otros hijos, adem\u00e1s de M\u00aa Francisca, tuvieron a Miguel Esteban Ric Pueyo Egea Urri\u00e9s, segundo bar\u00f3n de Valdeolivos y padre de Pedro Mar\u00eda Ric y Montserrat, Micaela Ric y Montserrat, Ana Ric y Montserrat y Antonia Ric y Montserrat. Las tres hermanas fueron religiosas en el monasterio de Sigena y las tres eran sobrinas carnales de M\u00aa Francisca Ric Pueyo-. Los abuelos paternos de do\u00f1a Francisca Ric fueron Miguel Ric Veian y Mar\u00eda Rosa de Egea, y los maternos, Jer\u00f3nimo Pueyo Garc\u00e9s y Eulalia Urri\u00e9s y Clavero. <\/span>De esta familia, se conserva una <a href=\"https:\/\/dara.aragon.es\/dara\/sijena\/correspondencia-de-las-religiosas\/\">rica correspondencia.<\/a><\/p>\n<p style=\"text-align: justify\"><span><\/span><\/p>\n<p style=\"text-align: justify\"><span>M\u00aa Francisca Ric Pueyo fue elegida priora conforme la Regla de Sigena establecida en la Consueta. Ocup\u00f3 este cargo desde el 15 de abril de 1795 al 18 de febrero de 1819. En 1792 se le ve tomando acuerdos juntamente con las dem\u00e1s monjas que compon\u00edan el Esguart sobre Manuel Pin\u00f3s y Lobera, prior y cura de almas del monasterio.<\/span><\/p>\n<p style=\"text-align: justify\">\n<p>[\/et_pb_text][\/et_pb_column][\/et_pb_row][et_pb_row _builder_version=\u00bb4.20.2&#8243; _module_preset=\u00bbdefault\u00bb global_colors_info=\u00bb{}\u00bb column_structure=\u00bb1_2,1_2&#8243; custom_padding=\u00bb||65px|||\u00bb][et_pb_column type=\u00bb1_2&#8243; _builder_version=\u00bb4.20.2&#8243; _module_preset=\u00bbdefault\u00bb global_colors_info=\u00bb{}\u00bb][et_pb_text _builder_version=\u00bb4.20.2&#8243; _module_preset=\u00bbdefault\u00bb global_colors_info=\u00bb{}\u00bb]<\/p>\n<p style=\"text-align: justify\"><span>Esta priora decidi\u00f3 emprender una importante reforma en el monasterio, que inclu\u00eda la destrucci\u00f3n de las dependencias m\u00e1s antiguas y construir un nuevo edificio proyectado por el arquitecto Francisco Rocha. Este ambicioso proyecto cont\u00f3 con la aprobaci\u00f3n de la Academia de Bellas Artes de San Fernando, cuyo informe se conserva, as\u00ed como 5 de los 9 planos enviados por Francisco Rocha para su aprobaci\u00f3n. En 1795 comenzaron los derribos y los trabajos previos, sin embargo debieron de suspenderse en octubre de ese mismo a\u00f1o debido al robo de los fondos con los cuales se iba a sufragar la obra. D\u00edas despu\u00e9s de perpetrado el robo la justicia se hizo con los ladrones, que fueron conducidos a Zaragoza para ser juzgados, aunque el regente de Arag\u00f3n Pedro Mar\u00eda Ric y Montserrat se abstuvo de estar presente por su relaci\u00f3n con la priora (era su sobrino). A resueltas del juicio se conden\u00f3 a ocho de ellos a muerte, mientras que a los otros tres a presidio, as\u00ed como a devolver el dinero robado mas no sabemos si este fue devuelto a la comunidad de religiosas.<\/span><\/p>\n<p style=\"text-align: justify\"><span>A d\u00eda de hoy el robo parece m\u00e1s providencial que tr\u00e1gico, pues gracias a la paralizaci\u00f3n de la reforma se ha conservado la traza rom\u00e1nica del edificio, pues de haberse completado la reforma se habr\u00eda destru\u00eddo para sustituirlo por un edificio m\u00e1s acorde a los gustos de la \u00e9poca.<\/span><span><\/span><\/p>\n<p style=\"text-align: justify\"><span>Pero aqu\u00ed no acabaron las tragedias para Mar\u00eda Francisca Ric y Pueyo, pues unos a\u00f1os despu\u00e9s, en el contexto de la Guerra de Independencia, los franceses atacaron el monasterio, expoliaron sus bienes y profanaron las tumbas reales. Durante el conflicto la comunidad religiosa debi\u00f3 abandonar el cenobio y refugiarse en diferentes pueblos ribagorzanos.<\/span><\/p>\n<p>[\/et_pb_text][et_pb_button button_url=\u00bbhttps:\/\/dara.aragon.es\/opac\/app\/results\/sixe?p=0&amp;q=francisca+ric&amp;ob=re:1&amp;vm=nv\u00bb button_text=\u00bbDOCUMENTOS SOBRE  FRANCISCA RIC Y PUEYO EN DARA \u00bb _builder_version=\u00bb4.25.1&#8243; _module_preset=\u00bbdefault\u00bb button_text_size=\u00bb16px\u00bb button_text_color=\u00bb#E09900&#8243; hover_enabled=\u00bb0&#8243; global_colors_info=\u00bb{}\u00bb sticky_enabled=\u00bb0&#8243;][\/et_pb_button][\/et_pb_column][et_pb_column type=\u00bb1_2&#8243; _builder_version=\u00bb4.20.2&#8243; _module_preset=\u00bbdefault\u00bb global_colors_info=\u00bb{}\u00bb][et_pb_image src=\u00bbhttps:\/\/dara.aragon.es\/dara\/sijena\/wp-content\/uploads\/sites\/5\/2023\/07\/ahphu-s-00052-0014-RECORTADA.jpeg\u00bb title_text=\u00bbAHPHU_S_00052_0014&#8243; align=\u00bbcenter\u00bb _builder_version=\u00bb4.20.2&#8243; _module_preset=\u00bbdefault\u00bb width=\u00bb80.9%\u00bb global_colors_info=\u00bb{}\u00bb][\/et_pb_image][et_pb_text _builder_version=\u00bb4.20.2&#8243; _module_preset=\u00bbdefault\u00bb width=\u00bb96.1%\u00bb custom_margin=\u00bb||14px|8px||\u00bb custom_padding=\u00bb|||0px||\u00bb global_colors_info=\u00bb{}\u00bb]<\/p>\n<p style=\"text-align: justify\">Expediente de limpieza de sangre de Mar\u00eda Francisca Ric y Pueyo (Archivo del Monasterio de Santa Mar\u00eda de Sigena)<\/p>\n<p>[\/et_pb_text][et_pb_button button_url=\u00bbhttps:\/\/dara.aragon.es\/opac\/app\/item\/sixev?p=0&amp;q=francisca+ric+y+pueyo&amp;ob=re:1&amp;vm=nv&amp;i=60885&#8243; button_text=\u00bbEXPEDIENTE EN DARA\u00bb _builder_version=\u00bb4.20.2&#8243; _module_preset=\u00bbdefault\u00bb button_text_size=\u00bb16px\u00bb button_text_color=\u00bb#E09900&#8243; button_border_width=\u00bb2px\u00bb button_border_radius=\u00bb3px\u00bb global_colors_info=\u00bb{}\u00bb][\/et_pb_button][\/et_pb_column][\/et_pb_row][et_pb_row _builder_version=\u00bb4.20.2&#8243; _module_preset=\u00bbdefault\u00bb width=\u00bb85.9%\u00bb custom_padding=\u00bb|0px||0px||\u00bb global_colors_info=\u00bb{}\u00bb][et_pb_column type=\u00bb4_4&#8243; _builder_version=\u00bb4.20.2&#8243; _module_preset=\u00bbdefault\u00bb global_colors_info=\u00bb{}\u00bb][et_pb_text _builder_version=\u00bb4.20.2&#8243; _module_preset=\u00bbdefault\u00bb text_font=\u00bbOswald||||||||\u00bb text_font_size=\u00bb13px\u00bb text_letter_spacing=\u00bb2px\u00bb text_line_height=\u00bb1.8em\u00bb custom_margin=\u00bb-21px|||||\u00bb global_colors_info=\u00bb{}\u00bb]<\/p>\n<h2 style=\"text-align: center\">BIBLIOGRAF\u00cdA<\/h2>\n<p>[\/et_pb_text][et_pb_text _builder_version=\u00bb4.20.2&#8243; _module_preset=\u00bbdefault\u00bb global_colors_info=\u00bb{}\u00bb]<\/p>\n<ul class=\"listaestilo\">\n<li style=\"text-align: justify\">Palac\u00edn Zueras, Mar\u00eda Cruz, \u00ab<a href=\"https:\/\/dialnet.unirioja.es\/servlet\/articulo?codigo=652111\">La priora de Sigena do\u00f1a Mar\u00eda Francisca Ric Pueyo y el robo de 1795<\/a>\u00ab,<span>\u00a0<\/span><i>Argensola<\/i>, 103, 1989, pp. 163-185.<\/li>\n<li style=\"text-align: justify\">Palac\u00edn Zueras, Mar\u00eda Cruz, \u00abEl Real Monasterio de Sijena y la Desamortizaci\u00f3n\u00bb,<span>\u00a0<\/span><i>Argensola<\/i>, 110, 1996, 169-195.<\/li>\n<li style=\"text-align: justify\">Palac\u00edn Zueras, Mar\u00eda Cruz, \u00abProyecto de reparaci\u00f3n del real monasterio de Sijena (1915)\u00bb,<span>\u00a0<\/span><i>Argensola<\/i>, 112, 1998-2002, pp. 259-268.<\/li>\n<\/ul>\n<p>[\/et_pb_text][\/et_pb_column][\/et_pb_row][et_pb_row _builder_version=\u00bb4.20.2&#8243; _module_preset=\u00bbdefault\u00bb custom_padding=\u00bb0px|||||\u00bb global_colors_info=\u00bb{}\u00bb][et_pb_column type=\u00bb4_4&#8243; _builder_version=\u00bb4.20.2&#8243; _module_preset=\u00bbdefault\u00bb global_colors_info=\u00bb{}\u00bb][et_pb_divider show_divider=\u00bboff\u00bb _builder_version=\u00bb4.20.2&#8243; _module_preset=\u00bbdefault\u00bb min_height=\u00bb0px\u00bb global_colors_info=\u00bb{}\u00bb][\/et_pb_divider][et_pb_button button_url=\u00bbhttps:\/\/dara.aragon.es\/dara\/sijena\/las-prioras\/\u00bb button_text=\u00bbVOLVER A LAS PRIORAS DE SIGENA\u00bb _builder_version=\u00bb4.20.2&#8243; _module_preset=\u00bbdefault\u00bb button_text_size=\u00bb16px\u00bb global_colors_info=\u00bb{}\u00bb][\/et_pb_button][\/et_pb_column][\/et_pb_row][\/et_pb_section]<\/p>\n","protected":false},"excerpt":{"rendered":"<p>Mar\u00eda Francisca Ric Pueyo Egea Urri\u00e9s naci\u00f3 en Fonz hacia 1746, siendo sus padres Pascual Miguel Antonio Ric y Egea, primer bar\u00f3n de Valdeolivos,\u00a0 caballero de la orden de Calatrava, corregidor, gobernador y justicia mayor de la ciudad de Alca\u00f1iz y su corregimiento, y Mar\u00eda Francisca Pueyo y Urri\u00e9s, natural de Barbastro, vecinos ambos de [&hellip;]<\/p>\n","protected":false},"author":2,"featured_media":539,"parent":0,"menu_order":0,"comment_status":"closed","ping_status":"closed","template":"","meta":{"_et_pb_use_builder":"on","_et_pb_old_content":"","_et_gb_content_width":"","footnotes":""},"class_list":["post-1481","page","type-page","status-publish","has-post-thumbnail","hentry"],"yoast_head":"<!-- This site is optimized with the Yoast SEO plugin v26.2 - https:\/\/yoast.com\/wordpress\/plugins\/seo\/ -->\n<title>Mar\u00eda Francisca Ric y Pueyo (1795-1819) - DARA-Sigena Virtual<\/title>\n<meta name=\"robots\" content=\"index, follow, max-snippet:-1, max-image-preview:large, max-video-preview:-1\" \/>\n<link rel=\"canonical\" href=\"https:\/\/dara.aragon.es\/dara\/sijena\/maria-francisca-ric-y-pueyo-1795-1819\/\" \/>\n<meta property=\"og:locale\" content=\"es_ES\" \/>\n<meta property=\"og:type\" content=\"article\" \/>\n<meta property=\"og:title\" content=\"Mar\u00eda Francisca Ric y Pueyo (1795-1819) - DARA-Sigena Virtual\" \/>\n<meta property=\"og:description\" content=\"Mar\u00eda Francisca Ric Pueyo Egea Urri\u00e9s naci\u00f3 en Fonz hacia 1746, siendo sus padres Pascual Miguel Antonio Ric y Egea, primer bar\u00f3n de Valdeolivos,\u00a0 caballero de la orden de Calatrava, corregidor, gobernador y justicia mayor de la ciudad de Alca\u00f1iz y su corregimiento, y Mar\u00eda Francisca Pueyo y Urri\u00e9s, natural de Barbastro, vecinos ambos de [&hellip;]\" \/>\n<meta property=\"og:url\" content=\"https:\/\/dara.aragon.es\/dara\/sijena\/maria-francisca-ric-y-pueyo-1795-1819\/\" \/>\n<meta property=\"og:site_name\" content=\"DARA-Sigena Virtual\" \/>\n<meta property=\"article:modified_time\" content=\"2024-06-06T09:34:13+00:00\" \/>\n<meta property=\"og:image\" content=\"https:\/\/dara.aragon.es\/dara\/sijena\/wp-content\/uploads\/sites\/5\/2023\/03\/ricypueyo.png\" \/>\n\t<meta property=\"og:image:width\" content=\"324\" \/>\n\t<meta property=\"og:image:height\" content=\"397\" \/>\n\t<meta property=\"og:image:type\" content=\"image\/png\" \/>\n<meta name=\"twitter:card\" content=\"summary_large_image\" \/>\n<meta name=\"twitter:label1\" content=\"Tiempo de lectura\" \/>\n\t<meta name=\"twitter:data1\" content=\"7 minutos\" \/>\n<script type=\"application\/ld+json\" class=\"yoast-schema-graph\">{\"@context\":\"https:\/\/schema.org\",\"@graph\":[{\"@type\":\"WebPage\",\"@id\":\"https:\/\/dara.aragon.es\/dara\/sijena\/maria-francisca-ric-y-pueyo-1795-1819\/\",\"url\":\"https:\/\/dara.aragon.es\/dara\/sijena\/maria-francisca-ric-y-pueyo-1795-1819\/\",\"name\":\"Mar\u00eda Francisca Ric y Pueyo (1795-1819) - DARA-Sigena Virtual\",\"isPartOf\":{\"@id\":\"https:\/\/dara.aragon.es\/dara\/sijena\/#website\"},\"primaryImageOfPage\":{\"@id\":\"https:\/\/dara.aragon.es\/dara\/sijena\/maria-francisca-ric-y-pueyo-1795-1819\/#primaryimage\"},\"image\":{\"@id\":\"https:\/\/dara.aragon.es\/dara\/sijena\/maria-francisca-ric-y-pueyo-1795-1819\/#primaryimage\"},\"thumbnailUrl\":\"https:\/\/dara.aragon.es\/dara\/sijena\/wp-content\/uploads\/sites\/5\/2023\/03\/ricypueyo.png\",\"datePublished\":\"2023-07-26T18:44:43+00:00\",\"dateModified\":\"2024-06-06T09:34:13+00:00\",\"breadcrumb\":{\"@id\":\"https:\/\/dara.aragon.es\/dara\/sijena\/maria-francisca-ric-y-pueyo-1795-1819\/#breadcrumb\"},\"inLanguage\":\"es\",\"potentialAction\":[{\"@type\":\"ReadAction\",\"target\":[\"https:\/\/dara.aragon.es\/dara\/sijena\/maria-francisca-ric-y-pueyo-1795-1819\/\"]}]},{\"@type\":\"ImageObject\",\"inLanguage\":\"es\",\"@id\":\"https:\/\/dara.aragon.es\/dara\/sijena\/maria-francisca-ric-y-pueyo-1795-1819\/#primaryimage\",\"url\":\"https:\/\/dara.aragon.es\/dara\/sijena\/wp-content\/uploads\/sites\/5\/2023\/03\/ricypueyo.png\",\"contentUrl\":\"https:\/\/dara.aragon.es\/dara\/sijena\/wp-content\/uploads\/sites\/5\/2023\/03\/ricypueyo.png\",\"width\":324,\"height\":397,\"caption\":\"ricypueyo\"},{\"@type\":\"BreadcrumbList\",\"@id\":\"https:\/\/dara.aragon.es\/dara\/sijena\/maria-francisca-ric-y-pueyo-1795-1819\/#breadcrumb\",\"itemListElement\":[{\"@type\":\"ListItem\",\"position\":1,\"name\":\"Portada\",\"item\":\"https:\/\/dara.aragon.es\/dara\/sijena\/\"},{\"@type\":\"ListItem\",\"position\":2,\"name\":\"Mar\u00eda Francisca Ric y Pueyo (1795-1819)\"}]},{\"@type\":\"WebSite\",\"@id\":\"https:\/\/dara.aragon.es\/dara\/sijena\/#website\",\"url\":\"https:\/\/dara.aragon.es\/dara\/sijena\/\",\"name\":\"DARA-Sigena Virtual\",\"description\":\"Sigena\",\"potentialAction\":[{\"@type\":\"SearchAction\",\"target\":{\"@type\":\"EntryPoint\",\"urlTemplate\":\"https:\/\/dara.aragon.es\/dara\/sijena\/?s={search_term_string}\"},\"query-input\":{\"@type\":\"PropertyValueSpecification\",\"valueRequired\":true,\"valueName\":\"search_term_string\"}}],\"inLanguage\":\"es\"}]}<\/script>\n<!-- \/ Yoast SEO plugin. -->","yoast_head_json":{"title":"Mar\u00eda Francisca Ric y Pueyo (1795-1819) - DARA-Sigena Virtual","robots":{"index":"index","follow":"follow","max-snippet":"max-snippet:-1","max-image-preview":"max-image-preview:large","max-video-preview":"max-video-preview:-1"},"canonical":"https:\/\/dara.aragon.es\/dara\/sijena\/maria-francisca-ric-y-pueyo-1795-1819\/","og_locale":"es_ES","og_type":"article","og_title":"Mar\u00eda Francisca Ric y Pueyo (1795-1819) - DARA-Sigena Virtual","og_description":"Mar\u00eda Francisca Ric Pueyo Egea Urri\u00e9s naci\u00f3 en Fonz hacia 1746, siendo sus padres Pascual Miguel Antonio Ric y Egea, primer bar\u00f3n de Valdeolivos,\u00a0 caballero de la orden de Calatrava, corregidor, gobernador y justicia mayor de la ciudad de Alca\u00f1iz y su corregimiento, y Mar\u00eda Francisca Pueyo y Urri\u00e9s, natural de Barbastro, vecinos ambos de [&hellip;]","og_url":"https:\/\/dara.aragon.es\/dara\/sijena\/maria-francisca-ric-y-pueyo-1795-1819\/","og_site_name":"DARA-Sigena Virtual","article_modified_time":"2024-06-06T09:34:13+00:00","og_image":[{"width":324,"height":397,"url":"https:\/\/dara.aragon.es\/dara\/sijena\/wp-content\/uploads\/sites\/5\/2023\/03\/ricypueyo.png","type":"image\/png"}],"twitter_card":"summary_large_image","twitter_misc":{"Tiempo de lectura":"7 minutos"},"schema":{"@context":"https:\/\/schema.org","@graph":[{"@type":"WebPage","@id":"https:\/\/dara.aragon.es\/dara\/sijena\/maria-francisca-ric-y-pueyo-1795-1819\/","url":"https:\/\/dara.aragon.es\/dara\/sijena\/maria-francisca-ric-y-pueyo-1795-1819\/","name":"Mar\u00eda Francisca Ric y Pueyo (1795-1819) - DARA-Sigena Virtual","isPartOf":{"@id":"https:\/\/dara.aragon.es\/dara\/sijena\/#website"},"primaryImageOfPage":{"@id":"https:\/\/dara.aragon.es\/dara\/sijena\/maria-francisca-ric-y-pueyo-1795-1819\/#primaryimage"},"image":{"@id":"https:\/\/dara.aragon.es\/dara\/sijena\/maria-francisca-ric-y-pueyo-1795-1819\/#primaryimage"},"thumbnailUrl":"https:\/\/dara.aragon.es\/dara\/sijena\/wp-content\/uploads\/sites\/5\/2023\/03\/ricypueyo.png","datePublished":"2023-07-26T18:44:43+00:00","dateModified":"2024-06-06T09:34:13+00:00","breadcrumb":{"@id":"https:\/\/dara.aragon.es\/dara\/sijena\/maria-francisca-ric-y-pueyo-1795-1819\/#breadcrumb"},"inLanguage":"es","potentialAction":[{"@type":"ReadAction","target":["https:\/\/dara.aragon.es\/dara\/sijena\/maria-francisca-ric-y-pueyo-1795-1819\/"]}]},{"@type":"ImageObject","inLanguage":"es","@id":"https:\/\/dara.aragon.es\/dara\/sijena\/maria-francisca-ric-y-pueyo-1795-1819\/#primaryimage","url":"https:\/\/dara.aragon.es\/dara\/sijena\/wp-content\/uploads\/sites\/5\/2023\/03\/ricypueyo.png","contentUrl":"https:\/\/dara.aragon.es\/dara\/sijena\/wp-content\/uploads\/sites\/5\/2023\/03\/ricypueyo.png","width":324,"height":397,"caption":"ricypueyo"},{"@type":"BreadcrumbList","@id":"https:\/\/dara.aragon.es\/dara\/sijena\/maria-francisca-ric-y-pueyo-1795-1819\/#breadcrumb","itemListElement":[{"@type":"ListItem","position":1,"name":"Portada","item":"https:\/\/dara.aragon.es\/dara\/sijena\/"},{"@type":"ListItem","position":2,"name":"Mar\u00eda Francisca Ric y Pueyo (1795-1819)"}]},{"@type":"WebSite","@id":"https:\/\/dara.aragon.es\/dara\/sijena\/#website","url":"https:\/\/dara.aragon.es\/dara\/sijena\/","name":"DARA-Sigena Virtual","description":"Sigena","potentialAction":[{"@type":"SearchAction","target":{"@type":"EntryPoint","urlTemplate":"https:\/\/dara.aragon.es\/dara\/sijena\/?s={search_term_string}"},"query-input":{"@type":"PropertyValueSpecification","valueRequired":true,"valueName":"search_term_string"}}],"inLanguage":"es"}]}},"_links":{"self":[{"href":"https:\/\/dara.aragon.es\/dara\/sijena\/wp-json\/wp\/v2\/pages\/1481","targetHints":{"allow":["GET"]}}],"collection":[{"href":"https:\/\/dara.aragon.es\/dara\/sijena\/wp-json\/wp\/v2\/pages"}],"about":[{"href":"https:\/\/dara.aragon.es\/dara\/sijena\/wp-json\/wp\/v2\/types\/page"}],"author":[{"embeddable":true,"href":"https:\/\/dara.aragon.es\/dara\/sijena\/wp-json\/wp\/v2\/users\/2"}],"replies":[{"embeddable":true,"href":"https:\/\/dara.aragon.es\/dara\/sijena\/wp-json\/wp\/v2\/comments?post=1481"}],"version-history":[{"count":22,"href":"https:\/\/dara.aragon.es\/dara\/sijena\/wp-json\/wp\/v2\/pages\/1481\/revisions"}],"predecessor-version":[{"id":3747,"href":"https:\/\/dara.aragon.es\/dara\/sijena\/wp-json\/wp\/v2\/pages\/1481\/revisions\/3747"}],"wp:featuredmedia":[{"embeddable":true,"href":"https:\/\/dara.aragon.es\/dara\/sijena\/wp-json\/wp\/v2\/media\/539"}],"wp:attachment":[{"href":"https:\/\/dara.aragon.es\/dara\/sijena\/wp-json\/wp\/v2\/media?parent=1481"}],"curies":[{"name":"wp","href":"https:\/\/api.w.org\/{rel}","templated":true}]}}