{"id":2172,"date":"2023-09-14T11:06:59","date_gmt":"2023-09-14T11:06:59","guid":{"rendered":"https:\/\/dara.aragon.es\/dara\/sijena\/?page_id=2172"},"modified":"2024-06-06T07:16:36","modified_gmt":"2024-06-06T07:16:36","slug":"urraca-artal-cornel","status":"publish","type":"page","link":"https:\/\/dara.aragon.es\/dara\/sijena\/urraca-artal-cornel\/","title":{"rendered":"Urraca Artal Cornel"},"content":{"rendered":"<p>[et_pb_section fb_built=\u00bb1&#8243; fullwidth=\u00bbon\u00bb admin_label=\u00bbHeader Section\u00bb _builder_version=\u00bb4.20.2&#8243; custom_padding=\u00bb|||\u00bb saved_tabs=\u00bball\u00bb locked=\u00bboff\u00bb global_colors_info=\u00bb{}\u00bb background_color=\u00bb#0D3857&#8243; background_enable_image=\u00bboff\u00bb parallax=\u00bbon\u00bb][et_pb_fullwidth_header title=\u00bbLAS PRIORAS DE SIGENA:\u00bb subhead=\u00bbURRACA ARTAL CORNEL (1347-1357)\u00bb text_orientation=\u00bbcenter\u00bb background_overlay_color=\u00bbrgba(0,0,0,0.4)\u00bb admin_label=\u00bbContents\u00bb _builder_version=\u00bb4.25.1&#8243; title_font=\u00bbOswald|||on|\u00bb title_text_align=\u00bbcenter\u00bb title_font_size=\u00bb38px\u00bb title_letter_spacing=\u00bb0.05em\u00bb title_line_height=\u00bb1.5em\u00bb subhead_font=\u00bbNunito|600|||||||\u00bb subhead_font_size=\u00bb20px\u00bb subhead_line_height=\u00bb1.9em\u00bb background_color=\u00bbrgba(255, 255, 255, 0)\u00bb background_enable_image=\u00bboff\u00bb parallax=\u00bbon\u00bb parallax_method=\u00bbon\u00bb custom_button_one=\u00bbon\u00bb button_one_text_size=\u00bb15px\u00bb button_one_bg_color=\u00bb#dca57d\u00bb button_one_border_width=\u00bb10px\u00bb button_one_border_color=\u00bb#dca57d\u00bb button_one_border_radius=\u00bb0px\u00bb button_one_letter_spacing=\u00bb3px\u00bb button_one_font=\u00bbOswald|||on|\u00bb button_one_use_icon=\u00bboff\u00bb custom_margin=\u00bb|||\u00bb custom_padding=\u00bb1%||1%||false|false\u00bb animation_style=\u00bbfade\u00bb animation_starting_opacity=\u00bb50%\u00bb animation_speed_curve=\u00bbease-in\u00bb title_font_size_tablet=\u00bb60px\u00bb title_font_size_phone=\u00bb40px\u00bb title_font_size_last_edited=\u00bbon|phone\u00bb button_one_border_color_hover=\u00bb#c99872&#8243; button_one_border_radius_hover=\u00bb0px\u00bb button_one_letter_spacing_hover=\u00bb3px\u00bb button_one_bg_color_hover=\u00bb#c99872&#8243; global_colors_info=\u00bb{}\u00bb button_one_text_size__hover_enabled=\u00bboff\u00bb button_two_text_size__hover_enabled=\u00bboff\u00bb button_one_text_color__hover_enabled=\u00bboff\u00bb button_two_text_color__hover_enabled=\u00bboff\u00bb button_one_border_width__hover_enabled=\u00bboff\u00bb button_two_border_width__hover_enabled=\u00bboff\u00bb button_one_border_color__hover_enabled=\u00bbon\u00bb button_one_border_color__hover=\u00bb#c99872&#8243; button_two_border_color__hover_enabled=\u00bboff\u00bb button_one_border_radius__hover_enabled=\u00bbon\u00bb button_one_border_radius__hover=\u00bb0px\u00bb button_two_border_radius__hover_enabled=\u00bboff\u00bb button_one_letter_spacing__hover_enabled=\u00bbon\u00bb button_one_letter_spacing__hover=\u00bb3px\u00bb button_two_letter_spacing__hover_enabled=\u00bboff\u00bb button_one_bg_color__hover_enabled=\u00bbon\u00bb button_one_bg_color__hover=\u00bb#c99872&#8243; button_two_bg_color__hover_enabled=\u00bboff\u00bb][\/et_pb_fullwidth_header][\/et_pb_section][et_pb_section fb_built=\u00bb1&#8243; _builder_version=\u00bb4.20.2&#8243; _module_preset=\u00bbdefault\u00bb global_colors_info=\u00bb{}\u00bb][et_pb_row column_structure=\u00bb1_3,2_3&#8243; _builder_version=\u00bb4.20.2&#8243; _module_preset=\u00bbdefault\u00bb custom_margin=\u00bb-23px|auto||483px||\u00bb global_colors_info=\u00bb{}\u00bb][et_pb_column type=\u00bb1_3&#8243; _builder_version=\u00bb4.20.2&#8243; _module_preset=\u00bbdefault\u00bb global_colors_info=\u00bb{}\u00bb][et_pb_gallery gallery_ids=\u00bb2178&#8243; posts_number=\u00bb1&#8243; orientation=\u00bbportrait\u00bb show_pagination=\u00bboff\u00bb _builder_version=\u00bb4.20.2&#8243; _module_preset=\u00bbdefault\u00bb title_text_align=\u00bbjustify\u00bb caption_text_align=\u00bbjustify\u00bb caption_text_color=\u00bb#0C71C3&#8243; caption_line_height=\u00bb20px\u00bb width=\u00bb114.32129514321295%\u00bb custom_margin=\u00bb8px|-181px|5px|-36px||\u00bb custom_padding=\u00bb|0px|0px|||\u00bb global_colors_info=\u00bb{}\u00bb][\/et_pb_gallery][\/et_pb_column][et_pb_column type=\u00bb2_3&#8243; _builder_version=\u00bb4.20.2&#8243; _module_preset=\u00bbdefault\u00bb global_colors_info=\u00bb{}\u00bb][et_pb_text _builder_version=\u00bb4.20.2&#8243; _module_preset=\u00bbdefault\u00bb global_colors_info=\u00bb{}\u00bb]<\/p>\n<p style=\"text-align: justify;\">Hija de Pedro Cornel y Urraca Artal de Luna, se incorpor\u00f3 a Sigena en 1298. Fue escogida personalmente por el papa Clemente VI tras la renuncia de su predecesora, la priora Blanca de Arag\u00f3n, un caso no previsto en la Regla de Sigena que les oblig\u00f3 a acudir a Roma. Su priorado coincidi\u00f3 con el Castell\u00e1n de Amposta Juan Fern\u00e1ndez de Heredia, al que tuvo que hacer frente en sus pretensiones de incrementar el control sobre las religiosas de Sigena.<\/p>\n<p style=\"text-align: justify;\">Cont\u00f3 siempre con el apoyo de su hermana, Mar\u00eda Xim\u00e9nez Cornel, que cas\u00f3 con el conde portugu\u00e9s de B\u00e1rcelos, bastardo del rey D. Dionis. Al enviudar, y tras pasar por el convento de Coimbra, se traslad\u00f3 a Sigena, donde falleci\u00f3 en 1355.<\/p>\n<p>&nbsp;<\/p>\n<p>[\/et_pb_text][et_pb_button button_url=\u00bbhttps:\/\/dara.aragon.es\/opac\/app\/results\/sixe?q=urraca+artal+cornel&#038;ob=os:0&#038;ft=person:Artal+Cornel,+Urraca+%28priora+de+Sigena%29&#8243; url_new_window=\u00bbon\u00bb button_text=\u00bbDOCUMENTOS SOBRE URRACA ARTAL CORNEL EN DARA\u00bb _builder_version=\u00bb4.20.2&#8243; _module_preset=\u00bbdefault\u00bb button_text_size=\u00bb16px\u00bb button_text_color=\u00bb#E09900&#8243; global_colors_info=\u00bb{}\u00bb][\/et_pb_button][\/et_pb_column][\/et_pb_row][et_pb_row _builder_version=\u00bb4.20.2&#8243; _module_preset=\u00bbdefault\u00bb global_colors_info=\u00bb{}\u00bb][et_pb_column type=\u00bb4_4&#8243; _builder_version=\u00bb4.20.2&#8243; _module_preset=\u00bbdefault\u00bb global_colors_info=\u00bb{}\u00bb][et_pb_divider show_divider=\u00bboff\u00bb _builder_version=\u00bb4.20.2&#8243; _module_preset=\u00bbdefault\u00bb custom_margin=\u00bb-30px|||||\u00bb custom_padding=\u00bb||10px|||\u00bb global_colors_info=\u00bb{}\u00bb][\/et_pb_divider][\/et_pb_column][\/et_pb_row][et_pb_row _builder_version=\u00bb4.20.2&#8243; _module_preset=\u00bbdefault\u00bb custom_padding=\u00bb0px|||||\u00bb global_colors_info=\u00bb{}\u00bb][et_pb_column type=\u00bb4_4&#8243; _builder_version=\u00bb4.20.2&#8243; _module_preset=\u00bbdefault\u00bb global_colors_info=\u00bb{}\u00bb][et_pb_text _builder_version=\u00bb4.20.2&#8243; _module_preset=\u00bbdefault\u00bb text_font=\u00bbOswald||||||||\u00bb text_font_size=\u00bb13px\u00bb text_letter_spacing=\u00bb1px\u00bb min_height=\u00bb16px\u00bb custom_margin=\u00bb-57px|||||\u00bb global_colors_info=\u00bb{}\u00bb]<\/p>\n<h2 style=\"text-align: center;\">BIBLIOGRAF\u00cdA<\/h2>\n<p>[\/et_pb_text][et_pb_text _builder_version=\u00bb4.20.2&#8243; _module_preset=\u00bbdefault\u00bb global_colors_info=\u00bb{}\u00bb]<\/p>\n<ul>\n<li style=\"text-align: justify;\">Pano y Ruata, Mariano de \u00ab<a href=\"https:\/\/plan.aragon.es\/FBA.nsf\/0\/817e78f7a432d6abc1256e15002b4155\/$FILE\/ATTD2LIL\/Las%20prioras%20Cornel.pdf\" target=\"_blank\" rel=\"noopener\">Las prioras Cornel de la real casa de Sigena<\/a>\u00ab, <em>Linajes de Arag\u00f3n<\/em>, tomo VII, n\u00fam. 11 (1916), pp. 201-207.<\/li>\n<li style=\"text-align: justify;\">Pano y Ruata, Mariano de \u00ab<a href=\"https:\/\/bibliotecavirtual.aragon.es\/i18n\/catalogo_imagenes\/grupo.cmd?path=3713132\" target=\"_blank\" rel=\"noopener\">Los Cornel en Sigena<\/a>\u00ab,\u00a0<em>Linajes de Arag\u00f3n<\/em>, tomo VII, n\u00fam. 8 (1916), pp. 141-145.<\/li>\n<\/ul>\n<p>[\/et_pb_text][et_pb_divider show_divider=\u00bboff\u00bb _builder_version=\u00bb4.20.2&#8243; _module_preset=\u00bbdefault\u00bb min_height=\u00bb0px\u00bb custom_margin=\u00bb||-36px|||\u00bb global_colors_info=\u00bb{}\u00bb][\/et_pb_divider][\/et_pb_column][\/et_pb_row][et_pb_row _builder_version=\u00bb4.20.2&#8243; _module_preset=\u00bbdefault\u00bb custom_padding=\u00bb0px||59px|||\u00bb global_colors_info=\u00bb{}\u00bb][et_pb_column type=\u00bb4_4&#8243; _builder_version=\u00bb4.20.2&#8243; _module_preset=\u00bbdefault\u00bb global_colors_info=\u00bb{}\u00bb][et_pb_button button_url=\u00bbhttps:\/\/dara.aragon.es\/dara\/sijena\/las-prioras\/\u00bb button_text=\u00bbVOLVER A LAS PRIORAS DE SIGENA\u00bb _builder_version=\u00bb4.20.2&#8243; _module_preset=\u00bbdefault\u00bb button_text_size=\u00bb16px\u00bb global_colors_info=\u00bb{}\u00bb][\/et_pb_button][\/et_pb_column][\/et_pb_row][\/et_pb_section]<\/p>\n","protected":false},"excerpt":{"rendered":"<p>Hija de Pedro Cornel y Urraca Artal de Luna, se incorpor\u00f3 a Sigena en 1298. Fue escogida personalmente por el papa Clemente VI tras la renuncia de su predecesora, la priora Blanca de Arag\u00f3n, un caso no previsto en la Regla de Sigena que les oblig\u00f3 a acudir a Roma. Su priorado coincidi\u00f3 con el [&hellip;]<\/p>\n","protected":false},"author":28,"featured_media":2178,"parent":0,"menu_order":0,"comment_status":"closed","ping_status":"closed","template":"","meta":{"_et_pb_use_builder":"on","_et_pb_old_content":"","_et_gb_content_width":"","footnotes":""},"class_list":["post-2172","page","type-page","status-publish","has-post-thumbnail","hentry"],"yoast_head":"<!-- This site is optimized with the Yoast SEO plugin v26.2 - https:\/\/yoast.com\/wordpress\/plugins\/seo\/ -->\n<title>Urraca Artal Cornel - DARA-Sigena Virtual<\/title>\n<meta name=\"robots\" content=\"index, follow, max-snippet:-1, max-image-preview:large, max-video-preview:-1\" \/>\n<link rel=\"canonical\" href=\"https:\/\/dara.aragon.es\/dara\/sijena\/urraca-artal-cornel\/\" \/>\n<meta property=\"og:locale\" content=\"es_ES\" \/>\n<meta property=\"og:type\" content=\"article\" \/>\n<meta property=\"og:title\" content=\"Urraca Artal Cornel - DARA-Sigena Virtual\" \/>\n<meta property=\"og:description\" content=\"Hija de Pedro Cornel y Urraca Artal de Luna, se incorpor\u00f3 a Sigena en 1298. Fue escogida personalmente por el papa Clemente VI tras la renuncia de su predecesora, la priora Blanca de Arag\u00f3n, un caso no previsto en la Regla de Sigena que les oblig\u00f3 a acudir a Roma. Su priorado coincidi\u00f3 con el [&hellip;]\" \/>\n<meta property=\"og:url\" content=\"https:\/\/dara.aragon.es\/dara\/sijena\/urraca-artal-cornel\/\" \/>\n<meta property=\"og:site_name\" content=\"DARA-Sigena Virtual\" \/>\n<meta property=\"article:modified_time\" content=\"2024-06-06T07:16:36+00:00\" \/>\n<meta property=\"og:image\" content=\"https:\/\/dara.aragon.es\/dara\/sijena\/wp-content\/uploads\/sites\/5\/2023\/09\/minAMS_P_00146.jpg-testamento-Maria-Jimenez-Cornel.jpg\" \/>\n\t<meta property=\"og:image:width\" content=\"400\" \/>\n\t<meta property=\"og:image:height\" content=\"299\" \/>\n\t<meta property=\"og:image:type\" content=\"image\/jpeg\" \/>\n<meta name=\"twitter:card\" content=\"summary_large_image\" \/>\n<meta name=\"twitter:label1\" content=\"Tiempo de lectura\" \/>\n\t<meta name=\"twitter:data1\" content=\"5 minutos\" \/>\n<script type=\"application\/ld+json\" class=\"yoast-schema-graph\">{\"@context\":\"https:\/\/schema.org\",\"@graph\":[{\"@type\":\"WebPage\",\"@id\":\"https:\/\/dara.aragon.es\/dara\/sijena\/urraca-artal-cornel\/\",\"url\":\"https:\/\/dara.aragon.es\/dara\/sijena\/urraca-artal-cornel\/\",\"name\":\"Urraca Artal Cornel - DARA-Sigena Virtual\",\"isPartOf\":{\"@id\":\"https:\/\/dara.aragon.es\/dara\/sijena\/#website\"},\"primaryImageOfPage\":{\"@id\":\"https:\/\/dara.aragon.es\/dara\/sijena\/urraca-artal-cornel\/#primaryimage\"},\"image\":{\"@id\":\"https:\/\/dara.aragon.es\/dara\/sijena\/urraca-artal-cornel\/#primaryimage\"},\"thumbnailUrl\":\"https:\/\/dara.aragon.es\/dara\/sijena\/wp-content\/uploads\/sites\/5\/2023\/09\/minAMS_P_00146.jpg-testamento-Maria-Jimenez-Cornel.jpg\",\"datePublished\":\"2023-09-14T11:06:59+00:00\",\"dateModified\":\"2024-06-06T07:16:36+00:00\",\"breadcrumb\":{\"@id\":\"https:\/\/dara.aragon.es\/dara\/sijena\/urraca-artal-cornel\/#breadcrumb\"},\"inLanguage\":\"es\",\"potentialAction\":[{\"@type\":\"ReadAction\",\"target\":[\"https:\/\/dara.aragon.es\/dara\/sijena\/urraca-artal-cornel\/\"]}]},{\"@type\":\"ImageObject\",\"inLanguage\":\"es\",\"@id\":\"https:\/\/dara.aragon.es\/dara\/sijena\/urraca-artal-cornel\/#primaryimage\",\"url\":\"https:\/\/dara.aragon.es\/dara\/sijena\/wp-content\/uploads\/sites\/5\/2023\/09\/minAMS_P_00146.jpg-testamento-Maria-Jimenez-Cornel.jpg\",\"contentUrl\":\"https:\/\/dara.aragon.es\/dara\/sijena\/wp-content\/uploads\/sites\/5\/2023\/09\/minAMS_P_00146.jpg-testamento-Maria-Jimenez-Cornel.jpg\",\"width\":400,\"height\":299,\"caption\":\"Nombra ejecutora testamentaria a su hermana, Urraca Artal Cornel, priora de Sigena, ordena finalizar su capilla funeraria y entrega al monasterio el lugar de Fuentes [de Ebro] para que sus rentas sufraguen el cumplimiento de sus \u00faltimas voluntades.\"},{\"@type\":\"BreadcrumbList\",\"@id\":\"https:\/\/dara.aragon.es\/dara\/sijena\/urraca-artal-cornel\/#breadcrumb\",\"itemListElement\":[{\"@type\":\"ListItem\",\"position\":1,\"name\":\"Portada\",\"item\":\"https:\/\/dara.aragon.es\/dara\/sijena\/\"},{\"@type\":\"ListItem\",\"position\":2,\"name\":\"Urraca Artal Cornel\"}]},{\"@type\":\"WebSite\",\"@id\":\"https:\/\/dara.aragon.es\/dara\/sijena\/#website\",\"url\":\"https:\/\/dara.aragon.es\/dara\/sijena\/\",\"name\":\"DARA-Sigena Virtual\",\"description\":\"Sigena\",\"potentialAction\":[{\"@type\":\"SearchAction\",\"target\":{\"@type\":\"EntryPoint\",\"urlTemplate\":\"https:\/\/dara.aragon.es\/dara\/sijena\/?s={search_term_string}\"},\"query-input\":{\"@type\":\"PropertyValueSpecification\",\"valueRequired\":true,\"valueName\":\"search_term_string\"}}],\"inLanguage\":\"es\"}]}<\/script>\n<!-- \/ Yoast SEO plugin. -->","yoast_head_json":{"title":"Urraca Artal Cornel - DARA-Sigena Virtual","robots":{"index":"index","follow":"follow","max-snippet":"max-snippet:-1","max-image-preview":"max-image-preview:large","max-video-preview":"max-video-preview:-1"},"canonical":"https:\/\/dara.aragon.es\/dara\/sijena\/urraca-artal-cornel\/","og_locale":"es_ES","og_type":"article","og_title":"Urraca Artal Cornel - DARA-Sigena Virtual","og_description":"Hija de Pedro Cornel y Urraca Artal de Luna, se incorpor\u00f3 a Sigena en 1298. Fue escogida personalmente por el papa Clemente VI tras la renuncia de su predecesora, la priora Blanca de Arag\u00f3n, un caso no previsto en la Regla de Sigena que les oblig\u00f3 a acudir a Roma. Su priorado coincidi\u00f3 con el [&hellip;]","og_url":"https:\/\/dara.aragon.es\/dara\/sijena\/urraca-artal-cornel\/","og_site_name":"DARA-Sigena Virtual","article_modified_time":"2024-06-06T07:16:36+00:00","og_image":[{"width":400,"height":299,"url":"https:\/\/dara.aragon.es\/dara\/sijena\/wp-content\/uploads\/sites\/5\/2023\/09\/minAMS_P_00146.jpg-testamento-Maria-Jimenez-Cornel.jpg","type":"image\/jpeg"}],"twitter_card":"summary_large_image","twitter_misc":{"Tiempo de lectura":"5 minutos"},"schema":{"@context":"https:\/\/schema.org","@graph":[{"@type":"WebPage","@id":"https:\/\/dara.aragon.es\/dara\/sijena\/urraca-artal-cornel\/","url":"https:\/\/dara.aragon.es\/dara\/sijena\/urraca-artal-cornel\/","name":"Urraca Artal Cornel - DARA-Sigena Virtual","isPartOf":{"@id":"https:\/\/dara.aragon.es\/dara\/sijena\/#website"},"primaryImageOfPage":{"@id":"https:\/\/dara.aragon.es\/dara\/sijena\/urraca-artal-cornel\/#primaryimage"},"image":{"@id":"https:\/\/dara.aragon.es\/dara\/sijena\/urraca-artal-cornel\/#primaryimage"},"thumbnailUrl":"https:\/\/dara.aragon.es\/dara\/sijena\/wp-content\/uploads\/sites\/5\/2023\/09\/minAMS_P_00146.jpg-testamento-Maria-Jimenez-Cornel.jpg","datePublished":"2023-09-14T11:06:59+00:00","dateModified":"2024-06-06T07:16:36+00:00","breadcrumb":{"@id":"https:\/\/dara.aragon.es\/dara\/sijena\/urraca-artal-cornel\/#breadcrumb"},"inLanguage":"es","potentialAction":[{"@type":"ReadAction","target":["https:\/\/dara.aragon.es\/dara\/sijena\/urraca-artal-cornel\/"]}]},{"@type":"ImageObject","inLanguage":"es","@id":"https:\/\/dara.aragon.es\/dara\/sijena\/urraca-artal-cornel\/#primaryimage","url":"https:\/\/dara.aragon.es\/dara\/sijena\/wp-content\/uploads\/sites\/5\/2023\/09\/minAMS_P_00146.jpg-testamento-Maria-Jimenez-Cornel.jpg","contentUrl":"https:\/\/dara.aragon.es\/dara\/sijena\/wp-content\/uploads\/sites\/5\/2023\/09\/minAMS_P_00146.jpg-testamento-Maria-Jimenez-Cornel.jpg","width":400,"height":299,"caption":"Nombra ejecutora testamentaria a su hermana, Urraca Artal Cornel, priora de Sigena, ordena finalizar su capilla funeraria y entrega al monasterio el lugar de Fuentes [de Ebro] para que sus rentas sufraguen el cumplimiento de sus \u00faltimas voluntades."},{"@type":"BreadcrumbList","@id":"https:\/\/dara.aragon.es\/dara\/sijena\/urraca-artal-cornel\/#breadcrumb","itemListElement":[{"@type":"ListItem","position":1,"name":"Portada","item":"https:\/\/dara.aragon.es\/dara\/sijena\/"},{"@type":"ListItem","position":2,"name":"Urraca Artal Cornel"}]},{"@type":"WebSite","@id":"https:\/\/dara.aragon.es\/dara\/sijena\/#website","url":"https:\/\/dara.aragon.es\/dara\/sijena\/","name":"DARA-Sigena Virtual","description":"Sigena","potentialAction":[{"@type":"SearchAction","target":{"@type":"EntryPoint","urlTemplate":"https:\/\/dara.aragon.es\/dara\/sijena\/?s={search_term_string}"},"query-input":{"@type":"PropertyValueSpecification","valueRequired":true,"valueName":"search_term_string"}}],"inLanguage":"es"}]}},"_links":{"self":[{"href":"https:\/\/dara.aragon.es\/dara\/sijena\/wp-json\/wp\/v2\/pages\/2172","targetHints":{"allow":["GET"]}}],"collection":[{"href":"https:\/\/dara.aragon.es\/dara\/sijena\/wp-json\/wp\/v2\/pages"}],"about":[{"href":"https:\/\/dara.aragon.es\/dara\/sijena\/wp-json\/wp\/v2\/types\/page"}],"author":[{"embeddable":true,"href":"https:\/\/dara.aragon.es\/dara\/sijena\/wp-json\/wp\/v2\/users\/28"}],"replies":[{"embeddable":true,"href":"https:\/\/dara.aragon.es\/dara\/sijena\/wp-json\/wp\/v2\/comments?post=2172"}],"version-history":[{"count":19,"href":"https:\/\/dara.aragon.es\/dara\/sijena\/wp-json\/wp\/v2\/pages\/2172\/revisions"}],"predecessor-version":[{"id":3729,"href":"https:\/\/dara.aragon.es\/dara\/sijena\/wp-json\/wp\/v2\/pages\/2172\/revisions\/3729"}],"wp:featuredmedia":[{"embeddable":true,"href":"https:\/\/dara.aragon.es\/dara\/sijena\/wp-json\/wp\/v2\/media\/2178"}],"wp:attachment":[{"href":"https:\/\/dara.aragon.es\/dara\/sijena\/wp-json\/wp\/v2\/media?parent=2172"}],"curies":[{"name":"wp","href":"https:\/\/api.w.org\/{rel}","templated":true}]}}