{"id":2702,"date":"2023-11-30T10:39:39","date_gmt":"2023-11-30T10:39:39","guid":{"rendered":"https:\/\/dara.aragon.es\/dara\/sijena\/?page_id=2702"},"modified":"2024-06-06T07:06:28","modified_gmt":"2024-06-06T07:06:28","slug":"presentacion-ibars-serrat-calvo-1952-1959","status":"publish","type":"page","link":"https:\/\/dara.aragon.es\/dara\/sijena\/presentacion-ibars-serrat-calvo-1952-1959\/","title":{"rendered":"Presentaci\u00f3n Ibars Serrat-Calvo (1952-1959)"},"content":{"rendered":"<p>[et_pb_section fb_built=\u00bb1&#8243; fullwidth=\u00bbon\u00bb admin_label=\u00bbHeader Section\u00bb _builder_version=\u00bb4.25.1&#8243; custom_padding=\u00bb|||\u00bb saved_tabs=\u00bball\u00bb locked=\u00bboff\u00bb global_colors_info=\u00bb{}\u00bb sticky_enabled=\u00bb0&#8243; background_color=\u00bb#0D3857&#8243; background_enable_image=\u00bboff\u00bb parallax=\u00bbon\u00bb hover_enabled=\u00bb0&#8243;][et_pb_fullwidth_header title=\u00bbLAS PRIORAS DE SIGENA:\u00bb subhead=\u00bbPRESENTACI\u00d3N IBARS SERRAT-CALVO (1952-1959)\u00bb text_orientation=\u00bbcenter\u00bb background_overlay_color=\u00bbrgba(0,0,0,0.4)\u00bb admin_label=\u00bbContents\u00bb _builder_version=\u00bb4.25.1&#8243; title_font=\u00bbOswald|||on|\u00bb title_text_align=\u00bbcenter\u00bb title_font_size=\u00bb38px\u00bb title_letter_spacing=\u00bb0.05em\u00bb title_line_height=\u00bb1.5em\u00bb subhead_font=\u00bbNunito|600|||||||\u00bb subhead_font_size=\u00bb20px\u00bb subhead_line_height=\u00bb1.9em\u00bb background_color=\u00bbrgba(255, 255, 255, 0)\u00bb background_enable_image=\u00bboff\u00bb parallax=\u00bbon\u00bb parallax_method=\u00bbon\u00bb custom_button_one=\u00bbon\u00bb button_one_text_size=\u00bb15px\u00bb button_one_bg_color=\u00bb#dca57d\u00bb button_one_border_width=\u00bb10px\u00bb button_one_border_color=\u00bb#dca57d\u00bb button_one_border_radius=\u00bb0px\u00bb button_one_letter_spacing=\u00bb3px\u00bb button_one_font=\u00bbOswald|||on|\u00bb button_one_use_icon=\u00bboff\u00bb custom_margin=\u00bb|||\u00bb custom_padding=\u00bb1%||1%||false|false\u00bb animation_style=\u00bbfade\u00bb animation_starting_opacity=\u00bb50%\u00bb animation_speed_curve=\u00bbease-in\u00bb title_font_size_tablet=\u00bb60px\u00bb title_font_size_phone=\u00bb40px\u00bb title_font_size_last_edited=\u00bbon|phone\u00bb button_one_border_color_hover=\u00bb#c99872&#8243; button_one_border_radius_hover=\u00bb0px\u00bb button_one_letter_spacing_hover=\u00bb3px\u00bb button_one_bg_color_hover=\u00bb#c99872&#8243; global_colors_info=\u00bb{}\u00bb button_one_text_size__hover_enabled=\u00bboff\u00bb button_two_text_size__hover_enabled=\u00bboff\u00bb button_one_text_color__hover_enabled=\u00bboff\u00bb button_two_text_color__hover_enabled=\u00bboff\u00bb button_one_border_width__hover_enabled=\u00bboff\u00bb button_two_border_width__hover_enabled=\u00bboff\u00bb button_one_border_color__hover_enabled=\u00bbon\u00bb button_one_border_color__hover=\u00bb#c99872&#8243; button_two_border_color__hover_enabled=\u00bboff\u00bb button_one_border_radius__hover_enabled=\u00bbon\u00bb button_one_border_radius__hover=\u00bb0px\u00bb button_two_border_radius__hover_enabled=\u00bboff\u00bb button_one_letter_spacing__hover_enabled=\u00bbon\u00bb button_one_letter_spacing__hover=\u00bb3px\u00bb button_two_letter_spacing__hover_enabled=\u00bboff\u00bb button_one_bg_color__hover_enabled=\u00bbon\u00bb button_one_bg_color__hover=\u00bb#c99872&#8243; button_two_bg_color__hover_enabled=\u00bboff\u00bb][\/et_pb_fullwidth_header][\/et_pb_section][et_pb_section fb_built=\u00bb1&#8243; _builder_version=\u00bb4.20.2&#8243; _module_preset=\u00bbdefault\u00bb global_colors_info=\u00bb{}\u00bb][et_pb_row _builder_version=\u00bb4.20.2&#8243; _module_preset=\u00bbdefault\u00bb custom_padding=\u00bb14px|||||\u00bb global_colors_info=\u00bb{}\u00bb][et_pb_column type=\u00bb4_4&#8243; _builder_version=\u00bb4.20.2&#8243; _module_preset=\u00bbdefault\u00bb global_colors_info=\u00bb{}\u00bb][et_pb_text _builder_version=\u00bb4.20.2&#8243; _module_preset=\u00bbdefault\u00bb global_colors_info=\u00bb{}\u00bb]<\/p>\n<p style=\"text-align: justify;\">Su nombre original era Teresa.\u00a0Natural de L\u00e9rida, qued\u00f3 hu\u00e9rfana muy joven y, a los 16 a\u00f1os, ingres\u00f3 en el monasterio de Sigena como escolana, influida por uno de sus tutores y por M\u00aa Pilar Samitier Coll, que por aquel entonces a\u00fan no hab\u00eda alcanzado el cargo de priora.<\/p>\n<p style=\"text-align: justify;\">En 1952, fue elegida priora por el convento y, hasta entonces, hab\u00eda ejercido el cargo de secretar\u00eda del monasterio, siguiendo el mismo <em>cursus honorum\u00a0<\/em>que su predecesora. Durante su estancia al frente de Sigena, continuaron las <a href=\"https:\/\/dara.aragon.es\/dara\/sijena\/las-restauraciones-de-sigena\/\">obras de restauraci\u00f3n<\/a> del monasterio. Pocos a\u00f1os despu\u00e9s, en 1959, falleci\u00f3, dando paso a la elecci\u00f3n de como nueva priora de Angelita Opi Colay.<\/p>\n<p style=\"text-align: justify;\">[\/et_pb_text][et_pb_divider show_divider=\u00bboff\u00bb _builder_version=\u00bb4.20.2&#8243; _module_preset=\u00bbdefault\u00bb custom_margin=\u00bb-13px|||||\u00bb global_colors_info=\u00bb{}\u00bb][\/et_pb_divider][\/et_pb_column][\/et_pb_row][et_pb_row _builder_version=\u00bb4.20.2&#8243; _module_preset=\u00bbdefault\u00bb width=\u00bb85.9%\u00bb custom_margin=\u00bb-52px|auto||auto||\u00bb custom_padding=\u00bb|0px||0px||\u00bb global_colors_info=\u00bb{}\u00bb][et_pb_column type=\u00bb4_4&#8243; _builder_version=\u00bb4.20.2&#8243; _module_preset=\u00bbdefault\u00bb global_colors_info=\u00bb{}\u00bb][et_pb_text _builder_version=\u00bb4.20.2&#8243; _module_preset=\u00bbdefault\u00bb text_font=\u00bb|600||on|||||\u00bb text_text_color=\u00bb#0C71C3&#8243; text_font_size=\u00bb18px\u00bb text_letter_spacing=\u00bb2px\u00bb text_line_height=\u00bb2.1em\u00bb header_text_color=\u00bb#0C71C3&#8243; header_2_font=\u00bbOswald||||||||\u00bb global_colors_info=\u00bb{}\u00bb]<\/p>\n<h2 style=\"text-align: center;\">BIBLIOGRAF\u00cdA<\/h2>\n<p>[\/et_pb_text][et_pb_text _builder_version=\u00bb4.20.2&#8243; _module_preset=\u00bbdefault\u00bb global_colors_info=\u00bb{}\u00bb]<\/p>\n<ul class=\"listaestilo\">\n<li style=\"text-align: justify;\">Palacios S\u00e1nchez, Juan Manuel .<span>\u00a0<\/span><a href=\"https:\/\/dialnet.unirioja.es\/servlet\/articulo?codigo=2112188\" target=\"_blank\" rel=\"noopener\">\u00abLas prioras del real y nobil\u00edsimo Monasterio de Sijena, desde 1930 a 1974\u00bb<\/a>,<span>\u00a0<\/span><em>Argensola: Revista de Ciencias Sociales del Instituto de Estudios Altoaragoneses<\/em>, 71-78 (1971-1974), pp. 53-70.<\/li>\n<\/ul>\n<p>[\/et_pb_text][\/et_pb_column][\/et_pb_row][et_pb_row _builder_version=\u00bb4.20.2&#8243; _module_preset=\u00bbdefault\u00bb custom_padding=\u00bb0px|||||\u00bb global_colors_info=\u00bb{}\u00bb][et_pb_column type=\u00bb4_4&#8243; _builder_version=\u00bb4.20.2&#8243; _module_preset=\u00bbdefault\u00bb global_colors_info=\u00bb{}\u00bb][et_pb_divider show_divider=\u00bboff\u00bb _builder_version=\u00bb4.20.2&#8243; _module_preset=\u00bbdefault\u00bb min_height=\u00bb0px\u00bb global_colors_info=\u00bb{}\u00bb][\/et_pb_divider][et_pb_button button_url=\u00bbhttps:\/\/dara.aragon.es\/dara\/sijena\/las-prioras\/\u00bb button_text=\u00bbVOLVER A LAS PRIORAS DE SIGENA\u00bb _builder_version=\u00bb4.20.2&#8243; _module_preset=\u00bbdefault\u00bb button_text_size=\u00bb16px\u00bb global_colors_info=\u00bb{}\u00bb][\/et_pb_button][\/et_pb_column][\/et_pb_row][\/et_pb_section]<\/p>\n","protected":false},"excerpt":{"rendered":"<p>Su nombre original era Teresa.\u00a0Natural de L\u00e9rida, qued\u00f3 hu\u00e9rfana muy joven y, a los 16 a\u00f1os, ingres\u00f3 en el monasterio de Sigena como escolana, influida por uno de sus tutores y por M\u00aa Pilar Samitier Coll, que por aquel entonces a\u00fan no hab\u00eda alcanzado el cargo de priora. En 1952, fue elegida priora por el [&hellip;]<\/p>\n","protected":false},"author":2,"featured_media":0,"parent":0,"menu_order":0,"comment_status":"closed","ping_status":"closed","template":"","meta":{"_et_pb_use_builder":"on","_et_pb_old_content":"","_et_gb_content_width":"","footnotes":""},"class_list":["post-2702","page","type-page","status-publish","hentry"],"yoast_head":"<!-- This site is optimized with the Yoast SEO plugin v26.2 - https:\/\/yoast.com\/wordpress\/plugins\/seo\/ -->\n<title>Presentaci\u00f3n Ibars Serrat-Calvo (1952-1959) - DARA-Sigena Virtual<\/title>\n<meta name=\"robots\" content=\"index, follow, max-snippet:-1, max-image-preview:large, max-video-preview:-1\" \/>\n<link rel=\"canonical\" href=\"https:\/\/dara.aragon.es\/dara\/sijena\/presentacion-ibars-serrat-calvo-1952-1959\/\" \/>\n<meta property=\"og:locale\" content=\"es_ES\" \/>\n<meta property=\"og:type\" content=\"article\" \/>\n<meta property=\"og:title\" content=\"Presentaci\u00f3n Ibars Serrat-Calvo (1952-1959) - DARA-Sigena Virtual\" \/>\n<meta property=\"og:description\" content=\"Su nombre original era Teresa.\u00a0Natural de L\u00e9rida, qued\u00f3 hu\u00e9rfana muy joven y, a los 16 a\u00f1os, ingres\u00f3 en el monasterio de Sigena como escolana, influida por uno de sus tutores y por M\u00aa Pilar Samitier Coll, que por aquel entonces a\u00fan no hab\u00eda alcanzado el cargo de priora. En 1952, fue elegida priora por el [&hellip;]\" \/>\n<meta property=\"og:url\" content=\"https:\/\/dara.aragon.es\/dara\/sijena\/presentacion-ibars-serrat-calvo-1952-1959\/\" \/>\n<meta property=\"og:site_name\" content=\"DARA-Sigena Virtual\" \/>\n<meta property=\"article:modified_time\" content=\"2024-06-06T07:06:28+00:00\" \/>\n<meta name=\"twitter:card\" content=\"summary_large_image\" \/>\n<meta name=\"twitter:label1\" content=\"Tiempo de lectura\" \/>\n\t<meta name=\"twitter:data1\" content=\"4 minutos\" \/>\n<script type=\"application\/ld+json\" class=\"yoast-schema-graph\">{\"@context\":\"https:\/\/schema.org\",\"@graph\":[{\"@type\":\"WebPage\",\"@id\":\"https:\/\/dara.aragon.es\/dara\/sijena\/presentacion-ibars-serrat-calvo-1952-1959\/\",\"url\":\"https:\/\/dara.aragon.es\/dara\/sijena\/presentacion-ibars-serrat-calvo-1952-1959\/\",\"name\":\"Presentaci\u00f3n Ibars Serrat-Calvo (1952-1959) - DARA-Sigena Virtual\",\"isPartOf\":{\"@id\":\"https:\/\/dara.aragon.es\/dara\/sijena\/#website\"},\"datePublished\":\"2023-11-30T10:39:39+00:00\",\"dateModified\":\"2024-06-06T07:06:28+00:00\",\"breadcrumb\":{\"@id\":\"https:\/\/dara.aragon.es\/dara\/sijena\/presentacion-ibars-serrat-calvo-1952-1959\/#breadcrumb\"},\"inLanguage\":\"es\",\"potentialAction\":[{\"@type\":\"ReadAction\",\"target\":[\"https:\/\/dara.aragon.es\/dara\/sijena\/presentacion-ibars-serrat-calvo-1952-1959\/\"]}]},{\"@type\":\"BreadcrumbList\",\"@id\":\"https:\/\/dara.aragon.es\/dara\/sijena\/presentacion-ibars-serrat-calvo-1952-1959\/#breadcrumb\",\"itemListElement\":[{\"@type\":\"ListItem\",\"position\":1,\"name\":\"Portada\",\"item\":\"https:\/\/dara.aragon.es\/dara\/sijena\/\"},{\"@type\":\"ListItem\",\"position\":2,\"name\":\"Presentaci\u00f3n Ibars Serrat-Calvo (1952-1959)\"}]},{\"@type\":\"WebSite\",\"@id\":\"https:\/\/dara.aragon.es\/dara\/sijena\/#website\",\"url\":\"https:\/\/dara.aragon.es\/dara\/sijena\/\",\"name\":\"DARA-Sigena Virtual\",\"description\":\"Sigena\",\"potentialAction\":[{\"@type\":\"SearchAction\",\"target\":{\"@type\":\"EntryPoint\",\"urlTemplate\":\"https:\/\/dara.aragon.es\/dara\/sijena\/?s={search_term_string}\"},\"query-input\":{\"@type\":\"PropertyValueSpecification\",\"valueRequired\":true,\"valueName\":\"search_term_string\"}}],\"inLanguage\":\"es\"}]}<\/script>\n<!-- \/ Yoast SEO plugin. -->","yoast_head_json":{"title":"Presentaci\u00f3n Ibars Serrat-Calvo (1952-1959) - DARA-Sigena Virtual","robots":{"index":"index","follow":"follow","max-snippet":"max-snippet:-1","max-image-preview":"max-image-preview:large","max-video-preview":"max-video-preview:-1"},"canonical":"https:\/\/dara.aragon.es\/dara\/sijena\/presentacion-ibars-serrat-calvo-1952-1959\/","og_locale":"es_ES","og_type":"article","og_title":"Presentaci\u00f3n Ibars Serrat-Calvo (1952-1959) - DARA-Sigena Virtual","og_description":"Su nombre original era Teresa.\u00a0Natural de L\u00e9rida, qued\u00f3 hu\u00e9rfana muy joven y, a los 16 a\u00f1os, ingres\u00f3 en el monasterio de Sigena como escolana, influida por uno de sus tutores y por M\u00aa Pilar Samitier Coll, que por aquel entonces a\u00fan no hab\u00eda alcanzado el cargo de priora. En 1952, fue elegida priora por el [&hellip;]","og_url":"https:\/\/dara.aragon.es\/dara\/sijena\/presentacion-ibars-serrat-calvo-1952-1959\/","og_site_name":"DARA-Sigena Virtual","article_modified_time":"2024-06-06T07:06:28+00:00","twitter_card":"summary_large_image","twitter_misc":{"Tiempo de lectura":"4 minutos"},"schema":{"@context":"https:\/\/schema.org","@graph":[{"@type":"WebPage","@id":"https:\/\/dara.aragon.es\/dara\/sijena\/presentacion-ibars-serrat-calvo-1952-1959\/","url":"https:\/\/dara.aragon.es\/dara\/sijena\/presentacion-ibars-serrat-calvo-1952-1959\/","name":"Presentaci\u00f3n Ibars Serrat-Calvo (1952-1959) - DARA-Sigena Virtual","isPartOf":{"@id":"https:\/\/dara.aragon.es\/dara\/sijena\/#website"},"datePublished":"2023-11-30T10:39:39+00:00","dateModified":"2024-06-06T07:06:28+00:00","breadcrumb":{"@id":"https:\/\/dara.aragon.es\/dara\/sijena\/presentacion-ibars-serrat-calvo-1952-1959\/#breadcrumb"},"inLanguage":"es","potentialAction":[{"@type":"ReadAction","target":["https:\/\/dara.aragon.es\/dara\/sijena\/presentacion-ibars-serrat-calvo-1952-1959\/"]}]},{"@type":"BreadcrumbList","@id":"https:\/\/dara.aragon.es\/dara\/sijena\/presentacion-ibars-serrat-calvo-1952-1959\/#breadcrumb","itemListElement":[{"@type":"ListItem","position":1,"name":"Portada","item":"https:\/\/dara.aragon.es\/dara\/sijena\/"},{"@type":"ListItem","position":2,"name":"Presentaci\u00f3n Ibars Serrat-Calvo (1952-1959)"}]},{"@type":"WebSite","@id":"https:\/\/dara.aragon.es\/dara\/sijena\/#website","url":"https:\/\/dara.aragon.es\/dara\/sijena\/","name":"DARA-Sigena Virtual","description":"Sigena","potentialAction":[{"@type":"SearchAction","target":{"@type":"EntryPoint","urlTemplate":"https:\/\/dara.aragon.es\/dara\/sijena\/?s={search_term_string}"},"query-input":{"@type":"PropertyValueSpecification","valueRequired":true,"valueName":"search_term_string"}}],"inLanguage":"es"}]}},"_links":{"self":[{"href":"https:\/\/dara.aragon.es\/dara\/sijena\/wp-json\/wp\/v2\/pages\/2702","targetHints":{"allow":["GET"]}}],"collection":[{"href":"https:\/\/dara.aragon.es\/dara\/sijena\/wp-json\/wp\/v2\/pages"}],"about":[{"href":"https:\/\/dara.aragon.es\/dara\/sijena\/wp-json\/wp\/v2\/types\/page"}],"author":[{"embeddable":true,"href":"https:\/\/dara.aragon.es\/dara\/sijena\/wp-json\/wp\/v2\/users\/2"}],"replies":[{"embeddable":true,"href":"https:\/\/dara.aragon.es\/dara\/sijena\/wp-json\/wp\/v2\/comments?post=2702"}],"version-history":[{"count":14,"href":"https:\/\/dara.aragon.es\/dara\/sijena\/wp-json\/wp\/v2\/pages\/2702\/revisions"}],"predecessor-version":[{"id":3706,"href":"https:\/\/dara.aragon.es\/dara\/sijena\/wp-json\/wp\/v2\/pages\/2702\/revisions\/3706"}],"wp:attachment":[{"href":"https:\/\/dara.aragon.es\/dara\/sijena\/wp-json\/wp\/v2\/media?parent=2702"}],"curies":[{"name":"wp","href":"https:\/\/api.w.org\/{rel}","templated":true}]}}