{"id":2726,"date":"2023-11-30T14:02:35","date_gmt":"2023-11-30T14:02:35","guid":{"rendered":"https:\/\/dara.aragon.es\/dara\/sijena\/?page_id=2726"},"modified":"2024-06-06T07:15:25","modified_gmt":"2024-06-06T07:15:25","slug":"maria-de-urrea-1510-1521","status":"publish","type":"page","link":"https:\/\/dara.aragon.es\/dara\/sijena\/maria-de-urrea-1510-1521\/","title":{"rendered":"Mar\u00eda de Urrea (1510-1521)"},"content":{"rendered":"<p>[et_pb_section fb_built=\u00bb1&#8243; fullwidth=\u00bbon\u00bb admin_label=\u00bbHeader Section\u00bb _builder_version=\u00bb4.20.2&#8243; custom_padding=\u00bb|||\u00bb saved_tabs=\u00bball\u00bb locked=\u00bboff\u00bb global_colors_info=\u00bb{}\u00bb background_color=\u00bb#0D3857&#8243; background_enable_image=\u00bboff\u00bb parallax=\u00bbon\u00bb][et_pb_fullwidth_header title=\u00bbLAS PRIORAS DE SIGENA:\u00bb subhead=\u00bbMar\u00eda de Urrea (1510-1521)\u00bb text_orientation=\u00bbcenter\u00bb background_overlay_color=\u00bbrgba(0,0,0,0.4)\u00bb admin_label=\u00bbContents\u00bb _builder_version=\u00bb4.25.1&#8243; title_font=\u00bbOswald|||on|\u00bb title_text_align=\u00bbcenter\u00bb title_font_size=\u00bb38px\u00bb title_letter_spacing=\u00bb0.05em\u00bb title_line_height=\u00bb1.5em\u00bb subhead_font=\u00bbNunito|600||on|||||\u00bb subhead_font_size=\u00bb20px\u00bb subhead_line_height=\u00bb1.9em\u00bb custom_button_one=\u00bbon\u00bb button_one_text_size=\u00bb15px\u00bb button_one_bg_color=\u00bb#dca57d\u00bb button_one_border_width=\u00bb10px\u00bb button_one_border_color=\u00bb#dca57d\u00bb button_one_border_radius=\u00bb0px\u00bb button_one_letter_spacing=\u00bb3px\u00bb button_one_font=\u00bbOswald|||on|\u00bb button_one_use_icon=\u00bboff\u00bb custom_margin=\u00bb|||\u00bb custom_padding=\u00bb1%||1%||false|false\u00bb animation_style=\u00bbfade\u00bb animation_starting_opacity=\u00bb50%\u00bb animation_speed_curve=\u00bbease-in\u00bb title_font_size_tablet=\u00bb60px\u00bb title_font_size_phone=\u00bb40px\u00bb title_font_size_last_edited=\u00bbon|phone\u00bb button_one_border_color_hover=\u00bb#c99872&#8243; button_one_border_radius_hover=\u00bb0px\u00bb button_one_letter_spacing_hover=\u00bb3px\u00bb button_one_bg_color_hover=\u00bb#c99872&#8243; global_colors_info=\u00bb{}\u00bb button_one_text_size__hover_enabled=\u00bboff\u00bb button_two_text_size__hover_enabled=\u00bboff\u00bb button_one_text_color__hover_enabled=\u00bboff\u00bb button_two_text_color__hover_enabled=\u00bboff\u00bb button_one_border_width__hover_enabled=\u00bboff\u00bb button_two_border_width__hover_enabled=\u00bboff\u00bb button_one_border_color__hover_enabled=\u00bbon\u00bb button_one_border_color__hover=\u00bb#c99872&#8243; button_two_border_color__hover_enabled=\u00bboff\u00bb button_one_border_radius__hover_enabled=\u00bbon\u00bb button_one_border_radius__hover=\u00bb0px\u00bb button_two_border_radius__hover_enabled=\u00bboff\u00bb button_one_letter_spacing__hover_enabled=\u00bbon\u00bb button_one_letter_spacing__hover=\u00bb3px\u00bb button_two_letter_spacing__hover_enabled=\u00bboff\u00bb button_one_bg_color__hover_enabled=\u00bbon\u00bb button_one_bg_color__hover=\u00bb#c99872&#8243; button_two_bg_color__hover_enabled=\u00bboff\u00bb background_color=\u00bbrgba(255, 255, 255, 0)\u00bb background_enable_image=\u00bboff\u00bb parallax=\u00bbon\u00bb parallax_method=\u00bbon\u00bb content_font=\u00bb||||||||\u00bb][\/et_pb_fullwidth_header][\/et_pb_section][et_pb_section fb_built=\u00bb1&#8243; _builder_version=\u00bb4.20.2&#8243; _module_preset=\u00bbdefault\u00bb global_colors_info=\u00bb{}\u00bb][et_pb_row column_structure=\u00bb2_5,3_5&#8243; _builder_version=\u00bb4.20.2&#8243; _module_preset=\u00bbdefault\u00bb global_colors_info=\u00bb{}\u00bb][et_pb_column type=\u00bb2_5&#8243; _builder_version=\u00bb4.20.2&#8243; _module_preset=\u00bbdefault\u00bb global_colors_info=\u00bb{}\u00bb][et_pb_image src=\u00bbhttps:\/\/dara.aragon.es\/dara\/sijena\/wp-content\/uploads\/sites\/5\/2024\/01\/Testamento-Maria-de-Urrea-Protocolo-Serveto.png\u00bb title_text=\u00bbTestamento Maria de Urrea (Protocolo Serveto)\u00bb align=\u00bbcenter\u00bb _builder_version=\u00bb4.20.2&#8243; _module_preset=\u00bbdefault\u00bb width=\u00bb77%\u00bb custom_margin=\u00bb|||41px||\u00bb custom_padding=\u00bb|||0px||\u00bb global_colors_info=\u00bb{}\u00bb][\/et_pb_image][et_pb_text _builder_version=\u00bb4.20.2&#8243; _module_preset=\u00bbdefault\u00bb text_text_color=\u00bb#0C71C3&#8243; text_font_size=\u00bb13px\u00bb text_orientation=\u00bbjustified\u00bb global_colors_info=\u00bb{}\u00bb]<\/p>\n<p>Primera p\u00e1gina del testamento de la priora Mar\u00eda de Urrea, conservado en un protocolo notarial de Antonio Serveto, alias Rev\u00e9s (1521-1522) (ff. 18r-20r). Fue transcrito por Carmen Morte, Ana \u00c1greda, Carolina Naya y Elisa Ramiro <a href=\"https:\/\/ifc.dpz.es\/recursos\/publicaciones\/38\/09\/12morte.pdf\" target=\"_blank\" rel=\"noopener\">aqui<\/a>.<\/p>\n<p>[\/et_pb_text][et_pb_button button_url=\u00bbhttps:\/\/dara.aragon.es\/opac\/app\/item\/sixe?dt=1530&#038;p=0&#038;q=antonio+serveto,+alias+reves&#038;df=1520&#038;ob=re:1&#038;vm=nv&#038;i=1095608&#8243; button_text=\u00bbDOCUMENTO SOBRE MAR\u00cdA DE URREA EN DARA\u00bb _builder_version=\u00bb4.20.2&#8243; _module_preset=\u00bbdefault\u00bb button_text_size=\u00bb16px\u00bb button_text_color=\u00bb#E09900&#8243; button_border_width=\u00bb2px\u00bb button_border_color=\u00bb#E09900&#8243; global_colors_info=\u00bb{}\u00bb][\/et_pb_button][\/et_pb_column][et_pb_column type=\u00bb3_5&#8243; _builder_version=\u00bb4.20.2&#8243; _module_preset=\u00bbdefault\u00bb global_colors_info=\u00bb{}\u00bb][et_pb_text _builder_version=\u00bb4.20.2&#8243; _module_preset=\u00bbdefault\u00bb global_colors_info=\u00bb{}\u00bb]<\/p>\n<p style=\"text-align: justify\">Mar\u00eda de Urrea pertenec\u00eda una de las casas que hab\u00edan estado presentes desde la fundaci\u00f3n del monasterio en 1188 por la reina Sancha de Castilla y tuvieron una estrecha relaci\u00f3n con la monarqu\u00eda.\u00a0<\/p>\n<p style=\"text-align: justify\">Debi\u00f3 nacer entre 1459 y 1463. Fue hija de Beatriz de Bolea y de Jimeno de Urrea, titular de una de las ramas menores del linaje, que ten\u00eda en la comarca de las Cinco Villas una de las localidades m\u00e1s importantes de su patrimonio como vizconde de Biota y se\u00f1or de Sestrica. Su hermano, Jimeno de Urrea, fue el \u00faltimo vizconde de Biota. Al fallecer, el vizcondado pas\u00f3 a manos de Mar\u00eda de Urrea.\u00a0 \u00a0<\/p>\n<p style=\"text-align: justify\">Fue priora desde mayo de 1510 hasta su fallecimiento el 8 de mayo de 1521.<\/p>\n<p>[\/et_pb_text][\/et_pb_column][\/et_pb_row][et_pb_row _builder_version=\u00bb4.20.2&#8243; _module_preset=\u00bbdefault\u00bb global_colors_info=\u00bb{}\u00bb][et_pb_column type=\u00bb4_4&#8243; _builder_version=\u00bb4.20.2&#8243; _module_preset=\u00bbdefault\u00bb global_colors_info=\u00bb{}\u00bb][et_pb_text _builder_version=\u00bb4.20.2&#8243; _module_preset=\u00bbdefault\u00bb global_colors_info=\u00bb{}\u00bb]<\/p>\n<p style=\"text-align: justify\">Adem\u00e1s de pertenecer a esta importante casa de la nobleza, Mar\u00eda de Urrea destac\u00f3 por haber puesto en marcha un importante proyecto de renovaci\u00f3n del patrimonio art\u00edstico del monasterio de Sigena, que continuar\u00eda despu\u00e9s su sucesora Beatriz Oncinellas (1521-1543), y que gir\u00f3 en torno a las pinturas del artista conocido como \u00abMaestro de Sigena\u00bb, los retablos de alabastro y las esculturas del artista Gabriel Joly. As\u00ed, entre otros proyectos sufrag\u00f3 el \u00f3rgano y el retablo de pintura que se situ\u00f3 en la capilla mayor de la iglesia mon\u00e1stica hasta comienzos del siglo XVIII.\u00a0<\/p>\n<p style=\"text-align: justify\">Su implicaci\u00f3n con el monasterio era total. Un documento del 7 de abril de 1522 se\u00f1ala que la priora financi\u00f3 con su propio dinero estos proyectos y dej\u00f3 constancia de su mecenazgo en el retablo mayor colocando el blas\u00f3n de la casa de Urrea. En 1514, ten\u00eda en sus manos el vizcondado de Biota y los lugares de El Bayo y Sestrica, herencia de su padre. La falta de liquidez del monasterio, hizo que vendiera estas propiedades a Miguel Jim\u00e9nez de Urrea, conde de Aranda, por 200.000 sueldos jaqueses.\u00a0<\/p>\n<p style=\"text-align: justify\">En su testamento, adem\u00e1s de donar sus bienes a otras religiosas, trat\u00f3 de resaltar el v\u00ednculo de la casa de Urrea con el monasterio desde su fundaci\u00f3n. As\u00ed, expres\u00f3 su deseo de ser enterrada junto a los de su predecesora, la priora Teresa de Urrea (1297-1321), en la iglesia, ordenando la creaci\u00f3n de una nueva tumba que conservara los restos de ambas.\u00a0\u00a0<\/p>\n<p>&nbsp;<\/p>\n<p>[\/et_pb_text][et_pb_divider show_divider=\u00bboff\u00bb _builder_version=\u00bb4.20.2&#8243; _module_preset=\u00bbdefault\u00bb custom_margin=\u00bb||-82px|||\u00bb global_colors_info=\u00bb{}\u00bb][\/et_pb_divider][\/et_pb_column][\/et_pb_row][et_pb_row _builder_version=\u00bb4.20.2&#8243; _module_preset=\u00bbdefault\u00bb width=\u00bb85.9%\u00bb custom_padding=\u00bb0px|0px||0px||\u00bb global_colors_info=\u00bb{}\u00bb][et_pb_column type=\u00bb4_4&#8243; _builder_version=\u00bb4.20.2&#8243; _module_preset=\u00bbdefault\u00bb global_colors_info=\u00bb{}\u00bb][et_pb_text _builder_version=\u00bb4.20.2&#8243; _module_preset=\u00bbdefault\u00bb text_font=\u00bbOswald||||||||\u00bb text_font_size=\u00bb13px\u00bb text_letter_spacing=\u00bb2px\u00bb text_line_height=\u00bb1.8em\u00bb global_colors_info=\u00bb{}\u00bb]<\/p>\n<h2 style=\"text-align: center;\">BIBLIOGRAF\u00cdA<\/h2>\n<p>[\/et_pb_text][et_pb_text _builder_version=\u00bb4.20.2&#8243; _module_preset=\u00bbdefault\u00bb global_colors_info=\u00bb{}\u00bb]<\/p>\n<ul class=\"listaestilo\">\n<li style=\"text-align: justify;\">Morte Garc\u00eda, Carmen, \u00c1greda Pino, Ana, Naya Franco, Carolina y Ramiro Reglero, Elisa, \u00ab<a href=\"https:\/\/ifc.dpz.es\/recursos\/publicaciones\/38\/09\/12morte.pdf\" target=\"_blank\" rel=\"noopener\">Mar\u00eda de Urrea, priora y mecenas de las artes en el Real Monasterio de Sijena (1510-1521)<\/a>\u00ab,\u00a0<em>Emblemata. Revista aragonesa de emblem\u00e1tica<\/em>, 25 (2019), pp. 421-437.<\/li>\n<li style=\"text-align: justify;\">Garc\u00eda Edo, Vicent, \u00ab<a href=\"https:\/\/revistas.um.es\/medievalismo\/article\/view\/406851\/274611\" target=\"_blank\" rel=\"noopener\">Los or\u00edgenes de la casa de Urrea: linaje y patrimonio en los reinos de Arag\u00f3n y Valencia (siglos XII-XIII)<\/a>\u00ab,\u00a0<em>Medievalismo<\/em>, 29 (2019), pp. 141-174.<\/li>\n<\/ul>\n<p>[\/et_pb_text][\/et_pb_column][\/et_pb_row][et_pb_row _builder_version=\u00bb4.20.2&#8243; _module_preset=\u00bbdefault\u00bb global_colors_info=\u00bb{}\u00bb][et_pb_column type=\u00bb4_4&#8243; _builder_version=\u00bb4.20.2&#8243; _module_preset=\u00bbdefault\u00bb global_colors_info=\u00bb{}\u00bb][et_pb_divider show_divider=\u00bboff\u00bb _builder_version=\u00bb4.20.2&#8243; _module_preset=\u00bbdefault\u00bb min_height=\u00bb0px\u00bb global_colors_info=\u00bb{}\u00bb][\/et_pb_divider][et_pb_button button_url=\u00bbhttps:\/\/dara.aragon.es\/dara\/sijena\/las-prioras\/\u00bb button_text=\u00bbVOLVER A LAS PRIORAS DE SIGENA\u00bb _builder_version=\u00bb4.20.2&#8243; _module_preset=\u00bbdefault\u00bb button_text_size=\u00bb16px\u00bb global_colors_info=\u00bb{}\u00bb][\/et_pb_button][\/et_pb_column][\/et_pb_row][\/et_pb_section]<\/p>\n","protected":false},"excerpt":{"rendered":"<p>Primera p\u00e1gina del testamento de la priora Mar\u00eda de Urrea, conservado en un protocolo notarial de Antonio Serveto, alias Rev\u00e9s (1521-1522) (ff. 18r-20r). Fue transcrito por Carmen Morte, Ana \u00c1greda, Carolina Naya y Elisa Ramiro aqui.Mar\u00eda de Urrea pertenec\u00eda una de las casas que hab\u00edan estado presentes desde la fundaci\u00f3n del monasterio en 1188 por [&hellip;]<\/p>\n","protected":false},"author":2,"featured_media":2718,"parent":0,"menu_order":0,"comment_status":"closed","ping_status":"closed","template":"","meta":{"_et_pb_use_builder":"on","_et_pb_old_content":"","_et_gb_content_width":"","footnotes":""},"class_list":["post-2726","page","type-page","status-publish","has-post-thumbnail","hentry"],"yoast_head":"<!-- This site is optimized with the Yoast SEO plugin v26.2 - https:\/\/yoast.com\/wordpress\/plugins\/seo\/ -->\n<title>Mar\u00eda de Urrea (1510-1521) - DARA-Sigena Virtual<\/title>\n<meta name=\"robots\" content=\"index, follow, max-snippet:-1, max-image-preview:large, max-video-preview:-1\" \/>\n<link rel=\"canonical\" href=\"https:\/\/dara.aragon.es\/dara\/sijena\/maria-de-urrea-1510-1521\/\" \/>\n<meta property=\"og:locale\" content=\"es_ES\" \/>\n<meta property=\"og:type\" content=\"article\" \/>\n<meta property=\"og:title\" content=\"Mar\u00eda de Urrea (1510-1521) - DARA-Sigena Virtual\" \/>\n<meta property=\"og:description\" content=\"Primera p\u00e1gina del testamento de la priora Mar\u00eda de Urrea, conservado en un protocolo notarial de Antonio Serveto, alias Rev\u00e9s (1521-1522) (ff. 18r-20r). Fue transcrito por Carmen Morte, Ana \u00c1greda, Carolina Naya y Elisa Ramiro aqui.Mar\u00eda de Urrea pertenec\u00eda una de las casas que hab\u00edan estado presentes desde la fundaci\u00f3n del monasterio en 1188 por [&hellip;]\" \/>\n<meta property=\"og:url\" content=\"https:\/\/dara.aragon.es\/dara\/sijena\/maria-de-urrea-1510-1521\/\" \/>\n<meta property=\"og:site_name\" content=\"DARA-Sigena Virtual\" \/>\n<meta property=\"article:modified_time\" content=\"2024-06-06T07:15:25+00:00\" \/>\n<meta property=\"og:image\" content=\"https:\/\/dara.aragon.es\/dara\/sijena\/wp-content\/uploads\/sites\/5\/2023\/11\/Sigena_1942.png\" \/>\n\t<meta property=\"og:image:width\" content=\"1025\" \/>\n\t<meta property=\"og:image:height\" content=\"761\" \/>\n\t<meta property=\"og:image:type\" content=\"image\/png\" \/>\n<meta name=\"twitter:card\" content=\"summary_large_image\" \/>\n<meta name=\"twitter:label1\" content=\"Tiempo de lectura\" \/>\n\t<meta name=\"twitter:data1\" content=\"6 minutos\" \/>\n<script type=\"application\/ld+json\" class=\"yoast-schema-graph\">{\"@context\":\"https:\/\/schema.org\",\"@graph\":[{\"@type\":\"WebPage\",\"@id\":\"https:\/\/dara.aragon.es\/dara\/sijena\/maria-de-urrea-1510-1521\/\",\"url\":\"https:\/\/dara.aragon.es\/dara\/sijena\/maria-de-urrea-1510-1521\/\",\"name\":\"Mar\u00eda de Urrea (1510-1521) - DARA-Sigena Virtual\",\"isPartOf\":{\"@id\":\"https:\/\/dara.aragon.es\/dara\/sijena\/#website\"},\"primaryImageOfPage\":{\"@id\":\"https:\/\/dara.aragon.es\/dara\/sijena\/maria-de-urrea-1510-1521\/#primaryimage\"},\"image\":{\"@id\":\"https:\/\/dara.aragon.es\/dara\/sijena\/maria-de-urrea-1510-1521\/#primaryimage\"},\"thumbnailUrl\":\"https:\/\/dara.aragon.es\/dara\/sijena\/wp-content\/uploads\/sites\/5\/2023\/11\/Sigena_1942.png\",\"datePublished\":\"2023-11-30T14:02:35+00:00\",\"dateModified\":\"2024-06-06T07:15:25+00:00\",\"breadcrumb\":{\"@id\":\"https:\/\/dara.aragon.es\/dara\/sijena\/maria-de-urrea-1510-1521\/#breadcrumb\"},\"inLanguage\":\"es\",\"potentialAction\":[{\"@type\":\"ReadAction\",\"target\":[\"https:\/\/dara.aragon.es\/dara\/sijena\/maria-de-urrea-1510-1521\/\"]}]},{\"@type\":\"ImageObject\",\"inLanguage\":\"es\",\"@id\":\"https:\/\/dara.aragon.es\/dara\/sijena\/maria-de-urrea-1510-1521\/#primaryimage\",\"url\":\"https:\/\/dara.aragon.es\/dara\/sijena\/wp-content\/uploads\/sites\/5\/2023\/11\/Sigena_1942.png\",\"contentUrl\":\"https:\/\/dara.aragon.es\/dara\/sijena\/wp-content\/uploads\/sites\/5\/2023\/11\/Sigena_1942.png\",\"width\":1025,\"height\":761},{\"@type\":\"BreadcrumbList\",\"@id\":\"https:\/\/dara.aragon.es\/dara\/sijena\/maria-de-urrea-1510-1521\/#breadcrumb\",\"itemListElement\":[{\"@type\":\"ListItem\",\"position\":1,\"name\":\"Portada\",\"item\":\"https:\/\/dara.aragon.es\/dara\/sijena\/\"},{\"@type\":\"ListItem\",\"position\":2,\"name\":\"Mar\u00eda de Urrea (1510-1521)\"}]},{\"@type\":\"WebSite\",\"@id\":\"https:\/\/dara.aragon.es\/dara\/sijena\/#website\",\"url\":\"https:\/\/dara.aragon.es\/dara\/sijena\/\",\"name\":\"DARA-Sigena Virtual\",\"description\":\"Sigena\",\"potentialAction\":[{\"@type\":\"SearchAction\",\"target\":{\"@type\":\"EntryPoint\",\"urlTemplate\":\"https:\/\/dara.aragon.es\/dara\/sijena\/?s={search_term_string}\"},\"query-input\":{\"@type\":\"PropertyValueSpecification\",\"valueRequired\":true,\"valueName\":\"search_term_string\"}}],\"inLanguage\":\"es\"}]}<\/script>\n<!-- \/ Yoast SEO plugin. -->","yoast_head_json":{"title":"Mar\u00eda de Urrea (1510-1521) - DARA-Sigena Virtual","robots":{"index":"index","follow":"follow","max-snippet":"max-snippet:-1","max-image-preview":"max-image-preview:large","max-video-preview":"max-video-preview:-1"},"canonical":"https:\/\/dara.aragon.es\/dara\/sijena\/maria-de-urrea-1510-1521\/","og_locale":"es_ES","og_type":"article","og_title":"Mar\u00eda de Urrea (1510-1521) - DARA-Sigena Virtual","og_description":"Primera p\u00e1gina del testamento de la priora Mar\u00eda de Urrea, conservado en un protocolo notarial de Antonio Serveto, alias Rev\u00e9s (1521-1522) (ff. 18r-20r). Fue transcrito por Carmen Morte, Ana \u00c1greda, Carolina Naya y Elisa Ramiro aqui.Mar\u00eda de Urrea pertenec\u00eda una de las casas que hab\u00edan estado presentes desde la fundaci\u00f3n del monasterio en 1188 por [&hellip;]","og_url":"https:\/\/dara.aragon.es\/dara\/sijena\/maria-de-urrea-1510-1521\/","og_site_name":"DARA-Sigena Virtual","article_modified_time":"2024-06-06T07:15:25+00:00","og_image":[{"width":1025,"height":761,"url":"https:\/\/dara.aragon.es\/dara\/sijena\/wp-content\/uploads\/sites\/5\/2023\/11\/Sigena_1942.png","type":"image\/png"}],"twitter_card":"summary_large_image","twitter_misc":{"Tiempo de lectura":"6 minutos"},"schema":{"@context":"https:\/\/schema.org","@graph":[{"@type":"WebPage","@id":"https:\/\/dara.aragon.es\/dara\/sijena\/maria-de-urrea-1510-1521\/","url":"https:\/\/dara.aragon.es\/dara\/sijena\/maria-de-urrea-1510-1521\/","name":"Mar\u00eda de Urrea (1510-1521) - DARA-Sigena Virtual","isPartOf":{"@id":"https:\/\/dara.aragon.es\/dara\/sijena\/#website"},"primaryImageOfPage":{"@id":"https:\/\/dara.aragon.es\/dara\/sijena\/maria-de-urrea-1510-1521\/#primaryimage"},"image":{"@id":"https:\/\/dara.aragon.es\/dara\/sijena\/maria-de-urrea-1510-1521\/#primaryimage"},"thumbnailUrl":"https:\/\/dara.aragon.es\/dara\/sijena\/wp-content\/uploads\/sites\/5\/2023\/11\/Sigena_1942.png","datePublished":"2023-11-30T14:02:35+00:00","dateModified":"2024-06-06T07:15:25+00:00","breadcrumb":{"@id":"https:\/\/dara.aragon.es\/dara\/sijena\/maria-de-urrea-1510-1521\/#breadcrumb"},"inLanguage":"es","potentialAction":[{"@type":"ReadAction","target":["https:\/\/dara.aragon.es\/dara\/sijena\/maria-de-urrea-1510-1521\/"]}]},{"@type":"ImageObject","inLanguage":"es","@id":"https:\/\/dara.aragon.es\/dara\/sijena\/maria-de-urrea-1510-1521\/#primaryimage","url":"https:\/\/dara.aragon.es\/dara\/sijena\/wp-content\/uploads\/sites\/5\/2023\/11\/Sigena_1942.png","contentUrl":"https:\/\/dara.aragon.es\/dara\/sijena\/wp-content\/uploads\/sites\/5\/2023\/11\/Sigena_1942.png","width":1025,"height":761},{"@type":"BreadcrumbList","@id":"https:\/\/dara.aragon.es\/dara\/sijena\/maria-de-urrea-1510-1521\/#breadcrumb","itemListElement":[{"@type":"ListItem","position":1,"name":"Portada","item":"https:\/\/dara.aragon.es\/dara\/sijena\/"},{"@type":"ListItem","position":2,"name":"Mar\u00eda de Urrea (1510-1521)"}]},{"@type":"WebSite","@id":"https:\/\/dara.aragon.es\/dara\/sijena\/#website","url":"https:\/\/dara.aragon.es\/dara\/sijena\/","name":"DARA-Sigena Virtual","description":"Sigena","potentialAction":[{"@type":"SearchAction","target":{"@type":"EntryPoint","urlTemplate":"https:\/\/dara.aragon.es\/dara\/sijena\/?s={search_term_string}"},"query-input":{"@type":"PropertyValueSpecification","valueRequired":true,"valueName":"search_term_string"}}],"inLanguage":"es"}]}},"_links":{"self":[{"href":"https:\/\/dara.aragon.es\/dara\/sijena\/wp-json\/wp\/v2\/pages\/2726","targetHints":{"allow":["GET"]}}],"collection":[{"href":"https:\/\/dara.aragon.es\/dara\/sijena\/wp-json\/wp\/v2\/pages"}],"about":[{"href":"https:\/\/dara.aragon.es\/dara\/sijena\/wp-json\/wp\/v2\/types\/page"}],"author":[{"embeddable":true,"href":"https:\/\/dara.aragon.es\/dara\/sijena\/wp-json\/wp\/v2\/users\/2"}],"replies":[{"embeddable":true,"href":"https:\/\/dara.aragon.es\/dara\/sijena\/wp-json\/wp\/v2\/comments?post=2726"}],"version-history":[{"count":17,"href":"https:\/\/dara.aragon.es\/dara\/sijena\/wp-json\/wp\/v2\/pages\/2726\/revisions"}],"predecessor-version":[{"id":3722,"href":"https:\/\/dara.aragon.es\/dara\/sijena\/wp-json\/wp\/v2\/pages\/2726\/revisions\/3722"}],"wp:featuredmedia":[{"embeddable":true,"href":"https:\/\/dara.aragon.es\/dara\/sijena\/wp-json\/wp\/v2\/media\/2718"}],"wp:attachment":[{"href":"https:\/\/dara.aragon.es\/dara\/sijena\/wp-json\/wp\/v2\/media?parent=2726"}],"curies":[{"name":"wp","href":"https:\/\/api.w.org\/{rel}","templated":true}]}}