{"id":34,"date":"2023-03-10T12:50:39","date_gmt":"2023-03-10T12:50:39","guid":{"rendered":"https:\/\/dara.aragon.es\/dara\/sijena\/?page_id=34"},"modified":"2024-06-06T09:42:22","modified_gmt":"2024-06-06T09:42:22","slug":"heraldica","status":"publish","type":"page","link":"https:\/\/dara.aragon.es\/dara\/sijena\/heraldica\/","title":{"rendered":"Her\u00e1ldica y nobleza en el monasterio de Santa Mar\u00eda de Sigena"},"content":{"rendered":"<p>[et_pb_section fb_built=\u00bb1&#8243; fullwidth=\u00bbon\u00bb admin_label=\u00bbHeader Section\u00bb _builder_version=\u00bb4.20.2&#8243; background_color=\u00bb#0D3857&#8243; background_enable_image=\u00bboff\u00bb parallax=\u00bbon\u00bb custom_padding=\u00bb|||\u00bb saved_tabs=\u00bball\u00bb locked=\u00bboff\u00bb global_colors_info=\u00bb{}\u00bb][et_pb_fullwidth_post_title meta=\u00bboff\u00bb featured_image=\u00bboff\u00bb _builder_version=\u00bb4.25.1&#8243; _module_preset=\u00bbdefault\u00bb title_font=\u00bb&#8211;et_global_heading_font|||on|||||\u00bb title_text_align=\u00bbcenter\u00bb title_text_color=\u00bb#FFFFFF\u00bb title_font_size=\u00bb38px\u00bb background_color=\u00bb#0D3857&#8243; custom_padding=\u00bb3%||3%||false|false\u00bb global_colors_info=\u00bb{}\u00bb][\/et_pb_fullwidth_post_title][\/et_pb_section][et_pb_section fb_built=\u00bb1&#8243; _builder_version=\u00bb4.20.2&#8243; _module_preset=\u00bbdefault\u00bb global_colors_info=\u00bb{}\u00bb][et_pb_row column_structure=\u00bb2_3,1_3&#8243; _builder_version=\u00bb4.20.2&#8243; _module_preset=\u00bbdefault\u00bb custom_padding=\u00bb48px|||||\u00bb global_colors_info=\u00bb{}\u00bb][et_pb_column type=\u00bb2_3&#8243; _builder_version=\u00bb4.20.2&#8243; _module_preset=\u00bbdefault\u00bb global_colors_info=\u00bb{}\u00bb][et_pb_text _builder_version=\u00bb4.20.2&#8243; _module_preset=\u00bbdefault\u00bb global_colors_info=\u00bb{}\u00bb]<\/p>\n<p style=\"text-align: justify\"><span>La vida mon\u00e1stica en Sigena ofrec\u00eda unos atractivos nada desde\u00f1ables para las hijas de las grandes familias: una vida digna de su condici\u00f3n, rodeadas por sus damas de compa\u00f1\u00eda y criadas, alejadas de los peligros del mundo a la vez que de la tutela directa de padres y hermanos. Tambi\u00e9n eran centros de educaci\u00f3n para j\u00f3venes doncellas o refugio de viudas en una seguridad dif\u00edcil de alcanzar fuera del claustro.<\/span><\/p>\n<p style=\"text-align: justify\"><span>En los siglos modernos, el sistema de ingreso elitista pervivi\u00f3 pero, con el traslado de la Corte a Madrid, las grandes familias aragonesas m\u00e1s cercanas a la Monarqu\u00eda pierden el inter\u00e9s por el Monasterio y son sustituidas por la baja nobleza, familias infanzonas que permanecen mayoritariamente en territorio aragon\u00e9s y catal\u00e1n.<\/span><\/p>\n<p style=\"text-align: justify\"><span>No obstante, la exigencia de nobleza para ingresar como due\u00f1a en Sigena permanecer\u00e1 hasta mediado el siglo XIX cuando, por la p\u00e9rdida de rentas producida por la desamortizaci\u00f3n, una bula papal autorizar\u00e1 a la priora a no exigir estatuto de nobleza a las nuevas profesas.<\/span><\/p>\n<p>&nbsp;<\/p>\n<p>&nbsp;<\/p>\n<p>[\/et_pb_text][\/et_pb_column][et_pb_column type=\u00bb1_3&#8243; _builder_version=\u00bb4.20.2&#8243; _module_preset=\u00bbdefault\u00bb global_colors_info=\u00bb{}\u00bb][et_pb_image src=\u00bbhttps:\/\/dara.aragon.es\/dara\/sijena\/wp-content\/uploads\/sites\/5\/2023\/03\/Las-prioras_AHPHU_F_00113_0039_A.jpg\u00bb alt=\u00bbLasprioras_AHPHU_F_00113_0039_A\u00bb title_text=\u00bbLas prioras_AHPHU_F_00113_0039_A\u00bb align=\u00bbcenter\u00bb _builder_version=\u00bb4.20.2&#8243; _module_preset=\u00bbdefault\u00bb global_colors_info=\u00bb{}\u00bb][\/et_pb_image][\/et_pb_column][\/et_pb_row][et_pb_row _builder_version=\u00bb4.20.2&#8243; _module_preset=\u00bbdefault\u00bb border_style_all=\u00bbnone\u00bb global_colors_info=\u00bb{}\u00bb][et_pb_column type=\u00bb4_4&#8243; _builder_version=\u00bb4.20.2&#8243; _module_preset=\u00bbdefault\u00bb global_colors_info=\u00bb{}\u00bb][et_pb_text _builder_version=\u00bb4.20.2&#8243; _module_preset=\u00bbdefault\u00bb text_text_color=\u00bb#0C71C3&#8243; custom_margin=\u00bb-32px||22px|||\u00bb global_colors_info=\u00bb{}\u00bb]<\/p>\n<h1 style=\"text-align: justify\"><span style=\"color: #0c71c3\">LIMPIEZA DE SANGRE Y HER\u00c1LDICA<\/span><\/h1>\n<p>[\/et_pb_text][\/et_pb_column][\/et_pb_row][et_pb_row column_structure=\u00bb2_3,1_3&#8243; _builder_version=\u00bb4.20.2&#8243; _module_preset=\u00bbdefault\u00bb min_height=\u00bb423.5px\u00bb custom_padding=\u00bb48px||0px|||\u00bb global_colors_info=\u00bb{}\u00bb][et_pb_column type=\u00bb2_3&#8243; _builder_version=\u00bb4.20.2&#8243; _module_preset=\u00bbdefault\u00bb global_colors_info=\u00bb{}\u00bb][et_pb_text _builder_version=\u00bb4.20.2&#8243; _module_preset=\u00bbdefault\u00bb global_colors_info=\u00bb{}\u00bb]<\/p>\n<div class=\"section-title center\">\n<div class=\"line\" style=\"text-align: justify\">\n<hr \/>\n<\/div>\n<\/div>\n<div class=\"row\">\n<div class=\"col-md-12 col-sm-12\" style=\"text-align: justify\">\n<p>En el siglo XVI, se extendi\u00f3 en muchas instituciones espa\u00f1olas la limpieza de sangre. As\u00ed se trataba de evitar mezclar los cristianos viejos con los descendientes de conversos, moros o penitenciados por la Inquisici\u00f3n.<\/p>\n<p>En Sigena no est\u00e1 claro cuando comenz\u00f3 pero en el siglo XVII ya hay expedientes en los que se exige no s\u00f3lo la condici\u00f3n nobiliaria sino tambi\u00e9n la limpieza de sangre. En ellos se incorporaba copia del escudo de armas de las cuatro ramas de la familia de la profesa.<\/p>\n<p>Estos escudos hacen que, aunque sufri\u00f3 muchas p\u00e9rdidas durante la \u00faltima guerra civil, el Archivo de Sigena sigue siendo uno de los m\u00e1s importantes para el conocimiento de la her\u00e1ldica aragonesa. Actualmente el Archivo Hist\u00f3rico Provincial de Huesca conserva m\u00e1s de un centenar de expedientes de limpieza de sangre, la mayor parte con escudo de armas.<\/p>\n<p>&nbsp;<\/p>\n<p>&nbsp;<\/p>\n<\/div>\n<\/div>\n<p>&nbsp;<\/p>\n<p>[\/et_pb_text][et_pb_button button_url=\u00bbhttps:\/\/dara.aragon.es\/opac\/app\/results\/sixe?q=Limpieza+de+sangre&amp;ob=os:0&#8243; url_new_window=\u00bbon\u00bb button_text=\u00bbCONSULTA LOS EXPEDIENTES EN DARA\u00bb _builder_version=\u00bb4.20.2&#8243; _module_preset=\u00bbdefault\u00bb global_colors_info=\u00bb{}\u00bb][\/et_pb_button][\/et_pb_column][et_pb_column type=\u00bb1_3&#8243; _builder_version=\u00bb4.20.2&#8243; _module_preset=\u00bbdefault\u00bb global_colors_info=\u00bb{}\u00bb][et_pb_image src=\u00bbhttps:\/\/dara.aragon.es\/dara\/sijena\/wp-content\/uploads\/sites\/5\/2023\/03\/AHPHU_S_00053_0015_imagen-escudo.jpg\u00bb alt=\u00bbHer\u00e1ldica_AHPHU_S_00053_0015&#8243; title_text=\u00bbAHPHU_S_00053_0015_imagen-escudo\u00bb align=\u00bbcenter\u00bb _builder_version=\u00bb4.20.2&#8243; _module_preset=\u00bbdefault\u00bb width=\u00bb100%\u00bb min_height=\u00bb453.6px\u00bb custom_margin=\u00bb-50px|||||\u00bb global_colors_info=\u00bb{}\u00bb][\/et_pb_image][\/et_pb_column][\/et_pb_row][et_pb_row _builder_version=\u00bb4.20.2&#8243; _module_preset=\u00bbdefault\u00bb global_colors_info=\u00bb{}\u00bb][et_pb_column type=\u00bb4_4&#8243; _builder_version=\u00bb4.20.2&#8243; _module_preset=\u00bbdefault\u00bb global_colors_info=\u00bb{}\u00bb][et_pb_text _builder_version=\u00bb4.20.2&#8243; _module_preset=\u00bbdefault\u00bb custom_margin=\u00bb51px|||||\u00bb global_colors_info=\u00bb{}\u00bb]<\/p>\n<h1><span style=\"color: #0c71c3\">LOS ESCUDOS<\/span><\/h1>\n<p>[\/et_pb_text][et_pb_text _builder_version=\u00bb4.20.2&#8243; _module_preset=\u00bbdefault\u00bb global_colors_info=\u00bb{}\u00bb button_bg_color__hover=\u00bbRGBA(255,255,255,0)\u00bb button_bg_color__hover_enabled=\u00bbon|hover\u00bb button_border_color__hover=\u00bb#232323&#8243; button_border_color__hover_enabled=\u00bbon|hover\u00bb]<\/p>\n<div class=\"row\">\n<div class=\"col-md-12 col-sm-12\" style=\"text-align: justify\">Como la funci\u00f3n de los escudos es demostrar la nobleza por las cuatro ramas familiares, la mayor parte est\u00e1n divididos en cuatro cuarteles, uno por cada rama. Todos est\u00e1n policromados y, normalmente, en buen estado de conservaci\u00f3n.<\/div>\n<\/div>\n<div class=\"section-title center\"><\/div>\n<p>[\/et_pb_text][et_pb_button button_url=\u00bbhttps:\/\/dara.aragon.es\/opac\/app\/results\/sixe?q=Escudos+nobiliarios&amp;ob=os:0&#8243; url_new_window=\u00bbon\u00bb button_text=\u00bbCONSULTA LOS ESCUDOS DE ARMAS EN DARA\u00bb _builder_version=\u00bb4.20.2&#8243; _module_preset=\u00bbdefault\u00bb global_colors_info=\u00bb{}\u00bb][\/et_pb_button][et_pb_divider show_divider=\u00bboff\u00bb _builder_version=\u00bb4.20.2&#8243; _module_preset=\u00bbdefault\u00bb global_colors_info=\u00bb{}\u00bb][\/et_pb_divider][et_pb_text _builder_version=\u00bb4.20.2&#8243; _module_preset=\u00bbdefault\u00bb text_font=\u00bb|700|||||||\u00bb text_font_size=\u00bb13px\u00bb text_letter_spacing=\u00bb1px\u00bb text_line_height=\u00bb1.8em\u00bb global_colors_info=\u00bb{}\u00bb]<\/p>\n<h1 style=\"text-align: center\">BIBLIOGRAF\u00cdA<\/h1>\n<p>[\/et_pb_text][\/et_pb_column][\/et_pb_row][et_pb_row _builder_version=\u00bb4.20.2&#8243; _module_preset=\u00bbdefault\u00bb min_height=\u00bb196px\u00bb custom_padding=\u00bb0px||0px|||\u00bb global_colors_info=\u00bb{}\u00bb][et_pb_column type=\u00bb4_4&#8243; _builder_version=\u00bb4.20.2&#8243; _module_preset=\u00bbdefault\u00bb global_colors_info=\u00bb{}\u00bb][et_pb_text _builder_version=\u00bb4.25.1&#8243; _module_preset=\u00bbdefault\u00bb hover_enabled=\u00bb0&#8243; global_colors_info=\u00bb{}\u00bb sticky_enabled=\u00bb0&#8243;]<\/p>\n<div class=\"section-title center\">\n<div class=\"line\"><\/div>\n<\/div>\n<div class=\"row\">\n<div class=\"col-md-12 col-sm-12\">\n<ul>\n<li style=\"text-align: justify\">Ac\u00edn Fanlo, Jos\u00e9 Luis y Pallar\u00e9s Ferrer, M\u00aa Jos\u00e9, <i>Sigena : blasones de su historia,\u00a0<\/i>Huesca,\u00a0Instituto de Estudios Altoaragoneses, 1988.\u00a0<\/li>\n<li style=\"text-align: justify\">Pallar\u00e9s Ferrer, M.\u00aa Jos\u00e9, \u00ab<a href=\"https:\/\/revistas.iea.es\/index.php\/ARG\/article\/view\/1349\" target=\"_blank\" rel=\"noopener\">Expedientes de limpieza de sangre del monasterio de Sigena. El de Lupercia de Urri\u00e9s<\/a>\u00ab<span>\u00a0<\/span><i>Argensola<\/i>, 9 (1985), pp. 33-68.<\/li>\n<\/ul>\n<\/div>\n<\/div>\n<p>[\/et_pb_text][\/et_pb_column][\/et_pb_row][\/et_pb_section]<\/p>\n","protected":false},"excerpt":{"rendered":"<p>her\u00e1ldica<\/p>\n","protected":false},"author":1,"featured_media":184,"parent":0,"menu_order":0,"comment_status":"closed","ping_status":"closed","template":"","meta":{"_et_pb_use_builder":"on","_et_pb_old_content":"<!-- wp:divi\/placeholder \/-->","_et_gb_content_width":"","footnotes":""},"class_list":["post-34","page","type-page","status-publish","has-post-thumbnail","hentry"],"yoast_head":"<!-- This site is optimized with the Yoast SEO plugin v27.5 - https:\/\/yoast.com\/product\/yoast-seo-wordpress\/ -->\n<title>Her\u00e1ldica y nobleza en el monasterio de Santa Mar\u00eda de Sigena - DARA-Sigena Virtual<\/title>\n<meta name=\"robots\" content=\"index, follow, max-snippet:-1, max-image-preview:large, max-video-preview:-1\" \/>\n<link rel=\"canonical\" href=\"https:\/\/dara.aragon.es\/dara\/sijena\/heraldica\/\" \/>\n<meta property=\"og:locale\" content=\"es_ES\" \/>\n<meta property=\"og:type\" content=\"article\" \/>\n<meta property=\"og:title\" content=\"Her\u00e1ldica y nobleza en el monasterio de Santa Mar\u00eda de Sigena - DARA-Sigena Virtual\" \/>\n<meta property=\"og:description\" content=\"her\u00e1ldica\" \/>\n<meta property=\"og:url\" content=\"https:\/\/dara.aragon.es\/dara\/sijena\/heraldica\/\" \/>\n<meta property=\"og:site_name\" content=\"DARA-Sigena Virtual\" \/>\n<meta property=\"article:modified_time\" content=\"2024-06-06T09:42:22+00:00\" \/>\n<meta property=\"og:image\" content=\"https:\/\/dara.aragon.es\/dara\/sijena\/wp-content\/uploads\/sites\/5\/2023\/03\/Las-prioras_AHPHU_F_00113_0039_A.jpg\" \/>\n\t<meta property=\"og:image:width\" content=\"1073\" \/>\n\t<meta property=\"og:image:height\" content=\"1422\" \/>\n\t<meta property=\"og:image:type\" content=\"image\/jpeg\" \/>\n<meta name=\"twitter:card\" content=\"summary_large_image\" \/>\n<meta name=\"twitter:label1\" content=\"Tiempo de lectura\" \/>\n\t<meta name=\"twitter:data1\" content=\"5 minutos\" \/>\n<script type=\"application\/ld+json\" class=\"yoast-schema-graph\">{\"@context\":\"https:\\\/\\\/schema.org\",\"@graph\":[{\"@type\":\"WebPage\",\"@id\":\"https:\\\/\\\/dara.aragon.es\\\/dara\\\/sijena\\\/heraldica\\\/\",\"url\":\"https:\\\/\\\/dara.aragon.es\\\/dara\\\/sijena\\\/heraldica\\\/\",\"name\":\"Her\u00e1ldica y nobleza en el monasterio de Santa Mar\u00eda de Sigena - DARA-Sigena Virtual\",\"isPartOf\":{\"@id\":\"https:\\\/\\\/dara.aragon.es\\\/dara\\\/sijena\\\/#website\"},\"primaryImageOfPage\":{\"@id\":\"https:\\\/\\\/dara.aragon.es\\\/dara\\\/sijena\\\/heraldica\\\/#primaryimage\"},\"image\":{\"@id\":\"https:\\\/\\\/dara.aragon.es\\\/dara\\\/sijena\\\/heraldica\\\/#primaryimage\"},\"thumbnailUrl\":\"https:\\\/\\\/dara.aragon.es\\\/dara\\\/sijena\\\/wp-content\\\/uploads\\\/sites\\\/5\\\/2023\\\/03\\\/Las-prioras_AHPHU_F_00113_0039_A.jpg\",\"datePublished\":\"2023-03-10T12:50:39+00:00\",\"dateModified\":\"2024-06-06T09:42:22+00:00\",\"breadcrumb\":{\"@id\":\"https:\\\/\\\/dara.aragon.es\\\/dara\\\/sijena\\\/heraldica\\\/#breadcrumb\"},\"inLanguage\":\"es\",\"potentialAction\":[{\"@type\":\"ReadAction\",\"target\":[\"https:\\\/\\\/dara.aragon.es\\\/dara\\\/sijena\\\/heraldica\\\/\"]}]},{\"@type\":\"ImageObject\",\"inLanguage\":\"es\",\"@id\":\"https:\\\/\\\/dara.aragon.es\\\/dara\\\/sijena\\\/heraldica\\\/#primaryimage\",\"url\":\"https:\\\/\\\/dara.aragon.es\\\/dara\\\/sijena\\\/wp-content\\\/uploads\\\/sites\\\/5\\\/2023\\\/03\\\/Las-prioras_AHPHU_F_00113_0039_A.jpg\",\"contentUrl\":\"https:\\\/\\\/dara.aragon.es\\\/dara\\\/sijena\\\/wp-content\\\/uploads\\\/sites\\\/5\\\/2023\\\/03\\\/Las-prioras_AHPHU_F_00113_0039_A.jpg\",\"width\":1073,\"height\":1422,\"caption\":\"Las prioras_AHPHU_F_00113_0039_A\"},{\"@type\":\"BreadcrumbList\",\"@id\":\"https:\\\/\\\/dara.aragon.es\\\/dara\\\/sijena\\\/heraldica\\\/#breadcrumb\",\"itemListElement\":[{\"@type\":\"ListItem\",\"position\":1,\"name\":\"Portada\",\"item\":\"https:\\\/\\\/dara.aragon.es\\\/dara\\\/sijena\\\/\"},{\"@type\":\"ListItem\",\"position\":2,\"name\":\"Her\u00e1ldica y nobleza en el monasterio de Santa Mar\u00eda de Sigena\"}]},{\"@type\":\"WebSite\",\"@id\":\"https:\\\/\\\/dara.aragon.es\\\/dara\\\/sijena\\\/#website\",\"url\":\"https:\\\/\\\/dara.aragon.es\\\/dara\\\/sijena\\\/\",\"name\":\"DARA-Sigena Virtual\",\"description\":\"Sigena\",\"potentialAction\":[{\"@type\":\"SearchAction\",\"target\":{\"@type\":\"EntryPoint\",\"urlTemplate\":\"https:\\\/\\\/dara.aragon.es\\\/dara\\\/sijena\\\/?s={search_term_string}\"},\"query-input\":{\"@type\":\"PropertyValueSpecification\",\"valueRequired\":true,\"valueName\":\"search_term_string\"}}],\"inLanguage\":\"es\"}]}<\/script>\n<!-- \/ Yoast SEO plugin. -->","yoast_head_json":{"title":"Her\u00e1ldica y nobleza en el monasterio de Santa Mar\u00eda de Sigena - DARA-Sigena Virtual","robots":{"index":"index","follow":"follow","max-snippet":"max-snippet:-1","max-image-preview":"max-image-preview:large","max-video-preview":"max-video-preview:-1"},"canonical":"https:\/\/dara.aragon.es\/dara\/sijena\/heraldica\/","og_locale":"es_ES","og_type":"article","og_title":"Her\u00e1ldica y nobleza en el monasterio de Santa Mar\u00eda de Sigena - DARA-Sigena Virtual","og_description":"her\u00e1ldica","og_url":"https:\/\/dara.aragon.es\/dara\/sijena\/heraldica\/","og_site_name":"DARA-Sigena Virtual","article_modified_time":"2024-06-06T09:42:22+00:00","og_image":[{"width":1073,"height":1422,"url":"https:\/\/dara.aragon.es\/dara\/sijena\/wp-content\/uploads\/sites\/5\/2023\/03\/Las-prioras_AHPHU_F_00113_0039_A.jpg","type":"image\/jpeg"}],"twitter_card":"summary_large_image","twitter_misc":{"Tiempo de lectura":"5 minutos"},"schema":{"@context":"https:\/\/schema.org","@graph":[{"@type":"WebPage","@id":"https:\/\/dara.aragon.es\/dara\/sijena\/heraldica\/","url":"https:\/\/dara.aragon.es\/dara\/sijena\/heraldica\/","name":"Her\u00e1ldica y nobleza en el monasterio de Santa Mar\u00eda de Sigena - DARA-Sigena Virtual","isPartOf":{"@id":"https:\/\/dara.aragon.es\/dara\/sijena\/#website"},"primaryImageOfPage":{"@id":"https:\/\/dara.aragon.es\/dara\/sijena\/heraldica\/#primaryimage"},"image":{"@id":"https:\/\/dara.aragon.es\/dara\/sijena\/heraldica\/#primaryimage"},"thumbnailUrl":"https:\/\/dara.aragon.es\/dara\/sijena\/wp-content\/uploads\/sites\/5\/2023\/03\/Las-prioras_AHPHU_F_00113_0039_A.jpg","datePublished":"2023-03-10T12:50:39+00:00","dateModified":"2024-06-06T09:42:22+00:00","breadcrumb":{"@id":"https:\/\/dara.aragon.es\/dara\/sijena\/heraldica\/#breadcrumb"},"inLanguage":"es","potentialAction":[{"@type":"ReadAction","target":["https:\/\/dara.aragon.es\/dara\/sijena\/heraldica\/"]}]},{"@type":"ImageObject","inLanguage":"es","@id":"https:\/\/dara.aragon.es\/dara\/sijena\/heraldica\/#primaryimage","url":"https:\/\/dara.aragon.es\/dara\/sijena\/wp-content\/uploads\/sites\/5\/2023\/03\/Las-prioras_AHPHU_F_00113_0039_A.jpg","contentUrl":"https:\/\/dara.aragon.es\/dara\/sijena\/wp-content\/uploads\/sites\/5\/2023\/03\/Las-prioras_AHPHU_F_00113_0039_A.jpg","width":1073,"height":1422,"caption":"Las prioras_AHPHU_F_00113_0039_A"},{"@type":"BreadcrumbList","@id":"https:\/\/dara.aragon.es\/dara\/sijena\/heraldica\/#breadcrumb","itemListElement":[{"@type":"ListItem","position":1,"name":"Portada","item":"https:\/\/dara.aragon.es\/dara\/sijena\/"},{"@type":"ListItem","position":2,"name":"Her\u00e1ldica y nobleza en el monasterio de Santa Mar\u00eda de Sigena"}]},{"@type":"WebSite","@id":"https:\/\/dara.aragon.es\/dara\/sijena\/#website","url":"https:\/\/dara.aragon.es\/dara\/sijena\/","name":"DARA-Sigena Virtual","description":"Sigena","potentialAction":[{"@type":"SearchAction","target":{"@type":"EntryPoint","urlTemplate":"https:\/\/dara.aragon.es\/dara\/sijena\/?s={search_term_string}"},"query-input":{"@type":"PropertyValueSpecification","valueRequired":true,"valueName":"search_term_string"}}],"inLanguage":"es"}]}},"_links":{"self":[{"href":"https:\/\/dara.aragon.es\/dara\/sijena\/wp-json\/wp\/v2\/pages\/34","targetHints":{"allow":["GET"]}}],"collection":[{"href":"https:\/\/dara.aragon.es\/dara\/sijena\/wp-json\/wp\/v2\/pages"}],"about":[{"href":"https:\/\/dara.aragon.es\/dara\/sijena\/wp-json\/wp\/v2\/types\/page"}],"author":[{"embeddable":true,"href":"https:\/\/dara.aragon.es\/dara\/sijena\/wp-json\/wp\/v2\/users\/1"}],"replies":[{"embeddable":true,"href":"https:\/\/dara.aragon.es\/dara\/sijena\/wp-json\/wp\/v2\/comments?post=34"}],"version-history":[{"count":35,"href":"https:\/\/dara.aragon.es\/dara\/sijena\/wp-json\/wp\/v2\/pages\/34\/revisions"}],"predecessor-version":[{"id":3750,"href":"https:\/\/dara.aragon.es\/dara\/sijena\/wp-json\/wp\/v2\/pages\/34\/revisions\/3750"}],"wp:featuredmedia":[{"embeddable":true,"href":"https:\/\/dara.aragon.es\/dara\/sijena\/wp-json\/wp\/v2\/media\/184"}],"wp:attachment":[{"href":"https:\/\/dara.aragon.es\/dara\/sijena\/wp-json\/wp\/v2\/media?parent=34"}],"curies":[{"name":"wp","href":"https:\/\/api.w.org\/{rel}","templated":true}]}}