{"id":38,"date":"2023-03-10T13:12:36","date_gmt":"2023-03-10T13:12:36","guid":{"rendered":"https:\/\/dara.aragon.es\/dara\/sijena\/?page_id=38"},"modified":"2024-06-05T06:17:30","modified_gmt":"2024-06-05T06:17:30","slug":"archivos-y-documentos","status":"publish","type":"page","link":"https:\/\/dara.aragon.es\/dara\/sijena\/archivos-y-documentos\/","title":{"rendered":"Archivos y documentos"},"content":{"rendered":"<p>[et_pb_section fb_built=\u00bb1&#8243; fullwidth=\u00bbon\u00bb admin_label=\u00bbHeader Section\u00bb _builder_version=\u00bb4.20.2&#8243; background_color=\u00bb#0D3857&#8243; background_enable_image=\u00bboff\u00bb parallax=\u00bbon\u00bb custom_padding=\u00bb|||\u00bb saved_tabs=\u00bball\u00bb locked=\u00bboff\u00bb global_colors_info=\u00bb{}\u00bb][et_pb_fullwidth_post_title meta=\u00bboff\u00bb featured_image=\u00bboff\u00bb _builder_version=\u00bb4.25.1&#8243; _module_preset=\u00bbdefault\u00bb title_font=\u00bb&#8211;et_global_heading_font|||on|||||\u00bb title_text_align=\u00bbcenter\u00bb title_text_color=\u00bb#FFFFFF\u00bb title_font_size=\u00bb38px\u00bb background_color=\u00bb#0D3857&#8243; custom_padding=\u00bb3%||3%||false|false\u00bb global_colors_info=\u00bb{}\u00bb][\/et_pb_fullwidth_post_title][\/et_pb_section][et_pb_section fb_built=\u00bb1&#8243; admin_label=\u00bbSecci\u00f3n\u00bb _builder_version=\u00bb4.20.2&#8243; _module_preset=\u00bbdefault\u00bb background_color=\u00bb#FFFFFF\u00bb custom_margin=\u00bb0px||4px||false|false\u00bb custom_padding=\u00bb65px||9px|||\u00bb global_colors_info=\u00bb{}\u00bb][et_pb_row column_structure=\u00bb1_2,1_2&#8243; _builder_version=\u00bb4.20.2&#8243; _module_preset=\u00bbdefault\u00bb min_height=\u00bb109px\u00bb custom_margin=\u00bb3px|auto||auto||\u00bb custom_padding=\u00bb4px||20px|||\u00bb global_colors_info=\u00bb{}\u00bb][et_pb_column type=\u00bb1_2&#8243; _builder_version=\u00bb4.20.2&#8243; _module_preset=\u00bbdefault\u00bb global_colors_info=\u00bb{}\u00bb][et_pb_button button_url=\u00bbhttps:\/\/dara.aragon.es\/opac\/app\/simple\/sixev\u00bb url_new_window=\u00bbon\u00bb button_text=\u00bbAcceso al buscador del Archivo Mon\u00e1stico\u00bb _builder_version=\u00bb4.20.2&#8243; _module_preset=\u00bbdefault\u00bb global_colors_info=\u00bb{}\u00bb][\/et_pb_button][et_pb_image src=\u00bbhttps:\/\/dara.aragon.es\/dara\/sijena\/wp-content\/uploads\/sites\/5\/2023\/07\/DARA-Sixe.png\u00bb title_text=\u00bbDARA Sixe\u00bb url=\u00bbhttps:\/\/dara.aragon.es\/opac\/app\/simple\/sixev\u00bb url_new_window=\u00bbon\u00bb align=\u00bbcenter\u00bb _builder_version=\u00bb4.20.2&#8243; _module_preset=\u00bbdefault\u00bb box_shadow_style=\u00bbpreset2&#8243; box_shadow_spread=\u00bb1px\u00bb global_colors_info=\u00bb{}\u00bb][\/et_pb_image][\/et_pb_column][et_pb_column type=\u00bb1_2&#8243; _builder_version=\u00bb4.20.2&#8243; _module_preset=\u00bbdefault\u00bb global_colors_info=\u00bb{}\u00bb][et_pb_button button_url=\u00bbhttps:\/\/dara.aragon.es\/opac\/app\/simple\/sixe\u00bb url_new_window=\u00bbon\u00bb button_text=\u00bbAcceso al buscador de documentos sobre Sigena\u00bb _builder_version=\u00bb4.20.2&#8243; _module_preset=\u00bbdefault\u00bb global_colors_info=\u00bb{}\u00bb][\/et_pb_button][et_pb_image src=\u00bbhttps:\/\/dara.aragon.es\/dara\/sijena\/wp-content\/uploads\/sites\/5\/2023\/07\/Dara-Sixev.png\u00bb title_text=\u00bbDara Sixev\u00bb url=\u00bbhttps:\/\/dara.aragon.es\/opac\/app\/simple\/sixe\u00bb url_new_window=\u00bbon\u00bb align=\u00bbcenter\u00bb _builder_version=\u00bb4.20.2&#8243; _module_preset=\u00bbdefault\u00bb min_height=\u00bb231px\u00bb max_height=\u00bb264px\u00bb box_shadow_style=\u00bbpreset2&#8243; box_shadow_spread=\u00bb1px\u00bb global_colors_info=\u00bb{}\u00bb][\/et_pb_image][\/et_pb_column][\/et_pb_row][\/et_pb_section][et_pb_section fb_built=\u00bb1&#8243; _builder_version=\u00bb4.20.2&#8243; _module_preset=\u00bbdefault\u00bb locked=\u00bboff\u00bb global_colors_info=\u00bb{}\u00bb][et_pb_row admin_label=\u00bbFila\u00bb _builder_version=\u00bb4.16&#8243; global_colors_info=\u00bb{}\u00bb][et_pb_column type=\u00bb4_4&#8243; admin_label=\u00bbColumna\u00bb _builder_version=\u00bb4.16&#8243; custom_padding=\u00bb|||\u00bb global_colors_info=\u00bb{}\u00bb custom_padding__hover=\u00bb|||\u00bb][et_pb_text admin_label=\u00bbTittle\u00bb _builder_version=\u00bb4.16&#8243; text_font=\u00bbNunito|||||on|||\u00bb text_text_color=\u00bb#232323&#8243; text_font_size=\u00bb18px\u00bb text_line_height=\u00bb1.8em\u00bb header_font=\u00bb||||||||\u00bb header_text_color=\u00bb#232323&#8243; header_2_font=\u00bbOswald|||on|||||\u00bb header_2_text_align=\u00bbcenter\u00bb header_2_font_size=\u00bb40px\u00bb header_2_letter_spacing=\u00bb1px\u00bb header_2_line_height=\u00bb1.5em\u00bb header_3_font=\u00bb||||||||\u00bb max_width=\u00bb600px\u00bb max_width_last_edited=\u00bboff|desktop\u00bb module_alignment=\u00bbcenter\u00bb custom_margin=\u00bb||10px||false|false\u00bb global_colors_info=\u00bb{}\u00bb]<\/p>\n<h2>TEM\u00c1TICAS DE INTER\u00c9S<\/h2>\n<p>[\/et_pb_text][\/et_pb_column][\/et_pb_row][et_pb_row column_structure=\u00bb1_3,1_3,1_3&#8243; _builder_version=\u00bb4.20.2&#8243; _module_preset=\u00bbdefault\u00bb global_colors_info=\u00bb{}\u00bb][et_pb_column type=\u00bb1_3&#8243; _builder_version=\u00bb4.20.2&#8243; _module_preset=\u00bbdefault\u00bb global_colors_info=\u00bb{}\u00bb][et_pb_blurb title=\u00bbARCHIVOS\u00bb url=\u00bbhttps:\/\/dara.aragon.es\/dara\/sijena\/\u00bb url_new_window=\u00bbon\u00bb image=\u00bbhttps:\/\/dara.aragon.es\/dara\/sijena\/wp-content\/uploads\/sites\/5\/2023\/07\/AHPHU.png\u00bb content_max_width=\u00bb500px\u00bb _builder_version=\u00bb4.25.1&#8243; _module_preset=\u00bbdefault\u00bb header_line_height=\u00bb1.4em\u00bb custom_padding=\u00bb||||false|false\u00bb link_option_url=\u00bbhttp:\/\/www.sipca.es\/dara\/censos\/index.jsp\u00bb link_option_url_new_window=\u00bbon\u00bb border_color_all_image=\u00bb#000000&#8243; border_style_all_image=\u00bbnone\u00bb box_shadow_style_image=\u00bbpreset1&#8243; global_colors_info=\u00bb{}\u00bb]<\/p>\n<p><span>Disponemos de informaci\u00f3n acerca del monasterio en varios archivos, bibliotecas y museos peninsulares. Puedes consultarlo\u00a0<\/span><a href=\"https:\/\/dara.aragon.es\/dara\/sijena\/archivos-historicos\/\">aqu\u00ed<\/a><span>.<\/span><\/p>\n<p>[\/et_pb_blurb][\/et_pb_column][et_pb_column type=\u00bb1_3&#8243; _builder_version=\u00bb4.16&#8243; _module_preset=\u00bbdefault\u00bb global_colors_info=\u00bb{}\u00bb][et_pb_blurb title=\u00bbFOTOGRAF\u00cdAS\u00bb url=\u00bbhttps:\/\/dara.aragon.es\/dara\/mujeres\/\u00bb url_new_window=\u00bbon\u00bb image=\u00bbhttps:\/\/dara.aragon.es\/dara\/sijena\/wp-content\/uploads\/sites\/5\/2023\/06\/Enlace-Inicio-para-Quienes-Somos.png\u00bb content_max_width=\u00bb500px\u00bb _builder_version=\u00bb4.20.2&#8243; _module_preset=\u00bbdefault\u00bb header_line_height=\u00bb1.4em\u00bb custom_padding=\u00bb||||false|false\u00bb link_option_url=\u00bbhttps:\/\/dara.aragon.es\/dara\/blog\/mujeres\/\u00bb link_option_url_new_window=\u00bbon\u00bb border_color_all_image=\u00bb#000000&#8243; border_style_all_image=\u00bbnone\u00bb box_shadow_style_image=\u00bbpreset1&#8243; global_colors_info=\u00bb{}\u00bb]<\/p>\n<p>Documentos relacionados con mujeres en todas las \u00e9pocas conservados en archivos aragoneses.<\/p>\n<p>[\/et_pb_blurb][\/et_pb_column][et_pb_column type=\u00bb1_3&#8243; _builder_version=\u00bb4.16&#8243; _module_preset=\u00bbdefault\u00bb global_colors_info=\u00bb{}\u00bb][et_pb_blurb title=\u00bbPROTOCOLOS NOTARIALES\u00bb url=\u00bbhttp:\/\/www.sipca.es\/dara\/censos\/index.jsp\u00bb url_new_window=\u00bbon\u00bb image=\u00bbhttps:\/\/dara.aragon.es\/dara\/sijena\/wp-content\/uploads\/sites\/5\/2023\/07\/AMS_G_00011_0001_portada-scaled.jpg\u00bb content_max_width=\u00bb500px\u00bb _builder_version=\u00bb4.20.2&#8243; _module_preset=\u00bbdefault\u00bb header_line_height=\u00bb1.4em\u00bb custom_padding=\u00bb||||false|false\u00bb link_option_url=\u00bbhttp:\/\/www.sipca.es\/dara\/censos\/index.jsp\u00bb link_option_url_new_window=\u00bbon\u00bb border_color_all_image=\u00bb#000000&#8243; border_style_all_image=\u00bbnone\u00bb box_shadow_style_image=\u00bbpreset1&#8243; global_colors_info=\u00bb{}\u00bb]<\/p>\n<p><span>Los fondos del monasterio de Sigena y de otros archivos se conservan varios tomos de\u00a0<\/span><a href=\"https:\/\/dara.aragon.es\/dara\/sijena\/protocolos-notariales\/\">protocolos notariales<\/a><span>\u00a0firmados por notarios de las localidades pr\u00f3ximas al cenobio, que ofrecen informaci\u00f3n acerca de las actividades sociales y econ\u00f3micas de sus habitantes.<\/span><\/p>\n<p>[\/et_pb_blurb][\/et_pb_column][\/et_pb_row][et_pb_row column_structure=\u00bb1_3,1_3,1_3&#8243; _builder_version=\u00bb4.20.2&#8243; _module_preset=\u00bbdefault\u00bb global_colors_info=\u00bb{}\u00bb][et_pb_column type=\u00bb1_3&#8243; _builder_version=\u00bb4.20.2&#8243; _module_preset=\u00bbdefault\u00bb global_colors_info=\u00bb{}\u00bb][et_pb_blurb title=\u00bbCORRESPONDENCIA DE RELIGIOSAS\u00bb url=\u00bbhttps:\/\/dara.aragon.es\/dara\/sijena\/\u00bb url_new_window=\u00bbon\u00bb image=\u00bbhttps:\/\/dara.aragon.es\/dara\/sijena\/wp-content\/uploads\/sites\/5\/2023\/07\/Cartap33.jpg\u00bb content_max_width=\u00bb500px\u00bb _builder_version=\u00bb4.20.2&#8243; _module_preset=\u00bbdefault\u00bb header_line_height=\u00bb1.4em\u00bb custom_padding=\u00bb||||false|false\u00bb link_option_url=\u00bbhttp:\/\/www.sipca.es\/dara\/censos\/index.jsp\u00bb link_option_url_new_window=\u00bbon\u00bb border_color_all_image=\u00bb#000000&#8243; border_style_all_image=\u00bbnone\u00bb box_shadow_style_image=\u00bbpreset1&#8243; global_colors_info=\u00bb{}\u00bb]<\/p>\n<p><span>Las religiosas de Sigena mantuvieron una fluida\u00a0<\/span><a href=\"https:\/\/dara.aragon.es\/dara\/sijena\/correspondencia-de-las-religiosas\/\">comunicaci\u00f3n espistolar con amigos y familiares<\/a><span>. Algunas de estas cartas han llegado a nuestros d\u00edas y pueden consultarse virtualmente.<\/span><\/p>\n<p>[\/et_pb_blurb][\/et_pb_column][et_pb_column type=\u00bb1_3&#8243; _builder_version=\u00bb4.16&#8243; _module_preset=\u00bbdefault\u00bb global_colors_info=\u00bb{}\u00bb][et_pb_blurb title=\u00bbDOCUMENTOS JUDICIALES\u00bb url=\u00bbhttps:\/\/dara.aragon.es\/dara\/mujeres\/\u00bb url_new_window=\u00bbon\u00bb image=\u00bbhttps:\/\/dara.aragon.es\/dara\/sijena\/wp-content\/uploads\/sites\/5\/2023\/04\/AHPZ_MF_MORA_2717.jpg\u00bb alt=\u00bbAHPZ_MF_MORA_2717&#8243; content_max_width=\u00bb500px\u00bb _builder_version=\u00bb4.20.2&#8243; _module_preset=\u00bbdefault\u00bb header_line_height=\u00bb1.4em\u00bb custom_padding=\u00bb||||false|false\u00bb link_option_url=\u00bbhttps:\/\/dara.aragon.es\/dara\/blog\/mujeres\/\u00bb link_option_url_new_window=\u00bbon\u00bb border_color_all_image=\u00bb#000000&#8243; border_style_all_image=\u00bbnone\u00bb box_shadow_style_image=\u00bbpreset1&#8243; global_colors_info=\u00bb{}\u00bb]<\/p>\n<p><span>El monasterio de Sigena se vio involucrado en varios procesos judiciales durante el siglo XVIII, que pueden consultarse\u00a0<\/span><a href=\"https:\/\/dara.aragon.es\/dara\/sijena\/documentacion-judicial\/\">aqu\u00ed<\/a><span>.\u00a0<\/span><\/p>\n<p>[\/et_pb_blurb][\/et_pb_column][et_pb_column type=\u00bb1_3&#8243; _builder_version=\u00bb4.16&#8243; _module_preset=\u00bbdefault\u00bb global_colors_info=\u00bb{}\u00bb][et_pb_blurb title=\u00bbRESTAURACIONES DE SIGENA\u00bb url=\u00bbhttp:\/\/www.sipca.es\/dara\/censos\/index.jsp\u00bb url_new_window=\u00bbon\u00bb image=\u00bbhttps:\/\/dara.aragon.es\/dara\/sijena\/wp-content\/uploads\/sites\/5\/2023\/04\/Vista-general.-2020.-Juan-Carlos-Gil-Ballano.-scaled.jpg\u00bb alt=\u00bbDCIM100MEDIADJI_0233.JPG Carlos Gil\u00bb content_max_width=\u00bb500px\u00bb _builder_version=\u00bb4.20.2&#8243; _module_preset=\u00bbdefault\u00bb header_line_height=\u00bb1.4em\u00bb custom_padding=\u00bb||||false|false\u00bb link_option_url=\u00bbhttp:\/\/www.sipca.es\/dara\/censos\/index.jsp\u00bb link_option_url_new_window=\u00bbon\u00bb border_color_all_image=\u00bb#000000&#8243; border_style_all_image=\u00bbnone\u00bb box_shadow_style_image=\u00bbpreset1&#8243; global_colors_info=\u00bb{}\u00bb]<\/p>\n<p><span>Desde el siglo XIX, tuvieron lugar distintas\u00a0<\/span><a href=\"https:\/\/dara.aragon.es\/dara\/sijena\/las-restauraciones-de-sigena\/\">intervenciones de ampliaci\u00f3n, reforma y restauraci\u00f3n del monasterio<\/a><span>, que ofrecen una idea de la relevancia arquitect\u00f3nica de la instituci\u00f3n.<\/span><\/p>\n<p>[\/et_pb_blurb][\/et_pb_column][\/et_pb_row][\/et_pb_section]<\/p>\n","protected":false},"excerpt":{"rendered":"<p>Archivos y documentos<\/p>\n","protected":false},"author":1,"featured_media":1372,"parent":0,"menu_order":0,"comment_status":"closed","ping_status":"closed","template":"","meta":{"_et_pb_use_builder":"on","_et_pb_old_content":"<!-- wp:divi\/placeholder \/-->","_et_gb_content_width":"","footnotes":""},"class_list":["post-38","page","type-page","status-publish","has-post-thumbnail","hentry"],"yoast_head":"<!-- This site is optimized with the Yoast SEO plugin v27.5 - https:\/\/yoast.com\/product\/yoast-seo-wordpress\/ -->\n<title>Archivos y documentos - DARA-Sigena Virtual<\/title>\n<meta name=\"robots\" content=\"index, follow, max-snippet:-1, max-image-preview:large, max-video-preview:-1\" \/>\n<link rel=\"canonical\" href=\"https:\/\/dara.aragon.es\/dara\/sijena\/archivos-y-documentos\/\" \/>\n<meta property=\"og:locale\" content=\"es_ES\" \/>\n<meta property=\"og:type\" content=\"article\" \/>\n<meta property=\"og:title\" content=\"Archivos y documentos - DARA-Sigena Virtual\" \/>\n<meta property=\"og:description\" content=\"Archivos y documentos\" \/>\n<meta property=\"og:url\" content=\"https:\/\/dara.aragon.es\/dara\/sijena\/archivos-y-documentos\/\" \/>\n<meta property=\"og:site_name\" content=\"DARA-Sigena Virtual\" \/>\n<meta property=\"article:modified_time\" content=\"2024-06-05T06:17:30+00:00\" \/>\n<meta property=\"og:image\" content=\"https:\/\/dara.aragon.es\/dara\/sijena\/wp-content\/uploads\/sites\/5\/2023\/07\/AHPHU.png\" \/>\n\t<meta property=\"og:image:width\" content=\"557\" \/>\n\t<meta property=\"og:image:height\" content=\"561\" \/>\n\t<meta property=\"og:image:type\" content=\"image\/png\" \/>\n<meta name=\"twitter:card\" content=\"summary_large_image\" \/>\n<meta name=\"twitter:label1\" content=\"Tiempo de lectura\" \/>\n\t<meta name=\"twitter:data1\" content=\"6 minutos\" \/>\n<script type=\"application\/ld+json\" class=\"yoast-schema-graph\">{\"@context\":\"https:\\\/\\\/schema.org\",\"@graph\":[{\"@type\":\"WebPage\",\"@id\":\"https:\\\/\\\/dara.aragon.es\\\/dara\\\/sijena\\\/archivos-y-documentos\\\/\",\"url\":\"https:\\\/\\\/dara.aragon.es\\\/dara\\\/sijena\\\/archivos-y-documentos\\\/\",\"name\":\"Archivos y documentos - DARA-Sigena Virtual\",\"isPartOf\":{\"@id\":\"https:\\\/\\\/dara.aragon.es\\\/dara\\\/sijena\\\/#website\"},\"primaryImageOfPage\":{\"@id\":\"https:\\\/\\\/dara.aragon.es\\\/dara\\\/sijena\\\/archivos-y-documentos\\\/#primaryimage\"},\"image\":{\"@id\":\"https:\\\/\\\/dara.aragon.es\\\/dara\\\/sijena\\\/archivos-y-documentos\\\/#primaryimage\"},\"thumbnailUrl\":\"https:\\\/\\\/dara.aragon.es\\\/dara\\\/sijena\\\/wp-content\\\/uploads\\\/sites\\\/5\\\/2023\\\/07\\\/AHPHU.png\",\"datePublished\":\"2023-03-10T13:12:36+00:00\",\"dateModified\":\"2024-06-05T06:17:30+00:00\",\"breadcrumb\":{\"@id\":\"https:\\\/\\\/dara.aragon.es\\\/dara\\\/sijena\\\/archivos-y-documentos\\\/#breadcrumb\"},\"inLanguage\":\"es\",\"potentialAction\":[{\"@type\":\"ReadAction\",\"target\":[\"https:\\\/\\\/dara.aragon.es\\\/dara\\\/sijena\\\/archivos-y-documentos\\\/\"]}]},{\"@type\":\"ImageObject\",\"inLanguage\":\"es\",\"@id\":\"https:\\\/\\\/dara.aragon.es\\\/dara\\\/sijena\\\/archivos-y-documentos\\\/#primaryimage\",\"url\":\"https:\\\/\\\/dara.aragon.es\\\/dara\\\/sijena\\\/wp-content\\\/uploads\\\/sites\\\/5\\\/2023\\\/07\\\/AHPHU.png\",\"contentUrl\":\"https:\\\/\\\/dara.aragon.es\\\/dara\\\/sijena\\\/wp-content\\\/uploads\\\/sites\\\/5\\\/2023\\\/07\\\/AHPHU.png\",\"width\":557,\"height\":561},{\"@type\":\"BreadcrumbList\",\"@id\":\"https:\\\/\\\/dara.aragon.es\\\/dara\\\/sijena\\\/archivos-y-documentos\\\/#breadcrumb\",\"itemListElement\":[{\"@type\":\"ListItem\",\"position\":1,\"name\":\"Portada\",\"item\":\"https:\\\/\\\/dara.aragon.es\\\/dara\\\/sijena\\\/\"},{\"@type\":\"ListItem\",\"position\":2,\"name\":\"Archivos y documentos\"}]},{\"@type\":\"WebSite\",\"@id\":\"https:\\\/\\\/dara.aragon.es\\\/dara\\\/sijena\\\/#website\",\"url\":\"https:\\\/\\\/dara.aragon.es\\\/dara\\\/sijena\\\/\",\"name\":\"DARA-Sigena Virtual\",\"description\":\"Sigena\",\"potentialAction\":[{\"@type\":\"SearchAction\",\"target\":{\"@type\":\"EntryPoint\",\"urlTemplate\":\"https:\\\/\\\/dara.aragon.es\\\/dara\\\/sijena\\\/?s={search_term_string}\"},\"query-input\":{\"@type\":\"PropertyValueSpecification\",\"valueRequired\":true,\"valueName\":\"search_term_string\"}}],\"inLanguage\":\"es\"}]}<\/script>\n<!-- \/ Yoast SEO plugin. -->","yoast_head_json":{"title":"Archivos y documentos - DARA-Sigena Virtual","robots":{"index":"index","follow":"follow","max-snippet":"max-snippet:-1","max-image-preview":"max-image-preview:large","max-video-preview":"max-video-preview:-1"},"canonical":"https:\/\/dara.aragon.es\/dara\/sijena\/archivos-y-documentos\/","og_locale":"es_ES","og_type":"article","og_title":"Archivos y documentos - DARA-Sigena Virtual","og_description":"Archivos y documentos","og_url":"https:\/\/dara.aragon.es\/dara\/sijena\/archivos-y-documentos\/","og_site_name":"DARA-Sigena Virtual","article_modified_time":"2024-06-05T06:17:30+00:00","og_image":[{"width":557,"height":561,"url":"https:\/\/dara.aragon.es\/dara\/sijena\/wp-content\/uploads\/sites\/5\/2023\/07\/AHPHU.png","type":"image\/png"}],"twitter_card":"summary_large_image","twitter_misc":{"Tiempo de lectura":"6 minutos"},"schema":{"@context":"https:\/\/schema.org","@graph":[{"@type":"WebPage","@id":"https:\/\/dara.aragon.es\/dara\/sijena\/archivos-y-documentos\/","url":"https:\/\/dara.aragon.es\/dara\/sijena\/archivos-y-documentos\/","name":"Archivos y documentos - DARA-Sigena Virtual","isPartOf":{"@id":"https:\/\/dara.aragon.es\/dara\/sijena\/#website"},"primaryImageOfPage":{"@id":"https:\/\/dara.aragon.es\/dara\/sijena\/archivos-y-documentos\/#primaryimage"},"image":{"@id":"https:\/\/dara.aragon.es\/dara\/sijena\/archivos-y-documentos\/#primaryimage"},"thumbnailUrl":"https:\/\/dara.aragon.es\/dara\/sijena\/wp-content\/uploads\/sites\/5\/2023\/07\/AHPHU.png","datePublished":"2023-03-10T13:12:36+00:00","dateModified":"2024-06-05T06:17:30+00:00","breadcrumb":{"@id":"https:\/\/dara.aragon.es\/dara\/sijena\/archivos-y-documentos\/#breadcrumb"},"inLanguage":"es","potentialAction":[{"@type":"ReadAction","target":["https:\/\/dara.aragon.es\/dara\/sijena\/archivos-y-documentos\/"]}]},{"@type":"ImageObject","inLanguage":"es","@id":"https:\/\/dara.aragon.es\/dara\/sijena\/archivos-y-documentos\/#primaryimage","url":"https:\/\/dara.aragon.es\/dara\/sijena\/wp-content\/uploads\/sites\/5\/2023\/07\/AHPHU.png","contentUrl":"https:\/\/dara.aragon.es\/dara\/sijena\/wp-content\/uploads\/sites\/5\/2023\/07\/AHPHU.png","width":557,"height":561},{"@type":"BreadcrumbList","@id":"https:\/\/dara.aragon.es\/dara\/sijena\/archivos-y-documentos\/#breadcrumb","itemListElement":[{"@type":"ListItem","position":1,"name":"Portada","item":"https:\/\/dara.aragon.es\/dara\/sijena\/"},{"@type":"ListItem","position":2,"name":"Archivos y documentos"}]},{"@type":"WebSite","@id":"https:\/\/dara.aragon.es\/dara\/sijena\/#website","url":"https:\/\/dara.aragon.es\/dara\/sijena\/","name":"DARA-Sigena Virtual","description":"Sigena","potentialAction":[{"@type":"SearchAction","target":{"@type":"EntryPoint","urlTemplate":"https:\/\/dara.aragon.es\/dara\/sijena\/?s={search_term_string}"},"query-input":{"@type":"PropertyValueSpecification","valueRequired":true,"valueName":"search_term_string"}}],"inLanguage":"es"}]}},"_links":{"self":[{"href":"https:\/\/dara.aragon.es\/dara\/sijena\/wp-json\/wp\/v2\/pages\/38","targetHints":{"allow":["GET"]}}],"collection":[{"href":"https:\/\/dara.aragon.es\/dara\/sijena\/wp-json\/wp\/v2\/pages"}],"about":[{"href":"https:\/\/dara.aragon.es\/dara\/sijena\/wp-json\/wp\/v2\/types\/page"}],"author":[{"embeddable":true,"href":"https:\/\/dara.aragon.es\/dara\/sijena\/wp-json\/wp\/v2\/users\/1"}],"replies":[{"embeddable":true,"href":"https:\/\/dara.aragon.es\/dara\/sijena\/wp-json\/wp\/v2\/comments?post=38"}],"version-history":[{"count":21,"href":"https:\/\/dara.aragon.es\/dara\/sijena\/wp-json\/wp\/v2\/pages\/38\/revisions"}],"predecessor-version":[{"id":3612,"href":"https:\/\/dara.aragon.es\/dara\/sijena\/wp-json\/wp\/v2\/pages\/38\/revisions\/3612"}],"wp:featuredmedia":[{"embeddable":true,"href":"https:\/\/dara.aragon.es\/dara\/sijena\/wp-json\/wp\/v2\/media\/1372"}],"wp:attachment":[{"href":"https:\/\/dara.aragon.es\/dara\/sijena\/wp-json\/wp\/v2\/media?parent=38"}],"curies":[{"name":"wp","href":"https:\/\/api.w.org\/{rel}","templated":true}]}}