{"id":40,"date":"2023-03-10T13:13:27","date_gmt":"2023-03-10T13:13:27","guid":{"rendered":"https:\/\/dara.aragon.es\/dara\/sijena\/?page_id=40"},"modified":"2025-04-04T03:13:29","modified_gmt":"2025-04-04T03:13:29","slug":"el-archivo-real","status":"publish","type":"page","link":"https:\/\/dara.aragon.es\/dara\/sijena\/el-archivo-real\/","title":{"rendered":"El archivo real"},"content":{"rendered":"<p>[et_pb_section fb_built=\u00bb1&#8243; fullwidth=\u00bbon\u00bb admin_label=\u00bbHeader Section\u00bb _builder_version=\u00bb4.20.2&#8243; background_color=\u00bb#0D3857&#8243; background_enable_image=\u00bboff\u00bb parallax=\u00bbon\u00bb custom_padding=\u00bb|||\u00bb saved_tabs=\u00bball\u00bb locked=\u00bboff\u00bb global_colors_info=\u00bb{}\u00bb][et_pb_fullwidth_post_title meta=\u00bboff\u00bb featured_image=\u00bboff\u00bb _builder_version=\u00bb4.25.1&#8243; _module_preset=\u00bbdefault\u00bb title_font=\u00bb&#8211;et_global_heading_font|||on|||||\u00bb title_text_align=\u00bbcenter\u00bb title_text_color=\u00bb#FFFFFF\u00bb title_font_size=\u00bb38px\u00bb background_color=\u00bb#0D3857&#8243; custom_padding=\u00bb3%||3%||false|false\u00bb global_colors_info=\u00bb{}\u00bb][\/et_pb_fullwidth_post_title][\/et_pb_section][et_pb_section fb_built=\u00bb1&#8243; _builder_version=\u00bb4.27.4&#8243; _module_preset=\u00bbdefault\u00bb custom_padding=\u00bb0px||||false|false\u00bb global_colors_info=\u00bb{}\u00bb][et_pb_row _builder_version=\u00bb4.20.2&#8243; _module_preset=\u00bbdefault\u00bb custom_padding=\u00bb14px|||||\u00bb global_colors_info=\u00bb{}\u00bb][et_pb_column type=\u00bb4_4&#8243; _builder_version=\u00bb4.20.2&#8243; _module_preset=\u00bbdefault\u00bb global_colors_info=\u00bb{}\u00bb][et_pb_text _builder_version=\u00bb4.25.1&#8243; _module_preset=\u00bbdefault\u00bb global_colors_info=\u00bb{}\u00bb]<\/p>\n<p style=\"text-align: justify;\"><span>Desde su creaci\u00f3n en 1188, el monasterio sanjuanista de Santa Mar\u00eda de Sigena tuvo un v\u00ednculo muy estrecho con la casa real de Arag\u00f3n. Su fundadora fue la reina Sancha de Castilla (1174-1196), casada con el monarca aragon\u00e9s Alfonso II, su hijo el rey Pedro II (1196-1213) lo escogi\u00f3 como lugar de descanso eterno y Jaime I (1213-1276)<\/span><span> le encomend\u00f3 la custodia de uno de los tesoros m\u00e1s preciados de la monarqu\u00eda: el archivo real.<\/span><\/p>\n<p style=\"text-align: justify;\"><span>Durante el siglo XIII, los documentos de la monarqu\u00eda se repart\u00edan por varias instituciones eclesi\u00e1sticas de la Corona de Arag\u00f3n: la casa de San Juan de Jerusal\u00e9n de Barcelona, la encomienda del Temple de Zaragoza, el monasterio de San Juan de la Pe\u00f1a&#8230; pero, sin lugar a dudas, uno de los dep\u00f3sitos m\u00e1s importantes fue el de Santa Mar\u00eda de Sigena. All\u00ed se conservaron, entre otros documentos, las escrituras relativas a la diplomacia con Navarra y Castilla, las disposiciones testamentarias de Jaime I o los documentos que afectaban al reino de Arag\u00f3n.<\/span><\/p>\n<p style=\"text-align: justify;\"><span>Las prioras de Sigena custodiaron el archivo con especial celo. \u00danicamente permit\u00edan consultar, copiar o extraer los documentos si el rey se lo ordenaba expresamente y hac\u00edan anotar en un Registro las escrituras que entraban o sal\u00edan del fondo. Lo mismo suced\u00eda con otros s\u00edmbolos del poder real, como la corona y las insignias reales, que tambi\u00e9n se conservaban en el monasterio. Pero, junto a los reyes, nobles y poblaci\u00f3n de los alrededores dejaron en manos de las religiosas la custodia de testamentos, documentos contractuales y otros de similar importancia.\u00a0<\/span><\/p>\n<p style=\"text-align: justify;\"><span>Esta relevancia se mantuvo durante m\u00e1s de un siglo hasta que Jaime II (1291-1327) emprendi\u00f3 una pol\u00edtica de centralizaci\u00f3n de todos los documentos de la monarqu\u00eda en un \u00fanico lugar: el actual Archivo de la Corona de Arag\u00f3n. En 1308 mand\u00f3 a las monjas de Sigena que enviasen a Barcelona todas las escrituras regias y, si bien el cenobio perdi\u00f3 su papel en la custodia de la documentaci\u00f3n real, su <a href=\"https:\/\/dara.aragon.es\/dara\/sijena\/el-archivo-monastico\/\">archivo mon\u00e1stico<\/a> mantuvo su relevancia.\u00a0<\/span><\/p>\n<p>[\/et_pb_text][\/et_pb_column][\/et_pb_row][et_pb_row _builder_version=\u00bb4.20.2&#8243; _module_preset=\u00bbdefault\u00bb custom_margin=\u00bb-4px|auto||auto||\u00bb global_colors_info=\u00bb{}\u00bb][et_pb_column type=\u00bb4_4&#8243; _builder_version=\u00bb4.20.2&#8243; _module_preset=\u00bbdefault\u00bb global_colors_info=\u00bb{}\u00bb][et_pb_button button_url=\u00bbhttps:\/\/fondohistoricodearagon.fundacionibercaja.es\/\u00bb button_text=\u00bbACCESO AL FONDO HIST\u00d3RICO DE ARAG\u00d3N IBERCAJA\u00bb _builder_version=\u00bb4.27.4&#8243; _module_preset=\u00bbdefault\u00bb hover_enabled=\u00bb0&#8243; global_colors_info=\u00bb{}\u00bb url_new_window=\u00bbon\u00bb button_icon=\u00bb&#xf35d;||fa||900&#8243; sticky_enabled=\u00bb0&#8243;][\/et_pb_button][\/et_pb_column][\/et_pb_row][et_pb_row _builder_version=\u00bb4.20.2&#8243; _module_preset=\u00bbdefault\u00bb custom_padding=\u00bb0px|||||\u00bb global_colors_info=\u00bb{}\u00bb][et_pb_column type=\u00bb4_4&#8243; _builder_version=\u00bb4.20.2&#8243; _module_preset=\u00bbdefault\u00bb global_colors_info=\u00bb{}\u00bb][et_pb_text _builder_version=\u00bb4.20.2&#8243; _module_preset=\u00bbdefault\u00bb text_font=\u00bb|700|||||||\u00bb text_letter_spacing=\u00bb1px\u00bb custom_padding=\u00bb|||0px||\u00bb global_colors_info=\u00bb{}\u00bb]<\/p>\n<h1 style=\"text-align: center;\">BIBLIOGRAF\u00cdA<\/h1>\n<p>[\/et_pb_text][\/et_pb_column][\/et_pb_row][et_pb_row _builder_version=\u00bb4.20.2&#8243; _module_preset=\u00bbdefault\u00bb min_height=\u00bb288.6px\u00bb custom_margin=\u00bb|auto|-2px|auto||\u00bb custom_padding=\u00bb3px||0px|||\u00bb global_colors_info=\u00bb{}\u00bb][et_pb_column type=\u00bb4_4&#8243; _builder_version=\u00bb4.20.2&#8243; _module_preset=\u00bbdefault\u00bb global_colors_info=\u00bb{}\u00bb][et_pb_text _builder_version=\u00bb4.20.2&#8243; _module_preset=\u00bbdefault\u00bb global_colors_info=\u00bb{}\u00bb]<\/p>\n<ul class=\"margin-legt\">\n<li style=\"text-align: justify;\">Conde y Delgado de Molina, Rafael,<span>\u00a0<\/span><a href=\"https:\/\/ifc.dpz.es\/recursos\/publicaciones\/28\/41\/_ebook.pdf\">Reyes y archivos en la Corona de Arag\u00f3n. Siete siglos de reglamentaci\u00f3n y praxis archiv\u00edstica (siglos XII-XIX)<\/a>, Zaragoza, Instituci\u00f3n Fernando el Cat\u00f3lico, 2008.<\/li>\n<li style=\"text-align: justify;\">L\u00f3pez Rodr\u00edguez, Carlos,<span>\u00a0<\/span><i><a href=\"http:\/\/hispania.revistas.csic.es\/index.php\/hispania\/article\/view\/49\/49\">Or\u00edgenes del Archivo de la Corona de Arag\u00f3n (en tiempos, Archivo Real de Barcelona)<\/a><\/i>, en <em>Hispania,<\/em>\u00a068\/226 (2007), pp. 413-454.<\/li>\n<li style=\"text-align: justify;\">L\u00f3pez Rodr\u00edguez, Carlos, \u00abConservar y construir la memoria regia en tiempos de Jaime I: los archivos reales\u00bb en<span> Pascual Mart\u00ednez Sopena, Ana Rodr\u00edguez (eds.), <\/span><i>La construcci\u00f3n medieval de la memoria regia,<\/i> Valencia, Universitat de Val\u00e8ncia, 2011, pp. 387-414.<\/li>\n<li style=\"text-align: justify;\">Ubieto, Agust\u00edn \u00ab<a href=\"https:\/\/roderic.uv.es\/handle\/10550\/26594\" target=\"_blank\" rel=\"noopener\">La documentaci\u00f3n de Sigena (1188-1300)<\/a>\u00ab,\u00a0<em>Saitabi<\/em>, 15 (1965), pp. 21-36,<\/li>\n<\/ul>\n<p>[\/et_pb_text][\/et_pb_column][\/et_pb_row][\/et_pb_section]<\/p>\n","protected":false},"excerpt":{"rendered":"<p>Archivo real<\/p>\n","protected":false},"author":1,"featured_media":130,"parent":0,"menu_order":0,"comment_status":"closed","ping_status":"closed","template":"","meta":{"_et_pb_use_builder":"on","_et_pb_old_content":"<!-- wp:divi\/placeholder \/-->","_et_gb_content_width":"","footnotes":""},"class_list":["post-40","page","type-page","status-publish","has-post-thumbnail","hentry"],"yoast_head":"<!-- This site is optimized with the Yoast SEO plugin v26.2 - https:\/\/yoast.com\/wordpress\/plugins\/seo\/ -->\n<title>El archivo real - DARA-Sigena Virtual<\/title>\n<meta name=\"robots\" content=\"index, follow, max-snippet:-1, max-image-preview:large, max-video-preview:-1\" \/>\n<link rel=\"canonical\" href=\"https:\/\/dara.aragon.es\/dara\/sijena\/el-archivo-real\/\" \/>\n<meta property=\"og:locale\" content=\"es_ES\" \/>\n<meta property=\"og:type\" content=\"article\" \/>\n<meta property=\"og:title\" content=\"El archivo real - DARA-Sigena Virtual\" \/>\n<meta property=\"og:description\" content=\"Archivo real\" \/>\n<meta property=\"og:url\" content=\"https:\/\/dara.aragon.es\/dara\/sijena\/el-archivo-real\/\" \/>\n<meta property=\"og:site_name\" content=\"DARA-Sigena Virtual\" \/>\n<meta property=\"article:modified_time\" content=\"2025-04-04T03:13:29+00:00\" \/>\n<meta property=\"og:image\" content=\"https:\/\/dara.aragon.es\/dara\/sijena\/wp-content\/uploads\/sites\/5\/2023\/03\/AHPHU_S_00004_0002_A_opt.png\" \/>\n\t<meta property=\"og:image:width\" content=\"1000\" \/>\n\t<meta property=\"og:image:height\" content=\"921\" \/>\n\t<meta property=\"og:image:type\" content=\"image\/png\" \/>\n<meta name=\"twitter:card\" content=\"summary_large_image\" \/>\n<meta name=\"twitter:label1\" content=\"Tiempo de lectura\" \/>\n\t<meta name=\"twitter:data1\" content=\"4 minutos\" \/>\n<script type=\"application\/ld+json\" class=\"yoast-schema-graph\">{\"@context\":\"https:\/\/schema.org\",\"@graph\":[{\"@type\":\"WebPage\",\"@id\":\"https:\/\/dara.aragon.es\/dara\/sijena\/el-archivo-real\/\",\"url\":\"https:\/\/dara.aragon.es\/dara\/sijena\/el-archivo-real\/\",\"name\":\"El archivo real - DARA-Sigena Virtual\",\"isPartOf\":{\"@id\":\"https:\/\/dara.aragon.es\/dara\/sijena\/#website\"},\"primaryImageOfPage\":{\"@id\":\"https:\/\/dara.aragon.es\/dara\/sijena\/el-archivo-real\/#primaryimage\"},\"image\":{\"@id\":\"https:\/\/dara.aragon.es\/dara\/sijena\/el-archivo-real\/#primaryimage\"},\"thumbnailUrl\":\"https:\/\/dara.aragon.es\/dara\/sijena\/wp-content\/uploads\/sites\/5\/2023\/03\/AHPHU_S_00004_0002_A_opt.png\",\"datePublished\":\"2023-03-10T13:13:27+00:00\",\"dateModified\":\"2025-04-04T03:13:29+00:00\",\"breadcrumb\":{\"@id\":\"https:\/\/dara.aragon.es\/dara\/sijena\/el-archivo-real\/#breadcrumb\"},\"inLanguage\":\"es\",\"potentialAction\":[{\"@type\":\"ReadAction\",\"target\":[\"https:\/\/dara.aragon.es\/dara\/sijena\/el-archivo-real\/\"]}]},{\"@type\":\"ImageObject\",\"inLanguage\":\"es\",\"@id\":\"https:\/\/dara.aragon.es\/dara\/sijena\/el-archivo-real\/#primaryimage\",\"url\":\"https:\/\/dara.aragon.es\/dara\/sijena\/wp-content\/uploads\/sites\/5\/2023\/03\/AHPHU_S_00004_0002_A_opt.png\",\"contentUrl\":\"https:\/\/dara.aragon.es\/dara\/sijena\/wp-content\/uploads\/sites\/5\/2023\/03\/AHPHU_S_00004_0002_A_opt.png\",\"width\":1000,\"height\":921,\"caption\":\"ArchivoReal_AHPHU_S_00004_0002_A\"},{\"@type\":\"BreadcrumbList\",\"@id\":\"https:\/\/dara.aragon.es\/dara\/sijena\/el-archivo-real\/#breadcrumb\",\"itemListElement\":[{\"@type\":\"ListItem\",\"position\":1,\"name\":\"Portada\",\"item\":\"https:\/\/dara.aragon.es\/dara\/sijena\/\"},{\"@type\":\"ListItem\",\"position\":2,\"name\":\"El archivo real\"}]},{\"@type\":\"WebSite\",\"@id\":\"https:\/\/dara.aragon.es\/dara\/sijena\/#website\",\"url\":\"https:\/\/dara.aragon.es\/dara\/sijena\/\",\"name\":\"DARA-Sigena Virtual\",\"description\":\"Sigena\",\"potentialAction\":[{\"@type\":\"SearchAction\",\"target\":{\"@type\":\"EntryPoint\",\"urlTemplate\":\"https:\/\/dara.aragon.es\/dara\/sijena\/?s={search_term_string}\"},\"query-input\":{\"@type\":\"PropertyValueSpecification\",\"valueRequired\":true,\"valueName\":\"search_term_string\"}}],\"inLanguage\":\"es\"}]}<\/script>\n<!-- \/ Yoast SEO plugin. -->","yoast_head_json":{"title":"El archivo real - DARA-Sigena Virtual","robots":{"index":"index","follow":"follow","max-snippet":"max-snippet:-1","max-image-preview":"max-image-preview:large","max-video-preview":"max-video-preview:-1"},"canonical":"https:\/\/dara.aragon.es\/dara\/sijena\/el-archivo-real\/","og_locale":"es_ES","og_type":"article","og_title":"El archivo real - DARA-Sigena Virtual","og_description":"Archivo real","og_url":"https:\/\/dara.aragon.es\/dara\/sijena\/el-archivo-real\/","og_site_name":"DARA-Sigena Virtual","article_modified_time":"2025-04-04T03:13:29+00:00","og_image":[{"width":1000,"height":921,"url":"https:\/\/dara.aragon.es\/dara\/sijena\/wp-content\/uploads\/sites\/5\/2023\/03\/AHPHU_S_00004_0002_A_opt.png","type":"image\/png"}],"twitter_card":"summary_large_image","twitter_misc":{"Tiempo de lectura":"4 minutos"},"schema":{"@context":"https:\/\/schema.org","@graph":[{"@type":"WebPage","@id":"https:\/\/dara.aragon.es\/dara\/sijena\/el-archivo-real\/","url":"https:\/\/dara.aragon.es\/dara\/sijena\/el-archivo-real\/","name":"El archivo real - DARA-Sigena Virtual","isPartOf":{"@id":"https:\/\/dara.aragon.es\/dara\/sijena\/#website"},"primaryImageOfPage":{"@id":"https:\/\/dara.aragon.es\/dara\/sijena\/el-archivo-real\/#primaryimage"},"image":{"@id":"https:\/\/dara.aragon.es\/dara\/sijena\/el-archivo-real\/#primaryimage"},"thumbnailUrl":"https:\/\/dara.aragon.es\/dara\/sijena\/wp-content\/uploads\/sites\/5\/2023\/03\/AHPHU_S_00004_0002_A_opt.png","datePublished":"2023-03-10T13:13:27+00:00","dateModified":"2025-04-04T03:13:29+00:00","breadcrumb":{"@id":"https:\/\/dara.aragon.es\/dara\/sijena\/el-archivo-real\/#breadcrumb"},"inLanguage":"es","potentialAction":[{"@type":"ReadAction","target":["https:\/\/dara.aragon.es\/dara\/sijena\/el-archivo-real\/"]}]},{"@type":"ImageObject","inLanguage":"es","@id":"https:\/\/dara.aragon.es\/dara\/sijena\/el-archivo-real\/#primaryimage","url":"https:\/\/dara.aragon.es\/dara\/sijena\/wp-content\/uploads\/sites\/5\/2023\/03\/AHPHU_S_00004_0002_A_opt.png","contentUrl":"https:\/\/dara.aragon.es\/dara\/sijena\/wp-content\/uploads\/sites\/5\/2023\/03\/AHPHU_S_00004_0002_A_opt.png","width":1000,"height":921,"caption":"ArchivoReal_AHPHU_S_00004_0002_A"},{"@type":"BreadcrumbList","@id":"https:\/\/dara.aragon.es\/dara\/sijena\/el-archivo-real\/#breadcrumb","itemListElement":[{"@type":"ListItem","position":1,"name":"Portada","item":"https:\/\/dara.aragon.es\/dara\/sijena\/"},{"@type":"ListItem","position":2,"name":"El archivo real"}]},{"@type":"WebSite","@id":"https:\/\/dara.aragon.es\/dara\/sijena\/#website","url":"https:\/\/dara.aragon.es\/dara\/sijena\/","name":"DARA-Sigena Virtual","description":"Sigena","potentialAction":[{"@type":"SearchAction","target":{"@type":"EntryPoint","urlTemplate":"https:\/\/dara.aragon.es\/dara\/sijena\/?s={search_term_string}"},"query-input":{"@type":"PropertyValueSpecification","valueRequired":true,"valueName":"search_term_string"}}],"inLanguage":"es"}]}},"_links":{"self":[{"href":"https:\/\/dara.aragon.es\/dara\/sijena\/wp-json\/wp\/v2\/pages\/40","targetHints":{"allow":["GET"]}}],"collection":[{"href":"https:\/\/dara.aragon.es\/dara\/sijena\/wp-json\/wp\/v2\/pages"}],"about":[{"href":"https:\/\/dara.aragon.es\/dara\/sijena\/wp-json\/wp\/v2\/types\/page"}],"author":[{"embeddable":true,"href":"https:\/\/dara.aragon.es\/dara\/sijena\/wp-json\/wp\/v2\/users\/1"}],"replies":[{"embeddable":true,"href":"https:\/\/dara.aragon.es\/dara\/sijena\/wp-json\/wp\/v2\/comments?post=40"}],"version-history":[{"count":41,"href":"https:\/\/dara.aragon.es\/dara\/sijena\/wp-json\/wp\/v2\/pages\/40\/revisions"}],"predecessor-version":[{"id":3940,"href":"https:\/\/dara.aragon.es\/dara\/sijena\/wp-json\/wp\/v2\/pages\/40\/revisions\/3940"}],"wp:featuredmedia":[{"embeddable":true,"href":"https:\/\/dara.aragon.es\/dara\/sijena\/wp-json\/wp\/v2\/media\/130"}],"wp:attachment":[{"href":"https:\/\/dara.aragon.es\/dara\/sijena\/wp-json\/wp\/v2\/media?parent=40"}],"curies":[{"name":"wp","href":"https:\/\/api.w.org\/{rel}","templated":true}]}}