{"id":761,"date":"2023-07-26T18:24:02","date_gmt":"2023-07-26T18:24:02","guid":{"rendered":"https:\/\/dara.aragon.es\/dara\/sijena\/?page_id=761"},"modified":"2024-06-02T09:56:39","modified_gmt":"2024-06-02T09:56:39","slug":"sancha-de-urrea-1225-1237","status":"publish","type":"page","link":"https:\/\/dara.aragon.es\/dara\/sijena\/sancha-de-urrea-1225-1237\/","title":{"rendered":"Sancha de Urrea (1225 &#8211; 1237)"},"content":{"rendered":"<p>[et_pb_section fb_built=\u00bb1&#8243; fullwidth=\u00bbon\u00bb admin_label=\u00bbHeader Section\u00bb _builder_version=\u00bb4.20.2&#8243; background_color=\u00bb#0D3857&#8243; background_enable_image=\u00bboff\u00bb parallax=\u00bbon\u00bb custom_padding=\u00bb|||\u00bb saved_tabs=\u00bball\u00bb locked=\u00bboff\u00bb global_colors_info=\u00bb{}\u00bb][et_pb_fullwidth_header title=\u00bbLAS PRIORAS DE SIGENA:\u00bb subhead=\u00bbSANCHA JIM\u00c9NEZ DE URREA (1225-1237)\u00bb text_orientation=\u00bbcenter\u00bb background_overlay_color=\u00bbrgba(0,0,0,0.4)\u00bb admin_label=\u00bbContents\u00bb _builder_version=\u00bb4.25.1&#8243; title_font=\u00bbOswald|||on|\u00bb title_text_align=\u00bbcenter\u00bb title_font_size=\u00bb38px\u00bb title_letter_spacing=\u00bb0.05em\u00bb title_line_height=\u00bb1.5em\u00bb subhead_font=\u00bbNunito|600|||||||\u00bb subhead_font_size=\u00bb20px\u00bb subhead_line_height=\u00bb1.9em\u00bb background_color=\u00bbrgba(255, 255, 255, 0)\u00bb background_enable_image=\u00bboff\u00bb parallax=\u00bbon\u00bb parallax_method=\u00bbon\u00bb custom_button_one=\u00bbon\u00bb button_one_text_size=\u00bb15px\u00bb button_one_bg_color=\u00bb#dca57d\u00bb button_one_border_width=\u00bb10px\u00bb button_one_border_color=\u00bb#dca57d\u00bb button_one_border_radius=\u00bb0px\u00bb button_one_letter_spacing=\u00bb3px\u00bb button_one_font=\u00bbOswald|||on|\u00bb button_one_use_icon=\u00bboff\u00bb custom_margin=\u00bb|||\u00bb custom_padding=\u00bb1%||1%||false|false\u00bb animation_style=\u00bbfade\u00bb animation_starting_opacity=\u00bb50%\u00bb animation_speed_curve=\u00bbease-in\u00bb title_font_size_tablet=\u00bb60px\u00bb title_font_size_phone=\u00bb40px\u00bb title_font_size_last_edited=\u00bbon|phone\u00bb button_one_border_color_hover=\u00bb#c99872&#8243; button_one_border_radius_hover=\u00bb0px\u00bb button_one_letter_spacing_hover=\u00bb3px\u00bb button_one_bg_color_hover=\u00bb#c99872&#8243; global_colors_info=\u00bb{}\u00bb button_one_text_size__hover_enabled=\u00bboff\u00bb button_two_text_size__hover_enabled=\u00bboff\u00bb button_one_text_color__hover_enabled=\u00bboff\u00bb button_two_text_color__hover_enabled=\u00bboff\u00bb button_one_border_width__hover_enabled=\u00bboff\u00bb button_two_border_width__hover_enabled=\u00bboff\u00bb button_one_border_color__hover_enabled=\u00bbon\u00bb button_one_border_color__hover=\u00bb#c99872&#8243; button_two_border_color__hover_enabled=\u00bboff\u00bb button_one_border_radius__hover_enabled=\u00bbon\u00bb button_one_border_radius__hover=\u00bb0px\u00bb button_two_border_radius__hover_enabled=\u00bboff\u00bb button_one_letter_spacing__hover_enabled=\u00bbon\u00bb button_one_letter_spacing__hover=\u00bb3px\u00bb button_two_letter_spacing__hover_enabled=\u00bboff\u00bb button_one_bg_color__hover_enabled=\u00bbon\u00bb button_one_bg_color__hover=\u00bb#c99872&#8243; button_two_bg_color__hover_enabled=\u00bboff\u00bb][\/et_pb_fullwidth_header][\/et_pb_section][et_pb_section fb_built=\u00bb1&#8243; _builder_version=\u00bb4.20.2&#8243; _module_preset=\u00bbdefault\u00bb global_colors_info=\u00bb{}\u00bb][et_pb_row column_structure=\u00bb2_5,3_5&#8243; _builder_version=\u00bb4.20.2&#8243; _module_preset=\u00bbdefault\u00bb global_colors_info=\u00bb{}\u00bb][et_pb_column type=\u00bb2_5&#8243; _builder_version=\u00bb4.20.2&#8243; _module_preset=\u00bbdefault\u00bb global_colors_info=\u00bb{}\u00bb][et_pb_image src=\u00bbhttps:\/\/dara.aragon.es\/dara\/sijena\/wp-content\/uploads\/sites\/5\/2023\/11\/Urrea.png\u00bb title_text=\u00bbUrrea\u00bb align=\u00bbcenter\u00bb _builder_version=\u00bb4.20.2&#8243; _module_preset=\u00bbdefault\u00bb width=\u00bb100%\u00bb custom_margin=\u00bb2px|-8px|39px|3px|false|false\u00bb custom_padding=\u00bb|0px|||false|false\u00bb box_shadow_style=\u00bbpreset2&#8243; box_shadow_spread=\u00bb1px\u00bb global_colors_info=\u00bb{}\u00bb][\/et_pb_image][\/et_pb_column][et_pb_column type=\u00bb3_5&#8243; _builder_version=\u00bb4.20.2&#8243; _module_preset=\u00bbdefault\u00bb global_colors_info=\u00bb{}\u00bb][et_pb_text _builder_version=\u00bb4.20.2&#8243; _module_preset=\u00bbdefault\u00bb global_colors_info=\u00bb{}\u00bb]<\/p>\n<p style=\"text-align: justify;\"><span>Perteneci\u00f3 a una de las ocho casas de la gran nobleza aragonesa, que con el tiempo entroncar\u00eda con los Luna y los Aranda, por lo que no es de extra\u00f1ar que formara parte del grupo de mujeres cercanas a la reina Sancha que constituy\u00f3 la primera comunidad sigenense.<\/span><\/p>\n<p style=\"text-align: justify;\">[\/et_pb_text][et_pb_button button_url=\u00bbhttps:\/\/dara.aragon.es\/opac\/app\/results\/sixe?q=sancha+de+urrea&#038;ob=os:0&#8243; button_text=\u00bbDOCUMENTOS SOBRE SANCHA DE URREA  EN DARA\u00bb _builder_version=\u00bb4.25.1&#8243; _module_preset=\u00bbdefault\u00bb button_text_size=\u00bb15px\u00bb global_colors_info=\u00bb{}\u00bb hover_enabled=\u00bb0&#8243; sticky_enabled=\u00bb0&#8243;][\/et_pb_button][\/et_pb_column][\/et_pb_row][et_pb_row _builder_version=\u00bb4.20.2&#8243; _module_preset=\u00bbdefault\u00bb global_colors_info=\u00bb{}\u00bb][et_pb_column type=\u00bb4_4&#8243; _builder_version=\u00bb4.20.2&#8243; _module_preset=\u00bbdefault\u00bb global_colors_info=\u00bb{}\u00bb][et_pb_text _builder_version=\u00bb4.20.2&#8243; _module_preset=\u00bbdefault\u00bb global_colors_info=\u00bb{}\u00bb]<\/p>\n<p style=\"text-align: justify\"><span>Parece ser que muy pronto logr\u00f3 escalar en la jerarqu\u00eda eclesi\u00e1stica y llegar al puesto de subpriora, honor del que gozaba a la muerte de la priora Osenda de Lizana. Al ejercer el cargo de subpriora, correspondi\u00f3 a Sancha organizar los preparativos para la elecci\u00f3n de una nueva priora. As\u00ed, fue ella quien convoc\u00f3 a los pobladores de los lugares bajo el se\u00f1or\u00edo de Sigena para que custodiasen las puertas del monasterio y evitar la entrada de cualquier persona. Con esta medida, que hab\u00eda sido acordada entre su predecesora Osenda y los representantes de estas poblaciones y que se seguir\u00e1 a partir de este momento, se buscaba impedir que alguien ajeno a la comunidad de religiosas interfiriese en la elecci\u00f3n. Como resultado del c\u00f3nclave Sancha Jim\u00e9nez de Urrea sali\u00f3 elegida como nueva priora, la cual promocion\u00f3 a Sancha Jim\u00e9nez de Luesia, Oria Jim\u00e9nez de Luesia y Alaydis, condesa de Armagnac, a cargos de importancia.<\/span><span><\/span><span><\/span><\/p>\n<p style=\"text-align: justify\"><span>Durante su mandato el patrimonio territorial de Sigena qued\u00f3 definido de forma casi definitiva gracias, en gran medida, a las donaciones realizadas por Jaime I de Arag\u00f3n. La relaci\u00f3n entre este monarca y el monasterio fue muy estrecha, puesto que en \u00e9l se hallaban los restos mortales de su padre, Pedro II, y de los caballeros que hab\u00edan fallecido a su lado en la batalla de Muret (1214). Sin embargo, parece que esta relaci\u00f3n superaba la de sus sucesores, quienes se hab\u00edan erigido como protectores de esta instituci\u00f3n. Autores como Mariano de Pano afirman que Jaime I busc\u00f3 asesoramiento pol\u00edtico e incluso militar para sus campa\u00f1as valencianas en Sancha Jim\u00e9nez de Urrea y en Oria de Valtierra. Razones que explicar\u00edan la decisi\u00f3n que este soberano tom\u00f3 en 1226 de ser enterrado en el pante\u00f3n real de Sigena, a pesar de que finalmente sus restos descansar\u00edan en el monasterio de Poblet.<\/span><\/p>\n<p style=\"text-align: justify\"><span>Igualmente, a partir de ese a\u00f1o Jaime I confirm\u00f3 al monasterio de Sigena y a su comunidad todas las donaciones que hab\u00edan realizado sus predecesores, las cuales aument\u00f3 con nuevos territorios y heredades. Gracias a esta generosidad el monasterio pas\u00f3 a tener posesiones en Cambor, Alcal\u00e1, Fandete, Candasnos, Yuberre, Sari\u00f1ena o Lanaja. As\u00ed mismo Jaime les otorg\u00f3 el castillo de Sari\u00f1ena, con la facultad de que pudieran construir casas y habitaciones dentro del mismo. Tambi\u00e9n entreg\u00f3 a Sigena diversas posesiones en Fraga o Zaragoza, encomend\u00f3 a estas religiosas la administraci\u00f3n y gobierno del monasterio femenino de Bujaraloz y les otorg\u00f3 la mitad del dinero que se recaudaba en la morer\u00eda de Calatayud. Posesiones a las cuales se sumaron las que diversos nobles, como Oria Jim\u00e9nez de Luesia, quien al ingresar en la comunidad sigenense don\u00f3 la villa de Aguas.<\/span><\/p>\n<p style=\"text-align: justify\">No obstante, muchas de estas donaciones no ten\u00edan verdadera importancia para el monasterio, en tanto que se encontraban dispersas y algunas de ellas muy alejadas de Sigena. Se entiende aqu\u00ed la pol\u00edtica implementada por Sancha Jim\u00e9nez de Urrea de conseguir territorios en la ciudad de Huesca o en los Monegros -las villas y castillos de Bujaraloz y Pe\u00f1alba-. La priora no dudo en invertir importantes cantidades de dinero en su compra o en cambiarlos por otros que, aunque pertenec\u00edan al monasterio, se encontraban mucho m\u00e1s alejados de este.<\/p>\n<p style=\"text-align: justify\">Tras la muerte de Osenda de Lizana y el acceso de Sancha al priorato, el Castell\u00e1n de Amposta -la m\u00e1xima autoridad de la Orden de San Juan de Jerusal\u00e9n en la Corona de Arag\u00f3n, a la cual pertenec\u00eda la comunidad de Sigena- trat\u00f3 de someter definitivamente a la priora a su soberan\u00eda. Como resultado, se public\u00f3 una nueva regulaci\u00f3n de atribuciones entre el Castell\u00e1n, Foulques de Tornel, y la priora, Sancha Jim\u00e9nez de Urrea.<\/p>\n<p>[\/et_pb_text][\/et_pb_column][\/et_pb_row][et_pb_row _builder_version=\u00bb4.20.2&#8243; _module_preset=\u00bbdefault\u00bb custom_padding=\u00bb0px|||||\u00bb global_colors_info=\u00bb{}\u00bb][et_pb_column type=\u00bb4_4&#8243; _builder_version=\u00bb4.20.2&#8243; _module_preset=\u00bbdefault\u00bb global_colors_info=\u00bb{}\u00bb][et_pb_divider show_divider=\u00bboff\u00bb _builder_version=\u00bb4.20.2&#8243; _module_preset=\u00bbdefault\u00bb custom_margin=\u00bb||-41px|||\u00bb custom_padding=\u00bb||0px|||\u00bb global_colors_info=\u00bb{}\u00bb][\/et_pb_divider][\/et_pb_column][\/et_pb_row][et_pb_row _builder_version=\u00bb4.20.2&#8243; _module_preset=\u00bbdefault\u00bb width=\u00bb85.9%\u00bb custom_margin=\u00bb-33px|auto||auto||\u00bb custom_padding=\u00bb|0px||0px||\u00bb global_colors_info=\u00bb{}\u00bb][et_pb_column type=\u00bb4_4&#8243; _builder_version=\u00bb4.20.2&#8243; _module_preset=\u00bbdefault\u00bb global_colors_info=\u00bb{}\u00bb][et_pb_text _builder_version=\u00bb4.20.2&#8243; _module_preset=\u00bbdefault\u00bb text_font=\u00bbOswald||||||||\u00bb text_letter_spacing=\u00bb2px\u00bb text_line_height=\u00bb1.8em\u00bb global_colors_info=\u00bb{}\u00bb]<\/p>\n<h2 style=\"text-align: center;\">BIBLIOGRAF\u00cdA<\/h2>\n<p>[\/et_pb_text][et_pb_text _builder_version=\u00bb4.20.2&#8243; _module_preset=\u00bbdefault\u00bb global_colors_info=\u00bb{}\u00bb]<\/p>\n<ul>\n<li style=\"text-align: justify;\">Latassa y Ort\u00edn, F\u00e9lix,\u00a0Bibliotheca antigua de los escritores aragoneses que florecieron desde la llegada de Christo, hasta el a\u00f1o 1500, Zaragoza, 1796.<\/li>\n<li style=\"text-align: justify;\">Lutrell, Anthony y Nicholson, Helen,<span>\u00a0<\/span><i>Hospitaller women in the Middle Ages<\/i>, Hants, Ashgate, 2006.<\/li>\n<li style=\"text-align: justify;\">Ubieto Arterta, Agust\u00edn,<em> El real monasterio de Sigena 1188-1300<\/em>, Valencia, 1966.<\/li>\n<li style=\"text-align: justify;\">Ubieto Arterta, Agust\u00edn,<span>\u00a0<\/span><em><a href=\"http:\/\/www.iea.es\/documents\/73041\/7c2a6a99-1495-40c3-a119-fa5441a764e9\">El Monasterio d\u00faplice de Sigena<\/a><\/em>, Instituto de Estudios Altoaragoneses, Huesca, 1986.<\/li>\n<li style=\"text-align: justify;\">Utrilla Utrilla, Juan F., \u00ab<a href=\"https:\/\/www.academia.edu\/3331046\/UTRILLA_UTRILLA_J._F._El_real_monasterio_de_Sijena_en_la_Edad_Media_._M._de_Pano_y_Ruata_Real_monasterio_de_Santa_Mar%C3%ADa_de_Sijena_Caja_Inmaculada._Zaragoza_2004_pp._XLIII-LXXXII\">El Real Monasterio de Sijena en la Edad Media<\/a>\u00ab, en Sesma Mu\u00f1oz, Jos\u00e9 \u00c1ngel (coord.),<span>\u00a0<\/span><i>Real Monasterio de Santa Mar\u00eda de Sijena<\/i>, CAI, 2004, pp. 43-82.<\/li>\n<li style=\"text-align: justify;\">Var\u00f3n, Marco Antonio,<span>\u00a0<\/span><i>Historia del real monasterio de Sixena<\/i>, Pamplona, 1773.<\/li>\n<\/ul>\n<p>[\/et_pb_text][\/et_pb_column][\/et_pb_row][et_pb_row _builder_version=\u00bb4.20.2&#8243; _module_preset=\u00bbdefault\u00bb custom_margin=\u00bb-31px|auto||auto||\u00bb global_colors_info=\u00bb{}\u00bb][et_pb_column type=\u00bb4_4&#8243; _builder_version=\u00bb4.20.2&#8243; _module_preset=\u00bbdefault\u00bb global_colors_info=\u00bb{}\u00bb][et_pb_divider show_divider=\u00bboff\u00bb _builder_version=\u00bb4.20.2&#8243; _module_preset=\u00bbdefault\u00bb min_height=\u00bb0px\u00bb global_colors_info=\u00bb{}\u00bb][\/et_pb_divider][et_pb_button button_url=\u00bbhttps:\/\/dara.aragon.es\/dara\/sijena\/las-prioras\/\u00bb button_text=\u00bbVOLVER A LAS PRIORAS DE SIGENA\u00bb _builder_version=\u00bb4.20.2&#8243; _module_preset=\u00bbdefault\u00bb button_text_size=\u00bb16px\u00bb global_colors_info=\u00bb{}\u00bb][\/et_pb_button][\/et_pb_column][\/et_pb_row][\/et_pb_section]<\/p>\n","protected":false},"excerpt":{"rendered":"<p>Perteneci\u00f3 a una de las ocho casas de la gran nobleza aragonesa, que con el tiempo entroncar\u00eda con los Luna y los Aranda, por lo que no es de extra\u00f1ar que formara parte del grupo de mujeres cercanas a la reina Sancha que constituy\u00f3 la primera comunidad sigenense. Parece ser que muy pronto logr\u00f3 escalar [&hellip;]<\/p>\n","protected":false},"author":1,"featured_media":1383,"parent":0,"menu_order":0,"comment_status":"closed","ping_status":"closed","template":"","meta":{"_et_pb_use_builder":"on","_et_pb_old_content":"<!-- wp:divi\/placeholder \/-->","_et_gb_content_width":"","footnotes":""},"class_list":["post-761","page","type-page","status-publish","has-post-thumbnail","hentry"],"yoast_head":"<!-- This site is optimized with the Yoast SEO plugin v26.2 - https:\/\/yoast.com\/wordpress\/plugins\/seo\/ -->\n<title>Sancha de Urrea (1225 - 1237) - DARA-Sigena Virtual<\/title>\n<meta name=\"robots\" content=\"index, follow, max-snippet:-1, max-image-preview:large, max-video-preview:-1\" \/>\n<link rel=\"canonical\" href=\"https:\/\/dara.aragon.es\/dara\/sijena\/sancha-de-urrea-1225-1237\/\" \/>\n<meta property=\"og:locale\" content=\"es_ES\" \/>\n<meta property=\"og:type\" content=\"article\" \/>\n<meta property=\"og:title\" content=\"Sancha de Urrea (1225 - 1237) - DARA-Sigena Virtual\" \/>\n<meta property=\"og:description\" content=\"Perteneci\u00f3 a una de las ocho casas de la gran nobleza aragonesa, que con el tiempo entroncar\u00eda con los Luna y los Aranda, por lo que no es de extra\u00f1ar que formara parte del grupo de mujeres cercanas a la reina Sancha que constituy\u00f3 la primera comunidad sigenense. Parece ser que muy pronto logr\u00f3 escalar [&hellip;]\" \/>\n<meta property=\"og:url\" content=\"https:\/\/dara.aragon.es\/dara\/sijena\/sancha-de-urrea-1225-1237\/\" \/>\n<meta property=\"og:site_name\" content=\"DARA-Sigena Virtual\" \/>\n<meta property=\"article:modified_time\" content=\"2024-06-02T09:56:39+00:00\" \/>\n<meta property=\"og:image\" content=\"https:\/\/dara.aragon.es\/dara\/sijena\/wp-content\/uploads\/sites\/5\/2023\/07\/ABV_00172_0002_0028_A-scaled.jpeg\" \/>\n\t<meta property=\"og:image:width\" content=\"1620\" \/>\n\t<meta property=\"og:image:height\" content=\"2560\" \/>\n\t<meta property=\"og:image:type\" content=\"image\/jpeg\" \/>\n<meta name=\"twitter:card\" content=\"summary_large_image\" \/>\n<meta name=\"twitter:label1\" content=\"Tiempo de lectura\" \/>\n\t<meta name=\"twitter:data1\" content=\"8 minutos\" \/>\n<script type=\"application\/ld+json\" class=\"yoast-schema-graph\">{\"@context\":\"https:\/\/schema.org\",\"@graph\":[{\"@type\":\"WebPage\",\"@id\":\"https:\/\/dara.aragon.es\/dara\/sijena\/sancha-de-urrea-1225-1237\/\",\"url\":\"https:\/\/dara.aragon.es\/dara\/sijena\/sancha-de-urrea-1225-1237\/\",\"name\":\"Sancha de Urrea (1225 - 1237) - DARA-Sigena Virtual\",\"isPartOf\":{\"@id\":\"https:\/\/dara.aragon.es\/dara\/sijena\/#website\"},\"primaryImageOfPage\":{\"@id\":\"https:\/\/dara.aragon.es\/dara\/sijena\/sancha-de-urrea-1225-1237\/#primaryimage\"},\"image\":{\"@id\":\"https:\/\/dara.aragon.es\/dara\/sijena\/sancha-de-urrea-1225-1237\/#primaryimage\"},\"thumbnailUrl\":\"https:\/\/dara.aragon.es\/dara\/sijena\/wp-content\/uploads\/sites\/5\/2023\/07\/ABV_00172_0002_0028_A-scaled.jpeg\",\"datePublished\":\"2023-07-26T18:24:02+00:00\",\"dateModified\":\"2024-06-02T09:56:39+00:00\",\"breadcrumb\":{\"@id\":\"https:\/\/dara.aragon.es\/dara\/sijena\/sancha-de-urrea-1225-1237\/#breadcrumb\"},\"inLanguage\":\"es\",\"potentialAction\":[{\"@type\":\"ReadAction\",\"target\":[\"https:\/\/dara.aragon.es\/dara\/sijena\/sancha-de-urrea-1225-1237\/\"]}]},{\"@type\":\"ImageObject\",\"inLanguage\":\"es\",\"@id\":\"https:\/\/dara.aragon.es\/dara\/sijena\/sancha-de-urrea-1225-1237\/#primaryimage\",\"url\":\"https:\/\/dara.aragon.es\/dara\/sijena\/wp-content\/uploads\/sites\/5\/2023\/07\/ABV_00172_0002_0028_A-scaled.jpeg\",\"contentUrl\":\"https:\/\/dara.aragon.es\/dara\/sijena\/wp-content\/uploads\/sites\/5\/2023\/07\/ABV_00172_0002_0028_A-scaled.jpeg\",\"width\":1620,\"height\":2560,\"caption\":\"Fotograf\u00eda del Archivo de la baron\u00eda de Valdeolivos\"},{\"@type\":\"BreadcrumbList\",\"@id\":\"https:\/\/dara.aragon.es\/dara\/sijena\/sancha-de-urrea-1225-1237\/#breadcrumb\",\"itemListElement\":[{\"@type\":\"ListItem\",\"position\":1,\"name\":\"Portada\",\"item\":\"https:\/\/dara.aragon.es\/dara\/sijena\/\"},{\"@type\":\"ListItem\",\"position\":2,\"name\":\"Sancha de Urrea (1225 &#8211; 1237)\"}]},{\"@type\":\"WebSite\",\"@id\":\"https:\/\/dara.aragon.es\/dara\/sijena\/#website\",\"url\":\"https:\/\/dara.aragon.es\/dara\/sijena\/\",\"name\":\"DARA-Sigena Virtual\",\"description\":\"Sigena\",\"potentialAction\":[{\"@type\":\"SearchAction\",\"target\":{\"@type\":\"EntryPoint\",\"urlTemplate\":\"https:\/\/dara.aragon.es\/dara\/sijena\/?s={search_term_string}\"},\"query-input\":{\"@type\":\"PropertyValueSpecification\",\"valueRequired\":true,\"valueName\":\"search_term_string\"}}],\"inLanguage\":\"es\"}]}<\/script>\n<!-- \/ Yoast SEO plugin. -->","yoast_head_json":{"title":"Sancha de Urrea (1225 - 1237) - DARA-Sigena Virtual","robots":{"index":"index","follow":"follow","max-snippet":"max-snippet:-1","max-image-preview":"max-image-preview:large","max-video-preview":"max-video-preview:-1"},"canonical":"https:\/\/dara.aragon.es\/dara\/sijena\/sancha-de-urrea-1225-1237\/","og_locale":"es_ES","og_type":"article","og_title":"Sancha de Urrea (1225 - 1237) - DARA-Sigena Virtual","og_description":"Perteneci\u00f3 a una de las ocho casas de la gran nobleza aragonesa, que con el tiempo entroncar\u00eda con los Luna y los Aranda, por lo que no es de extra\u00f1ar que formara parte del grupo de mujeres cercanas a la reina Sancha que constituy\u00f3 la primera comunidad sigenense. Parece ser que muy pronto logr\u00f3 escalar [&hellip;]","og_url":"https:\/\/dara.aragon.es\/dara\/sijena\/sancha-de-urrea-1225-1237\/","og_site_name":"DARA-Sigena Virtual","article_modified_time":"2024-06-02T09:56:39+00:00","og_image":[{"width":1620,"height":2560,"url":"https:\/\/dara.aragon.es\/dara\/sijena\/wp-content\/uploads\/sites\/5\/2023\/07\/ABV_00172_0002_0028_A-scaled.jpeg","type":"image\/jpeg"}],"twitter_card":"summary_large_image","twitter_misc":{"Tiempo de lectura":"8 minutos"},"schema":{"@context":"https:\/\/schema.org","@graph":[{"@type":"WebPage","@id":"https:\/\/dara.aragon.es\/dara\/sijena\/sancha-de-urrea-1225-1237\/","url":"https:\/\/dara.aragon.es\/dara\/sijena\/sancha-de-urrea-1225-1237\/","name":"Sancha de Urrea (1225 - 1237) - DARA-Sigena Virtual","isPartOf":{"@id":"https:\/\/dara.aragon.es\/dara\/sijena\/#website"},"primaryImageOfPage":{"@id":"https:\/\/dara.aragon.es\/dara\/sijena\/sancha-de-urrea-1225-1237\/#primaryimage"},"image":{"@id":"https:\/\/dara.aragon.es\/dara\/sijena\/sancha-de-urrea-1225-1237\/#primaryimage"},"thumbnailUrl":"https:\/\/dara.aragon.es\/dara\/sijena\/wp-content\/uploads\/sites\/5\/2023\/07\/ABV_00172_0002_0028_A-scaled.jpeg","datePublished":"2023-07-26T18:24:02+00:00","dateModified":"2024-06-02T09:56:39+00:00","breadcrumb":{"@id":"https:\/\/dara.aragon.es\/dara\/sijena\/sancha-de-urrea-1225-1237\/#breadcrumb"},"inLanguage":"es","potentialAction":[{"@type":"ReadAction","target":["https:\/\/dara.aragon.es\/dara\/sijena\/sancha-de-urrea-1225-1237\/"]}]},{"@type":"ImageObject","inLanguage":"es","@id":"https:\/\/dara.aragon.es\/dara\/sijena\/sancha-de-urrea-1225-1237\/#primaryimage","url":"https:\/\/dara.aragon.es\/dara\/sijena\/wp-content\/uploads\/sites\/5\/2023\/07\/ABV_00172_0002_0028_A-scaled.jpeg","contentUrl":"https:\/\/dara.aragon.es\/dara\/sijena\/wp-content\/uploads\/sites\/5\/2023\/07\/ABV_00172_0002_0028_A-scaled.jpeg","width":1620,"height":2560,"caption":"Fotograf\u00eda del Archivo de la baron\u00eda de Valdeolivos"},{"@type":"BreadcrumbList","@id":"https:\/\/dara.aragon.es\/dara\/sijena\/sancha-de-urrea-1225-1237\/#breadcrumb","itemListElement":[{"@type":"ListItem","position":1,"name":"Portada","item":"https:\/\/dara.aragon.es\/dara\/sijena\/"},{"@type":"ListItem","position":2,"name":"Sancha de Urrea (1225 &#8211; 1237)"}]},{"@type":"WebSite","@id":"https:\/\/dara.aragon.es\/dara\/sijena\/#website","url":"https:\/\/dara.aragon.es\/dara\/sijena\/","name":"DARA-Sigena Virtual","description":"Sigena","potentialAction":[{"@type":"SearchAction","target":{"@type":"EntryPoint","urlTemplate":"https:\/\/dara.aragon.es\/dara\/sijena\/?s={search_term_string}"},"query-input":{"@type":"PropertyValueSpecification","valueRequired":true,"valueName":"search_term_string"}}],"inLanguage":"es"}]}},"_links":{"self":[{"href":"https:\/\/dara.aragon.es\/dara\/sijena\/wp-json\/wp\/v2\/pages\/761","targetHints":{"allow":["GET"]}}],"collection":[{"href":"https:\/\/dara.aragon.es\/dara\/sijena\/wp-json\/wp\/v2\/pages"}],"about":[{"href":"https:\/\/dara.aragon.es\/dara\/sijena\/wp-json\/wp\/v2\/types\/page"}],"author":[{"embeddable":true,"href":"https:\/\/dara.aragon.es\/dara\/sijena\/wp-json\/wp\/v2\/users\/1"}],"replies":[{"embeddable":true,"href":"https:\/\/dara.aragon.es\/dara\/sijena\/wp-json\/wp\/v2\/comments?post=761"}],"version-history":[{"count":25,"href":"https:\/\/dara.aragon.es\/dara\/sijena\/wp-json\/wp\/v2\/pages\/761\/revisions"}],"predecessor-version":[{"id":3556,"href":"https:\/\/dara.aragon.es\/dara\/sijena\/wp-json\/wp\/v2\/pages\/761\/revisions\/3556"}],"wp:featuredmedia":[{"embeddable":true,"href":"https:\/\/dara.aragon.es\/dara\/sijena\/wp-json\/wp\/v2\/media\/1383"}],"wp:attachment":[{"href":"https:\/\/dara.aragon.es\/dara\/sijena\/wp-json\/wp\/v2\/media?parent=761"}],"curies":[{"name":"wp","href":"https:\/\/api.w.org\/{rel}","templated":true}]}}