{"id":807,"date":"2023-06-07T09:36:35","date_gmt":"2023-06-07T09:36:35","guid":{"rendered":"https:\/\/dara.aragon.es\/dara\/sijena\/?page_id=807"},"modified":"2024-06-06T12:43:58","modified_gmt":"2024-06-06T12:43:58","slug":"quienes-somos","status":"publish","type":"page","link":"https:\/\/dara.aragon.es\/dara\/sijena\/quienes-somos\/","title":{"rendered":"QUI\u00c9NES SOMOS"},"content":{"rendered":"<p>[et_pb_section fb_built=\u00bb1&#8243; fullwidth=\u00bbon\u00bb admin_label=\u00bbHeader Section\u00bb _builder_version=\u00bb4.20.2&#8243; background_color=\u00bb#0D3857&#8243; background_enable_image=\u00bboff\u00bb parallax=\u00bbon\u00bb custom_padding=\u00bb|||\u00bb saved_tabs=\u00bball\u00bb locked=\u00bboff\u00bb global_colors_info=\u00bb{}\u00bb][et_pb_fullwidth_post_title meta=\u00bboff\u00bb featured_image=\u00bboff\u00bb _builder_version=\u00bb4.25.1&#8243; _module_preset=\u00bbdefault\u00bb title_font=\u00bb&#8211;et_global_heading_font|||on|||||\u00bb title_text_align=\u00bbcenter\u00bb title_text_color=\u00bb#FFFFFF\u00bb title_font_size=\u00bb38px\u00bb background_color=\u00bb#0D3857&#8243; custom_padding=\u00bb3%||3%||false|false\u00bb global_colors_info=\u00bb{}\u00bb][\/et_pb_fullwidth_post_title][\/et_pb_section][et_pb_section fb_built=\u00bb1&#8243; _builder_version=\u00bb4.20.2&#8243; _module_preset=\u00bbdefault\u00bb locked=\u00bboff\u00bb global_colors_info=\u00bb{}\u00bb][et_pb_row _builder_version=\u00bb4.20.2&#8243; _module_preset=\u00bbdefault\u00bb global_colors_info=\u00bb{}\u00bb][et_pb_column type=\u00bb4_4&#8243; _builder_version=\u00bb4.20.2&#8243; _module_preset=\u00bbdefault\u00bb global_colors_info=\u00bb{}\u00bb][et_pb_text _builder_version=\u00bb4.25.1&#8243; _module_preset=\u00bbdefault\u00bb global_colors_info=\u00bb{}\u00bb]<\/p>\n<h1><strong>PRESENTACI\u00d3N<\/strong><\/h1>\n<p>[\/et_pb_text][et_pb_text _builder_version=\u00bb4.25.1&#8243; _module_preset=\u00bbdefault\u00bb hover_enabled=\u00bb0&#8243; global_colors_info=\u00bb{}\u00bb sticky_enabled=\u00bb0&#8243;]<\/p>\n<p style=\"text-align: left\">Desde su fundaci\u00f3n por la reina Sancha en el a\u00f1o 1188, el monasterio de Santa Mar\u00eda de Sigena conserv\u00f3 un importante volumen de documentaci\u00f3n, como resultado de su funci\u00f3n inicial como archivo real y de la relevancia que mantuvo como centro religioso tras la creaci\u00f3n del archivo real de Barcelona.<\/p>\n<p style=\"text-align: left\">El incendio del monasterio en 1936 provoc\u00f3 la destrucci\u00f3n de buena parte de su fondo documental. Lo que pudo salvarse del archivo gracias a la intervenci\u00f3n de los vecinos de Villanueva y su entorno se ocult\u00f3 para volver a salir a la luz tras la contienda, pero no pudo evitarse la dispersi\u00f3n de los documentos, de tal modo que algunos quedaron en manos privadas y otros acabaron entre los fondos de distintos archivos de Arag\u00f3n, Catalu\u00f1a o Madrid.<\/p>\n<p style=\"text-align: left\">El inter\u00e9s despertado por el cenobio en la historiograf\u00eda permiti\u00f3 la localizaci\u00f3n de buena parte de estos documentos que, a partir de 1950, se fueron dando a conocer dentro del mundo acad\u00e9mico. Ejemplo de ello son los trabajos de Agust\u00edn Ubieto Arteta o la labor desarrollada en el Archivo Hist\u00f3rico Provincial de Huesca, que, tras recibir en dep\u00f3sito en 1940 el mayor conjunto de los documentos recuperados, llev\u00f3 a cabo la catalogaci\u00f3n necesaria para poner en marcha nuevas investigaciones. En la actualidad, contamos con un importante volumen de publicaciones especializadas y de divulgaci\u00f3n que han permitido conocer con mayor detalle el desarrollo hist\u00f3rico del centro y su relevancia social, pol\u00edtica y econ\u00f3mica. Algunas de ellas pueden consultarse<span>\u00a0<\/span><a href=\"https:\/\/dara.aragon.es\/dara\/sijena\/bibliografia\/\" target=\"_blank\" rel=\"noopener\"><u>en este enlace<\/u><\/a>.<\/p>\n<p style=\"text-align: left\">El patrimonio hist\u00f3rico debe darse a conocer a todo el conjunto de la sociedad. El<span>\u00a0<\/span><strong>portal Sigena Virtual<\/strong><span>\u00a0<\/span>es el resultado del trabajo realizado en el proyecto \u00abArchivo Virtual de Sigena\u00bb, financiado por el Gobierno de Arag\u00f3n, y tiene como prop\u00f3sito dar a conocer la historia y el patrimonio documental del monasterio de Santa Mar\u00eda de Sigena a la vez que facilitar la reconstrucci\u00f3n virtual del archivo original del monasterio.<\/p>\n<p style=\"text-align: left\">Ello ha sido posible gracias a la identificaci\u00f3n, localizaci\u00f3n, digitalizaci\u00f3n de los documentos que formaron parte\u00a0 del fondo mon\u00e1stico para su incorporaci\u00f3n al portal<span>\u00a0<\/span><span><strong>DARA<\/strong>, de documentos y archivos de Arag\u00f3n, posibilitando as\u00ed su consulta en l\u00ednea.<\/span><\/p>\n<p style=\"text-align: left\"><span>As\u00ed se han incorporado documentos conservados actualmente en el Archivo Hist\u00f3rico Provincial de Huesca junto a los que han vuelto al monasterio de Sigena en aplicaci\u00f3n de recientes sentencias judiciales. A ellos se han unido los que se han localizado en otros centros:\u00a0 el Archivo Hist\u00f3rico Provincial de Zaragoza, el Archivo Diocesano de Huesca, el Archivo de la Corona de Arag\u00f3n (Barcelona), el Archivo Hist\u00f3rico Nacional (Madrid) o la Biblioteca de Catalu\u00f1a, entre otros.\u00a0\u00a0<\/span><span><\/span><\/p>\n<p style=\"text-align: left\">Adem\u00e1s de los documentos propios del monasterio, tambi\u00e9n se han incorporado al portal los de otras procedencias que, si bien no formaron\u00a0 parte del archivo mon\u00e1stico, tambi\u00e9n ofrece informaci\u00f3n sobre Sigena.<\/p>\n<p>[\/et_pb_text][\/et_pb_column][\/et_pb_row][\/et_pb_section][et_pb_section fb_built=\u00bb1&#8243; _builder_version=\u00bb4.20.2&#8243; _module_preset=\u00bbdefault\u00bb min_height=\u00bb1214.6px\u00bb global_colors_info=\u00bb{}\u00bb][et_pb_row _builder_version=\u00bb4.20.2&#8243; _module_preset=\u00bbdefault\u00bb custom_margin=\u00bb|auto|-106px|auto||\u00bb global_colors_info=\u00bb{}\u00bb][et_pb_column type=\u00bb4_4&#8243; _builder_version=\u00bb4.20.2&#8243; _module_preset=\u00bbdefault\u00bb global_colors_info=\u00bb{}\u00bb][et_pb_text _builder_version=\u00bb4.20.2&#8243; _module_preset=\u00bbdefault\u00bb global_colors_info=\u00bb{}\u00bb]<\/p>\n<h1><strong>EL PROYECTO \u00abSIGENA VIRTUAL\u00bb<\/strong><\/h1>\n<p>[\/et_pb_text][et_pb_text _builder_version=\u00bb4.25.1&#8243; _module_preset=\u00bbdefault\u00bb hover_enabled=\u00bb0&#8243; global_colors_info=\u00bb{}\u00bb sticky_enabled=\u00bb0&#8243;]<\/p>\n<p style=\"text-align: left\">Dentro de las diversas actuaciones promovidas por el Gobierno de Arag\u00f3n, para la recuperaci\u00f3n del antiguo monasterio sanjuanista, este proyecto pretende, en primer lugar, la recuperaci\u00f3n y difusi\u00f3n del rico patrimonio documental que conservaba su archivo y, adem\u00e1s, dar a conocer la documentaci\u00f3n relacionada con el cenobio que custodian los archivos aragoneses.<\/p>\n<p style=\"text-align: left\">El trabajo ha sido promovido por la Direcci\u00f3n General de Cultura del Gobierno de Arag\u00f3n a trav\u00e9s del Servicio de Archivos, Museos y Bibliotecas. Iniciado en junio de 2018 con la incorporaci\u00f3n de los documentos en dep\u00f3sito del Archivo Hist\u00f3rico Provincial de Huesca, y finaliz\u00f3 en 2023, coincidiendo con el primer centenario de la declaraci\u00f3n del monasterio como Monumento Nacional.<\/p>\n<p style=\"text-align: left\">Forma parte, por tanto, de un proyecto de mayor entidad destinado a la recuperaci\u00f3n y reconocimiento de la importancia hist\u00f3rica del Monasterio de Sigena m\u00e1s all\u00e1 de su valor art\u00edstico, reivindicando la importancia del estudio, conservaci\u00f3n y difusi\u00f3n del patrimonio documental.<\/p>\n<p style=\"text-align: left\">Con este fin, la Direcci\u00f3n General de Cultura del Gobierno de Arag\u00f3n ha incorporado, adem\u00e1s de sus propios archiveros, el trabajo de especialistas del Sistema de archivos estatales y de los grupos de investigaci\u00f3n de referencia de Arag\u00f3n, quienes han llevado a cabo la labor de identificaci\u00f3n, descripci\u00f3n y digitalizaci\u00f3n de la documentaci\u00f3n localizada en los distintos archivos. As\u00ed, este trabajo, centralizado desde el Archivo Hist\u00f3rico Provincial de Huesca (AHPHU) ha permitido la coordinaci\u00f3n con otros archivos y bibliotecas de Arag\u00f3n \u2013Archivo Diocesano de Huesca (ADH), Biblioteca P\u00fablica de Huesca (BPH), Archivo Hist\u00f3rico Provincial de Zaragoza (AHPZ), Fototeca de la Diputaci\u00f3n Provincial de Huesca (FDPH) y Archivo de los Barones de Valdeolivos (ABV)-, de Barcelona \u2013Archivo de la Corona de Arag\u00f3n (ACA), Biblioteca de Catalunya (BC)-, de Madrid \u2013Archivo Hist\u00f3rico Nacional (AHN) y Biblioteca Nacional (BNE), lo que ha permitido localizar documentaci\u00f3n esencial para la reconstrucci\u00f3n del archivo original del monasterio. Tambi\u00e9n ha sido valiosa la intervenci\u00f3n de centros como el Instituto de Estudios Altoaragoneses o el Grupo de Investigaci\u00f3n de Referencia Centro de Estudios Medievales de Arag\u00f3n (CEMA) de la Universidad de Zaragoza.<\/p>\n<p style=\"text-align: left\">La digitalizaci\u00f3n va a permitir reconstruir virtualmente el fondo original del Monasterio, haciendo as\u00ed m\u00e1s accesible la consulta los documentos, tanto para la comunidad cient\u00edfica como para el resto de la ciudadan\u00eda. Asimismo, la comparaci\u00f3n con las descripciones del archivo que se hicieron antes de su dispersi\u00f3n ha servido para valorar la importancia de lo perdido e identificar nuevos documentos que pudieran estar en manos privadas. En este sentido, Este proyecto est\u00e1 sujeto a futuras ampliaciones, en la medida en que aparezcan nuevos documentos que pudieran haber pertenecido al monasterio.<\/p>\n<p style=\"text-align: justify\">\n<p>[\/et_pb_text][et_pb_accordion _builder_version=\u00bb4.25.1&#8243; _module_preset=\u00bbdefault\u00bb body_font=\u00bbAdamina||||||||\u00bb hover_enabled=\u00bb0&#8243; global_colors_info=\u00bb{}\u00bb sticky_enabled=\u00bb0&#8243;][et_pb_accordion_item title=\u00bbCOORDINACI\u00d3N\u00bb open=\u00bbon\u00bb _builder_version=\u00bb4.20.2&#8243; _module_preset=\u00bbdefault\u00bb body_font=\u00bbActor||||||||\u00bb body_letter_spacing=\u00bb1px\u00bb body_line_height=\u00bb1.8em\u00bb global_colors_info=\u00bb{}\u00bb toggle_text_color=\u00bb#000000&#8243; toggle_level=\u00bbh4&#8243; toggle_font=\u00bbAlbert Sans||||||||\u00bb toggle_text_align=\u00bbcenter\u00bb]<\/p>\n<p><strong>Gobierno de Arag\u00f3n<\/strong><\/p>\n<p><strong>Departamento de Presidencia, Interior y Cultura<\/strong><\/p>\n<p><strong>Direcci\u00f3n General de Cultura<\/strong><\/p>\n<p><strong>Servicio de Archivos, Museos y Bibliotecas<\/strong><\/p>\n<p><strong>Archivo Hist\u00f3rico Provincial de Huesca<\/strong><\/p>\n<p>[\/et_pb_accordion_item][et_pb_accordion_item title=\u00bbARCHIVOS PARTICIPANTES\u00bb _builder_version=\u00bb4.20.2&#8243; _module_preset=\u00bbdefault\u00bb body_font=\u00bbActor||||||||\u00bb body_letter_spacing=\u00bb1px\u00bb body_line_height=\u00bb1.8em\u00bb global_colors_info=\u00bb{}\u00bb toggle_text_color=\u00bb#000000&#8243; toggle_level=\u00bbh4&#8243; toggle_font=\u00bbAlbert Sans||||||||\u00bb toggle_text_align=\u00bbcenter\u00bb open=\u00bboff\u00bb]<\/p>\n<p><strong>Archivo Hist\u00f3rico Provincial de Huesca (AHPHU)<\/strong><\/p>\n<p><strong>Archivo Diocesano de Huesca (ADH)<\/strong><\/p>\n<p><strong>Biblioteca P\u00fablica de Huesca (BPH)<\/strong><\/p>\n<p><strong>Archivo Hist\u00f3rico Provincial de Zaragoza (AHPZ)<\/strong><\/p>\n<p><strong>Fototeca de la Diputaci\u00f3n Provincial de Huesca (FDPH)<\/strong><\/p>\n<p><strong>Archivo de los Barones de Valdeolivos (ABV)<\/strong><\/p>\n<p><strong>Archivo de la Corona de Arag\u00f3n (ACA)<\/strong><\/p>\n<p><strong>Biblioteca de Catalunya (BC)<\/strong><\/p>\n<p><strong>Archivo Hist\u00f3rico Nacional (AHN)<\/strong><\/p>\n<p><strong>Biblioteca Nacional (BNE)<\/strong><\/p>\n<p><strong>Instituto de Estudios Sijenenses (IES)<\/strong><\/p>\n<p>[\/et_pb_accordion_item][et_pb_accordion_item title=\u00bbCR\u00c9DITOS\u00bb _builder_version=\u00bb4.25.1&#8243; _module_preset=\u00bbdefault\u00bb body_font=\u00bbActor||||||||\u00bb body_letter_spacing=\u00bb1px\u00bb body_line_height=\u00bb1.8em\u00bb hover_enabled=\u00bb0&#8243; global_colors_info=\u00bb{}\u00bb toggle_text_color=\u00bb#000000&#8243; toggle_level=\u00bbh4&#8243; toggle_font=\u00bbAlbert Sans||||||||\u00bb toggle_text_align=\u00bbcenter\u00bb open=\u00bboff\u00bb sticky_enabled=\u00bb0&#8243;]<\/p>\n<p><span style=\"text-decoration: underline\"><strong>Descripci\u00f3n de documentos<\/strong><\/span><\/p>\n<p>Guillermo Tom\u00e1s<\/p>\n<p>Alejandro R\u00edos<\/p>\n<p>Cristina Garc\u00eda<\/p>\n<p><span style=\"text-decoration: underline\"><strong>Dise\u00f1o web<\/strong><\/span><\/p>\n<p>Baul de Cursos<\/p>\n<p>Alexandra Maicas Bueno<\/p>\n<p>Cristina Garc\u00eda<\/p>\n<p><span style=\"text-decoration: underline\"><strong>Contenidos web<\/strong><\/span><\/p>\n<p>Cristina Garc\u00eda<\/p>\n<p>Alejandro R\u00edos<\/p>\n<p><span style=\"text-decoration: underline\"><strong>Digitalizaciones<\/strong><\/span><\/p>\n<p>Luis Fernando Jaime\u00a0<\/p>\n<p>Carlos Migliaccio<\/p>\n<p>Pilar R\u00edos<\/p>\n<p><strong><span style=\"text-decoration: underline\">Coordinaci\u00f3n geneal<\/span><\/strong><\/p>\n<p>Juan Jos\u00e9 Generelo<\/p>\n<p>[\/et_pb_accordion_item][\/et_pb_accordion][\/et_pb_column][\/et_pb_row][\/et_pb_section]<\/p>\n","protected":false},"excerpt":{"rendered":"<p>PRESENTACI\u00d3NDesde su fundaci\u00f3n por la reina Sancha en el a\u00f1o 1188, el monasterio de Santa Mar\u00eda de Sigena conserv\u00f3 un importante volumen de documentaci\u00f3n, como resultado de su funci\u00f3n inicial como archivo real y de la relevancia que mantuvo como centro religioso tras la creaci\u00f3n del archivo real de Barcelona. El incendio del monasterio en [&hellip;]<\/p>\n","protected":false},"author":28,"featured_media":119,"parent":0,"menu_order":0,"comment_status":"closed","ping_status":"closed","template":"","meta":{"_et_pb_use_builder":"on","_et_pb_old_content":"","_et_gb_content_width":"","footnotes":""},"class_list":["post-807","page","type-page","status-publish","has-post-thumbnail","hentry"],"yoast_head":"<!-- This site is optimized with the Yoast SEO plugin v27.6 - https:\/\/yoast.com\/product\/yoast-seo-wordpress\/ -->\n<title>QUI\u00c9NES SOMOS - DARA-Sigena Virtual<\/title>\n<meta name=\"robots\" content=\"index, follow, max-snippet:-1, max-image-preview:large, max-video-preview:-1\" \/>\n<link rel=\"canonical\" href=\"https:\/\/dara.aragon.es\/dara\/sijena\/quienes-somos\/\" \/>\n<meta property=\"og:locale\" content=\"es_ES\" \/>\n<meta property=\"og:type\" content=\"article\" \/>\n<meta property=\"og:title\" content=\"QUI\u00c9NES SOMOS - DARA-Sigena Virtual\" \/>\n<meta property=\"og:description\" content=\"PRESENTACI\u00d3NDesde su fundaci\u00f3n por la reina Sancha en el a\u00f1o 1188, el monasterio de Santa Mar\u00eda de Sigena conserv\u00f3 un importante volumen de documentaci\u00f3n, como resultado de su funci\u00f3n inicial como archivo real y de la relevancia que mantuvo como centro religioso tras la creaci\u00f3n del archivo real de Barcelona. El incendio del monasterio en [&hellip;]\" \/>\n<meta property=\"og:url\" content=\"https:\/\/dara.aragon.es\/dara\/sijena\/quienes-somos\/\" \/>\n<meta property=\"og:site_name\" content=\"DARA-Sigena Virtual\" \/>\n<meta property=\"article:modified_time\" content=\"2024-06-06T12:43:58+00:00\" \/>\n<meta property=\"og:image\" content=\"https:\/\/dara.aragon.es\/dara\/sijena\/wp-content\/uploads\/sites\/5\/2023\/03\/AHPZ_MF_GALIAY_0018.jpg\" \/>\n\t<meta property=\"og:image:width\" content=\"453\" \/>\n\t<meta property=\"og:image:height\" content=\"600\" \/>\n\t<meta property=\"og:image:type\" content=\"image\/jpeg\" \/>\n<meta name=\"twitter:card\" content=\"summary_large_image\" \/>\n<meta name=\"twitter:label1\" content=\"Tiempo de lectura\" \/>\n\t<meta name=\"twitter:data1\" content=\"8 minutos\" \/>\n<script type=\"application\/ld+json\" class=\"yoast-schema-graph\">{\"@context\":\"https:\\\/\\\/schema.org\",\"@graph\":[{\"@type\":\"WebPage\",\"@id\":\"https:\\\/\\\/dara.aragon.es\\\/dara\\\/sijena\\\/quienes-somos\\\/\",\"url\":\"https:\\\/\\\/dara.aragon.es\\\/dara\\\/sijena\\\/quienes-somos\\\/\",\"name\":\"QUI\u00c9NES SOMOS - DARA-Sigena Virtual\",\"isPartOf\":{\"@id\":\"https:\\\/\\\/dara.aragon.es\\\/dara\\\/sijena\\\/#website\"},\"primaryImageOfPage\":{\"@id\":\"https:\\\/\\\/dara.aragon.es\\\/dara\\\/sijena\\\/quienes-somos\\\/#primaryimage\"},\"image\":{\"@id\":\"https:\\\/\\\/dara.aragon.es\\\/dara\\\/sijena\\\/quienes-somos\\\/#primaryimage\"},\"thumbnailUrl\":\"https:\\\/\\\/dara.aragon.es\\\/dara\\\/sijena\\\/wp-content\\\/uploads\\\/sites\\\/5\\\/2023\\\/03\\\/AHPZ_MF_GALIAY_0018.jpg\",\"datePublished\":\"2023-06-07T09:36:35+00:00\",\"dateModified\":\"2024-06-06T12:43:58+00:00\",\"breadcrumb\":{\"@id\":\"https:\\\/\\\/dara.aragon.es\\\/dara\\\/sijena\\\/quienes-somos\\\/#breadcrumb\"},\"inLanguage\":\"es\",\"potentialAction\":[{\"@type\":\"ReadAction\",\"target\":[\"https:\\\/\\\/dara.aragon.es\\\/dara\\\/sijena\\\/quienes-somos\\\/\"]}]},{\"@type\":\"ImageObject\",\"inLanguage\":\"es\",\"@id\":\"https:\\\/\\\/dara.aragon.es\\\/dara\\\/sijena\\\/quienes-somos\\\/#primaryimage\",\"url\":\"https:\\\/\\\/dara.aragon.es\\\/dara\\\/sijena\\\/wp-content\\\/uploads\\\/sites\\\/5\\\/2023\\\/03\\\/AHPZ_MF_GALIAY_0018.jpg\",\"contentUrl\":\"https:\\\/\\\/dara.aragon.es\\\/dara\\\/sijena\\\/wp-content\\\/uploads\\\/sites\\\/5\\\/2023\\\/03\\\/AHPZ_MF_GALIAY_0018.jpg\",\"width\":453,\"height\":600,\"caption\":\"Historia-AHPZ_MF_GALIAY_0018\"},{\"@type\":\"BreadcrumbList\",\"@id\":\"https:\\\/\\\/dara.aragon.es\\\/dara\\\/sijena\\\/quienes-somos\\\/#breadcrumb\",\"itemListElement\":[{\"@type\":\"ListItem\",\"position\":1,\"name\":\"Portada\",\"item\":\"https:\\\/\\\/dara.aragon.es\\\/dara\\\/sijena\\\/\"},{\"@type\":\"ListItem\",\"position\":2,\"name\":\"QUI\u00c9NES SOMOS\"}]},{\"@type\":\"WebSite\",\"@id\":\"https:\\\/\\\/dara.aragon.es\\\/dara\\\/sijena\\\/#website\",\"url\":\"https:\\\/\\\/dara.aragon.es\\\/dara\\\/sijena\\\/\",\"name\":\"DARA-Sigena Virtual\",\"description\":\"Sigena\",\"potentialAction\":[{\"@type\":\"SearchAction\",\"target\":{\"@type\":\"EntryPoint\",\"urlTemplate\":\"https:\\\/\\\/dara.aragon.es\\\/dara\\\/sijena\\\/?s={search_term_string}\"},\"query-input\":{\"@type\":\"PropertyValueSpecification\",\"valueRequired\":true,\"valueName\":\"search_term_string\"}}],\"inLanguage\":\"es\"}]}<\/script>\n<!-- \/ Yoast SEO plugin. -->","yoast_head_json":{"title":"QUI\u00c9NES SOMOS - DARA-Sigena Virtual","robots":{"index":"index","follow":"follow","max-snippet":"max-snippet:-1","max-image-preview":"max-image-preview:large","max-video-preview":"max-video-preview:-1"},"canonical":"https:\/\/dara.aragon.es\/dara\/sijena\/quienes-somos\/","og_locale":"es_ES","og_type":"article","og_title":"QUI\u00c9NES SOMOS - DARA-Sigena Virtual","og_description":"PRESENTACI\u00d3NDesde su fundaci\u00f3n por la reina Sancha en el a\u00f1o 1188, el monasterio de Santa Mar\u00eda de Sigena conserv\u00f3 un importante volumen de documentaci\u00f3n, como resultado de su funci\u00f3n inicial como archivo real y de la relevancia que mantuvo como centro religioso tras la creaci\u00f3n del archivo real de Barcelona. El incendio del monasterio en [&hellip;]","og_url":"https:\/\/dara.aragon.es\/dara\/sijena\/quienes-somos\/","og_site_name":"DARA-Sigena Virtual","article_modified_time":"2024-06-06T12:43:58+00:00","og_image":[{"width":453,"height":600,"url":"https:\/\/dara.aragon.es\/dara\/sijena\/wp-content\/uploads\/sites\/5\/2023\/03\/AHPZ_MF_GALIAY_0018.jpg","type":"image\/jpeg"}],"twitter_card":"summary_large_image","twitter_misc":{"Tiempo de lectura":"8 minutos"},"schema":{"@context":"https:\/\/schema.org","@graph":[{"@type":"WebPage","@id":"https:\/\/dara.aragon.es\/dara\/sijena\/quienes-somos\/","url":"https:\/\/dara.aragon.es\/dara\/sijena\/quienes-somos\/","name":"QUI\u00c9NES SOMOS - DARA-Sigena Virtual","isPartOf":{"@id":"https:\/\/dara.aragon.es\/dara\/sijena\/#website"},"primaryImageOfPage":{"@id":"https:\/\/dara.aragon.es\/dara\/sijena\/quienes-somos\/#primaryimage"},"image":{"@id":"https:\/\/dara.aragon.es\/dara\/sijena\/quienes-somos\/#primaryimage"},"thumbnailUrl":"https:\/\/dara.aragon.es\/dara\/sijena\/wp-content\/uploads\/sites\/5\/2023\/03\/AHPZ_MF_GALIAY_0018.jpg","datePublished":"2023-06-07T09:36:35+00:00","dateModified":"2024-06-06T12:43:58+00:00","breadcrumb":{"@id":"https:\/\/dara.aragon.es\/dara\/sijena\/quienes-somos\/#breadcrumb"},"inLanguage":"es","potentialAction":[{"@type":"ReadAction","target":["https:\/\/dara.aragon.es\/dara\/sijena\/quienes-somos\/"]}]},{"@type":"ImageObject","inLanguage":"es","@id":"https:\/\/dara.aragon.es\/dara\/sijena\/quienes-somos\/#primaryimage","url":"https:\/\/dara.aragon.es\/dara\/sijena\/wp-content\/uploads\/sites\/5\/2023\/03\/AHPZ_MF_GALIAY_0018.jpg","contentUrl":"https:\/\/dara.aragon.es\/dara\/sijena\/wp-content\/uploads\/sites\/5\/2023\/03\/AHPZ_MF_GALIAY_0018.jpg","width":453,"height":600,"caption":"Historia-AHPZ_MF_GALIAY_0018"},{"@type":"BreadcrumbList","@id":"https:\/\/dara.aragon.es\/dara\/sijena\/quienes-somos\/#breadcrumb","itemListElement":[{"@type":"ListItem","position":1,"name":"Portada","item":"https:\/\/dara.aragon.es\/dara\/sijena\/"},{"@type":"ListItem","position":2,"name":"QUI\u00c9NES SOMOS"}]},{"@type":"WebSite","@id":"https:\/\/dara.aragon.es\/dara\/sijena\/#website","url":"https:\/\/dara.aragon.es\/dara\/sijena\/","name":"DARA-Sigena Virtual","description":"Sigena","potentialAction":[{"@type":"SearchAction","target":{"@type":"EntryPoint","urlTemplate":"https:\/\/dara.aragon.es\/dara\/sijena\/?s={search_term_string}"},"query-input":{"@type":"PropertyValueSpecification","valueRequired":true,"valueName":"search_term_string"}}],"inLanguage":"es"}]}},"_links":{"self":[{"href":"https:\/\/dara.aragon.es\/dara\/sijena\/wp-json\/wp\/v2\/pages\/807","targetHints":{"allow":["GET"]}}],"collection":[{"href":"https:\/\/dara.aragon.es\/dara\/sijena\/wp-json\/wp\/v2\/pages"}],"about":[{"href":"https:\/\/dara.aragon.es\/dara\/sijena\/wp-json\/wp\/v2\/types\/page"}],"author":[{"embeddable":true,"href":"https:\/\/dara.aragon.es\/dara\/sijena\/wp-json\/wp\/v2\/users\/28"}],"replies":[{"embeddable":true,"href":"https:\/\/dara.aragon.es\/dara\/sijena\/wp-json\/wp\/v2\/comments?post=807"}],"version-history":[{"count":55,"href":"https:\/\/dara.aragon.es\/dara\/sijena\/wp-json\/wp\/v2\/pages\/807\/revisions"}],"predecessor-version":[{"id":3786,"href":"https:\/\/dara.aragon.es\/dara\/sijena\/wp-json\/wp\/v2\/pages\/807\/revisions\/3786"}],"wp:featuredmedia":[{"embeddable":true,"href":"https:\/\/dara.aragon.es\/dara\/sijena\/wp-json\/wp\/v2\/media\/119"}],"wp:attachment":[{"href":"https:\/\/dara.aragon.es\/dara\/sijena\/wp-json\/wp\/v2\/media?parent=807"}],"curies":[{"name":"wp","href":"https:\/\/api.w.org\/{rel}","templated":true}]}}