{"id":954,"date":"2023-06-20T09:49:06","date_gmt":"2023-06-20T09:49:06","guid":{"rendered":"https:\/\/dara.aragon.es\/dara\/sijena\/?page_id=954"},"modified":"2025-04-04T14:58:03","modified_gmt":"2025-04-04T14:58:03","slug":"santa-maria-de-sigena-como-monumento-nacional","status":"publish","type":"page","link":"https:\/\/dara.aragon.es\/dara\/sijena\/santa-maria-de-sigena-como-monumento-nacional\/","title":{"rendered":"Santa Mar\u00eda de Sigena como Monumento nacional"},"content":{"rendered":"<p>[et_pb_section fb_built=\u00bb1&#8243; fullwidth=\u00bbon\u00bb admin_label=\u00bbHeader Section\u00bb _builder_version=\u00bb4.25.1&#8243; background_color=\u00bb#0D3857&#8243; background_enable_image=\u00bboff\u00bb parallax=\u00bbon\u00bb custom_padding=\u00bb|||\u00bb saved_tabs=\u00bball\u00bb locked=\u00bboff\u00bb global_colors_info=\u00bb{}\u00bb][et_pb_fullwidth_post_title meta=\u00bboff\u00bb featured_image=\u00bboff\u00bb _builder_version=\u00bb4.25.1&#8243; _module_preset=\u00bbdefault\u00bb title_font=\u00bb&#8211;et_global_heading_font|||on|||||\u00bb title_text_align=\u00bbcenter\u00bb title_text_color=\u00bb#FFFFFF\u00bb title_font_size=\u00bb38px\u00bb background_color=\u00bb#0D3857&#8243; custom_padding=\u00bb3%||3%||false|false\u00bb global_colors_info=\u00bb{}\u00bb][\/et_pb_fullwidth_post_title][\/et_pb_section][et_pb_section fb_built=\u00bb1&#8243; _builder_version=\u00bb4.20.2&#8243; _module_preset=\u00bbdefault\u00bb global_colors_info=\u00bb{}\u00bb][et_pb_row column_structure=\u00bb2_5,3_5&#8243; _builder_version=\u00bb4.20.2&#8243; _module_preset=\u00bbdefault\u00bb custom_padding=\u00bb10px|||||\u00bb global_colors_info=\u00bb{}\u00bb][et_pb_column type=\u00bb2_5&#8243; _builder_version=\u00bb4.20.2&#8243; _module_preset=\u00bbdefault\u00bb global_colors_info=\u00bb{}\u00bb][et_pb_image src=\u00bbhttps:\/\/dara.aragon.es\/dara\/sijena\/wp-content\/uploads\/sites\/5\/2023\/07\/Portada-boletin-ARH_Monumento-nacional.png\u00bb title_text=\u00bbPortada boletin ARH_Monumento nacional\u00bb _builder_version=\u00bb4.27.4&#8243; _module_preset=\u00bbdefault\u00bb width=\u00bb85%\u00bb custom_margin=\u00bb|-3px||||\u00bb hover_enabled=\u00bb0&#8243; border_width_all=\u00bb1px\u00bb border_color_all=\u00bb#E09900&#8243; global_colors_info=\u00bb{}\u00bb sticky_enabled=\u00bb0&#8243;][\/et_pb_image][et_pb_text _builder_version=\u00bb4.27.4&#8243; _module_preset=\u00bbdefault\u00bb global_colors_info=\u00bb{}\u00bb]<\/p>\n<p style=\"text-align: justify;\"><i>Bolet\u00edn de la Real Academia de la Historia,<\/i><span> tomo 82 (mayo 1923), pp.353-357.<\/span><\/p>\n<p>[\/et_pb_text][\/et_pb_column][et_pb_column type=\u00bb3_5&#8243; _builder_version=\u00bb4.20.2&#8243; _module_preset=\u00bbdefault\u00bb global_colors_info=\u00bb{}\u00bb][et_pb_text _builder_version=\u00bb4.20.2&#8243; _module_preset=\u00bbdefault\u00bb global_colors_info=\u00bb{}\u00bb]<\/p>\n<p style=\"text-align: justify;\">En mayo de 1923, se public\u00f3 en el Bolet\u00edn de la Real Academia de la Historia el informe que declaraba el Real monasterio de Santa Mar\u00eda de Sigena como monumento nacional. Dicho informe, avalado por una memoria monogr\u00e1fica escrita por Ricardo del Arco, reconoc\u00eda la importancia hist\u00f3rica y art\u00edstica del centro religioso.<\/p>\n<p style=\"text-align: justify;\">En 2023, se han cumplido cien a\u00f1os de esta declaraci\u00f3n, en la que el monasterio ha pasado por un incendio, varios proyectos de restauraci\u00f3n durante el franquismo y sucesivas campa\u00f1as que, desde los a\u00f1os 1980, han aplicado criterios modernos a la rehabilitaci\u00f3n y restauraci\u00f3n del complejo hasta llegar a su estado actual.<\/p>\n<p style=\"text-align: justify;\">\n<p>[\/et_pb_text][et_pb_button button_url=\u00bbhttps:\/\/www.cervantesvirtual.com\/obra\/real-monasterio-de-sigena\/\u00bb url_new_window=\u00bbon\u00bb button_text=\u00bbVer en Cervantes Virtual\u00bb _builder_version=\u00bb4.20.2&#8243; _module_preset=\u00bbdefault\u00bb global_colors_info=\u00bb{}\u00bb][\/et_pb_button][\/et_pb_column][\/et_pb_row][et_pb_row column_structure=\u00bb1_2,1_2&#8243; _builder_version=\u00bb4.20.2&#8243; _module_preset=\u00bbdefault\u00bb global_colors_info=\u00bb{}\u00bb][et_pb_column type=\u00bb1_2&#8243; _builder_version=\u00bb4.20.2&#8243; _module_preset=\u00bbdefault\u00bb global_colors_info=\u00bb{}\u00bb][et_pb_image src=\u00bbhttps:\/\/dara.aragon.es\/dara\/sijena\/wp-content\/uploads\/sites\/5\/2023\/04\/AHPZ_MF_GALIAY_0021.jpg\u00bb alt=\u00bbAHPZ_MF_GALIAY_0021&#8243; title_text=\u00bbAHPZ_MF_GALIAY_0021&#8243; url_new_window=\u00bbon\u00bb align=\u00bbcenter\u00bb _builder_version=\u00bb4.20.2&#8243; _module_preset=\u00bbdefault\u00bb width=\u00bb60%\u00bb custom_margin=\u00bb15px||||false|false\u00bb global_colors_info=\u00bb{}\u00bb button_bg_color__hover=\u00bbRGBA(255,255,255,0)\u00bb button_bg_color__hover_enabled=\u00bbon|hover\u00bb button_border_color__hover=\u00bb#232323&#8243; button_border_color__hover_enabled=\u00bbon|hover\u00bb][\/et_pb_image][et_pb_text _builder_version=\u00bb4.20.2&#8243; _module_preset=\u00bbdefault\u00bb global_colors_info=\u00bb{}\u00bb]<\/p>\n<p>A lo largo de los siglos XIX y XX, se llevaron a cabo varias campa\u00f1as de restauraci\u00f3n y rehabilitaci\u00f3n del complejo. Algunos de los documentos relacionados con ello pueden consultarse en DARA.<\/p>\n<p>[\/et_pb_text][et_pb_button button_url=\u00bbhttps:\/\/dara.aragon.es\/dara\/sijena\/las-restauraciones-de-sigena\/\u00bb url_new_window=\u00bbon\u00bb button_text=\u00bbLa reconstrucci\u00f3n de Sigena (ss. XIX-XX)\u00bb _builder_version=\u00bb4.27.4&#8243; _module_preset=\u00bbdefault\u00bb hover_enabled=\u00bb0&#8243; global_colors_info=\u00bb{}\u00bb button_alignment=\u00bbcenter\u00bb sticky_enabled=\u00bb0&#8243;][\/et_pb_button][\/et_pb_column][et_pb_column type=\u00bb1_2&#8243; _builder_version=\u00bb4.20.2&#8243; _module_preset=\u00bbdefault\u00bb global_colors_info=\u00bb{}\u00bb][et_pb_image src=\u00bbhttps:\/\/dara.aragon.es\/dara\/sijena\/wp-content\/uploads\/sites\/5\/2023\/07\/FDPH_SANAGUSTIN_0068.jpg\u00bb alt=\u00bbAHPZ_MF_GALIAY_0021&#8243; title_text=\u00bbFDPH_SANAGUSTIN_0068&#8243; align=\u00bbcenter\u00bb _builder_version=\u00bb4.20.2&#8243; _module_preset=\u00bbdefault\u00bb width=\u00bb78%\u00bb custom_margin=\u00bb-3px|||||\u00bb custom_padding=\u00bb3px||0px|12px||\u00bb box_shadow_style=\u00bbpreset2&#8243; box_shadow_spread=\u00bb1px\u00bb global_colors_info=\u00bb{}\u00bb][\/et_pb_image][et_pb_text _builder_version=\u00bb4.20.2&#8243; _module_preset=\u00bbdefault\u00bb global_colors_info=\u00bb{}\u00bb]<\/p>\n<p style=\"text-align: justify;\">El monasterio atrajo la atenci\u00f3n de varios fot\u00f3grafos que tomaron instant\u00e1neas de Sigena y sus moradoras. Estos documentos gr\u00e1ficos, algunos de ellos disponibles en DARA, permiten conocer el estado de conservaci\u00f3n y la evoluci\u00f3n del cenobio durante el siglo XX.<\/p>\n<p>[\/et_pb_text][et_pb_button button_url=\u00bbhttps:\/\/dara.aragon.es\/dara\/sijena\/fotografia-historica\/\u00bb url_new_window=\u00bbon\u00bb button_text=\u00bbFotograf\u00eda hist\u00f3rica\u00bb _builder_version=\u00bb4.27.4&#8243; _module_preset=\u00bbdefault\u00bb hover_enabled=\u00bb0&#8243; global_colors_info=\u00bb{}\u00bb button_alignment=\u00bbcenter\u00bb sticky_enabled=\u00bb0&#8243;][\/et_pb_button][\/et_pb_column][\/et_pb_row][\/et_pb_section]<\/p>\n","protected":false},"excerpt":{"rendered":"<p>Bolet\u00edn de la Real Academia de la Historia, tomo 82 (mayo 1923), pp.353-357.En mayo de 1923, se public\u00f3 en el Bolet\u00edn de la Real Academia de la Historia el informe que declaraba el Real monasterio de Santa Mar\u00eda de Sigena como monumento nacional. Dicho informe, avalado por una memoria monogr\u00e1fica escrita por Ricardo del Arco, [&hellip;]<\/p>\n","protected":false},"author":1,"featured_media":729,"parent":0,"menu_order":0,"comment_status":"closed","ping_status":"closed","template":"","meta":{"_et_pb_use_builder":"on","_et_pb_old_content":"<!-- wp:divi\/placeholder \/-->","_et_gb_content_width":"","footnotes":""},"class_list":["post-954","page","type-page","status-publish","has-post-thumbnail","hentry"],"yoast_head":"<!-- This site is optimized with the Yoast SEO plugin v27.6 - https:\/\/yoast.com\/product\/yoast-seo-wordpress\/ -->\n<title>Santa Mar\u00eda de Sigena como Monumento nacional - DARA-Sigena Virtual<\/title>\n<meta name=\"robots\" content=\"index, follow, max-snippet:-1, max-image-preview:large, max-video-preview:-1\" \/>\n<link rel=\"canonical\" href=\"https:\/\/dara.aragon.es\/dara\/sijena\/santa-maria-de-sigena-como-monumento-nacional\/\" \/>\n<meta property=\"og:locale\" content=\"es_ES\" \/>\n<meta property=\"og:type\" content=\"article\" \/>\n<meta property=\"og:title\" content=\"Santa Mar\u00eda de Sigena como Monumento nacional - DARA-Sigena Virtual\" \/>\n<meta property=\"og:description\" content=\"Bolet\u00edn de la Real Academia de la Historia, tomo 82 (mayo 1923), pp.353-357.En mayo de 1923, se public\u00f3 en el Bolet\u00edn de la Real Academia de la Historia el informe que declaraba el Real monasterio de Santa Mar\u00eda de Sigena como monumento nacional. Dicho informe, avalado por una memoria monogr\u00e1fica escrita por Ricardo del Arco, [&hellip;]\" \/>\n<meta property=\"og:url\" content=\"https:\/\/dara.aragon.es\/dara\/sijena\/santa-maria-de-sigena-como-monumento-nacional\/\" \/>\n<meta property=\"og:site_name\" content=\"DARA-Sigena Virtual\" \/>\n<meta property=\"article:modified_time\" content=\"2025-04-04T14:58:03+00:00\" \/>\n<meta property=\"og:image\" content=\"https:\/\/dara.aragon.es\/dara\/sijena\/wp-content\/uploads\/sites\/5\/2023\/04\/3-Iglesia.-2016.-Juan-Carlos-Gil-Ballano.jpg\" \/>\n\t<meta property=\"og:image:width\" content=\"667\" \/>\n\t<meta property=\"og:image:height\" content=\"1000\" \/>\n\t<meta property=\"og:image:type\" content=\"image\/jpeg\" \/>\n<meta name=\"twitter:card\" content=\"summary_large_image\" \/>\n<meta name=\"twitter:label1\" content=\"Tiempo de lectura\" \/>\n\t<meta name=\"twitter:data1\" content=\"4 minutos\" \/>\n<script type=\"application\/ld+json\" class=\"yoast-schema-graph\">{\"@context\":\"https:\\\/\\\/schema.org\",\"@graph\":[{\"@type\":\"WebPage\",\"@id\":\"https:\\\/\\\/dara.aragon.es\\\/dara\\\/sijena\\\/santa-maria-de-sigena-como-monumento-nacional\\\/\",\"url\":\"https:\\\/\\\/dara.aragon.es\\\/dara\\\/sijena\\\/santa-maria-de-sigena-como-monumento-nacional\\\/\",\"name\":\"Santa Mar\u00eda de Sigena como Monumento nacional - DARA-Sigena Virtual\",\"isPartOf\":{\"@id\":\"https:\\\/\\\/dara.aragon.es\\\/dara\\\/sijena\\\/#website\"},\"primaryImageOfPage\":{\"@id\":\"https:\\\/\\\/dara.aragon.es\\\/dara\\\/sijena\\\/santa-maria-de-sigena-como-monumento-nacional\\\/#primaryimage\"},\"image\":{\"@id\":\"https:\\\/\\\/dara.aragon.es\\\/dara\\\/sijena\\\/santa-maria-de-sigena-como-monumento-nacional\\\/#primaryimage\"},\"thumbnailUrl\":\"https:\\\/\\\/dara.aragon.es\\\/dara\\\/sijena\\\/wp-content\\\/uploads\\\/sites\\\/5\\\/2023\\\/04\\\/3-Iglesia.-2016.-Juan-Carlos-Gil-Ballano.jpg\",\"datePublished\":\"2023-06-20T09:49:06+00:00\",\"dateModified\":\"2025-04-04T14:58:03+00:00\",\"breadcrumb\":{\"@id\":\"https:\\\/\\\/dara.aragon.es\\\/dara\\\/sijena\\\/santa-maria-de-sigena-como-monumento-nacional\\\/#breadcrumb\"},\"inLanguage\":\"es\",\"potentialAction\":[{\"@type\":\"ReadAction\",\"target\":[\"https:\\\/\\\/dara.aragon.es\\\/dara\\\/sijena\\\/santa-maria-de-sigena-como-monumento-nacional\\\/\"]}]},{\"@type\":\"ImageObject\",\"inLanguage\":\"es\",\"@id\":\"https:\\\/\\\/dara.aragon.es\\\/dara\\\/sijena\\\/santa-maria-de-sigena-como-monumento-nacional\\\/#primaryimage\",\"url\":\"https:\\\/\\\/dara.aragon.es\\\/dara\\\/sijena\\\/wp-content\\\/uploads\\\/sites\\\/5\\\/2023\\\/04\\\/3-Iglesia.-2016.-Juan-Carlos-Gil-Ballano.jpg\",\"contentUrl\":\"https:\\\/\\\/dara.aragon.es\\\/dara\\\/sijena\\\/wp-content\\\/uploads\\\/sites\\\/5\\\/2023\\\/04\\\/3-Iglesia.-2016.-Juan-Carlos-Gil-Ballano.jpg\",\"width\":667,\"height\":1000,\"caption\":\"3 Iglesia. 2016. Juan Carlos Gil Ballano\"},{\"@type\":\"BreadcrumbList\",\"@id\":\"https:\\\/\\\/dara.aragon.es\\\/dara\\\/sijena\\\/santa-maria-de-sigena-como-monumento-nacional\\\/#breadcrumb\",\"itemListElement\":[{\"@type\":\"ListItem\",\"position\":1,\"name\":\"Portada\",\"item\":\"https:\\\/\\\/dara.aragon.es\\\/dara\\\/sijena\\\/\"},{\"@type\":\"ListItem\",\"position\":2,\"name\":\"Santa Mar\u00eda de Sigena como Monumento nacional\"}]},{\"@type\":\"WebSite\",\"@id\":\"https:\\\/\\\/dara.aragon.es\\\/dara\\\/sijena\\\/#website\",\"url\":\"https:\\\/\\\/dara.aragon.es\\\/dara\\\/sijena\\\/\",\"name\":\"DARA-Sigena Virtual\",\"description\":\"Sigena\",\"potentialAction\":[{\"@type\":\"SearchAction\",\"target\":{\"@type\":\"EntryPoint\",\"urlTemplate\":\"https:\\\/\\\/dara.aragon.es\\\/dara\\\/sijena\\\/?s={search_term_string}\"},\"query-input\":{\"@type\":\"PropertyValueSpecification\",\"valueRequired\":true,\"valueName\":\"search_term_string\"}}],\"inLanguage\":\"es\"}]}<\/script>\n<!-- \/ Yoast SEO plugin. -->","yoast_head_json":{"title":"Santa Mar\u00eda de Sigena como Monumento nacional - DARA-Sigena Virtual","robots":{"index":"index","follow":"follow","max-snippet":"max-snippet:-1","max-image-preview":"max-image-preview:large","max-video-preview":"max-video-preview:-1"},"canonical":"https:\/\/dara.aragon.es\/dara\/sijena\/santa-maria-de-sigena-como-monumento-nacional\/","og_locale":"es_ES","og_type":"article","og_title":"Santa Mar\u00eda de Sigena como Monumento nacional - DARA-Sigena Virtual","og_description":"Bolet\u00edn de la Real Academia de la Historia, tomo 82 (mayo 1923), pp.353-357.En mayo de 1923, se public\u00f3 en el Bolet\u00edn de la Real Academia de la Historia el informe que declaraba el Real monasterio de Santa Mar\u00eda de Sigena como monumento nacional. Dicho informe, avalado por una memoria monogr\u00e1fica escrita por Ricardo del Arco, [&hellip;]","og_url":"https:\/\/dara.aragon.es\/dara\/sijena\/santa-maria-de-sigena-como-monumento-nacional\/","og_site_name":"DARA-Sigena Virtual","article_modified_time":"2025-04-04T14:58:03+00:00","og_image":[{"width":667,"height":1000,"url":"https:\/\/dara.aragon.es\/dara\/sijena\/wp-content\/uploads\/sites\/5\/2023\/04\/3-Iglesia.-2016.-Juan-Carlos-Gil-Ballano.jpg","type":"image\/jpeg"}],"twitter_card":"summary_large_image","twitter_misc":{"Tiempo de lectura":"4 minutos"},"schema":{"@context":"https:\/\/schema.org","@graph":[{"@type":"WebPage","@id":"https:\/\/dara.aragon.es\/dara\/sijena\/santa-maria-de-sigena-como-monumento-nacional\/","url":"https:\/\/dara.aragon.es\/dara\/sijena\/santa-maria-de-sigena-como-monumento-nacional\/","name":"Santa Mar\u00eda de Sigena como Monumento nacional - DARA-Sigena Virtual","isPartOf":{"@id":"https:\/\/dara.aragon.es\/dara\/sijena\/#website"},"primaryImageOfPage":{"@id":"https:\/\/dara.aragon.es\/dara\/sijena\/santa-maria-de-sigena-como-monumento-nacional\/#primaryimage"},"image":{"@id":"https:\/\/dara.aragon.es\/dara\/sijena\/santa-maria-de-sigena-como-monumento-nacional\/#primaryimage"},"thumbnailUrl":"https:\/\/dara.aragon.es\/dara\/sijena\/wp-content\/uploads\/sites\/5\/2023\/04\/3-Iglesia.-2016.-Juan-Carlos-Gil-Ballano.jpg","datePublished":"2023-06-20T09:49:06+00:00","dateModified":"2025-04-04T14:58:03+00:00","breadcrumb":{"@id":"https:\/\/dara.aragon.es\/dara\/sijena\/santa-maria-de-sigena-como-monumento-nacional\/#breadcrumb"},"inLanguage":"es","potentialAction":[{"@type":"ReadAction","target":["https:\/\/dara.aragon.es\/dara\/sijena\/santa-maria-de-sigena-como-monumento-nacional\/"]}]},{"@type":"ImageObject","inLanguage":"es","@id":"https:\/\/dara.aragon.es\/dara\/sijena\/santa-maria-de-sigena-como-monumento-nacional\/#primaryimage","url":"https:\/\/dara.aragon.es\/dara\/sijena\/wp-content\/uploads\/sites\/5\/2023\/04\/3-Iglesia.-2016.-Juan-Carlos-Gil-Ballano.jpg","contentUrl":"https:\/\/dara.aragon.es\/dara\/sijena\/wp-content\/uploads\/sites\/5\/2023\/04\/3-Iglesia.-2016.-Juan-Carlos-Gil-Ballano.jpg","width":667,"height":1000,"caption":"3 Iglesia. 2016. Juan Carlos Gil Ballano"},{"@type":"BreadcrumbList","@id":"https:\/\/dara.aragon.es\/dara\/sijena\/santa-maria-de-sigena-como-monumento-nacional\/#breadcrumb","itemListElement":[{"@type":"ListItem","position":1,"name":"Portada","item":"https:\/\/dara.aragon.es\/dara\/sijena\/"},{"@type":"ListItem","position":2,"name":"Santa Mar\u00eda de Sigena como Monumento nacional"}]},{"@type":"WebSite","@id":"https:\/\/dara.aragon.es\/dara\/sijena\/#website","url":"https:\/\/dara.aragon.es\/dara\/sijena\/","name":"DARA-Sigena Virtual","description":"Sigena","potentialAction":[{"@type":"SearchAction","target":{"@type":"EntryPoint","urlTemplate":"https:\/\/dara.aragon.es\/dara\/sijena\/?s={search_term_string}"},"query-input":{"@type":"PropertyValueSpecification","valueRequired":true,"valueName":"search_term_string"}}],"inLanguage":"es"}]}},"_links":{"self":[{"href":"https:\/\/dara.aragon.es\/dara\/sijena\/wp-json\/wp\/v2\/pages\/954","targetHints":{"allow":["GET"]}}],"collection":[{"href":"https:\/\/dara.aragon.es\/dara\/sijena\/wp-json\/wp\/v2\/pages"}],"about":[{"href":"https:\/\/dara.aragon.es\/dara\/sijena\/wp-json\/wp\/v2\/types\/page"}],"author":[{"embeddable":true,"href":"https:\/\/dara.aragon.es\/dara\/sijena\/wp-json\/wp\/v2\/users\/1"}],"replies":[{"embeddable":true,"href":"https:\/\/dara.aragon.es\/dara\/sijena\/wp-json\/wp\/v2\/comments?post=954"}],"version-history":[{"count":34,"href":"https:\/\/dara.aragon.es\/dara\/sijena\/wp-json\/wp\/v2\/pages\/954\/revisions"}],"predecessor-version":[{"id":3979,"href":"https:\/\/dara.aragon.es\/dara\/sijena\/wp-json\/wp\/v2\/pages\/954\/revisions\/3979"}],"wp:featuredmedia":[{"embeddable":true,"href":"https:\/\/dara.aragon.es\/dara\/sijena\/wp-json\/wp\/v2\/media\/729"}],"wp:attachment":[{"href":"https:\/\/dara.aragon.es\/dara\/sijena\/wp-json\/wp\/v2\/media?parent=954"}],"curies":[{"name":"wp","href":"https:\/\/api.w.org\/{rel}","templated":true}]}}