{"id":1095,"date":"2022-10-28T11:16:59","date_gmt":"2022-10-28T11:16:59","guid":{"rendered":"https:\/\/dara.aragon.es\/dara\/?page_id=1095"},"modified":"2025-02-04T15:09:15","modified_gmt":"2025-02-04T15:09:15","slug":"formulario-de-consultas","status":"publish","type":"page","link":"https:\/\/dara.aragon.es\/dara\/formulario-de-consultas\/","title":{"rendered":"Consultas"},"content":{"rendered":"<p>[et_pb_section fb_built=\u00bb1&#8243; fullwidth=\u00bbon\u00bb admin_label=\u00bbHeader Section\u00bb _builder_version=\u00bb4.20.2&#8243; background_color=\u00bb#0D3857&#8243; background_enable_image=\u00bboff\u00bb parallax=\u00bbon\u00bb custom_padding=\u00bb|||\u00bb saved_tabs=\u00bball\u00bb locked=\u00bboff\u00bb global_colors_info=\u00bb{}\u00bb][et_pb_fullwidth_post_title meta=\u00bboff\u00bb featured_image=\u00bboff\u00bb _builder_version=\u00bb4.27.2&#8243; _module_preset=\u00bbdefault\u00bb title_font=\u00bb&#8211;et_global_heading_font|||on|||||\u00bb title_text_align=\u00bbcenter\u00bb title_text_color=\u00bb#FFFFFF\u00bb title_font_size=\u00bb38px\u00bb background_color=\u00bb#0D3857&#8243; custom_padding=\u00bb3%||3%||false|false\u00bb global_colors_info=\u00bb{}\u00bb][\/et_pb_fullwidth_post_title][\/et_pb_section][et_pb_section fb_built=\u00bb1&#8243; _builder_version=\u00bb4.27.2&#8243; _module_preset=\u00bbdefault\u00bb hover_enabled=\u00bb0&#8243; global_colors_info=\u00bb{}\u00bb custom_margin=\u00bb||||false|false\u00bb custom_padding=\u00bb30px||||false|false\u00bb sticky_enabled=\u00bb0&#8243;][et_pb_row column_structure=\u00bb3_4,1_4&#8243; use_custom_gutter=\u00bbon\u00bb _builder_version=\u00bb4.27.2&#8243; _module_preset=\u00bbdefault\u00bb width=\u00bb80%\u00bb hover_enabled=\u00bb0&#8243; global_colors_info=\u00bb{}\u00bb sticky_enabled=\u00bb0&#8243;][et_pb_column type=\u00bb3_4&#8243; _builder_version=\u00bb4.27.2&#8243; _module_preset=\u00bbdefault\u00bb background_enable_color=\u00bboff\u00bb border_width_right=\u00bb1px\u00bb global_colors_info=\u00bb{}\u00bb][et_pb_contact_form captcha=\u00bboff\u00bb title=\u00bbFormulario de consulta y acceso a la informaci\u00f3n en los Archivos de Arag\u00f3n\u00bb success_message=\u00bbSe ha enviado al archivo correspondiente y recibir\u00e1 respuesta a la mayor brevedad posible. Gracias por su colaboraci\u00f3n.\u00bb _builder_version=\u00bb4.27.2&#8243; _module_preset=\u00bbdefault\u00bb _unique_id=\u00bb73b4a449-5ec9-4ee0-97af-d08de8302974&#8243; title_text_color=\u00bb#0D3857&#8243; title_font_size=\u00bb29px\u00bb title_line_height=\u00bb1.7em\u00bb background_enable_color=\u00bboff\u00bb width=\u00bb100%\u00bb custom_margin=\u00bb|78px|||false|false\u00bb custom_padding=\u00bb|50px||50px|false|false\u00bb hover_enabled=\u00bb0&#8243; border_radii=\u00bbon|12px|12px|12px|12px\u00bb border_width_all=\u00bb1px\u00bb border_color_all=\u00bb#26528D\u00bb global_colors_info=\u00bb{}\u00bb sticky_enabled=\u00bb0&#8243;][et_pb_contact_field field_id=\u00bbNombre_y_apellidos\u00bb field_title=\u00bbNombre y apellidos\u00bb fullwidth_field=\u00bbon\u00bb _builder_version=\u00bb4.18.1&#8243; _module_preset=\u00bbdefault\u00bb global_colors_info=\u00bb{}\u00bb][\/et_pb_contact_field][et_pb_contact_field field_id=\u00bbEmail\u00bb field_title=\u00bbCorreo electr\u00f3nico para responder\u00bb field_type=\u00bbemail\u00bb fullwidth_field=\u00bbon\u00bb _builder_version=\u00bb4.18.1&#8243; _module_preset=\u00bbdefault\u00bb global_colors_info=\u00bb{}\u00bb][\/et_pb_contact_field][et_pb_contact_field field_id=\u00bbServicio_o_archivo_de_la_consulta\u00bb field_title=\u00bbArchivo a qui\u00e9n dirige la consulta\u00bb field_type=\u00bbselect\u00bb select_options=\u00bb%91{%22value%22:%22No lo s\u00e9%22,%22checked%22:0,%22dragID%22:4},{%22value%22:%22Servicio de Informaci\u00f3n General de DARA%22,%22checked%22:0,%22dragID%22:2},{%22value%22:%22Archivo Hist\u00f3rico Provincial de Zaragoza%22,%22checked%22:0,%22dragID%22:-1},{%22value%22:%22Archivo Hist\u00f3rico Provincial de Huesca%22,%22checked%22:0,%22dragID%22:0},{%22value%22:%22Archivo Hist\u00f3rico Provincial de Teruel%22,%22checked%22:0,%22dragID%22:1},{%22value%22:%22Otros archivos%22,%22checked%22:0,%22dragID%22:3}%93&#8243; required_mark=\u00bboff\u00bb fullwidth_field=\u00bbon\u00bb _builder_version=\u00bb4.18.1&#8243; _module_preset=\u00bbdefault\u00bb global_colors_info=\u00bb{}\u00bb][\/et_pb_contact_field][et_pb_contact_field field_id=\u00bbConsulta\u00bb field_title=\u00bbAsunto: Informaci\u00f3n solicitada\u00bb fullwidth_field=\u00bbon\u00bb _builder_version=\u00bb4.18.1&#8243; global_colors_info=\u00bb{}\u00bb button_text_size__hover_enabled=\u00bboff\u00bb button_one_text_size__hover_enabled=\u00bboff\u00bb button_two_text_size__hover_enabled=\u00bboff\u00bb button_text_color__hover_enabled=\u00bboff\u00bb button_one_text_color__hover_enabled=\u00bboff\u00bb button_two_text_color__hover_enabled=\u00bboff\u00bb button_border_width__hover_enabled=\u00bboff\u00bb button_one_border_width__hover_enabled=\u00bboff\u00bb button_two_border_width__hover_enabled=\u00bboff\u00bb button_border_color__hover_enabled=\u00bboff\u00bb button_one_border_color__hover_enabled=\u00bboff\u00bb button_two_border_color__hover_enabled=\u00bboff\u00bb button_border_radius__hover_enabled=\u00bboff\u00bb button_one_border_radius__hover_enabled=\u00bboff\u00bb button_two_border_radius__hover_enabled=\u00bboff\u00bb button_letter_spacing__hover_enabled=\u00bboff\u00bb button_one_letter_spacing__hover_enabled=\u00bboff\u00bb button_two_letter_spacing__hover_enabled=\u00bboff\u00bb button_bg_color__hover_enabled=\u00bboff\u00bb button_one_bg_color__hover_enabled=\u00bboff\u00bb button_two_bg_color__hover_enabled=\u00bboff\u00bb][\/et_pb_contact_field][et_pb_contact_field field_id=\u00bbTipo_de_mensaje\u00bb field_title=\u00bbTipo de mensaje\u00bb field_type=\u00bbselect\u00bb select_options=\u00bb%91{%22value%22:%22Informaci\u00f3n y consulta de documentos%22,%22checked%22:0,%22dragID%22:-1},{%22value%22:%22Sugerencia%22,%22checked%22:0,%22dragID%22:0},{%22value%22:%22Reproducci\u00f3n de documentos de los AHPA%22,%22checked%22:0,%22dragID%22:1},{%22value%22:%22Autorizaci\u00f3n para comunicaci\u00f3n p\u00fablica de documentos de los AHPA%22,%22checked%22:0,%22dragID%22:3}%93&#8243; fullwidth_field=\u00bbon\u00bb _builder_version=\u00bb4.18.1&#8243; _module_preset=\u00bbdefault\u00bb global_colors_info=\u00bb{}\u00bb][\/et_pb_contact_field][et_pb_contact_field field_id=\u00bbMotivo_de_la_consulta\u00bb field_title=\u00bbMensaje: Motivaci\u00f3n de la solicitud (opcional)\u00bb field_type=\u00bbtext\u00bb required_mark=\u00bboff\u00bb fullwidth_field=\u00bbon\u00bb _builder_version=\u00bb4.18.1&#8243; _module_preset=\u00bbdefault\u00bb global_colors_info=\u00bb{}\u00bb][\/et_pb_contact_field][\/et_pb_contact_form][et_pb_text _builder_version=\u00bb4.27.2&#8243; _module_preset=\u00bbdefault\u00bb width=\u00bb100%\u00bb custom_margin=\u00bb||||false|false\u00bb custom_padding=\u00bb|90px|||false|false\u00bb global_colors_info=\u00bb{}\u00bb]<\/p>\n<p style=\"text-align: justify;\">\u00a0<span style=\"font-size: x-small;\">AVISO LEGAL:\u00a0<\/span><\/p>\n<p style=\"text-align: justify;\"><span style=\"font-size: x-small;\">De conformidad con lo dispuesto en el Reglamento (UE) 2016\/679, de 27 de abril de 2016 (GDPR), y la Ley Org\u00e1nica 3\/2018, de 5 de diciembre, de Protecci\u00f3n de Datos Personales y garant\u00eda de los derechos digitales (LOPDGDD), le informamos que los datos personales y direcci\u00f3n de correo electr\u00f3nico, recabados del propio interesado, ser\u00e1n tratados bajo la responsabilidad de la Direcci\u00f3n General de Cultura, Servicio de Museos, Archivos y Bibliotecas.<\/span><\/p>\n<p style=\"text-align: justify;\"><span style=\"font-size: x-small;\">Los responsables de tus datos personales ser\u00e1n tanto la Direcci\u00f3n General de Cultura como los archivos, unidades administrativas de instituciones p\u00fablicas y\/o privadas a las que se deriven las consultas de usuarios para tramitar la solicitud de informaci\u00f3n y consulta de su competencia. Por ello, la finalidad de este tratamiento es gestionar la presente solicitud por la unidad gestora competente y facilitar la aplicaci\u00f3n del procedimiento establecido para la concesi\u00f3n de la misma. La legitimaci\u00f3n para realizar el tratamiento de datos nos la da el cumplimiento de una obligaci\u00f3n legal aplicable al responsable del tratamiento. No vamos a comunicar tus datos personales a terceros salvo obligaci\u00f3n legal.<\/span><\/p>\n<p style=\"text-align: justify;\"><span style=\"font-size: x-small;\">Le informamos que puede ejercer los derechos de acceso, rectificaci\u00f3n, portabilidad y supresi\u00f3n de sus datos y los de limitaci\u00f3n y oposici\u00f3n a su tratamiento dirigi\u00e9ndose a la Direcci\u00f3n General de Cultura Edificio Ranillas, Avda. Ranillas, 5 D 50018 Zaragoza (Zaragoza) E-mail: coordinacionarchivos@aragon.es. Si considera que el tratamiento no se ajusta a la normativa vigente, podr\u00e1 presentar una reclamaci\u00f3n ante la autoridad de control en <a href=\"http:\/\/www.agpd.es\">www.agpd.es<\/a>.<\/span><\/p>\n<p>[\/et_pb_text][\/et_pb_column][et_pb_column type=\u00bb1_4&#8243; _builder_version=\u00bb4.18.1&#8243; _module_preset=\u00bbdefault\u00bb global_colors_info=\u00bb{}\u00bb][et_pb_blurb title=\u00bbConsultas frecuentes por temas\u00bb use_icon=\u00bbon\u00bb font_icon=\u00bb&#x75;||divi||400&#8243; icon_placement=\u00bbleft\u00bb image_icon_width=\u00bb20px\u00bb disabled_on=\u00bboff|off|off\u00bb _builder_version=\u00bb4.27.2&#8243; _module_preset=\u00bb1ea53d41-9439-472c-8d8b-7bddb3bf9444&#8243; header_font=\u00bb&#8211;et_global_heading_font|||on|||||\u00bb custom_margin=\u00bb||10px||false|false\u00bb link_option_url=\u00bbhttps:\/\/dara.aragon.es\/dara\/blog\/category\/consultasfrecuentes\/\u00bb locked=\u00bboff\u00bb global_colors_info=\u00bb{%22#0e0c19%22:%91%22header_text_color%22,%22header_text_color%22,%22header_text_color%22%93,%22#ffc300%22:%91%22icon_color%22,%22icon_color%22,%22icon_color%22%93,%22#3c3a47%22:%91%22body_text_color%22%93}\u00bb]<\/p>\n<ul>\n<li><span style=\"color: #000000;\"><a href=\"https:\/\/dara.aragon.es\/dara\/blog\/category\/faqlocalidadesyterritorio\/\" style=\"color: #000000;\">Localidades y patrimonio.<\/a><\/span><\/li>\n<li><span style=\"color: #000000;\"><a href=\"https:\/\/dara.aragon.es\/dara\/blog\/category\/faqcartografia\/\" style=\"color: #000000;\">Cartograf\u00eda<\/a><\/span><\/li>\n<li><span style=\"color: #000000;\"><a href=\"https:\/\/dara.aragon.es\/dara\/blog\/category\/faqarchivos\/\" style=\"color: #000000;\">Archivos<\/a><\/span><\/li>\n<li><span style=\"color: #000000;\"><a href=\"https:\/\/dara.aragon.es\/dara\/blog\/category\/faqciudadanos\/\" style=\"color: #000000;\">Para los ciudadanos<\/a><\/span><\/li>\n<li><span style=\"color: #000000;\"><a href=\"https:\/\/dara.aragon.es\/dara\/blog\/category\/faqgenealogia\/\" style=\"color: #000000;\">Genealog\u00eda<\/a><\/span><\/li>\n<li><span style=\"color: #000000;\"><a href=\"https:\/\/dara.aragon.es\/dara\/blog\/category\/faqfotografia\/\" style=\"color: #000000;\">Fotograf\u00eda<\/a><\/span><\/li>\n<li><span style=\"color: #000000;\"><a href=\"https:\/\/dara.aragon.es\/dara\/blog\/category\/faqbiografias\/\" style=\"color: #000000;\">Biograf\u00edas<\/a><\/span><\/li>\n<\/ul>\n<p>[\/et_pb_blurb][et_pb_blurb title=\u00bbArchivos Hist\u00f3ricos Provinciales\u00bb use_icon=\u00bbon\u00bb font_icon=\u00bb&#xf594;||fa||900&#8243; icon_placement=\u00bbleft\u00bb image_icon_width=\u00bb20px\u00bb _builder_version=\u00bb4.27.2&#8243; _module_preset=\u00bb1ea53d41-9439-472c-8d8b-7bddb3bf9444&#8243; header_font=\u00bb&#8211;et_global_heading_font|||on|||||\u00bb custom_margin=\u00bb||10px||false|false\u00bb link_option_url=\u00bbhttps:\/\/dara.aragon.es\/dara\/blog\/category\/archivos-historicos-provinciales\/\u00bb locked=\u00bboff\u00bb global_colors_info=\u00bb{%22#0e0c19%22:%91%22header_text_color%22,%22header_text_color%22,%22header_text_color%22,%22header_text_color%22,%22header_text_color%22,%22header_text_color%22,%22header_text_color%22,%22header_text_color%22,%22header_text_color%22,%22header_text_color%22,%22header_text_color%22%93,%22#ffc300%22:%91%22icon_color%22,%22icon_color%22,%22icon_color%22,%22icon_color%22,%22icon_color%22,%22icon_color%22,%22icon_color%22,%22icon_color%22,%22icon_color%22,%22icon_color%22,%22icon_color%22%93,%22#3c3a47%22:%91%22body_text_color%22,%22body_text_color%22,%22body_text_color%22,%22body_text_color%22%93}\u00bb]<\/p>\n<ul>\n<li><a href=\"https:\/\/dara.aragon.es\/dara\/blog\/category\/ahp-huesca\/\"><span style=\"color: #000000;\">AHP Huesca<\/span><\/a><\/li>\n<li><span style=\"color: #000000;\"><a href=\"https:\/\/dara.aragon.es\/dara\/blog\/category\/ahp-zaragoza\/\" style=\"color: #000000;\">AHP Zaragoza<\/a><\/span><\/li>\n<li><span style=\"color: #000000;\"><a href=\"https:\/\/dara.aragon.es\/dara\/blog\/category\/ahp-teruel\/\" style=\"color: #000000;\">AHP Teruel<\/a><\/span><\/li>\n<\/ul>\n<p>[\/et_pb_blurb][\/et_pb_column][\/et_pb_row][\/et_pb_section]<\/p>\n","protected":false},"excerpt":{"rendered":"<p>\u00a0AVISO LEGAL:\u00a0 De conformidad con lo dispuesto en el Reglamento (UE) 2016\/679, de 27 de abril de 2016 (GDPR), y la Ley Org\u00e1nica 3\/2018, de 5 de diciembre, de Protecci\u00f3n de Datos Personales y garant\u00eda de los derechos digitales (LOPDGDD), le informamos que los datos personales y direcci\u00f3n de correo electr\u00f3nico, recabados del propio interesado, [&hellip;]<\/p>\n","protected":false},"author":1,"featured_media":0,"parent":0,"menu_order":0,"comment_status":"closed","ping_status":"closed","template":"","meta":{"_et_pb_use_builder":"on","_et_pb_old_content":"","_et_gb_content_width":"","om_disable_all_campaigns":false,"_monsterinsights_skip_tracking":false,"_monsterinsights_sitenote_active":false,"_monsterinsights_sitenote_note":"","_monsterinsights_sitenote_category":0,"_uf_show_specific_survey":0,"_uf_disable_surveys":false,"footnotes":""},"class_list":["post-1095","page","type-page","status-publish","hentry"],"yoast_head":"<!-- This site is optimized with the Yoast SEO plugin v26.2 - https:\/\/yoast.com\/wordpress\/plugins\/seo\/ -->\n<title>Consultas - DARA GENERAL<\/title>\n<meta name=\"robots\" content=\"index, follow, max-snippet:-1, max-image-preview:large, max-video-preview:-1\" \/>\n<link rel=\"canonical\" href=\"https:\/\/dara.aragon.es\/dara\/formulario-de-consultas\/\" \/>\n<meta property=\"og:locale\" content=\"es_ES\" \/>\n<meta property=\"og:type\" content=\"article\" \/>\n<meta property=\"og:title\" content=\"Consultas - DARA GENERAL\" \/>\n<meta property=\"og:description\" content=\"\u00a0AVISO LEGAL:\u00a0 De conformidad con lo dispuesto en el Reglamento (UE) 2016\/679, de 27 de abril de 2016 (GDPR), y la Ley Org\u00e1nica 3\/2018, de 5 de diciembre, de Protecci\u00f3n de Datos Personales y garant\u00eda de los derechos digitales (LOPDGDD), le informamos que los datos personales y direcci\u00f3n de correo electr\u00f3nico, recabados del propio interesado, [&hellip;]\" \/>\n<meta property=\"og:url\" content=\"https:\/\/dara.aragon.es\/dara\/formulario-de-consultas\/\" \/>\n<meta property=\"og:site_name\" content=\"DARA GENERAL\" \/>\n<meta property=\"article:modified_time\" content=\"2025-02-04T15:09:15+00:00\" \/>\n<meta name=\"twitter:card\" content=\"summary_large_image\" \/>\n<meta name=\"twitter:label1\" content=\"Tiempo de lectura\" \/>\n\t<meta name=\"twitter:data1\" content=\"6 minutos\" \/>\n<script type=\"application\/ld+json\" class=\"yoast-schema-graph\">{\"@context\":\"https:\/\/schema.org\",\"@graph\":[{\"@type\":\"WebPage\",\"@id\":\"https:\/\/dara.aragon.es\/dara\/formulario-de-consultas\/\",\"url\":\"https:\/\/dara.aragon.es\/dara\/formulario-de-consultas\/\",\"name\":\"Consultas - DARA GENERAL\",\"isPartOf\":{\"@id\":\"https:\/\/dara.aragon.es\/dara\/#website\"},\"datePublished\":\"2022-10-28T11:16:59+00:00\",\"dateModified\":\"2025-02-04T15:09:15+00:00\",\"breadcrumb\":{\"@id\":\"https:\/\/dara.aragon.es\/dara\/formulario-de-consultas\/#breadcrumb\"},\"inLanguage\":\"es\",\"potentialAction\":[{\"@type\":\"ReadAction\",\"target\":[\"https:\/\/dara.aragon.es\/dara\/formulario-de-consultas\/\"]}]},{\"@type\":\"BreadcrumbList\",\"@id\":\"https:\/\/dara.aragon.es\/dara\/formulario-de-consultas\/#breadcrumb\",\"itemListElement\":[{\"@type\":\"ListItem\",\"position\":1,\"name\":\"Portada\",\"item\":\"https:\/\/dara.aragon.es\/dara\/\"},{\"@type\":\"ListItem\",\"position\":2,\"name\":\"Consultas\"}]},{\"@type\":\"WebSite\",\"@id\":\"https:\/\/dara.aragon.es\/dara\/#website\",\"url\":\"https:\/\/dara.aragon.es\/dara\/\",\"name\":\"DARA GENERAL\",\"description\":\"Documentos y archivos de Arag\u00f3n\",\"potentialAction\":[{\"@type\":\"SearchAction\",\"target\":{\"@type\":\"EntryPoint\",\"urlTemplate\":\"https:\/\/dara.aragon.es\/dara\/?s={search_term_string}\"},\"query-input\":{\"@type\":\"PropertyValueSpecification\",\"valueRequired\":true,\"valueName\":\"search_term_string\"}}],\"inLanguage\":\"es\"}]}<\/script>\n<!-- \/ Yoast SEO plugin. -->","yoast_head_json":{"title":"Consultas - DARA GENERAL","robots":{"index":"index","follow":"follow","max-snippet":"max-snippet:-1","max-image-preview":"max-image-preview:large","max-video-preview":"max-video-preview:-1"},"canonical":"https:\/\/dara.aragon.es\/dara\/formulario-de-consultas\/","og_locale":"es_ES","og_type":"article","og_title":"Consultas - DARA GENERAL","og_description":"\u00a0AVISO LEGAL:\u00a0 De conformidad con lo dispuesto en el Reglamento (UE) 2016\/679, de 27 de abril de 2016 (GDPR), y la Ley Org\u00e1nica 3\/2018, de 5 de diciembre, de Protecci\u00f3n de Datos Personales y garant\u00eda de los derechos digitales (LOPDGDD), le informamos que los datos personales y direcci\u00f3n de correo electr\u00f3nico, recabados del propio interesado, [&hellip;]","og_url":"https:\/\/dara.aragon.es\/dara\/formulario-de-consultas\/","og_site_name":"DARA GENERAL","article_modified_time":"2025-02-04T15:09:15+00:00","twitter_card":"summary_large_image","twitter_misc":{"Tiempo de lectura":"6 minutos"},"schema":{"@context":"https:\/\/schema.org","@graph":[{"@type":"WebPage","@id":"https:\/\/dara.aragon.es\/dara\/formulario-de-consultas\/","url":"https:\/\/dara.aragon.es\/dara\/formulario-de-consultas\/","name":"Consultas - DARA GENERAL","isPartOf":{"@id":"https:\/\/dara.aragon.es\/dara\/#website"},"datePublished":"2022-10-28T11:16:59+00:00","dateModified":"2025-02-04T15:09:15+00:00","breadcrumb":{"@id":"https:\/\/dara.aragon.es\/dara\/formulario-de-consultas\/#breadcrumb"},"inLanguage":"es","potentialAction":[{"@type":"ReadAction","target":["https:\/\/dara.aragon.es\/dara\/formulario-de-consultas\/"]}]},{"@type":"BreadcrumbList","@id":"https:\/\/dara.aragon.es\/dara\/formulario-de-consultas\/#breadcrumb","itemListElement":[{"@type":"ListItem","position":1,"name":"Portada","item":"https:\/\/dara.aragon.es\/dara\/"},{"@type":"ListItem","position":2,"name":"Consultas"}]},{"@type":"WebSite","@id":"https:\/\/dara.aragon.es\/dara\/#website","url":"https:\/\/dara.aragon.es\/dara\/","name":"DARA GENERAL","description":"Documentos y archivos de Arag\u00f3n","potentialAction":[{"@type":"SearchAction","target":{"@type":"EntryPoint","urlTemplate":"https:\/\/dara.aragon.es\/dara\/?s={search_term_string}"},"query-input":{"@type":"PropertyValueSpecification","valueRequired":true,"valueName":"search_term_string"}}],"inLanguage":"es"}]}},"_links":{"self":[{"href":"https:\/\/dara.aragon.es\/dara\/wp-json\/wp\/v2\/pages\/1095","targetHints":{"allow":["GET"]}}],"collection":[{"href":"https:\/\/dara.aragon.es\/dara\/wp-json\/wp\/v2\/pages"}],"about":[{"href":"https:\/\/dara.aragon.es\/dara\/wp-json\/wp\/v2\/types\/page"}],"author":[{"embeddable":true,"href":"https:\/\/dara.aragon.es\/dara\/wp-json\/wp\/v2\/users\/1"}],"replies":[{"embeddable":true,"href":"https:\/\/dara.aragon.es\/dara\/wp-json\/wp\/v2\/comments?post=1095"}],"version-history":[{"count":0,"href":"https:\/\/dara.aragon.es\/dara\/wp-json\/wp\/v2\/pages\/1095\/revisions"}],"wp:attachment":[{"href":"https:\/\/dara.aragon.es\/dara\/wp-json\/wp\/v2\/media?parent=1095"}],"curies":[{"name":"wp","href":"https:\/\/api.w.org\/{rel}","templated":true}]}}