{"id":1130,"date":"2022-11-03T10:14:31","date_gmt":"2022-11-03T10:14:31","guid":{"rendered":"https:\/\/dara.aragon.es\/dara\/?page_id=1130"},"modified":"2024-07-01T11:27:36","modified_gmt":"2024-07-01T11:27:36","slug":"servicios","status":"publish","type":"page","link":"https:\/\/dara.aragon.es\/dara\/servicios\/","title":{"rendered":"Servicios de los Archivos Hist\u00f3ricos Provinciales en Arag\u00f3n (AHPA)"},"content":{"rendered":"<p>[et_pb_section fb_built=\u00bb1&#8243; fullwidth=\u00bbon\u00bb admin_label=\u00bbHeader Section\u00bb _builder_version=\u00bb4.20.2&#8243; background_color=\u00bb#0D3857&#8243; background_enable_image=\u00bboff\u00bb parallax=\u00bbon\u00bb custom_padding=\u00bb|||\u00bb saved_tabs=\u00bball\u00bb locked=\u00bboff\u00bb global_colors_info=\u00bb{}\u00bb][et_pb_fullwidth_header title=\u00bbServicios de los archivos hist\u00f3ricos provinciales de Arag\u00f3n\u00bb text_orientation=\u00bbcenter\u00bb background_overlay_color=\u00bbrgba(0,0,0,0.4)\u00bb admin_label=\u00bbContents\u00bb _builder_version=\u00bb4.20.2&#8243; title_font=\u00bbOswald|||on|\u00bb title_text_align=\u00bbcenter\u00bb title_font_size=\u00bb38px\u00bb title_letter_spacing=\u00bb0.05em\u00bb title_line_height=\u00bb1.5em\u00bb subhead_font=\u00bbNunito|600|||||||\u00bb subhead_font_size=\u00bb20px\u00bb subhead_line_height=\u00bb1.9em\u00bb background_color=\u00bbrgba(255, 255, 255, 0)\u00bb background_enable_image=\u00bboff\u00bb parallax=\u00bbon\u00bb parallax_method=\u00bbon\u00bb custom_button_one=\u00bbon\u00bb button_one_text_size=\u00bb15px\u00bb button_one_bg_color=\u00bb#dca57d\u00bb button_one_border_width=\u00bb10px\u00bb button_one_border_color=\u00bb#dca57d\u00bb button_one_border_radius=\u00bb0px\u00bb button_one_letter_spacing=\u00bb3px\u00bb button_one_font=\u00bbOswald|||on|\u00bb button_one_use_icon=\u00bboff\u00bb custom_margin=\u00bb|||\u00bb custom_padding=\u00bb1%||1%||false|false\u00bb animation_style=\u00bbfade\u00bb animation_starting_opacity=\u00bb50%\u00bb animation_speed_curve=\u00bbease-in\u00bb title_font_size_tablet=\u00bb60px\u00bb title_font_size_phone=\u00bb40px\u00bb title_font_size_last_edited=\u00bbon|phone\u00bb button_one_border_color_hover=\u00bb#c99872&#8243; button_one_border_radius_hover=\u00bb0px\u00bb button_one_letter_spacing_hover=\u00bb3px\u00bb button_one_bg_color_hover=\u00bb#c99872&#8243; global_colors_info=\u00bb{}\u00bb button_one_text_size__hover_enabled=\u00bboff\u00bb button_two_text_size__hover_enabled=\u00bboff\u00bb button_one_text_color__hover_enabled=\u00bboff\u00bb button_two_text_color__hover_enabled=\u00bboff\u00bb button_one_border_width__hover_enabled=\u00bboff\u00bb button_two_border_width__hover_enabled=\u00bboff\u00bb button_one_border_color__hover_enabled=\u00bbon\u00bb button_one_border_color__hover=\u00bb#c99872&#8243; button_two_border_color__hover_enabled=\u00bboff\u00bb button_one_border_radius__hover_enabled=\u00bbon\u00bb button_one_border_radius__hover=\u00bb0px\u00bb button_two_border_radius__hover_enabled=\u00bboff\u00bb button_one_letter_spacing__hover_enabled=\u00bbon\u00bb button_one_letter_spacing__hover=\u00bb3px\u00bb button_two_letter_spacing__hover_enabled=\u00bboff\u00bb button_one_bg_color__hover_enabled=\u00bbon\u00bb button_one_bg_color__hover=\u00bb#c99872&#8243; button_two_bg_color__hover_enabled=\u00bboff\u00bb][\/et_pb_fullwidth_header][\/et_pb_section][et_pb_section fb_built=\u00bb1&#8243; admin_label=\u00bbSecci\u00f3n ajedrezada\u00bb _builder_version=\u00bb4.20.2&#8243; _module_preset=\u00bbdefault\u00bb background_enable_color=\u00bboff\u00bb use_background_color_gradient=\u00bbon\u00bb background_color_gradient_stops=\u00bb#0d3857 0%|#26528d 50%|#24b0bf 100%\u00bb custom_margin=\u00bb0px|0px|40px|0px|false|false\u00bb custom_padding=\u00bb0px|0px|0px|0px|false|false\u00bb locked=\u00bboff\u00bb global_colors_info=\u00bb{}\u00bb][et_pb_row column_structure=\u00bb1_2,1_2&#8243; use_custom_gutter=\u00bbon\u00bb gutter_width=\u00bb2&#8243; make_equal=\u00bbon\u00bb admin_label=\u00bbBest Beans Row\u00bb module_class=\u00bb et_pb_row_fullwidth\u00bb _builder_version=\u00bb4.20.2&#8243; background_enable_color=\u00bboff\u00bb width=\u00bb90%\u00bb width_tablet=\u00bb100%\u00bb width_phone=\u00bb\u00bb width_last_edited=\u00bbon|desktop\u00bb max_width=\u00bb100%\u00bb max_width_tablet=\u00bb100%\u00bb max_width_phone=\u00bb\u00bb max_width_last_edited=\u00bbon|desktop\u00bb custom_margin=\u00bb||||false|false\u00bb custom_padding=\u00bb||||false|false\u00bb make_fullwidth=\u00bbon\u00bb global_colors_info=\u00bb{}\u00bb][et_pb_column type=\u00bb1_2&#8243; admin_label=\u00bbColumna\u00bb _builder_version=\u00bb4.20.2&#8243; background_color=\u00bb#FFFFFF\u00bb custom_padding=\u00bb80px|5%|80px|5%|false|false\u00bb global_colors_info=\u00bb{}\u00bb custom_padding__hover=\u00bb|||\u00bb][et_pb_text admin_label=\u00bbTexto\u00bb _builder_version=\u00bb4.20.2&#8243; _module_preset=\u00bbdefault\u00bb text_font=\u00bbNunito||||||||\u00bb inline_fonts=\u00bbNunito\u00bb global_colors_info=\u00bb{}\u00bb]<\/p>\n<h3><span><strong>Acceso e informaci\u00f3n y consultas de fondos documentales<\/strong><\/span><\/h3>\n<p><span>Informaci\u00f3n general, consultas presenciales a los Archivos Hist\u00f3ricos Provinciales y consultas telem\u00e1ticas por el formulario web y correo electr\u00f3nico.<\/span><\/p>\n<ul id=\"aui_3_2_0_19161\">\n<li id=\"aui_3_2_0_19168\"><span>En general el acceso a los documentos es libre y gratuito presentando el DNI, Pasaporte o documento de identificaci\u00f3n equivalente.<\/span><\/li>\n<li id=\"aui_3_2_0_19211\"><span>Est\u00e1n exceptuados de la libre consulta los documentos con restricciones legales al acceso.<\/span><\/li>\n<li id=\"aui_3_2_0_19214\"><span>Consulta de originales en la sala de investigadores teniendo en cuenta las restricciones legales al acceso y las normas de consulta en sala de la documentaci\u00f3n.<\/span><\/li>\n<\/ul>\n<p>[\/et_pb_text][et_pb_button button_url=\u00bbhttps:\/\/www.aragon.es\/tramitador\/-\/tramite\/actuaciones-relativas-al-sistema-de-archivos-de-aragon\/consulta-de-documentos-de-los-archivos-historicos-dependientes-del-gobierno-de-aragon\u00bb url_new_window=\u00bbon\u00bb button_text=\u00bbFormulario de solicitud de consulta del Archivo Hist\u00f3rico Provincial\u00bb _builder_version=\u00bb4.25.2&#8243; _module_preset=\u00bbdefault\u00bb custom_button=\u00bbon\u00bb button_text_color=\u00bb#000000&#8243; custom_margin=\u00bb15px||||false|false\u00bb hover_enabled=\u00bb0&#8243; global_colors_info=\u00bb{}\u00bb button_bg_color__hover=\u00bbRGBA(255,255,255,0)\u00bb button_bg_color__hover_enabled=\u00bbon|hover\u00bb button_border_color__hover=\u00bb#232323&#8243; button_border_color__hover_enabled=\u00bbon|hover\u00bb button_border_color=\u00bb#000000&#8243; button_icon=\u00bb&#xf35d;||fa||900&#8243; sticky_enabled=\u00bb0&#8243;][\/et_pb_button][\/et_pb_column][et_pb_column type=\u00bb1_2&#8243; admin_label=\u00bbColumna\u00bb _builder_version=\u00bb4.20.2&#8243; background_color=\u00bb#FFFFFF\u00bb background_enable_image=\u00bboff\u00bb background_repeat=\u00bbrepeat\u00bb background_blend=\u00bbmultiply\u00bb custom_padding=\u00bb80px|5%|80px|5%|false|false\u00bb global_colors_info=\u00bb{}\u00bb custom_padding__hover=\u00bb|||\u00bb][et_pb_text admin_label=\u00bbTexto\u00bb _builder_version=\u00bb4.20.2&#8243; _module_preset=\u00bbdefault\u00bb text_font=\u00bbNunito||||||||\u00bb inline_fonts=\u00bbNunito\u00bb global_colors_info=\u00bb{}\u00bb]<\/p>\n<h3><span><strong>Servicio de reprograf\u00eda<\/strong><\/span><\/h3>\n<p><span>Los Archivos Hist\u00f3ricos Provinciales ofrecen el servicio de reprograf\u00eda con las condiciones y limitaciones previstas en las\u00a0\u00a0<strong>Normas para el Servicio en sala de los archivos dependientes del Departamento de Educaci\u00f3n, Universidad, Cultura y Deporte del Gobierno de Arag\u00f3n<\/strong>\u00a0(Instrucci\u00f3n 4\/2009 de 30 de abril).<br \/><\/span><\/p>\n<ul id=\"aui_3_2_0_19123\">\n<li id=\"aui_3_2_0_19224\"><span>Se proporcionan copias obtenidas con distintos formatos (papel, digital microfilme, etc.)<\/span><\/li>\n<li id=\"aui_3_2_0_19229\"><span>Podr\u00e1 limitarse la reproducci\u00f3n de documentos atendiendo a su estado de conservaci\u00f3n.<\/span><\/li>\n<li id=\"aui_3_2_0_19177\"><span>Las copias se sirven en el mismo d\u00eda de la petici\u00f3n cuando el volumen de la solicitud as\u00ed lo permite. A petici\u00f3n de los usuarios se podr\u00e1n enviar por correo.<\/span><\/li>\n<\/ul>\n<p>[\/et_pb_text][et_pb_button button_url=\u00bbhttps:\/\/www.aragon.es\/tramitador\/-\/tramite\/actuaciones-relativas-al-sistema-de-archivos-de-aragon\/reproduccion-de-documentos-de-los-archivos-historicos-dependientes-del-gobierno-de-aragon\u00bb url_new_window=\u00bbon\u00bb button_text=\u00bbReproducci\u00f3n de documentos de los archivos hist\u00f3ricos dependientes del Gobierno de Arag\u00f3n\u00bb _builder_version=\u00bb4.25.2&#8243; _module_preset=\u00bbdefault\u00bb custom_button=\u00bbon\u00bb button_text_color=\u00bb#000000&#8243; custom_margin=\u00bb15px||||false|false\u00bb hover_enabled=\u00bb0&#8243; global_colors_info=\u00bb{}\u00bb button_bg_color__hover=\u00bbRGBA(255,255,255,0)\u00bb button_bg_color__hover_enabled=\u00bbon|hover\u00bb button_border_color__hover=\u00bb#232323&#8243; button_border_color__hover_enabled=\u00bbon|hover\u00bb button_icon=\u00bb&#xf35d;||fa||900&#8243; button_border_color=\u00bb#000000&#8243; sticky_enabled=\u00bb0&#8243;][\/et_pb_button][\/et_pb_column][\/et_pb_row][et_pb_row column_structure=\u00bb1_2,1_2&#8243; use_custom_gutter=\u00bbon\u00bb gutter_width=\u00bb2&#8243; make_equal=\u00bbon\u00bb admin_label=\u00bbBest Beans Row\u00bb module_class=\u00bb et_pb_row_fullwidth\u00bb _builder_version=\u00bb4.20.2&#8243; background_enable_color=\u00bboff\u00bb width=\u00bb90%\u00bb width_tablet=\u00bb100%\u00bb width_phone=\u00bb\u00bb width_last_edited=\u00bbon|desktop\u00bb max_width=\u00bb100%\u00bb max_width_tablet=\u00bb100%\u00bb max_width_phone=\u00bb\u00bb max_width_last_edited=\u00bbon|desktop\u00bb custom_margin=\u00bb||||false|false\u00bb custom_padding=\u00bb||||false|false\u00bb make_fullwidth=\u00bbon\u00bb global_colors_info=\u00bb{}\u00bb][et_pb_column type=\u00bb1_2&#8243; admin_label=\u00bbColumna\u00bb _builder_version=\u00bb4.20.2&#8243; background_color=\u00bb#FFFFFF\u00bb custom_padding=\u00bb80px|5%|80px|5%\u00bb global_colors_info=\u00bb{}\u00bb custom_padding__hover=\u00bb|||\u00bb][et_pb_text admin_label=\u00bbTexto\u00bb _builder_version=\u00bb4.20.2&#8243; _module_preset=\u00bbdefault\u00bb text_font=\u00bbNunito||||||||\u00bb inline_fonts=\u00bbNunito\u00bb global_colors_info=\u00bb{}\u00bb]<\/p>\n<h3><span>Bibliotecas<strong>\u00a0auxiliares de los AHPA<\/strong><\/span><\/h3>\n<p><span>El fondo bibliogr\u00e1fico es de libre consulta. La biblioteca est\u00e1 integrada en el cat\u00e1logo colectivo de la Red de Bibliotecas de Arag\u00f3n.<\/span><\/p>\n<p>[\/et_pb_text][et_pb_button button_url=\u00bbhttps:\/\/bibliotecadearagon.es\/catalogos\/\u00bb url_new_window=\u00bbon\u00bb button_text=\u00bbAcceso al cat\u00e1logo\u00bb _builder_version=\u00bb4.25.2&#8243; _module_preset=\u00bbdefault\u00bb custom_button=\u00bbon\u00bb button_text_color=\u00bb#000000&#8243; custom_margin=\u00bb15px||||false|false\u00bb hover_enabled=\u00bb0&#8243; global_colors_info=\u00bb{}\u00bb button_bg_color__hover=\u00bbRGBA(255,255,255,0)\u00bb button_bg_color__hover_enabled=\u00bbon|hover\u00bb button_border_color__hover=\u00bb#232323&#8243; button_border_color__hover_enabled=\u00bbon|hover\u00bb button_icon=\u00bb&#xf35d;||fa||900&#8243; button_border_color=\u00bb#000000&#8243; sticky_enabled=\u00bb0&#8243;][\/et_pb_button][et_pb_text admin_label=\u00bbTexto\u00bb _builder_version=\u00bb4.25.1&#8243; _module_preset=\u00bbdefault\u00bb text_font=\u00bbNunito||||||||\u00bb custom_margin=\u00bb50px||||false|false\u00bb inline_fonts=\u00bbNunito\u00bb global_colors_info=\u00bb{}\u00bb]<\/p>\n<h3><span>Otros Servicios<\/span><\/h3>\n<p><span>La obtenci\u00f3n de reproducciones est\u00e1 sujeta al pago de las tasas correspondientes en vigor. Las solicitudes manifiestamente repetitivas o que tengan un car\u00e1cter abusivo no ser\u00e1n admitidas. El usuario tendr\u00e1 que ponerse en contacto directamente con el Archivo Hist\u00f3rico Provincial para\u00a0 solicitar:<\/span><\/p>\n<p><span>&#8211; Expedici\u00f3n de certificados<\/span><\/p>\n<p><span>&#8211; Autorizaci\u00f3n de reproducci\u00f3n de documentos<\/span><\/p>\n<p>[\/et_pb_text][\/et_pb_column][et_pb_column type=\u00bb1_2&#8243; admin_label=\u00bbColumna\u00bb _builder_version=\u00bb4.20.2&#8243; background_color=\u00bb#FFFFFF\u00bb background_enable_image=\u00bboff\u00bb background_repeat=\u00bbrepeat\u00bb background_blend=\u00bbmultiply\u00bb custom_padding=\u00bb80px|5%|80px|5%\u00bb global_colors_info=\u00bb{}\u00bb custom_padding__hover=\u00bb|||\u00bb][et_pb_text admin_label=\u00bbTexto\u00bb _builder_version=\u00bb4.20.2&#8243; _module_preset=\u00bbdefault\u00bb text_font=\u00bbNunito||||||||\u00bb inline_fonts=\u00bbNunito\u00bb global_colors_info=\u00bb{}\u00bb]<\/p>\n<h3 id=\"aui_3_2_0_19167\"><strong><span>Servicios a las administraciones p\u00fablicas e instituciones<\/span><\/strong><\/h3>\n<ul>\n<li><span>Servicio de informaci\u00f3n, atenci\u00f3n a las consultas, pr\u00e9stamo y reproducci\u00f3n de documentos a los organismos productores que han transferido su documentaci\u00f3n a los Archivos Hist\u00f3ricos Provinciales<\/span><\/li>\n<li><span>Podr\u00e1 limitarse la reproducci\u00f3n de documentos atendiendo a su estado de conservaci\u00f3n.<\/span><\/li>\n<li><span>Las copias se sirven en el mismo d\u00eda de la petici\u00f3n cuando el volumen de la solicitud as\u00ed lo permite. A petici\u00f3n de los usuarios se podr\u00e1n enviar por correo.<\/span><\/li>\n<\/ul>\n<p>[\/et_pb_text][et_pb_button button_url=\u00bbhttps:\/\/www.aragon.es\/tramitador\/-\/tramite\/actuaciones-relativas-al-sistema-de-archivos-de-aragon\/salida-temporal-de-documentos-de-archivos-de-uso-publico-de-aragon\u00bb url_new_window=\u00bbon\u00bb button_text=\u00bbFormulario \u00abSolicitud para autorizar la salida de documentos de los archivos que integran el Sistema de Archivos de Arag\u00f3n\u00bb\u00bb _builder_version=\u00bb4.25.2&#8243; _module_preset=\u00bbdefault\u00bb custom_button=\u00bbon\u00bb button_text_color=\u00bb#000000&#8243; custom_margin=\u00bb15px||||false|false\u00bb hover_enabled=\u00bb0&#8243; global_colors_info=\u00bb{}\u00bb button_bg_color__hover=\u00bbRGBA(255,255,255,0)\u00bb button_bg_color__hover_enabled=\u00bbon|hover\u00bb button_border_color__hover=\u00bb#232323&#8243; button_border_color__hover_enabled=\u00bbon|hover\u00bb button_icon=\u00bb&#xf35d;||fa||900&#8243; sticky_enabled=\u00bb0&#8243;][\/et_pb_button][\/et_pb_column][\/et_pb_row][\/et_pb_section][et_pb_section fb_built=\u00bb1&#8243; _builder_version=\u00bb4.20.2&#8243; _module_preset=\u00bbdefault\u00bb background_color=\u00bb#24B0BF\u00bb custom_margin=\u00bb-43px|||||\u00bb custom_padding=\u00bb0px|||||\u00bb global_colors_info=\u00bb{}\u00bb][\/et_pb_section]<\/p>\n","protected":false},"excerpt":{"rendered":"<p>Acceso e informaci\u00f3n y consultas de fondos documentales Informaci\u00f3n general, consultas presenciales a los Archivos Hist\u00f3ricos Provinciales y consultas telem\u00e1ticas por el formulario web y correo electr\u00f3nico. En general el acceso a los documentos es libre y gratuito presentando el DNI, Pasaporte o documento de identificaci\u00f3n equivalente. Est\u00e1n exceptuados de la libre consulta los documentos [&hellip;]<\/p>\n","protected":false},"author":1,"featured_media":0,"parent":0,"menu_order":0,"comment_status":"closed","ping_status":"closed","template":"","meta":{"_et_pb_use_builder":"on","_et_pb_old_content":"","_et_gb_content_width":"","om_disable_all_campaigns":false,"_monsterinsights_skip_tracking":false,"_monsterinsights_sitenote_active":false,"_monsterinsights_sitenote_note":"","_monsterinsights_sitenote_category":0,"_uf_show_specific_survey":0,"_uf_disable_surveys":false,"footnotes":""},"class_list":["post-1130","page","type-page","status-publish","hentry"],"yoast_head":"<!-- This site is optimized with the Yoast SEO plugin v27.5 - https:\/\/yoast.com\/product\/yoast-seo-wordpress\/ -->\n<title>Servicios de los Archivos Hist\u00f3ricos Provinciales en Arag\u00f3n (AHPA) - DARA GENERAL<\/title>\n<meta name=\"robots\" content=\"index, follow, max-snippet:-1, max-image-preview:large, max-video-preview:-1\" \/>\n<link rel=\"canonical\" href=\"https:\/\/dara.aragon.es\/dara\/servicios\/\" \/>\n<meta property=\"og:locale\" content=\"es_ES\" \/>\n<meta property=\"og:type\" content=\"article\" \/>\n<meta property=\"og:title\" content=\"Servicios de los Archivos Hist\u00f3ricos Provinciales en Arag\u00f3n (AHPA) - DARA GENERAL\" \/>\n<meta property=\"og:description\" content=\"Acceso e informaci\u00f3n y consultas de fondos documentales Informaci\u00f3n general, consultas presenciales a los Archivos Hist\u00f3ricos Provinciales y consultas telem\u00e1ticas por el formulario web y correo electr\u00f3nico. En general el acceso a los documentos es libre y gratuito presentando el DNI, Pasaporte o documento de identificaci\u00f3n equivalente. Est\u00e1n exceptuados de la libre consulta los documentos [&hellip;]\" \/>\n<meta property=\"og:url\" content=\"https:\/\/dara.aragon.es\/dara\/servicios\/\" \/>\n<meta property=\"og:site_name\" content=\"DARA GENERAL\" \/>\n<meta property=\"article:modified_time\" content=\"2024-07-01T11:27:36+00:00\" \/>\n<meta name=\"twitter:card\" content=\"summary_large_image\" \/>\n<meta name=\"twitter:label1\" content=\"Tiempo de lectura\" \/>\n\t<meta name=\"twitter:data1\" content=\"8 minutos\" \/>\n<script type=\"application\/ld+json\" class=\"yoast-schema-graph\">{\"@context\":\"https:\\\/\\\/schema.org\",\"@graph\":[{\"@type\":\"WebPage\",\"@id\":\"https:\\\/\\\/dara.aragon.es\\\/dara\\\/servicios\\\/\",\"url\":\"https:\\\/\\\/dara.aragon.es\\\/dara\\\/servicios\\\/\",\"name\":\"Servicios de los Archivos Hist\u00f3ricos Provinciales en Arag\u00f3n (AHPA) - DARA GENERAL\",\"isPartOf\":{\"@id\":\"https:\\\/\\\/dara.aragon.es\\\/dara\\\/#website\"},\"datePublished\":\"2022-11-03T10:14:31+00:00\",\"dateModified\":\"2024-07-01T11:27:36+00:00\",\"breadcrumb\":{\"@id\":\"https:\\\/\\\/dara.aragon.es\\\/dara\\\/servicios\\\/#breadcrumb\"},\"inLanguage\":\"es\",\"potentialAction\":[{\"@type\":\"ReadAction\",\"target\":[\"https:\\\/\\\/dara.aragon.es\\\/dara\\\/servicios\\\/\"]}]},{\"@type\":\"BreadcrumbList\",\"@id\":\"https:\\\/\\\/dara.aragon.es\\\/dara\\\/servicios\\\/#breadcrumb\",\"itemListElement\":[{\"@type\":\"ListItem\",\"position\":1,\"name\":\"Portada\",\"item\":\"https:\\\/\\\/dara.aragon.es\\\/dara\\\/\"},{\"@type\":\"ListItem\",\"position\":2,\"name\":\"Servicios de los Archivos Hist\u00f3ricos Provinciales en Arag\u00f3n (AHPA)\"}]},{\"@type\":\"WebSite\",\"@id\":\"https:\\\/\\\/dara.aragon.es\\\/dara\\\/#website\",\"url\":\"https:\\\/\\\/dara.aragon.es\\\/dara\\\/\",\"name\":\"DARA GENERAL\",\"description\":\"Documentos y archivos de Arag\u00f3n\",\"potentialAction\":[{\"@type\":\"SearchAction\",\"target\":{\"@type\":\"EntryPoint\",\"urlTemplate\":\"https:\\\/\\\/dara.aragon.es\\\/dara\\\/?s={search_term_string}\"},\"query-input\":{\"@type\":\"PropertyValueSpecification\",\"valueRequired\":true,\"valueName\":\"search_term_string\"}}],\"inLanguage\":\"es\"}]}<\/script>\n<!-- \/ Yoast SEO plugin. -->","yoast_head_json":{"title":"Servicios de los Archivos Hist\u00f3ricos Provinciales en Arag\u00f3n (AHPA) - DARA GENERAL","robots":{"index":"index","follow":"follow","max-snippet":"max-snippet:-1","max-image-preview":"max-image-preview:large","max-video-preview":"max-video-preview:-1"},"canonical":"https:\/\/dara.aragon.es\/dara\/servicios\/","og_locale":"es_ES","og_type":"article","og_title":"Servicios de los Archivos Hist\u00f3ricos Provinciales en Arag\u00f3n (AHPA) - DARA GENERAL","og_description":"Acceso e informaci\u00f3n y consultas de fondos documentales Informaci\u00f3n general, consultas presenciales a los Archivos Hist\u00f3ricos Provinciales y consultas telem\u00e1ticas por el formulario web y correo electr\u00f3nico. En general el acceso a los documentos es libre y gratuito presentando el DNI, Pasaporte o documento de identificaci\u00f3n equivalente. Est\u00e1n exceptuados de la libre consulta los documentos [&hellip;]","og_url":"https:\/\/dara.aragon.es\/dara\/servicios\/","og_site_name":"DARA GENERAL","article_modified_time":"2024-07-01T11:27:36+00:00","twitter_card":"summary_large_image","twitter_misc":{"Tiempo de lectura":"8 minutos"},"schema":{"@context":"https:\/\/schema.org","@graph":[{"@type":"WebPage","@id":"https:\/\/dara.aragon.es\/dara\/servicios\/","url":"https:\/\/dara.aragon.es\/dara\/servicios\/","name":"Servicios de los Archivos Hist\u00f3ricos Provinciales en Arag\u00f3n (AHPA) - DARA GENERAL","isPartOf":{"@id":"https:\/\/dara.aragon.es\/dara\/#website"},"datePublished":"2022-11-03T10:14:31+00:00","dateModified":"2024-07-01T11:27:36+00:00","breadcrumb":{"@id":"https:\/\/dara.aragon.es\/dara\/servicios\/#breadcrumb"},"inLanguage":"es","potentialAction":[{"@type":"ReadAction","target":["https:\/\/dara.aragon.es\/dara\/servicios\/"]}]},{"@type":"BreadcrumbList","@id":"https:\/\/dara.aragon.es\/dara\/servicios\/#breadcrumb","itemListElement":[{"@type":"ListItem","position":1,"name":"Portada","item":"https:\/\/dara.aragon.es\/dara\/"},{"@type":"ListItem","position":2,"name":"Servicios de los Archivos Hist\u00f3ricos Provinciales en Arag\u00f3n (AHPA)"}]},{"@type":"WebSite","@id":"https:\/\/dara.aragon.es\/dara\/#website","url":"https:\/\/dara.aragon.es\/dara\/","name":"DARA GENERAL","description":"Documentos y archivos de Arag\u00f3n","potentialAction":[{"@type":"SearchAction","target":{"@type":"EntryPoint","urlTemplate":"https:\/\/dara.aragon.es\/dara\/?s={search_term_string}"},"query-input":{"@type":"PropertyValueSpecification","valueRequired":true,"valueName":"search_term_string"}}],"inLanguage":"es"}]}},"_links":{"self":[{"href":"https:\/\/dara.aragon.es\/dara\/wp-json\/wp\/v2\/pages\/1130","targetHints":{"allow":["GET"]}}],"collection":[{"href":"https:\/\/dara.aragon.es\/dara\/wp-json\/wp\/v2\/pages"}],"about":[{"href":"https:\/\/dara.aragon.es\/dara\/wp-json\/wp\/v2\/types\/page"}],"author":[{"embeddable":true,"href":"https:\/\/dara.aragon.es\/dara\/wp-json\/wp\/v2\/users\/1"}],"replies":[{"embeddable":true,"href":"https:\/\/dara.aragon.es\/dara\/wp-json\/wp\/v2\/comments?post=1130"}],"version-history":[{"count":0,"href":"https:\/\/dara.aragon.es\/dara\/wp-json\/wp\/v2\/pages\/1130\/revisions"}],"wp:attachment":[{"href":"https:\/\/dara.aragon.es\/dara\/wp-json\/wp\/v2\/media?parent=1130"}],"curies":[{"name":"wp","href":"https:\/\/api.w.org\/{rel}","templated":true}]}}