{"id":1191,"date":"2022-11-03T14:01:14","date_gmt":"2022-11-03T14:01:14","guid":{"rendered":"https:\/\/dara.aragon.es\/dara\/?page_id=1191"},"modified":"2024-12-20T10:45:41","modified_gmt":"2024-12-20T10:45:41","slug":"biblioteca-de-la-universidad-de-zaragoza","status":"publish","type":"page","link":"https:\/\/dara.aragon.es\/dara\/biblioteca-de-la-universidad-de-zaragoza\/","title":{"rendered":"Biblioteca de la Universidad de Zaragoza"},"content":{"rendered":"<p>[et_pb_section fb_built=\u00bb1&#8243; fullwidth=\u00bbon\u00bb admin_label=\u00bbHeader Section\u00bb _builder_version=\u00bb4.27.2&#8243; _module_preset=\u00bbdefault\u00bb background_color=\u00bb#26528D\u00bb background_enable_image=\u00bboff\u00bb parallax=\u00bbon\u00bb custom_padding=\u00bb|||\u00bb saved_tabs=\u00bball\u00bb locked=\u00bboff\u00bb global_colors_info=\u00bb{}\u00bb][et_pb_fullwidth_header title=\u00bbBIBLIOTECA UNIVERSITARIA DE ZARAGOZA\u00bb text_orientation=\u00bbcenter\u00bb background_overlay_color=\u00bbrgba(0,0,0,0.4)\u00bb admin_label=\u00bbContents\u00bb _builder_version=\u00bb4.27.2&#8243; _module_preset=\u00bbdefault\u00bb title_font=\u00bbOswald|||on|\u00bb title_text_align=\u00bbcenter\u00bb title_font_size=\u00bb35px\u00bb title_letter_spacing=\u00bb0.05em\u00bb title_line_height=\u00bb1.5em\u00bb subhead_font=\u00bbNunito|600|||||||\u00bb subhead_font_size=\u00bb20px\u00bb subhead_line_height=\u00bb1.9em\u00bb background_color=\u00bbrgba(255, 255, 255, 0)\u00bb background_enable_image=\u00bboff\u00bb parallax=\u00bbon\u00bb parallax_method=\u00bbon\u00bb custom_button_one=\u00bbon\u00bb button_one_text_size=\u00bb15px\u00bb button_one_bg_color=\u00bb#dca57d\u00bb button_one_border_width=\u00bb10px\u00bb button_one_border_color=\u00bb#dca57d\u00bb button_one_border_radius=\u00bb0px\u00bb button_one_letter_spacing=\u00bb3px\u00bb button_one_font=\u00bbOswald|||on|\u00bb button_one_use_icon=\u00bboff\u00bb custom_margin=\u00bb|||\u00bb custom_padding=\u00bb1%||1%||false|false\u00bb animation_style=\u00bbfade\u00bb animation_starting_opacity=\u00bb50%\u00bb animation_speed_curve=\u00bbease-in\u00bb title_font_size_tablet=\u00bb60px\u00bb title_font_size_phone=\u00bb40px\u00bb title_font_size_last_edited=\u00bbon|phone\u00bb button_one_border_color_hover=\u00bb#c99872&#8243; button_one_border_radius_hover=\u00bb0px\u00bb button_one_letter_spacing_hover=\u00bb3px\u00bb button_one_bg_color_hover=\u00bb#c99872&#8243; global_colors_info=\u00bb{}\u00bb button_one_text_size__hover_enabled=\u00bboff\u00bb button_two_text_size__hover_enabled=\u00bboff\u00bb button_one_text_color__hover_enabled=\u00bboff\u00bb button_two_text_color__hover_enabled=\u00bboff\u00bb button_one_border_width__hover_enabled=\u00bboff\u00bb button_two_border_width__hover_enabled=\u00bboff\u00bb button_one_border_color__hover_enabled=\u00bbon\u00bb button_one_border_color__hover=\u00bb#c99872&#8243; button_two_border_color__hover_enabled=\u00bboff\u00bb button_one_border_radius__hover_enabled=\u00bbon\u00bb button_one_border_radius__hover=\u00bb0px\u00bb button_two_border_radius__hover_enabled=\u00bboff\u00bb button_one_letter_spacing__hover_enabled=\u00bbon\u00bb button_one_letter_spacing__hover=\u00bb3px\u00bb button_two_letter_spacing__hover_enabled=\u00bboff\u00bb button_one_bg_color__hover_enabled=\u00bbon\u00bb button_one_bg_color__hover=\u00bb#c99872&#8243; button_two_bg_color__hover_enabled=\u00bboff\u00bb][\/et_pb_fullwidth_header][\/et_pb_section][et_pb_section fb_built=\u00bb1&#8243; _builder_version=\u00bb4.27.2&#8243; _module_preset=\u00bb1a08a2a8-4ab4-4d5a-aa64-ccfffe0d51c6&#8243; locked=\u00bboff\u00bb global_colors_info=\u00bb{}\u00bb][et_pb_row column_structure=\u00bb1_4,3_4&#8243; make_equal=\u00bbon\u00bb _builder_version=\u00bb4.27.4&#8243; _module_preset=\u00bb_initial\u00bb background_enable_image=\u00bboff\u00bb global_colors_info=\u00bb{}\u00bb][et_pb_column type=\u00bb1_4&#8243; _builder_version=\u00bb4.27.4&#8243; _module_preset=\u00bbdefault\u00bb background_image=\u00bbhttps:\/\/dara.aragon.es\/dara\/wp-content\/uploads\/2022\/11\/BibliotecaUnizar426.png\u00bb border_radii=\u00bbon|29px|29px|29px|29px\u00bb global_colors_info=\u00bb{}\u00bb][\/et_pb_column][et_pb_column type=\u00bb3_4&#8243; _builder_version=\u00bb4.27.0&#8243; _module_preset=\u00bbdefault\u00bb global_colors_info=\u00bb{}\u00bb][et_pb_text _builder_version=\u00bb4.27.4&#8243; _module_preset=\u00bb_initial\u00bb global_colors_info=\u00bb{}\u00bb]<\/p>\n<p>Moralejo \u00c1lvarez, Ma. Remedios. La Biblioteca Universitaria de Zaragoza. Bolet\u00edn de Anabad, XLVI, 3-4, Julio-Diciembre 1996, p. 319-349.<\/p>\n<p>\u00abResulta casi obligado, al hablar de la Biblioteca Universitaria de Zaragoza, tomar como punto de partida un acuerdo del claustro universitario del 25 de octubre de 1742, recogido enlos Libros de Gestis, que viene consider\u00e1ndose la primera menci\u00f3n documental de la Biblioteca, e incluso su primer reglamento: \u00abEl que quisiere usar los libros de la Escuela para los actos de Conclusiones y Academias debe dar dos reales de plata al Bedel por el trabajo de sacarlos, debiendo ser responsable de ellos si alguno o todos se perdieren\u00b4\u00b4\u00bb.<\/p>\n<p>Prueba, al menos, que la Escuela dispon\u00eda de libros y hasta de un servicio de pr\u00e9stamo para quienes deseasen utilizarlos, y que el claustro se preocupaba por regularlo, velando por la conservaci\u00f3n de la colecci\u00f3n<\/p>\n<p>La fecha del acuerdo coincide casi exactamente con la del segundo centenario del Privilegio otorgado por Carlos V en las Cortes de Monz\u00f3n de 10 de septiembre de 1542, elevando el Estudio de Artes\u00a0 de Zaragoza a la Universidad, dotada de las prerrogativas que ya gozaban las de Salamanca o Valladolid entre otras.<\/p>\n<p>La Universidad de Zaragoza iniciaba sus cursos el 24 de mayo de 1583, una vez que el inter\u00e9s y la eficacia de Pedro Cerbuna hubiesen removido los obst\u00e1culos, en gran parte econ\u00f3micos, que hab\u00edan impedido su funcionamiento; pero ninguna referencia a la biblioteca universitaria a lo largo de esos dos siglos ha llegado a nosotros.<\/p>\n<p>[\/et_pb_text][\/et_pb_column][\/et_pb_row][et_pb_row column_structure=\u00bb1_4,1_4,1_4,1_4&#8243; make_equal=\u00bbon\u00bb _builder_version=\u00bb4.27.0&#8243; _module_preset=\u00bb_initial\u00bb background_enable_image=\u00bboff\u00bb custom_margin=\u00bb50px|0px|0px|0px|false|false\u00bb global_colors_info=\u00bb{}\u00bb][et_pb_column type=\u00bb1_4&#8243; _builder_version=\u00bb4.27.0&#8243; _module_preset=\u00bbdefault\u00bb background_enable_image=\u00bboff\u00bb global_colors_info=\u00bb{}\u00bb][\/et_pb_column][et_pb_column type=\u00bb1_4&#8243; _builder_version=\u00bb4.27.0&#8243; _module_preset=\u00bbdefault\u00bb global_colors_info=\u00bb{}\u00bb][et_pb_button button_url=\u00bbhttps:\/\/dara.aragon.es\/opac\/app\/item\/?p=0&#038;st=.273622.1160586&#038;ob=re:1&#038;vm=mv&#038;i=1160586&#8243; url_new_window=\u00bbon\u00bb button_text=\u00bbCuadro de clasificaci\u00f3n\u00bb _builder_version=\u00bb4.27.2&#8243; _module_preset=\u00bb_initial\u00bb global_colors_info=\u00bb{}\u00bb][\/et_pb_button][\/et_pb_column][et_pb_column type=\u00bb1_4&#8243; _builder_version=\u00bb4.27.0&#8243; _module_preset=\u00bbdefault\u00bb global_colors_info=\u00bb{}\u00bb][et_pb_button button_url=\u00bbhttps:\/\/dara.aragon.es\/opac\/app\/simple\/\u00bb url_new_window=\u00bbon\u00bb button_text=\u00bbBuscador de documentos\u00bb _builder_version=\u00bb4.27.2&#8243; _module_preset=\u00bb_initial\u00bb global_colors_info=\u00bb{}\u00bb][\/et_pb_button][\/et_pb_column][et_pb_column type=\u00bb1_4&#8243; _builder_version=\u00bb4.19.0&#8243; _module_preset=\u00bbdefault\u00bb global_colors_info=\u00bb{}\u00bb][et_pb_button button_url=\u00bbhttps:\/\/dara.aragon.es\/opac\/app\/results\/?p=0&#038;st=.273622.1160586&#038;ob=re:1&#038;vm=mv\u00bb url_new_window=\u00bbon\u00bb button_text=\u00bbTodos los registros\u00bb _builder_version=\u00bb4.27.2&#8243; _module_preset=\u00bb_initial\u00bb global_colors_info=\u00bb{}\u00bb][\/et_pb_button][\/et_pb_column][\/et_pb_row][et_pb_row _builder_version=\u00bb4.27.0&#8243; _module_preset=\u00bb_initial\u00bb custom_margin=\u00bb100px|0px|0px|0px|false|false\u00bb locked=\u00bboff\u00bb global_colors_info=\u00bb{}\u00bb][et_pb_column type=\u00bb4_4&#8243; _builder_version=\u00bb4.25.1&#8243; _module_preset=\u00bbdefault\u00bb global_colors_info=\u00bb{}\u00bb][et_pb_text admin_label=\u00bbTittle\u00bb _builder_version=\u00bb4.27.2&#8243; _module_preset=\u00bb_initial\u00bb text_font=\u00bbNunito|||||on|||\u00bb text_text_color=\u00bb#26528D\u00bb text_font_size=\u00bb18px\u00bb text_line_height=\u00bb1.8em\u00bb header_font=\u00bb||||||||\u00bb header_text_color=\u00bb#26528D\u00bb header_2_font=\u00bbOswald|||on|||||\u00bb header_2_text_align=\u00bbcenter\u00bb header_2_font_size=\u00bb40px\u00bb header_2_letter_spacing=\u00bb1px\u00bb header_2_line_height=\u00bb1.5em\u00bb header_3_font=\u00bb||||||||\u00bb max_width_last_edited=\u00bboff|desktop\u00bb module_alignment=\u00bbcenter\u00bb custom_margin=\u00bb||10px||false|false\u00bb global_colors_info=\u00bb{}\u00bb]<\/p>\n<h2><span style=\"color: #26528d;\">destacados- fondos documentales<\/span><\/h2>\n<p>[\/et_pb_text][ba_image_carousel animation_speed=\u00bb500ms\u00bb is_autoplay=\u00bboff\u00bb is_variable_width=\u00bbon\u00bb slide_width=\u00bb290px\u00bb slide_spacing=\u00bb2px\u00bb nav_height=\u00bb51px\u00bb nav_width=\u00bb48px\u00bb nav_color=\u00bb#26528D\u00bb nav_bg=\u00bb#FFFFFF\u00bb icon_left=\u00bb&#x23;||divi||400&#8243; icon_right=\u00bb&#x24;||divi||400&#8243; pagi_radius=\u00bbon|0px|0px|0px|0px\u00bb _builder_version=\u00bb4.27.2&#8243; _module_preset=\u00bbdefault\u00bb title_font=\u00bb||||||||\u00bb title_line_height=\u00bb1em\u00bb subtitle_level=\u00bbh3&#8243; text_orientation=\u00bbleft\u00bb link_option_url_new_window=\u00bbon\u00bb global_colors_info=\u00bb{}\u00bb nav_color__hover_enabled=\u00bbon|hover\u00bb nav_color__hover=\u00bb#0D3857&#8243;][ba_image_carousel_child _builder_version=\u00bb4.27.2&#8243; _module_preset=\u00bbdefault\u00bb global_colors_info=\u00bb{}\u00bb][\/ba_image_carousel_child][ba_image_carousel_child _builder_version=\u00bb4.27.2&#8243; _module_preset=\u00bbdefault\u00bb global_colors_info=\u00bb{}\u00bb][\/ba_image_carousel_child][ba_image_carousel_child photo=\u00bbhttps:\/\/dara.aragon.es\/dara\/wp-content\/uploads\/2024\/09\/5.png\u00bb title=\u00bbBiblioteca Mar\u00eda Moliner-CEMA-Santa Clara de Huesca \u00bb _builder_version=\u00bb4.27.2&#8243; _module_preset=\u00bbdefault\u00bb text_orientation=\u00bbcenter\u00bb link_option_url=\u00bbhttps:\/\/dara.aragon.es\/opac\/app\/item\/?p=0&#038;st=.273622.1160586&#038;ob=re:1&#038;vm=mv&#038;i=1160779&#8243; link_option_url_new_window=\u00bbon\u00bb border_width_all_item=\u00bb2px\u00bb border_color_all_item=\u00bb#E1DAD0&#8243; global_colors_info=\u00bb{}\u00bb][\/ba_image_carousel_child][ba_image_carousel_child photo=\u00bbhttps:\/\/dara.aragon.es\/dara\/wp-content\/uploads\/2024\/09\/3-1.png\u00bb title=\u00bbBiblioteca General Universitaria\u00bb _builder_version=\u00bb4.27.2&#8243; _module_preset=\u00bbdefault\u00bb text_orientation=\u00bbright\u00bb custom_margin=\u00bb0px|||0px|false|false\u00bb link_option_url=\u00bbhttps:\/\/dara.aragon.es\/opac\/app\/item\/?p=0&#038;st=.273622.1160586&#038;ob=re:1&#038;vm=mv&#038;i=1160781&#8243; link_option_url_new_window=\u00bbon\u00bb border_width_all_item=\u00bb2px\u00bb border_color_all_item=\u00bb#E1DAD0&#8243; box_shadow_style_content=\u00bbpreset5&#8243; box_shadow_vertical_content=\u00bb3px\u00bb global_colors_info=\u00bb{}\u00bb][\/ba_image_carousel_child][ba_image_carousel_child _builder_version=\u00bb4.27.2&#8243; _module_preset=\u00bbdefault\u00bb global_colors_info=\u00bb{}\u00bb][\/ba_image_carousel_child][ba_image_carousel_child _builder_version=\u00bb4.27.2&#8243; _module_preset=\u00bbdefault\u00bb global_colors_info=\u00bb{}\u00bb][\/ba_image_carousel_child][\/ba_image_carousel][\/et_pb_column][\/et_pb_row][et_pb_row _builder_version=\u00bb4.27.0&#8243; _module_preset=\u00bb_initial\u00bb custom_margin=\u00bb50px|0px|0px|0px|false|false\u00bb global_colors_info=\u00bb{}\u00bb][et_pb_column type=\u00bb4_4&#8243; _builder_version=\u00bb4.27.0&#8243; _module_preset=\u00bbdefault\u00bb global_colors_info=\u00bb{}\u00bb][et_pb_divider _builder_version=\u00bb4.27.0&#8243; _module_preset=\u00bbdefault\u00bb global_colors_info=\u00bb{}\u00bb][\/et_pb_divider][\/et_pb_column][\/et_pb_row][et_pb_row column_structure=\u00bb1_4,1_4,1_4,1_4&#8243; use_custom_gutter=\u00bbon\u00bb make_equal=\u00bbon\u00bb admin_label=\u00bbFila\u00bb _builder_version=\u00bb4.27.0&#8243; _module_preset=\u00bb_initial\u00bb width=\u00bb91%\u00bb global_colors_info=\u00bb{}\u00bb][et_pb_column type=\u00bb1_4&#8243; _builder_version=\u00bb4.27.0&#8243; _module_preset=\u00bbdefault\u00bb background_image=\u00bbhttps:\/\/dara.aragon.es\/dara\/wp-content\/uploads\/2024\/09\/Mapa-AHPTE.png\u00bb link_option_url_new_window=\u00bbon\u00bb global_colors_info=\u00bb{}\u00bb][et_pb_text _builder_version=\u00bb4.27.2&#8243; _module_preset=\u00bb_initial\u00bb global_colors_info=\u00bb{}\u00bb]<iframe src=\"https:\/\/www.google.com\/maps\/embed?pb=!1m18!1m12!1m3!1d2981.395349251091!2d-0.889095622575391!3d41.64719937983746!2m3!1f0!2f0!3f0!3m2!1i1024!2i768!4f13.1!3m3!1m2!1s0xd5914dd4fd12c91%3A0x3d04b03ea02866e1!2sParaninfo%2C%20Pl.%20de%20Basilio%20Para%C3%ADso%2C%204%2C%2050004%20Zaragoza!5e0!3m2!1ses!2ses!4v1728980416627!5m2!1ses!2ses\" width=\"600\" height=\"450\" style=\"border:0;\" allowfullscreen=\"\" loading=\"lazy\" referrerpolicy=\"no-referrer-when-downgrade\"><\/iframe>[\/et_pb_text][\/et_pb_column][et_pb_column type=\u00bb1_4&#8243; _builder_version=\u00bb4.27.0&#8243; _module_preset=\u00bbdefault\u00bb global_colors_info=\u00bb{}\u00bb][et_pb_text admin_label=\u00bbTexto\u00bb _builder_version=\u00bb4.27.2&#8243; _module_preset=\u00bb_initial\u00bb width=\u00bb77.4%\u00bb max_width=\u00bb75%\u00bb module_alignment=\u00bbleft\u00bb min_height=\u00bb315px\u00bb height=\u00bb339px\u00bb max_height=\u00bb273px\u00bb custom_margin=\u00bb||||false|false\u00bb custom_padding=\u00bb||0px||false|false\u00bb global_colors_info=\u00bb{}\u00bb]<\/p>\n<h3><strong>Direcci\u00f3n<\/strong><\/h3>\n<p>Edificio Paraninfo Plaza Para\u00edso 50005 Zaragoza<\/p>\n<h3><strong>Tel\u00e9fono de contacto:<\/strong><\/h3>\n<p>(34) 976 761 854<\/p>\n<h3><strong>E-mail:<\/strong><\/h3>\n<p><a href=\"mailto:maito:buz@unizar.es\" target=\"_blank\" rel=\"noopener\">buz@unizar.es<\/a><\/p>\n<p>&nbsp;<\/p>\n<h3><a href=\"https:\/\/biblioteca.unizar.es\/\" target=\"_blank\" rel=\"noopener\"><strong>Sitio web del archivo<\/strong><\/a><\/h3>\n<h3><\/h3>\n<h3><strong><\/strong><\/h3>\n<p>[\/et_pb_text][\/et_pb_column][et_pb_column type=\u00bb1_4&#8243; _builder_version=\u00bb4.27.0&#8243; _module_preset=\u00bbdefault\u00bb global_colors_info=\u00bb{}\u00bb][et_pb_text _builder_version=\u00bb4.27.2&#8243; _module_preset=\u00bb_initial\u00bb custom_margin=\u00bb||||false|false\u00bb custom_margin_tablet=\u00bb|||0px|false|false\u00bb custom_margin_phone=\u00bb|||0px|false|false\u00bb custom_margin_last_edited=\u00bbon|tablet\u00bb custom_padding=\u00bb||||false|false\u00bb global_colors_info=\u00bb{}\u00bb]<\/p>\n<h3><a href=\"https:\/\/culturadearagon.es\/archivo\/servicios\/\" target=\"_blank\" rel=\"noopener\">Servicios<\/a><\/h3>\n<p>&#8211; <a href=\"https:\/\/biblioteca.unizar.es\/servicios\/informacion-al-usuario\" target=\"_blank\" rel=\"noopener\">Acceso e informaci\u00f3n: consultas gen\u00e9ricas, informaci\u00f3n sobre los fondos, compulsas, informes y certificaciones.<\/a><\/p>\n<p>&#8211; <a href=\"https:\/\/biblioteca.unizar.es\/servicios\/consulta-en-sala\" target=\"_blank\" rel=\"noopener\">Consulta de fondos documentales: acceso al\u00a0 documentos o copias.<\/a><\/p>\n<p><a href=\"https:\/\/biblioteca.unizar.es\/servicios\/imprimir\" target=\"_blank\" rel=\"noopener\">&#8211; Reproducci\u00f3n de documentos.<\/a><\/p>\n<p>&#8211; <a href=\"https:\/\/biblioteca.unizar.es\/servicios\/la-buz-en-la-sociedad\" target=\"_blank\" rel=\"noopener\">Difusi\u00f3n: visitas, exposiciones, publicaciones, recursos did\u00e1cticos<\/a><\/p>\n<p>&nbsp;<\/p>\n<p>[\/et_pb_text][\/et_pb_column][et_pb_column type=\u00bb1_4&#8243; _builder_version=\u00bb4.27.0&#8243; _module_preset=\u00bbdefault\u00bb custom_padding=\u00bb||||false|false\u00bb global_colors_info=\u00bb{}\u00bb][et_pb_text _builder_version=\u00bb4.27.2&#8243; _module_preset=\u00bb_initial\u00bb custom_margin=\u00bb||||false|false\u00bb custom_margin_tablet=\u00bb|||0px|false|false\u00bb custom_margin_phone=\u00bb|||0px|false|false\u00bb custom_margin_last_edited=\u00bbon|desktop\u00bb global_colors_info=\u00bb{}\u00bb]<\/p>\n<h3>Bibliograf\u00eda<\/h3>\n<ul>\n<li>Moralejo \u00c1lvarez, Ma. Remedios. La Biblioteca Universitaria de Zaragoza. Bolet\u00edn de Anabad, XLVI, 3-4, Julio-Diciembre 1996, p. 319-349.<\/li>\n<\/ul>\n<h3><\/h3>\n<h3><\/h3>\n<p>&nbsp;<\/p>\n<p>&nbsp;<\/p>\n<p>[\/et_pb_text][\/et_pb_column][\/et_pb_row][\/et_pb_section]<\/p>\n","protected":false},"excerpt":{"rendered":"<p>Fototeca de DPHU<\/p>\n","protected":false},"author":1,"featured_media":1383,"parent":0,"menu_order":0,"comment_status":"closed","ping_status":"closed","template":"","meta":{"_et_pb_use_builder":"on","_et_pb_old_content":"","_et_gb_content_width":"","om_disable_all_campaigns":false,"_monsterinsights_skip_tracking":false,"_monsterinsights_sitenote_active":false,"_monsterinsights_sitenote_note":"","_monsterinsights_sitenote_category":0,"_uf_show_specific_survey":0,"_uf_disable_surveys":false,"footnotes":""},"class_list":["post-1191","page","type-page","status-publish","has-post-thumbnail","hentry"],"yoast_head":"<!-- This site is optimized with the Yoast SEO plugin v27.5 - https:\/\/yoast.com\/product\/yoast-seo-wordpress\/ -->\n<title>Biblioteca de la Universidad de Zaragoza - DARA GENERAL<\/title>\n<meta name=\"robots\" content=\"index, follow, max-snippet:-1, max-image-preview:large, max-video-preview:-1\" \/>\n<link rel=\"canonical\" href=\"https:\/\/dara.aragon.es\/dara\/biblioteca-de-la-universidad-de-zaragoza\/\" \/>\n<meta property=\"og:locale\" content=\"es_ES\" \/>\n<meta property=\"og:type\" content=\"article\" \/>\n<meta property=\"og:title\" content=\"Biblioteca de la Universidad de Zaragoza - DARA GENERAL\" \/>\n<meta property=\"og:description\" content=\"Fototeca de DPHU\" \/>\n<meta property=\"og:url\" content=\"https:\/\/dara.aragon.es\/dara\/biblioteca-de-la-universidad-de-zaragoza\/\" \/>\n<meta property=\"og:site_name\" content=\"DARA GENERAL\" \/>\n<meta property=\"article:modified_time\" content=\"2024-12-20T10:45:41+00:00\" \/>\n<meta property=\"og:image\" content=\"https:\/\/dara.aragon.es\/dara\/wp-content\/uploads\/2022\/11\/BibliotecaUnizar426.png\" \/>\n\t<meta property=\"og:image:width\" content=\"426\" \/>\n\t<meta property=\"og:image:height\" content=\"426\" \/>\n\t<meta property=\"og:image:type\" content=\"image\/png\" \/>\n<meta name=\"twitter:card\" content=\"summary_large_image\" \/>\n<meta name=\"twitter:label1\" content=\"Tiempo de lectura\" \/>\n\t<meta name=\"twitter:data1\" content=\"9 minutos\" \/>\n<script type=\"application\/ld+json\" class=\"yoast-schema-graph\">{\"@context\":\"https:\\\/\\\/schema.org\",\"@graph\":[{\"@type\":\"WebPage\",\"@id\":\"https:\\\/\\\/dara.aragon.es\\\/dara\\\/biblioteca-de-la-universidad-de-zaragoza\\\/\",\"url\":\"https:\\\/\\\/dara.aragon.es\\\/dara\\\/biblioteca-de-la-universidad-de-zaragoza\\\/\",\"name\":\"Biblioteca de la Universidad de Zaragoza - DARA GENERAL\",\"isPartOf\":{\"@id\":\"https:\\\/\\\/dara.aragon.es\\\/dara\\\/#website\"},\"primaryImageOfPage\":{\"@id\":\"https:\\\/\\\/dara.aragon.es\\\/dara\\\/biblioteca-de-la-universidad-de-zaragoza\\\/#primaryimage\"},\"image\":{\"@id\":\"https:\\\/\\\/dara.aragon.es\\\/dara\\\/biblioteca-de-la-universidad-de-zaragoza\\\/#primaryimage\"},\"thumbnailUrl\":\"https:\\\/\\\/dara.aragon.es\\\/dara\\\/wp-content\\\/uploads\\\/2022\\\/11\\\/BibliotecaUnizar426.png\",\"datePublished\":\"2022-11-03T14:01:14+00:00\",\"dateModified\":\"2024-12-20T10:45:41+00:00\",\"breadcrumb\":{\"@id\":\"https:\\\/\\\/dara.aragon.es\\\/dara\\\/biblioteca-de-la-universidad-de-zaragoza\\\/#breadcrumb\"},\"inLanguage\":\"es\",\"potentialAction\":[{\"@type\":\"ReadAction\",\"target\":[\"https:\\\/\\\/dara.aragon.es\\\/dara\\\/biblioteca-de-la-universidad-de-zaragoza\\\/\"]}]},{\"@type\":\"ImageObject\",\"inLanguage\":\"es\",\"@id\":\"https:\\\/\\\/dara.aragon.es\\\/dara\\\/biblioteca-de-la-universidad-de-zaragoza\\\/#primaryimage\",\"url\":\"https:\\\/\\\/dara.aragon.es\\\/dara\\\/wp-content\\\/uploads\\\/2022\\\/11\\\/BibliotecaUnizar426.png\",\"contentUrl\":\"https:\\\/\\\/dara.aragon.es\\\/dara\\\/wp-content\\\/uploads\\\/2022\\\/11\\\/BibliotecaUnizar426.png\",\"width\":426,\"height\":426,\"caption\":\"biblioteca universitaria\"},{\"@type\":\"BreadcrumbList\",\"@id\":\"https:\\\/\\\/dara.aragon.es\\\/dara\\\/biblioteca-de-la-universidad-de-zaragoza\\\/#breadcrumb\",\"itemListElement\":[{\"@type\":\"ListItem\",\"position\":1,\"name\":\"Portada\",\"item\":\"https:\\\/\\\/dara.aragon.es\\\/dara\\\/\"},{\"@type\":\"ListItem\",\"position\":2,\"name\":\"Biblioteca de la Universidad de Zaragoza\"}]},{\"@type\":\"WebSite\",\"@id\":\"https:\\\/\\\/dara.aragon.es\\\/dara\\\/#website\",\"url\":\"https:\\\/\\\/dara.aragon.es\\\/dara\\\/\",\"name\":\"DARA GENERAL\",\"description\":\"Documentos y archivos de Arag\u00f3n\",\"potentialAction\":[{\"@type\":\"SearchAction\",\"target\":{\"@type\":\"EntryPoint\",\"urlTemplate\":\"https:\\\/\\\/dara.aragon.es\\\/dara\\\/?s={search_term_string}\"},\"query-input\":{\"@type\":\"PropertyValueSpecification\",\"valueRequired\":true,\"valueName\":\"search_term_string\"}}],\"inLanguage\":\"es\"}]}<\/script>\n<!-- \/ Yoast SEO plugin. -->","yoast_head_json":{"title":"Biblioteca de la Universidad de Zaragoza - DARA GENERAL","robots":{"index":"index","follow":"follow","max-snippet":"max-snippet:-1","max-image-preview":"max-image-preview:large","max-video-preview":"max-video-preview:-1"},"canonical":"https:\/\/dara.aragon.es\/dara\/biblioteca-de-la-universidad-de-zaragoza\/","og_locale":"es_ES","og_type":"article","og_title":"Biblioteca de la Universidad de Zaragoza - DARA GENERAL","og_description":"Fototeca de DPHU","og_url":"https:\/\/dara.aragon.es\/dara\/biblioteca-de-la-universidad-de-zaragoza\/","og_site_name":"DARA GENERAL","article_modified_time":"2024-12-20T10:45:41+00:00","og_image":[{"width":426,"height":426,"url":"https:\/\/dara.aragon.es\/dara\/wp-content\/uploads\/2022\/11\/BibliotecaUnizar426.png","type":"image\/png"}],"twitter_card":"summary_large_image","twitter_misc":{"Tiempo de lectura":"9 minutos"},"schema":{"@context":"https:\/\/schema.org","@graph":[{"@type":"WebPage","@id":"https:\/\/dara.aragon.es\/dara\/biblioteca-de-la-universidad-de-zaragoza\/","url":"https:\/\/dara.aragon.es\/dara\/biblioteca-de-la-universidad-de-zaragoza\/","name":"Biblioteca de la Universidad de Zaragoza - DARA GENERAL","isPartOf":{"@id":"https:\/\/dara.aragon.es\/dara\/#website"},"primaryImageOfPage":{"@id":"https:\/\/dara.aragon.es\/dara\/biblioteca-de-la-universidad-de-zaragoza\/#primaryimage"},"image":{"@id":"https:\/\/dara.aragon.es\/dara\/biblioteca-de-la-universidad-de-zaragoza\/#primaryimage"},"thumbnailUrl":"https:\/\/dara.aragon.es\/dara\/wp-content\/uploads\/2022\/11\/BibliotecaUnizar426.png","datePublished":"2022-11-03T14:01:14+00:00","dateModified":"2024-12-20T10:45:41+00:00","breadcrumb":{"@id":"https:\/\/dara.aragon.es\/dara\/biblioteca-de-la-universidad-de-zaragoza\/#breadcrumb"},"inLanguage":"es","potentialAction":[{"@type":"ReadAction","target":["https:\/\/dara.aragon.es\/dara\/biblioteca-de-la-universidad-de-zaragoza\/"]}]},{"@type":"ImageObject","inLanguage":"es","@id":"https:\/\/dara.aragon.es\/dara\/biblioteca-de-la-universidad-de-zaragoza\/#primaryimage","url":"https:\/\/dara.aragon.es\/dara\/wp-content\/uploads\/2022\/11\/BibliotecaUnizar426.png","contentUrl":"https:\/\/dara.aragon.es\/dara\/wp-content\/uploads\/2022\/11\/BibliotecaUnizar426.png","width":426,"height":426,"caption":"biblioteca universitaria"},{"@type":"BreadcrumbList","@id":"https:\/\/dara.aragon.es\/dara\/biblioteca-de-la-universidad-de-zaragoza\/#breadcrumb","itemListElement":[{"@type":"ListItem","position":1,"name":"Portada","item":"https:\/\/dara.aragon.es\/dara\/"},{"@type":"ListItem","position":2,"name":"Biblioteca de la Universidad de Zaragoza"}]},{"@type":"WebSite","@id":"https:\/\/dara.aragon.es\/dara\/#website","url":"https:\/\/dara.aragon.es\/dara\/","name":"DARA GENERAL","description":"Documentos y archivos de Arag\u00f3n","potentialAction":[{"@type":"SearchAction","target":{"@type":"EntryPoint","urlTemplate":"https:\/\/dara.aragon.es\/dara\/?s={search_term_string}"},"query-input":{"@type":"PropertyValueSpecification","valueRequired":true,"valueName":"search_term_string"}}],"inLanguage":"es"}]}},"_links":{"self":[{"href":"https:\/\/dara.aragon.es\/dara\/wp-json\/wp\/v2\/pages\/1191","targetHints":{"allow":["GET"]}}],"collection":[{"href":"https:\/\/dara.aragon.es\/dara\/wp-json\/wp\/v2\/pages"}],"about":[{"href":"https:\/\/dara.aragon.es\/dara\/wp-json\/wp\/v2\/types\/page"}],"author":[{"embeddable":true,"href":"https:\/\/dara.aragon.es\/dara\/wp-json\/wp\/v2\/users\/1"}],"replies":[{"embeddable":true,"href":"https:\/\/dara.aragon.es\/dara\/wp-json\/wp\/v2\/comments?post=1191"}],"version-history":[{"count":0,"href":"https:\/\/dara.aragon.es\/dara\/wp-json\/wp\/v2\/pages\/1191\/revisions"}],"wp:featuredmedia":[{"embeddable":true,"href":"https:\/\/dara.aragon.es\/dara\/wp-json\/wp\/v2\/media\/1383"}],"wp:attachment":[{"href":"https:\/\/dara.aragon.es\/dara\/wp-json\/wp\/v2\/media?parent=1191"}],"curies":[{"name":"wp","href":"https:\/\/api.w.org\/{rel}","templated":true}]}}