{"id":1285,"date":"2022-11-08T11:56:03","date_gmt":"2022-11-08T11:56:03","guid":{"rendered":"https:\/\/dara.aragon.es\/dara\/?page_id=1285"},"modified":"2024-07-19T13:12:21","modified_gmt":"2024-07-19T13:12:21","slug":"casa-ric-barones-de-valdeolivos","status":"publish","type":"page","link":"https:\/\/dara.aragon.es\/dara\/casa-ric-barones-de-valdeolivos\/","title":{"rendered":"Casa Ric -Barones de Valdeolivos"},"content":{"rendered":"<p>[et_pb_section fb_built=\u00bb1&#8243; _builder_version=\u00bb4.19.0&#8243; _module_preset=\u00bbdefault\u00bb global_colors_info=\u00bb{}\u00bb][et_pb_row column_structure=\u00bb2_5,3_5&#8243; _builder_version=\u00bb4.27.0&#8243; _module_preset=\u00bbdefault\u00bb width=\u00bb79%\u00bb min_height=\u00bb351.6px\u00bb custom_margin=\u00bb0px|auto||auto|false|false\u00bb custom_padding=\u00bb|0px|0px|0px|false|false\u00bb hover_enabled=\u00bb0&#8243; global_colors_info=\u00bb{}\u00bb sticky_enabled=\u00bb0&#8243;][et_pb_column type=\u00bb2_5&#8243; _builder_version=\u00bb4.19.0&#8243; _module_preset=\u00bbdefault\u00bb global_colors_info=\u00bb{}\u00bb][et_pb_image src=\u00bbhttps:\/\/dara.aragon.es\/dara\/wp-content\/uploads\/2022\/11\/Casa-Ric-Barones-del-Valdeolivos.png\u00bb alt=\u00bbCasa Ric\u00bb title_text=\u00bbCasa Ric-Barones del Valdeolivos\u00bb _builder_version=\u00bb4.27.0&#8243; _module_preset=\u00bbdefault\u00bb background_color=\u00bbRGBA(255,255,255,0)\u00bb width=\u00bb80.6%\u00bb max_width=\u00bb80%\u00bb module_alignment=\u00bbleft\u00bb custom_margin=\u00bb||0px||false|false\u00bb custom_padding=\u00bb0px|0px|0px|0px||\u00bb hover_enabled=\u00bb0&#8243; border_radii=\u00bbon|1px|1px|1px|1px\u00bb border_style_all=\u00bbnone\u00bb global_colors_info=\u00bb{}\u00bb sticky_enabled=\u00bb0&#8243;][\/et_pb_image][\/et_pb_column][et_pb_column type=\u00bb3_5&#8243; _builder_version=\u00bb4.19.0&#8243; _module_preset=\u00bbdefault\u00bb global_colors_info=\u00bb{}\u00bb][et_pb_text _builder_version=\u00bb4.27.0&#8243; _module_preset=\u00bbdefault\u00bb background_color=\u00bb#FFFFFF\u00bb width=\u00bb100%\u00bb min_height=\u00bb405.6px\u00bb custom_margin=\u00bb|||0px|false|false\u00bb custom_padding=\u00bb0px|0px|0px|0px|false|false\u00bb hover_enabled=\u00bb0&#8243; global_colors_info=\u00bb{}\u00bb sticky_enabled=\u00bb0&#8243;]<\/p>\n<h3 style=\"text-align: justify;\"><strong>CASA RIC &#8211; BARONES DE VALDEOLIVOS<\/strong><\/h3>\n<p id=\"aui_3_2_0_17352\" trebuchet=\"\" ms=\"\" helvetica=\"\" arial=\"\" sans-serif=\"\" vertical-align:=\"\" baseline=\"\" color:=\"\" rgb=\"\" 68=\"\" text-align:=\"\" justify=\"\" background-color:=\"\" 255=\"\" style=\"text-align: justify;\"><span style=\"color: #a6a4a3;\">Los barones de Valdeolivos donaron el palacio familiar (Casa Ric), sito en la localidad de Fonz (Huesca), junto con los bienes muebles y fondos documentales y bibliogr\u00e1ficos que conten\u00eda, a la Comunidad Aut\u00f3noma de Arag\u00f3n mediante escritura de donaci\u00f3n dada el 30 de junio de 1987. El Gobierno de Arag\u00f3n, tras la realizaci\u00f3n de una serie de obras de adecuaci\u00f3n en el palacio, abri\u00f3 los fondos a la consulta p\u00fablica a mediados de los a\u00f1os 90.<\/span><\/p>\n<p id=\"aui_3_2_0_17536\" trebuchet=\"\" ms=\"\" helvetica=\"\" arial=\"\" sans-serif=\"\" vertical-align:=\"\" baseline=\"\" color:=\"\" rgb=\"\" 68=\"\" text-align:=\"\" justify=\"\" background-color:=\"\" 255=\"\" style=\"text-align: justify;\"><span id=\"aui_3_2_0_17535\" style=\"color: #a6a4a3;\">El linaje de los Ric proviene de una familia infanzona oriunda de Fonz, documentada ya en el siglo XV. El miembro m\u00e1s relevante del linaje fue Pedro Mar\u00eda Ric, magistrado y pol\u00edtico aragon\u00e9s con un importante papel en la defensa de Zaragoza durante los Sitios (1808-1809). En el \u00e1mbito cultural y erudito destac\u00f3 Francisco de Otal y Valonga, VI Bar\u00f3n de Valdeolivos (1876-1954), especialmente por sus trabajos de genealog\u00eda, her\u00e1ldica y sigilograf\u00eda. Sus notas, escritos y materiales pueden consultarse en el centro.<\/span><\/p>\n<p id=\"aui_3_2_0_17540\" trebuchet=\"\" ms=\"\" helvetica=\"\" arial=\"\" sans-serif=\"\" vertical-align:=\"\" baseline=\"\" color:=\"\" rgb=\"\" 68=\"\" text-align:=\"\" justify=\"\" background-color:=\"\" 255=\"\" style=\"text-align: justify;\"><span style=\"color: #a6a4a3;\">El archivo de Casa Ric es de car\u00e1cter familiar y se\u00f1orial, abarca cerca de 40 metros lineales y su extensi\u00f3n cronol\u00f3gica abarca desde la Edad Media al siglo XX., si bien el bloque m\u00e1s nutrido se concentra en los siglos XVIII y XIX.<\/span><\/p>\n<div><\/div>\n<p style=\"font-weight: 400; text-align: justify;\"><span style=\"color: #a6a4a3;\"><\/span><\/p>\n<div style=\"text-align: justify;\"><\/div>\n<p>[\/et_pb_text][\/et_pb_column][\/et_pb_row][et_pb_row column_structure=\u00bb2_5,3_5&#8243; _builder_version=\u00bb4.19.0&#8243; _module_preset=\u00bbdefault\u00bb custom_padding=\u00bb0px|0px||||\u00bb global_colors_info=\u00bb{}\u00bb][et_pb_column type=\u00bb2_5&#8243; _builder_version=\u00bb4.19.0&#8243; _module_preset=\u00bbdefault\u00bb global_colors_info=\u00bb{}\u00bb][et_pb_image src=\u00bbdata:image\/svg+xml;base64,PHN2ZyB3aWR0aD0iMTA4MCIgaGVpZ2h0PSI1NDAiIHZpZXdCb3g9IjAgMCAxMDgwIDU0MCIgeG1sbnM9Imh0dHA6Ly93d3cudzMub3JnLzIwMDAvc3ZnIj4KICAgIDxnIGZpbGw9Im5vbmUiIGZpbGwtcnVsZT0iZXZlbm9kZCI+CiAgICAgICAgPHBhdGggZmlsbD0iI0VCRUJFQiIgZD0iTTAgMGgxMDgwdjU0MEgweiIvPgogICAgICAgIDxwYXRoIGQ9Ik00NDUuNjQ5IDU0MGgtOTguOTk1TDE0NC42NDkgMzM3Ljk5NSAwIDQ4Mi42NDR2LTk4Ljk5NWwxMTYuMzY1LTExNi4zNjVjMTUuNjItMTUuNjIgNDAuOTQ3LTE1LjYyIDU2LjU2OCAwTDQ0NS42NSA1NDB6IiBmaWxsLW9wYWNpdHk9Ii4xIiBmaWxsPSIjMDAwIiBmaWxsLXJ1bGU9Im5vbnplcm8iLz4KICAgICAgICA8Y2lyY2xlIGZpbGwtb3BhY2l0eT0iLjA1IiBmaWxsPSIjMDAwIiBjeD0iMzMxIiBjeT0iMTQ4IiByPSI3MCIvPgogICAgICAgIDxwYXRoIGQ9Ik0xMDgwIDM3OXYxMTMuMTM3TDcyOC4xNjIgMTQwLjMgMzI4LjQ2MiA1NDBIMjE1LjMyNEw2OTkuODc4IDU1LjQ0NmMxNS42Mi0xNS42MiA0MC45NDgtMTUuNjIgNTYuNTY4IDBMMTA4MCAzNzl6IiBmaWxsLW9wYWNpdHk9Ii4yIiBmaWxsPSIjMDAwIiBmaWxsLXJ1bGU9Im5vbnplcm8iLz4KICAgIDwvZz4KPC9zdmc+Cg==\u00bb _builder_version=\u00bb4.27.0&#8243; _module_preset=\u00bbdefault\u00bb width=\u00bb55%\u00bb max_width=\u00bb55%\u00bb module_alignment=\u00bbcenter\u00bb hover_enabled=\u00bb0&#8243; sticky_enabled=\u00bb0&#8243;][\/et_pb_image][\/et_pb_column][et_pb_column type=\u00bb3_5&#8243; _builder_version=\u00bb4.19.0&#8243; _module_preset=\u00bbdefault\u00bb global_colors_info=\u00bb{}\u00bb][et_pb_button button_url=\u00bbhttps:\/\/dara.aragon.es\/opac\/app\/simple\/crbv\u00bb button_text=\u00bbCuadro de clasificaci\u00f3n\u00bb _builder_version=\u00bb4.27.0&#8243; _module_preset=\u00bbdefault\u00bb button_icon=\u00bb&#x39;||divi||400&#8243; custom_margin=\u00bb|0px|9px|0px|false|false\u00bb custom_padding=\u00bb0px|15px|2px|10px|false|false\u00bb animation_style=\u00bbbounce\u00bb hover_enabled=\u00bb0&#8243; global_colors_info=\u00bb{}\u00bb button_alignment=\u00bbleft\u00bb sticky_enabled=\u00bb0&#8243;][\/et_pb_button][et_pb_button button_url=\u00bbhttps:\/\/dara.aragon.es\/opac\/app\/simple\/crbv\u00bb button_text=\u00bbIr al buscador\u00bb _builder_version=\u00bb4.27.0&#8243; _module_preset=\u00bbdefault\u00bb button_icon=\u00bb&#x39;||divi||400&#8243; custom_margin=\u00bb|0px|9px|0px|false|false\u00bb custom_padding=\u00bb0px|15px|2px|10px|false|false\u00bb animation_style=\u00bbbounce\u00bb hover_enabled=\u00bb0&#8243; global_colors_info=\u00bb{}\u00bb button_alignment=\u00bbleft\u00bb sticky_enabled=\u00bb0&#8243;][\/et_pb_button][et_pb_button button_url=\u00bbhttps:\/\/dara.aragon.es\/opac\/app\/results\/crbv?q=*&#038;ob=re:1&#8243; button_text=\u00bbConsultar todo el fondo\u00bb button_alignment=\u00bbleft\u00bb _builder_version=\u00bb4.27.0&#8243; _module_preset=\u00bbdefault\u00bb button_icon=\u00bb&#xe02f;||divi||400&#8243; custom_margin=\u00bb0px|0px|2px|0px|false|false\u00bb custom_padding=\u00bb0px|15px|0px|10px|false|false\u00bb animation_style=\u00bbbounce\u00bb hover_enabled=\u00bb0&#8243; global_colors_info=\u00bb{}\u00bb sticky_enabled=\u00bb0&#8243;][\/et_pb_button][\/et_pb_column][\/et_pb_row][et_pb_row column_structure=\u00bb2_5,3_5&#8243; _builder_version=\u00bb4.27.0&#8243; _module_preset=\u00bbdefault\u00bb min_height=\u00bb506.8px\u00bb custom_margin=\u00bb0px|auto||0px|false|false\u00bb custom_padding=\u00bb|0px||||\u00bb hover_enabled=\u00bb0&#8243; global_colors_info=\u00bb{}\u00bb sticky_enabled=\u00bb0&#8243;][et_pb_column type=\u00bb2_5&#8243; _builder_version=\u00bb4.19.0&#8243; _module_preset=\u00bbdefault\u00bb global_colors_info=\u00bb{}\u00bb][et_pb_text _builder_version=\u00bb4.27.0&#8243; _module_preset=\u00bbdefault\u00bb width=\u00bb77.4%\u00bb max_width=\u00bb75%\u00bb module_alignment=\u00bbleft\u00bb min_height=\u00bb258px\u00bb height=\u00bb339px\u00bb max_height=\u00bb273px\u00bb custom_margin=\u00bb0px|0px|0px||false|false\u00bb custom_padding=\u00bb|0px|0px|||\u00bb hover_enabled=\u00bb0&#8243; global_colors_info=\u00bb{}\u00bb sticky_enabled=\u00bb0&#8243;]<\/p>\n<div style=\"padding-left: 120px;\"><b>\u00a0 \u00a0Casa Ric Baron\u00eda <\/b><\/div>\n<div style=\"padding-left: 120px;\"><b>\u00a0 \u00a0de Valdeolivos<\/b><\/div>\n<div style=\"padding-left: 120px;\"><b>\u00a0 \u00a0Direcci\u00f3n:<\/b><\/div>\n<div style=\"padding-left: 120px;\">\u00a0 \u00a0C\/ Pedro Mar\u00eda Ric, 8<br \/>22422 Fonz (Huesca)<\/div>\n<div style=\"padding-left: 120px;\"><strong>\u00a0 \u00a0Tel\u00e9fono de contacto:<\/strong><\/div>\n<div style=\"padding-left: 120px;\"><strong><a href=\"https:\/\/dara.aragon.es\/opac\/app\/simple\/%E2%80%9C974\" 412=\"\" 001=\"\">\u00a0 \u00a0974 412 001<\/a><\/strong><\/div>\n<div style=\"padding-left: 120px;\"><strong>\u00a0 \u00a0E-mail:<\/strong><\/div>\n<div style=\"padding-left: 120px;\"><a href=\"mailto:archivos@aragon.es\">\u00a0 \u00a0archivos@aragon.es<\/a><\/div>\n<div style=\"padding-left: 120px;\"><strong>\u00a0 \u00a0Sitio web:<\/strong><\/div>\n<div style=\"padding-left: 120px;\"><a href=\"http:\/\/www.patrimonioculturaldearagon.es\/archivos\/archivo-biblioteca-de-los-barones-de-valdeolivos-fonz\" target=\"_blank\" rel=\"noopener\"><b>\u00a0 \u00a0M\u00e1s informaci\u00f3n<\/b><\/a><\/div>\n<p>[\/et_pb_text][et_pb_social_media_follow _builder_version=\u00bb4.27.0&#8243; _module_preset=\u00bbdefault\u00bb custom_padding=\u00bb0px|||0px|false|false\u00bb hover_enabled=\u00bb0&#8243; global_colors_info=\u00bb{}\u00bb sticky_enabled=\u00bb0&#8243; text_orientation=\u00bbleft\u00bb custom_margin=\u00bb|||119px||\u00bb][et_pb_social_media_follow_network social_network=\u00bbfacebook\u00bb url=\u00bbhttps:\/\/www.facebook.com\/CulturaAragon\u00bb _builder_version=\u00bb4.19.0&#8243; _module_preset=\u00bbdefault\u00bb background_color=\u00bb#3b5998&#8243; global_colors_info=\u00bb{}\u00bb follow_button=\u00bboff\u00bb url_new_window=\u00bbon\u00bb]facebook[\/et_pb_social_media_follow_network][et_pb_social_media_follow_network social_network=\u00bbtwitter\u00bb url=\u00bbhttps:\/\/twitter.com\/CulturaAragon\u00bb _builder_version=\u00bb4.22.2&#8243; _module_preset=\u00bbdefault\u00bb background_color=\u00bb#000000&#8243; global_colors_info=\u00bb{}\u00bb follow_button=\u00bboff\u00bb url_new_window=\u00bbon\u00bb]twitter[\/et_pb_social_media_follow_network][et_pb_social_media_follow_network social_network=\u00bbpinterest\u00bb url=\u00bbhttp:\/\/www.sipca.es\/censo\/1-INM-HUE-008-110-012\/Palacio\/de\/los\/barones\/de\/Valdeolivos.html#.Y2pQbXZByHs\u00bb _builder_version=\u00bb4.19.0&#8243; _module_preset=\u00bbdefault\u00bb background_color=\u00bb#cb2027&#8243; global_colors_info=\u00bb{}\u00bb follow_button=\u00bboff\u00bb url_new_window=\u00bbon\u00bb]pinterest[\/et_pb_social_media_follow_network][\/et_pb_social_media_follow][\/et_pb_column][et_pb_column type=\u00bb3_5&#8243; _builder_version=\u00bb4.19.0&#8243; _module_preset=\u00bbdefault\u00bb global_colors_info=\u00bb{}\u00bb][et_pb_tabs _builder_version=\u00bb4.27.0&#8243; _module_preset=\u00bbdefault\u00bb hover_enabled=\u00bb0&#8243; sticky_enabled=\u00bb0&#8243; width=\u00bb90%\u00bb max_width=\u00bb90%\u00bb][et_pb_tab title=\u00bbFONDOS DOCUMENTALES\u00bb _builder_version=\u00bb4.27.0&#8243; _module_preset=\u00bbdefault\u00bb hover_enabled=\u00bb0&#8243; sticky_enabled=\u00bb0&#8243;][\/et_pb_tab][\/et_pb_tabs][\/et_pb_column][\/et_pb_row][\/et_pb_section]<\/p>\n","protected":false},"excerpt":{"rendered":"<p>Archivo Casa Ric Barones de Valdeolivos<\/p>\n","protected":false},"author":1,"featured_media":1303,"parent":0,"menu_order":0,"comment_status":"closed","ping_status":"closed","template":"","meta":{"_et_pb_use_builder":"on","_et_pb_old_content":"","_et_gb_content_width":"","om_disable_all_campaigns":false,"_monsterinsights_skip_tracking":false,"_monsterinsights_sitenote_active":false,"_monsterinsights_sitenote_note":"","_monsterinsights_sitenote_category":0,"_uf_show_specific_survey":0,"_uf_disable_surveys":false,"footnotes":""},"class_list":["post-1285","page","type-page","status-publish","has-post-thumbnail","hentry"],"yoast_head":"<!-- This site is optimized with the Yoast SEO plugin v26.2 - https:\/\/yoast.com\/wordpress\/plugins\/seo\/ -->\n<title>Casa Ric -Barones de Valdeolivos - DARA GENERAL<\/title>\n<meta name=\"robots\" content=\"index, follow, max-snippet:-1, max-image-preview:large, max-video-preview:-1\" \/>\n<link rel=\"canonical\" href=\"https:\/\/dara.aragon.es\/dara\/casa-ric-barones-de-valdeolivos\/\" \/>\n<meta property=\"og:locale\" content=\"es_ES\" \/>\n<meta property=\"og:type\" content=\"article\" \/>\n<meta property=\"og:title\" content=\"Casa Ric -Barones de Valdeolivos - DARA GENERAL\" \/>\n<meta property=\"og:description\" content=\"Archivo Casa Ric Barones de Valdeolivos\" \/>\n<meta property=\"og:url\" content=\"https:\/\/dara.aragon.es\/dara\/casa-ric-barones-de-valdeolivos\/\" \/>\n<meta property=\"og:site_name\" content=\"DARA GENERAL\" \/>\n<meta property=\"article:modified_time\" content=\"2024-07-19T13:12:21+00:00\" \/>\n<meta property=\"og:image\" content=\"https:\/\/dara.aragon.es\/dara\/wp-content\/uploads\/2022\/11\/Casa-Ric-Barones-del-Valdeolivos.png\" \/>\n\t<meta property=\"og:image:width\" content=\"426\" \/>\n\t<meta property=\"og:image:height\" content=\"426\" \/>\n\t<meta property=\"og:image:type\" content=\"image\/png\" \/>\n<meta name=\"twitter:card\" content=\"summary_large_image\" \/>\n<meta name=\"twitter:label1\" content=\"Tiempo de lectura\" \/>\n\t<meta name=\"twitter:data1\" content=\"6 minutos\" \/>\n<script type=\"application\/ld+json\" class=\"yoast-schema-graph\">{\"@context\":\"https:\/\/schema.org\",\"@graph\":[{\"@type\":\"WebPage\",\"@id\":\"https:\/\/dara.aragon.es\/dara\/casa-ric-barones-de-valdeolivos\/\",\"url\":\"https:\/\/dara.aragon.es\/dara\/casa-ric-barones-de-valdeolivos\/\",\"name\":\"Casa Ric -Barones de Valdeolivos - DARA GENERAL\",\"isPartOf\":{\"@id\":\"https:\/\/dara.aragon.es\/dara\/#website\"},\"primaryImageOfPage\":{\"@id\":\"https:\/\/dara.aragon.es\/dara\/casa-ric-barones-de-valdeolivos\/#primaryimage\"},\"image\":{\"@id\":\"https:\/\/dara.aragon.es\/dara\/casa-ric-barones-de-valdeolivos\/#primaryimage\"},\"thumbnailUrl\":\"https:\/\/dara.aragon.es\/dara\/wp-content\/uploads\/2022\/11\/Casa-Ric-Barones-del-Valdeolivos.png\",\"datePublished\":\"2022-11-08T11:56:03+00:00\",\"dateModified\":\"2024-07-19T13:12:21+00:00\",\"breadcrumb\":{\"@id\":\"https:\/\/dara.aragon.es\/dara\/casa-ric-barones-de-valdeolivos\/#breadcrumb\"},\"inLanguage\":\"es\",\"potentialAction\":[{\"@type\":\"ReadAction\",\"target\":[\"https:\/\/dara.aragon.es\/dara\/casa-ric-barones-de-valdeolivos\/\"]}]},{\"@type\":\"ImageObject\",\"inLanguage\":\"es\",\"@id\":\"https:\/\/dara.aragon.es\/dara\/casa-ric-barones-de-valdeolivos\/#primaryimage\",\"url\":\"https:\/\/dara.aragon.es\/dara\/wp-content\/uploads\/2022\/11\/Casa-Ric-Barones-del-Valdeolivos.png\",\"contentUrl\":\"https:\/\/dara.aragon.es\/dara\/wp-content\/uploads\/2022\/11\/Casa-Ric-Barones-del-Valdeolivos.png\",\"width\":426,\"height\":426,\"caption\":\"Casa Ric\"},{\"@type\":\"BreadcrumbList\",\"@id\":\"https:\/\/dara.aragon.es\/dara\/casa-ric-barones-de-valdeolivos\/#breadcrumb\",\"itemListElement\":[{\"@type\":\"ListItem\",\"position\":1,\"name\":\"Portada\",\"item\":\"https:\/\/dara.aragon.es\/dara\/\"},{\"@type\":\"ListItem\",\"position\":2,\"name\":\"Casa Ric -Barones de Valdeolivos\"}]},{\"@type\":\"WebSite\",\"@id\":\"https:\/\/dara.aragon.es\/dara\/#website\",\"url\":\"https:\/\/dara.aragon.es\/dara\/\",\"name\":\"DARA GENERAL\",\"description\":\"Documentos y archivos de Arag\u00f3n\",\"potentialAction\":[{\"@type\":\"SearchAction\",\"target\":{\"@type\":\"EntryPoint\",\"urlTemplate\":\"https:\/\/dara.aragon.es\/dara\/?s={search_term_string}\"},\"query-input\":{\"@type\":\"PropertyValueSpecification\",\"valueRequired\":true,\"valueName\":\"search_term_string\"}}],\"inLanguage\":\"es\"}]}<\/script>\n<!-- \/ Yoast SEO plugin. -->","yoast_head_json":{"title":"Casa Ric -Barones de Valdeolivos - DARA GENERAL","robots":{"index":"index","follow":"follow","max-snippet":"max-snippet:-1","max-image-preview":"max-image-preview:large","max-video-preview":"max-video-preview:-1"},"canonical":"https:\/\/dara.aragon.es\/dara\/casa-ric-barones-de-valdeolivos\/","og_locale":"es_ES","og_type":"article","og_title":"Casa Ric -Barones de Valdeolivos - DARA GENERAL","og_description":"Archivo Casa Ric Barones de Valdeolivos","og_url":"https:\/\/dara.aragon.es\/dara\/casa-ric-barones-de-valdeolivos\/","og_site_name":"DARA GENERAL","article_modified_time":"2024-07-19T13:12:21+00:00","og_image":[{"width":426,"height":426,"url":"https:\/\/dara.aragon.es\/dara\/wp-content\/uploads\/2022\/11\/Casa-Ric-Barones-del-Valdeolivos.png","type":"image\/png"}],"twitter_card":"summary_large_image","twitter_misc":{"Tiempo de lectura":"6 minutos"},"schema":{"@context":"https:\/\/schema.org","@graph":[{"@type":"WebPage","@id":"https:\/\/dara.aragon.es\/dara\/casa-ric-barones-de-valdeolivos\/","url":"https:\/\/dara.aragon.es\/dara\/casa-ric-barones-de-valdeolivos\/","name":"Casa Ric -Barones de Valdeolivos - DARA GENERAL","isPartOf":{"@id":"https:\/\/dara.aragon.es\/dara\/#website"},"primaryImageOfPage":{"@id":"https:\/\/dara.aragon.es\/dara\/casa-ric-barones-de-valdeolivos\/#primaryimage"},"image":{"@id":"https:\/\/dara.aragon.es\/dara\/casa-ric-barones-de-valdeolivos\/#primaryimage"},"thumbnailUrl":"https:\/\/dara.aragon.es\/dara\/wp-content\/uploads\/2022\/11\/Casa-Ric-Barones-del-Valdeolivos.png","datePublished":"2022-11-08T11:56:03+00:00","dateModified":"2024-07-19T13:12:21+00:00","breadcrumb":{"@id":"https:\/\/dara.aragon.es\/dara\/casa-ric-barones-de-valdeolivos\/#breadcrumb"},"inLanguage":"es","potentialAction":[{"@type":"ReadAction","target":["https:\/\/dara.aragon.es\/dara\/casa-ric-barones-de-valdeolivos\/"]}]},{"@type":"ImageObject","inLanguage":"es","@id":"https:\/\/dara.aragon.es\/dara\/casa-ric-barones-de-valdeolivos\/#primaryimage","url":"https:\/\/dara.aragon.es\/dara\/wp-content\/uploads\/2022\/11\/Casa-Ric-Barones-del-Valdeolivos.png","contentUrl":"https:\/\/dara.aragon.es\/dara\/wp-content\/uploads\/2022\/11\/Casa-Ric-Barones-del-Valdeolivos.png","width":426,"height":426,"caption":"Casa Ric"},{"@type":"BreadcrumbList","@id":"https:\/\/dara.aragon.es\/dara\/casa-ric-barones-de-valdeolivos\/#breadcrumb","itemListElement":[{"@type":"ListItem","position":1,"name":"Portada","item":"https:\/\/dara.aragon.es\/dara\/"},{"@type":"ListItem","position":2,"name":"Casa Ric -Barones de Valdeolivos"}]},{"@type":"WebSite","@id":"https:\/\/dara.aragon.es\/dara\/#website","url":"https:\/\/dara.aragon.es\/dara\/","name":"DARA GENERAL","description":"Documentos y archivos de Arag\u00f3n","potentialAction":[{"@type":"SearchAction","target":{"@type":"EntryPoint","urlTemplate":"https:\/\/dara.aragon.es\/dara\/?s={search_term_string}"},"query-input":{"@type":"PropertyValueSpecification","valueRequired":true,"valueName":"search_term_string"}}],"inLanguage":"es"}]}},"_links":{"self":[{"href":"https:\/\/dara.aragon.es\/dara\/wp-json\/wp\/v2\/pages\/1285","targetHints":{"allow":["GET"]}}],"collection":[{"href":"https:\/\/dara.aragon.es\/dara\/wp-json\/wp\/v2\/pages"}],"about":[{"href":"https:\/\/dara.aragon.es\/dara\/wp-json\/wp\/v2\/types\/page"}],"author":[{"embeddable":true,"href":"https:\/\/dara.aragon.es\/dara\/wp-json\/wp\/v2\/users\/1"}],"replies":[{"embeddable":true,"href":"https:\/\/dara.aragon.es\/dara\/wp-json\/wp\/v2\/comments?post=1285"}],"version-history":[{"count":0,"href":"https:\/\/dara.aragon.es\/dara\/wp-json\/wp\/v2\/pages\/1285\/revisions"}],"wp:featuredmedia":[{"embeddable":true,"href":"https:\/\/dara.aragon.es\/dara\/wp-json\/wp\/v2\/media\/1303"}],"wp:attachment":[{"href":"https:\/\/dara.aragon.es\/dara\/wp-json\/wp\/v2\/media?parent=1285"}],"curies":[{"name":"wp","href":"https:\/\/api.w.org\/{rel}","templated":true}]}}