{"id":1290,"date":"2022-11-08T12:00:09","date_gmt":"2022-11-08T12:00:09","guid":{"rendered":"https:\/\/dara.aragon.es\/dara\/?page_id=1290"},"modified":"2024-10-14T11:11:59","modified_gmt":"2024-10-14T11:11:59","slug":"fototeca-de-la-diputacion-provincial-de-huesca","status":"publish","type":"page","link":"https:\/\/dara.aragon.es\/dara\/fototeca-de-la-diputacion-provincial-de-huesca\/","title":{"rendered":"Fototeca de la Diputaci\u00f3n Provincial de Huesca"},"content":{"rendered":"<p>[et_pb_section fb_built=\u00bb1&#8243; fullwidth=\u00bbon\u00bb admin_label=\u00bbHeader Section\u00bb _builder_version=\u00bb4.27.0&#8243; _module_preset=\u00bbdefault\u00bb background_color=\u00bb#26528D\u00bb background_enable_image=\u00bboff\u00bb parallax=\u00bbon\u00bb custom_padding=\u00bb|||\u00bb global_module=\u00bb5363&#8243; saved_tabs=\u00bball\u00bb locked=\u00bboff\u00bb global_colors_info=\u00bb{}\u00bb][et_pb_fullwidth_header text_orientation=\u00bbcenter\u00bb background_overlay_color=\u00bbrgba(0,0,0,0.4)\u00bb admin_label=\u00bbContents\u00bb _builder_version=\u00bb4.27.2&#8243; _module_preset=\u00bbdefault\u00bb title_font=\u00bbOswald|||on|\u00bb title_text_align=\u00bbcenter\u00bb title_font_size=\u00bb35px\u00bb title_letter_spacing=\u00bb0.05em\u00bb title_line_height=\u00bb1.5em\u00bb subhead_font=\u00bbNunito|600|||||||\u00bb subhead_font_size=\u00bb20px\u00bb subhead_line_height=\u00bb1.9em\u00bb background_color=\u00bbrgba(255, 255, 255, 0)\u00bb background_enable_image=\u00bboff\u00bb parallax=\u00bbon\u00bb parallax_method=\u00bbon\u00bb custom_button_one=\u00bbon\u00bb button_one_text_size=\u00bb15px\u00bb button_one_bg_color=\u00bb#dca57d\u00bb button_one_border_width=\u00bb10px\u00bb button_one_border_color=\u00bb#dca57d\u00bb button_one_border_radius=\u00bb0px\u00bb button_one_letter_spacing=\u00bb3px\u00bb button_one_font=\u00bbOswald|||on|\u00bb button_one_use_icon=\u00bboff\u00bb custom_margin=\u00bb|||\u00bb custom_padding=\u00bb1%||1%||false|false\u00bb animation_style=\u00bbfade\u00bb animation_starting_opacity=\u00bb50%\u00bb animation_speed_curve=\u00bbease-in\u00bb hover_enabled=\u00bb0&#8243; title_font_size_tablet=\u00bb60px\u00bb title_font_size_phone=\u00bb40px\u00bb title_font_size_last_edited=\u00bbon|phone\u00bb button_one_border_color_hover=\u00bb#c99872&#8243; button_one_border_radius_hover=\u00bb0px\u00bb button_one_letter_spacing_hover=\u00bb3px\u00bb button_one_bg_color_hover=\u00bb#c99872&#8243; global_colors_info=\u00bb{}\u00bb button_one_text_size__hover_enabled=\u00bboff\u00bb button_two_text_size__hover_enabled=\u00bboff\u00bb button_one_text_color__hover_enabled=\u00bboff\u00bb button_two_text_color__hover_enabled=\u00bboff\u00bb button_one_border_width__hover_enabled=\u00bboff\u00bb button_two_border_width__hover_enabled=\u00bboff\u00bb button_one_border_color__hover_enabled=\u00bbon\u00bb button_one_border_color__hover=\u00bb#c99872&#8243; button_two_border_color__hover_enabled=\u00bboff\u00bb button_one_border_radius__hover_enabled=\u00bbon\u00bb button_one_border_radius__hover=\u00bb0px\u00bb button_two_border_radius__hover_enabled=\u00bboff\u00bb button_one_letter_spacing__hover_enabled=\u00bbon\u00bb button_one_letter_spacing__hover=\u00bb3px\u00bb button_two_letter_spacing__hover_enabled=\u00bboff\u00bb button_one_bg_color__hover_enabled=\u00bbon\u00bb button_one_bg_color__hover=\u00bb#c99872&#8243; button_two_bg_color__hover_enabled=\u00bboff\u00bb sticky_enabled=\u00bb0&#8243;][\/et_pb_fullwidth_header][\/et_pb_section][et_pb_section fb_built=\u00bb1&#8243; _builder_version=\u00bb4.19.1&#8243; _module_preset=\u00bbdefault\u00bb global_colors_info=\u00bb{}\u00bb][et_pb_row column_structure=\u00bb2_5,3_5&#8243; _builder_version=\u00bb4.19.0&#8243; _module_preset=\u00bbdefault\u00bb min_height=\u00bb351.6px\u00bb custom_margin=\u00bb-21px|auto||auto||\u00bb custom_padding=\u00bb|45px|0px|0px||\u00bb global_colors_info=\u00bb{}\u00bb][et_pb_column type=\u00bb2_5&#8243; _builder_version=\u00bb4.19.0&#8243; _module_preset=\u00bbdefault\u00bb global_colors_info=\u00bb{}\u00bb][et_pb_image src=\u00bbhttps:\/\/dara.aragon.es\/dara\/wp-content\/uploads\/2022\/11\/Fototeca426.png\u00bb alt=\u00bbFototeca AHPHU\u00bb title_text=\u00bbFototeca426&#8243; _builder_version=\u00bb4.19.0&#8243; _module_preset=\u00bbdefault\u00bb background_color=\u00bb#F2EEEB\u00bb width=\u00bb70.2%\u00bb max_width=\u00bb70%\u00bb module_alignment=\u00bbleft\u00bb min_height=\u00bb221.3px\u00bb custom_margin=\u00bb||47px|||\u00bb custom_padding=\u00bb0px|0px||0px||\u00bb global_colors_info=\u00bb{}\u00bb][\/et_pb_image][\/et_pb_column][et_pb_column type=\u00bb3_5&#8243; _builder_version=\u00bb4.19.0&#8243; _module_preset=\u00bbdefault\u00bb global_colors_info=\u00bb{}\u00bb][et_pb_text _builder_version=\u00bb4.19.0&#8243; _module_preset=\u00bbdefault\u00bb background_color=\u00bb#FFFFFF\u00bb width=\u00bb100%\u00bb min_height=\u00bb248.6px\u00bb custom_margin=\u00bb|-98px||-98px||true\u00bb custom_padding=\u00bb7px|||0px||\u00bb global_colors_info=\u00bb{}\u00bb]<\/p>\n<h2><strong>FOTOTECA DE LA DIPUTACI\u00d3N PROVINCIAL DE HUESCA<\/strong><\/h2>\n<p style=\"font-weight: 400; text-align: justify;\"><span style=\"color: #a6a4a3;\">La\u00a0Fototeca de la Diputaci\u00f3n Provincial de Huesca\u00a0es un servicio que tiene como misi\u00f3n\u00a0reunir, conservar y difundir el patrimonio fotogr\u00e1fico y audiovisual de la provincia de Huesca. Gestiona y preserva\u00a0m\u00e1s de 300.000 documentos gr\u00e1ficos y audiovisuales\u00a0de diversas procedencias, fondos y colecciones particulares, entidades p\u00fablicas y privadas o producidos por la propia Diputaci\u00f3n.<\/span><\/p>\n<div style=\"text-align: justify;\"><\/div>\n<p>[\/et_pb_text][et_pb_divider divider_style=\u00bbnone\u00bb divider_position=\u00bbcenter\u00bb _builder_version=\u00bb4.19.2&#8243; _module_preset=\u00bbdefault\u00bb custom_padding=\u00bb0px|||||\u00bb global_colors_info=\u00bb{}\u00bb][\/et_pb_divider][\/et_pb_column][\/et_pb_row][et_pb_row column_structure=\u00bb2_5,3_5&#8243; _builder_version=\u00bb4.19.0&#8243; _module_preset=\u00bbdefault\u00bb width=\u00bb81.3%\u00bb custom_padding=\u00bb0px|0px||0px||\u00bb global_colors_info=\u00bb{}\u00bb][et_pb_column type=\u00bb2_5&#8243; _builder_version=\u00bb4.19.0&#8243; _module_preset=\u00bbdefault\u00bb link_option_url=\u00bbhttps:\/\/goo.gl\/maps\/Kto9GfmAC6aNm15AA\u00bb global_colors_info=\u00bb{}\u00bb][et_pb_image src=\u00bbhttps:\/\/dara.aragon.es\/dara\/wp-content\/uploads\/2022\/11\/Mapa-Fototeca-Huesca.png\u00bb alt=\u00bbMapa fototeca DPHU\u00bb title_text=\u00bbMapa Fototeca Huesca\u00bb url=\u00bbhttps:\/\/goo.gl\/maps\/vpc98DdwAe2UeWwLA\u00bb _builder_version=\u00bb4.19.1&#8243; _module_preset=\u00bbdefault\u00bb width=\u00bb96.9%\u00bb custom_padding=\u00bb|137px||0px||\u00bb global_colors_info=\u00bb{}\u00bb][\/et_pb_image][\/et_pb_column][et_pb_column type=\u00bb3_5&#8243; _builder_version=\u00bb4.19.0&#8243; _module_preset=\u00bbdefault\u00bb global_colors_info=\u00bb{}\u00bb][et_pb_button button_url=\u00bbhttps:\/\/dara.aragon.es\/opac\/app\/simple\/fdph\u00bb url_new_window=\u00bbon\u00bb button_text=\u00bbIr al buscador\u00bb button_alignment=\u00bbleft\u00bb _builder_version=\u00bb4.19.2&#8243; _module_preset=\u00bbdefault\u00bb button_text_size=\u00bb15px\u00bb button_border_width=\u00bb2px\u00bb button_border_radius=\u00bb21px\u00bb button_letter_spacing=\u00bb4px\u00bb button_font=\u00bb||on||||||\u00bb button_icon=\u00bb&#x39;||divi||400&#8243; custom_margin=\u00bb-9px|369px||-90px|false|false\u00bb custom_padding=\u00bb2px|49px||54px|false|false\u00bb animation_style=\u00bbbounce\u00bb box_shadow_style=\u00bbpreset6&#8243; global_colors_info=\u00bb{}\u00bb][\/et_pb_button][et_pb_button button_url=\u00bbhttps:\/\/dara.aragon.es\/opac\/app\/results\/fdphu?ar=5&#038;ob=re:1&#038;ft=archive:5&#8243; button_text=\u00bbVer todos los registros\u00bb button_alignment=\u00bbleft\u00bb _builder_version=\u00bb4.19.2&#8243; _module_preset=\u00bbdefault\u00bb button_text_size=\u00bb14px\u00bb button_border_width=\u00bb2px\u00bb button_border_radius=\u00bb17px\u00bb button_letter_spacing=\u00bb4px\u00bb button_icon=\u00bb&#xe02f;||divi||400&#8243; custom_margin=\u00bb-64px|35px|1px|214px|false|false\u00bb custom_padding=\u00bb4px|29px||35px|false|false\u00bb animation_style=\u00bbbounce\u00bb box_shadow_style=\u00bbpreset6&#8243; global_colors_info=\u00bb{}\u00bb][\/et_pb_button][\/et_pb_column][\/et_pb_row][et_pb_row column_structure=\u00bb2_5,3_5&#8243; _builder_version=\u00bb4.19.0&#8243; _module_preset=\u00bbdefault\u00bb min_height=\u00bb567.8px\u00bb custom_margin=\u00bb-30px|auto||auto||\u00bb custom_padding=\u00bb|0px||||\u00bb global_colors_info=\u00bb{}\u00bb][et_pb_column type=\u00bb2_5&#8243; _builder_version=\u00bb4.19.0&#8243; _module_preset=\u00bbdefault\u00bb global_colors_info=\u00bb{}\u00bb][et_pb_text _builder_version=\u00bb4.19.2&#8243; _module_preset=\u00bbdefault\u00bb width=\u00bb77.4%\u00bb max_width=\u00bb75%\u00bb module_alignment=\u00bbleft\u00bb min_height=\u00bb258px\u00bb height=\u00bb339px\u00bb max_height=\u00bb273px\u00bb custom_margin=\u00bb|215px|-37px|||\u00bb custom_padding=\u00bb|0px|0px|||\u00bb global_colors_info=\u00bb{}\u00bb]<\/p>\n<div><b>Fototeca de la Diputaci\u00f3n<\/b><\/div>\n<div><b>Provincial de Huesca<\/b><\/div>\n<div><b>Direcci\u00f3n:<\/b><\/div>\n<div>Calle Gibraltar, 13<\/div>\n<div>22071 Huesca<\/div>\n<div>\n<div><strong>Tel\u00e9fono de contacto:<\/strong><\/div>\n<\/div>\n<div><a href=\"tel:974 231 671\">974 231 671<\/a><\/div>\n<div>\n<div><b>E-mail:<\/b><\/div>\n<div><a href=\"mailto:fototeca.consultas@dphuesca.es\">fototeca.consultas@dphuesca.es<\/a><\/div>\n<\/div>\n<div><strong>Sitio web<\/strong><\/div>\n<div><a href=\"http:\/\/www.sipca.es\/dara\/archivos\/6\/Fototeca\/de\/la\/Diputaci%C3%B3n\/Provincial\/de\/Huesca.html#.WgXAMvniZPY\" target=\"_blank\" rel=\"noopener\"><b>M\u00e1s informaci\u00f3n<\/b><\/a><\/div>\n<p>[\/et_pb_text][et_pb_social_media_follow _builder_version=\u00bb4.19.0&#8243; _module_preset=\u00bbdefault\u00bb custom_margin=\u00bb49px|||||\u00bb global_colors_info=\u00bb{}\u00bb][et_pb_social_media_follow_network social_network=\u00bbfacebook\u00bb url=\u00bbhttps:\/\/www.facebook.com\/DiputacionProvincialHuesca\u00bb _builder_version=\u00bb4.19.0&#8243; _module_preset=\u00bbdefault\u00bb background_color=\u00bb#3b5998&#8243; global_colors_info=\u00bb{}\u00bb follow_button=\u00bboff\u00bb url_new_window=\u00bbon\u00bb]facebook[\/et_pb_social_media_follow_network][et_pb_social_media_follow_network social_network=\u00bbtwitter\u00bb url=\u00bbhttps:\/\/twitter.com\/DPHuesca\u00bb _builder_version=\u00bb4.22.2&#8243; _module_preset=\u00bbdefault\u00bb background_color=\u00bb#000000&#8243; global_colors_info=\u00bb{}\u00bb follow_button=\u00bboff\u00bb url_new_window=\u00bbon\u00bb]twitter[\/et_pb_social_media_follow_network][et_pb_social_media_follow_network social_network=\u00bbpinterest\u00bb url=\u00bbhttps:\/\/dara.aragon.es\/opac\/app\/item\/?p=0&#038;st=.1227209.90000012&#038;ob=re:1&#038;vm=nv&#038;i=90000012&#8243; _builder_version=\u00bb4.19.0&#8243; _module_preset=\u00bbdefault\u00bb background_color=\u00bb#cb2027&#8243; global_colors_info=\u00bb{}\u00bb follow_button=\u00bboff\u00bb url_new_window=\u00bbon\u00bb]pinterest[\/et_pb_social_media_follow_network][\/et_pb_social_media_follow][\/et_pb_column][et_pb_column type=\u00bb3_5&#8243; _builder_version=\u00bb4.19.0&#8243; _module_preset=\u00bbdefault\u00bb global_colors_info=\u00bb{}\u00bb][et_pb_tabs _builder_version=\u00bb4.19.2&#8243; _module_preset=\u00bbdefault\u00bb width=\u00bb95%\u00bb min_height=\u00bb179px\u00bb custom_margin=\u00bb-86px|133px|2px|-92px||\u00bb global_colors_info=\u00bb{}\u00bb][et_pb_tab title=\u00bbALCANCE Y CONTENIDO\u00bb _builder_version=\u00bb4.19.0&#8243; _module_preset=\u00bbdefault\u00bb global_colors_info=\u00bb{}\u00bb]<\/p>\n<p style=\"text-align: justify;\"><span>Fundada en 1989 a partir de la adquisici\u00f3n del Archivo de Ricardo Compair\u00e9, tiene como funci\u00f3n recoger, conservar y difundir fotograf\u00edas y archivos de im\u00e1gene relacionados con el Alto Arag\u00f3n. Sus fondos est\u00e1n constituidos, mayoritariamente, por: &#8211; Archivos de fot\u00f3grafos altoaragoneses o que han tenido alg\u00fan tipo de relaci\u00f3n con la provincia de Huesca. &#8211; Colecciones de particulares que contienen fotograf\u00edas relacionadas con la provincia de Huesca. &#8211; Campa\u00f1as de Fotograf\u00eda en la Escuela. Recopilaciones de fotograf\u00edas realizadas en las escuelas rurales altoaragonesas. &#8211; Campa\u00f1as de Fotograf\u00eda en los ayuntamientos. Recopilaciones de fotograf\u00eda popular en distintos municipios.<\/span><\/p>\n<p>[\/et_pb_tab][\/et_pb_tabs][et_pb_toggle title=\u00bbCUADRO DE CLASIFICACI\u00d3N\u00bb _builder_version=\u00bb4.19.0&#8243; _module_preset=\u00bbdefault\u00bb width=\u00bb97.2%\u00bb min_height=\u00bb63px\u00bb custom_margin=\u00bb6px||13px|-92px||\u00bb custom_padding=\u00bb|103px||2px||\u00bb global_colors_info=\u00bb{}\u00bb]<\/p>\n<ul>\n<li style=\"list-style-type: none;\">\n<ul>\n<li style=\"text-align: left;\">Colecciones particulares<\/li>\n<li style=\"text-align: left;\">Fondos de fot\u00f3grafos<\/li>\n<\/ul>\n<\/li>\n<\/ul>\n<p>[\/et_pb_toggle][et_pb_toggle title=\u00bb     Colecciones particulares\u00bb _builder_version=\u00bb4.19.1&#8243; _module_preset=\u00bbdefault\u00bb width=\u00bb95.7%\u00bb custom_margin=\u00bb|||-81px||\u00bb custom_padding=\u00bb|103px||2px||\u00bb global_colors_info=\u00bb{}\u00bb]<\/p>\n<p style=\"text-align: left;\"><a href=\"https:\/\/dara.aragon.es\/opac\/app\/item\/?p=0&amp;st=.1227209.90000012&amp;ob=re:1&amp;vm=nv&amp;i=90000012\">\u00a0 \u00a0 Colecciones de particulares<\/a><\/p>\n<ul>\n<li style=\"list-style-type: none;\">\n<ul>\n<li style=\"text-align: justify;\"><em>\u00a0 Familia Pie Sopena (<\/em>1910-1939)<\/li>\n<li style=\"text-align: justify;\"><em>\u00a0Pedro Moliner<\/em><\/li>\n<li style=\"text-align: justify;\"><em>\u00a0Vicente Cajal Lasala (<\/em>1897-1960)<\/li>\n<li style=\"text-align: justify;\"><em>\u00a0Vicente Campo Palacio (<\/em>1910-1945)<\/li>\n<\/ul>\n<\/li>\n<\/ul>\n<p>[\/et_pb_toggle][et_pb_toggle title=\u00bbFondos de fot\u00f3grafos\u00bb _builder_version=\u00bb4.19.2&#8243; _module_preset=\u00bbdefault\u00bb width=\u00bb96.9%\u00bb min_height=\u00bb64px\u00bb custom_margin=\u00bb-10px|20px||-81px||\u00bb custom_padding=\u00bb|||16px||\u00bb global_colors_info=\u00bb{}\u00bb]<\/p>\n<p><a href=\"https:\/\/dara.aragon.es\/opac\/app\/item\/?p=0&amp;st=.1227209.90000012&amp;ob=re:1&amp;vm=nv&amp;i=90000012\"><span>Fondos de fot\u00f3grafos<\/span><\/a><\/p>\n<ul>\n<li><em>Alfonso Foradada Coll (<\/em><em>1944-1960) <\/em><\/li>\n<li><em>Andr\u00e9s Burrel Sopena (<\/em><em>1890-1922) <\/em><\/li>\n<li><em>Antonio L\u00f3pez Santolaria (Ton\u00f3n de Baldomera) (<\/em><em>1905-1945) <\/em><\/li>\n<li><em>Feliciano Llanas Aguilaniedo (<\/em><em>1918-1922) <\/em><\/li>\n<li><em>Felipe Coscolla Plana (<\/em><em>1907-1940) <\/em><\/li>\n<li><em>Hermanos Vi\u00f1uales (<\/em><em>1906-1926) <\/em><\/li>\n<li><em>Ildefonso San Agust\u00edn Mur (<\/em><em>1918-1940) <\/em><\/li>\n<li><em>Joaqu\u00edn Gal\u00e1n Bernal (<\/em><em>1920-1940) <\/em><\/li>\n<li><em>Jos\u00e9 Oltra Mera (<\/em><em>1913-1981) <\/em><\/li>\n<li><em>Lorenzo Almarza Malla\u00edna (<\/em><em>1915-1930) <\/em><\/li>\n<li><em>Manuel Choy Llena (<\/em><em>1930-1940) <\/em><\/li>\n<li><em>Mariano G\u00f3mez Zamora (<\/em><em>1920-1950) <\/em><\/li>\n<li><em>Marqu\u00e9s de Santa Mar\u00eda del Villar (<\/em><em>1936-1940) <\/em><\/li>\n<li><em>Ricardo Compair\u00e9 Escart\u00edn (<\/em><em>1913-1945) <\/em><\/li>\n<li><em>Ricardo del Arco y Garay (<\/em><em>1914-1930) <\/em><\/li>\n<li><em>Santiago Fumaz (<\/em><em>1938-1980) <\/em><\/li>\n<li><em><a href=\"https:\/\/dara.aragon.es\/opac\/app\/item\/?p=0&amp;st=.1227209.90000012&amp;ob=re:1&amp;vm=nv&amp;i=90000012\">Santos Baso Simelio<\/a> (1920-1950)<\/em><\/li>\n<\/ul>\n<p>[\/et_pb_toggle][\/et_pb_column][\/et_pb_row][\/et_pb_section]<\/p>\n","protected":false},"excerpt":{"rendered":"<p>Fototeca de la Diputaci\u00f3n Provincial de Huesca<\/p>\n","protected":false},"author":1,"featured_media":1347,"parent":0,"menu_order":0,"comment_status":"closed","ping_status":"closed","template":"","meta":{"_et_pb_use_builder":"on","_et_pb_old_content":"","_et_gb_content_width":"","om_disable_all_campaigns":false,"_monsterinsights_skip_tracking":false,"_monsterinsights_sitenote_active":false,"_monsterinsights_sitenote_note":"","_monsterinsights_sitenote_category":0,"_uf_show_specific_survey":0,"_uf_disable_surveys":false,"footnotes":""},"class_list":["post-1290","page","type-page","status-publish","has-post-thumbnail","hentry"],"yoast_head":"<!-- This site is optimized with the Yoast SEO plugin v26.2 - https:\/\/yoast.com\/wordpress\/plugins\/seo\/ -->\n<title>Fototeca de la Diputaci\u00f3n Provincial de Huesca - DARA GENERAL<\/title>\n<meta name=\"robots\" content=\"index, follow, max-snippet:-1, max-image-preview:large, max-video-preview:-1\" \/>\n<link rel=\"canonical\" href=\"https:\/\/dara.aragon.es\/dara\/fototeca-de-la-diputacion-provincial-de-huesca\/\" \/>\n<meta property=\"og:locale\" content=\"es_ES\" \/>\n<meta property=\"og:type\" content=\"article\" \/>\n<meta property=\"og:title\" content=\"Fototeca de la Diputaci\u00f3n Provincial de Huesca - DARA GENERAL\" \/>\n<meta property=\"og:description\" content=\"Fototeca de la Diputaci\u00f3n Provincial de Huesca\" \/>\n<meta property=\"og:url\" content=\"https:\/\/dara.aragon.es\/dara\/fototeca-de-la-diputacion-provincial-de-huesca\/\" \/>\n<meta property=\"og:site_name\" content=\"DARA GENERAL\" \/>\n<meta property=\"article:modified_time\" content=\"2024-10-14T11:11:59+00:00\" \/>\n<meta property=\"og:image\" content=\"https:\/\/dara.aragon.es\/dara\/wp-content\/uploads\/2022\/11\/Fototeca426.png\" \/>\n\t<meta property=\"og:image:width\" content=\"426\" \/>\n\t<meta property=\"og:image:height\" content=\"426\" \/>\n\t<meta property=\"og:image:type\" content=\"image\/png\" \/>\n<meta name=\"twitter:card\" content=\"summary_large_image\" \/>\n<meta name=\"twitter:label1\" content=\"Tiempo de lectura\" \/>\n\t<meta name=\"twitter:data1\" content=\"7 minutos\" \/>\n<script type=\"application\/ld+json\" class=\"yoast-schema-graph\">{\"@context\":\"https:\/\/schema.org\",\"@graph\":[{\"@type\":\"WebPage\",\"@id\":\"https:\/\/dara.aragon.es\/dara\/fototeca-de-la-diputacion-provincial-de-huesca\/\",\"url\":\"https:\/\/dara.aragon.es\/dara\/fototeca-de-la-diputacion-provincial-de-huesca\/\",\"name\":\"Fototeca de la Diputaci\u00f3n Provincial de Huesca - DARA GENERAL\",\"isPartOf\":{\"@id\":\"https:\/\/dara.aragon.es\/dara\/#website\"},\"primaryImageOfPage\":{\"@id\":\"https:\/\/dara.aragon.es\/dara\/fototeca-de-la-diputacion-provincial-de-huesca\/#primaryimage\"},\"image\":{\"@id\":\"https:\/\/dara.aragon.es\/dara\/fototeca-de-la-diputacion-provincial-de-huesca\/#primaryimage\"},\"thumbnailUrl\":\"https:\/\/dara.aragon.es\/dara\/wp-content\/uploads\/2022\/11\/Fototeca426.png\",\"datePublished\":\"2022-11-08T12:00:09+00:00\",\"dateModified\":\"2024-10-14T11:11:59+00:00\",\"breadcrumb\":{\"@id\":\"https:\/\/dara.aragon.es\/dara\/fototeca-de-la-diputacion-provincial-de-huesca\/#breadcrumb\"},\"inLanguage\":\"es\",\"potentialAction\":[{\"@type\":\"ReadAction\",\"target\":[\"https:\/\/dara.aragon.es\/dara\/fototeca-de-la-diputacion-provincial-de-huesca\/\"]}]},{\"@type\":\"ImageObject\",\"inLanguage\":\"es\",\"@id\":\"https:\/\/dara.aragon.es\/dara\/fototeca-de-la-diputacion-provincial-de-huesca\/#primaryimage\",\"url\":\"https:\/\/dara.aragon.es\/dara\/wp-content\/uploads\/2022\/11\/Fototeca426.png\",\"contentUrl\":\"https:\/\/dara.aragon.es\/dara\/wp-content\/uploads\/2022\/11\/Fototeca426.png\",\"width\":426,\"height\":426,\"caption\":\"Fototeca AHPHU\"},{\"@type\":\"BreadcrumbList\",\"@id\":\"https:\/\/dara.aragon.es\/dara\/fototeca-de-la-diputacion-provincial-de-huesca\/#breadcrumb\",\"itemListElement\":[{\"@type\":\"ListItem\",\"position\":1,\"name\":\"Portada\",\"item\":\"https:\/\/dara.aragon.es\/dara\/\"},{\"@type\":\"ListItem\",\"position\":2,\"name\":\"Fototeca de la Diputaci\u00f3n Provincial de Huesca\"}]},{\"@type\":\"WebSite\",\"@id\":\"https:\/\/dara.aragon.es\/dara\/#website\",\"url\":\"https:\/\/dara.aragon.es\/dara\/\",\"name\":\"DARA GENERAL\",\"description\":\"Documentos y archivos de Arag\u00f3n\",\"potentialAction\":[{\"@type\":\"SearchAction\",\"target\":{\"@type\":\"EntryPoint\",\"urlTemplate\":\"https:\/\/dara.aragon.es\/dara\/?s={search_term_string}\"},\"query-input\":{\"@type\":\"PropertyValueSpecification\",\"valueRequired\":true,\"valueName\":\"search_term_string\"}}],\"inLanguage\":\"es\"}]}<\/script>\n<!-- \/ Yoast SEO plugin. -->","yoast_head_json":{"title":"Fototeca de la Diputaci\u00f3n Provincial de Huesca - DARA GENERAL","robots":{"index":"index","follow":"follow","max-snippet":"max-snippet:-1","max-image-preview":"max-image-preview:large","max-video-preview":"max-video-preview:-1"},"canonical":"https:\/\/dara.aragon.es\/dara\/fototeca-de-la-diputacion-provincial-de-huesca\/","og_locale":"es_ES","og_type":"article","og_title":"Fototeca de la Diputaci\u00f3n Provincial de Huesca - DARA GENERAL","og_description":"Fototeca de la Diputaci\u00f3n Provincial de Huesca","og_url":"https:\/\/dara.aragon.es\/dara\/fototeca-de-la-diputacion-provincial-de-huesca\/","og_site_name":"DARA GENERAL","article_modified_time":"2024-10-14T11:11:59+00:00","og_image":[{"width":426,"height":426,"url":"https:\/\/dara.aragon.es\/dara\/wp-content\/uploads\/2022\/11\/Fototeca426.png","type":"image\/png"}],"twitter_card":"summary_large_image","twitter_misc":{"Tiempo de lectura":"7 minutos"},"schema":{"@context":"https:\/\/schema.org","@graph":[{"@type":"WebPage","@id":"https:\/\/dara.aragon.es\/dara\/fototeca-de-la-diputacion-provincial-de-huesca\/","url":"https:\/\/dara.aragon.es\/dara\/fototeca-de-la-diputacion-provincial-de-huesca\/","name":"Fototeca de la Diputaci\u00f3n Provincial de Huesca - DARA GENERAL","isPartOf":{"@id":"https:\/\/dara.aragon.es\/dara\/#website"},"primaryImageOfPage":{"@id":"https:\/\/dara.aragon.es\/dara\/fototeca-de-la-diputacion-provincial-de-huesca\/#primaryimage"},"image":{"@id":"https:\/\/dara.aragon.es\/dara\/fototeca-de-la-diputacion-provincial-de-huesca\/#primaryimage"},"thumbnailUrl":"https:\/\/dara.aragon.es\/dara\/wp-content\/uploads\/2022\/11\/Fototeca426.png","datePublished":"2022-11-08T12:00:09+00:00","dateModified":"2024-10-14T11:11:59+00:00","breadcrumb":{"@id":"https:\/\/dara.aragon.es\/dara\/fototeca-de-la-diputacion-provincial-de-huesca\/#breadcrumb"},"inLanguage":"es","potentialAction":[{"@type":"ReadAction","target":["https:\/\/dara.aragon.es\/dara\/fototeca-de-la-diputacion-provincial-de-huesca\/"]}]},{"@type":"ImageObject","inLanguage":"es","@id":"https:\/\/dara.aragon.es\/dara\/fototeca-de-la-diputacion-provincial-de-huesca\/#primaryimage","url":"https:\/\/dara.aragon.es\/dara\/wp-content\/uploads\/2022\/11\/Fototeca426.png","contentUrl":"https:\/\/dara.aragon.es\/dara\/wp-content\/uploads\/2022\/11\/Fototeca426.png","width":426,"height":426,"caption":"Fototeca AHPHU"},{"@type":"BreadcrumbList","@id":"https:\/\/dara.aragon.es\/dara\/fototeca-de-la-diputacion-provincial-de-huesca\/#breadcrumb","itemListElement":[{"@type":"ListItem","position":1,"name":"Portada","item":"https:\/\/dara.aragon.es\/dara\/"},{"@type":"ListItem","position":2,"name":"Fototeca de la Diputaci\u00f3n Provincial de Huesca"}]},{"@type":"WebSite","@id":"https:\/\/dara.aragon.es\/dara\/#website","url":"https:\/\/dara.aragon.es\/dara\/","name":"DARA GENERAL","description":"Documentos y archivos de Arag\u00f3n","potentialAction":[{"@type":"SearchAction","target":{"@type":"EntryPoint","urlTemplate":"https:\/\/dara.aragon.es\/dara\/?s={search_term_string}"},"query-input":{"@type":"PropertyValueSpecification","valueRequired":true,"valueName":"search_term_string"}}],"inLanguage":"es"}]}},"_links":{"self":[{"href":"https:\/\/dara.aragon.es\/dara\/wp-json\/wp\/v2\/pages\/1290","targetHints":{"allow":["GET"]}}],"collection":[{"href":"https:\/\/dara.aragon.es\/dara\/wp-json\/wp\/v2\/pages"}],"about":[{"href":"https:\/\/dara.aragon.es\/dara\/wp-json\/wp\/v2\/types\/page"}],"author":[{"embeddable":true,"href":"https:\/\/dara.aragon.es\/dara\/wp-json\/wp\/v2\/users\/1"}],"replies":[{"embeddable":true,"href":"https:\/\/dara.aragon.es\/dara\/wp-json\/wp\/v2\/comments?post=1290"}],"version-history":[{"count":0,"href":"https:\/\/dara.aragon.es\/dara\/wp-json\/wp\/v2\/pages\/1290\/revisions"}],"wp:featuredmedia":[{"embeddable":true,"href":"https:\/\/dara.aragon.es\/dara\/wp-json\/wp\/v2\/media\/1347"}],"wp:attachment":[{"href":"https:\/\/dara.aragon.es\/dara\/wp-json\/wp\/v2\/media?parent=1290"}],"curies":[{"name":"wp","href":"https:\/\/api.w.org\/{rel}","templated":true}]}}