{"id":1486,"date":"2022-11-17T12:42:07","date_gmt":"2022-11-17T12:42:07","guid":{"rendered":"https:\/\/dara.aragon.es\/dara\/?page_id=1486"},"modified":"2024-07-22T11:30:20","modified_gmt":"2024-07-22T11:30:20","slug":"ayuntamiento-de-daroca-3","status":"publish","type":"page","link":"https:\/\/dara.aragon.es\/dara\/ayuntamiento-de-daroca-3\/","title":{"rendered":"Ayuntamiento de Daroca"},"content":{"rendered":"<p>[et_pb_section fb_built=\u00bb1&#8243; _builder_version=\u00bb4.19.0&#8243; _module_preset=\u00bbdefault\u00bb global_colors_info=\u00bb{}\u00bb][\/et_pb_section][et_pb_section fb_built=\u00bb1&#8243; _builder_version=\u00bb4.19.0&#8243; _module_preset=\u00bbdefault\u00bb global_colors_info=\u00bb{}\u00bb][et_pb_row column_structure=\u00bb1_3,2_3&#8243; _builder_version=\u00bb4.27.0&#8243; _module_preset=\u00bbdefault\u00bb min_height=\u00bb351.6px\u00bb custom_margin=\u00bb0px|auto||auto|false|false\u00bb custom_padding=\u00bb0px|0px|0px||false|false\u00bb global_colors_info=\u00bb{}\u00bb][et_pb_column type=\u00bb1_3&#8243; _builder_version=\u00bb4.19.0&#8243; _module_preset=\u00bbdefault\u00bb global_colors_info=\u00bb{}\u00bb][et_pb_image src=\u00bbhttps:\/\/dara.aragon.es\/dara\/wp-content\/uploads\/2022\/11\/Ayuntamiento-de-Daroca-1.png\u00bb alt=\u00bbamdaroca\u00bb title_text=\u00bbAyuntamiento de Daroca\u00bb align=\u00bbright\u00bb _builder_version=\u00bb4.27.0&#8243; _module_preset=\u00bbdefault\u00bb width=\u00bb81%\u00bb max_width=\u00bb80%\u00bb module_alignment=\u00bbleft\u00bb min_height=\u00bb284.2px\u00bb custom_margin=\u00bb0px|0px|0px||false|false\u00bb custom_padding=\u00bb0px|0px|0px||false|false\u00bb global_colors_info=\u00bb{}\u00bb][\/et_pb_image][\/et_pb_column][et_pb_column type=\u00bb2_3&#8243; _builder_version=\u00bb4.19.0&#8243; _module_preset=\u00bbdefault\u00bb global_colors_info=\u00bb{}\u00bb][et_pb_text _builder_version=\u00bb4.27.0&#8243; _module_preset=\u00bbdefault\u00bb background_color=\u00bb#FFFFFF\u00bb width=\u00bb90%\u00bb max_width=\u00bb90%\u00bb module_alignment=\u00bbleft\u00bb min_height=\u00bb276.6px\u00bb custom_margin=\u00bb|0px||0px|false|true\u00bb custom_padding=\u00bb0px|||0px||\u00bb global_colors_info=\u00bb{}\u00bb]<\/p>\n<h2 style=\"text-align: left;\"><span style=\"text-align: justify;\"><b>AYUNTAMIENTO DE DAROCA<\/b><\/span><\/h2>\n<div style=\"text-align: justify;\">\n<p style=\"text-align: left;\"><span style=\"color: #a6a4a3;\">Conserva los fondos del\u00a0<a href=\"http:\/\/dara.aragon.es\/opac\/doma\/instLoc-Daroca.jsp\" style=\"color: #a6a4a3;\">concejo de Daroca<\/a>.<\/span><\/p>\n<p style=\"text-align: left;\"><span style=\"color: #a6a4a3;\">El archivo conserva m\u00e1s de 8.000 registros hist\u00f3ricos inventariados, de los que cerca de 200 se remontan a la Edad Media. El documento m\u00e1s antiguo es un pergamino de 1196 sobre los l\u00edmites del t\u00e9rmino municipal. Dentro del fondo, destacan los privilegios reales, los pleitos y concordias con pueblos vecinos, los albaranes del pago de impuestos o los cuadernos de cuentas.<\/span><\/p>\n<\/div>\n<p>[\/et_pb_text][et_pb_button button_url=\u00bbhttps:\/\/dara.aragon.es\/opac\/app\/simple\/daro\u00bb button_text=\u00bbIr al buscador\u00bb _builder_version=\u00bb4.27.0&#8243; _module_preset=\u00bbdefault\u00bb button_icon=\u00bb&#xe021;||divi||400&#8243; custom_margin=\u00bb0px||21px|0px|false|false\u00bb custom_padding=\u00bb|15px||10px|false|false\u00bb global_colors_info=\u00bb{}\u00bb][\/et_pb_button][et_pb_button button_url=\u00bbhttps:\/\/dara.aragon.es\/opac\/app\/results\/daro?q=*&#038;ob=re:1&#8243; button_text=\u00bbConsultar todos los registros\u00bb _builder_version=\u00bb4.27.0&#8243; _module_preset=\u00bbdefault\u00bb button_icon=\u00bb&#xe02f;||divi||400&#8243; custom_margin=\u00bb0px|0px||0px|false|false\u00bb custom_padding=\u00bb|15px||10px|false|false\u00bb global_colors_info=\u00bb{}\u00bb][\/et_pb_button][et_pb_divider show_divider=\u00bboff\u00bb _builder_version=\u00bb4.27.0&#8243; _module_preset=\u00bbdefault\u00bb global_colors_info=\u00bb{}\u00bb][\/et_pb_divider][\/et_pb_column][\/et_pb_row][et_pb_row column_structure=\u00bb1_3,2_3&#8243; _builder_version=\u00bb4.27.0&#8243; _module_preset=\u00bbdefault\u00bb min_height=\u00bb567.8px\u00bb custom_margin=\u00bb0px|auto||auto|false|false\u00bb custom_padding=\u00bb7px|0px||||\u00bb global_colors_info=\u00bb{}\u00bb][et_pb_column type=\u00bb1_3&#8243; _builder_version=\u00bb4.19.0&#8243; _module_preset=\u00bbdefault\u00bb global_colors_info=\u00bb{}\u00bb][et_pb_image src=\u00bbhttps:\/\/dara.aragon.es\/dara\/wp-content\/uploads\/2024\/01\/Mapa-Daroca-DEF.png\u00bb alt=\u00bbamdaroca\u00bb title_text=\u00bbMapa Daroca DEF\u00bb url=\u00bbhttps:\/\/goo.gl\/maps\/wzrYweao5tGtgQpd9&#8243; show_bottom_space=\u00bboff\u00bb align=\u00bbcenter\u00bb _builder_version=\u00bb4.27.0&#8243; _module_preset=\u00bbdefault\u00bb width=\u00bb60%\u00bb max_width=\u00bb60%\u00bb module_alignment=\u00bbleft\u00bb min_height=\u00bb284.2px\u00bb custom_margin=\u00bb0px|0px|0px|0px|false|false\u00bb custom_padding=\u00bb0px|0px|0px|0px|false|false\u00bb hover_enabled=\u00bb0&#8243; global_colors_info=\u00bb{}\u00bb url_new_window=\u00bbon\u00bb sticky_enabled=\u00bb0&#8243;][\/et_pb_image][et_pb_divider show_divider=\u00bboff\u00bb _builder_version=\u00bb4.27.0&#8243; _module_preset=\u00bbdefault\u00bb global_colors_info=\u00bb{}\u00bb][\/et_pb_divider][et_pb_text _builder_version=\u00bb4.27.0&#8243; _module_preset=\u00bbdefault\u00bb width=\u00bb71.7%\u00bb max_width=\u00bb75%\u00bb module_alignment=\u00bbleft\u00bb min_height=\u00bb258px\u00bb height=\u00bb339px\u00bb max_height=\u00bb273px\u00bb custom_margin=\u00bb|0px|0px||false|false\u00bb custom_padding=\u00bb|0px|0px|0px|false|false\u00bb global_colors_info=\u00bb{}\u00bb]<\/p>\n<div><b>Ayuntamiento de Daroca<br \/>(gestionado por Diputaci\u00f3n Provincial de Zaragoza)<\/b><\/div>\n<div><b>Direcci\u00f3n<\/b><\/div>\n<div>Plaza de Espa\u00f1a, 2<\/div>\n<div>50071 Zaragoza<\/div>\n<p><strong>Tel\u00e9fono de contacto:<\/strong><br \/><a href=\"tel:(34)%20976%20288%20792\">(34) 976 288 792<\/a><br \/><strong>E-mail:<\/strong><br \/>archivosmunicipales@dpz.es<br \/><a href=\"http:\/\/www.daroca.es\/\"><strong>Sitio web del Ayuntamiento<\/strong><\/a><\/p>\n<p>[\/et_pb_text][et_pb_social_media_follow _builder_version=\u00bb4.27.0&#8243; _module_preset=\u00bbdefault\u00bb custom_margin=\u00bb0px|0px|0px|0px|false|false\u00bb custom_padding=\u00bb0px|0px||0px|false|false\u00bb global_colors_info=\u00bb{}\u00bb][et_pb_social_media_follow_network social_network=\u00bbfacebook\u00bb url=\u00bbhttps:\/\/www.facebook.com\/ayuntamientodaroca\u00bb _builder_version=\u00bb4.20.2&#8243; _module_preset=\u00bbdefault\u00bb background_color=\u00bb#3b5998&#8243; global_colors_info=\u00bb{}\u00bb follow_button=\u00bboff\u00bb url_new_window=\u00bbon\u00bb]facebook[\/et_pb_social_media_follow_network][et_pb_social_media_follow_network social_network=\u00bbtwitter\u00bb url=\u00bbhttps:\/\/twitter.com\/Ayto_Daroca\u00bb _builder_version=\u00bb4.22.2&#8243; _module_preset=\u00bbdefault\u00bb background_color=\u00bb#000000&#8243; global_colors_info=\u00bb{}\u00bb follow_button=\u00bboff\u00bb url_new_window=\u00bbon\u00bb]twitter[\/et_pb_social_media_follow_network][et_pb_social_media_follow_network social_network=\u00bbinstagram\u00bb url=\u00bbhttps:\/\/www.instagram.com\/aytodedaroca\/\u00bb _builder_version=\u00bb4.20.2&#8243; _module_preset=\u00bbdefault\u00bb background_color=\u00bb#ea2c59&#8243; global_colors_info=\u00bb{}\u00bb follow_button=\u00bboff\u00bb url_new_window=\u00bbon\u00bb]instagram[\/et_pb_social_media_follow_network][\/et_pb_social_media_follow][\/et_pb_column][et_pb_column type=\u00bb2_3&#8243; _builder_version=\u00bb4.19.0&#8243; _module_preset=\u00bbdefault\u00bb global_colors_info=\u00bb{}\u00bb][et_pb_tabs _builder_version=\u00bb4.27.0&#8243; _module_preset=\u00bbdefault\u00bb width=\u00bb85%\u00bb max_width=\u00bb85%\u00bb custom_margin=\u00bb0px|0px|0px|0px|false|false\u00bb custom_padding=\u00bb0px|0px|0px|0px|false|false\u00bb global_colors_info=\u00bb{}\u00bb][et_pb_tab title=\u00bbDESTACADOS\u00bb _builder_version=\u00bb4.20.2&#8243; _module_preset=\u00bbdefault\u00bb custom_padding=\u00bb|0px||30px|false|false\u00bb global_colors_info=\u00bb{}\u00bb]<\/p>\n<p>&nbsp;<\/p>\n<ul>\n<li><a href=\"http:\/\/dara.aragon.es\/opac\/app\/results\/doma?al=6,7,8&amp;ob=df:1&amp;sr=1&amp;st=.349998.697754.694255&amp;st=.349998.697754.694255.694678.694648\">Privilegios reales<\/a><\/li>\n<li><a href=\"http:\/\/dara.aragon.es\/opac\/app\/results\/doma?al=6,7,8&amp;ob=df:1&amp;sr=1&amp;st=.349998.697754.694255&amp;st=.349998.697754.694255.694678.694643\">Disposiciones eclesi\u00e1sticas<\/a><\/li>\n<li><a href=\"http:\/\/dara.aragon.es\/opac\/app\/results\/doma?ob=df:1&amp;sr=1&amp;ft=descriptor:%C3%81pocas&amp;st=.349998.697754.694255\">\u00c1pocas<\/a><\/li>\n<li><a href=\"http:\/\/dara.aragon.es\/opac\/app\/results\/doma?ob=df:1&amp;sr=1&amp;ft=institution:Comunidad+de+aldeas+de+Daroca&amp;st=.349998.697754.694255\">Comunidad de aldeas de Daroca<\/a><\/li>\n<\/ul>\n<p>[\/et_pb_tab][et_pb_tab title=\u00bbM\u00c1S INFORMACI\u00d3N\u00bb _builder_version=\u00bb4.27.0&#8243; _module_preset=\u00bbdefault\u00bb custom_padding=\u00bb|0px||35px|false|false\u00bb global_colors_info=\u00bb{}\u00bb]<\/p>\n<p>&nbsp;<\/p>\n<ul>\n<li><a href=\"http:\/\/dara.aragon.es\/opac\/app\/results\/doma?al=6,7,8&amp;ob=df:1&amp;sr=1&amp;st=.349998.697754.694255&amp;st=.349998.697754.694255.694678.694648\">Privilegios reales<\/a><\/li>\n<li><a href=\"http:\/\/dara.aragon.es\/opac\/app\/results\/doma?al=6,7,8&amp;ob=df:1&amp;sr=1&amp;st=.349998.697754.694255&amp;st=.349998.697754.694255.694678.694643\">Disposiciones eclesi\u00e1sticas<\/a><\/li>\n<li><a href=\"http:\/\/dara.aragon.es\/opac\/app\/results\/doma?ob=df:1&amp;sr=1&amp;ft=descriptor:%C3%81pocas&amp;st=.349998.697754.694255\">\u00c1pocas<\/a><\/li>\n<li><a href=\"http:\/\/dara.aragon.es\/opac\/app\/results\/doma?ob=df:1&amp;sr=1&amp;ft=institution:Comunidad+de+aldeas+de+Daroca&amp;st=.349998.697754.694255\">Comunidad de aldeas de Daroca<\/a><\/li>\n<\/ul>\n<p>&nbsp;<\/p>\n<p>&nbsp;<\/p>\n<p>[\/et_pb_tab][\/et_pb_tabs][\/et_pb_column][\/et_pb_row][\/et_pb_section]<\/p>\n","protected":false},"excerpt":{"rendered":"<p>Ayuntamiento de Daroca<\/p>\n","protected":false},"author":1,"featured_media":1490,"parent":0,"menu_order":0,"comment_status":"closed","ping_status":"closed","template":"","meta":{"_et_pb_use_builder":"on","_et_pb_old_content":"","_et_gb_content_width":"","om_disable_all_campaigns":false,"_monsterinsights_skip_tracking":false,"_monsterinsights_sitenote_active":false,"_monsterinsights_sitenote_note":"","_monsterinsights_sitenote_category":0,"_uf_show_specific_survey":0,"_uf_disable_surveys":false,"footnotes":""},"class_list":["post-1486","page","type-page","status-publish","has-post-thumbnail","hentry"],"yoast_head":"<!-- This site is optimized with the Yoast SEO plugin v26.2 - https:\/\/yoast.com\/wordpress\/plugins\/seo\/ -->\n<title>Ayuntamiento de Daroca - DARA GENERAL<\/title>\n<meta name=\"robots\" content=\"index, follow, max-snippet:-1, max-image-preview:large, max-video-preview:-1\" \/>\n<link rel=\"canonical\" href=\"https:\/\/dara.aragon.es\/dara\/ayuntamiento-de-daroca-3\/\" \/>\n<meta property=\"og:locale\" content=\"es_ES\" \/>\n<meta property=\"og:type\" content=\"article\" \/>\n<meta property=\"og:title\" content=\"Ayuntamiento de Daroca - DARA GENERAL\" \/>\n<meta property=\"og:description\" content=\"Ayuntamiento de Daroca\" \/>\n<meta property=\"og:url\" content=\"https:\/\/dara.aragon.es\/dara\/ayuntamiento-de-daroca-3\/\" \/>\n<meta property=\"og:site_name\" content=\"DARA GENERAL\" \/>\n<meta property=\"article:modified_time\" content=\"2024-07-22T11:30:20+00:00\" \/>\n<meta property=\"og:image\" content=\"https:\/\/dara.aragon.es\/dara\/wp-content\/uploads\/2022\/11\/Ayuntamiento-de-Daroca-1.png\" \/>\n\t<meta property=\"og:image:width\" content=\"426\" \/>\n\t<meta property=\"og:image:height\" content=\"426\" \/>\n\t<meta property=\"og:image:type\" content=\"image\/png\" \/>\n<meta name=\"twitter:card\" content=\"summary_large_image\" \/>\n<meta name=\"twitter:label1\" content=\"Tiempo de lectura\" \/>\n\t<meta name=\"twitter:data1\" content=\"4 minutos\" \/>\n<script type=\"application\/ld+json\" class=\"yoast-schema-graph\">{\"@context\":\"https:\/\/schema.org\",\"@graph\":[{\"@type\":\"WebPage\",\"@id\":\"https:\/\/dara.aragon.es\/dara\/ayuntamiento-de-daroca-3\/\",\"url\":\"https:\/\/dara.aragon.es\/dara\/ayuntamiento-de-daroca-3\/\",\"name\":\"Ayuntamiento de Daroca - DARA GENERAL\",\"isPartOf\":{\"@id\":\"https:\/\/dara.aragon.es\/dara\/#website\"},\"primaryImageOfPage\":{\"@id\":\"https:\/\/dara.aragon.es\/dara\/ayuntamiento-de-daroca-3\/#primaryimage\"},\"image\":{\"@id\":\"https:\/\/dara.aragon.es\/dara\/ayuntamiento-de-daroca-3\/#primaryimage\"},\"thumbnailUrl\":\"https:\/\/dara.aragon.es\/dara\/wp-content\/uploads\/2022\/11\/Ayuntamiento-de-Daroca-1.png\",\"datePublished\":\"2022-11-17T12:42:07+00:00\",\"dateModified\":\"2024-07-22T11:30:20+00:00\",\"breadcrumb\":{\"@id\":\"https:\/\/dara.aragon.es\/dara\/ayuntamiento-de-daroca-3\/#breadcrumb\"},\"inLanguage\":\"es\",\"potentialAction\":[{\"@type\":\"ReadAction\",\"target\":[\"https:\/\/dara.aragon.es\/dara\/ayuntamiento-de-daroca-3\/\"]}]},{\"@type\":\"ImageObject\",\"inLanguage\":\"es\",\"@id\":\"https:\/\/dara.aragon.es\/dara\/ayuntamiento-de-daroca-3\/#primaryimage\",\"url\":\"https:\/\/dara.aragon.es\/dara\/wp-content\/uploads\/2022\/11\/Ayuntamiento-de-Daroca-1.png\",\"contentUrl\":\"https:\/\/dara.aragon.es\/dara\/wp-content\/uploads\/2022\/11\/Ayuntamiento-de-Daroca-1.png\",\"width\":426,\"height\":426,\"caption\":\"amdaroca\"},{\"@type\":\"BreadcrumbList\",\"@id\":\"https:\/\/dara.aragon.es\/dara\/ayuntamiento-de-daroca-3\/#breadcrumb\",\"itemListElement\":[{\"@type\":\"ListItem\",\"position\":1,\"name\":\"Portada\",\"item\":\"https:\/\/dara.aragon.es\/dara\/\"},{\"@type\":\"ListItem\",\"position\":2,\"name\":\"Ayuntamiento de Daroca\"}]},{\"@type\":\"WebSite\",\"@id\":\"https:\/\/dara.aragon.es\/dara\/#website\",\"url\":\"https:\/\/dara.aragon.es\/dara\/\",\"name\":\"DARA GENERAL\",\"description\":\"Documentos y archivos de Arag\u00f3n\",\"potentialAction\":[{\"@type\":\"SearchAction\",\"target\":{\"@type\":\"EntryPoint\",\"urlTemplate\":\"https:\/\/dara.aragon.es\/dara\/?s={search_term_string}\"},\"query-input\":{\"@type\":\"PropertyValueSpecification\",\"valueRequired\":true,\"valueName\":\"search_term_string\"}}],\"inLanguage\":\"es\"}]}<\/script>\n<!-- \/ Yoast SEO plugin. -->","yoast_head_json":{"title":"Ayuntamiento de Daroca - DARA GENERAL","robots":{"index":"index","follow":"follow","max-snippet":"max-snippet:-1","max-image-preview":"max-image-preview:large","max-video-preview":"max-video-preview:-1"},"canonical":"https:\/\/dara.aragon.es\/dara\/ayuntamiento-de-daroca-3\/","og_locale":"es_ES","og_type":"article","og_title":"Ayuntamiento de Daroca - DARA GENERAL","og_description":"Ayuntamiento de Daroca","og_url":"https:\/\/dara.aragon.es\/dara\/ayuntamiento-de-daroca-3\/","og_site_name":"DARA GENERAL","article_modified_time":"2024-07-22T11:30:20+00:00","og_image":[{"width":426,"height":426,"url":"https:\/\/dara.aragon.es\/dara\/wp-content\/uploads\/2022\/11\/Ayuntamiento-de-Daroca-1.png","type":"image\/png"}],"twitter_card":"summary_large_image","twitter_misc":{"Tiempo de lectura":"4 minutos"},"schema":{"@context":"https:\/\/schema.org","@graph":[{"@type":"WebPage","@id":"https:\/\/dara.aragon.es\/dara\/ayuntamiento-de-daroca-3\/","url":"https:\/\/dara.aragon.es\/dara\/ayuntamiento-de-daroca-3\/","name":"Ayuntamiento de Daroca - DARA GENERAL","isPartOf":{"@id":"https:\/\/dara.aragon.es\/dara\/#website"},"primaryImageOfPage":{"@id":"https:\/\/dara.aragon.es\/dara\/ayuntamiento-de-daroca-3\/#primaryimage"},"image":{"@id":"https:\/\/dara.aragon.es\/dara\/ayuntamiento-de-daroca-3\/#primaryimage"},"thumbnailUrl":"https:\/\/dara.aragon.es\/dara\/wp-content\/uploads\/2022\/11\/Ayuntamiento-de-Daroca-1.png","datePublished":"2022-11-17T12:42:07+00:00","dateModified":"2024-07-22T11:30:20+00:00","breadcrumb":{"@id":"https:\/\/dara.aragon.es\/dara\/ayuntamiento-de-daroca-3\/#breadcrumb"},"inLanguage":"es","potentialAction":[{"@type":"ReadAction","target":["https:\/\/dara.aragon.es\/dara\/ayuntamiento-de-daroca-3\/"]}]},{"@type":"ImageObject","inLanguage":"es","@id":"https:\/\/dara.aragon.es\/dara\/ayuntamiento-de-daroca-3\/#primaryimage","url":"https:\/\/dara.aragon.es\/dara\/wp-content\/uploads\/2022\/11\/Ayuntamiento-de-Daroca-1.png","contentUrl":"https:\/\/dara.aragon.es\/dara\/wp-content\/uploads\/2022\/11\/Ayuntamiento-de-Daroca-1.png","width":426,"height":426,"caption":"amdaroca"},{"@type":"BreadcrumbList","@id":"https:\/\/dara.aragon.es\/dara\/ayuntamiento-de-daroca-3\/#breadcrumb","itemListElement":[{"@type":"ListItem","position":1,"name":"Portada","item":"https:\/\/dara.aragon.es\/dara\/"},{"@type":"ListItem","position":2,"name":"Ayuntamiento de Daroca"}]},{"@type":"WebSite","@id":"https:\/\/dara.aragon.es\/dara\/#website","url":"https:\/\/dara.aragon.es\/dara\/","name":"DARA GENERAL","description":"Documentos y archivos de Arag\u00f3n","potentialAction":[{"@type":"SearchAction","target":{"@type":"EntryPoint","urlTemplate":"https:\/\/dara.aragon.es\/dara\/?s={search_term_string}"},"query-input":{"@type":"PropertyValueSpecification","valueRequired":true,"valueName":"search_term_string"}}],"inLanguage":"es"}]}},"_links":{"self":[{"href":"https:\/\/dara.aragon.es\/dara\/wp-json\/wp\/v2\/pages\/1486","targetHints":{"allow":["GET"]}}],"collection":[{"href":"https:\/\/dara.aragon.es\/dara\/wp-json\/wp\/v2\/pages"}],"about":[{"href":"https:\/\/dara.aragon.es\/dara\/wp-json\/wp\/v2\/types\/page"}],"author":[{"embeddable":true,"href":"https:\/\/dara.aragon.es\/dara\/wp-json\/wp\/v2\/users\/1"}],"replies":[{"embeddable":true,"href":"https:\/\/dara.aragon.es\/dara\/wp-json\/wp\/v2\/comments?post=1486"}],"version-history":[{"count":0,"href":"https:\/\/dara.aragon.es\/dara\/wp-json\/wp\/v2\/pages\/1486\/revisions"}],"wp:featuredmedia":[{"embeddable":true,"href":"https:\/\/dara.aragon.es\/dara\/wp-json\/wp\/v2\/media\/1490"}],"wp:attachment":[{"href":"https:\/\/dara.aragon.es\/dara\/wp-json\/wp\/v2\/media?parent=1486"}],"curies":[{"name":"wp","href":"https:\/\/api.w.org\/{rel}","templated":true}]}}