{"id":1831,"date":"2022-12-15T09:02:41","date_gmt":"2022-12-15T09:02:41","guid":{"rendered":"https:\/\/dara.aragon.es\/dara\/?page_id=1831"},"modified":"2024-01-23T10:14:47","modified_gmt":"2024-01-23T10:14:47","slug":"ayuntamiento-de-fortanete-2","status":"publish","type":"page","link":"https:\/\/dara.aragon.es\/dara\/ayuntamiento-de-fortanete-2\/","title":{"rendered":"Ayuntamiento de Fortanete"},"content":{"rendered":"<p>[et_pb_section fb_built=\u00bb1&#8243; _builder_version=\u00bb4.19.0&#8243; _module_preset=\u00bbdefault\u00bb global_colors_info=\u00bb{}\u00bb][et_pb_row column_structure=\u00bb2_5,3_5&#8243; _builder_version=\u00bb4.19.3&#8243; _module_preset=\u00bbdefault\u00bb min_height=\u00bb351.6px\u00bb custom_margin=\u00bb-45px|auto||auto||\u00bb custom_padding=\u00bb|45px|0px|10px||\u00bb global_colors_info=\u00bb{}\u00bb][et_pb_column type=\u00bb2_5&#8243; _builder_version=\u00bb4.19.0&#8243; _module_preset=\u00bbdefault\u00bb global_colors_info=\u00bb{}\u00bb][et_pb_image src=\u00bbhttps:\/\/dara.aragon.es\/dara\/wp-content\/uploads\/2022\/12\/Ayuntamiento-de-Fortanete.png\u00bb alt=\u00bbAM Fortanete\u00bb title_text=\u00bbAyuntamiento de Fortanete\u00bb _builder_version=\u00bb4.20.2&#8243; _module_preset=\u00bbdefault\u00bb min_height=\u00bb295px\u00bb custom_padding=\u00bb0px|108px|0px|||\u00bb hover_enabled=\u00bb0&#8243; global_colors_info=\u00bb{}\u00bb sticky_enabled=\u00bb0&#8243;][\/et_pb_image][\/et_pb_column][et_pb_column type=\u00bb3_5&#8243; _builder_version=\u00bb4.19.0&#8243; _module_preset=\u00bbdefault\u00bb global_colors_info=\u00bb{}\u00bb][et_pb_text _builder_version=\u00bb4.20.2&#8243; _module_preset=\u00bbdefault\u00bb background_color=\u00bb#FFFFFF\u00bb width=\u00bb100%\u00bb min_height=\u00bb276.6px\u00bb custom_margin=\u00bb|-52px||-52px||true\u00bb custom_padding=\u00bb0px|||0px||\u00bb hover_enabled=\u00bb0&#8243; global_colors_info=\u00bb{}\u00bb sticky_enabled=\u00bb0&#8243;]<\/p>\n<h2><span style=\"text-align: justify;\"><b>AYUNTAMIENTO DE FORTANETE<\/b><\/span><\/h2>\n<div style=\"text-align: justify;\">\n<p><span style=\"color: #a6a4a3;\">Aparte de los hallazgos de la Edad de Piedra y de la Edad de Hierro, as\u00ed como de los asentamientos de \u00e9poca ib\u00e9rica, no es hasta 1169 cuando Alfonso II reconquista el lugar frente al reino almohade de Valencia. Pedro II en 1202 entrega el castillo y la villa de Fortaner a la Orden del Hospital, pasando a formar parte de la Encomienda de Aliaga. Los siglos XVI y XVII se caracterizaron por su prosperidad econ\u00f3mica producto de la riqueza ganadera y del desarrollo de la manufactura textil. Durante el s. XVIII se produjo un fuerte crecimiento poblacional que oblig\u00f3 a roturar nuevas tierras en detrimento del sistema ganadero, increment\u00e1ndose el n\u00famero de masadas. Ya en el transcurso de las Guerras Carlistas fue testigo del posicionamiento en el lugar del brigadier de la reina, el Marqu\u00e9s de Amarillas, quien fij\u00f3 en Fortanete los almacenes precisos para el Sitio de Cantavieja.<\/span><\/p>\n<p><span style=\"color: #a6a4a3;\"><\/span><\/p>\n<\/div>\n<p>[\/et_pb_text][et_pb_divider color=\u00bb#FFFFFF\u00bb divider_style=\u00bbnone\u00bb _builder_version=\u00bb4.20.2&#8243; _module_preset=\u00bbdefault\u00bb custom_padding=\u00bb0px|24px|0px|19px|false|false\u00bb hover_enabled=\u00bb0&#8243; global_colors_info=\u00bb{}\u00bb min_height=\u00bb34.8px\u00bb custom_margin=\u00bb||15px||false|false\u00bb sticky_enabled=\u00bb0&#8243;][\/et_pb_divider][et_pb_divider divider_style=\u00bbnone\u00bb _builder_version=\u00bb4.19.2&#8243; _module_preset=\u00bbdefault\u00bb min_height=\u00bb20.8px\u00bb custom_margin=\u00bb||1px|||\u00bb custom_padding=\u00bb0px|104px||0px||\u00bb global_colors_info=\u00bb{}\u00bb][\/et_pb_divider][\/et_pb_column][\/et_pb_row][et_pb_row column_structure=\u00bb2_5,3_5&#8243; _builder_version=\u00bb4.19.2&#8243; _module_preset=\u00bbdefault\u00bb width=\u00bb89%\u00bb max_width=\u00bb1555px\u00bb min_height=\u00bb948px\u00bb height=\u00bb933px\u00bb max_height=\u00bb948px\u00bb custom_margin=\u00bb-64px|auto|-64px|auto|true|false\u00bb custom_padding=\u00bb0px|96px|0px|156px|false|false\u00bb global_colors_info=\u00bb{}\u00bb][et_pb_column type=\u00bb2_5&#8243; _builder_version=\u00bb4.19.0&#8243; _module_preset=\u00bbdefault\u00bb link_option_url=\u00bbhttps:\/\/goo.gl\/maps\/Kto9GfmAC6aNm15AA\u00bb global_colors_info=\u00bb{}\u00bb][et_pb_image src=\u00bbhttps:\/\/dara.aragon.es\/dara\/wp-content\/uploads\/2022\/12\/Mapa-Fortanete-DEF.png\u00bb alt=\u00bbAM Fortanete\u00bb title_text=\u00bbAyuntamiento \u00bb url=\u00bbhttps:\/\/goo.gl\/maps\/3kivsuXNTkeyRjoT7&#8243; _builder_version=\u00bb4.19.3&#8243; _module_preset=\u00bbdefault\u00bb min_height=\u00bb174.9px\u00bb custom_margin=\u00bb-35px|||||\u00bb custom_padding=\u00bb0px|69px|1px|97px||\u00bb global_colors_info=\u00bb{}\u00bb width=\u00bb83.8%\u00bb][\/et_pb_image][et_pb_text _builder_version=\u00bb4.20.2&#8243; _module_preset=\u00bbdefault\u00bb width=\u00bb66.8%\u00bb custom_margin=\u00bb|54px||||\u00bb hover_enabled=\u00bb0&#8243; global_colors_info=\u00bb{}\u00bb sticky_enabled=\u00bb0&#8243; custom_padding=\u00bb|||103px||\u00bb]<\/p>\n<p style=\"margin: 0cm; margin-bottom: .0001pt;\"><strong>Ayuntamiento de Fortanete<\/strong><br \/><strong>Direcci\u00f3n:<\/strong><br \/>Pl. Espa\u00f1a, 2, 44143 Fortanete, Teruel<br \/><strong>Tel\u00e9fono:<\/strong> 978 778 101<br \/><strong>E-mail:<\/strong><br \/>ayuntamiento@fortanete.net<\/p>\n<p style=\"margin: 0cm; margin-bottom: .0001pt;\"><strong><a href=\"https:\/\/www.fortanete.net\/\">Sitio web del Ayuntamiento<\/a><\/strong><\/p>\n<p><strong>Comarca del Maestrazgo<\/strong><br \/><strong>Direcci\u00f3n:<\/strong> Garc\u00eda Vali\u00f1o, 7. 44140 Cantavieja (Teruel)<br \/><strong>Tel\u00e9fono de contacto:<\/strong><br \/>964 185 242<br \/><strong>E-mail:<\/strong><br \/>info@museovirtualmaestrazgo.com<\/p>\n<p style=\"margin: 0cm; margin-bottom: .0001pt;\"><a href=\"https:\/\/museovirtualmaestrazgo.com\/\"><strong><span style=\"color: blue;\">Sitio web Museo Virtual del Maestrazgo<\/span><\/strong><\/a><o:p><\/o:p><\/p>\n<p style=\"margin: 0cm; margin-bottom: .0001pt;\"><o:p><\/o:p><\/p>\n<p>[\/et_pb_text][et_pb_social_media_follow _builder_version=\u00bb4.20.2&#8243; _module_preset=\u00bbdefault\u00bb custom_margin=\u00bb-35px|||55px||\u00bb custom_padding=\u00bb0px|||45px||\u00bb global_colors_info=\u00bb{}\u00bb min_height=\u00bb64px\u00bb][et_pb_social_media_follow_network social_network=\u00bbfacebook\u00bb url=\u00bbhttps:\/\/www.facebook.com\/ComarcaMaestrazgo\u00bb _builder_version=\u00bb4.19.3&#8243; _module_preset=\u00bbdefault\u00bb background_color=\u00bb#3b5998&#8243; global_colors_info=\u00bb{}\u00bb follow_button=\u00bboff\u00bb url_new_window=\u00bbon\u00bb]facebook[\/et_pb_social_media_follow_network][et_pb_social_media_follow_network social_network=\u00bbtwitter\u00bb url=\u00bbhttps:\/\/twitter.com\/Com_Maestrazgo\u00bb _builder_version=\u00bb4.19.3&#8243; _module_preset=\u00bbdefault\u00bb background_color=\u00bb#00aced\u00bb global_colors_info=\u00bb{}\u00bb follow_button=\u00bboff\u00bb url_new_window=\u00bbon\u00bb]twitter[\/et_pb_social_media_follow_network][et_pb_social_media_follow_network social_network=\u00bbinstagram\u00bb url=\u00bbhttps:\/\/www.instagram.com\/explore\/tags\/ayuntamientodefortanete\/\u00bb _builder_version=\u00bb4.20.2&#8243; _module_preset=\u00bbdefault\u00bb background_color=\u00bb#ea2c59&#8243; global_colors_info=\u00bb{}\u00bb follow_button=\u00bboff\u00bb url_new_window=\u00bbon\u00bb]instagram[\/et_pb_social_media_follow_network][\/et_pb_social_media_follow][et_pb_text _builder_version=\u00bb4.19.2&#8243; _module_preset=\u00bbdefault\u00bb global_colors_info=\u00bb{}\u00bb][\/et_pb_text][\/et_pb_column][et_pb_column type=\u00bb3_5&#8243; _builder_version=\u00bb4.19.1&#8243; _module_preset=\u00bbdefault\u00bb global_colors_info=\u00bb{}\u00bb][et_pb_button button_url=\u00bbhttps:\/\/dara.aragon.es\/opac\/app\/simple\/forta\u00bb url_new_window=\u00bbon\u00bb button_text=\u00bbIr al buscador\u00bb button_alignment=\u00bbleft\u00bb _builder_version=\u00bb4.20.2&#8243; _module_preset=\u00bbdefault\u00bb custom_button=\u00bbon\u00bb button_text_size=\u00bb15px\u00bb button_border_width=\u00bb2px\u00bb button_border_radius=\u00bb100px\u00bb button_letter_spacing=\u00bb4px\u00bb button_font=\u00bb||on||||||\u00bb button_icon=\u00bb&#x39;||divi||400&#8243; custom_margin=\u00bb-55px|371px|30px|-58px|false|false\u00bb custom_padding=\u00bb6px|33px|6px|37px|false|false\u00bb animation_style=\u00bbbounce\u00bb hover_enabled=\u00bb0&#8243; box_shadow_style=\u00bbpreset6&#8243; global_colors_info=\u00bb{}\u00bb sticky_enabled=\u00bb0&#8243; min_height=\u00bb34.5px\u00bb][\/et_pb_button][et_pb_button button_url=\u00bbhttps:\/\/dara.aragon.es\/opac\/app\/results\/coma?ar=17&#8243; url_new_window=\u00bbon\u00bb button_text=\u00bbConsultar todo el fondo\u00bb button_alignment=\u00bbleft\u00bb _builder_version=\u00bb4.20.2&#8243; _module_preset=\u00bbdefault\u00bb custom_button=\u00bbon\u00bb button_text_size=\u00bb14px\u00bb button_border_width=\u00bb2px\u00bb button_border_radius=\u00bb100px\u00bb button_letter_spacing=\u00bb4px\u00bb button_icon=\u00bb&#xe02f;||divi||400&#8243; custom_margin=\u00bb-70px|28px|18px|227px|false|false\u00bb custom_padding=\u00bb7px|30px|7px|29px|false|false\u00bb animation_style=\u00bbbounce\u00bb hover_enabled=\u00bb0&#8243; box_shadow_style=\u00bbpreset6&#8243; global_colors_info=\u00bb{}\u00bb min_height=\u00bb59.8px\u00bb sticky_enabled=\u00bb0&#8243; width=\u00bb523.1px\u00bb][\/et_pb_button][et_pb_tabs _builder_version=\u00bb4.20.2&#8243; _module_preset=\u00bbdefault\u00bb width=\u00bb84.1%\u00bb min_height=\u00bb357.4px\u00bb custom_margin=\u00bb37px||8px|-78px||\u00bb custom_padding=\u00bb|120px||33px||\u00bb hover_enabled=\u00bb0&#8243; global_colors_info=\u00bb{}\u00bb sticky_enabled=\u00bb0&#8243;][et_pb_tab title=\u00bbALCANCE Y CONTENIDO\u00bb _builder_version=\u00bb4.20.2&#8243; _module_preset=\u00bbdefault\u00bb global_colors_info=\u00bb{}\u00bb]<\/p>\n<p><span>El archivo est\u00e1 integrado por un gran n\u00famero de pergaminos y por la documentaci\u00f3n notarial, toda ella firmada por el notario Gaspar Monta\u00f1ana, dividida esta \u00faltima en cuatro libros, todos ellos protocolos notariales sin presencia de bastardelos<\/span>.<\/p>\n<p>[\/et_pb_tab][et_pb_tab title=\u00bbM\u00c1S INFORMACI\u00d3N\u00bb _builder_version=\u00bb4.19.3&#8243; _module_preset=\u00bbdefault\u00bb global_colors_info=\u00bb{}\u00bb]<\/p>\n<p>30 unidades<\/p>\n<p>[\/et_pb_tab][\/et_pb_tabs][\/et_pb_column][\/et_pb_row][\/et_pb_section]<\/p>\n","protected":false},"excerpt":{"rendered":"<p>Ayuntamiento de Fortanete<\/p>\n","protected":false},"author":1,"featured_media":1833,"parent":0,"menu_order":0,"comment_status":"closed","ping_status":"closed","template":"","meta":{"_et_pb_use_builder":"on","_et_pb_old_content":"","_et_gb_content_width":"","om_disable_all_campaigns":false,"_monsterinsights_skip_tracking":false,"_monsterinsights_sitenote_active":false,"_monsterinsights_sitenote_note":"","_monsterinsights_sitenote_category":0,"_uf_show_specific_survey":0,"_uf_disable_surveys":false,"footnotes":""},"class_list":["post-1831","page","type-page","status-publish","has-post-thumbnail","hentry"],"yoast_head":"<!-- This site is optimized with the Yoast SEO plugin v26.2 - https:\/\/yoast.com\/wordpress\/plugins\/seo\/ -->\n<title>Ayuntamiento de Fortanete - DARA GENERAL<\/title>\n<meta name=\"robots\" content=\"index, follow, max-snippet:-1, max-image-preview:large, max-video-preview:-1\" \/>\n<link rel=\"canonical\" href=\"https:\/\/dara.aragon.es\/dara\/ayuntamiento-de-fortanete-2\/\" \/>\n<meta property=\"og:locale\" content=\"es_ES\" \/>\n<meta property=\"og:type\" content=\"article\" \/>\n<meta property=\"og:title\" content=\"Ayuntamiento de Fortanete - DARA GENERAL\" \/>\n<meta property=\"og:description\" content=\"Ayuntamiento de Fortanete\" \/>\n<meta property=\"og:url\" content=\"https:\/\/dara.aragon.es\/dara\/ayuntamiento-de-fortanete-2\/\" \/>\n<meta property=\"og:site_name\" content=\"DARA GENERAL\" \/>\n<meta property=\"article:modified_time\" content=\"2024-01-23T10:14:47+00:00\" \/>\n<meta property=\"og:image\" content=\"https:\/\/dara.aragon.es\/dara\/wp-content\/uploads\/2022\/12\/Ayuntamiento-de-Fortanete.png\" \/>\n\t<meta property=\"og:image:width\" content=\"426\" \/>\n\t<meta property=\"og:image:height\" content=\"422\" \/>\n\t<meta property=\"og:image:type\" content=\"image\/png\" \/>\n<meta name=\"twitter:card\" content=\"summary_large_image\" \/>\n<meta name=\"twitter:label1\" content=\"Tiempo de lectura\" \/>\n\t<meta name=\"twitter:data1\" content=\"5 minutos\" \/>\n<script type=\"application\/ld+json\" class=\"yoast-schema-graph\">{\"@context\":\"https:\/\/schema.org\",\"@graph\":[{\"@type\":\"WebPage\",\"@id\":\"https:\/\/dara.aragon.es\/dara\/ayuntamiento-de-fortanete-2\/\",\"url\":\"https:\/\/dara.aragon.es\/dara\/ayuntamiento-de-fortanete-2\/\",\"name\":\"Ayuntamiento de Fortanete - DARA GENERAL\",\"isPartOf\":{\"@id\":\"https:\/\/dara.aragon.es\/dara\/#website\"},\"primaryImageOfPage\":{\"@id\":\"https:\/\/dara.aragon.es\/dara\/ayuntamiento-de-fortanete-2\/#primaryimage\"},\"image\":{\"@id\":\"https:\/\/dara.aragon.es\/dara\/ayuntamiento-de-fortanete-2\/#primaryimage\"},\"thumbnailUrl\":\"https:\/\/dara.aragon.es\/dara\/wp-content\/uploads\/2022\/12\/Ayuntamiento-de-Fortanete.png\",\"datePublished\":\"2022-12-15T09:02:41+00:00\",\"dateModified\":\"2024-01-23T10:14:47+00:00\",\"breadcrumb\":{\"@id\":\"https:\/\/dara.aragon.es\/dara\/ayuntamiento-de-fortanete-2\/#breadcrumb\"},\"inLanguage\":\"es\",\"potentialAction\":[{\"@type\":\"ReadAction\",\"target\":[\"https:\/\/dara.aragon.es\/dara\/ayuntamiento-de-fortanete-2\/\"]}]},{\"@type\":\"ImageObject\",\"inLanguage\":\"es\",\"@id\":\"https:\/\/dara.aragon.es\/dara\/ayuntamiento-de-fortanete-2\/#primaryimage\",\"url\":\"https:\/\/dara.aragon.es\/dara\/wp-content\/uploads\/2022\/12\/Ayuntamiento-de-Fortanete.png\",\"contentUrl\":\"https:\/\/dara.aragon.es\/dara\/wp-content\/uploads\/2022\/12\/Ayuntamiento-de-Fortanete.png\",\"width\":426,\"height\":422,\"caption\":\"Ayto de Fortanete\"},{\"@type\":\"BreadcrumbList\",\"@id\":\"https:\/\/dara.aragon.es\/dara\/ayuntamiento-de-fortanete-2\/#breadcrumb\",\"itemListElement\":[{\"@type\":\"ListItem\",\"position\":1,\"name\":\"Portada\",\"item\":\"https:\/\/dara.aragon.es\/dara\/\"},{\"@type\":\"ListItem\",\"position\":2,\"name\":\"Ayuntamiento de Fortanete\"}]},{\"@type\":\"WebSite\",\"@id\":\"https:\/\/dara.aragon.es\/dara\/#website\",\"url\":\"https:\/\/dara.aragon.es\/dara\/\",\"name\":\"DARA GENERAL\",\"description\":\"Documentos y archivos de Arag\u00f3n\",\"potentialAction\":[{\"@type\":\"SearchAction\",\"target\":{\"@type\":\"EntryPoint\",\"urlTemplate\":\"https:\/\/dara.aragon.es\/dara\/?s={search_term_string}\"},\"query-input\":{\"@type\":\"PropertyValueSpecification\",\"valueRequired\":true,\"valueName\":\"search_term_string\"}}],\"inLanguage\":\"es\"}]}<\/script>\n<!-- \/ Yoast SEO plugin. -->","yoast_head_json":{"title":"Ayuntamiento de Fortanete - DARA GENERAL","robots":{"index":"index","follow":"follow","max-snippet":"max-snippet:-1","max-image-preview":"max-image-preview:large","max-video-preview":"max-video-preview:-1"},"canonical":"https:\/\/dara.aragon.es\/dara\/ayuntamiento-de-fortanete-2\/","og_locale":"es_ES","og_type":"article","og_title":"Ayuntamiento de Fortanete - DARA GENERAL","og_description":"Ayuntamiento de Fortanete","og_url":"https:\/\/dara.aragon.es\/dara\/ayuntamiento-de-fortanete-2\/","og_site_name":"DARA GENERAL","article_modified_time":"2024-01-23T10:14:47+00:00","og_image":[{"width":426,"height":422,"url":"https:\/\/dara.aragon.es\/dara\/wp-content\/uploads\/2022\/12\/Ayuntamiento-de-Fortanete.png","type":"image\/png"}],"twitter_card":"summary_large_image","twitter_misc":{"Tiempo de lectura":"5 minutos"},"schema":{"@context":"https:\/\/schema.org","@graph":[{"@type":"WebPage","@id":"https:\/\/dara.aragon.es\/dara\/ayuntamiento-de-fortanete-2\/","url":"https:\/\/dara.aragon.es\/dara\/ayuntamiento-de-fortanete-2\/","name":"Ayuntamiento de Fortanete - DARA GENERAL","isPartOf":{"@id":"https:\/\/dara.aragon.es\/dara\/#website"},"primaryImageOfPage":{"@id":"https:\/\/dara.aragon.es\/dara\/ayuntamiento-de-fortanete-2\/#primaryimage"},"image":{"@id":"https:\/\/dara.aragon.es\/dara\/ayuntamiento-de-fortanete-2\/#primaryimage"},"thumbnailUrl":"https:\/\/dara.aragon.es\/dara\/wp-content\/uploads\/2022\/12\/Ayuntamiento-de-Fortanete.png","datePublished":"2022-12-15T09:02:41+00:00","dateModified":"2024-01-23T10:14:47+00:00","breadcrumb":{"@id":"https:\/\/dara.aragon.es\/dara\/ayuntamiento-de-fortanete-2\/#breadcrumb"},"inLanguage":"es","potentialAction":[{"@type":"ReadAction","target":["https:\/\/dara.aragon.es\/dara\/ayuntamiento-de-fortanete-2\/"]}]},{"@type":"ImageObject","inLanguage":"es","@id":"https:\/\/dara.aragon.es\/dara\/ayuntamiento-de-fortanete-2\/#primaryimage","url":"https:\/\/dara.aragon.es\/dara\/wp-content\/uploads\/2022\/12\/Ayuntamiento-de-Fortanete.png","contentUrl":"https:\/\/dara.aragon.es\/dara\/wp-content\/uploads\/2022\/12\/Ayuntamiento-de-Fortanete.png","width":426,"height":422,"caption":"Ayto de Fortanete"},{"@type":"BreadcrumbList","@id":"https:\/\/dara.aragon.es\/dara\/ayuntamiento-de-fortanete-2\/#breadcrumb","itemListElement":[{"@type":"ListItem","position":1,"name":"Portada","item":"https:\/\/dara.aragon.es\/dara\/"},{"@type":"ListItem","position":2,"name":"Ayuntamiento de Fortanete"}]},{"@type":"WebSite","@id":"https:\/\/dara.aragon.es\/dara\/#website","url":"https:\/\/dara.aragon.es\/dara\/","name":"DARA GENERAL","description":"Documentos y archivos de Arag\u00f3n","potentialAction":[{"@type":"SearchAction","target":{"@type":"EntryPoint","urlTemplate":"https:\/\/dara.aragon.es\/dara\/?s={search_term_string}"},"query-input":{"@type":"PropertyValueSpecification","valueRequired":true,"valueName":"search_term_string"}}],"inLanguage":"es"}]}},"_links":{"self":[{"href":"https:\/\/dara.aragon.es\/dara\/wp-json\/wp\/v2\/pages\/1831","targetHints":{"allow":["GET"]}}],"collection":[{"href":"https:\/\/dara.aragon.es\/dara\/wp-json\/wp\/v2\/pages"}],"about":[{"href":"https:\/\/dara.aragon.es\/dara\/wp-json\/wp\/v2\/types\/page"}],"author":[{"embeddable":true,"href":"https:\/\/dara.aragon.es\/dara\/wp-json\/wp\/v2\/users\/1"}],"replies":[{"embeddable":true,"href":"https:\/\/dara.aragon.es\/dara\/wp-json\/wp\/v2\/comments?post=1831"}],"version-history":[{"count":0,"href":"https:\/\/dara.aragon.es\/dara\/wp-json\/wp\/v2\/pages\/1831\/revisions"}],"wp:featuredmedia":[{"embeddable":true,"href":"https:\/\/dara.aragon.es\/dara\/wp-json\/wp\/v2\/media\/1833"}],"wp:attachment":[{"href":"https:\/\/dara.aragon.es\/dara\/wp-json\/wp\/v2\/media?parent=1831"}],"curies":[{"name":"wp","href":"https:\/\/api.w.org\/{rel}","templated":true}]}}