{"id":1864,"date":"2022-12-16T11:59:11","date_gmt":"2022-12-16T11:59:11","guid":{"rendered":"https:\/\/dara.aragon.es\/dara\/?page_id=1864"},"modified":"2024-01-23T10:17:07","modified_gmt":"2024-01-23T10:17:07","slug":"ayuntamiento-de-tronchon","status":"publish","type":"page","link":"https:\/\/dara.aragon.es\/dara\/ayuntamiento-de-tronchon\/","title":{"rendered":"Ayuntamiento de Tronch\u00f3n"},"content":{"rendered":"<p>[et_pb_section fb_built=\u00bb1&#8243; _builder_version=\u00bb4.19.0&#8243; _module_preset=\u00bbdefault\u00bb global_colors_info=\u00bb{}\u00bb][et_pb_row column_structure=\u00bb2_5,3_5&#8243; _builder_version=\u00bb4.19.3&#8243; _module_preset=\u00bbdefault\u00bb min_height=\u00bb351.6px\u00bb custom_margin=\u00bb-21px|auto||auto||\u00bb custom_padding=\u00bb|45px|0px|10px||\u00bb global_colors_info=\u00bb{}\u00bb][et_pb_column type=\u00bb2_5&#8243; _builder_version=\u00bb4.19.0&#8243; _module_preset=\u00bbdefault\u00bb global_colors_info=\u00bb{}\u00bb][et_pb_image src=\u00bbhttps:\/\/dara.aragon.es\/dara\/wp-content\/uploads\/2022\/12\/Edificio-Ayto-La-Cuba.png\u00bb alt=\u00bbAM de La Cuba\u00bb title_text=\u00bbEdificio Ayto La Cuba\u00bb _builder_version=\u00bb4.20.2&#8243; _module_preset=\u00bbdefault\u00bb min_height=\u00bb295.1px\u00bb custom_padding=\u00bb0px|87px|0px|||\u00bb hover_enabled=\u00bb0&#8243; global_colors_info=\u00bb{}\u00bb sticky_enabled=\u00bb0&#8243;][\/et_pb_image][\/et_pb_column][et_pb_column type=\u00bb3_5&#8243; _builder_version=\u00bb4.19.0&#8243; _module_preset=\u00bbdefault\u00bb global_colors_info=\u00bb{}\u00bb][et_pb_text _builder_version=\u00bb4.20.2&#8243; _module_preset=\u00bbdefault\u00bb background_color=\u00bb#FFFFFF\u00bb width=\u00bb100%\u00bb min_height=\u00bb276.6px\u00bb custom_margin=\u00bb|-62px||-62px||true\u00bb custom_padding=\u00bb3px|||0px||\u00bb global_colors_info=\u00bb{}\u00bb]<\/p>\n<h2><span style=\"text-align: justify;\"><b>AYUNTAMIENTO DE TRONCH\u00d3N<\/b><\/span><\/h2>\n<div style=\"text-align: justify;\">\n<p><span style=\"color: #a6a4a3;\">Tronch\u00f3n se sit\u00faa en la provincia de Teruel, declarado conjunto hist\u00f3rico art\u00edstico en 1983 pertenece a la Comarca del Maestrazgo. La localidad se sit\u00faa en el Sistema Ib\u00e9rico, al pie de la Muela Monch\u00f3n y limita la norte con Villarluengo, al sur con Cantavieja y Mirambel y al este con Otocau del Rey, provincia de Castell\u00f3n. En el casco urbano destacan la Iglesia Parroquial de Santa Mar\u00eda Magdalena, la Casa Consistorial, el portal de San Miguel. Adem\u00e1s, se conservan casales con detalles arquitect\u00f3nico del siglo XVIII como la Casa Palacio del Marqu\u00e9s de Valdeolivo, Casa del Santo, la Casa Rectoral y la Casa Monforte.<\/span><\/p>\n<p><span style=\"color: #a6a4a3;\">Alfonso II reconquisto el municipio y lo don\u00f3 posteriormente a Gast\u00f3n, maestre de la Orden de Sant Redentor. En el a\u00f1o 1212 pas\u00f3 a la Orden del Temple con los restantes pueblos que constitu\u00edan la \u201cBayl\u00eda\u201d: Cantavieja, Vilarluego, La Ca\u00f1ada, Iglesuela del Cid, Mirambel y la Cuba.<\/span><\/p>\n<p><span style=\"color: #a6a4a3;\">En 1272 el maestre Arnaldo de Castranovo concedi\u00f3 la carta de poblaci\u00f3n con la condici\u00f3n de no poder vender o enajenar tierras y posesiones a personas for\u00e1neas a la misma. Tambi\u00e9n fue un lugar fronterizo desde su incorporaci\u00f3n en 1277 a la Encomienda Templaria de Cantavieja.<\/span><\/p>\n<p><span style=\"color: #a6a4a3;\">En el \u00faltimo tercio del siglo XVIII se desarroll\u00f3 la industria artesanal (queso, sombreros de fieltro y la cer\u00e1mica) como base de la econom\u00eda.<\/span><\/p>\n<p><span style=\"color: #a6a4a3;\"><strong>Historia del archivo municipal<\/strong><\/span><\/p>\n<p><span style=\"color: #a6a4a3;\">La actuaci\u00f3n archiv\u00edstica comienza en la d\u00e9cada de los a\u00f1os 80 del siglo XX, el Archivo Hist\u00f3rico Provincial de Teruel llevo a cabo el tratamiento archiv\u00edstico de la documentaci\u00f3n, incluida la ordenaci\u00f3n, limpieza, catalogaci\u00f3n y microfilmaci\u00f3n de los documentos anteriores al a\u00f1o 1700 por el Instituto de Estudios Turolenses, bajo la direcci\u00f3n Francisco Javier Aguirre. De forma coet\u00e1nea, dicha labor tambi\u00e9n se realiz\u00f3 en La Cuba, Cantavieja, Mirambel, Miravete de la Sierra y Villarroya de los Pinares. Finalmente, como resultado del trabajo se publicaron los inventarios de los archivos municipales en la colecci\u00f3n de Cat\u00e1logos Documentales, Cat\u00e1logos de los archivos municipales turolenses.<\/span><\/p>\n<p><span style=\"color: #a6a4a3;\">Conserva los fondos del\u00a0<a href=\"https:\/\/dara.aragon.es\/opac\/doma\/instLoc-Tronchon.jsp\">concejo de Tronch\u00f3n.<\/a><\/span><\/p>\n<p><span style=\"color: #a6a4a3;\">Se trata de uno de los archivos hist\u00f3ricos m\u00e1s nutridos de la comarca, que incluye m\u00e1s de cien pergaminos en su mayor parte medievales. Entre las escrituras, destacan las que se refieren a las actividades econ\u00f3micas del concejo (censales, \u00e1pocas y deudas) y los acuerdos sellados con pueblos vecinos sobre la gesti\u00f3n de los recursos forestales. Entre la documentaci\u00f3n en papel, hay varias decenas de protocolos notariales y judiciarios de \u00e9poca moderna.<\/span><\/p>\n<p><span style=\"color: #a6a4a3;\"><\/span><\/p>\n<\/div>\n<p>[\/et_pb_text][et_pb_divider color=\u00bb#FFFFFF\u00bb divider_style=\u00bbnone\u00bb _builder_version=\u00bb4.19.3&#8243; _module_preset=\u00bbdefault\u00bb custom_padding=\u00bb||0px|||\u00bb link_option_url=\u00bbhttps:\/\/dara.aragon.es\/opac\/app\/simple\/coma\u00bb global_colors_info=\u00bb{}\u00bb][\/et_pb_divider][et_pb_divider divider_style=\u00bbnone\u00bb _builder_version=\u00bb4.19.3&#8243; _module_preset=\u00bbdefault\u00bb min_height=\u00bb20.8px\u00bb custom_margin=\u00bb||1px|||\u00bb custom_padding=\u00bb0px|104px||0px||\u00bb link_option_url=\u00bbhttps:\/\/dara.aragon.es\/opac\/app\/simple\/coma\u00bb global_colors_info=\u00bb{}\u00bb][\/et_pb_divider][\/et_pb_column][\/et_pb_row][et_pb_row column_structure=\u00bb2_5,3_5&#8243; _builder_version=\u00bb4.19.2&#8243; _module_preset=\u00bbdefault\u00bb width=\u00bb89%\u00bb max_width=\u00bb1555px\u00bb min_height=\u00bb948px\u00bb height=\u00bb933px\u00bb max_height=\u00bb948px\u00bb custom_margin=\u00bb-64px|auto|-64px|auto|true|false\u00bb custom_padding=\u00bb0px|96px|0px|181px|false|false\u00bb global_colors_info=\u00bb{}\u00bb][et_pb_column type=\u00bb2_5&#8243; _builder_version=\u00bb4.19.0&#8243; _module_preset=\u00bbdefault\u00bb link_option_url=\u00bbhttps:\/\/goo.gl\/maps\/Kto9GfmAC6aNm15AA\u00bb global_colors_info=\u00bb{}\u00bb][et_pb_image src=\u00bbhttps:\/\/dara.aragon.es\/dara\/wp-content\/uploads\/2022\/12\/Mapa-Tronchon-DEF.png\u00bb alt=\u00bbMapa de Tronch\u00f3n\u00bb title_text=\u00bbMapa Tronch\u00f3n DEF\u00bb url=\u00bbhttps:\/\/goo.gl\/maps\/un2U75e8dK1YzDm16&#8243; _builder_version=\u00bb4.19.3&#8243; _module_preset=\u00bbdefault\u00bb min_height=\u00bb174.9px\u00bb custom_margin=\u00bb-55px|||67px||\u00bb custom_padding=\u00bb0px|105px|1px|2px||\u00bb global_colors_info=\u00bb{}\u00bb][\/et_pb_image][et_pb_text _builder_version=\u00bb4.20.2&#8243; _module_preset=\u00bbdefault\u00bb width=\u00bb79.9%\u00bb custom_margin=\u00bb|54px||66px||\u00bb global_colors_info=\u00bb{}\u00bb]<\/p>\n<div><b>Ayuntamiento de Tronch\u00f3n<br \/>Direcci\u00f3n: <\/b>Pl. Collado, 0, 44141 Tronch\u00f3n, Teruel<b><br \/>Tel\u00e9fono:<\/b> 964 17 84 38<b><br \/>E-mail: <\/b><a href=\"mailto:ayuntamiento@tronchon.es\">ayuntamiento@tronchon.es<\/a><b><br \/><\/b><strong><\/strong><\/div>\n<div><a href=\"https:\/\/tronchon.sedelectronica.es\/info.0\"><strong>Sitio web del Ayuntamiento<\/strong><\/a><\/div>\n<div><strong><\/strong><\/div>\n<div><b>Comarca del Maestrazgo<\/b><\/div>\n<div><strong>Direcci\u00f3n:<\/strong><\/div>\n<div>Garc\u00eda Vali\u00f1o, n\u00ba 7<\/div>\n<div>44140 Cantavieja (Teruel)<\/div>\n<div>\n<div><strong>Tel\u00e9fono de contacto<\/strong><\/div>\n<div><a href=\"https:\/\/dara.aragon.es\/opac\/app\/item\/%E2%80%9C964\" 185=\"\" 242=\"\">964 185 242<\/a><\/div>\n<\/div>\n<div><strong>E-mail:<\/strong><\/div>\n<div><a href=\"mailto:info@museovirtualmaestrazgo.com\">info@museovirtualmaestrazgo.com<\/a><\/div>\n<div><a href=\"https:\/\/museovirtualmaestrazgo.com\/\"><strong>Sitio web del Museo Virtual de Maestrazgo<\/strong><\/a><\/div>\n<p>[\/et_pb_text][et_pb_social_media_follow _builder_version=\u00bb4.20.2&#8243; _module_preset=\u00bbdefault\u00bb custom_margin=\u00bb-27px|||||\u00bb custom_padding=\u00bb1px|||64px||\u00bb global_colors_info=\u00bb{}\u00bb][et_pb_social_media_follow_network social_network=\u00bbfacebook\u00bb url=\u00bbhttps:\/\/www.facebook.com\/ComarcaMaestrazgo\u00bb _builder_version=\u00bb4.19.3&#8243; _module_preset=\u00bbdefault\u00bb background_color=\u00bb#3b5998&#8243; global_colors_info=\u00bb{}\u00bb follow_button=\u00bboff\u00bb url_new_window=\u00bbon\u00bb]facebook[\/et_pb_social_media_follow_network][et_pb_social_media_follow_network social_network=\u00bbtwitter\u00bb url=\u00bbhttps:\/\/twitter.com\/Com_Maestrazgo\u00bb _builder_version=\u00bb4.19.3&#8243; _module_preset=\u00bbdefault\u00bb background_color=\u00bb#00aced\u00bb global_colors_info=\u00bb{}\u00bb follow_button=\u00bboff\u00bb url_new_window=\u00bbon\u00bb]twitter[\/et_pb_social_media_follow_network][et_pb_social_media_follow_network social_network=\u00bbinstagram\u00bb url=\u00bbhttps:\/\/www.instagram.com\/explore\/tags\/comarcademaestrazgo\/\u00bb _builder_version=\u00bb4.20.2&#8243; _module_preset=\u00bbdefault\u00bb background_color=\u00bb#ea2c59&#8243; global_colors_info=\u00bb{}\u00bb follow_button=\u00bboff\u00bb url_new_window=\u00bbon\u00bb]instagram[\/et_pb_social_media_follow_network][\/et_pb_social_media_follow][et_pb_text _builder_version=\u00bb4.19.2&#8243; _module_preset=\u00bbdefault\u00bb global_colors_info=\u00bb{}\u00bb][\/et_pb_text][\/et_pb_column][et_pb_column type=\u00bb3_5&#8243; _builder_version=\u00bb4.19.1&#8243; _module_preset=\u00bbdefault\u00bb global_colors_info=\u00bb{}\u00bb][et_pb_button button_url=\u00bbhttps:\/\/dara.aragon.es\/opac\/app\/simple\/coma\u00bb url_new_window=\u00bbon\u00bb button_text=\u00bbIr al buscador\u00bb button_alignment=\u00bbleft\u00bb _builder_version=\u00bb4.19.3&#8243; _module_preset=\u00bbdefault\u00bb custom_button=\u00bbon\u00bb button_text_size=\u00bb15px\u00bb button_border_width=\u00bb2px\u00bb button_border_radius=\u00bb100px\u00bb button_letter_spacing=\u00bb4px\u00bb button_font=\u00bb||on||||||\u00bb button_icon=\u00bb&#x39;||divi||400&#8243; custom_margin=\u00bb-55px|371px|30px|-58px|false|false\u00bb custom_padding=\u00bb6px|49px|4px|49px|false|false\u00bb animation_style=\u00bbbounce\u00bb box_shadow_style=\u00bbpreset6&#8243; global_colors_info=\u00bb{}\u00bb][\/et_pb_button][et_pb_button button_url=\u00bbhttps:\/\/dara.aragon.es\/opac\/app\/results\/coma?ar=63&#8243; url_new_window=\u00bbon\u00bb button_text=\u00bbConsultar todo el fondo\u00bb button_alignment=\u00bbleft\u00bb _builder_version=\u00bb4.19.3&#8243; _module_preset=\u00bbdefault\u00bb custom_button=\u00bbon\u00bb button_text_size=\u00bb14px\u00bb button_border_width=\u00bb2px\u00bb button_border_radius=\u00bb100px\u00bb button_letter_spacing=\u00bb4px\u00bb button_icon=\u00bb&#xe02f;||divi||400&#8243; custom_margin=\u00bb-70px|28px|18px|227px|false|false\u00bb custom_padding=\u00bb6px|30px|7px|29px|false|false\u00bb animation_style=\u00bbbounce\u00bb box_shadow_style=\u00bbpreset6&#8243; global_colors_info=\u00bb{}\u00bb][\/et_pb_button][et_pb_tabs _builder_version=\u00bb4.19.4&#8243; _module_preset=\u00bbdefault\u00bb width=\u00bb96.9%\u00bb min_height=\u00bb357.4px\u00bb custom_margin=\u00bb57px||8px|-102px||\u00bb custom_padding=\u00bb|28px||33px||\u00bb global_colors_info=\u00bb{}\u00bb][et_pb_tab title=\u00bbDESTACADOS\u00bb _builder_version=\u00bb4.19.3&#8243; _module_preset=\u00bbdefault\u00bb global_colors_info=\u00bb{}\u00bb]<\/p>\n<p><strong>Documentos medievales<\/strong><\/p>\n<ul>\n<li><a href=\"http:\/\/dara.aragon.es\/opac\/app\/results\/doma?st=.349998.457683.457691.653694\">Privilegios<\/a><\/li>\n<li><a href=\"http:\/\/dara.aragon.es\/opac\/app\/results\/doma?st=.349998.457683.457691.653692\">Deslindes de t\u00e9rminos<\/a><\/li>\n<li><a href=\"http:\/\/dara.aragon.es\/opac\/app\/results\/doma?st=.349998.457683.457691.653696\">Pleitos y acuerdos<\/a><\/li>\n<li><a href=\"http:\/\/dara.aragon.es\/opac\/app\/results\/doma?st=.349998.457683.457691.653695\">\u00c1pocas<\/a><\/li>\n<\/ul>\n<p>[\/et_pb_tab][et_pb_tab title=\u00bbM\u00c1S DE INFORMACI\u00d3N\u00bb _builder_version=\u00bb4.19.4&#8243; _module_preset=\u00bbdefault\u00bb global_colors_info=\u00bb{}\u00bb]<\/p>\n<p><strong>\u00a0Bibliograf\u00eda<\/strong><\/p>\n<p>Aguirre Gonz\u00e1lez, Francisco; Javier, Moles Villamate, Carmen; Ab\u00f3s Castel, Pilar, <em>Cat\u00e1logo de los archivos municipales turolenses (II). Tronch\u00f3n, Fuentespalda, Cantavieja, Pe\u00f1arroya de Tastavins, La Fresneda<\/em>, Teruel, Instituto de Estudios Turolenses, 1983.<\/p>\n<p>Tom\u00e1s Lagu\u00eda, C\u00e9sar. \u201cFuentes para la historia del Alto Maestrazgo. \u00cdndice de los pergaminos del Archivo Municipal de Tronch\u00f3n (Teruel). Siglos XIII al XVII\u201d, en <em>Teruel<\/em>, n\u00ba 57-58 (1977).<\/p>\n<p>[\/et_pb_tab][\/et_pb_tabs][\/et_pb_column][\/et_pb_row][\/et_pb_section]<\/p>\n","protected":false},"excerpt":{"rendered":"<p>Ayuntamiento de Tronch\u00f3n<\/p>\n","protected":false},"author":1,"featured_media":1843,"parent":0,"menu_order":0,"comment_status":"closed","ping_status":"closed","template":"","meta":{"_et_pb_use_builder":"on","_et_pb_old_content":"","_et_gb_content_width":"","om_disable_all_campaigns":false,"_monsterinsights_skip_tracking":false,"_monsterinsights_sitenote_active":false,"_monsterinsights_sitenote_note":"","_monsterinsights_sitenote_category":0,"_uf_show_specific_survey":0,"_uf_disable_surveys":false,"footnotes":""},"class_list":["post-1864","page","type-page","status-publish","has-post-thumbnail","hentry"],"yoast_head":"<!-- This site is optimized with the Yoast SEO plugin v27.6 - https:\/\/yoast.com\/product\/yoast-seo-wordpress\/ -->\n<title>Ayuntamiento de Tronch\u00f3n - DARA GENERAL<\/title>\n<meta name=\"robots\" content=\"index, follow, max-snippet:-1, max-image-preview:large, max-video-preview:-1\" \/>\n<link rel=\"canonical\" href=\"https:\/\/dara.aragon.es\/dara\/ayuntamiento-de-tronchon\/\" \/>\n<meta property=\"og:locale\" content=\"es_ES\" \/>\n<meta property=\"og:type\" content=\"article\" \/>\n<meta property=\"og:title\" content=\"Ayuntamiento de Tronch\u00f3n - DARA GENERAL\" \/>\n<meta property=\"og:description\" content=\"Ayuntamiento de Tronch\u00f3n\" \/>\n<meta property=\"og:url\" content=\"https:\/\/dara.aragon.es\/dara\/ayuntamiento-de-tronchon\/\" \/>\n<meta property=\"og:site_name\" content=\"DARA GENERAL\" \/>\n<meta property=\"article:modified_time\" content=\"2024-01-23T10:17:07+00:00\" \/>\n<meta property=\"og:image\" content=\"https:\/\/dara.aragon.es\/dara\/wp-content\/uploads\/2022\/12\/Edificio-Ayto-La-Cuba.png\" \/>\n\t<meta property=\"og:image:width\" content=\"426\" \/>\n\t<meta property=\"og:image:height\" content=\"426\" \/>\n\t<meta property=\"og:image:type\" content=\"image\/png\" \/>\n<meta name=\"twitter:card\" content=\"summary_large_image\" \/>\n<meta name=\"twitter:label1\" content=\"Tiempo de lectura\" \/>\n\t<meta name=\"twitter:data1\" content=\"7 minutos\" \/>\n<script type=\"application\/ld+json\" class=\"yoast-schema-graph\">{\"@context\":\"https:\\\/\\\/schema.org\",\"@graph\":[{\"@type\":\"WebPage\",\"@id\":\"https:\\\/\\\/dara.aragon.es\\\/dara\\\/ayuntamiento-de-tronchon\\\/\",\"url\":\"https:\\\/\\\/dara.aragon.es\\\/dara\\\/ayuntamiento-de-tronchon\\\/\",\"name\":\"Ayuntamiento de Tronch\u00f3n - DARA GENERAL\",\"isPartOf\":{\"@id\":\"https:\\\/\\\/dara.aragon.es\\\/dara\\\/#website\"},\"primaryImageOfPage\":{\"@id\":\"https:\\\/\\\/dara.aragon.es\\\/dara\\\/ayuntamiento-de-tronchon\\\/#primaryimage\"},\"image\":{\"@id\":\"https:\\\/\\\/dara.aragon.es\\\/dara\\\/ayuntamiento-de-tronchon\\\/#primaryimage\"},\"thumbnailUrl\":\"https:\\\/\\\/dara.aragon.es\\\/dara\\\/wp-content\\\/uploads\\\/2022\\\/12\\\/Edificio-Ayto-La-Cuba.png\",\"datePublished\":\"2022-12-16T11:59:11+00:00\",\"dateModified\":\"2024-01-23T10:17:07+00:00\",\"breadcrumb\":{\"@id\":\"https:\\\/\\\/dara.aragon.es\\\/dara\\\/ayuntamiento-de-tronchon\\\/#breadcrumb\"},\"inLanguage\":\"es\",\"potentialAction\":[{\"@type\":\"ReadAction\",\"target\":[\"https:\\\/\\\/dara.aragon.es\\\/dara\\\/ayuntamiento-de-tronchon\\\/\"]}]},{\"@type\":\"ImageObject\",\"inLanguage\":\"es\",\"@id\":\"https:\\\/\\\/dara.aragon.es\\\/dara\\\/ayuntamiento-de-tronchon\\\/#primaryimage\",\"url\":\"https:\\\/\\\/dara.aragon.es\\\/dara\\\/wp-content\\\/uploads\\\/2022\\\/12\\\/Edificio-Ayto-La-Cuba.png\",\"contentUrl\":\"https:\\\/\\\/dara.aragon.es\\\/dara\\\/wp-content\\\/uploads\\\/2022\\\/12\\\/Edificio-Ayto-La-Cuba.png\",\"width\":426,\"height\":426,\"caption\":\"AM de La Cuba\"},{\"@type\":\"BreadcrumbList\",\"@id\":\"https:\\\/\\\/dara.aragon.es\\\/dara\\\/ayuntamiento-de-tronchon\\\/#breadcrumb\",\"itemListElement\":[{\"@type\":\"ListItem\",\"position\":1,\"name\":\"Portada\",\"item\":\"https:\\\/\\\/dara.aragon.es\\\/dara\\\/\"},{\"@type\":\"ListItem\",\"position\":2,\"name\":\"Ayuntamiento de Tronch\u00f3n\"}]},{\"@type\":\"WebSite\",\"@id\":\"https:\\\/\\\/dara.aragon.es\\\/dara\\\/#website\",\"url\":\"https:\\\/\\\/dara.aragon.es\\\/dara\\\/\",\"name\":\"DARA GENERAL\",\"description\":\"Documentos y archivos de Arag\u00f3n\",\"potentialAction\":[{\"@type\":\"SearchAction\",\"target\":{\"@type\":\"EntryPoint\",\"urlTemplate\":\"https:\\\/\\\/dara.aragon.es\\\/dara\\\/?s={search_term_string}\"},\"query-input\":{\"@type\":\"PropertyValueSpecification\",\"valueRequired\":true,\"valueName\":\"search_term_string\"}}],\"inLanguage\":\"es\"}]}<\/script>\n<!-- \/ Yoast SEO plugin. -->","yoast_head_json":{"title":"Ayuntamiento de Tronch\u00f3n - DARA GENERAL","robots":{"index":"index","follow":"follow","max-snippet":"max-snippet:-1","max-image-preview":"max-image-preview:large","max-video-preview":"max-video-preview:-1"},"canonical":"https:\/\/dara.aragon.es\/dara\/ayuntamiento-de-tronchon\/","og_locale":"es_ES","og_type":"article","og_title":"Ayuntamiento de Tronch\u00f3n - DARA GENERAL","og_description":"Ayuntamiento de Tronch\u00f3n","og_url":"https:\/\/dara.aragon.es\/dara\/ayuntamiento-de-tronchon\/","og_site_name":"DARA GENERAL","article_modified_time":"2024-01-23T10:17:07+00:00","og_image":[{"width":426,"height":426,"url":"https:\/\/dara.aragon.es\/dara\/wp-content\/uploads\/2022\/12\/Edificio-Ayto-La-Cuba.png","type":"image\/png"}],"twitter_card":"summary_large_image","twitter_misc":{"Tiempo de lectura":"7 minutos"},"schema":{"@context":"https:\/\/schema.org","@graph":[{"@type":"WebPage","@id":"https:\/\/dara.aragon.es\/dara\/ayuntamiento-de-tronchon\/","url":"https:\/\/dara.aragon.es\/dara\/ayuntamiento-de-tronchon\/","name":"Ayuntamiento de Tronch\u00f3n - DARA GENERAL","isPartOf":{"@id":"https:\/\/dara.aragon.es\/dara\/#website"},"primaryImageOfPage":{"@id":"https:\/\/dara.aragon.es\/dara\/ayuntamiento-de-tronchon\/#primaryimage"},"image":{"@id":"https:\/\/dara.aragon.es\/dara\/ayuntamiento-de-tronchon\/#primaryimage"},"thumbnailUrl":"https:\/\/dara.aragon.es\/dara\/wp-content\/uploads\/2022\/12\/Edificio-Ayto-La-Cuba.png","datePublished":"2022-12-16T11:59:11+00:00","dateModified":"2024-01-23T10:17:07+00:00","breadcrumb":{"@id":"https:\/\/dara.aragon.es\/dara\/ayuntamiento-de-tronchon\/#breadcrumb"},"inLanguage":"es","potentialAction":[{"@type":"ReadAction","target":["https:\/\/dara.aragon.es\/dara\/ayuntamiento-de-tronchon\/"]}]},{"@type":"ImageObject","inLanguage":"es","@id":"https:\/\/dara.aragon.es\/dara\/ayuntamiento-de-tronchon\/#primaryimage","url":"https:\/\/dara.aragon.es\/dara\/wp-content\/uploads\/2022\/12\/Edificio-Ayto-La-Cuba.png","contentUrl":"https:\/\/dara.aragon.es\/dara\/wp-content\/uploads\/2022\/12\/Edificio-Ayto-La-Cuba.png","width":426,"height":426,"caption":"AM de La Cuba"},{"@type":"BreadcrumbList","@id":"https:\/\/dara.aragon.es\/dara\/ayuntamiento-de-tronchon\/#breadcrumb","itemListElement":[{"@type":"ListItem","position":1,"name":"Portada","item":"https:\/\/dara.aragon.es\/dara\/"},{"@type":"ListItem","position":2,"name":"Ayuntamiento de Tronch\u00f3n"}]},{"@type":"WebSite","@id":"https:\/\/dara.aragon.es\/dara\/#website","url":"https:\/\/dara.aragon.es\/dara\/","name":"DARA GENERAL","description":"Documentos y archivos de Arag\u00f3n","potentialAction":[{"@type":"SearchAction","target":{"@type":"EntryPoint","urlTemplate":"https:\/\/dara.aragon.es\/dara\/?s={search_term_string}"},"query-input":{"@type":"PropertyValueSpecification","valueRequired":true,"valueName":"search_term_string"}}],"inLanguage":"es"}]}},"_links":{"self":[{"href":"https:\/\/dara.aragon.es\/dara\/wp-json\/wp\/v2\/pages\/1864","targetHints":{"allow":["GET"]}}],"collection":[{"href":"https:\/\/dara.aragon.es\/dara\/wp-json\/wp\/v2\/pages"}],"about":[{"href":"https:\/\/dara.aragon.es\/dara\/wp-json\/wp\/v2\/types\/page"}],"author":[{"embeddable":true,"href":"https:\/\/dara.aragon.es\/dara\/wp-json\/wp\/v2\/users\/1"}],"replies":[{"embeddable":true,"href":"https:\/\/dara.aragon.es\/dara\/wp-json\/wp\/v2\/comments?post=1864"}],"version-history":[{"count":0,"href":"https:\/\/dara.aragon.es\/dara\/wp-json\/wp\/v2\/pages\/1864\/revisions"}],"wp:featuredmedia":[{"embeddable":true,"href":"https:\/\/dara.aragon.es\/dara\/wp-json\/wp\/v2\/media\/1843"}],"wp:attachment":[{"href":"https:\/\/dara.aragon.es\/dara\/wp-json\/wp\/v2\/media?parent=1864"}],"curies":[{"name":"wp","href":"https:\/\/api.w.org\/{rel}","templated":true}]}}