{"id":1894,"date":"2022-12-20T13:02:49","date_gmt":"2022-12-20T13:02:49","guid":{"rendered":"https:\/\/dara.aragon.es\/dara\/?page_id=1894"},"modified":"2024-01-12T13:39:31","modified_gmt":"2024-01-12T13:39:31","slug":"ayuntamiento-de-villarroya-de-los-pinares","status":"publish","type":"page","link":"https:\/\/dara.aragon.es\/dara\/ayuntamiento-de-villarroya-de-los-pinares\/","title":{"rendered":"Ayuntamiento de Villarroya de los Pinares"},"content":{"rendered":"<p>[et_pb_section fb_built=\u00bb1&#8243; _builder_version=\u00bb4.19.0&#8243; _module_preset=\u00bbdefault\u00bb global_colors_info=\u00bb{}\u00bb custom_padding=\u00bb37px|||||\u00bb][et_pb_row column_structure=\u00bb2_5,3_5&#8243; _builder_version=\u00bb4.19.3&#8243; _module_preset=\u00bbdefault\u00bb min_height=\u00bb351.6px\u00bb custom_margin=\u00bb-21px|auto||auto||\u00bb custom_padding=\u00bb|45px|0px|0px||\u00bb global_colors_info=\u00bb{}\u00bb][et_pb_column type=\u00bb2_5&#8243; _builder_version=\u00bb4.19.0&#8243; _module_preset=\u00bbdefault\u00bb global_colors_info=\u00bb{}\u00bb][et_pb_image src=\u00bbhttps:\/\/dara.aragon.es\/dara\/wp-content\/uploads\/2022\/12\/Ayutamiento_VillarroyaPinares.png\u00bb alt=\u00bbAM Villarroya de los Pinares\u00bb title_text=\u00bbAyutamiento_VillarroyaPinares\u00bb _builder_version=\u00bb4.20.2&#8243; _module_preset=\u00bbdefault\u00bb min_height=\u00bb302.2px\u00bb custom_padding=\u00bb0px|56px|61px|0px||\u00bb hover_enabled=\u00bb0&#8243; global_colors_info=\u00bb{}\u00bb sticky_enabled=\u00bb0&#8243;][\/et_pb_image][\/et_pb_column][et_pb_column type=\u00bb3_5&#8243; _builder_version=\u00bb4.19.0&#8243; _module_preset=\u00bbdefault\u00bb global_colors_info=\u00bb{}\u00bb][et_pb_text _builder_version=\u00bb4.19.4&#8243; _module_preset=\u00bbdefault\u00bb background_color=\u00bb#FFFFFF\u00bb width=\u00bb100%\u00bb min_height=\u00bb276.6px\u00bb custom_margin=\u00bb|-12px||-12px||true\u00bb custom_padding=\u00bb3px|||0px||\u00bb global_colors_info=\u00bb{}\u00bb]<\/p>\n<h2><span style=\"text-align: justify;\"><b>AYUNTAMIENTO DE VILLARROYA DE LOS PINARES<\/b><\/span><\/h2>\n<div style=\"text-align: justify;\">\n<p><strong><span style=\"color: #a6a4a3;\">Historia del municipio <\/span><\/strong><\/p>\n<p><span style=\"color: #a6a4a3;\">Tras la conquista aragonesa de esta regi\u00f3n monta\u00f1osa, Villarroya de los Pinares se integr\u00f3 en la Bail\u00eda de Cantavieja, dependiente de la Orden del Hospital, y se mantuvo bajo dominio sanjuanista durante todo el Antiguo R\u00e9gimen. Desde el siglo XIII disfrut\u00f3, como todos los pueblos hospitalarios, de una considerable autonom\u00eda municipal.<\/span><\/p>\n<p><span style=\"color: #a6a4a3;\"><strong>Historia del archivo municipal<\/strong><\/span><\/p>\n<p><span style=\"color: #a6a4a3;\">La actuaci\u00f3n archiv\u00edstica comienza en la d\u00e9cada de los a\u00f1os 80 del siglo XX. El Archivo Hist\u00f3rico Provincial de Teruel llevo a cabo el tratamiento archiv\u00edstico de la documentaci\u00f3n, incluida la ordenaci\u00f3n, limpieza, catalogaci\u00f3n y microfilmaci\u00f3n de los documentos anteriores al a\u00f1o 1700, por el Instituto de Estudios Turolenses, bajo la direcci\u00f3n Francisco Javier Aguirre. De forma coet\u00e1nea, dicha labor tambi\u00e9n se efectu\u00f3 en La Cuba, Cantavieja, Mirambel y Miravete de la Sierra. Finalmente, como resultado del trabajo se publicaron los inventarios de los archivos municipales en la colecci\u00f3n de Cat\u00e1logos Documentales.<\/span><\/p>\n<p><span style=\"color: #a6a4a3;\">As\u00ed, el archivo municipal no ha sido objeto de ordenaci\u00f3n de forma completa, \u00fanicamente lo est\u00e1 la parte microfilmada por el equipo de Archivo Hist\u00f3rico Provincial de Teruel (en adelante AHPTE) durante los a\u00f1os 80 del siglo XX. Dentro este proyecto participaron los archiveros:Francisco Javier Aguirre Gonz\u00e1lez, Carmen Mol\u00e9s Villamate y Mar\u00eda Pilar Ab\u00f3s Castell que llevaron a cabo la labor de organizar y microfilmar los documentos anteriores a 1700 de toda la provincia de Teruel. El listado est\u00e1 ordenado de forma cronol\u00f3gica tanto en la primera como en la segunda serie. Este trabajo de ordenaci\u00f3n y microfilmaci\u00f3n se ejecut\u00f3 en los primeros a\u00f1os de la d\u00e9cada de 1980. La primera de ellas aparece en la colecci\u00f3n de cat\u00e1logos documentales reflejada en la publicaci\u00f3n de 1984, mientras que la segunda serie lo hace en la de 1985. El resto del fondo documental esta agrupado en cajas organizadas por siglos.<\/span><\/p>\n<p><span style=\"color: #a6a4a3;\">El fondo documental data desde 1297 (fecha del documento m\u00e1s antiguo) hasta la actualidad. La documentaci\u00f3n m\u00e1s antigua, la correspondiente al per\u00edodo del Antiguo R\u00e9gimen (siglo XVIII) cuenta con un volumen importante, con un total de 34 cajas y la carpeta de pergaminos que fueron organizadas de forma previa por el equipo de t\u00e9cnicos del AHPTE para el proceso de microfilmaci\u00f3n.<\/span><\/p>\n<p><span style=\"color: #a6a4a3;\">A este fondo documental hay que a\u00f1adir otra serie de cajas correspondientes a los siglos XVIII, XIX y XX, incluso alg\u00fan documento anterior a estos siglos y que no ha sido catalogado por el AHPTE debido a no estaba clasificado el archivo.<\/span><\/p>\n<p><span style=\"color: #a6a4a3;\">Jos\u00e9 Ram\u00f3n Sanch\u00eds Alfonso, archivero de Torrent (Valencia), creemos que fue el t\u00e9cnico, el cual continu\u00f3 la labor de organizaci\u00f3n\u00a0 del archivo municipal de Villarroya, llevando a cabo la ordenaci\u00f3n de la informaci\u00f3n por siglos e incluy\u00e9ndolas en cajas durante bastantes a\u00f1os.<\/span><\/p>\n<p><span style=\"color: #a6a4a3;\">Aproximadamente en el a\u00f1o 2012, el municipio con la colaboraci\u00f3n del Comarca del Maestrazgo realiz\u00f3\u00a0 la organizaci\u00f3n en cajas y la digitalizaci\u00f3n del fondo documental antiguo por la empresa Geoter Consultores.<\/span><\/p>\n<\/div>\n<p>[\/et_pb_text][et_pb_divider color=\u00bb#FFFFFF\u00bb divider_style=\u00bbnone\u00bb _builder_version=\u00bb4.19.4&#8243; _module_preset=\u00bbdefault\u00bb custom_padding=\u00bb||0px|||\u00bb link_option_url=\u00bbhttps:\/\/dara.aragon.es\/opac\/app\/simple\/coma\u00bb global_colors_info=\u00bb{}\u00bb custom_margin=\u00bb||17px|||\u00bb min_height=\u00bb25.8px\u00bb][\/et_pb_divider][et_pb_divider divider_style=\u00bbnone\u00bb _builder_version=\u00bb4.19.4&#8243; _module_preset=\u00bbdefault\u00bb min_height=\u00bb20.8px\u00bb custom_margin=\u00bb||1px|||\u00bb custom_padding=\u00bb8px|104px||0px||\u00bb link_option_url=\u00bbhttps:\/\/dara.aragon.es\/opac\/app\/simple\/coma\u00bb global_colors_info=\u00bb{}\u00bb][\/et_pb_divider][\/et_pb_column][\/et_pb_row][et_pb_row column_structure=\u00bb2_5,3_5&#8243; _builder_version=\u00bb4.19.2&#8243; _module_preset=\u00bbdefault\u00bb width=\u00bb89%\u00bb max_width=\u00bb1555px\u00bb min_height=\u00bb987px\u00bb height=\u00bb933px\u00bb max_height=\u00bb948px\u00bb custom_margin=\u00bb-64px|auto|-64px|auto|true|false\u00bb custom_padding=\u00bb0px|96px|0px|191px|false|false\u00bb global_colors_info=\u00bb{}\u00bb][et_pb_column type=\u00bb2_5&#8243; _builder_version=\u00bb4.19.0&#8243; _module_preset=\u00bbdefault\u00bb link_option_url=\u00bbhttps:\/\/goo.gl\/maps\/Kto9GfmAC6aNm15AA\u00bb global_colors_info=\u00bb{}\u00bb][et_pb_image src=\u00bbhttps:\/\/dara.aragon.es\/dara\/wp-content\/uploads\/2022\/12\/Mapa-Villarroya-de-los-Pinares.png\u00bb alt=\u00bbMapa Villarroya \u00bb title_text=\u00bbMapa Villarroya de los Pinares\u00bb url=\u00bbhttps:\/\/goo.gl\/maps\/n5Bb3oTnFFnsFhYc7&#8243; _builder_version=\u00bb4.19.4&#8243; _module_preset=\u00bbdefault\u00bb min_height=\u00bb174.9px\u00bb custom_margin=\u00bb6px|||67px||\u00bb custom_padding=\u00bb0px|126px|1px|0px||\u00bb global_colors_info=\u00bb{}\u00bb width=\u00bb81.5%\u00bb][\/et_pb_image][et_pb_text _builder_version=\u00bb4.20.2&#8243; _module_preset=\u00bbdefault\u00bb width=\u00bb79.9%\u00bb custom_margin=\u00bb|54px||||\u00bb hover_enabled=\u00bb0&#8243; global_colors_info=\u00bb{}\u00bb custom_padding=\u00bb|||69px||\u00bb sticky_enabled=\u00bb0&#8243;]<\/p>\n<div><strong>Ayuntamiento de Villarroya de los Pinares<\/strong><br \/><strong>Direcci\u00f3n<\/strong>: Pl. Arcos, 1, 44144 Villarroya de los Pinares, Teruel<br \/><strong>Tel\u00e9fono<\/strong>: 978 77 80 01<\/div>\n<div>\n<p><strong><a href=\"https:\/\/www.villarroyadelospinares.es\/contacto\/\">Formulario de contacto<\/a> <\/strong><\/p>\n<p><strong>Comarca del Maestrazgo<\/strong><br \/><strong>Direcci\u00f3n:<\/strong><br \/>Garc\u00eda Vali\u00f1o, n\u00ba 7<br \/>44140 Cantavieja (Teruel)<br \/><strong>Tel\u00e9fono de contacto:<\/strong><br \/>964 185 242<br \/><strong>E-mail:<\/strong><br \/>info@museovirtualmaestrazgo.com<\/p>\n<\/div>\n<div><a href=\"https:\/\/museovirtualmaestrazgo.com\/\"><strong>Sitio web del Museo Virtual del Maestrazgo<\/strong><\/a><\/div>\n<p>[\/et_pb_text][et_pb_social_media_follow _builder_version=\u00bb4.20.2&#8243; _module_preset=\u00bbdefault\u00bb custom_margin=\u00bb-11px|||||\u00bb custom_padding=\u00bb0px|||65px||\u00bb hover_enabled=\u00bb0&#8243; global_colors_info=\u00bb{}\u00bb sticky_enabled=\u00bb0&#8243;][et_pb_social_media_follow_network social_network=\u00bbfacebook\u00bb url=\u00bbhttps:\/\/www.facebook.com\/ComarcaMaestrazgo\u00bb _builder_version=\u00bb4.19.4&#8243; _module_preset=\u00bbdefault\u00bb background_color=\u00bb#3b5998&#8243; global_colors_info=\u00bb{}\u00bb follow_button=\u00bboff\u00bb url_new_window=\u00bbon\u00bb]facebook[\/et_pb_social_media_follow_network][et_pb_social_media_follow_network social_network=\u00bbtwitter\u00bb url=\u00bbhttps:\/\/twitter.com\/Com_Maestrazgo\u00bb _builder_version=\u00bb4.20.2&#8243; _module_preset=\u00bbdefault\u00bb background_color=\u00bb#00aced\u00bb hover_enabled=\u00bb0&#8243; global_colors_info=\u00bb{}\u00bb follow_button=\u00bboff\u00bb url_new_window=\u00bbon\u00bb sticky_enabled=\u00bb0&#8243;]twitter[\/et_pb_social_media_follow_network][et_pb_social_media_follow_network social_network=\u00bbinstagram\u00bb background_color=\u00bb#ea2c59&#8243; _builder_version=\u00bb4.20.2&#8243; _module_preset=\u00bbdefault\u00bb follow_button=\u00bboff\u00bb url_new_window=\u00bbon\u00bb url=\u00bbhttps:\/\/www.instagram.com\/explore\/tags\/comarcademaestrazgo\/\u00bb hover_enabled=\u00bb0&#8243; sticky_enabled=\u00bb0&#8243;]instagram[\/et_pb_social_media_follow_network][\/et_pb_social_media_follow][et_pb_text _builder_version=\u00bb4.19.2&#8243; _module_preset=\u00bbdefault\u00bb global_colors_info=\u00bb{}\u00bb][\/et_pb_text][\/et_pb_column][et_pb_column type=\u00bb3_5&#8243; _builder_version=\u00bb4.19.1&#8243; _module_preset=\u00bbdefault\u00bb global_colors_info=\u00bb{}\u00bb][et_pb_button button_url=\u00bbhttps:\/\/dara.aragon.es\/opac\/app\/simple\/coma\u00bb url_new_window=\u00bbon\u00bb button_text=\u00bbIr al buscador\u00bb button_alignment=\u00bbleft\u00bb _builder_version=\u00bb4.20.2&#8243; _module_preset=\u00bbdefault\u00bb custom_button=\u00bbon\u00bb button_text_size=\u00bb14px\u00bb button_border_width=\u00bb2px\u00bb button_border_radius=\u00bb100px\u00bb button_letter_spacing=\u00bb4px\u00bb button_font=\u00bb||on||||||\u00bb button_icon=\u00bb&#x39;||divi||400&#8243; custom_margin=\u00bb-64px|371px|30px|-60px|false|false\u00bb custom_padding=\u00bb6px|49px|8px|49px|false|false\u00bb animation_style=\u00bbbounce\u00bb hover_enabled=\u00bb0&#8243; box_shadow_style=\u00bbpreset6&#8243; global_colors_info=\u00bb{}\u00bb sticky_enabled=\u00bb0&#8243;][\/et_pb_button][et_pb_button button_url=\u00bbhttps:\/\/dara.aragon.es\/opac\/app\/results\/coma?ar=85&#8243; url_new_window=\u00bbon\u00bb button_text=\u00bbConsultar todo el fondo\u00bb button_alignment=\u00bbleft\u00bb _builder_version=\u00bb4.20.2&#8243; _module_preset=\u00bbdefault\u00bb custom_button=\u00bbon\u00bb button_text_size=\u00bb14px\u00bb button_border_width=\u00bb2px\u00bb button_border_radius=\u00bb100px\u00bb button_letter_spacing=\u00bb4px\u00bb button_icon=\u00bb&#xe02f;||divi||400&#8243; custom_margin=\u00bb-69px|143px|18px|262px|false|false\u00bb custom_padding=\u00bb6px|30px|7px|29px|false|false\u00bb animation_style=\u00bbbounce\u00bb hover_enabled=\u00bb0&#8243; box_shadow_style=\u00bbpreset6&#8243; global_colors_info=\u00bb{}\u00bb width=\u00bb421.9px\u00bb sticky_enabled=\u00bb0&#8243; min_height=\u00bb46.8px\u00bb][\/et_pb_button][et_pb_tabs _builder_version=\u00bb4.20.2&#8243; _module_preset=\u00bbdefault\u00bb width=\u00bb100%\u00bb min_height=\u00bb438.4px\u00bb custom_margin=\u00bb20px||8px|-67px||\u00bb custom_padding=\u00bb|28px||39px||\u00bb hover_enabled=\u00bb0&#8243; global_colors_info=\u00bb{}\u00bb max_width=\u00bb91%\u00bb sticky_enabled=\u00bb0&#8243;][et_pb_tab title=\u00bbVOLUMEN Y SOPORTE\u00bb _builder_version=\u00bb4.19.4&#8243; _module_preset=\u00bbdefault\u00bb global_colors_info=\u00bb{}\u00bb]<\/p>\n<p>104 cajas.<\/p>\n<p><strong>\u00a0<\/strong><\/p>\n<p>&nbsp;<\/p>\n<p>[\/et_pb_tab][et_pb_tab title=\u00bbM\u00c1S DE INFORMACI\u00d3N\u00bb _builder_version=\u00bb4.19.4&#8243; _module_preset=\u00bbdefault\u00bb global_colors_info=\u00bb{}\u00bb]<\/p>\n<p style=\"text-align: justify;\"><strong>Bibliograf\u00eda<\/strong><\/p>\n<p style=\"text-align: justify;\">Aguirre Gonz\u00e1lez, F.J, Moles Villamate, C.; Ab\u00f3s Castel, M.P. Cat\u00e1logo de archivos municipales turolenses (I): Cella, Linares de Mora, Fortanete, Mirambel, La Cuba y Puertomingalvo. IET, Teruel, 1982.<\/p>\n<p style=\"text-align: justify;\">Aguirre Gonz\u00e1lez, F.J, Moles Villamate, C.; Ab\u00f3s Castel, M.P. Cat\u00e1logo de archivos municipales turolenses (IV): Alca\u00f1iz, Alcorisa, Aliaga, Ban\u00f3n, Calaceite, Calanda, Cascante del R\u00edo, La Codo\u00f1era, La Puebla de H\u00edjar, Lid\u00f3nm Mazal\u00e9on, Mirambel (2\u00aa serie), Monreal del Campo, Puertomingalvo (2\u00aa serie), Terriente, Teruel, Torrijas, Tramascastilla, Villarroya de los Pinares (2\u00aa serie). IET, Teruel, 1983.<\/p>\n<p style=\"text-align: justify;\">Diputaci\u00f3n General de Arag\u00f3n. Organigrama de Archivos Municipales de Arag\u00f3n.<\/p>\n<p style=\"text-align: justify;\">Gay Molins, P. Los archivos municipales aragoneses. <em>Actas de las V jornadas de archivos aragoneses<\/em>. Zaragoza, Diputaci\u00f3n General de Arag\u00f3n.<\/p>\n<p style=\"text-align: justify;\">Gran Enciclopedia Aragonesa [en l\u00ednea]. Zaragoza: Dicom Medios. <a href=\"http:\/\/www.enciclopedia-aragonesa.com\/\">http:\/\/www.enciclopedia-aragonesa.com\/<\/a><\/p>\n<p style=\"text-align: justify;\">Iba\u00f1ez Gonz\u00e1lez. E.J. \u201cGu\u00eda breve de los pueblos de la comarca\u201d [PDF]. Comarca de Maestrazgo<em>. <\/em>En <em>Colecci\u00f3n Territorio. <\/em>N. 27<strong>. <\/strong>pp. 289-306. Zaragoza, Gobierno de Arag\u00f3n, Departamento de Pol\u00edtica Territorial, Justicia e Interio<strong>r, <\/strong>2007..<\/p>\n<p style=\"text-align: justify;\">Ledesma Rubio, M\u00aa L \u00aa. Cartas de poblaci\u00f3n del reino de Arag\u00f3n en los siglos medievales. <em>Fuentes Hist\u00f3ricas Aragonesas. <\/em>N. 18. Instituci\u00f3n Fernando el Cat\u00f3lico, Zaragoza, 1991.<\/p>\n<p style=\"text-align: justify;\">Ledesma Rubio, M\u00aa L \u00aa. Cartas de poblaci\u00f3n y fueros turolenses. Cartillas turolenes N.12. IET, Teruel, 1988.<\/p>\n<p style=\"text-align: justify;\">Tomas Lagu\u00eda, C. Fuentes para la historia del Alto Maestrazgo. <em>Revista Teruel. <\/em>N. 57-58. P\u00e1gs. 135-182. IET, Teruel, 1977.<\/p>\n<p style=\"text-align: justify;\">Ubieto Arteta, Antonio. <em>Historia de Arag\u00f3n<\/em>.\u00a0<em>Divisiones Administrativas<\/em>, Anubar, 1983.<\/p>\n<p>[\/et_pb_tab][\/et_pb_tabs][\/et_pb_column][\/et_pb_row][\/et_pb_section]<\/p>\n","protected":false},"excerpt":{"rendered":"<p>Ayuntamiento de Villar de los Pinares<\/p>\n","protected":false},"author":1,"featured_media":1897,"parent":0,"menu_order":0,"comment_status":"closed","ping_status":"closed","template":"","meta":{"_et_pb_use_builder":"on","_et_pb_old_content":"","_et_gb_content_width":"","om_disable_all_campaigns":false,"_monsterinsights_skip_tracking":false,"_monsterinsights_sitenote_active":false,"_monsterinsights_sitenote_note":"","_monsterinsights_sitenote_category":0,"_uf_show_specific_survey":0,"_uf_disable_surveys":false,"footnotes":""},"class_list":["post-1894","page","type-page","status-publish","has-post-thumbnail","hentry"],"yoast_head":"<!-- This site is optimized with the Yoast SEO plugin v26.2 - https:\/\/yoast.com\/wordpress\/plugins\/seo\/ -->\n<title>Ayuntamiento de Villarroya de los Pinares - DARA GENERAL<\/title>\n<meta name=\"robots\" content=\"index, follow, max-snippet:-1, max-image-preview:large, max-video-preview:-1\" \/>\n<link rel=\"canonical\" href=\"https:\/\/dara.aragon.es\/dara\/ayuntamiento-de-villarroya-de-los-pinares\/\" \/>\n<meta property=\"og:locale\" content=\"es_ES\" \/>\n<meta property=\"og:type\" content=\"article\" \/>\n<meta property=\"og:title\" content=\"Ayuntamiento de Villarroya de los Pinares - DARA GENERAL\" \/>\n<meta property=\"og:description\" content=\"Ayuntamiento de Villar de los Pinares\" \/>\n<meta property=\"og:url\" content=\"https:\/\/dara.aragon.es\/dara\/ayuntamiento-de-villarroya-de-los-pinares\/\" \/>\n<meta property=\"og:site_name\" content=\"DARA GENERAL\" \/>\n<meta property=\"article:modified_time\" content=\"2024-01-12T13:39:31+00:00\" \/>\n<meta property=\"og:image\" content=\"https:\/\/dara.aragon.es\/dara\/wp-content\/uploads\/2022\/12\/Ayutamiento_VillarroyaPinares.png\" \/>\n\t<meta property=\"og:image:width\" content=\"426\" \/>\n\t<meta property=\"og:image:height\" content=\"426\" \/>\n\t<meta property=\"og:image:type\" content=\"image\/png\" \/>\n<meta name=\"twitter:card\" content=\"summary_large_image\" \/>\n<meta name=\"twitter:label1\" content=\"Tiempo de lectura\" \/>\n\t<meta name=\"twitter:data1\" content=\"8 minutos\" \/>\n<script type=\"application\/ld+json\" class=\"yoast-schema-graph\">{\"@context\":\"https:\/\/schema.org\",\"@graph\":[{\"@type\":\"WebPage\",\"@id\":\"https:\/\/dara.aragon.es\/dara\/ayuntamiento-de-villarroya-de-los-pinares\/\",\"url\":\"https:\/\/dara.aragon.es\/dara\/ayuntamiento-de-villarroya-de-los-pinares\/\",\"name\":\"Ayuntamiento de Villarroya de los Pinares - DARA GENERAL\",\"isPartOf\":{\"@id\":\"https:\/\/dara.aragon.es\/dara\/#website\"},\"primaryImageOfPage\":{\"@id\":\"https:\/\/dara.aragon.es\/dara\/ayuntamiento-de-villarroya-de-los-pinares\/#primaryimage\"},\"image\":{\"@id\":\"https:\/\/dara.aragon.es\/dara\/ayuntamiento-de-villarroya-de-los-pinares\/#primaryimage\"},\"thumbnailUrl\":\"https:\/\/dara.aragon.es\/dara\/wp-content\/uploads\/2022\/12\/Ayutamiento_VillarroyaPinares.png\",\"datePublished\":\"2022-12-20T13:02:49+00:00\",\"dateModified\":\"2024-01-12T13:39:31+00:00\",\"breadcrumb\":{\"@id\":\"https:\/\/dara.aragon.es\/dara\/ayuntamiento-de-villarroya-de-los-pinares\/#breadcrumb\"},\"inLanguage\":\"es\",\"potentialAction\":[{\"@type\":\"ReadAction\",\"target\":[\"https:\/\/dara.aragon.es\/dara\/ayuntamiento-de-villarroya-de-los-pinares\/\"]}]},{\"@type\":\"ImageObject\",\"inLanguage\":\"es\",\"@id\":\"https:\/\/dara.aragon.es\/dara\/ayuntamiento-de-villarroya-de-los-pinares\/#primaryimage\",\"url\":\"https:\/\/dara.aragon.es\/dara\/wp-content\/uploads\/2022\/12\/Ayutamiento_VillarroyaPinares.png\",\"contentUrl\":\"https:\/\/dara.aragon.es\/dara\/wp-content\/uploads\/2022\/12\/Ayutamiento_VillarroyaPinares.png\",\"width\":426,\"height\":426,\"caption\":\"AM Villarroya de los Pinares\"},{\"@type\":\"BreadcrumbList\",\"@id\":\"https:\/\/dara.aragon.es\/dara\/ayuntamiento-de-villarroya-de-los-pinares\/#breadcrumb\",\"itemListElement\":[{\"@type\":\"ListItem\",\"position\":1,\"name\":\"Portada\",\"item\":\"https:\/\/dara.aragon.es\/dara\/\"},{\"@type\":\"ListItem\",\"position\":2,\"name\":\"Ayuntamiento de Villarroya de los Pinares\"}]},{\"@type\":\"WebSite\",\"@id\":\"https:\/\/dara.aragon.es\/dara\/#website\",\"url\":\"https:\/\/dara.aragon.es\/dara\/\",\"name\":\"DARA GENERAL\",\"description\":\"Documentos y archivos de Arag\u00f3n\",\"potentialAction\":[{\"@type\":\"SearchAction\",\"target\":{\"@type\":\"EntryPoint\",\"urlTemplate\":\"https:\/\/dara.aragon.es\/dara\/?s={search_term_string}\"},\"query-input\":{\"@type\":\"PropertyValueSpecification\",\"valueRequired\":true,\"valueName\":\"search_term_string\"}}],\"inLanguage\":\"es\"}]}<\/script>\n<!-- \/ Yoast SEO plugin. -->","yoast_head_json":{"title":"Ayuntamiento de Villarroya de los Pinares - DARA GENERAL","robots":{"index":"index","follow":"follow","max-snippet":"max-snippet:-1","max-image-preview":"max-image-preview:large","max-video-preview":"max-video-preview:-1"},"canonical":"https:\/\/dara.aragon.es\/dara\/ayuntamiento-de-villarroya-de-los-pinares\/","og_locale":"es_ES","og_type":"article","og_title":"Ayuntamiento de Villarroya de los Pinares - DARA GENERAL","og_description":"Ayuntamiento de Villar de los Pinares","og_url":"https:\/\/dara.aragon.es\/dara\/ayuntamiento-de-villarroya-de-los-pinares\/","og_site_name":"DARA GENERAL","article_modified_time":"2024-01-12T13:39:31+00:00","og_image":[{"width":426,"height":426,"url":"https:\/\/dara.aragon.es\/dara\/wp-content\/uploads\/2022\/12\/Ayutamiento_VillarroyaPinares.png","type":"image\/png"}],"twitter_card":"summary_large_image","twitter_misc":{"Tiempo de lectura":"8 minutos"},"schema":{"@context":"https:\/\/schema.org","@graph":[{"@type":"WebPage","@id":"https:\/\/dara.aragon.es\/dara\/ayuntamiento-de-villarroya-de-los-pinares\/","url":"https:\/\/dara.aragon.es\/dara\/ayuntamiento-de-villarroya-de-los-pinares\/","name":"Ayuntamiento de Villarroya de los Pinares - DARA GENERAL","isPartOf":{"@id":"https:\/\/dara.aragon.es\/dara\/#website"},"primaryImageOfPage":{"@id":"https:\/\/dara.aragon.es\/dara\/ayuntamiento-de-villarroya-de-los-pinares\/#primaryimage"},"image":{"@id":"https:\/\/dara.aragon.es\/dara\/ayuntamiento-de-villarroya-de-los-pinares\/#primaryimage"},"thumbnailUrl":"https:\/\/dara.aragon.es\/dara\/wp-content\/uploads\/2022\/12\/Ayutamiento_VillarroyaPinares.png","datePublished":"2022-12-20T13:02:49+00:00","dateModified":"2024-01-12T13:39:31+00:00","breadcrumb":{"@id":"https:\/\/dara.aragon.es\/dara\/ayuntamiento-de-villarroya-de-los-pinares\/#breadcrumb"},"inLanguage":"es","potentialAction":[{"@type":"ReadAction","target":["https:\/\/dara.aragon.es\/dara\/ayuntamiento-de-villarroya-de-los-pinares\/"]}]},{"@type":"ImageObject","inLanguage":"es","@id":"https:\/\/dara.aragon.es\/dara\/ayuntamiento-de-villarroya-de-los-pinares\/#primaryimage","url":"https:\/\/dara.aragon.es\/dara\/wp-content\/uploads\/2022\/12\/Ayutamiento_VillarroyaPinares.png","contentUrl":"https:\/\/dara.aragon.es\/dara\/wp-content\/uploads\/2022\/12\/Ayutamiento_VillarroyaPinares.png","width":426,"height":426,"caption":"AM Villarroya de los Pinares"},{"@type":"BreadcrumbList","@id":"https:\/\/dara.aragon.es\/dara\/ayuntamiento-de-villarroya-de-los-pinares\/#breadcrumb","itemListElement":[{"@type":"ListItem","position":1,"name":"Portada","item":"https:\/\/dara.aragon.es\/dara\/"},{"@type":"ListItem","position":2,"name":"Ayuntamiento de Villarroya de los Pinares"}]},{"@type":"WebSite","@id":"https:\/\/dara.aragon.es\/dara\/#website","url":"https:\/\/dara.aragon.es\/dara\/","name":"DARA GENERAL","description":"Documentos y archivos de Arag\u00f3n","potentialAction":[{"@type":"SearchAction","target":{"@type":"EntryPoint","urlTemplate":"https:\/\/dara.aragon.es\/dara\/?s={search_term_string}"},"query-input":{"@type":"PropertyValueSpecification","valueRequired":true,"valueName":"search_term_string"}}],"inLanguage":"es"}]}},"_links":{"self":[{"href":"https:\/\/dara.aragon.es\/dara\/wp-json\/wp\/v2\/pages\/1894","targetHints":{"allow":["GET"]}}],"collection":[{"href":"https:\/\/dara.aragon.es\/dara\/wp-json\/wp\/v2\/pages"}],"about":[{"href":"https:\/\/dara.aragon.es\/dara\/wp-json\/wp\/v2\/types\/page"}],"author":[{"embeddable":true,"href":"https:\/\/dara.aragon.es\/dara\/wp-json\/wp\/v2\/users\/1"}],"replies":[{"embeddable":true,"href":"https:\/\/dara.aragon.es\/dara\/wp-json\/wp\/v2\/comments?post=1894"}],"version-history":[{"count":0,"href":"https:\/\/dara.aragon.es\/dara\/wp-json\/wp\/v2\/pages\/1894\/revisions"}],"wp:featuredmedia":[{"embeddable":true,"href":"https:\/\/dara.aragon.es\/dara\/wp-json\/wp\/v2\/media\/1897"}],"wp:attachment":[{"href":"https:\/\/dara.aragon.es\/dara\/wp-json\/wp\/v2\/media?parent=1894"}],"curies":[{"name":"wp","href":"https:\/\/api.w.org\/{rel}","templated":true}]}}