{"id":1968,"date":"2023-01-11T11:39:37","date_gmt":"2023-01-11T11:39:37","guid":{"rendered":"https:\/\/dara.aragon.es\/dara\/?page_id=1968"},"modified":"2024-05-27T14:58:32","modified_gmt":"2024-05-27T14:58:32","slug":"registros-y-documentos-digitales-por-tipo-de-archivos","status":"publish","type":"page","link":"https:\/\/dara.aragon.es\/dara\/registros-y-documentos-digitales-por-tipo-de-archivos\/","title":{"rendered":"Registros y documentos digitales por tipo de archivos"},"content":{"rendered":"<p>[et_pb_section fb_built=\u00bb1&#8243; fullwidth=\u00bbon\u00bb admin_label=\u00bbHeader Section\u00bb _builder_version=\u00bb4.20.2&#8243; background_color=\u00bb#0D3857&#8243; background_enable_image=\u00bboff\u00bb parallax=\u00bbon\u00bb custom_padding=\u00bb|||\u00bb saved_tabs=\u00bball\u00bb locked=\u00bboff\u00bb global_colors_info=\u00bb{}\u00bb][et_pb_fullwidth_header title=\u00bbRegistros y documentos digitalizados seg\u00fan el tipo de archivos\u00bb text_orientation=\u00bbcenter\u00bb background_overlay_color=\u00bbrgba(0,0,0,0.4)\u00bb admin_label=\u00bbContents\u00bb _builder_version=\u00bb4.20.2&#8243; title_font=\u00bbOswald|||on|\u00bb title_text_align=\u00bbcenter\u00bb title_font_size=\u00bb38px\u00bb title_letter_spacing=\u00bb0.05em\u00bb title_line_height=\u00bb1.5em\u00bb subhead_font=\u00bbNunito|600|||||||\u00bb subhead_font_size=\u00bb20px\u00bb subhead_line_height=\u00bb1.9em\u00bb background_color=\u00bbrgba(255, 255, 255, 0)\u00bb background_enable_image=\u00bboff\u00bb parallax=\u00bbon\u00bb parallax_method=\u00bbon\u00bb custom_button_one=\u00bbon\u00bb button_one_text_size=\u00bb15px\u00bb button_one_bg_color=\u00bb#dca57d\u00bb button_one_border_width=\u00bb10px\u00bb button_one_border_color=\u00bb#dca57d\u00bb button_one_border_radius=\u00bb0px\u00bb button_one_letter_spacing=\u00bb3px\u00bb button_one_font=\u00bbOswald|||on|\u00bb button_one_use_icon=\u00bboff\u00bb custom_margin=\u00bb|||\u00bb custom_padding=\u00bb1%||1%||false|false\u00bb animation_style=\u00bbfade\u00bb animation_starting_opacity=\u00bb50%\u00bb animation_speed_curve=\u00bbease-in\u00bb title_font_size_tablet=\u00bb60px\u00bb title_font_size_phone=\u00bb40px\u00bb title_font_size_last_edited=\u00bbon|phone\u00bb button_one_border_color_hover=\u00bb#c99872&#8243; button_one_border_radius_hover=\u00bb0px\u00bb button_one_letter_spacing_hover=\u00bb3px\u00bb button_one_bg_color_hover=\u00bb#c99872&#8243; global_colors_info=\u00bb{}\u00bb button_one_text_size__hover_enabled=\u00bboff\u00bb button_two_text_size__hover_enabled=\u00bboff\u00bb button_one_text_color__hover_enabled=\u00bboff\u00bb button_two_text_color__hover_enabled=\u00bboff\u00bb button_one_border_width__hover_enabled=\u00bboff\u00bb button_two_border_width__hover_enabled=\u00bboff\u00bb button_one_border_color__hover_enabled=\u00bbon\u00bb button_one_border_color__hover=\u00bb#c99872&#8243; button_two_border_color__hover_enabled=\u00bboff\u00bb button_one_border_radius__hover_enabled=\u00bbon\u00bb button_one_border_radius__hover=\u00bb0px\u00bb button_two_border_radius__hover_enabled=\u00bboff\u00bb button_one_letter_spacing__hover_enabled=\u00bbon\u00bb button_one_letter_spacing__hover=\u00bb3px\u00bb button_two_letter_spacing__hover_enabled=\u00bboff\u00bb button_one_bg_color__hover_enabled=\u00bbon\u00bb button_one_bg_color__hover=\u00bb#c99872&#8243; button_two_bg_color__hover_enabled=\u00bboff\u00bb][\/et_pb_fullwidth_header][\/et_pb_section][et_pb_section fb_built=\u00bb1&#8243; _builder_version=\u00bb4.16&#8243; _module_preset=\u00bbdefault\u00bb custom_margin=\u00bb0px|0px|0px|0px|false|false\u00bb custom_padding=\u00bb0px|0px|0px|0px|false|false\u00bb saved_tabs=\u00bball\u00bb locked=\u00bboff\u00bb global_colors_info=\u00bb{}\u00bb][et_pb_row column_structure=\u00bb1_2,1_2&#8243; use_custom_gutter=\u00bbon\u00bb gutter_width=\u00bb1&#8243; make_equal=\u00bbon\u00bb admin_label=\u00bbBest Beans Row\u00bb module_class=\u00bb et_pb_row_fullwidth\u00bb _builder_version=\u00bb4.16&#8243; width=\u00bb100%\u00bb width_tablet=\u00bb100%\u00bb width_phone=\u00bb\u00bb width_last_edited=\u00bbon|desktop\u00bb max_width=\u00bb100%\u00bb max_width_tablet=\u00bb100%\u00bb max_width_phone=\u00bb\u00bb max_width_last_edited=\u00bbon|desktop\u00bb custom_margin=\u00bb|||\u00bb custom_padding=\u00bb0px|0px|0px|0px\u00bb make_fullwidth=\u00bbon\u00bb global_colors_info=\u00bb{}\u00bb][et_pb_column type=\u00bb1_2&#8243; _builder_version=\u00bb4.16&#8243; use_background_color_gradient=\u00bbon\u00bb background_color_gradient_stops=\u00bb#26528d 0%|#24b0bf 100%\u00bb background_color_gradient_start=\u00bb#26528d\u00bb background_color_gradient_end=\u00bb#24b0bf\u00bb custom_padding=\u00bb80px|5%|80px|5%\u00bb global_colors_info=\u00bb{}\u00bb custom_padding__hover=\u00bb|||\u00bb][et_pb_gallery gallery_ids=\u00bb1972,2005&#8243; fullwidth=\u00bbon\u00bb _builder_version=\u00bb4.20.2&#8243; _module_preset=\u00bbdefault\u00bb animation_style=\u00bbfold\u00bb auto=\u00bbon\u00bb auto_speed=\u00bb6000&#8243; hover_enabled=\u00bb0&#8243; locked=\u00bboff\u00bb global_colors_info=\u00bb{}\u00bb sticky_enabled=\u00bb0&#8243;][\/et_pb_gallery][\/et_pb_column][et_pb_column type=\u00bb1_2&#8243; _builder_version=\u00bb4.16&#8243; background_enable_color=\u00bboff\u00bb background_enable_image=\u00bboff\u00bb background_repeat=\u00bbrepeat\u00bb background_blend=\u00bbmultiply\u00bb custom_padding=\u00bb80px|5%|80px|5%\u00bb global_colors_info=\u00bb{}\u00bb custom_padding__hover=\u00bb|||\u00bb][et_pb_text _builder_version=\u00bb4.20.2&#8243; _module_preset=\u00bbdefault\u00bb text_font=\u00bbNunito||||||||\u00bb text_font_size=\u00bb16px\u00bb custom_margin=\u00bb2px|||||\u00bb custom_padding=\u00bb||0px|||\u00bb link_option_url_new_window=\u00bbon\u00bb hover_enabled=\u00bb0&#8243; global_colors_info=\u00bb{}\u00bb sticky_enabled=\u00bb0&#8243;]<\/p>\n<h3>\u00a01. \u00bfQu\u00e9 clase de archivos hay en DARA?\u00a0<\/h3>\n<p>El portal de Documentos y Archivos de Arag\u00f3n (DARA) contiene registros descriptivos e im\u00e1genes digitalizadas de los fondos documentales de diferentes tipos de archivos, conservados en el Sistema de Informaci\u00f3n de Archivos de Arag\u00f3n.<\/p>\n<p>Cada documento escrito en DARA puede estar asociado a una o varias im\u00e1genes\/objetos digitales.<\/p>\n<h3>2.\u00a0\u00bfCu\u00e1les son los archivos que tienen publicados documentos digitalizados en DARA?\u00a0<\/h3>\n<p>En la actualidad, los archivos municipales suponen el 29% del total de los documentos digitalizados publicados en DARA. Despu\u00e9s, le siguen los Archivos Hist\u00f3ricos Provinciales y los archivos privados de fundaciones y asociaciones, con 16% y el 13,3%, respectivamente.<\/p>\n<p>Mientras, otros archivos de las Diputaciones Provinciales de Huesca y Zaragoza s\u00f3lo representan el 5% del total, destacando la Fototeca de la DPH.<\/p>\n<p>Por \u00faltimo, tambi\u00e9n aparecen los documentos digitalizados de los archivos de Gobierno de Arag\u00f3n, de la Universidad de Zaragoza y, de otros archivos y bibliotecas con documentos aragoneses.<\/p>\n<p>[\/et_pb_text][\/et_pb_column][\/et_pb_row][\/et_pb_section][et_pb_section fb_built=\u00bb1&#8243; theme_builder_area=\u00bbpost_content\u00bb _builder_version=\u00bb4.20.2&#8243; _module_preset=\u00bbdefault\u00bb][\/et_pb_section]<\/p>\n","protected":false},"excerpt":{"rendered":"<p>\u00a01. \u00bfQu\u00e9 clase de archivos hay en DARA?\u00a0 El portal de Documentos y Archivos de Arag\u00f3n (DARA) contiene registros descriptivos e im\u00e1genes digitalizadas de los fondos documentales de diferentes tipos de archivos, conservados en el Sistema de Informaci\u00f3n de Archivos de Arag\u00f3n. Cada documento escrito en DARA puede estar asociado a una o varias im\u00e1genes\/objetos [&hellip;]<\/p>\n","protected":false},"author":1,"featured_media":1971,"parent":0,"menu_order":0,"comment_status":"closed","ping_status":"closed","template":"","meta":{"_et_pb_use_builder":"on","_et_pb_old_content":"","_et_gb_content_width":"","om_disable_all_campaigns":false,"_monsterinsights_skip_tracking":false,"_monsterinsights_sitenote_active":false,"_monsterinsights_sitenote_note":"","_monsterinsights_sitenote_category":0,"_uf_show_specific_survey":0,"_uf_disable_surveys":false,"footnotes":""},"class_list":["post-1968","page","type-page","status-publish","has-post-thumbnail","hentry"],"yoast_head":"<!-- This site is optimized with the Yoast SEO plugin v26.2 - https:\/\/yoast.com\/wordpress\/plugins\/seo\/ -->\n<title>Registros y documentos digitales por tipo de archivos - DARA GENERAL<\/title>\n<meta name=\"robots\" content=\"index, follow, max-snippet:-1, max-image-preview:large, max-video-preview:-1\" \/>\n<link rel=\"canonical\" href=\"https:\/\/dara.aragon.es\/dara\/registros-y-documentos-digitales-por-tipo-de-archivos\/\" \/>\n<meta property=\"og:locale\" content=\"es_ES\" \/>\n<meta property=\"og:type\" content=\"article\" \/>\n<meta property=\"og:title\" content=\"Registros y documentos digitales por tipo de archivos - DARA GENERAL\" \/>\n<meta property=\"og:description\" content=\"\u00a01. \u00bfQu\u00e9 clase de archivos hay en DARA?\u00a0 El portal de Documentos y Archivos de Arag\u00f3n (DARA) contiene registros descriptivos e im\u00e1genes digitalizadas de los fondos documentales de diferentes tipos de archivos, conservados en el Sistema de Informaci\u00f3n de Archivos de Arag\u00f3n. Cada documento escrito en DARA puede estar asociado a una o varias im\u00e1genes\/objetos [&hellip;]\" \/>\n<meta property=\"og:url\" content=\"https:\/\/dara.aragon.es\/dara\/registros-y-documentos-digitales-por-tipo-de-archivos\/\" \/>\n<meta property=\"og:site_name\" content=\"DARA GENERAL\" \/>\n<meta property=\"article:modified_time\" content=\"2024-05-27T14:58:32+00:00\" \/>\n<meta property=\"og:image\" content=\"https:\/\/dara.aragon.es\/dara\/wp-content\/uploads\/2023\/01\/Grafico-Registros-por-tipo-de-archivos_2022.png\" \/>\n\t<meta property=\"og:image:width\" content=\"937\" \/>\n\t<meta property=\"og:image:height\" content=\"481\" \/>\n\t<meta property=\"og:image:type\" content=\"image\/png\" \/>\n<meta name=\"twitter:card\" content=\"summary_large_image\" \/>\n<meta name=\"twitter:label1\" content=\"Tiempo de lectura\" \/>\n\t<meta name=\"twitter:data1\" content=\"4 minutos\" \/>\n<script type=\"application\/ld+json\" class=\"yoast-schema-graph\">{\"@context\":\"https:\/\/schema.org\",\"@graph\":[{\"@type\":\"WebPage\",\"@id\":\"https:\/\/dara.aragon.es\/dara\/registros-y-documentos-digitales-por-tipo-de-archivos\/\",\"url\":\"https:\/\/dara.aragon.es\/dara\/registros-y-documentos-digitales-por-tipo-de-archivos\/\",\"name\":\"Registros y documentos digitales por tipo de archivos - DARA GENERAL\",\"isPartOf\":{\"@id\":\"https:\/\/dara.aragon.es\/dara\/#website\"},\"primaryImageOfPage\":{\"@id\":\"https:\/\/dara.aragon.es\/dara\/registros-y-documentos-digitales-por-tipo-de-archivos\/#primaryimage\"},\"image\":{\"@id\":\"https:\/\/dara.aragon.es\/dara\/registros-y-documentos-digitales-por-tipo-de-archivos\/#primaryimage\"},\"thumbnailUrl\":\"https:\/\/dara.aragon.es\/dara\/wp-content\/uploads\/2023\/01\/Grafico-Registros-por-tipo-de-archivos_2022.png\",\"datePublished\":\"2023-01-11T11:39:37+00:00\",\"dateModified\":\"2024-05-27T14:58:32+00:00\",\"breadcrumb\":{\"@id\":\"https:\/\/dara.aragon.es\/dara\/registros-y-documentos-digitales-por-tipo-de-archivos\/#breadcrumb\"},\"inLanguage\":\"es\",\"potentialAction\":[{\"@type\":\"ReadAction\",\"target\":[\"https:\/\/dara.aragon.es\/dara\/registros-y-documentos-digitales-por-tipo-de-archivos\/\"]}]},{\"@type\":\"ImageObject\",\"inLanguage\":\"es\",\"@id\":\"https:\/\/dara.aragon.es\/dara\/registros-y-documentos-digitales-por-tipo-de-archivos\/#primaryimage\",\"url\":\"https:\/\/dara.aragon.es\/dara\/wp-content\/uploads\/2023\/01\/Grafico-Registros-por-tipo-de-archivos_2022.png\",\"contentUrl\":\"https:\/\/dara.aragon.es\/dara\/wp-content\/uploads\/2023\/01\/Grafico-Registros-por-tipo-de-archivos_2022.png\",\"width\":937,\"height\":481,\"caption\":\"Gr\u00e1fico registros tipo archivos 2022\"},{\"@type\":\"BreadcrumbList\",\"@id\":\"https:\/\/dara.aragon.es\/dara\/registros-y-documentos-digitales-por-tipo-de-archivos\/#breadcrumb\",\"itemListElement\":[{\"@type\":\"ListItem\",\"position\":1,\"name\":\"Portada\",\"item\":\"https:\/\/dara.aragon.es\/dara\/\"},{\"@type\":\"ListItem\",\"position\":2,\"name\":\"Registros y documentos digitales por tipo de archivos\"}]},{\"@type\":\"WebSite\",\"@id\":\"https:\/\/dara.aragon.es\/dara\/#website\",\"url\":\"https:\/\/dara.aragon.es\/dara\/\",\"name\":\"DARA GENERAL\",\"description\":\"Documentos y archivos de Arag\u00f3n\",\"potentialAction\":[{\"@type\":\"SearchAction\",\"target\":{\"@type\":\"EntryPoint\",\"urlTemplate\":\"https:\/\/dara.aragon.es\/dara\/?s={search_term_string}\"},\"query-input\":{\"@type\":\"PropertyValueSpecification\",\"valueRequired\":true,\"valueName\":\"search_term_string\"}}],\"inLanguage\":\"es\"}]}<\/script>\n<!-- \/ Yoast SEO plugin. -->","yoast_head_json":{"title":"Registros y documentos digitales por tipo de archivos - DARA GENERAL","robots":{"index":"index","follow":"follow","max-snippet":"max-snippet:-1","max-image-preview":"max-image-preview:large","max-video-preview":"max-video-preview:-1"},"canonical":"https:\/\/dara.aragon.es\/dara\/registros-y-documentos-digitales-por-tipo-de-archivos\/","og_locale":"es_ES","og_type":"article","og_title":"Registros y documentos digitales por tipo de archivos - DARA GENERAL","og_description":"\u00a01. \u00bfQu\u00e9 clase de archivos hay en DARA?\u00a0 El portal de Documentos y Archivos de Arag\u00f3n (DARA) contiene registros descriptivos e im\u00e1genes digitalizadas de los fondos documentales de diferentes tipos de archivos, conservados en el Sistema de Informaci\u00f3n de Archivos de Arag\u00f3n. Cada documento escrito en DARA puede estar asociado a una o varias im\u00e1genes\/objetos [&hellip;]","og_url":"https:\/\/dara.aragon.es\/dara\/registros-y-documentos-digitales-por-tipo-de-archivos\/","og_site_name":"DARA GENERAL","article_modified_time":"2024-05-27T14:58:32+00:00","og_image":[{"width":937,"height":481,"url":"https:\/\/dara.aragon.es\/dara\/wp-content\/uploads\/2023\/01\/Grafico-Registros-por-tipo-de-archivos_2022.png","type":"image\/png"}],"twitter_card":"summary_large_image","twitter_misc":{"Tiempo de lectura":"4 minutos"},"schema":{"@context":"https:\/\/schema.org","@graph":[{"@type":"WebPage","@id":"https:\/\/dara.aragon.es\/dara\/registros-y-documentos-digitales-por-tipo-de-archivos\/","url":"https:\/\/dara.aragon.es\/dara\/registros-y-documentos-digitales-por-tipo-de-archivos\/","name":"Registros y documentos digitales por tipo de archivos - DARA GENERAL","isPartOf":{"@id":"https:\/\/dara.aragon.es\/dara\/#website"},"primaryImageOfPage":{"@id":"https:\/\/dara.aragon.es\/dara\/registros-y-documentos-digitales-por-tipo-de-archivos\/#primaryimage"},"image":{"@id":"https:\/\/dara.aragon.es\/dara\/registros-y-documentos-digitales-por-tipo-de-archivos\/#primaryimage"},"thumbnailUrl":"https:\/\/dara.aragon.es\/dara\/wp-content\/uploads\/2023\/01\/Grafico-Registros-por-tipo-de-archivos_2022.png","datePublished":"2023-01-11T11:39:37+00:00","dateModified":"2024-05-27T14:58:32+00:00","breadcrumb":{"@id":"https:\/\/dara.aragon.es\/dara\/registros-y-documentos-digitales-por-tipo-de-archivos\/#breadcrumb"},"inLanguage":"es","potentialAction":[{"@type":"ReadAction","target":["https:\/\/dara.aragon.es\/dara\/registros-y-documentos-digitales-por-tipo-de-archivos\/"]}]},{"@type":"ImageObject","inLanguage":"es","@id":"https:\/\/dara.aragon.es\/dara\/registros-y-documentos-digitales-por-tipo-de-archivos\/#primaryimage","url":"https:\/\/dara.aragon.es\/dara\/wp-content\/uploads\/2023\/01\/Grafico-Registros-por-tipo-de-archivos_2022.png","contentUrl":"https:\/\/dara.aragon.es\/dara\/wp-content\/uploads\/2023\/01\/Grafico-Registros-por-tipo-de-archivos_2022.png","width":937,"height":481,"caption":"Gr\u00e1fico registros tipo archivos 2022"},{"@type":"BreadcrumbList","@id":"https:\/\/dara.aragon.es\/dara\/registros-y-documentos-digitales-por-tipo-de-archivos\/#breadcrumb","itemListElement":[{"@type":"ListItem","position":1,"name":"Portada","item":"https:\/\/dara.aragon.es\/dara\/"},{"@type":"ListItem","position":2,"name":"Registros y documentos digitales por tipo de archivos"}]},{"@type":"WebSite","@id":"https:\/\/dara.aragon.es\/dara\/#website","url":"https:\/\/dara.aragon.es\/dara\/","name":"DARA GENERAL","description":"Documentos y archivos de Arag\u00f3n","potentialAction":[{"@type":"SearchAction","target":{"@type":"EntryPoint","urlTemplate":"https:\/\/dara.aragon.es\/dara\/?s={search_term_string}"},"query-input":{"@type":"PropertyValueSpecification","valueRequired":true,"valueName":"search_term_string"}}],"inLanguage":"es"}]}},"_links":{"self":[{"href":"https:\/\/dara.aragon.es\/dara\/wp-json\/wp\/v2\/pages\/1968","targetHints":{"allow":["GET"]}}],"collection":[{"href":"https:\/\/dara.aragon.es\/dara\/wp-json\/wp\/v2\/pages"}],"about":[{"href":"https:\/\/dara.aragon.es\/dara\/wp-json\/wp\/v2\/types\/page"}],"author":[{"embeddable":true,"href":"https:\/\/dara.aragon.es\/dara\/wp-json\/wp\/v2\/users\/1"}],"replies":[{"embeddable":true,"href":"https:\/\/dara.aragon.es\/dara\/wp-json\/wp\/v2\/comments?post=1968"}],"version-history":[{"count":0,"href":"https:\/\/dara.aragon.es\/dara\/wp-json\/wp\/v2\/pages\/1968\/revisions"}],"wp:featuredmedia":[{"embeddable":true,"href":"https:\/\/dara.aragon.es\/dara\/wp-json\/wp\/v2\/media\/1971"}],"wp:attachment":[{"href":"https:\/\/dara.aragon.es\/dara\/wp-json\/wp\/v2\/media?parent=1968"}],"curies":[{"name":"wp","href":"https:\/\/api.w.org\/{rel}","templated":true}]}}