{"id":3,"date":"2022-01-20T05:09:47","date_gmt":"2022-01-20T05:09:47","guid":{"rendered":"https:\/\/dara.aragon.es\/dara\/?page_id=3"},"modified":"2024-10-11T07:43:14","modified_gmt":"2024-10-11T07:43:14","slug":"politica-de-privacidad","status":"publish","type":"page","link":"https:\/\/dara.aragon.es\/dara\/politica-de-privacidad\/","title":{"rendered":"Aviso legal"},"content":{"rendered":"[et_pb_section fb_built=\u00bb1&#8243; admin_label=\u00bbsection\u00bb _builder_version=\u00bb4.27.2&#8243; hover_enabled=\u00bb0&#8243; global_colors_info=\u00bb{}\u00bb sticky_enabled=\u00bb0&#8243;][et_pb_row admin_label=\u00bbrow\u00bb _builder_version=\u00bb4.16&#8243; background_size=\u00bbinitial\u00bb background_position=\u00bbtop_left\u00bb background_repeat=\u00bbrepeat\u00bb global_colors_info=\u00bb{}\u00bb][et_pb_column type=\u00bb4_4&#8243; _builder_version=\u00bb4.16&#8243; custom_padding=\u00bb|||\u00bb global_colors_info=\u00bb{}\u00bb custom_padding__hover=\u00bb|||\u00bb][et_pb_text admin_label=\u00bbText\u00bb _builder_version=\u00bb4.27.2&#8243; background_size=\u00bbinitial\u00bb background_position=\u00bbtop_left\u00bb background_repeat=\u00bbrepeat\u00bb hover_enabled=\u00bb0&#8243; global_colors_info=\u00bb{}\u00bb sticky_enabled=\u00bb0&#8243;]<h3 style=\"text-align: center;\">Aviso legal<\/h3>\n<p>El Gobierno de Arag\u00f3n publica el sitio web de la Direcci\u00f3n General de Cultura del Gobierno de Arag\u00f3n con el objetivo de poner a disposici\u00f3n del p\u00fablico contenidos digitales de calidad, referidos a la actividad de custodia, conservaci\u00f3n, difusi\u00f3n e investigaci\u00f3n.<\/p>\n<p>El acceso a estos contenidos es libre y gratuito.<\/p>\n<p><\/p>\n<h3 class=\"wp-block-heading\" style=\"text-align: center;\">Pol\u00edtica de privacidad<\/h3>\n<p><\/p>\n<p>A trav\u00e9s de este sitio web no se recaban datos de car\u00e1cter personal de los usuarios sin su conocimiento, ni se ceden a terceros.<\/p>\n<p>Con la finalidad de ofrecerle el mejor servicio y con el objeto de facilitar el uso, se analizan el n\u00famero de p\u00e1ginas visitadas, el n\u00famero de visitas, as\u00ed como la actividad de los visitantes y su frecuencia de utilizaci\u00f3n. A estos efectos, se utiliza la informaci\u00f3n estad\u00edstica elaborada por el Proveedor de Servicios de Internet y Google Analytics.<\/p>\n<p><\/p>\n<p>No utilizamos cookies para recoger informaci\u00f3n personal de los usuarios ni la cedemos a terceros,\u00a0\u00fanicamente se utilizan cookies de sesi\u00f3n y cookies\u00a0con finalidad t\u00e9cnica que, en ning\u00fan caso, recaban datos de car\u00e1cter personal.<\/p>\n<p><\/p>\n<p>El sitio web de la Direcci\u00f3n General de Cultura contiene enlaces a sitios web de terceros, cuyas pol\u00edticas de privacidad son ajenas a las del Gobierno de Arag\u00f3n.\u00a0Al acceder a tales sitios web usted puede decidir si acepta sus pol\u00edticas de privacidad y de cookies. Con car\u00e1cter general, si navega por internet usted puede aceptar o rechazar las cookies de terceros desde las opciones de configuraci\u00f3n de su navegador.<\/p>\n<p><\/p>\n<p>En cumplimiento de lo previsto por el art\u00edculo 5 de la LOPD, se informa que los datos de car\u00e1cter personal que se recaban directamente del usuario a trav\u00e9s de los distintos recursos disponibles en el portal, ser\u00e1n tratados de forma confidencial y quedar\u00e1n incorporados a los respectivos ficheros\u00a0de los que es responsable el Gobierno de Arag\u00f3n para su uso exclusivo por parte de la Direcci\u00f3n General de Cultura que en ning\u00fan caso los ceder\u00e1 a terceros.<\/p>\n<p><\/p>\n<p>Para garantizar el\u00a0<strong>derecho de actualizaci\u00f3n y\/o cancelaci\u00f3n<\/strong>\u00a0de los datos de car\u00e1cter personal que cualquier persona o entidad haya hecho llegar a la Direcci\u00f3n General de Cultura ya sea por v\u00eda de esta web como por cualquier otra v\u00eda establecida,\u00a0<strong>podr\u00e1 solicitar su modificaci\u00f3n o eliminaci\u00f3n<\/strong> mediante un escrito dirigido al Departamento de Educaci\u00f3n, Cultura y Deporte &#8211; Direcci\u00f3n General de Cultura. Avenida de Ranillas, 5 D. 50018 Zaragoza. Tel\u00e9fono: 976714000 &#8211; <a href=\"mailto:maito:difusion.patrimoniocultural@aragon.es\" target=\"_blank\" rel=\"noopener\">difusion.patrimoniocultural@aragon.es<\/a><\/p>\n<p><\/p>\n<p><\/p>\n<h3 class=\"wp-block-heading\" style=\"text-align: center;\">Titularidad de los derechos de Propiedad Intelectual<\/h3>\n<p><\/p>\n<p>El dominio\u00a0<a href=\"http:\/\/www.dara.aragon.es\">http:\/\/www.dara.aragon.es<\/a>\u00a0es titularidad del Gobierno de Arag\u00f3n.<br \/>Sin perjuicio de los derechos de propiedad intelectual correspondientes a los titulares de \u00e9stos en el caso de las obras fuera de dominio p\u00fablico, el Gobierno de Arag\u00f3n es propietario de las im\u00e1genes, textos y cualquier otro tipo de informaci\u00f3n contenidos en \u00e9l.<br \/>El Gobierno de Arag\u00f3n se reserva el ejercicio exclusivo de los derechos de explotaci\u00f3n sobre los contenidos este sitio en cualquiera de sus formas (reproducci\u00f3n, distribuci\u00f3n, comunicaci\u00f3n p\u00fablica y transformaci\u00f3n), sin perjuicio de los derechos que puedan corresponder a los titulares de la Propiedad Intelectual de las obras o las im\u00e1genes que se reproduzcan en este sitio web.<\/p>\n<p><\/p>\n<p><\/p>\n<h3 class=\"wp-block-heading\" style=\"text-align: center;\">Publicaciones electr\u00f3nicas<\/h3>\n<p><\/p>\n<p>Las publicaciones electr\u00f3nicas accesibles a trav\u00e9s de <a href=\"http:\/\/www.museodezaragoza.es\/\"> <\/a><a href=\"http:\/\/www.dara.aragon.es\" data-type=\"URL\" data-id=\"www.dara.aragon.es\"> http:\/\/ www.dara.aragon.es <\/a> son edici\u00f3n del Gobierno del Arag\u00f3n. Las referencias a las publicaciones electr\u00f3nicas editadas por terceros accesibles a trav\u00e9s de http:\/\/www.dara.aragon.es dirigir\u00e1n a sitio web de origen, sin ser el Gobierno de Arag\u00f3n responsable de las modificaciones o p\u00e9rdidas de enlace web que los sitios web de terceros puedan presentar.<\/p>\n<p>&nbsp;<\/p>\n<p><\/p>\n<p><\/p>\n<h3 class=\"wp-block-heading\" style=\"text-align: center;\">Condiciones generales y limitaciones de uso<\/h3>\n<p><\/p>\n<p>La consulta del sitio web es libre y gratuita.<\/p>\n<p>Est\u00e1 permitido realizar reproducciones para uso privado de los contenidos, siempre y cuando se destinen exclusivamente a uso personal o docente, no comercial ni lucrativo, y no sean cedidas a terceros, siempre dentro de los l\u00edmites establecidos en la ley.Cualquier otro uso deber\u00e1 ser autorizado por el Gobierno de Arag\u00f3n, sin perjuicio de la preceptiva autorizaci\u00f3n de la persona o entidad gestora de los derechos de propiedad intelectual en el caso de las obras fuera del dominio p\u00fablico.<\/p>\n<p>El Gobierno de Arag\u00f3n no se hace responsable del uso de los textos e im\u00e1genes por terceros, que ser\u00e1n quienes deban responder legalmente de cualquier uso ileg\u00edtimo de las mismas frente a los titulares de los correspondientes derechos de propiedad intelectual.<br \/>En todo caso, se indicar\u00e1 expresamente la autor\u00eda y procedencia de los textos e im\u00e1genes contenidos en este sitio web para cualquier uso de los mismos, adem\u00e1s de la expresa menci\u00f3n a la direcci\u00f3n URL\u00a0<a href=\"http:\/\/www.dara.aragon.es\" data-type=\"URL\" data-id=\"www.dara.aragon.es\"> https:\/\/www.dara.aragon.es<\/a><\/p>\n<p>No est\u00e1 permitida la reproducci\u00f3n parcial o total de los contenidos en ning\u00fan servidor conectado directa o indirectamente a Internet o a una red local, de forma que sea posible el acceso de terceros a dichos contenidos a trav\u00e9s de medios distintos de la propia Web de la Direcci\u00f3n General de Cultura .<\/p>\n<p>La Direcci\u00f3n General de Cultura se reserva el derecho de prohibir o impedir el acceso al usuario que introduzca en la Web cualquier tipo de contenido no autorizado.<\/p>\n<p><\/p>\n<p><\/p>\n<h3 class=\"wp-block-heading\" style=\"text-align: center;\">Responsabilidad<\/h3>\n<p><\/p>\n<p>El Gobierno de Arag\u00f3n \u00fanicamente es responsable de la informaci\u00f3n contenida en este sitio web que ha sido generada por el propio Gobierno de Arag\u00f3n.<br \/>Se facilitan v\u00ednculos a p\u00e1ginas externas sobre las que el Gobierno de Arag\u00f3n no tiene control alguno, y respecto de las cuales declina toda responsabilidad.<\/p>\n<p>El Gobierno de Arag\u00f3n queda exento de cualquier tipo de responsabilidad por da\u00f1os y perjuicios de toda naturaleza motivados por las siguientes causas:<\/p>\n<p><\/p>\n<p><\/p>\n<ul class=\"wp-block-list\">\n<li>Por la interrupci\u00f3n, suspensi\u00f3n o cancelaci\u00f3n del acceso a la p\u00e1gina web, as\u00ed como por disponibilidad y continuidad del funcionamiento de la p\u00e1gina o de los servicios y\/o contenidos de la misma.<\/li>\n<li>Por la calidad y velocidad de acceso a la p\u00e1gina, as\u00ed como por las condiciones t\u00e9cnicas que debe reunir el equipamiento inform\u00e1tico del usuario para poder acceder a la p\u00e1gina y a sus servicios.<\/li>\n<\/ul>\n<p><\/p>\n<p><\/p>\n<h3 class=\"wp-block-heading\" style=\"text-align: center;\">Modificaciones<\/h3>\n<p><\/p>\n<p>El Gobierno de Arag\u00f3n se reserva el derecho de modificar, de forma unilateral y sin aviso previo, las prestaciones, configuraci\u00f3n y contenido de la p\u00e1gina Web, de forma total o parcial, as\u00ed como las condiciones de uso de la misma.<\/p>\n<p><\/p>\n<p><\/p>\n<h3 class=\"wp-block-heading\" style=\"text-align: center;\">Legislaci\u00f3n aplicable y jurisdicci\u00f3n competente<\/h3>\n<p><\/p>\n<p>Las presentes advertencias legales se rigen por la legislaci\u00f3n espa\u00f1ola. Todos los conflictos que pudieran derivarse de su interpretaci\u00f3n, aplicaci\u00f3n y cumplimiento, se someter\u00e1n a los Juzgados y Tribunales espa\u00f1oles competentes.<\/p>\n<p><\/p>[\/et_pb_text][\/et_pb_column][\/et_pb_row][\/et_pb_section]","protected":false},"excerpt":{"rendered":"<p>Aviso legal El Gobierno de Arag\u00f3n publica el sitio web de la Direcci\u00f3n General de Cultura del Gobierno de Arag\u00f3n con el objetivo de poner a disposici\u00f3n del p\u00fablico contenidos digitales de calidad, referidos a la actividad de custodia, conservaci\u00f3n, difusi\u00f3n e investigaci\u00f3n. El acceso a estos contenidos es libre y gratuito. Pol\u00edtica de privacidad [&hellip;]<\/p>\n","protected":false},"author":1,"featured_media":0,"parent":0,"menu_order":0,"comment_status":"closed","ping_status":"closed","template":"","meta":{"_et_pb_use_builder":"on","_et_pb_old_content":"<!-- wp:paragraph -->\n<p>El Gobierno de Arag\u00f3n publica el sitio web de la Direcci\u00f3n General de Cultura del Gobierno de Arag\u00f3n con el objetivo de poner a disposici\u00f3n del p\u00fablico contenidos digitales de calidad, referidos a la actividad de custodia, conservaci\u00f3n, difusi\u00f3n e investigaci\u00f3n.<br>El acceso a estos contenidos es libre y gratuito.<\/p>\n<!-- \/wp:paragraph -->\n\n<!-- wp:heading -->\n<h2>Pol\u00edtica de privacidad<\/h2>\n<!-- \/wp:heading -->\n\n<!-- wp:paragraph -->\n<p>A trav\u00e9s de este sitio web no se recaban datos de car\u00e1cter personal de los usuarios sin su conocimiento, ni se ceden a terceros.<br>Con la finalidad de ofrecerle el mejor servicio y con el objeto de facilitar el uso, se analizan el n\u00famero de p\u00e1ginas visitadas, el n\u00famero de visitas, as\u00ed como la actividad de los visitantes y su frecuencia de utilizaci\u00f3n. A estos efectos, se utiliza la informaci\u00f3n estad\u00edstica elaborada por el Proveedor de Servicios de Internet y Google Analytics.<\/p>\n<!-- \/wp:paragraph -->\n\n<!-- wp:paragraph -->\n<p>No utilizamos cookies para recoger informaci\u00f3n personal de los usuarios ni la cedemos a terceros,&nbsp;\u00fanicamente se utilizan cookies de sesi\u00f3n y cookies&nbsp;con finalidad t\u00e9cnica que, en ning\u00fan caso, recaban datos de car\u00e1cter personal.<\/p>\n<!-- \/wp:paragraph -->\n\n<!-- wp:paragraph -->\n<p>El sitio web de  la Direcci\u00f3n General de Cultura contiene enlaces a sitios web de terceros, cuyas pol\u00edticas de privacidad son ajenas a las del Gobierno de Arag\u00f3n.&nbsp;Al acceder a tales sitios web usted puede decidir si acepta sus pol\u00edticas de privacidad y de cookies. Con car\u00e1cter general, si navega por internet usted puede aceptar o rechazar las cookies de terceros desde las opciones de configuraci\u00f3n de su navegador.<\/p>\n<!-- \/wp:paragraph -->\n\n<!-- wp:paragraph -->\n<p>En cumplimiento de lo previsto por el art\u00edculo 5 de la LOPD, se informa que los datos de car\u00e1cter personal que se recaban directamente del usuario a trav\u00e9s de los distintos recursos disponibles en el portal, ser\u00e1n tratados de forma confidencial y quedar\u00e1n incorporados a los respectivos ficheros&nbsp;de los que es responsable el Gobierno de Arag\u00f3n para su uso exclusivo por parte de  la Direcci\u00f3n General de Cultura que en ning\u00fan caso los ceder\u00e1 a terceros.<\/p>\n<!-- \/wp:paragraph -->\n\n<!-- wp:paragraph -->\n<p>Para garantizar el&nbsp;<strong>derecho de actualizaci\u00f3n y\/o cancelaci\u00f3n<\/strong>&nbsp;de los datos de car\u00e1cter personal que cualquier persona o entidad haya hecho llegar a la Direcci\u00f3n General de Cultura  ya sea por v\u00eda de esta web como por cualquier otra v\u00eda establecida,&nbsp;<strong>podr\u00e1 solicitar su modificaci\u00f3n o eliminaci\u00f3n<\/strong>&nbsp;mediante un escrito dirigido al&nbsp;Departamento de Educaci\u00f3n, Cultura y Deporte - Direcci\u00f3n General de Cultura. Avenida de Ranillas, 5 D. 50018 Zaragoza.&nbsp;Tel\u00e9fono: 976714000&nbsp;-&nbsp;patrimoniocultural@aragon.es<\/p>\n<!-- \/wp:paragraph -->\n\n<!-- wp:heading -->\n<h2>Titularidad de los derechos de Propiedad Intelectual<\/h2>\n<!-- \/wp:heading -->\n\n<!-- wp:paragraph -->\n<p>El dominio&nbsp;<a href=\"http:\/\/www.dara.aragon.es\">http:\/\/www.dara.aragon.es<\/a>&nbsp;es titularidad del Gobierno de Arag\u00f3n.<br>Sin perjuicio de los derechos de propiedad intelectual correspondientes a los titulares de \u00e9stos en el caso de las obras fuera de dominio p\u00fablico, el Gobierno de Arag\u00f3n es propietario de las im\u00e1genes, textos y cualquier otro tipo de informaci\u00f3n contenidos en \u00e9l.<br>El Gobierno de Arag\u00f3n se reserva el ejercicio exclusivo de los derechos de explotaci\u00f3n sobre los contenidos este sitio en cualquiera de sus formas (reproducci\u00f3n, distribuci\u00f3n, comunicaci\u00f3n p\u00fablica y transformaci\u00f3n), sin perjuicio de los derechos que puedan corresponder a los titulares de la Propiedad Intelectual de las obras o las im\u00e1genes que se reproduzcan en este sitio web.<\/p>\n<!-- \/wp:paragraph -->\n\n<!-- wp:heading -->\n<h2>Publicaciones electr\u00f3nicas<\/h2>\n<!-- \/wp:heading -->\n\n<!-- wp:paragraph -->\n<p>Las publicaciones electr\u00f3nicas accesibles a trav\u00e9s de  <a href=\"http:\/\/www.museodezaragoza.es\/\"> <\/a><a href=\"http:\/\/www.dara.aragon.es\" data-type=\"URL\" data-id=\"www.dara.aragon.es\"> http:\/\/ www.dara.aragon.es <\/a> son edici\u00f3n del Gobierno del Arag\u00f3n. Las referencias a las publicaciones electr\u00f3nicas editadas por terceros accesibles a trav\u00e9s de  http:\/\/www.dara.aragon.es   dirigir\u00e1n a sitio web de origen, sin ser el Gobierno de Arag\u00f3n responsable de las modificaciones o p\u00e9rdidas de enlace web que los sitios web de terceros puedan presentar.<\/p>\n<!-- \/wp:paragraph -->\n\n<!-- wp:heading -->\n<h2>Condiciones generales y limitaciones de uso<\/h2>\n<!-- \/wp:heading -->\n\n<!-- wp:paragraph -->\n<p>La consulta del sitio web es libre y gratuita.<br>Est\u00e1 permitido realizar reproducciones para uso privado de los contenidos, siempre y cuando se destinen exclusivamente a uso personal o docente, no comercial ni lucrativo, y no sean cedidas a terceros, siempre dentro de los l\u00edmites establecidos en la ley.<br>Cualquier otro uso deber\u00e1 ser autorizado por el Gobierno de Arag\u00f3n, sin perjuicio de la preceptiva autorizaci\u00f3n de la persona o entidad gestora de los derechos de propiedad intelectual en el caso de las obras fuera del dominio p\u00fablico.<br>El Gobierno de Arag\u00f3n no se hace responsable del uso de los textos e im\u00e1genes por terceros, que ser\u00e1n quienes deban responder legalmente de cualquier uso ileg\u00edtimo de las mismas frente a los titulares de los correspondientes derechos de propiedad intelectual.<br>En todo caso, se indicar\u00e1 expresamente la autor\u00eda y procedencia de los textos e im\u00e1genes contenidos en este sitio web para cualquier uso de los mismos, adem\u00e1s de la expresa menci\u00f3n a la direcci\u00f3n URL&nbsp;<a href=\"http:\/\/www.dara.aragon.es\" data-type=\"URL\" data-id=\"www.dara.aragon.es\"> https:\/\/www.dara.aragon.es  <\/a><br>No est\u00e1 permitida la reproducci\u00f3n parcial o total de los contenidos en ning\u00fan servidor conectado directa o indirectamente a Internet o a una red local, de forma que sea posible el acceso de terceros a dichos contenidos a trav\u00e9s de medios distintos de la propia Web de  la Direcci\u00f3n General de Cultura .<br>La Direcci\u00f3n General de Cultura se reserva el derecho de prohibir o impedir el acceso al usuario que introduzca en la Web cualquier tipo de contenido no autorizado.<\/p>\n<!-- \/wp:paragraph -->\n\n<!-- wp:heading -->\n<h2>Responsabilidad<\/h2>\n<!-- \/wp:heading -->\n\n<!-- wp:paragraph -->\n<p>El Gobierno de Arag\u00f3n \u00fanicamente es responsable de la informaci\u00f3n contenida en este sitio web que ha sido generada por el propio Gobierno de Arag\u00f3n.<br>Se facilitan v\u00ednculos a p\u00e1ginas externas sobre las que el Gobierno de Arag\u00f3n no tiene control alguno, y respecto de las cuales declina toda responsabilidad.<br>El Gobierno de Arag\u00f3n queda exento de cualquier tipo de responsabilidad por da\u00f1os y perjuicios de toda naturaleza motivados por las siguientes causas:<\/p>\n<!-- \/wp:paragraph -->\n\n<!-- wp:list -->\n<ul><li>Por la interrupci\u00f3n, suspensi\u00f3n o cancelaci\u00f3n del acceso a la p\u00e1gina web, as\u00ed como por disponibilidad y continuidad del funcionamiento de la p\u00e1gina o de los servicios y\/o contenidos de la misma.<\/li><li>Por la calidad y velocidad de acceso a la p\u00e1gina, as\u00ed como por las condiciones t\u00e9cnicas que debe reunir el equipamiento inform\u00e1tico del usuario para poder acceder a la p\u00e1gina y a sus servicios.<\/li><\/ul>\n<!-- \/wp:list -->\n\n<!-- wp:heading -->\n<h2>Modificaciones<\/h2>\n<!-- \/wp:heading -->\n\n<!-- wp:paragraph -->\n<p>El Gobierno de Arag\u00f3n se reserva el derecho de modificar, de forma unilateral y sin aviso previo, las prestaciones, configuraci\u00f3n y contenido de la p\u00e1gina Web, de forma total o parcial, as\u00ed como las condiciones de uso de la misma.<\/p>\n<!-- \/wp:paragraph -->\n\n<!-- wp:heading -->\n<h2>Legislaci\u00f3n aplicable y jurisdicci\u00f3n competente<\/h2>\n<!-- \/wp:heading -->\n\n<!-- wp:paragraph -->\n<p>Las presentes advertencias legales se rigen por la legislaci\u00f3n espa\u00f1ola. Todos los conflictos que pudieran derivarse de su interpretaci\u00f3n, aplicaci\u00f3n y cumplimiento, se someter\u00e1n a los Juzgados y Tribunales espa\u00f1oles competentes.<\/p>\n<!-- \/wp:paragraph -->","_et_gb_content_width":"","om_disable_all_campaigns":false,"_monsterinsights_skip_tracking":false,"_monsterinsights_sitenote_active":false,"_monsterinsights_sitenote_note":"","_monsterinsights_sitenote_category":0,"_uf_show_specific_survey":0,"_uf_disable_surveys":false,"footnotes":""},"class_list":["post-3","page","type-page","status-publish","hentry"],"yoast_head":"<!-- This site is optimized with the Yoast SEO plugin v27.6 - https:\/\/yoast.com\/product\/yoast-seo-wordpress\/ -->\n<title>Aviso legal - DARA GENERAL<\/title>\n<meta name=\"robots\" content=\"index, follow, max-snippet:-1, max-image-preview:large, max-video-preview:-1\" \/>\n<link rel=\"canonical\" href=\"https:\/\/dara.aragon.es\/dara\/politica-de-privacidad\/\" \/>\n<meta property=\"og:locale\" content=\"es_ES\" \/>\n<meta property=\"og:type\" content=\"article\" \/>\n<meta property=\"og:title\" content=\"Aviso legal - DARA GENERAL\" \/>\n<meta property=\"og:description\" content=\"Aviso legal El Gobierno de Arag\u00f3n publica el sitio web de la Direcci\u00f3n General de Cultura del Gobierno de Arag\u00f3n con el objetivo de poner a disposici\u00f3n del p\u00fablico contenidos digitales de calidad, referidos a la actividad de custodia, conservaci\u00f3n, difusi\u00f3n e investigaci\u00f3n. El acceso a estos contenidos es libre y gratuito. Pol\u00edtica de privacidad [&hellip;]\" \/>\n<meta property=\"og:url\" content=\"https:\/\/dara.aragon.es\/dara\/politica-de-privacidad\/\" \/>\n<meta property=\"og:site_name\" content=\"DARA GENERAL\" \/>\n<meta property=\"article:modified_time\" content=\"2024-10-11T07:43:14+00:00\" \/>\n<meta name=\"twitter:card\" content=\"summary_large_image\" \/>\n<meta name=\"twitter:label1\" content=\"Tiempo de lectura\" \/>\n\t<meta name=\"twitter:data1\" content=\"6 minutos\" \/>\n<script type=\"application\/ld+json\" class=\"yoast-schema-graph\">{\"@context\":\"https:\\\/\\\/schema.org\",\"@graph\":[{\"@type\":\"WebPage\",\"@id\":\"https:\\\/\\\/dara.aragon.es\\\/dara\\\/politica-de-privacidad\\\/\",\"url\":\"https:\\\/\\\/dara.aragon.es\\\/dara\\\/politica-de-privacidad\\\/\",\"name\":\"Aviso legal - DARA GENERAL\",\"isPartOf\":{\"@id\":\"https:\\\/\\\/dara.aragon.es\\\/dara\\\/#website\"},\"datePublished\":\"2022-01-20T05:09:47+00:00\",\"dateModified\":\"2024-10-11T07:43:14+00:00\",\"breadcrumb\":{\"@id\":\"https:\\\/\\\/dara.aragon.es\\\/dara\\\/politica-de-privacidad\\\/#breadcrumb\"},\"inLanguage\":\"es\",\"potentialAction\":[{\"@type\":\"ReadAction\",\"target\":[\"https:\\\/\\\/dara.aragon.es\\\/dara\\\/politica-de-privacidad\\\/\"]}]},{\"@type\":\"BreadcrumbList\",\"@id\":\"https:\\\/\\\/dara.aragon.es\\\/dara\\\/politica-de-privacidad\\\/#breadcrumb\",\"itemListElement\":[{\"@type\":\"ListItem\",\"position\":1,\"name\":\"Portada\",\"item\":\"https:\\\/\\\/dara.aragon.es\\\/dara\\\/\"},{\"@type\":\"ListItem\",\"position\":2,\"name\":\"Aviso legal\"}]},{\"@type\":\"WebSite\",\"@id\":\"https:\\\/\\\/dara.aragon.es\\\/dara\\\/#website\",\"url\":\"https:\\\/\\\/dara.aragon.es\\\/dara\\\/\",\"name\":\"DARA GENERAL\",\"description\":\"Documentos y archivos de Arag\u00f3n\",\"potentialAction\":[{\"@type\":\"SearchAction\",\"target\":{\"@type\":\"EntryPoint\",\"urlTemplate\":\"https:\\\/\\\/dara.aragon.es\\\/dara\\\/?s={search_term_string}\"},\"query-input\":{\"@type\":\"PropertyValueSpecification\",\"valueRequired\":true,\"valueName\":\"search_term_string\"}}],\"inLanguage\":\"es\"}]}<\/script>\n<!-- \/ Yoast SEO plugin. -->","yoast_head_json":{"title":"Aviso legal - DARA GENERAL","robots":{"index":"index","follow":"follow","max-snippet":"max-snippet:-1","max-image-preview":"max-image-preview:large","max-video-preview":"max-video-preview:-1"},"canonical":"https:\/\/dara.aragon.es\/dara\/politica-de-privacidad\/","og_locale":"es_ES","og_type":"article","og_title":"Aviso legal - DARA GENERAL","og_description":"Aviso legal El Gobierno de Arag\u00f3n publica el sitio web de la Direcci\u00f3n General de Cultura del Gobierno de Arag\u00f3n con el objetivo de poner a disposici\u00f3n del p\u00fablico contenidos digitales de calidad, referidos a la actividad de custodia, conservaci\u00f3n, difusi\u00f3n e investigaci\u00f3n. El acceso a estos contenidos es libre y gratuito. Pol\u00edtica de privacidad [&hellip;]","og_url":"https:\/\/dara.aragon.es\/dara\/politica-de-privacidad\/","og_site_name":"DARA GENERAL","article_modified_time":"2024-10-11T07:43:14+00:00","twitter_card":"summary_large_image","twitter_misc":{"Tiempo de lectura":"6 minutos"},"schema":{"@context":"https:\/\/schema.org","@graph":[{"@type":"WebPage","@id":"https:\/\/dara.aragon.es\/dara\/politica-de-privacidad\/","url":"https:\/\/dara.aragon.es\/dara\/politica-de-privacidad\/","name":"Aviso legal - DARA GENERAL","isPartOf":{"@id":"https:\/\/dara.aragon.es\/dara\/#website"},"datePublished":"2022-01-20T05:09:47+00:00","dateModified":"2024-10-11T07:43:14+00:00","breadcrumb":{"@id":"https:\/\/dara.aragon.es\/dara\/politica-de-privacidad\/#breadcrumb"},"inLanguage":"es","potentialAction":[{"@type":"ReadAction","target":["https:\/\/dara.aragon.es\/dara\/politica-de-privacidad\/"]}]},{"@type":"BreadcrumbList","@id":"https:\/\/dara.aragon.es\/dara\/politica-de-privacidad\/#breadcrumb","itemListElement":[{"@type":"ListItem","position":1,"name":"Portada","item":"https:\/\/dara.aragon.es\/dara\/"},{"@type":"ListItem","position":2,"name":"Aviso legal"}]},{"@type":"WebSite","@id":"https:\/\/dara.aragon.es\/dara\/#website","url":"https:\/\/dara.aragon.es\/dara\/","name":"DARA GENERAL","description":"Documentos y archivos de Arag\u00f3n","potentialAction":[{"@type":"SearchAction","target":{"@type":"EntryPoint","urlTemplate":"https:\/\/dara.aragon.es\/dara\/?s={search_term_string}"},"query-input":{"@type":"PropertyValueSpecification","valueRequired":true,"valueName":"search_term_string"}}],"inLanguage":"es"}]}},"_links":{"self":[{"href":"https:\/\/dara.aragon.es\/dara\/wp-json\/wp\/v2\/pages\/3","targetHints":{"allow":["GET"]}}],"collection":[{"href":"https:\/\/dara.aragon.es\/dara\/wp-json\/wp\/v2\/pages"}],"about":[{"href":"https:\/\/dara.aragon.es\/dara\/wp-json\/wp\/v2\/types\/page"}],"author":[{"embeddable":true,"href":"https:\/\/dara.aragon.es\/dara\/wp-json\/wp\/v2\/users\/1"}],"replies":[{"embeddable":true,"href":"https:\/\/dara.aragon.es\/dara\/wp-json\/wp\/v2\/comments?post=3"}],"version-history":[{"count":0,"href":"https:\/\/dara.aragon.es\/dara\/wp-json\/wp\/v2\/pages\/3\/revisions"}],"wp:attachment":[{"href":"https:\/\/dara.aragon.es\/dara\/wp-json\/wp\/v2\/media?parent=3"}],"curies":[{"name":"wp","href":"https:\/\/api.w.org\/{rel}","templated":true}]}}