{"id":3278,"date":"2024-01-15T08:57:40","date_gmt":"2024-01-15T08:57:40","guid":{"rendered":"https:\/\/dara.aragon.es\/dara\/?page_id=3278"},"modified":"2024-07-19T11:23:42","modified_gmt":"2024-07-19T11:23:42","slug":"comarca-somontano-barbastro-2","status":"publish","type":"page","link":"https:\/\/dara.aragon.es\/dara\/comarca-somontano-barbastro-2\/","title":{"rendered":"Comarca Somontano Barbastro"},"content":{"rendered":"<p>[et_pb_section fb_built=\u00bb1&#8243; _builder_version=\u00bb4.19.0&#8243; _module_preset=\u00bbdefault\u00bb global_colors_info=\u00bb{}\u00bb][et_pb_row column_structure=\u00bb2_5,3_5&#8243; _builder_version=\u00bb4.26.1&#8243; _module_preset=\u00bbdefault\u00bb min_height=\u00bb351.6px\u00bb custom_margin=\u00bb0px|auto||auto|false|false\u00bb custom_padding=\u00bb|0px|0px|0px|false|false\u00bb global_colors_info=\u00bb{}\u00bb][et_pb_column type=\u00bb2_5&#8243; _builder_version=\u00bb4.19.0&#8243; _module_preset=\u00bbdefault\u00bb global_colors_info=\u00bb{}\u00bb][et_pb_image src=\u00bbhttps:\/\/dara.aragon.es\/dara\/wp-content\/uploads\/2024\/07\/Comarca-Somontano-de-Barbastro.png\u00bb alt=\u00bbAM de La Cuba\u00bb title_text=\u00bbComarca-Somontano-de-Barbastro\u00bb align=\u00bbcenter\u00bb _builder_version=\u00bb4.27.0&#8243; _module_preset=\u00bbdefault\u00bb min_height=\u00bb470px\u00bb custom_padding=\u00bb0px|0px|0px|0px|false|false\u00bb hover_enabled=\u00bb0&#8243; global_colors_info=\u00bb{}\u00bb sticky_enabled=\u00bb0&#8243;][\/et_pb_image][\/et_pb_column][et_pb_column type=\u00bb3_5&#8243; _builder_version=\u00bb4.19.0&#8243; _module_preset=\u00bbdefault\u00bb global_colors_info=\u00bb{}\u00bb][et_pb_text _builder_version=\u00bb4.27.0&#8243; _module_preset=\u00bbdefault\u00bb background_color=\u00bb#FFFFFF\u00bb width=\u00bb100%\u00bb min_height=\u00bb276.6px\u00bb custom_margin=\u00bb|0px|33px|0px|false|true\u00bb custom_padding=\u00bb0px|||0px|false|false\u00bb global_colors_info=\u00bb{}\u00bb]<\/p>\n<h2 style=\"text-align: justify;\">COMARCA DE SOMONTANO DE BARBASTRO<\/h2>\n<div style=\"text-align: justify;\">\n<p style=\"font-weight: 400;\"><span>La Comarca de Somontano de Barbastro se constituy\u00f3 el 17 de mayo de 2002 sustituyendo a la Mancomunidad del Somontano de la que asumi\u00f3 su personal, derechos, bienes, obligaciones y competencias hasta ahora desarrolladas por esta, aceptando adem\u00e1s, las transferencias que la Diputaci\u00f3n General de Arag\u00f3n le traspas\u00f3 durante el proceso de comarcalizaci\u00f3n.<\/span><\/p>\n<p><span>Esta Comarca, como ente supramunicipal, agrupa a 29 municipios con capitalidad en Barbastro. Cuentan con archivero propio las dos poblaciones m\u00e1s grandes: Barbastro y recientemente Estadilla.<\/span><\/p>\n<p><span>De acuerdo a las competencias transferidas en materia de cultura el servicio de archivos realiza las siguientes funciones:<\/span><\/p>\n<ul>\n<ul>\n<li>Organizaci\u00f3n, actualizaci\u00f3n y asesoramiento t\u00e9cnico de archivos municipales.<\/li>\n<li>Atenci\u00f3n de consultas de investigadores.<\/li>\n<li>Organizaci\u00f3n del archivo comarcal (el de la propia instituci\u00f3n). Los archivos comarcales pasaron a integrarse en el<span>\u00a0<\/span><i>Sistema de Archivos de Arag\u00f3n<\/i><span>\u00a0<\/span>(t\u00edt. II, cap. VI, art. 37 de la Ley 2\/2014, de 23 de enero, de Medidas Fiscales y Administrativas de la Comunidad Aut\u00f3noma de Arag\u00f3n).<\/li>\n<li>Plan de difusi\u00f3n de archivos municipales y tambi\u00e9n de archivos de car\u00e1cter privado considerados de inter\u00e9s para el ciudadano y los ayuntamientos para completar la informaci\u00f3n hist\u00f3rica de los municipios.<\/li>\n<\/ul>\n<\/ul>\n<p style=\"font-weight: 400;\"><span>En esta l\u00ednea de protecci\u00f3n y difusi\u00f3n del patrimonio documental es donde se enmarca el proyecto Meso (Memoria hist\u00f3rica del Somontano de Barbastro). Proyecto integral de gesti\u00f3n archiv\u00edstica que supuso la digitalizaci\u00f3n de 519 documentos que fueron previamente inventariados, sometidos a una conservaci\u00f3n preventiva y en el caso de que lo requirieran restaurados. Fruto de este trabajo fue la publicaci\u00f3n de un libro con el cat\u00e1logo de documentos y transcripciones de los pergaminos. Puede verse una s\u00edntesis del proyecto en el\u00a0<\/span><a href=\"http:\/\/www.patrimonioculturaldearagon.es\/documents\/10157\/3ce50b59-3742-439d-9b6f-7c108897b39f\" target=\"_blank\" rel=\"noopener\">n\u00ba 15 del Bolet\u00edn de DARA<\/a><span>, as\u00ed como en el apartado de bibliograf\u00eda el t\u00edtulo del libro que se edit\u00f3 con el proyecto completo. Igualmente estos documentos pueden localizarse en el portal de DARA <\/span><a href=\"http:\/\/dara.aragon.es\/opac\/doma\/index.jsp\" target=\"_blank\" rel=\"noopener\">Documentos Medievales (DOMA).<\/a><\/p>\n<\/div>\n<p>[\/et_pb_text][et_pb_divider divider_style=\u00bbnone\u00bb _builder_version=\u00bb4.20.2&#8243; _module_preset=\u00bbdefault\u00bb min_height=\u00bb20.8px\u00bb custom_margin=\u00bb4px||1px|||\u00bb custom_padding=\u00bb0px|104px||0px||\u00bb link_option_url=\u00bbhttps:\/\/dara.aragon.es\/opac\/app\/simple\/coma\u00bb global_colors_info=\u00bb{}\u00bb][\/et_pb_divider][et_pb_divider divider_style=\u00bbnone\u00bb _builder_version=\u00bb4.20.2&#8243; _module_preset=\u00bbdefault\u00bb min_height=\u00bb20.8px\u00bb custom_margin=\u00bb4px||1px|||\u00bb custom_padding=\u00bb0px|104px||0px||\u00bb link_option_url=\u00bbhttps:\/\/dara.aragon.es\/opac\/app\/simple\/coma\u00bb global_colors_info=\u00bb{}\u00bb][\/et_pb_divider][\/et_pb_column][\/et_pb_row][et_pb_row column_structure=\u00bb2_5,3_5&#8243; _builder_version=\u00bb4.27.0&#8243; _module_preset=\u00bbdefault\u00bb width=\u00bb89%\u00bb max_width=\u00bb1555px\u00bb min_height=\u00bb948px\u00bb height=\u00bb933px\u00bb max_height=\u00bb948px\u00bb custom_margin=\u00bb0px|auto|0px|auto|true|false\u00bb hover_enabled=\u00bb0&#8243; global_colors_info=\u00bb{}\u00bb sticky_enabled=\u00bb0&#8243;][et_pb_column type=\u00bb2_5&#8243; _builder_version=\u00bb4.19.0&#8243; _module_preset=\u00bbdefault\u00bb link_option_url=\u00bbhttps:\/\/goo.gl\/maps\/Kto9GfmAC6aNm15AA\u00bb global_colors_info=\u00bb{}\u00bb][et_pb_image src=\u00bbhttps:\/\/dara.aragon.es\/dara\/wp-content\/uploads\/2024\/07\/Mapa-Somontano-DEFI.png\u00bb alt=\u00bbAM Cantavieja\u00bb title_text=\u00bbMapa Somontano DEFI\u00bb url=\u00bbhttps:\/\/maps.app.goo.gl\/ZQSgzudniManqzxn6&#8243; _builder_version=\u00bb4.27.0&#8243; _module_preset=\u00bbdefault\u00bb min_height=\u00bb174.9px\u00bb custom_margin=\u00bb0px||||false|false\u00bb custom_padding=\u00bb0px|0px|0px|0px|false|false\u00bb hover_enabled=\u00bb0&#8243; global_colors_info=\u00bb{}\u00bb width=\u00bb80%\u00bb sticky_enabled=\u00bb0&#8243;][\/et_pb_image][et_pb_text _builder_version=\u00bb4.27.0&#8243; _module_preset=\u00bbdefault\u00bb width=\u00bb79.9%\u00bb custom_margin=\u00bb|0px||0px|false|false\u00bb custom_padding=\u00bb0px|||0px|false|false\u00bb hover_enabled=\u00bb0&#8243; global_colors_info=\u00bb{}\u00bb sticky_enabled=\u00bb0&#8243;]<\/p>\n<div>\n<p>&nbsp;<\/p>\n<\/div>\n<div><strong>Comarca de Somontano de Barbastro<\/strong><br \/><strong>Direcci\u00f3n:<\/strong><br \/>Avda. Navarra 1, 2\u00ba. 22300 Barbastro (Huesca)<br \/><strong>Tel\u00e9fono de contacto:<\/strong><br \/>(34) 974 306 006<br \/><strong>E-mail:<\/strong><br \/>lfontova@somontano.org<br \/><a href=\"https:\/\/archivo.somontano.org\/\"><strong>Sitio web del Servicio de Archivo<\/strong><\/a><\/div>\n<p>[\/et_pb_text][et_pb_social_media_follow _builder_version=\u00bb4.27.0&#8243; _module_preset=\u00bbdefault\u00bb custom_margin=\u00bb0px|||0px|false|false\u00bb custom_padding=\u00bb0px|||0px||\u00bb hover_enabled=\u00bb0&#8243; global_colors_info=\u00bb{}\u00bb sticky_enabled=\u00bb0&#8243;][et_pb_social_media_follow_network social_network=\u00bbfacebook\u00bb url=\u00bbhttps:\/\/www.facebook.com\/search\/top?q=comarca%20somontano%20barbastro\u00bb _builder_version=\u00bb4.20.2&#8243; _module_preset=\u00bbdefault\u00bb background_color=\u00bb#3b5998&#8243; global_colors_info=\u00bb{}\u00bb follow_button=\u00bboff\u00bb url_new_window=\u00bbon\u00bb]facebook[\/et_pb_social_media_follow_network][et_pb_social_media_follow_network social_network=\u00bbtwitter\u00bb url=\u00bbhttps:\/\/twitter.com\/CSomontano\u00bb _builder_version=\u00bb4.22.2&#8243; _module_preset=\u00bbdefault\u00bb background_color=\u00bb#000000&#8243; global_colors_info=\u00bb{}\u00bb follow_button=\u00bboff\u00bb url_new_window=\u00bbon\u00bb]twitter[\/et_pb_social_media_follow_network][et_pb_social_media_follow_network social_network=\u00bbinstagram\u00bb url=\u00bbhttps:\/\/www.instagram.com\/explore\/locations\/886268095\/comarca-de-somontano-de-barbastro\/\u00bb _builder_version=\u00bb4.20.2&#8243; _module_preset=\u00bbdefault\u00bb background_color=\u00bb#ea2c59&#8243; global_colors_info=\u00bb{}\u00bb follow_button=\u00bboff\u00bb url_new_window=\u00bbon\u00bb]instagram[\/et_pb_social_media_follow_network][\/et_pb_social_media_follow][et_pb_text _builder_version=\u00bb4.27.0&#8243; _module_preset=\u00bbdefault\u00bb hover_enabled=\u00bb0&#8243; global_colors_info=\u00bb{}\u00bb sticky_enabled=\u00bb0&#8243;][\/et_pb_text][\/et_pb_column][et_pb_column type=\u00bb3_5&#8243; _builder_version=\u00bb4.19.1&#8243; _module_preset=\u00bbdefault\u00bb global_colors_info=\u00bb{}\u00bb][et_pb_button button_url=\u00bbhttps:\/\/dara.aragon.es\/opac\/app\/simple\/\u00bb url_new_window=\u00bbon\u00bb button_text=\u00bbIr al buscador\u00bb button_alignment=\u00bbleft\u00bb _builder_version=\u00bb4.27.0&#8243; _module_preset=\u00bbdefault\u00bb button_icon=\u00bb&#x39;||divi||400&#8243; custom_margin=\u00bb0px|0px|0px|0px|false|false\u00bb custom_padding=\u00bb0px|15px|0px|10px|false|false\u00bb animation_style=\u00bbbounce\u00bb global_colors_info=\u00bb{}\u00bb][\/et_pb_button][et_pb_button button_url=\u00bbhttps:\/\/dara.aragon.es\/opac\/app\/results\/?q=*&#038;st=.349998.456929&#038;ob=re:1&#8243; url_new_window=\u00bbon\u00bb button_text=\u00bbConsultar todo el fondo\u00bb button_alignment=\u00bbleft\u00bb _builder_version=\u00bb4.27.0&#8243; _module_preset=\u00bbdefault\u00bb button_icon=\u00bb&#xe02f;||divi||400&#8243; custom_margin=\u00bb27px|0px|0px|0px|false|false\u00bb custom_padding=\u00bb0px|15px|0px|10px|false|false\u00bb animation_style=\u00bbbounce\u00bb global_colors_info=\u00bb{}\u00bb][\/et_pb_button][et_pb_divider show_divider=\u00bboff\u00bb _builder_version=\u00bb4.26.1&#8243; _module_preset=\u00bbdefault\u00bb global_colors_info=\u00bb{}\u00bb][\/et_pb_divider][et_pb_tabs _builder_version=\u00bb4.27.0&#8243; _module_preset=\u00bbdefault\u00bb width=\u00bb91.7%\u00bb min_height=\u00bb438.4px\u00bb custom_margin=\u00bb0px|0px|0px|0px|false|false\u00bb custom_padding=\u00bb|0px||34px|false|false\u00bb global_colors_info=\u00bb{}\u00bb][et_pb_tab title=\u00bbARCHIVOS MUNICIPALES\u00bb _builder_version=\u00bb4.20.2&#8243; _module_preset=\u00bbdefault\u00bb global_colors_info=\u00bb{}\u00bb]<\/p>\n<p>&nbsp;<\/p>\n<ul>\n<li><a href=\"http:\/\/www.sipca.es\/dara\/archivos\/64\/Ayuntamiento\/de\/Naval.html\">Ayuntamiento de Naval<\/a><\/li>\n<li><a href=\"http:\/\/www.sipca.es\/dara\/archivos\/56\/Ayuntamiento\/de\/Adahuesca.html\">Ayuntamiento de Adahuesca<\/a><\/li>\n<li><a href=\"http:\/\/www.sipca.es\/dara\/archivos\/53\/Ayuntamiento\/de\/Barbastro.html\">Ayuntamiento de Barbastro<\/a><\/li>\n<li><a href=\"http:\/\/www.sipca.es\/dara\/archivos\/54\/Ayuntamiento\/de\/Alqu%C3%A9zar.html\">Ayuntamiento de Alqu\u00e9zar<\/a><\/li>\n<li><a href=\"http:\/\/www.sipca.es\/dara\/archivos\/62\/Ayuntamiento\/de\/Salas\/Altas.html\">Ayuntamiento de Salas Altas<\/a><\/li>\n<li><a href=\"http:\/\/www.sipca.es\/dara\/archivos\/55\/Ayuntamiento\/de\/Abiego.html\">Ayuntamiento de Abiego<\/a><\/li>\n<li><a href=\"http:\/\/www.sipca.es\/dara\/archivos\/58\/Ayuntamiento\/de\/Estadilla.html\">Ayuntamiento de Estadilla<\/a><\/li>\n<li><a href=\"http:\/\/www.sipca.es\/dara\/archivos\/57\/Ayuntamiento\/de\/Castej%C3%B3n\/del\/Puente.html\">Ayuntamiento de Castej\u00f3n del Puente<\/a><\/li>\n<li><a href=\"http:\/\/www.sipca.es\/dara\/archivos\/61\/Ayuntamiento\/de\/Peralta\/de\/Alcofea.html\">Ayuntamiento de Peralta de Alcofea<\/a><\/li>\n<li><a href=\"http:\/\/www.sipca.es\/dara\/archivos\/59\/Ayuntamiento\/de\/El\/Grado\/\/\/Lo\/Grau.html\">Ayuntamiento de El Grado \/ Lo Grau<\/a><\/li>\n<li><a href=\"http:\/\/www.sipca.es\/dara\/archivos\/63\/Ayuntamiento\/de\/Castillazuelo.html\">Ayuntamiento de Castillazuelo<\/a><\/li>\n<li><a href=\"http:\/\/www.sipca.es\/dara\/archivos\/60\/Ayuntamiento\/de\/Olvena.html\">Ayuntamiento de Olvena<\/a><\/li>\n<\/ul>\n<p>[\/et_pb_tab][et_pb_tab title=\u00bbM\u00c1S DE INFORMACI\u00d3N\u00bb _builder_version=\u00bb4.20.2&#8243; _module_preset=\u00bbdefault\u00bb global_colors_info=\u00bb{}\u00bb]<\/p>\n<ul>\n<li style=\"text-align: justify;\"><a href=\"http:\/\/expo.somontano.org\/\" target=\"_blank\" rel=\"noopener\"><i>De Mancomunidad a Comarca: m\u00e1s de 20 a\u00f1os al servicio del Somontano<\/i><\/a>.<\/li>\n<li style=\"text-align: justify;\"><a href=\"http:\/\/archivo.somontano.org\/\" target=\"_blank\" rel=\"noopener\"><i>Mi pueblo en los documentos<\/i><\/a>.<\/li>\n<li style=\"text-align: justify;\"><a href=\"http:\/\/archivodiocesano.somontano.org\/\" target=\"_blank\" rel=\"noopener\"><i>Del archivo municipal al archivo de la di\u00f3cesis<\/i><\/a>.<\/li>\n<li style=\"text-align: justify;\">\u00abLa difusi\u00f3n en un archivo comarcal: la experiencia del Somontano de Barbastro\u00bb, en\u00a0<i>Estudios de Informaci\u00f3n, Documentaci\u00f3n y Archivos. Homenaje a la profesora Pilar Gay Molins<\/i>, Zaragoza, Prensas de la Universidad de Zaragoza, 2014, pp. 107-118.<\/li>\n<li style=\"text-align: justify;\"><i><a href=\"http:\/\/archivo.somontano.org\/exposiciones\/meso.html\">MEMORIA Hist\u00f3rica del Somontano de Barbastro: proyecto MESO<\/a><\/i>. Fontova Sancho,<span>\u00a0<\/span><a href=\"http:\/\/archivo.somontano.org\/exposiciones\/meso.html\">Laura (coord.). Barbastro: Comarca de Somontano de Barbastro, 2007.<\/a><\/li>\n<\/ul>\n<p><a href=\"https:\/\/archivo.somontano.org\/exposiciones\/meso.html\"><img loading=\"lazy\" decoding=\"async\" src=\"https:\/\/dara.aragon.es\/dara\/wp-content\/uploads\/2024\/01\/enlace-Memoria-historica-de-Barbastro.png\" width=\"410\" height=\"175\" alt=\"\" class=\"wp-image-3311 alignnone size-full\" \/><\/a><\/p>\n<p>[\/et_pb_tab][et_pb_tab title=\u00bbDESTACADOS\u00bb _builder_version=\u00bb4.20.2&#8243; _module_preset=\u00bbdefault\u00bb hover_enabled=\u00bb0&#8243; global_colors_info=\u00bb{}\u00bb sticky_enabled=\u00bb0&#8243;]<\/p>\n<div style=\"text-align: justify;\">La Comarca ha desarrollado un reglamento y una pol\u00edtica de gesti\u00f3n documental:<\/div>\n<ul>\n<li><a href=\"https:\/\/somontano.sedelectronica.es\/transparency\/a39051bf-217f-4245-bdc5-7d1775d3f41c\/\">Reglamento del Archivo Comarcal<\/a><span>, (BOPH n\u00ba 121 de 24 de junio de 2022)<\/span><a href=\"https:\/\/somontano.sedelectronica.es\/transparency\/a39051bf-217f-4245-bdc5-7d1775d3f41c\/\">.<\/a><\/li>\n<li><a href=\"https:\/\/somontano.sedelectronica.es\/transparency\/a39051bf-217f-4245-bdc5-7d1775d3f41c\/\">Pol\u00edtica de gesti\u00f3n de documentos electr\u00f3nicos<\/a>, (29\/06\/2022)<\/li>\n<\/ul>\n<p>[\/et_pb_tab][\/et_pb_tabs][\/et_pb_column][\/et_pb_row][\/et_pb_section]<\/p>\n","protected":false},"excerpt":{"rendered":"<p>COMARCA DE SOMONTANO DE BARBASTRO La Comarca de Somontano de Barbastro se constituy\u00f3 el 17 de mayo de 2002 sustituyendo a la Mancomunidad del Somontano de la que asumi\u00f3 su personal, derechos, bienes, obligaciones y competencias hasta ahora desarrolladas por esta, aceptando adem\u00e1s, las transferencias que la Diputaci\u00f3n General de Arag\u00f3n le traspas\u00f3 durante el [&hellip;]<\/p>\n","protected":false},"author":1,"featured_media":3285,"parent":0,"menu_order":0,"comment_status":"closed","ping_status":"closed","template":"","meta":{"_et_pb_use_builder":"on","_et_pb_old_content":"","_et_gb_content_width":"","om_disable_all_campaigns":false,"_monsterinsights_skip_tracking":false,"_monsterinsights_sitenote_active":false,"_monsterinsights_sitenote_note":"","_monsterinsights_sitenote_category":0,"_uf_show_specific_survey":0,"_uf_disable_surveys":false,"footnotes":""},"class_list":["post-3278","page","type-page","status-publish","has-post-thumbnail","hentry"],"yoast_head":"<!-- This site is optimized with the Yoast SEO plugin v26.2 - https:\/\/yoast.com\/wordpress\/plugins\/seo\/ -->\n<title>Comarca Somontano Barbastro - DARA GENERAL<\/title>\n<meta name=\"robots\" content=\"index, follow, max-snippet:-1, max-image-preview:large, max-video-preview:-1\" \/>\n<link rel=\"canonical\" href=\"https:\/\/dara.aragon.es\/dara\/comarca-somontano-barbastro-2\/\" \/>\n<meta property=\"og:locale\" content=\"es_ES\" \/>\n<meta property=\"og:type\" content=\"article\" \/>\n<meta property=\"og:title\" content=\"Comarca Somontano Barbastro - DARA GENERAL\" \/>\n<meta property=\"og:description\" content=\"COMARCA DE SOMONTANO DE BARBASTRO La Comarca de Somontano de Barbastro se constituy\u00f3 el 17 de mayo de 2002 sustituyendo a la Mancomunidad del Somontano de la que asumi\u00f3 su personal, derechos, bienes, obligaciones y competencias hasta ahora desarrolladas por esta, aceptando adem\u00e1s, las transferencias que la Diputaci\u00f3n General de Arag\u00f3n le traspas\u00f3 durante el [&hellip;]\" \/>\n<meta property=\"og:url\" content=\"https:\/\/dara.aragon.es\/dara\/comarca-somontano-barbastro-2\/\" \/>\n<meta property=\"og:site_name\" content=\"DARA GENERAL\" \/>\n<meta property=\"article:modified_time\" content=\"2024-07-19T11:23:42+00:00\" \/>\n<meta property=\"og:image\" content=\"https:\/\/dara.aragon.es\/dara\/wp-content\/uploads\/2024\/01\/Comarca-Alto-Gallego.jpg\" \/>\n\t<meta property=\"og:image:width\" content=\"225\" \/>\n\t<meta property=\"og:image:height\" content=\"225\" \/>\n\t<meta property=\"og:image:type\" content=\"image\/jpeg\" \/>\n<meta name=\"twitter:card\" content=\"summary_large_image\" \/>\n<meta name=\"twitter:label1\" content=\"Tiempo de lectura\" \/>\n\t<meta name=\"twitter:data1\" content=\"7 minutos\" \/>\n<script type=\"application\/ld+json\" class=\"yoast-schema-graph\">{\"@context\":\"https:\/\/schema.org\",\"@graph\":[{\"@type\":\"WebPage\",\"@id\":\"https:\/\/dara.aragon.es\/dara\/comarca-somontano-barbastro-2\/\",\"url\":\"https:\/\/dara.aragon.es\/dara\/comarca-somontano-barbastro-2\/\",\"name\":\"Comarca Somontano Barbastro - DARA GENERAL\",\"isPartOf\":{\"@id\":\"https:\/\/dara.aragon.es\/dara\/#website\"},\"primaryImageOfPage\":{\"@id\":\"https:\/\/dara.aragon.es\/dara\/comarca-somontano-barbastro-2\/#primaryimage\"},\"image\":{\"@id\":\"https:\/\/dara.aragon.es\/dara\/comarca-somontano-barbastro-2\/#primaryimage\"},\"thumbnailUrl\":\"https:\/\/dara.aragon.es\/dara\/wp-content\/uploads\/2024\/01\/Comarca-Alto-Gallego.jpg\",\"datePublished\":\"2024-01-15T08:57:40+00:00\",\"dateModified\":\"2024-07-19T11:23:42+00:00\",\"breadcrumb\":{\"@id\":\"https:\/\/dara.aragon.es\/dara\/comarca-somontano-barbastro-2\/#breadcrumb\"},\"inLanguage\":\"es\",\"potentialAction\":[{\"@type\":\"ReadAction\",\"target\":[\"https:\/\/dara.aragon.es\/dara\/comarca-somontano-barbastro-2\/\"]}]},{\"@type\":\"ImageObject\",\"inLanguage\":\"es\",\"@id\":\"https:\/\/dara.aragon.es\/dara\/comarca-somontano-barbastro-2\/#primaryimage\",\"url\":\"https:\/\/dara.aragon.es\/dara\/wp-content\/uploads\/2024\/01\/Comarca-Alto-Gallego.jpg\",\"contentUrl\":\"https:\/\/dara.aragon.es\/dara\/wp-content\/uploads\/2024\/01\/Comarca-Alto-Gallego.jpg\",\"width\":225,\"height\":225},{\"@type\":\"BreadcrumbList\",\"@id\":\"https:\/\/dara.aragon.es\/dara\/comarca-somontano-barbastro-2\/#breadcrumb\",\"itemListElement\":[{\"@type\":\"ListItem\",\"position\":1,\"name\":\"Portada\",\"item\":\"https:\/\/dara.aragon.es\/dara\/\"},{\"@type\":\"ListItem\",\"position\":2,\"name\":\"Comarca Somontano Barbastro\"}]},{\"@type\":\"WebSite\",\"@id\":\"https:\/\/dara.aragon.es\/dara\/#website\",\"url\":\"https:\/\/dara.aragon.es\/dara\/\",\"name\":\"DARA GENERAL\",\"description\":\"Documentos y archivos de Arag\u00f3n\",\"potentialAction\":[{\"@type\":\"SearchAction\",\"target\":{\"@type\":\"EntryPoint\",\"urlTemplate\":\"https:\/\/dara.aragon.es\/dara\/?s={search_term_string}\"},\"query-input\":{\"@type\":\"PropertyValueSpecification\",\"valueRequired\":true,\"valueName\":\"search_term_string\"}}],\"inLanguage\":\"es\"}]}<\/script>\n<!-- \/ Yoast SEO plugin. -->","yoast_head_json":{"title":"Comarca Somontano Barbastro - DARA GENERAL","robots":{"index":"index","follow":"follow","max-snippet":"max-snippet:-1","max-image-preview":"max-image-preview:large","max-video-preview":"max-video-preview:-1"},"canonical":"https:\/\/dara.aragon.es\/dara\/comarca-somontano-barbastro-2\/","og_locale":"es_ES","og_type":"article","og_title":"Comarca Somontano Barbastro - DARA GENERAL","og_description":"COMARCA DE SOMONTANO DE BARBASTRO La Comarca de Somontano de Barbastro se constituy\u00f3 el 17 de mayo de 2002 sustituyendo a la Mancomunidad del Somontano de la que asumi\u00f3 su personal, derechos, bienes, obligaciones y competencias hasta ahora desarrolladas por esta, aceptando adem\u00e1s, las transferencias que la Diputaci\u00f3n General de Arag\u00f3n le traspas\u00f3 durante el [&hellip;]","og_url":"https:\/\/dara.aragon.es\/dara\/comarca-somontano-barbastro-2\/","og_site_name":"DARA GENERAL","article_modified_time":"2024-07-19T11:23:42+00:00","og_image":[{"width":225,"height":225,"url":"https:\/\/dara.aragon.es\/dara\/wp-content\/uploads\/2024\/01\/Comarca-Alto-Gallego.jpg","type":"image\/jpeg"}],"twitter_card":"summary_large_image","twitter_misc":{"Tiempo de lectura":"7 minutos"},"schema":{"@context":"https:\/\/schema.org","@graph":[{"@type":"WebPage","@id":"https:\/\/dara.aragon.es\/dara\/comarca-somontano-barbastro-2\/","url":"https:\/\/dara.aragon.es\/dara\/comarca-somontano-barbastro-2\/","name":"Comarca Somontano Barbastro - DARA GENERAL","isPartOf":{"@id":"https:\/\/dara.aragon.es\/dara\/#website"},"primaryImageOfPage":{"@id":"https:\/\/dara.aragon.es\/dara\/comarca-somontano-barbastro-2\/#primaryimage"},"image":{"@id":"https:\/\/dara.aragon.es\/dara\/comarca-somontano-barbastro-2\/#primaryimage"},"thumbnailUrl":"https:\/\/dara.aragon.es\/dara\/wp-content\/uploads\/2024\/01\/Comarca-Alto-Gallego.jpg","datePublished":"2024-01-15T08:57:40+00:00","dateModified":"2024-07-19T11:23:42+00:00","breadcrumb":{"@id":"https:\/\/dara.aragon.es\/dara\/comarca-somontano-barbastro-2\/#breadcrumb"},"inLanguage":"es","potentialAction":[{"@type":"ReadAction","target":["https:\/\/dara.aragon.es\/dara\/comarca-somontano-barbastro-2\/"]}]},{"@type":"ImageObject","inLanguage":"es","@id":"https:\/\/dara.aragon.es\/dara\/comarca-somontano-barbastro-2\/#primaryimage","url":"https:\/\/dara.aragon.es\/dara\/wp-content\/uploads\/2024\/01\/Comarca-Alto-Gallego.jpg","contentUrl":"https:\/\/dara.aragon.es\/dara\/wp-content\/uploads\/2024\/01\/Comarca-Alto-Gallego.jpg","width":225,"height":225},{"@type":"BreadcrumbList","@id":"https:\/\/dara.aragon.es\/dara\/comarca-somontano-barbastro-2\/#breadcrumb","itemListElement":[{"@type":"ListItem","position":1,"name":"Portada","item":"https:\/\/dara.aragon.es\/dara\/"},{"@type":"ListItem","position":2,"name":"Comarca Somontano Barbastro"}]},{"@type":"WebSite","@id":"https:\/\/dara.aragon.es\/dara\/#website","url":"https:\/\/dara.aragon.es\/dara\/","name":"DARA GENERAL","description":"Documentos y archivos de Arag\u00f3n","potentialAction":[{"@type":"SearchAction","target":{"@type":"EntryPoint","urlTemplate":"https:\/\/dara.aragon.es\/dara\/?s={search_term_string}"},"query-input":{"@type":"PropertyValueSpecification","valueRequired":true,"valueName":"search_term_string"}}],"inLanguage":"es"}]}},"_links":{"self":[{"href":"https:\/\/dara.aragon.es\/dara\/wp-json\/wp\/v2\/pages\/3278","targetHints":{"allow":["GET"]}}],"collection":[{"href":"https:\/\/dara.aragon.es\/dara\/wp-json\/wp\/v2\/pages"}],"about":[{"href":"https:\/\/dara.aragon.es\/dara\/wp-json\/wp\/v2\/types\/page"}],"author":[{"embeddable":true,"href":"https:\/\/dara.aragon.es\/dara\/wp-json\/wp\/v2\/users\/1"}],"replies":[{"embeddable":true,"href":"https:\/\/dara.aragon.es\/dara\/wp-json\/wp\/v2\/comments?post=3278"}],"version-history":[{"count":0,"href":"https:\/\/dara.aragon.es\/dara\/wp-json\/wp\/v2\/pages\/3278\/revisions"}],"wp:featuredmedia":[{"embeddable":true,"href":"https:\/\/dara.aragon.es\/dara\/wp-json\/wp\/v2\/media\/3285"}],"wp:attachment":[{"href":"https:\/\/dara.aragon.es\/dara\/wp-json\/wp\/v2\/media?parent=3278"}],"curies":[{"name":"wp","href":"https:\/\/api.w.org\/{rel}","templated":true}]}}