{"id":3367,"date":"2024-01-23T10:05:05","date_gmt":"2024-01-23T10:05:05","guid":{"rendered":"https:\/\/dara.aragon.es\/dara\/?page_id=3367"},"modified":"2024-01-23T10:07:58","modified_gmt":"2024-01-23T10:07:58","slug":"ayuntamiento-de-hoz-de-jaca","status":"publish","type":"page","link":"https:\/\/dara.aragon.es\/dara\/ayuntamiento-de-hoz-de-jaca\/","title":{"rendered":"Ayuntamiento de Hoz de Jaca"},"content":{"rendered":"<p>[et_pb_section fb_built=\u00bb1&#8243; _builder_version=\u00bb4.19.0&#8243; _module_preset=\u00bbdefault\u00bb global_colors_info=\u00bb{}\u00bb theme_builder_area=\u00bbpost_content\u00bb][et_pb_row column_structure=\u00bb2_5,3_5&#8243; _builder_version=\u00bb4.19.1&#8243; _module_preset=\u00bbdefault\u00bb min_height=\u00bb351.6px\u00bb custom_margin=\u00bb-21px|auto||auto||\u00bb custom_padding=\u00bb14px|45px|0px|10px||\u00bb global_colors_info=\u00bb{}\u00bb theme_builder_area=\u00bbpost_content\u00bb][et_pb_column type=\u00bb2_5&#8243; _builder_version=\u00bb4.19.0&#8243; _module_preset=\u00bbdefault\u00bb global_colors_info=\u00bb{}\u00bb theme_builder_area=\u00bbpost_content\u00bb][et_pb_image src=\u00bbhttps:\/\/dara.aragon.es\/dara\/wp-content\/uploads\/2024\/01\/Ayto-Hoz-de-Jaca.jpg\u00bb _builder_version=\u00bb4.20.2&#8243; _module_preset=\u00bbdefault\u00bb theme_builder_area=\u00bbpost_content\u00bb title_text=\u00bbAyto Hoz de Jaca\u00bb custom_padding=\u00bb||0px|||\u00bb custom_margin=\u00bb|75px||||\u00bb][\/et_pb_image][\/et_pb_column][et_pb_column type=\u00bb3_5&#8243; _builder_version=\u00bb4.19.0&#8243; _module_preset=\u00bbdefault\u00bb global_colors_info=\u00bb{}\u00bb theme_builder_area=\u00bbpost_content\u00bb][et_pb_text _builder_version=\u00bb4.20.2&#8243; _module_preset=\u00bbdefault\u00bb background_color=\u00bb#FFFFFF\u00bb width=\u00bb100%\u00bb min_height=\u00bb276.6px\u00bb custom_margin=\u00bb|-52px||-52px||true\u00bb custom_padding=\u00bb4px|||0px||\u00bb hover_enabled=\u00bb0&#8243; global_colors_info=\u00bb{}\u00bb theme_builder_area=\u00bbpost_content\u00bb sticky_enabled=\u00bb0&#8243;]<\/p>\n<h2 style=\"text-align: justify;\">AYUNTAMIENTO DE HOZ DE JACA<\/h2>\n<div style=\"text-align: justify;\">\n<p>&nbsp;<\/p>\n<div><span>El Archivo Municipal de Hoz de Jaca conserva los documentos producidos y reunidos por su Ayuntamiento en el desarrollo de sus funciones. Forma parte del Qui\u00f1\u00f3n de Panticosa, cuyo archivo se conserva en el Ayuntamiento de Panticosa.<\/span><\/div>\n<\/div>\n<p>[\/et_pb_text][et_pb_divider divider_style=\u00bbnone\u00bb _builder_version=\u00bb4.19.2&#8243; _module_preset=\u00bbdefault\u00bb min_height=\u00bb20.8px\u00bb custom_margin=\u00bb||1px|||\u00bb custom_padding=\u00bb|104px||0px||\u00bb global_colors_info=\u00bb{}\u00bb theme_builder_area=\u00bbpost_content\u00bb][\/et_pb_divider][\/et_pb_column][\/et_pb_row][et_pb_row column_structure=\u00bb2_5,3_5&#8243; _builder_version=\u00bb4.19.2&#8243; _module_preset=\u00bbdefault\u00bb width=\u00bb89%\u00bb max_width=\u00bb1555px\u00bb min_height=\u00bb948px\u00bb height=\u00bb933px\u00bb max_height=\u00bb948px\u00bb custom_margin=\u00bb-64px|auto|-64px|auto|true|false\u00bb custom_padding=\u00bb106px|96px|0px|156px|false|false\u00bb global_colors_info=\u00bb{}\u00bb theme_builder_area=\u00bbpost_content\u00bb][et_pb_column type=\u00bb2_5&#8243; _builder_version=\u00bb4.19.0&#8243; _module_preset=\u00bbdefault\u00bb link_option_url=\u00bbhttps:\/\/goo.gl\/maps\/Kto9GfmAC6aNm15AA\u00bb global_colors_info=\u00bb{}\u00bb theme_builder_area=\u00bbpost_content\u00bb][et_pb_image src=\u00bbhttps:\/\/dara.aragon.es\/dara\/wp-content\/uploads\/2024\/01\/Mapa-Hoz-de-Jaca-DEF.png\u00bb alt=\u00bbAM Escarrilla\u00bb title_text=\u00bbMapa Hoz de Jaca DEF\u00bb url=\u00bbhttps:\/\/maps.app.goo.gl\/9GQ1ibT7Tmcphj1fA\u00bb _builder_version=\u00bb4.20.2&#8243; _module_preset=\u00bbdefault\u00bb min_height=\u00bb100px\u00bb custom_margin=\u00bb41px||18px|101px|false|false\u00bb custom_padding=\u00bb0px|103px|0px|||\u00bb hover_enabled=\u00bb0&#8243; global_colors_info=\u00bb{}\u00bb theme_builder_area=\u00bbpost_content\u00bb sticky_enabled=\u00bb0&#8243;][\/et_pb_image][et_pb_text _builder_version=\u00bb4.20.2&#8243; _module_preset=\u00bbdefault\u00bb custom_margin=\u00bb|121px||||\u00bb custom_padding=\u00bb|||105px||\u00bb hover_enabled=\u00bb0&#8243; global_colors_info=\u00bb{}\u00bb theme_builder_area=\u00bbpost_content\u00bb sticky_enabled=\u00bb0&#8243;]<\/p>\n<p><strong>Ayuntamiento de Hoz de Jaca<\/strong><br \/><strong>Direcci\u00f3n:<\/strong><br \/>Plaza del Ayuntamiento, 1 C.P. 22662 Hoz de Jaca (Huesca)<br \/><strong>Tel\u00e9fono de contacto:<\/strong><br \/>974 487 324<br \/><strong>E-mail:<\/strong><br \/>ayto@hozdejaca.es<br \/><a href=\"https:\/\/www.hozdejaca.es\/\"><strong>Sitio web del Ayuntamiento<\/strong><\/a><\/p>\n<p>[\/et_pb_text][et_pb_social_media_follow _builder_version=\u00bb4.20.2&#8243; _module_preset=\u00bbdefault\u00bb custom_margin=\u00bb-24px|||15px||\u00bb custom_padding=\u00bb0px|||91px||\u00bb hover_enabled=\u00bb0&#8243; global_colors_info=\u00bb{}\u00bb theme_builder_area=\u00bbpost_content\u00bb sticky_enabled=\u00bb0&#8243;][et_pb_social_media_follow_network social_network=\u00bbfacebook\u00bb url=\u00bbhttps:\/\/www.facebook.com\/pages\/Ayuntamiento-de-Hoz-de-Jaca\/780090848794538&#8243; _builder_version=\u00bb4.20.2&#8243; _module_preset=\u00bbdefault\u00bb background_color=\u00bb#3b5998&#8243; hover_enabled=\u00bb0&#8243; global_colors_info=\u00bb{}\u00bb theme_builder_area=\u00bbpost_content\u00bb follow_button=\u00bboff\u00bb url_new_window=\u00bbon\u00bb sticky_enabled=\u00bb0&#8243;]facebook[\/et_pb_social_media_follow_network][et_pb_social_media_follow_network social_network=\u00bbtwitter\u00bb url=\u00bbhttps:\/\/www.comarcaaltogallego.es\/\u00bb _builder_version=\u00bb4.20.2&#8243; _module_preset=\u00bbdefault\u00bb background_color=\u00bb#00aced\u00bb hover_enabled=\u00bb0&#8243; global_colors_info=\u00bb{}\u00bb theme_builder_area=\u00bbpost_content\u00bb follow_button=\u00bboff\u00bb url_new_window=\u00bbon\u00bb sticky_enabled=\u00bb0&#8243;]twitter[\/et_pb_social_media_follow_network][\/et_pb_social_media_follow][et_pb_text _builder_version=\u00bb4.19.2&#8243; _module_preset=\u00bbdefault\u00bb global_colors_info=\u00bb{}\u00bb theme_builder_area=\u00bbpost_content\u00bb][\/et_pb_text][\/et_pb_column][et_pb_column type=\u00bb3_5&#8243; _builder_version=\u00bb4.19.1&#8243; _module_preset=\u00bbdefault\u00bb global_colors_info=\u00bb{}\u00bb theme_builder_area=\u00bbpost_content\u00bb][et_pb_button button_url=\u00bbhttps:\/\/dara.aragon.es\/opac\/app\/simple\/cag\u00bb url_new_window=\u00bbon\u00bb button_text=\u00bbIr al buscador\u00bb button_alignment=\u00bbleft\u00bb _builder_version=\u00bb4.20.2&#8243; _module_preset=\u00bbdefault\u00bb custom_button=\u00bbon\u00bb button_text_size=\u00bb15px\u00bb button_border_width=\u00bb2px\u00bb button_border_radius=\u00bb100px\u00bb button_letter_spacing=\u00bb4px\u00bb button_font=\u00bb||on||||||\u00bb button_icon=\u00bb&#x39;||divi||400&#8243; custom_margin=\u00bb-4px|371px|30px|-58px|false|false\u00bb custom_padding=\u00bb6px|49px|4px|49px|false|false\u00bb animation_style=\u00bbbounce\u00bb hover_enabled=\u00bb0&#8243; box_shadow_style=\u00bbpreset6&#8243; global_colors_info=\u00bb{}\u00bb theme_builder_area=\u00bbpost_content\u00bb sticky_enabled=\u00bb0&#8243;][\/et_pb_button][et_pb_button button_url=\u00bbhttps:\/\/dara.aragon.es\/opac\/app\/results\/cag?st=.349998.1095676.1095679&#038;ob=df:1&#8243; url_new_window=\u00bbon\u00bb button_text=\u00bbConsultar todo el fondo\u00bb button_alignment=\u00bbleft\u00bb _builder_version=\u00bb4.20.2&#8243; _module_preset=\u00bbdefault\u00bb custom_button=\u00bbon\u00bb button_text_size=\u00bb14px\u00bb button_border_width=\u00bb2px\u00bb button_border_radius=\u00bb100px\u00bb button_letter_spacing=\u00bb4px\u00bb button_icon=\u00bb&#xe02f;||divi||400&#8243; custom_margin=\u00bb-70px|28px|18px|227px|false|false\u00bb custom_padding=\u00bb6px|30px|7px|29px|false|false\u00bb animation_style=\u00bbbounce\u00bb hover_enabled=\u00bb0&#8243; box_shadow_style=\u00bbpreset6&#8243; global_colors_info=\u00bb{}\u00bb theme_builder_area=\u00bbpost_content\u00bb sticky_enabled=\u00bb0&#8243;][\/et_pb_button][et_pb_tabs _builder_version=\u00bb4.20.2&#8243; _module_preset=\u00bbdefault\u00bb width=\u00bb92.7%\u00bb min_height=\u00bb357.4px\u00bb custom_margin=\u00bb40px|-39px|8px|-86px||\u00bb custom_padding=\u00bb|79px||33px||\u00bb hover_enabled=\u00bb0&#8243; global_colors_info=\u00bb{}\u00bb theme_builder_area=\u00bbpost_content\u00bb sticky_enabled=\u00bb0&#8243;][et_pb_tab title=\u00bbDESTACADOS\u00bb _builder_version=\u00bb4.20.2&#8243; _module_preset=\u00bbdefault\u00bb hover_enabled=\u00bb0&#8243; global_colors_info=\u00bb{}\u00bb theme_builder_area=\u00bbpost_content\u00bb sticky_enabled=\u00bb0&#8243;]<\/p>\n<ul>\n<li><a href=\"https:\/\/dara.aragon.es\/opac\/app\/results\/?ob=os:1&amp;q=hoz+de+jaca&amp;ft=archive:90\">Documentos del Archivo Municipal de Hoz de Jaca<\/a><br \/><span><\/span><\/li>\n<\/ul>\n<p>[\/et_pb_tab][et_pb_tab title=\u00bbM\u00c1S INFORMACI\u00d3N\u00bb _builder_version=\u00bb4.20.2&#8243; _module_preset=\u00bbdefault\u00bb hover_enabled=\u00bb0&#8243; global_colors_info=\u00bb{}\u00bb theme_builder_area=\u00bbpost_content\u00bb sticky_enabled=\u00bb0&#8243;]<\/p>\n<p style=\"text-align: justify;\"><a href=\"https:\/\/dara.aragon.es\/opac\/app\/results\/?al=6,7,8&amp;ob=df:1&amp;q=hoz+de+jaca\">Documentos sobre Hoz de Jaca en DARA<\/a><\/p>\n<p>[\/et_pb_tab][\/et_pb_tabs][\/et_pb_column][\/et_pb_row][\/et_pb_section]<\/p>\n","protected":false},"excerpt":{"rendered":"<p>AYUNTAMIENTO DE HOZ DE JACA &nbsp; El Archivo Municipal de Hoz de Jaca conserva los documentos producidos y reunidos por su Ayuntamiento en el desarrollo de sus funciones. Forma parte del Qui\u00f1\u00f3n de Panticosa, cuyo archivo se conserva en el Ayuntamiento de Panticosa. Ayuntamiento de Hoz de JacaDirecci\u00f3n:Plaza del Ayuntamiento, 1 C.P. 22662 Hoz de [&hellip;]<\/p>\n","protected":false},"author":1,"featured_media":3364,"parent":0,"menu_order":0,"comment_status":"closed","ping_status":"closed","template":"","meta":{"_et_pb_use_builder":"on","_et_pb_old_content":"","_et_gb_content_width":"","om_disable_all_campaigns":false,"_monsterinsights_skip_tracking":false,"_monsterinsights_sitenote_active":false,"_monsterinsights_sitenote_note":"","_monsterinsights_sitenote_category":0,"_uf_show_specific_survey":0,"_uf_disable_surveys":false,"footnotes":""},"class_list":["post-3367","page","type-page","status-publish","has-post-thumbnail","hentry"],"yoast_head":"<!-- This site is optimized with the Yoast SEO plugin v26.2 - https:\/\/yoast.com\/wordpress\/plugins\/seo\/ -->\n<title>Ayuntamiento de Hoz de Jaca - DARA GENERAL<\/title>\n<meta name=\"robots\" content=\"index, follow, max-snippet:-1, max-image-preview:large, max-video-preview:-1\" \/>\n<link rel=\"canonical\" href=\"https:\/\/dara.aragon.es\/dara\/ayuntamiento-de-hoz-de-jaca\/\" \/>\n<meta property=\"og:locale\" content=\"es_ES\" \/>\n<meta property=\"og:type\" content=\"article\" \/>\n<meta property=\"og:title\" content=\"Ayuntamiento de Hoz de Jaca - DARA GENERAL\" \/>\n<meta property=\"og:description\" content=\"AYUNTAMIENTO DE HOZ DE JACA &nbsp; El Archivo Municipal de Hoz de Jaca conserva los documentos producidos y reunidos por su Ayuntamiento en el desarrollo de sus funciones. Forma parte del Qui\u00f1\u00f3n de Panticosa, cuyo archivo se conserva en el Ayuntamiento de Panticosa. Ayuntamiento de Hoz de JacaDirecci\u00f3n:Plaza del Ayuntamiento, 1 C.P. 22662 Hoz de [&hellip;]\" \/>\n<meta property=\"og:url\" content=\"https:\/\/dara.aragon.es\/dara\/ayuntamiento-de-hoz-de-jaca\/\" \/>\n<meta property=\"og:site_name\" content=\"DARA GENERAL\" \/>\n<meta property=\"article:modified_time\" content=\"2024-01-23T10:07:58+00:00\" \/>\n<meta property=\"og:image\" content=\"https:\/\/dara.aragon.es\/dara\/wp-content\/uploads\/2024\/01\/Ayto-Hoz-de-Jaca.jpg\" \/>\n\t<meta property=\"og:image:width\" content=\"456\" \/>\n\t<meta property=\"og:image:height\" content=\"456\" \/>\n\t<meta property=\"og:image:type\" content=\"image\/jpeg\" \/>\n<meta name=\"twitter:card\" content=\"summary_large_image\" \/>\n<meta name=\"twitter:label1\" content=\"Tiempo de lectura\" \/>\n\t<meta name=\"twitter:data1\" content=\"5 minutos\" \/>\n<script type=\"application\/ld+json\" class=\"yoast-schema-graph\">{\"@context\":\"https:\/\/schema.org\",\"@graph\":[{\"@type\":\"WebPage\",\"@id\":\"https:\/\/dara.aragon.es\/dara\/ayuntamiento-de-hoz-de-jaca\/\",\"url\":\"https:\/\/dara.aragon.es\/dara\/ayuntamiento-de-hoz-de-jaca\/\",\"name\":\"Ayuntamiento de Hoz de Jaca - DARA GENERAL\",\"isPartOf\":{\"@id\":\"https:\/\/dara.aragon.es\/dara\/#website\"},\"primaryImageOfPage\":{\"@id\":\"https:\/\/dara.aragon.es\/dara\/ayuntamiento-de-hoz-de-jaca\/#primaryimage\"},\"image\":{\"@id\":\"https:\/\/dara.aragon.es\/dara\/ayuntamiento-de-hoz-de-jaca\/#primaryimage\"},\"thumbnailUrl\":\"https:\/\/dara.aragon.es\/dara\/wp-content\/uploads\/2024\/01\/Ayto-Hoz-de-Jaca.jpg\",\"datePublished\":\"2024-01-23T10:05:05+00:00\",\"dateModified\":\"2024-01-23T10:07:58+00:00\",\"breadcrumb\":{\"@id\":\"https:\/\/dara.aragon.es\/dara\/ayuntamiento-de-hoz-de-jaca\/#breadcrumb\"},\"inLanguage\":\"es\",\"potentialAction\":[{\"@type\":\"ReadAction\",\"target\":[\"https:\/\/dara.aragon.es\/dara\/ayuntamiento-de-hoz-de-jaca\/\"]}]},{\"@type\":\"ImageObject\",\"inLanguage\":\"es\",\"@id\":\"https:\/\/dara.aragon.es\/dara\/ayuntamiento-de-hoz-de-jaca\/#primaryimage\",\"url\":\"https:\/\/dara.aragon.es\/dara\/wp-content\/uploads\/2024\/01\/Ayto-Hoz-de-Jaca.jpg\",\"contentUrl\":\"https:\/\/dara.aragon.es\/dara\/wp-content\/uploads\/2024\/01\/Ayto-Hoz-de-Jaca.jpg\",\"width\":456,\"height\":456},{\"@type\":\"BreadcrumbList\",\"@id\":\"https:\/\/dara.aragon.es\/dara\/ayuntamiento-de-hoz-de-jaca\/#breadcrumb\",\"itemListElement\":[{\"@type\":\"ListItem\",\"position\":1,\"name\":\"Portada\",\"item\":\"https:\/\/dara.aragon.es\/dara\/\"},{\"@type\":\"ListItem\",\"position\":2,\"name\":\"Ayuntamiento de Hoz de Jaca\"}]},{\"@type\":\"WebSite\",\"@id\":\"https:\/\/dara.aragon.es\/dara\/#website\",\"url\":\"https:\/\/dara.aragon.es\/dara\/\",\"name\":\"DARA GENERAL\",\"description\":\"Documentos y archivos de Arag\u00f3n\",\"potentialAction\":[{\"@type\":\"SearchAction\",\"target\":{\"@type\":\"EntryPoint\",\"urlTemplate\":\"https:\/\/dara.aragon.es\/dara\/?s={search_term_string}\"},\"query-input\":{\"@type\":\"PropertyValueSpecification\",\"valueRequired\":true,\"valueName\":\"search_term_string\"}}],\"inLanguage\":\"es\"}]}<\/script>\n<!-- \/ Yoast SEO plugin. -->","yoast_head_json":{"title":"Ayuntamiento de Hoz de Jaca - DARA GENERAL","robots":{"index":"index","follow":"follow","max-snippet":"max-snippet:-1","max-image-preview":"max-image-preview:large","max-video-preview":"max-video-preview:-1"},"canonical":"https:\/\/dara.aragon.es\/dara\/ayuntamiento-de-hoz-de-jaca\/","og_locale":"es_ES","og_type":"article","og_title":"Ayuntamiento de Hoz de Jaca - DARA GENERAL","og_description":"AYUNTAMIENTO DE HOZ DE JACA &nbsp; El Archivo Municipal de Hoz de Jaca conserva los documentos producidos y reunidos por su Ayuntamiento en el desarrollo de sus funciones. Forma parte del Qui\u00f1\u00f3n de Panticosa, cuyo archivo se conserva en el Ayuntamiento de Panticosa. Ayuntamiento de Hoz de JacaDirecci\u00f3n:Plaza del Ayuntamiento, 1 C.P. 22662 Hoz de [&hellip;]","og_url":"https:\/\/dara.aragon.es\/dara\/ayuntamiento-de-hoz-de-jaca\/","og_site_name":"DARA GENERAL","article_modified_time":"2024-01-23T10:07:58+00:00","og_image":[{"width":456,"height":456,"url":"https:\/\/dara.aragon.es\/dara\/wp-content\/uploads\/2024\/01\/Ayto-Hoz-de-Jaca.jpg","type":"image\/jpeg"}],"twitter_card":"summary_large_image","twitter_misc":{"Tiempo de lectura":"5 minutos"},"schema":{"@context":"https:\/\/schema.org","@graph":[{"@type":"WebPage","@id":"https:\/\/dara.aragon.es\/dara\/ayuntamiento-de-hoz-de-jaca\/","url":"https:\/\/dara.aragon.es\/dara\/ayuntamiento-de-hoz-de-jaca\/","name":"Ayuntamiento de Hoz de Jaca - DARA GENERAL","isPartOf":{"@id":"https:\/\/dara.aragon.es\/dara\/#website"},"primaryImageOfPage":{"@id":"https:\/\/dara.aragon.es\/dara\/ayuntamiento-de-hoz-de-jaca\/#primaryimage"},"image":{"@id":"https:\/\/dara.aragon.es\/dara\/ayuntamiento-de-hoz-de-jaca\/#primaryimage"},"thumbnailUrl":"https:\/\/dara.aragon.es\/dara\/wp-content\/uploads\/2024\/01\/Ayto-Hoz-de-Jaca.jpg","datePublished":"2024-01-23T10:05:05+00:00","dateModified":"2024-01-23T10:07:58+00:00","breadcrumb":{"@id":"https:\/\/dara.aragon.es\/dara\/ayuntamiento-de-hoz-de-jaca\/#breadcrumb"},"inLanguage":"es","potentialAction":[{"@type":"ReadAction","target":["https:\/\/dara.aragon.es\/dara\/ayuntamiento-de-hoz-de-jaca\/"]}]},{"@type":"ImageObject","inLanguage":"es","@id":"https:\/\/dara.aragon.es\/dara\/ayuntamiento-de-hoz-de-jaca\/#primaryimage","url":"https:\/\/dara.aragon.es\/dara\/wp-content\/uploads\/2024\/01\/Ayto-Hoz-de-Jaca.jpg","contentUrl":"https:\/\/dara.aragon.es\/dara\/wp-content\/uploads\/2024\/01\/Ayto-Hoz-de-Jaca.jpg","width":456,"height":456},{"@type":"BreadcrumbList","@id":"https:\/\/dara.aragon.es\/dara\/ayuntamiento-de-hoz-de-jaca\/#breadcrumb","itemListElement":[{"@type":"ListItem","position":1,"name":"Portada","item":"https:\/\/dara.aragon.es\/dara\/"},{"@type":"ListItem","position":2,"name":"Ayuntamiento de Hoz de Jaca"}]},{"@type":"WebSite","@id":"https:\/\/dara.aragon.es\/dara\/#website","url":"https:\/\/dara.aragon.es\/dara\/","name":"DARA GENERAL","description":"Documentos y archivos de Arag\u00f3n","potentialAction":[{"@type":"SearchAction","target":{"@type":"EntryPoint","urlTemplate":"https:\/\/dara.aragon.es\/dara\/?s={search_term_string}"},"query-input":{"@type":"PropertyValueSpecification","valueRequired":true,"valueName":"search_term_string"}}],"inLanguage":"es"}]}},"_links":{"self":[{"href":"https:\/\/dara.aragon.es\/dara\/wp-json\/wp\/v2\/pages\/3367","targetHints":{"allow":["GET"]}}],"collection":[{"href":"https:\/\/dara.aragon.es\/dara\/wp-json\/wp\/v2\/pages"}],"about":[{"href":"https:\/\/dara.aragon.es\/dara\/wp-json\/wp\/v2\/types\/page"}],"author":[{"embeddable":true,"href":"https:\/\/dara.aragon.es\/dara\/wp-json\/wp\/v2\/users\/1"}],"replies":[{"embeddable":true,"href":"https:\/\/dara.aragon.es\/dara\/wp-json\/wp\/v2\/comments?post=3367"}],"version-history":[{"count":0,"href":"https:\/\/dara.aragon.es\/dara\/wp-json\/wp\/v2\/pages\/3367\/revisions"}],"wp:featuredmedia":[{"embeddable":true,"href":"https:\/\/dara.aragon.es\/dara\/wp-json\/wp\/v2\/media\/3364"}],"wp:attachment":[{"href":"https:\/\/dara.aragon.es\/dara\/wp-json\/wp\/v2\/media?parent=3367"}],"curies":[{"name":"wp","href":"https:\/\/api.w.org\/{rel}","templated":true}]}}