{"id":3981,"date":"2024-07-03T06:43:50","date_gmt":"2024-07-03T06:43:50","guid":{"rendered":"https:\/\/dara.aragon.es\/dara\/?page_id=3981"},"modified":"2024-07-19T11:12:45","modified_gmt":"2024-07-19T11:12:45","slug":"comarca-de-ribagorza","status":"publish","type":"page","link":"https:\/\/dara.aragon.es\/dara\/comarca-de-ribagorza\/","title":{"rendered":"Comarca de Ribagorza"},"content":{"rendered":"<p>[et_pb_section fb_built=\u00bb1&#8243; _builder_version=\u00bb4.19.0&#8243; _module_preset=\u00bbdefault\u00bb global_colors_info=\u00bb{}\u00bb][et_pb_row column_structure=\u00bb2_5,3_5&#8243; _builder_version=\u00bb4.26.1&#8243; _module_preset=\u00bbdefault\u00bb min_height=\u00bb351.6px\u00bb custom_margin=\u00bb0px|auto||auto|false|false\u00bb custom_padding=\u00bb|0px|0px|0px|false|false\u00bb global_colors_info=\u00bb{}\u00bb][et_pb_column type=\u00bb2_5&#8243; _builder_version=\u00bb4.19.0&#8243; _module_preset=\u00bbdefault\u00bb global_colors_info=\u00bb{}\u00bb][et_pb_image src=\u00bbhttps:\/\/dara.aragon.es\/dara\/wp-content\/uploads\/2024\/07\/Comarca-Ribagorza_Edificio.jpg\u00bb alt=\u00bbAM de La Cuba\u00bb title_text=\u00bbComarca Ribagorza_Edificio\u00bb align=\u00bbcenter\u00bb _builder_version=\u00bb4.26.1&#8243; _module_preset=\u00bbdefault\u00bb min_height=\u00bb280px\u00bb custom_padding=\u00bb0px|0px|0px|0px|false|false\u00bb global_colors_info=\u00bb{}\u00bb][\/et_pb_image][\/et_pb_column][et_pb_column type=\u00bb3_5&#8243; _builder_version=\u00bb4.19.0&#8243; _module_preset=\u00bbdefault\u00bb global_colors_info=\u00bb{}\u00bb][et_pb_text _builder_version=\u00bb4.27.0&#8243; _module_preset=\u00bb_initial\u00bb background_color=\u00bb#FFFFFF\u00bb width=\u00bb100%\u00bb min_height=\u00bb276.6px\u00bb custom_margin=\u00bb|0px|0px|0px|false|true\u00bb custom_padding=\u00bb0px|||0px|false|false\u00bb global_colors_info=\u00bb{}\u00bb]<\/p>\n<h2 style=\"text-align: justify;\">COMARCA DE LA RIBAGORZA<\/h2>\n<div style=\"text-align: justify;\">\n<p style=\"font-weight: 400;\">La <strong>Comarca de la Ribagorza<\/strong> fue creada por la Ley 12\/2002, de 28 de mayo, publicada en el<span>\u00a0<\/span><em>Bolet\u00edn Oficial de Arag\u00f3n<\/em><span>\u00a0<\/span>con fecha, 31 de mayo de 2002. Est\u00e1 integrada por los municipios de Ar\u00e9n\/Areny de Noguera, Benabarre\/Benavarri, Benasque\/Ben\u00e1s, Bisaurri, Bonansa, Campo, Capella, Castej\u00f3n de Sos\/Castill\u00f3 de Sos, Castigaleu, Ch\u00eda, Estopi\u00f1\u00e1n del Castillo\/Estopany\u00e1, Foradada del Toscar, Graus, Is\u00e1bena, Lascuarre, Laspa\u00fales\/Laspa\u00fals, Monesma y Cajigar\/Monesma i Caixigar, Montanuy\/Montanui, Perarr\u00faa, La Puebla de Castro, Puente de Monta\u00f1ana\/Pont de Montanyana, Sah\u00fan, Santa Liestra y San Qu\u00edlez, Secastilla, Seira, Sesu\u00e9, Sopeira, Tolva\/Tolba, Torre La Ribera, Valle de Bardaj\u00ed, Valle de Lierp, Veracruz, Viacamp y Litera\/Viacamp i Lliter\u00e0 y Villanova\/ Villanoba. Tiene su capitalidad en la villa de Graus, donde tendr\u00e1n su sede oficial los \u00f3rganos de gobierno de la misma, ostentando la capitalidad cultural la villa de Benabarre<\/p>\n<p>La Ribagorza, comarca m\u00e1s nororiental de la Provincia de Huesca, es a su vez la m\u00e1s extensa de las comarcas pirenaicas.<\/p>\n<p>Fue uno de los hist\u00f3ricos condados que formaron el Reino de Arag\u00f3n. Estas tierras fueron parte de la denominada Marca Hisp\u00e1nica, y se cita por vez primera el nombre \u201cRibagorza\u201d a comienzos del S. IX, cuando Carlomagno concedi\u00f3 estos territorios a la di\u00f3cesis de Urgell.<\/p>\n<p>El <strong>Servicio de Archivos de la Comarca<\/strong> de La Ribagorza inici\u00f3 su andadura en el a\u00f1o 2003 y presenta un car\u00e1cter itinerante. Se encarga de identificar, clasificar, ordenar, describir, informatizar, conservar y difundir los documentos producidos y recibidos por los Organos Comarcales y por los Ayuntamientos que previamente han solicitado el servicio. La finalidad del servicio comarcal de archivos es hacer accesible los documentos a la Administraci\u00f3n Comarcal\/ Municipal, administrados o ciudadanos e investigadores, de acuerdo a la normativa vigente y los plazos establecidos en la Ley. Entre los servicios que se prestan podemos citar: &#8211; Servicio de informaci\u00f3n\/ consultas: Se facilita el asesoramiento a los diversos usuarios en la b\u00fasqueda y localizaci\u00f3n de expedientes conservados en los Archivos Municipales\/ Comarcal.Adem\u00e1s, se atienden las consultas remitidas por tel\u00e9fono, fax, correo postal y electr\u00f3nico. &#8211; Servicio de asesoramiento a municipios: se asesora en todo lo relacionado con los documentos, su conservaci\u00f3n y acondicionamiento de dep\u00f3sitos documentales aplicando medidas preventivas que frenen tanto los factores externos como internos que aceleren la degradaci\u00f3n del Patrimonio Documental Ribagorzano. Tambi\u00e9n si los Ayuntamientos lo solicitan se redactan las memorias que deben adjuntarse con la petici\u00f3n de subvenci\u00f3n en materia de archivos convocadas por la Diputaci\u00f3n Provincial de Huesca.<\/p>\n<p style=\"font-weight: 400;\"><strong>Recurso de informaci\u00f3n:<\/strong> \u201cQuienes Somos\u201d Comarca Ribagorza. Disponible en: &lt;https:\/\/www.cribagorza.org\/index.php\/mod.servicios\/mem.detalle\/idservicio.14\/relcategoria.108\/chk.baaa19dee5c1774dca71fcc78257a700.html &gt; [Consulta en l\u00ednea julio 2024<\/p>\n<\/div>\n<p>[\/et_pb_text][et_pb_divider color=\u00bb#FFFFFF\u00bb divider_style=\u00bbnone\u00bb _builder_version=\u00bb4.26.0&#8243; _module_preset=\u00bbdefault\u00bb custom_margin=\u00bb-28px|||||\u00bb custom_padding=\u00bb|0px|14px|44px|false|false\u00bb link_option_url=\u00bbhttps:\/\/dara.aragon.es\/opac\/app\/simple\/cag\u00bb link_option_url_new_window=\u00bbon\u00bb global_colors_info=\u00bb{}\u00bb][\/et_pb_divider][et_pb_divider divider_style=\u00bbnone\u00bb _builder_version=\u00bb4.20.2&#8243; _module_preset=\u00bbdefault\u00bb min_height=\u00bb20.8px\u00bb custom_margin=\u00bb4px||1px|||\u00bb custom_padding=\u00bb0px|104px||0px||\u00bb link_option_url=\u00bbhttps:\/\/dara.aragon.es\/opac\/app\/simple\/coma\u00bb global_colors_info=\u00bb{}\u00bb][\/et_pb_divider][\/et_pb_column][\/et_pb_row][et_pb_row column_structure=\u00bb2_5,3_5&#8243; _builder_version=\u00bb4.27.0&#8243; _module_preset=\u00bbdefault\u00bb width=\u00bb89%\u00bb max_width=\u00bb1555px\u00bb min_height=\u00bb948px\u00bb height=\u00bb933px\u00bb max_height=\u00bb948px\u00bb custom_margin=\u00bb0px|auto|0px|auto|true|false\u00bb global_colors_info=\u00bb{}\u00bb][et_pb_column type=\u00bb2_5&#8243; _builder_version=\u00bb4.19.0&#8243; _module_preset=\u00bbdefault\u00bb link_option_url=\u00bbhttps:\/\/goo.gl\/maps\/Kto9GfmAC6aNm15AA\u00bb global_colors_info=\u00bb{}\u00bb][et_pb_image src=\u00bbhttps:\/\/dara.aragon.es\/dara\/wp-content\/uploads\/2024\/07\/Mapa-Comarca-Ribagorza-DEF-1.png\u00bb alt=\u00bbAM Cantavieja\u00bb title_text=\u00bbMapa Comarca Ribagorza DEF\u00bb url=\u00bbhttps:\/\/maps.app.goo.gl\/38G6ocevzBnMycNT8&#8243; url_new_window=\u00bbon\u00bb _builder_version=\u00bb4.27.0&#8243; _module_preset=\u00bbdefault\u00bb min_height=\u00bb174.9px\u00bb custom_margin=\u00bb0px||||false|false\u00bb custom_padding=\u00bb0px|0px|0px|0px|false|false\u00bb global_colors_info=\u00bb{}\u00bb][\/et_pb_image][et_pb_text _builder_version=\u00bb4.27.0&#8243; _module_preset=\u00bb_initial\u00bb width=\u00bb79.9%\u00bb custom_margin=\u00bb|0px||0px|false|false\u00bb custom_padding=\u00bb0px|||0px|false|false\u00bb global_colors_info=\u00bb{}\u00bb]<\/p>\n<div>\n<p>&nbsp;<\/p>\n<\/div>\n<div><strong>Comarca de la Ribagorza<\/strong><br \/>Direcci\u00f3n: Pza. Mayor, 17. C.P. 22430 Graus<br \/>Tel\u00e9fono: 974 54 03 85<br \/>Fax: 974 54 11 10 de contacto:<br \/>Email: archivos@cribagorza.org<\/div>\n<div><a href=\"https:\/\/www.cribagorza.org\/\" target=\"_blank\" rel=\"noopener\">Sede web de la Comarca<\/a><\/div>\n<p>[\/et_pb_text][et_pb_social_media_follow _builder_version=\u00bb4.27.0&#8243; _module_preset=\u00bbdefault\u00bb custom_margin=\u00bb0px|||0px|false|false\u00bb custom_padding=\u00bb0px|||0px||\u00bb global_colors_info=\u00bb{}\u00bb][et_pb_social_media_follow_network social_network=\u00bbfacebook\u00bb url=\u00bbhttps:\/\/www.facebook.com\/ComarcaRibagorza\u00bb _builder_version=\u00bb4.26.0&#8243; _module_preset=\u00bbdefault\u00bb background_color=\u00bb#3b5998&#8243; global_colors_info=\u00bb{}\u00bb follow_button=\u00bboff\u00bb url_new_window=\u00bbon\u00bb]facebook[\/et_pb_social_media_follow_network][et_pb_social_media_follow_network social_network=\u00bbtwitter\u00bb url=\u00bbhttps:\/\/x.com\/ComarcaRibagorz\u00bb _builder_version=\u00bb4.26.0&#8243; _module_preset=\u00bbdefault\u00bb background_color=\u00bb#000000&#8243; global_colors_info=\u00bb{}\u00bb follow_button=\u00bboff\u00bb url_new_window=\u00bbon\u00bb]twitter[\/et_pb_social_media_follow_network][et_pb_social_media_follow_network social_network=\u00bbinstagram\u00bb url=\u00bbhttps:\/\/www.instagram.com\/comarcaribagorza\/\u00bb _builder_version=\u00bb4.26.0&#8243; _module_preset=\u00bbdefault\u00bb background_color=\u00bb#ea2c59&#8243; global_colors_info=\u00bb{}\u00bb follow_button=\u00bboff\u00bb url_new_window=\u00bbon\u00bb]instagram[\/et_pb_social_media_follow_network][\/et_pb_social_media_follow][et_pb_text _builder_version=\u00bb4.26.1&#8243; _module_preset=\u00bb_initial\u00bb global_colors_info=\u00bb{}\u00bb][\/et_pb_text][\/et_pb_column][et_pb_column type=\u00bb3_5&#8243; _builder_version=\u00bb4.19.1&#8243; _module_preset=\u00bbdefault\u00bb global_colors_info=\u00bb{}\u00bb][et_pb_button button_url=\u00bbhttps:\/\/dara.aragon.es\/opac\/app\/simple\/\u00bb url_new_window=\u00bbon\u00bb button_text=\u00bbIr al buscador\u00bb button_alignment=\u00bbleft\u00bb _builder_version=\u00bb4.27.0&#8243; _module_preset=\u00bbdefault\u00bb button_icon=\u00bb&#x39;||divi||400&#8243; custom_margin=\u00bb0px|0px|0px|0px|false|false\u00bb custom_padding=\u00bb0px|15px|0px|10px|false|false\u00bb animation_style=\u00bbbounce\u00bb global_colors_info=\u00bb{}\u00bb][\/et_pb_button][et_pb_button button_url=\u00bbhttps:\/\/dara.aragon.es\/opac\/app\/results\/?st=.349998.697760&#038;ob=df:0&#8243; url_new_window=\u00bbon\u00bb button_text=\u00bbConsultar todo el fondo\u00bb button_alignment=\u00bbleft\u00bb _builder_version=\u00bb4.27.0&#8243; _module_preset=\u00bbdefault\u00bb button_icon=\u00bb&#xe02f;||divi||400&#8243; custom_margin=\u00bb16px|0px|0px|0px|false|false\u00bb custom_padding=\u00bb0px|15px|0px|10px|false|false\u00bb animation_style=\u00bbbounce\u00bb global_colors_info=\u00bb{}\u00bb][\/et_pb_button][et_pb_tabs _builder_version=\u00bb4.27.0&#8243; _module_preset=\u00bbdefault\u00bb width=\u00bb91.7%\u00bb min_height=\u00bb217.6px\u00bb custom_margin=\u00bb40px|0px|8px|0px|false|false\u00bb custom_padding=\u00bb|0px||34px|false|false\u00bb link_option_url_new_window=\u00bbon\u00bb global_colors_info=\u00bb{}\u00bb][et_pb_tab title=\u00bbARCHIVOS Y FONDOS DOCUMENTALES\u00bb _builder_version=\u00bb4.26.0&#8243; _module_preset=\u00bbdefault\u00bb global_colors_info=\u00bb{}\u00bb]<\/p>\n<p>&nbsp;<\/p>\n<ul>\n<li><a href=\"https:\/\/dara.aragon.es\/opac\/app\/results\/?st=.349998.697760&amp;ob=df:0&amp;ft=archive:8\"><span class=\"facetTerm\">Valle de Benasque<\/span><span>\u00a0<\/span><\/a><\/li>\n<li><a href=\"https:\/\/dara.aragon.es\/opac\/app\/results\/?st=.349998.697760&amp;ob=df:0&amp;ft=archive:41\"><span class=\"facetTerm\">Ayuntamiento de Is\u00e1bena<\/span><span>\u00a0<\/span><\/a><\/li>\n<li><a href=\"https:\/\/dara.aragon.es\/opac\/app\/results\/?st=.349998.697760&amp;ob=df:0&amp;ft=archive:39\"><span class=\"facetTerm\">Ayuntamiento de Graus<\/span><span>\u00a0<\/span><\/a><\/li>\n<\/ul>\n<p>&nbsp;<\/p>\n<p>[\/et_pb_tab][et_pb_tab title=\u00bbM\u00c1S DE INFORMACI\u00d3N\u00bb _builder_version=\u00bb4.20.2&#8243; _module_preset=\u00bbdefault\u00bb global_colors_info=\u00bb{}\u00bb]<\/p>\n<p><span>PERSONA DE CONTACTO: Viky Alca\u00f1iz Sancho<\/span><\/p>\n<p><span>ATENCI\u00d3N AL P\u00daBLICO: Lunes-viernes de 8:00-15:00<\/span><\/p>\n<p>&nbsp;<\/p>\n<p>[\/et_pb_tab][\/et_pb_tabs][\/et_pb_column][\/et_pb_row][\/et_pb_section]<\/p>\n","protected":false},"excerpt":{"rendered":"<p>COMARCA DE LA RIBAGORZA La Comarca de la Ribagorza fue creada por la Ley 12\/2002, de 28 de mayo, publicada en el\u00a0Bolet\u00edn Oficial de Arag\u00f3n\u00a0con fecha, 31 de mayo de 2002. Est\u00e1 integrada por los municipios de Ar\u00e9n\/Areny de Noguera, Benabarre\/Benavarri, Benasque\/Ben\u00e1s, Bisaurri, Bonansa, Campo, Capella, Castej\u00f3n de Sos\/Castill\u00f3 de Sos, Castigaleu, Ch\u00eda, Estopi\u00f1\u00e1n del [&hellip;]<\/p>\n","protected":false},"author":1,"featured_media":3994,"parent":0,"menu_order":0,"comment_status":"closed","ping_status":"closed","template":"","meta":{"_et_pb_use_builder":"on","_et_pb_old_content":"","_et_gb_content_width":"","om_disable_all_campaigns":false,"_monsterinsights_skip_tracking":false,"_monsterinsights_sitenote_active":false,"_monsterinsights_sitenote_note":"","_monsterinsights_sitenote_category":0,"_uf_show_specific_survey":0,"_uf_disable_surveys":false,"footnotes":""},"class_list":["post-3981","page","type-page","status-publish","has-post-thumbnail","hentry"],"yoast_head":"<!-- This site is optimized with the Yoast SEO plugin v26.2 - https:\/\/yoast.com\/wordpress\/plugins\/seo\/ -->\n<title>Comarca de Ribagorza - DARA GENERAL<\/title>\n<meta name=\"robots\" content=\"index, follow, max-snippet:-1, max-image-preview:large, max-video-preview:-1\" \/>\n<link rel=\"canonical\" href=\"https:\/\/dara.aragon.es\/dara\/comarca-de-ribagorza\/\" \/>\n<meta property=\"og:locale\" content=\"es_ES\" \/>\n<meta property=\"og:type\" content=\"article\" \/>\n<meta property=\"og:title\" content=\"Comarca de Ribagorza - DARA GENERAL\" \/>\n<meta property=\"og:description\" content=\"COMARCA DE LA RIBAGORZA La Comarca de la Ribagorza fue creada por la Ley 12\/2002, de 28 de mayo, publicada en el\u00a0Bolet\u00edn Oficial de Arag\u00f3n\u00a0con fecha, 31 de mayo de 2002. Est\u00e1 integrada por los municipios de Ar\u00e9n\/Areny de Noguera, Benabarre\/Benavarri, Benasque\/Ben\u00e1s, Bisaurri, Bonansa, Campo, Capella, Castej\u00f3n de Sos\/Castill\u00f3 de Sos, Castigaleu, Ch\u00eda, Estopi\u00f1\u00e1n del [&hellip;]\" \/>\n<meta property=\"og:url\" content=\"https:\/\/dara.aragon.es\/dara\/comarca-de-ribagorza\/\" \/>\n<meta property=\"og:site_name\" content=\"DARA GENERAL\" \/>\n<meta property=\"article:modified_time\" content=\"2024-07-19T11:12:45+00:00\" \/>\n<meta property=\"og:image\" content=\"https:\/\/dara.aragon.es\/dara\/wp-content\/uploads\/2024\/07\/0-efc7e064-4a66-4848-86bc-baeb646fe54a-800x800.jpg\" \/>\n\t<meta property=\"og:image:width\" content=\"800\" \/>\n\t<meta property=\"og:image:height\" content=\"800\" \/>\n\t<meta property=\"og:image:type\" content=\"image\/jpeg\" \/>\n<meta name=\"twitter:card\" content=\"summary_large_image\" \/>\n<meta name=\"twitter:label1\" content=\"Tiempo de lectura\" \/>\n\t<meta name=\"twitter:data1\" content=\"7 minutos\" \/>\n<script type=\"application\/ld+json\" class=\"yoast-schema-graph\">{\"@context\":\"https:\/\/schema.org\",\"@graph\":[{\"@type\":\"WebPage\",\"@id\":\"https:\/\/dara.aragon.es\/dara\/comarca-de-ribagorza\/\",\"url\":\"https:\/\/dara.aragon.es\/dara\/comarca-de-ribagorza\/\",\"name\":\"Comarca de Ribagorza - DARA GENERAL\",\"isPartOf\":{\"@id\":\"https:\/\/dara.aragon.es\/dara\/#website\"},\"primaryImageOfPage\":{\"@id\":\"https:\/\/dara.aragon.es\/dara\/comarca-de-ribagorza\/#primaryimage\"},\"image\":{\"@id\":\"https:\/\/dara.aragon.es\/dara\/comarca-de-ribagorza\/#primaryimage\"},\"thumbnailUrl\":\"https:\/\/dara.aragon.es\/dara\/wp-content\/uploads\/2024\/07\/0-efc7e064-4a66-4848-86bc-baeb646fe54a-800x800.jpg\",\"datePublished\":\"2024-07-03T06:43:50+00:00\",\"dateModified\":\"2024-07-19T11:12:45+00:00\",\"breadcrumb\":{\"@id\":\"https:\/\/dara.aragon.es\/dara\/comarca-de-ribagorza\/#breadcrumb\"},\"inLanguage\":\"es\",\"potentialAction\":[{\"@type\":\"ReadAction\",\"target\":[\"https:\/\/dara.aragon.es\/dara\/comarca-de-ribagorza\/\"]}]},{\"@type\":\"ImageObject\",\"inLanguage\":\"es\",\"@id\":\"https:\/\/dara.aragon.es\/dara\/comarca-de-ribagorza\/#primaryimage\",\"url\":\"https:\/\/dara.aragon.es\/dara\/wp-content\/uploads\/2024\/07\/0-efc7e064-4a66-4848-86bc-baeb646fe54a-800x800.jpg\",\"contentUrl\":\"https:\/\/dara.aragon.es\/dara\/wp-content\/uploads\/2024\/07\/0-efc7e064-4a66-4848-86bc-baeb646fe54a-800x800.jpg\",\"width\":800,\"height\":800},{\"@type\":\"BreadcrumbList\",\"@id\":\"https:\/\/dara.aragon.es\/dara\/comarca-de-ribagorza\/#breadcrumb\",\"itemListElement\":[{\"@type\":\"ListItem\",\"position\":1,\"name\":\"Portada\",\"item\":\"https:\/\/dara.aragon.es\/dara\/\"},{\"@type\":\"ListItem\",\"position\":2,\"name\":\"Comarca de Ribagorza\"}]},{\"@type\":\"WebSite\",\"@id\":\"https:\/\/dara.aragon.es\/dara\/#website\",\"url\":\"https:\/\/dara.aragon.es\/dara\/\",\"name\":\"DARA GENERAL\",\"description\":\"Documentos y archivos de Arag\u00f3n\",\"potentialAction\":[{\"@type\":\"SearchAction\",\"target\":{\"@type\":\"EntryPoint\",\"urlTemplate\":\"https:\/\/dara.aragon.es\/dara\/?s={search_term_string}\"},\"query-input\":{\"@type\":\"PropertyValueSpecification\",\"valueRequired\":true,\"valueName\":\"search_term_string\"}}],\"inLanguage\":\"es\"}]}<\/script>\n<!-- \/ Yoast SEO plugin. -->","yoast_head_json":{"title":"Comarca de Ribagorza - DARA GENERAL","robots":{"index":"index","follow":"follow","max-snippet":"max-snippet:-1","max-image-preview":"max-image-preview:large","max-video-preview":"max-video-preview:-1"},"canonical":"https:\/\/dara.aragon.es\/dara\/comarca-de-ribagorza\/","og_locale":"es_ES","og_type":"article","og_title":"Comarca de Ribagorza - DARA GENERAL","og_description":"COMARCA DE LA RIBAGORZA La Comarca de la Ribagorza fue creada por la Ley 12\/2002, de 28 de mayo, publicada en el\u00a0Bolet\u00edn Oficial de Arag\u00f3n\u00a0con fecha, 31 de mayo de 2002. Est\u00e1 integrada por los municipios de Ar\u00e9n\/Areny de Noguera, Benabarre\/Benavarri, Benasque\/Ben\u00e1s, Bisaurri, Bonansa, Campo, Capella, Castej\u00f3n de Sos\/Castill\u00f3 de Sos, Castigaleu, Ch\u00eda, Estopi\u00f1\u00e1n del [&hellip;]","og_url":"https:\/\/dara.aragon.es\/dara\/comarca-de-ribagorza\/","og_site_name":"DARA GENERAL","article_modified_time":"2024-07-19T11:12:45+00:00","og_image":[{"width":800,"height":800,"url":"https:\/\/dara.aragon.es\/dara\/wp-content\/uploads\/2024\/07\/0-efc7e064-4a66-4848-86bc-baeb646fe54a-800x800.jpg","type":"image\/jpeg"}],"twitter_card":"summary_large_image","twitter_misc":{"Tiempo de lectura":"7 minutos"},"schema":{"@context":"https:\/\/schema.org","@graph":[{"@type":"WebPage","@id":"https:\/\/dara.aragon.es\/dara\/comarca-de-ribagorza\/","url":"https:\/\/dara.aragon.es\/dara\/comarca-de-ribagorza\/","name":"Comarca de Ribagorza - DARA GENERAL","isPartOf":{"@id":"https:\/\/dara.aragon.es\/dara\/#website"},"primaryImageOfPage":{"@id":"https:\/\/dara.aragon.es\/dara\/comarca-de-ribagorza\/#primaryimage"},"image":{"@id":"https:\/\/dara.aragon.es\/dara\/comarca-de-ribagorza\/#primaryimage"},"thumbnailUrl":"https:\/\/dara.aragon.es\/dara\/wp-content\/uploads\/2024\/07\/0-efc7e064-4a66-4848-86bc-baeb646fe54a-800x800.jpg","datePublished":"2024-07-03T06:43:50+00:00","dateModified":"2024-07-19T11:12:45+00:00","breadcrumb":{"@id":"https:\/\/dara.aragon.es\/dara\/comarca-de-ribagorza\/#breadcrumb"},"inLanguage":"es","potentialAction":[{"@type":"ReadAction","target":["https:\/\/dara.aragon.es\/dara\/comarca-de-ribagorza\/"]}]},{"@type":"ImageObject","inLanguage":"es","@id":"https:\/\/dara.aragon.es\/dara\/comarca-de-ribagorza\/#primaryimage","url":"https:\/\/dara.aragon.es\/dara\/wp-content\/uploads\/2024\/07\/0-efc7e064-4a66-4848-86bc-baeb646fe54a-800x800.jpg","contentUrl":"https:\/\/dara.aragon.es\/dara\/wp-content\/uploads\/2024\/07\/0-efc7e064-4a66-4848-86bc-baeb646fe54a-800x800.jpg","width":800,"height":800},{"@type":"BreadcrumbList","@id":"https:\/\/dara.aragon.es\/dara\/comarca-de-ribagorza\/#breadcrumb","itemListElement":[{"@type":"ListItem","position":1,"name":"Portada","item":"https:\/\/dara.aragon.es\/dara\/"},{"@type":"ListItem","position":2,"name":"Comarca de Ribagorza"}]},{"@type":"WebSite","@id":"https:\/\/dara.aragon.es\/dara\/#website","url":"https:\/\/dara.aragon.es\/dara\/","name":"DARA GENERAL","description":"Documentos y archivos de Arag\u00f3n","potentialAction":[{"@type":"SearchAction","target":{"@type":"EntryPoint","urlTemplate":"https:\/\/dara.aragon.es\/dara\/?s={search_term_string}"},"query-input":{"@type":"PropertyValueSpecification","valueRequired":true,"valueName":"search_term_string"}}],"inLanguage":"es"}]}},"_links":{"self":[{"href":"https:\/\/dara.aragon.es\/dara\/wp-json\/wp\/v2\/pages\/3981","targetHints":{"allow":["GET"]}}],"collection":[{"href":"https:\/\/dara.aragon.es\/dara\/wp-json\/wp\/v2\/pages"}],"about":[{"href":"https:\/\/dara.aragon.es\/dara\/wp-json\/wp\/v2\/types\/page"}],"author":[{"embeddable":true,"href":"https:\/\/dara.aragon.es\/dara\/wp-json\/wp\/v2\/users\/1"}],"replies":[{"embeddable":true,"href":"https:\/\/dara.aragon.es\/dara\/wp-json\/wp\/v2\/comments?post=3981"}],"version-history":[{"count":0,"href":"https:\/\/dara.aragon.es\/dara\/wp-json\/wp\/v2\/pages\/3981\/revisions"}],"wp:featuredmedia":[{"embeddable":true,"href":"https:\/\/dara.aragon.es\/dara\/wp-json\/wp\/v2\/media\/3994"}],"wp:attachment":[{"href":"https:\/\/dara.aragon.es\/dara\/wp-json\/wp\/v2\/media?parent=3981"}],"curies":[{"name":"wp","href":"https:\/\/api.w.org\/{rel}","templated":true}]}}