{"id":4061,"date":"2024-07-11T12:23:48","date_gmt":"2024-07-11T12:23:48","guid":{"rendered":"https:\/\/dara.aragon.es\/dara\/?page_id=4061"},"modified":"2024-07-19T10:05:34","modified_gmt":"2024-07-19T10:05:34","slug":"comarca-sobrarbe","status":"publish","type":"page","link":"https:\/\/dara.aragon.es\/dara\/comarca-sobrarbe\/","title":{"rendered":"Comarca Sobrarbe"},"content":{"rendered":"<p>[et_pb_section fb_built=\u00bb1&#8243; _builder_version=\u00bb4.26.0&#8243; _module_preset=\u00bbdefault\u00bb global_colors_info=\u00bb{}\u00bb][et_pb_row column_structure=\u00bb2_5,3_5&#8243; _builder_version=\u00bb4.27.0&#8243; _module_preset=\u00bbdefault\u00bb min_height=\u00bb351.6px\u00bb custom_margin=\u00bb0px|auto||auto|false|false\u00bb custom_padding=\u00bb|0px|0px|0px|false|false\u00bb hover_enabled=\u00bb0&#8243; global_colors_info=\u00bb{}\u00bb sticky_enabled=\u00bb0&#8243;][et_pb_column type=\u00bb2_5&#8243; _builder_version=\u00bb4.19.0&#8243; _module_preset=\u00bbdefault\u00bb global_colors_info=\u00bb{}\u00bb][et_pb_image src=\u00bbhttps:\/\/dara.aragon.es\/dara\/wp-content\/uploads\/2024\/07\/Comarca-Sobrarbe-edificio-DEFI.jpg\u00bb alt=\u00bbAM de La Cuba\u00bb title_text=\u00bbComarca-Sobrarbe-edificio DEFI\u00bb align=\u00bbcenter\u00bb _builder_version=\u00bb4.27.0&#8243; _module_preset=\u00bbdefault\u00bb min_height=\u00bb280px\u00bb custom_padding=\u00bb0px|||0px|false|false\u00bb hover_enabled=\u00bb0&#8243; global_colors_info=\u00bb{}\u00bb sticky_enabled=\u00bb0&#8243;][\/et_pb_image][\/et_pb_column][et_pb_column type=\u00bb3_5&#8243; _builder_version=\u00bb4.19.0&#8243; _module_preset=\u00bbdefault\u00bb global_colors_info=\u00bb{}\u00bb][et_pb_text _builder_version=\u00bb4.26.1&#8243; _module_preset=\u00bb_initial\u00bb background_color=\u00bb#FFFFFF\u00bb width=\u00bb100%\u00bb min_height=\u00bb276.6px\u00bb custom_margin=\u00bb|0px|0px|0px|false|true\u00bb custom_padding=\u00bb0px|||0px|false|false\u00bb global_colors_info=\u00bb{}\u00bb]<\/p>\n<h2 style=\"text-align: justify;\">COMARCA DE SOBRARBE<\/h2>\n<div style=\"text-align: justify;\">\n<p style=\"font-weight: 400;\">La Comarca de Sobrarbe fue creada por la Ley 5\/2003, de 26 de febrero, publicada en el<span>\u00a0<\/span><em>Bolet\u00edn Oficial de Arag\u00f3n<\/em><span>\u00a0<\/span>con fecha <span>21 de marzo de 2003<\/span>. Est\u00e1 integrada por los municipios de <span>Abizanda, A\u00ednsa-Sobrarbe\/L\u2019A\u00ednsa-Sobrarbe, B\u00e1rcabo, Bielsa, Bolta\u00f1a, Broto, Fanlo, Fiscal, La Fueva\/A Fueba, Gista\u00edn\/Chist\u00e9n, Labuerda\/A Buerda, Laspu\u00f1a, Palo, Plan, Pu\u00e9rtolas, El Pueyo de Aragu\u00e1s\/O Pueyo d\u2019Aragu\u00e1s, San Juan de Plan\/San Chuan de Plan, Tella-Sin y Torla<\/span>. Tiene su capitalidad en Bolta\u00f1a, donde radica la sede oficial de sus \u00f3rganos de gobierno y oficinas.<\/p>\n<p>La constituci\u00f3n de la Comarca de Sobrarbe tuvo lugar el 26 de abril de 2003.<\/p>\n<p style=\"font-weight: 400;\">\n<\/div>\n<p>[\/et_pb_text][et_pb_divider color=\u00bb#FFFFFF\u00bb divider_style=\u00bbnone\u00bb _builder_version=\u00bb4.26.1&#8243; _module_preset=\u00bbdefault\u00bb custom_margin=\u00bb0px||||false|false\u00bb custom_padding=\u00bb|0px|0px|0px|false|false\u00bb link_option_url=\u00bbhttps:\/\/dara.aragon.es\/opac\/app\/results\/?q=*&#038;st=.349998.1236865&#038;ob=re:1&#8243; global_colors_info=\u00bb{}\u00bb][\/et_pb_divider][et_pb_divider divider_style=\u00bbnone\u00bb _builder_version=\u00bb4.20.2&#8243; _module_preset=\u00bbdefault\u00bb min_height=\u00bb20.8px\u00bb custom_margin=\u00bb4px||1px|||\u00bb custom_padding=\u00bb0px|104px||0px||\u00bb link_option_url=\u00bbhttps:\/\/dara.aragon.es\/opac\/app\/simple\/coma\u00bb global_colors_info=\u00bb{}\u00bb][\/et_pb_divider][\/et_pb_column][\/et_pb_row][et_pb_row column_structure=\u00bb2_5,3_5&#8243; _builder_version=\u00bb4.27.0&#8243; _module_preset=\u00bbdefault\u00bb width=\u00bb89%\u00bb max_width=\u00bb1555px\u00bb min_height=\u00bb948px\u00bb height=\u00bb933px\u00bb max_height=\u00bb948px\u00bb custom_margin=\u00bb0px|auto|0px|auto|true|false\u00bb hover_enabled=\u00bb0&#8243; global_colors_info=\u00bb{}\u00bb sticky_enabled=\u00bb0&#8243;][et_pb_column type=\u00bb2_5&#8243; _builder_version=\u00bb4.19.0&#8243; _module_preset=\u00bbdefault\u00bb link_option_url=\u00bbhttps:\/\/goo.gl\/maps\/Kto9GfmAC6aNm15AA\u00bb global_colors_info=\u00bb{}\u00bb][et_pb_image src=\u00bbhttps:\/\/dara.aragon.es\/dara\/wp-content\/uploads\/2024\/07\/Mapa-Comarca-Somontano-Barbastro-DEFi.png\u00bb alt=\u00bbAM Cantavieja\u00bb title_text=\u00bbMapa Comarca Somontano Barbastro DEFi\u00bb url=\u00bbhttps:\/\/maps.app.goo.gl\/xjwfArJBzxprZuM48&#8243; url_new_window=\u00bbon\u00bb _builder_version=\u00bb4.27.0&#8243; _module_preset=\u00bbdefault\u00bb width=\u00bb80%\u00bb module_alignment=\u00bbleft\u00bb min_height=\u00bb175px\u00bb custom_margin=\u00bb0px||||false|false\u00bb custom_padding=\u00bb0px|0px|1px|0px|false|false\u00bb hover_enabled=\u00bb0&#8243; global_colors_info=\u00bb{}\u00bb sticky_enabled=\u00bb0&#8243;][\/et_pb_image][et_pb_text _builder_version=\u00bb4.27.0&#8243; _module_preset=\u00bb_initial\u00bb width=\u00bb100%\u00bb custom_margin=\u00bb|0px|2px|0px|false|false\u00bb custom_padding=\u00bb0px||0px|0px|false|false\u00bb hover_enabled=\u00bb0&#8243; global_colors_info=\u00bb{}\u00bb sticky_enabled=\u00bb0&#8243;]<\/p>\n<p style=\"margin: 0cm; margin-bottom: .0001pt;\"><strong>Direcci\u00f3n:<\/strong><o:p><\/o:p><\/p>\n<p style=\"margin: 0cm; margin-bottom: .0001pt;\">Avda. de Ordesa, 79. 22340 Bolta\u00f1a<br \/><strong>Tel\u00e9fono<\/strong>: 974 518024 (ext. 25)<u1:p><\/u1:p><o:p><\/o:p><\/p>\n<p style=\"margin: 0cm; margin-bottom: .0001pt;\"><strong>E-mail:<\/strong> <a href=\"mailto:archivos@sobrarbe.com\">archivos@sobrarbe.com<\/a><u1:p><\/u1:p><o:p><\/o:p><\/p>\n<p style=\"margin: 0cm; margin-bottom: .0001pt; text-align: justify;\"><a href=\"https:\/\/www.sobrarbe.com\/servicios.php?niv=2&amp;cla=_1FW0VYRNE&amp;cla2=_60G0LRNE6&amp;cla3=&amp;tip=2&amp;ini=\">P\u00e1gina web Servicio de Archivo<\/a><o:p><\/o:p><\/p>\n<p>[\/et_pb_text][et_pb_social_media_follow _builder_version=\u00bb4.27.0&#8243; _module_preset=\u00bbdefault\u00bb custom_margin=\u00bb0px|||0px|false|false\u00bb custom_padding=\u00bb0px|||0px||\u00bb hover_enabled=\u00bb0&#8243; global_colors_info=\u00bb{}\u00bb sticky_enabled=\u00bb0&#8243;][et_pb_social_media_follow_network social_network=\u00bbfacebook\u00bb url=\u00bbhttps:\/\/www.facebook.com\/pages\/Comarca-de-Sobrarbe\/350266761764438&#8243; _builder_version=\u00bb4.26.0&#8243; _module_preset=\u00bbdefault\u00bb background_color=\u00bb#3b5998&#8243; global_colors_info=\u00bb{}\u00bb follow_button=\u00bboff\u00bb url_new_window=\u00bbon\u00bb]facebook[\/et_pb_social_media_follow_network][et_pb_social_media_follow_network social_network=\u00bbinstagram\u00bb url=\u00bbhttps:\/\/www.instagram.com\/comarcadesobrarbe\/\u00bb _builder_version=\u00bb4.26.0&#8243; _module_preset=\u00bbdefault\u00bb background_color=\u00bb#ea2c59&#8243; global_colors_info=\u00bb{}\u00bb follow_button=\u00bboff\u00bb url_new_window=\u00bbon\u00bb]instagram[\/et_pb_social_media_follow_network][\/et_pb_social_media_follow][et_pb_text _builder_version=\u00bb4.26.1&#8243; _module_preset=\u00bb_initial\u00bb global_colors_info=\u00bb{}\u00bb][\/et_pb_text][\/et_pb_column][et_pb_column type=\u00bb3_5&#8243; _builder_version=\u00bb4.19.1&#8243; _module_preset=\u00bbdefault\u00bb global_colors_info=\u00bb{}\u00bb][et_pb_button button_url=\u00bbhttps:\/\/dara.aragon.es\/opac\/app\/simple\/\u00bb url_new_window=\u00bbon\u00bb button_text=\u00bbIr al buscador\u00bb button_alignment=\u00bbleft\u00bb _builder_version=\u00bb4.27.0&#8243; _module_preset=\u00bbdefault\u00bb button_icon=\u00bb&#x39;||divi||400&#8243; custom_margin=\u00bb0px|0px|0px|0px|false|false\u00bb custom_padding=\u00bb0px|15px|0px|10px|false|false\u00bb animation_style=\u00bbbounce\u00bb global_colors_info=\u00bb{}\u00bb][\/et_pb_button][et_pb_button button_url=\u00bbhttps:\/\/dara.aragon.es\/opac\/app\/results\/?q=*&#038;st=.349998.1236865&#038;ob=re:1&#8243; url_new_window=\u00bbon\u00bb button_text=\u00bbConsultar todo el fondo\u00bb button_alignment=\u00bbleft\u00bb _builder_version=\u00bb4.27.0&#8243; _module_preset=\u00bbdefault\u00bb button_icon=\u00bb&#xe02f;||divi||400&#8243; custom_margin=\u00bb18px|0px|0px|0px|false|false\u00bb custom_padding=\u00bb0px|15px|0px|10px|false|false\u00bb animation_style=\u00bbbounce\u00bb global_colors_info=\u00bb{}\u00bb][\/et_pb_button][et_pb_divider show_divider=\u00bboff\u00bb _builder_version=\u00bb4.26.1&#8243; _module_preset=\u00bbdefault\u00bb global_colors_info=\u00bb{}\u00bb][\/et_pb_divider][et_pb_tabs _builder_version=\u00bb4.27.0&#8243; _module_preset=\u00bbdefault\u00bb width=\u00bb91.7%\u00bb min_height=\u00bb438.4px\u00bb custom_margin=\u00bb0px|0px|0px|0px|false|false\u00bb custom_padding=\u00bb|0px||34px|false|false\u00bb link_option_url_new_window=\u00bbon\u00bb global_colors_info=\u00bb{}\u00bb][et_pb_tab title=\u00bbARCHIVOS \u00bb _builder_version=\u00bb4.26.0&#8243; _module_preset=\u00bbdefault\u00bb global_colors_info=\u00bb{}\u00bb]<\/p>\n<p>&nbsp;<\/p>\n<ul>\n<li><span>\u00a0<\/span><span><\/span><a href=\"https:\/\/dara.aragon.es\/opac\/app\/item\/?p=0&amp;st=.349998.1236865&amp;ob=re:1&amp;vm=nv&amp;i=1236869\" class=\"detailLink\"><span>Archivos privados de Sobrarbe<\/span><\/a><\/li>\n<\/ul>\n<p>[\/et_pb_tab][et_pb_tab title=\u00bbM\u00c1S DE INFORMACI\u00d3N\u00bb _builder_version=\u00bb4.26.0&#8243; _module_preset=\u00bbdefault\u00bb global_colors_info=\u00bb{}\u00bb]<\/p>\n<p>&nbsp;<\/p>\n<p>&nbsp;<\/p>\n<p>[\/et_pb_tab][\/et_pb_tabs][\/et_pb_column][\/et_pb_row][\/et_pb_section]<\/p>\n","protected":false},"excerpt":{"rendered":"<p>COMARCA DE SOBRARBE La Comarca de Sobrarbe fue creada por la Ley 5\/2003, de 26 de febrero, publicada en el\u00a0Bolet\u00edn Oficial de Arag\u00f3n\u00a0con fecha 21 de marzo de 2003. Est\u00e1 integrada por los municipios de Abizanda, A\u00ednsa-Sobrarbe\/L\u2019A\u00ednsa-Sobrarbe, B\u00e1rcabo, Bielsa, Bolta\u00f1a, Broto, Fanlo, Fiscal, La Fueva\/A Fueba, Gista\u00edn\/Chist\u00e9n, Labuerda\/A Buerda, Laspu\u00f1a, Palo, Plan, Pu\u00e9rtolas, El Pueyo [&hellip;]<\/p>\n","protected":false},"author":1,"featured_media":4068,"parent":0,"menu_order":0,"comment_status":"closed","ping_status":"closed","template":"","meta":{"_et_pb_use_builder":"on","_et_pb_old_content":"","_et_gb_content_width":"","om_disable_all_campaigns":false,"_monsterinsights_skip_tracking":false,"_monsterinsights_sitenote_active":false,"_monsterinsights_sitenote_note":"","_monsterinsights_sitenote_category":0,"_uf_show_specific_survey":0,"_uf_disable_surveys":false,"footnotes":""},"class_list":["post-4061","page","type-page","status-publish","has-post-thumbnail","hentry"],"yoast_head":"<!-- This site is optimized with the Yoast SEO plugin v27.5 - https:\/\/yoast.com\/product\/yoast-seo-wordpress\/ -->\n<title>Comarca Sobrarbe - DARA GENERAL<\/title>\n<meta name=\"robots\" content=\"index, follow, max-snippet:-1, max-image-preview:large, max-video-preview:-1\" \/>\n<link rel=\"canonical\" href=\"https:\/\/dara.aragon.es\/dara\/comarca-sobrarbe\/\" \/>\n<meta property=\"og:locale\" content=\"es_ES\" \/>\n<meta property=\"og:type\" content=\"article\" \/>\n<meta property=\"og:title\" content=\"Comarca Sobrarbe - DARA GENERAL\" \/>\n<meta property=\"og:description\" content=\"COMARCA DE SOBRARBE La Comarca de Sobrarbe fue creada por la Ley 5\/2003, de 26 de febrero, publicada en el\u00a0Bolet\u00edn Oficial de Arag\u00f3n\u00a0con fecha 21 de marzo de 2003. Est\u00e1 integrada por los municipios de Abizanda, A\u00ednsa-Sobrarbe\/L\u2019A\u00ednsa-Sobrarbe, B\u00e1rcabo, Bielsa, Bolta\u00f1a, Broto, Fanlo, Fiscal, La Fueva\/A Fueba, Gista\u00edn\/Chist\u00e9n, Labuerda\/A Buerda, Laspu\u00f1a, Palo, Plan, Pu\u00e9rtolas, El Pueyo [&hellip;]\" \/>\n<meta property=\"og:url\" content=\"https:\/\/dara.aragon.es\/dara\/comarca-sobrarbe\/\" \/>\n<meta property=\"og:site_name\" content=\"DARA GENERAL\" \/>\n<meta property=\"article:modified_time\" content=\"2024-07-19T10:05:34+00:00\" \/>\n<meta property=\"og:image\" content=\"https:\/\/dara.aragon.es\/dara\/wp-content\/uploads\/2024\/07\/Comarca-Sobrarbe-edificio.jpg\" \/>\n\t<meta property=\"og:image:width\" content=\"408\" \/>\n\t<meta property=\"og:image:height\" content=\"240\" \/>\n\t<meta property=\"og:image:type\" content=\"image\/jpeg\" \/>\n<meta name=\"twitter:card\" content=\"summary_large_image\" \/>\n<meta name=\"twitter:label1\" content=\"Tiempo de lectura\" \/>\n\t<meta name=\"twitter:data1\" content=\"5 minutos\" \/>\n<script type=\"application\/ld+json\" class=\"yoast-schema-graph\">{\"@context\":\"https:\\\/\\\/schema.org\",\"@graph\":[{\"@type\":\"WebPage\",\"@id\":\"https:\\\/\\\/dara.aragon.es\\\/dara\\\/comarca-sobrarbe\\\/\",\"url\":\"https:\\\/\\\/dara.aragon.es\\\/dara\\\/comarca-sobrarbe\\\/\",\"name\":\"Comarca Sobrarbe - DARA GENERAL\",\"isPartOf\":{\"@id\":\"https:\\\/\\\/dara.aragon.es\\\/dara\\\/#website\"},\"primaryImageOfPage\":{\"@id\":\"https:\\\/\\\/dara.aragon.es\\\/dara\\\/comarca-sobrarbe\\\/#primaryimage\"},\"image\":{\"@id\":\"https:\\\/\\\/dara.aragon.es\\\/dara\\\/comarca-sobrarbe\\\/#primaryimage\"},\"thumbnailUrl\":\"https:\\\/\\\/dara.aragon.es\\\/dara\\\/wp-content\\\/uploads\\\/2024\\\/07\\\/Comarca-Sobrarbe-edificio.jpg\",\"datePublished\":\"2024-07-11T12:23:48+00:00\",\"dateModified\":\"2024-07-19T10:05:34+00:00\",\"breadcrumb\":{\"@id\":\"https:\\\/\\\/dara.aragon.es\\\/dara\\\/comarca-sobrarbe\\\/#breadcrumb\"},\"inLanguage\":\"es\",\"potentialAction\":[{\"@type\":\"ReadAction\",\"target\":[\"https:\\\/\\\/dara.aragon.es\\\/dara\\\/comarca-sobrarbe\\\/\"]}]},{\"@type\":\"ImageObject\",\"inLanguage\":\"es\",\"@id\":\"https:\\\/\\\/dara.aragon.es\\\/dara\\\/comarca-sobrarbe\\\/#primaryimage\",\"url\":\"https:\\\/\\\/dara.aragon.es\\\/dara\\\/wp-content\\\/uploads\\\/2024\\\/07\\\/Comarca-Sobrarbe-edificio.jpg\",\"contentUrl\":\"https:\\\/\\\/dara.aragon.es\\\/dara\\\/wp-content\\\/uploads\\\/2024\\\/07\\\/Comarca-Sobrarbe-edificio.jpg\",\"width\":408,\"height\":240},{\"@type\":\"BreadcrumbList\",\"@id\":\"https:\\\/\\\/dara.aragon.es\\\/dara\\\/comarca-sobrarbe\\\/#breadcrumb\",\"itemListElement\":[{\"@type\":\"ListItem\",\"position\":1,\"name\":\"Portada\",\"item\":\"https:\\\/\\\/dara.aragon.es\\\/dara\\\/\"},{\"@type\":\"ListItem\",\"position\":2,\"name\":\"Comarca Sobrarbe\"}]},{\"@type\":\"WebSite\",\"@id\":\"https:\\\/\\\/dara.aragon.es\\\/dara\\\/#website\",\"url\":\"https:\\\/\\\/dara.aragon.es\\\/dara\\\/\",\"name\":\"DARA GENERAL\",\"description\":\"Documentos y archivos de Arag\u00f3n\",\"potentialAction\":[{\"@type\":\"SearchAction\",\"target\":{\"@type\":\"EntryPoint\",\"urlTemplate\":\"https:\\\/\\\/dara.aragon.es\\\/dara\\\/?s={search_term_string}\"},\"query-input\":{\"@type\":\"PropertyValueSpecification\",\"valueRequired\":true,\"valueName\":\"search_term_string\"}}],\"inLanguage\":\"es\"}]}<\/script>\n<!-- \/ Yoast SEO plugin. -->","yoast_head_json":{"title":"Comarca Sobrarbe - DARA GENERAL","robots":{"index":"index","follow":"follow","max-snippet":"max-snippet:-1","max-image-preview":"max-image-preview:large","max-video-preview":"max-video-preview:-1"},"canonical":"https:\/\/dara.aragon.es\/dara\/comarca-sobrarbe\/","og_locale":"es_ES","og_type":"article","og_title":"Comarca Sobrarbe - DARA GENERAL","og_description":"COMARCA DE SOBRARBE La Comarca de Sobrarbe fue creada por la Ley 5\/2003, de 26 de febrero, publicada en el\u00a0Bolet\u00edn Oficial de Arag\u00f3n\u00a0con fecha 21 de marzo de 2003. Est\u00e1 integrada por los municipios de Abizanda, A\u00ednsa-Sobrarbe\/L\u2019A\u00ednsa-Sobrarbe, B\u00e1rcabo, Bielsa, Bolta\u00f1a, Broto, Fanlo, Fiscal, La Fueva\/A Fueba, Gista\u00edn\/Chist\u00e9n, Labuerda\/A Buerda, Laspu\u00f1a, Palo, Plan, Pu\u00e9rtolas, El Pueyo [&hellip;]","og_url":"https:\/\/dara.aragon.es\/dara\/comarca-sobrarbe\/","og_site_name":"DARA GENERAL","article_modified_time":"2024-07-19T10:05:34+00:00","og_image":[{"width":408,"height":240,"url":"https:\/\/dara.aragon.es\/dara\/wp-content\/uploads\/2024\/07\/Comarca-Sobrarbe-edificio.jpg","type":"image\/jpeg"}],"twitter_card":"summary_large_image","twitter_misc":{"Tiempo de lectura":"5 minutos"},"schema":{"@context":"https:\/\/schema.org","@graph":[{"@type":"WebPage","@id":"https:\/\/dara.aragon.es\/dara\/comarca-sobrarbe\/","url":"https:\/\/dara.aragon.es\/dara\/comarca-sobrarbe\/","name":"Comarca Sobrarbe - DARA GENERAL","isPartOf":{"@id":"https:\/\/dara.aragon.es\/dara\/#website"},"primaryImageOfPage":{"@id":"https:\/\/dara.aragon.es\/dara\/comarca-sobrarbe\/#primaryimage"},"image":{"@id":"https:\/\/dara.aragon.es\/dara\/comarca-sobrarbe\/#primaryimage"},"thumbnailUrl":"https:\/\/dara.aragon.es\/dara\/wp-content\/uploads\/2024\/07\/Comarca-Sobrarbe-edificio.jpg","datePublished":"2024-07-11T12:23:48+00:00","dateModified":"2024-07-19T10:05:34+00:00","breadcrumb":{"@id":"https:\/\/dara.aragon.es\/dara\/comarca-sobrarbe\/#breadcrumb"},"inLanguage":"es","potentialAction":[{"@type":"ReadAction","target":["https:\/\/dara.aragon.es\/dara\/comarca-sobrarbe\/"]}]},{"@type":"ImageObject","inLanguage":"es","@id":"https:\/\/dara.aragon.es\/dara\/comarca-sobrarbe\/#primaryimage","url":"https:\/\/dara.aragon.es\/dara\/wp-content\/uploads\/2024\/07\/Comarca-Sobrarbe-edificio.jpg","contentUrl":"https:\/\/dara.aragon.es\/dara\/wp-content\/uploads\/2024\/07\/Comarca-Sobrarbe-edificio.jpg","width":408,"height":240},{"@type":"BreadcrumbList","@id":"https:\/\/dara.aragon.es\/dara\/comarca-sobrarbe\/#breadcrumb","itemListElement":[{"@type":"ListItem","position":1,"name":"Portada","item":"https:\/\/dara.aragon.es\/dara\/"},{"@type":"ListItem","position":2,"name":"Comarca Sobrarbe"}]},{"@type":"WebSite","@id":"https:\/\/dara.aragon.es\/dara\/#website","url":"https:\/\/dara.aragon.es\/dara\/","name":"DARA GENERAL","description":"Documentos y archivos de Arag\u00f3n","potentialAction":[{"@type":"SearchAction","target":{"@type":"EntryPoint","urlTemplate":"https:\/\/dara.aragon.es\/dara\/?s={search_term_string}"},"query-input":{"@type":"PropertyValueSpecification","valueRequired":true,"valueName":"search_term_string"}}],"inLanguage":"es"}]}},"_links":{"self":[{"href":"https:\/\/dara.aragon.es\/dara\/wp-json\/wp\/v2\/pages\/4061","targetHints":{"allow":["GET"]}}],"collection":[{"href":"https:\/\/dara.aragon.es\/dara\/wp-json\/wp\/v2\/pages"}],"about":[{"href":"https:\/\/dara.aragon.es\/dara\/wp-json\/wp\/v2\/types\/page"}],"author":[{"embeddable":true,"href":"https:\/\/dara.aragon.es\/dara\/wp-json\/wp\/v2\/users\/1"}],"replies":[{"embeddable":true,"href":"https:\/\/dara.aragon.es\/dara\/wp-json\/wp\/v2\/comments?post=4061"}],"version-history":[{"count":0,"href":"https:\/\/dara.aragon.es\/dara\/wp-json\/wp\/v2\/pages\/4061\/revisions"}],"wp:featuredmedia":[{"embeddable":true,"href":"https:\/\/dara.aragon.es\/dara\/wp-json\/wp\/v2\/media\/4068"}],"wp:attachment":[{"href":"https:\/\/dara.aragon.es\/dara\/wp-json\/wp\/v2\/media?parent=4061"}],"curies":[{"name":"wp","href":"https:\/\/api.w.org\/{rel}","templated":true}]}}