{"id":4888,"date":"2024-07-23T11:00:42","date_gmt":"2024-07-23T11:00:42","guid":{"rendered":"https:\/\/dara.aragon.es\/dara\/?page_id=4888"},"modified":"2024-12-13T14:06:00","modified_gmt":"2024-12-13T14:06:00","slug":"escuelas-pias-de-aragon","status":"publish","type":"page","link":"https:\/\/dara.aragon.es\/dara\/escuelas-pias-de-aragon\/","title":{"rendered":"ESCUELAS P\u00cdAS DE ARAG\u00d3N"},"content":{"rendered":"<p>[et_pb_section fb_built=\u00bb1&#8243; fullwidth=\u00bbon\u00bb admin_label=\u00bbHeader Section\u00bb _builder_version=\u00bb4.27.0&#8243; _module_preset=\u00bbdefault\u00bb background_color=\u00bb#26528D\u00bb background_enable_image=\u00bboff\u00bb parallax=\u00bbon\u00bb custom_padding=\u00bb|||\u00bb saved_tabs=\u00bball\u00bb locked=\u00bboff\u00bb global_colors_info=\u00bb{}\u00bb][et_pb_fullwidth_header title=\u00bbEscuelas P\u00edas Ema\u00fas \u00bb subhead=\u00bb(Arag\u00f3n, Vasconia y Andaluc\u00eda)\u00bb text_orientation=\u00bbcenter\u00bb background_overlay_color=\u00bbrgba(0,0,0,0.4)\u00bb admin_label=\u00bbContents\u00bb _builder_version=\u00bb4.27.2&#8243; _module_preset=\u00bbdefault\u00bb title_font=\u00bbOswald|||on|\u00bb title_text_align=\u00bbcenter\u00bb title_font_size=\u00bb35px\u00bb title_letter_spacing=\u00bb0.05em\u00bb title_line_height=\u00bb1.5em\u00bb subhead_font=\u00bbNunito|600|||||||\u00bb subhead_font_size=\u00bb20px\u00bb subhead_line_height=\u00bb1.9em\u00bb background_color=\u00bbrgba(255, 255, 255, 0)\u00bb background_enable_image=\u00bboff\u00bb parallax=\u00bbon\u00bb parallax_method=\u00bbon\u00bb custom_button_one=\u00bbon\u00bb button_one_text_size=\u00bb15px\u00bb button_one_bg_color=\u00bb#dca57d\u00bb button_one_border_width=\u00bb10px\u00bb button_one_border_color=\u00bb#dca57d\u00bb button_one_border_radius=\u00bb0px\u00bb button_one_letter_spacing=\u00bb3px\u00bb button_one_font=\u00bbOswald|||on|\u00bb button_one_use_icon=\u00bboff\u00bb custom_margin=\u00bb|||\u00bb custom_padding=\u00bb1%||1%||false|false\u00bb animation_style=\u00bbfade\u00bb animation_starting_opacity=\u00bb50%\u00bb animation_speed_curve=\u00bbease-in\u00bb title_font_size_tablet=\u00bb60px\u00bb title_font_size_phone=\u00bb40px\u00bb title_font_size_last_edited=\u00bbon|phone\u00bb button_one_border_color_hover=\u00bb#c99872&#8243; button_one_border_radius_hover=\u00bb0px\u00bb button_one_letter_spacing_hover=\u00bb3px\u00bb button_one_bg_color_hover=\u00bb#c99872&#8243; global_colors_info=\u00bb{}\u00bb button_one_text_size__hover_enabled=\u00bboff\u00bb button_two_text_size__hover_enabled=\u00bboff\u00bb button_one_text_color__hover_enabled=\u00bboff\u00bb button_two_text_color__hover_enabled=\u00bboff\u00bb button_one_border_width__hover_enabled=\u00bboff\u00bb button_two_border_width__hover_enabled=\u00bboff\u00bb button_one_border_color__hover_enabled=\u00bbon\u00bb button_one_border_color__hover=\u00bb#c99872&#8243; button_two_border_color__hover_enabled=\u00bboff\u00bb button_one_border_radius__hover_enabled=\u00bbon\u00bb button_one_border_radius__hover=\u00bb0px\u00bb button_two_border_radius__hover_enabled=\u00bboff\u00bb button_one_letter_spacing__hover_enabled=\u00bbon\u00bb button_one_letter_spacing__hover=\u00bb3px\u00bb button_two_letter_spacing__hover_enabled=\u00bboff\u00bb button_one_bg_color__hover_enabled=\u00bbon\u00bb button_one_bg_color__hover=\u00bb#c99872&#8243; button_two_bg_color__hover_enabled=\u00bboff\u00bb][\/et_pb_fullwidth_header][\/et_pb_section][et_pb_section fb_built=\u00bb1&#8243; _builder_version=\u00bb4.19.0&#8243; _module_preset=\u00bb1a08a2a8-4ab4-4d5a-aa64-ccfffe0d51c6&#8243; locked=\u00bboff\u00bb global_colors_info=\u00bb{}\u00bb][et_pb_row column_structure=\u00bb1_4,3_4&#8243; make_equal=\u00bbon\u00bb _builder_version=\u00bb4.27.4&#8243; _module_preset=\u00bb_initial\u00bb background_enable_image=\u00bboff\u00bb hover_enabled=\u00bb0&#8243; global_colors_info=\u00bb{}\u00bb sticky_enabled=\u00bb0&#8243;][et_pb_column type=\u00bb1_4&#8243; _builder_version=\u00bb4.27.4&#8243; _module_preset=\u00bbdefault\u00bb background_image=\u00bbhttps:\/\/dara.aragon.es\/dara\/wp-content\/uploads\/2024\/07\/Escuelas-Pias426.png\u00bb custom_padding=\u00bb|||0px|false|false\u00bb hover_enabled=\u00bb0&#8243; global_colors_info=\u00bb{}\u00bb border_radii=\u00bbon|29px|29px|29px|29px\u00bb sticky_enabled=\u00bb0&#8243;][\/et_pb_column][et_pb_column type=\u00bb3_4&#8243; _builder_version=\u00bb4.27.0&#8243; _module_preset=\u00bbdefault\u00bb global_colors_info=\u00bb{}\u00bb][et_pb_text _builder_version=\u00bb4.27.2&#8243; _module_preset=\u00bb_initial\u00bb custom_margin=\u00bb||49px|||\u00bb global_colors_info=\u00bb{}\u00bb]<\/p>\n<p><span>Los Escolapios fueron fundados por el aragon\u00e9s San Jos\u00e9 de Calasanz en Roma el a\u00f1o 1617 con el nombre de Congregaci\u00f3n Paulina de Cl\u00e9rigos Regulares Pobres de la Madre de Dios de las Escuelas P\u00edas. En 1621, Gregorio XV la elev\u00f3 a Orden Religiosa con el nombre actual.<\/span><\/p>\n<p><span>Su presencia en Zaragoza arranca de 1731, cuando llegaron los primeros escolapios para trabajar en escuelas. La Provincia de Arag\u00f3n se asienta a lo largo del siglo XVIII y de ella nacer\u00e1n posteriormente las de Castilla, Valencia, Vasconia y Argentina. La de Arag\u00f3n contaba en 1.742 con 150 religiosos, dos noviciados en Peralta y Madrid, y 13 casas: Barbastro (1.677 y 1.721), Peralta de la Sal (1.695), Daroca (1.729), Benabarre (1.729), Alca\u00f1iz (1.729), San Femando en Madrid (1.729), Albarrac\u00edn (1.731), Zaragoza (1.731), Almod\u00f3var (1.732), Jaca (1.735), Getafe (1.736), Valencia (1.738) y Tamarite (1.740).<\/span><\/p>\n<p><span>La Provincia de Arag\u00f3n trabaj\u00f3 en esa \u00e9poca en las actuales comunidades de Arag\u00f3n, Madrid, Castilla-La Mancha, Castilla y Le\u00f3n, Cantabria y Comunidad Valenciana. Abri\u00f3 colegios preferentemente en poblaciones peque\u00f1as, con las excepciones de los de Valencia, Madrid y Zaragoza.<\/span><\/p>\n<p>&nbsp;<\/p>\n<p>[\/et_pb_text][\/et_pb_column][\/et_pb_row][et_pb_row column_structure=\u00bb1_4,1_4,1_4,1_4&#8243; make_equal=\u00bbon\u00bb _builder_version=\u00bb4.27.0&#8243; _module_preset=\u00bb_initial\u00bb background_enable_image=\u00bboff\u00bb custom_margin=\u00bb50px|0px|0px|0px|false|false\u00bb global_colors_info=\u00bb{}\u00bb][et_pb_column type=\u00bb1_4&#8243; _builder_version=\u00bb4.27.0&#8243; _module_preset=\u00bbdefault\u00bb background_enable_image=\u00bboff\u00bb global_colors_info=\u00bb{}\u00bb][\/et_pb_column][et_pb_column type=\u00bb1_4&#8243; _builder_version=\u00bb4.27.0&#8243; _module_preset=\u00bbdefault\u00bb global_colors_info=\u00bb{}\u00bb][et_pb_button button_url=\u00bbhttps:\/\/dara.aragon.es\/opac\/app\/classification\/escp\u00bb url_new_window=\u00bbon\u00bb button_text=\u00bbCuadro de clasificaci\u00f3n\u00bb _builder_version=\u00bb4.27.2&#8243; _module_preset=\u00bb_initial\u00bb global_colors_info=\u00bb{}\u00bb][\/et_pb_button][\/et_pb_column][et_pb_column type=\u00bb1_4&#8243; _builder_version=\u00bb4.27.0&#8243; _module_preset=\u00bbdefault\u00bb global_colors_info=\u00bb{}\u00bb][et_pb_button button_url=\u00bbhttps:\/\/dara.aragon.es\/opac\/app\/simple\/escp\u00bb url_new_window=\u00bbon\u00bb button_text=\u00bbBuscador de documentos\u00bb _builder_version=\u00bb4.27.2&#8243; _module_preset=\u00bb_initial\u00bb global_colors_info=\u00bb{}\u00bb][\/et_pb_button][\/et_pb_column][et_pb_column type=\u00bb1_4&#8243; _builder_version=\u00bb4.19.0&#8243; _module_preset=\u00bbdefault\u00bb global_colors_info=\u00bb{}\u00bb][et_pb_button button_url=\u00bbhttps:\/\/dara.aragon.es\/opac\/app\/results\/escp?p=0&#038;q=*&#038;ob=re:1&#038;vm=mv\u00bb url_new_window=\u00bbon\u00bb button_text=\u00bbTodos los registros\u00bb _builder_version=\u00bb4.27.2&#8243; _module_preset=\u00bb_initial\u00bb global_colors_info=\u00bb{}\u00bb][\/et_pb_button][\/et_pb_column][\/et_pb_row][et_pb_row _builder_version=\u00bb4.27.0&#8243; _module_preset=\u00bb_initial\u00bb custom_margin=\u00bb100px|0px|0px|0px|false|false\u00bb locked=\u00bboff\u00bb global_colors_info=\u00bb{}\u00bb][et_pb_column type=\u00bb4_4&#8243; _builder_version=\u00bb4.25.1&#8243; _module_preset=\u00bbdefault\u00bb global_colors_info=\u00bb{}\u00bb][et_pb_text admin_label=\u00bbTittle\u00bb _builder_version=\u00bb4.27.2&#8243; _module_preset=\u00bb_initial\u00bb text_font=\u00bbNunito|||||on|||\u00bb text_text_color=\u00bb#26528D\u00bb text_font_size=\u00bb18px\u00bb text_line_height=\u00bb1.8em\u00bb header_font=\u00bb||||||||\u00bb header_text_color=\u00bb#26528D\u00bb header_2_font=\u00bbOswald|||on|||||\u00bb header_2_text_align=\u00bbcenter\u00bb header_2_font_size=\u00bb40px\u00bb header_2_letter_spacing=\u00bb1px\u00bb header_2_line_height=\u00bb1.5em\u00bb header_3_font=\u00bb||||||||\u00bb max_width_last_edited=\u00bboff|desktop\u00bb module_alignment=\u00bbcenter\u00bb custom_margin=\u00bb||10px||false|false\u00bb global_colors_info=\u00bb{}\u00bb]<\/p>\n<h2><span style=\"color: #26528d;\">destacados- documentos<\/span><\/h2>\n<p>[\/et_pb_text][ba_image_carousel animation_speed=\u00bb500ms\u00bb is_autoplay=\u00bboff\u00bb is_variable_width=\u00bbon\u00bb slide_width=\u00bb290px\u00bb slide_spacing=\u00bb2px\u00bb nav_height=\u00bb51px\u00bb nav_width=\u00bb48px\u00bb nav_color=\u00bb#26528D\u00bb nav_bg=\u00bb#FFFFFF\u00bb icon_left=\u00bb&#x23;||divi||400&#8243; icon_right=\u00bb&#x24;||divi||400&#8243; pagi_radius=\u00bbon|0px|0px|0px|0px\u00bb _builder_version=\u00bb4.27.2&#8243; _module_preset=\u00bbdefault\u00bb title_font=\u00bb||||||||\u00bb title_line_height=\u00bb1em\u00bb subtitle_level=\u00bbh3&#8243; background_enable_image=\u00bboff\u00bb text_orientation=\u00bbleft\u00bb global_colors_info=\u00bb{}\u00bb nav_color__hover_enabled=\u00bbon|hover\u00bb nav_color__hover=\u00bb#0D3857&#8243;][ba_image_carousel_child photo=\u00bbhttps:\/\/dara.aragon.es\/dara\/wp-content\/uploads\/2024\/09\/5.png\u00bb _builder_version=\u00bb4.27.2&#8243; _module_preset=\u00bbdefault\u00bb text_orientation=\u00bbcenter\u00bb link_option_url=\u00bbhttp:\/\/dpz.archivos.albadoc.com\/ms-opac\/doc-collection\/?idCollection=11&#8243; link_option_url_new_window=\u00bbon\u00bb border_width_all_item=\u00bb2px\u00bb border_color_all_item=\u00bb#E1DAD0&#8243; global_colors_info=\u00bb{}\u00bb][\/ba_image_carousel_child][ba_image_carousel_child photo=\u00bbhttps:\/\/dara.aragon.es\/dara\/wp-content\/uploads\/2024\/09\/3-1.png\u00bb _builder_version=\u00bb4.27.2&#8243; _module_preset=\u00bbdefault\u00bb text_orientation=\u00bbright\u00bb custom_margin=\u00bb0px|||0px|false|false\u00bb link_option_url=\u00bbhttps:\/\/dara.aragon.es\/opac\/app\/results\/doma?st=.1227209.549364.549365.549374.550025&#038;ob=df:1&#038;al=6,7,8&#038;ft=descriptor:Libros+de+Actas+de+la+Diputaci%C3%B3n+del+Reino\u00bb link_option_url_new_window=\u00bbon\u00bb border_width_all_item=\u00bb2px\u00bb border_color_all_item=\u00bb#E1DAD0&#8243; box_shadow_style_content=\u00bbpreset5&#8243; box_shadow_vertical_content=\u00bb3px\u00bb global_colors_info=\u00bb{}\u00bb][\/ba_image_carousel_child][ba_image_carousel_child photo=\u00bbhttps:\/\/dara.aragon.es\/dara\/wp-content\/uploads\/2024\/09\/3-1.png\u00bb content_bg_color=\u00bb#FFFFFF\u00bb _builder_version=\u00bb4.27.2&#8243; _module_preset=\u00bbdefault\u00bb title_text_color=\u00bb#232323&#8243; link_option_url=\u00bbhttps:\/\/dara.aragon.es\/opac\/app\/results\/doma?p=0&#038;st=.1227209.549364.549365.550226.550456&#038;ob=df:1&#038;vm=mv&#038;al=6,7,8&#038;ft=descriptor:Libros+de+Cuentas+del+General+del+Reino\u00bb link_option_url_new_window=\u00bbon\u00bb border_width_all_item=\u00bb2px\u00bb border_color_all_item=\u00bb#D6D6D6&#8243; button_text_shadow_color=\u00bb#E1DAD0&#8243; global_colors_info=\u00bb{}\u00bb][\/ba_image_carousel_child][ba_image_carousel_child photo=\u00bbhttps:\/\/dara.aragon.es\/dara\/wp-content\/uploads\/2024\/09\/2.png\u00bb _builder_version=\u00bb4.27.2&#8243; _module_preset=\u00bbdefault\u00bb link_option_url=\u00bbhttps:\/\/dara.aragon.es\/opac\/app\/results\/doma?p=0&#038;st=.1227209.549364.549366.550027&#038;ob=df:1&#038;vm=mv&#038;al=6,7,8&#038;ft=descriptor:Registros+de+la+corte+del+Justicia+de+Arag%C3%B3n\u00bb link_option_url_new_window=\u00bbon\u00bb border_width_all_item=\u00bb2px\u00bb border_color_all_item=\u00bb#E1DAD0&#8243; button_text_shadow_color=\u00bb#E1DAD0&#8243; global_colors_info=\u00bb{}\u00bb][\/ba_image_carousel_child][ba_image_carousel_child photo=\u00bbhttps:\/\/dara.aragon.es\/dara\/wp-content\/uploads\/2024\/09\/4-2.png\u00bb _builder_version=\u00bb4.27.2&#8243; _module_preset=\u00bbdefault\u00bb link_option_url=\u00bbhttps:\/\/dara.aragon.es\/opac\/app\/results\/doma?p=0&#038;st=.1227209.549364.549365.549375.549376&#038;ob=df:1&#038;vm=mv&#038;al=7,8&#038;ft=person:Zurita+Castro,+Jer%C3%B3nimo\u00bb link_option_url_new_window=\u00bbon\u00bb border_width_all_item=\u00bb2px\u00bb border_color_all_item=\u00bb#E1DAD0&#8243; global_colors_info=\u00bb{}\u00bb][\/ba_image_carousel_child][ba_image_carousel_child photo=\u00bbhttps:\/\/dara.aragon.es\/dara\/wp-content\/uploads\/2024\/10\/00-Notariales-3-e1727951630870.png\u00bb _builder_version=\u00bb4.27.2&#8243; _module_preset=\u00bbdefault\u00bb background_enable_image=\u00bboff\u00bb link_option_url=\u00bbhttp:\/\/dpz.archivos.albadoc.com\/ms-opac\/doc-collection\/?idCollection=10&#8243; link_option_url_new_window=\u00bbon\u00bb border_width_all_item=\u00bb2px\u00bb border_color_all_item=\u00bb#E1DAD0&#8243; global_colors_info=\u00bb{}\u00bb][\/ba_image_carousel_child][ba_image_carousel_child photo=\u00bbhttps:\/\/dara.aragon.es\/dara\/wp-content\/uploads\/2024\/10\/archivo-fotografico-Francisco-Otal.png\u00bb _builder_version=\u00bb4.27.2&#8243; _module_preset=\u00bbdefault\u00bb link_option_url=\u00bbhttp:\/\/dpz.archivos.albadoc.com\/ms-opac\/doc-collection\/?idCollection=12&#8243; link_option_url_new_window=\u00bbon\u00bb global_colors_info=\u00bb{}\u00bb][\/ba_image_carousel_child][\/ba_image_carousel][\/et_pb_column][\/et_pb_row][et_pb_row _builder_version=\u00bb4.27.0&#8243; _module_preset=\u00bb_initial\u00bb custom_margin=\u00bb50px|0px|0px|0px|false|false\u00bb global_colors_info=\u00bb{}\u00bb][et_pb_column type=\u00bb4_4&#8243; _builder_version=\u00bb4.27.0&#8243; _module_preset=\u00bbdefault\u00bb global_colors_info=\u00bb{}\u00bb][et_pb_divider _builder_version=\u00bb4.27.0&#8243; _module_preset=\u00bbdefault\u00bb global_colors_info=\u00bb{}\u00bb][\/et_pb_divider][\/et_pb_column][\/et_pb_row][et_pb_row column_structure=\u00bb1_4,1_4,1_4,1_4&#8243; use_custom_gutter=\u00bbon\u00bb make_equal=\u00bbon\u00bb admin_label=\u00bbFila\u00bb _builder_version=\u00bb4.27.0&#8243; _module_preset=\u00bb_initial\u00bb width=\u00bb91%\u00bb global_colors_info=\u00bb{}\u00bb][et_pb_column type=\u00bb1_4&#8243; _builder_version=\u00bb4.27.0&#8243; _module_preset=\u00bbdefault\u00bb background_image=\u00bbhttps:\/\/dara.aragon.es\/dara\/wp-content\/uploads\/2024\/09\/Mapa-AHPTE.png\u00bb link_option_url_new_window=\u00bbon\u00bb global_colors_info=\u00bb{}\u00bb][et_pb_text _builder_version=\u00bb4.27.2&#8243; _module_preset=\u00bb_initial\u00bb global_colors_info=\u00bb{}\u00bb]<iframe src=\"https:\/\/www.google.com\/maps\/embed?pb=!1m18!1m12!1m3!1d2979.5329573639!2d-0.8722458225744215!3d41.68742907732868!2m3!1f0!2f0!3f0!3m2!1i1024!2i768!4f13.1!3m3!1m2!1s0xd5913782942ede7%3A0x348c1d6f067e2953!2sAv.%20de%20la%20Academia%20Gral.%20Militar%2C%2080%2C%2050015%20Zaragoza!5e0!3m2!1ses!2ses!4v1729145406193!5m2!1ses!2ses\" width=\"600\" height=\"450\" style=\"border:0;\" allowfullscreen=\"\" loading=\"lazy\" referrerpolicy=\"no-referrer-when-downgrade\"><\/iframe>[\/et_pb_text][\/et_pb_column][et_pb_column type=\u00bb1_4&#8243; _builder_version=\u00bb4.27.0&#8243; _module_preset=\u00bbdefault\u00bb global_colors_info=\u00bb{}\u00bb][et_pb_text admin_label=\u00bbTexto\u00bb _builder_version=\u00bb4.27.2&#8243; _module_preset=\u00bb_initial\u00bb width=\u00bb77.4%\u00bb max_width=\u00bb75%\u00bb module_alignment=\u00bbleft\u00bb min_height=\u00bb315px\u00bb height=\u00bb339px\u00bb max_height=\u00bb273px\u00bb custom_margin=\u00bb||||false|false\u00bb custom_padding=\u00bb||0px||false|false\u00bb global_colors_info=\u00bb{}\u00bb]<\/p>\n<h3><strong>Direcci\u00f3n<\/strong><\/h3>\n<p>Avda. Academia General Militar, 80<br \/>50015 Zaragoza<\/p>\n<h3><strong>Tel\u00e9fono de contacto:<\/strong><\/h3>\n<p>(34) 876 01 58 30<\/p>\n<h3><strong>E-mail:<\/strong><\/h3>\n<p><a href=\"mailto:adelabueno@escolapiosemaus.org\" target=\"_blank\" rel=\"noopener\">adelabueno@escolapiosemaus.org<\/a><br \/><strong><i class=\"fa fa-external-link naranja\"><br \/><\/i><\/strong><\/p>\n<h3><a href=\"https:\/\/www.escuelaspias.zaragoza.escolapiosemaus.org\/\" target=\"_blank\" rel=\"noopener\"><strong>Sitio web del archivo<\/strong><\/a><\/h3>\n<p>[\/et_pb_text][\/et_pb_column][et_pb_column type=\u00bb1_4&#8243; _builder_version=\u00bb4.27.0&#8243; _module_preset=\u00bbdefault\u00bb global_colors_info=\u00bb{}\u00bb][\/et_pb_column][et_pb_column type=\u00bb1_4&#8243; _builder_version=\u00bb4.27.0&#8243; _module_preset=\u00bbdefault\u00bb custom_padding=\u00bb||||false|false\u00bb global_colors_info=\u00bb{}\u00bb][\/et_pb_column][\/et_pb_row][\/et_pb_section]<\/p>\n","protected":false},"excerpt":{"rendered":"<p>Los Escolapios fueron fundados por el aragon\u00e9s San Jos\u00e9 de Calasanz en Roma el a\u00f1o 1617 con el nombre de Congregaci\u00f3n Paulina de Cl\u00e9rigos Regulares Pobres de la Madre de Dios de las Escuelas P\u00edas. En 1621, Gregorio XV la elev\u00f3 a Orden Religiosa con el nombre actual. Su presencia en Zaragoza arranca de 1731, [&hellip;]<\/p>\n","protected":false},"author":1,"featured_media":4895,"parent":0,"menu_order":0,"comment_status":"closed","ping_status":"closed","template":"","meta":{"_et_pb_use_builder":"on","_et_pb_old_content":"","_et_gb_content_width":"","om_disable_all_campaigns":false,"_monsterinsights_skip_tracking":false,"_monsterinsights_sitenote_active":false,"_monsterinsights_sitenote_note":"","_monsterinsights_sitenote_category":0,"_uf_show_specific_survey":0,"_uf_disable_surveys":false,"footnotes":""},"class_list":["post-4888","page","type-page","status-publish","has-post-thumbnail","hentry"],"yoast_head":"<!-- This site is optimized with the Yoast SEO plugin v26.2 - https:\/\/yoast.com\/wordpress\/plugins\/seo\/ -->\n<title>ESCUELAS P\u00cdAS DE ARAG\u00d3N - DARA GENERAL<\/title>\n<meta name=\"robots\" content=\"index, follow, max-snippet:-1, max-image-preview:large, max-video-preview:-1\" \/>\n<link rel=\"canonical\" href=\"https:\/\/dara.aragon.es\/dara\/escuelas-pias-de-aragon\/\" \/>\n<meta property=\"og:locale\" content=\"es_ES\" \/>\n<meta property=\"og:type\" content=\"article\" \/>\n<meta property=\"og:title\" content=\"ESCUELAS P\u00cdAS DE ARAG\u00d3N - DARA GENERAL\" \/>\n<meta property=\"og:description\" content=\"Los Escolapios fueron fundados por el aragon\u00e9s San Jos\u00e9 de Calasanz en Roma el a\u00f1o 1617 con el nombre de Congregaci\u00f3n Paulina de Cl\u00e9rigos Regulares Pobres de la Madre de Dios de las Escuelas P\u00edas. En 1621, Gregorio XV la elev\u00f3 a Orden Religiosa con el nombre actual. Su presencia en Zaragoza arranca de 1731, [&hellip;]\" \/>\n<meta property=\"og:url\" content=\"https:\/\/dara.aragon.es\/dara\/escuelas-pias-de-aragon\/\" \/>\n<meta property=\"og:site_name\" content=\"DARA GENERAL\" \/>\n<meta property=\"article:modified_time\" content=\"2024-12-13T14:06:00+00:00\" \/>\n<meta property=\"og:image\" content=\"https:\/\/dara.aragon.es\/dara\/wp-content\/uploads\/2024\/07\/Escuelas-Pias426.png\" \/>\n\t<meta property=\"og:image:width\" content=\"426\" \/>\n\t<meta property=\"og:image:height\" content=\"426\" \/>\n\t<meta property=\"og:image:type\" content=\"image\/png\" \/>\n<meta name=\"twitter:card\" content=\"summary_large_image\" \/>\n<meta name=\"twitter:label1\" content=\"Tiempo de lectura\" \/>\n\t<meta name=\"twitter:data1\" content=\"9 minutos\" \/>\n<script type=\"application\/ld+json\" class=\"yoast-schema-graph\">{\"@context\":\"https:\/\/schema.org\",\"@graph\":[{\"@type\":\"WebPage\",\"@id\":\"https:\/\/dara.aragon.es\/dara\/escuelas-pias-de-aragon\/\",\"url\":\"https:\/\/dara.aragon.es\/dara\/escuelas-pias-de-aragon\/\",\"name\":\"ESCUELAS P\u00cdAS DE ARAG\u00d3N - DARA GENERAL\",\"isPartOf\":{\"@id\":\"https:\/\/dara.aragon.es\/dara\/#website\"},\"primaryImageOfPage\":{\"@id\":\"https:\/\/dara.aragon.es\/dara\/escuelas-pias-de-aragon\/#primaryimage\"},\"image\":{\"@id\":\"https:\/\/dara.aragon.es\/dara\/escuelas-pias-de-aragon\/#primaryimage\"},\"thumbnailUrl\":\"https:\/\/dara.aragon.es\/dara\/wp-content\/uploads\/2024\/07\/Escuelas-Pias426.png\",\"datePublished\":\"2024-07-23T11:00:42+00:00\",\"dateModified\":\"2024-12-13T14:06:00+00:00\",\"breadcrumb\":{\"@id\":\"https:\/\/dara.aragon.es\/dara\/escuelas-pias-de-aragon\/#breadcrumb\"},\"inLanguage\":\"es\",\"potentialAction\":[{\"@type\":\"ReadAction\",\"target\":[\"https:\/\/dara.aragon.es\/dara\/escuelas-pias-de-aragon\/\"]}]},{\"@type\":\"ImageObject\",\"inLanguage\":\"es\",\"@id\":\"https:\/\/dara.aragon.es\/dara\/escuelas-pias-de-aragon\/#primaryimage\",\"url\":\"https:\/\/dara.aragon.es\/dara\/wp-content\/uploads\/2024\/07\/Escuelas-Pias426.png\",\"contentUrl\":\"https:\/\/dara.aragon.es\/dara\/wp-content\/uploads\/2024\/07\/Escuelas-Pias426.png\",\"width\":426,\"height\":426},{\"@type\":\"BreadcrumbList\",\"@id\":\"https:\/\/dara.aragon.es\/dara\/escuelas-pias-de-aragon\/#breadcrumb\",\"itemListElement\":[{\"@type\":\"ListItem\",\"position\":1,\"name\":\"Portada\",\"item\":\"https:\/\/dara.aragon.es\/dara\/\"},{\"@type\":\"ListItem\",\"position\":2,\"name\":\"ESCUELAS P\u00cdAS DE ARAG\u00d3N\"}]},{\"@type\":\"WebSite\",\"@id\":\"https:\/\/dara.aragon.es\/dara\/#website\",\"url\":\"https:\/\/dara.aragon.es\/dara\/\",\"name\":\"DARA GENERAL\",\"description\":\"Documentos y archivos de Arag\u00f3n\",\"potentialAction\":[{\"@type\":\"SearchAction\",\"target\":{\"@type\":\"EntryPoint\",\"urlTemplate\":\"https:\/\/dara.aragon.es\/dara\/?s={search_term_string}\"},\"query-input\":{\"@type\":\"PropertyValueSpecification\",\"valueRequired\":true,\"valueName\":\"search_term_string\"}}],\"inLanguage\":\"es\"}]}<\/script>\n<!-- \/ Yoast SEO plugin. -->","yoast_head_json":{"title":"ESCUELAS P\u00cdAS DE ARAG\u00d3N - DARA GENERAL","robots":{"index":"index","follow":"follow","max-snippet":"max-snippet:-1","max-image-preview":"max-image-preview:large","max-video-preview":"max-video-preview:-1"},"canonical":"https:\/\/dara.aragon.es\/dara\/escuelas-pias-de-aragon\/","og_locale":"es_ES","og_type":"article","og_title":"ESCUELAS P\u00cdAS DE ARAG\u00d3N - DARA GENERAL","og_description":"Los Escolapios fueron fundados por el aragon\u00e9s San Jos\u00e9 de Calasanz en Roma el a\u00f1o 1617 con el nombre de Congregaci\u00f3n Paulina de Cl\u00e9rigos Regulares Pobres de la Madre de Dios de las Escuelas P\u00edas. En 1621, Gregorio XV la elev\u00f3 a Orden Religiosa con el nombre actual. Su presencia en Zaragoza arranca de 1731, [&hellip;]","og_url":"https:\/\/dara.aragon.es\/dara\/escuelas-pias-de-aragon\/","og_site_name":"DARA GENERAL","article_modified_time":"2024-12-13T14:06:00+00:00","og_image":[{"width":426,"height":426,"url":"https:\/\/dara.aragon.es\/dara\/wp-content\/uploads\/2024\/07\/Escuelas-Pias426.png","type":"image\/png"}],"twitter_card":"summary_large_image","twitter_misc":{"Tiempo de lectura":"9 minutos"},"schema":{"@context":"https:\/\/schema.org","@graph":[{"@type":"WebPage","@id":"https:\/\/dara.aragon.es\/dara\/escuelas-pias-de-aragon\/","url":"https:\/\/dara.aragon.es\/dara\/escuelas-pias-de-aragon\/","name":"ESCUELAS P\u00cdAS DE ARAG\u00d3N - DARA GENERAL","isPartOf":{"@id":"https:\/\/dara.aragon.es\/dara\/#website"},"primaryImageOfPage":{"@id":"https:\/\/dara.aragon.es\/dara\/escuelas-pias-de-aragon\/#primaryimage"},"image":{"@id":"https:\/\/dara.aragon.es\/dara\/escuelas-pias-de-aragon\/#primaryimage"},"thumbnailUrl":"https:\/\/dara.aragon.es\/dara\/wp-content\/uploads\/2024\/07\/Escuelas-Pias426.png","datePublished":"2024-07-23T11:00:42+00:00","dateModified":"2024-12-13T14:06:00+00:00","breadcrumb":{"@id":"https:\/\/dara.aragon.es\/dara\/escuelas-pias-de-aragon\/#breadcrumb"},"inLanguage":"es","potentialAction":[{"@type":"ReadAction","target":["https:\/\/dara.aragon.es\/dara\/escuelas-pias-de-aragon\/"]}]},{"@type":"ImageObject","inLanguage":"es","@id":"https:\/\/dara.aragon.es\/dara\/escuelas-pias-de-aragon\/#primaryimage","url":"https:\/\/dara.aragon.es\/dara\/wp-content\/uploads\/2024\/07\/Escuelas-Pias426.png","contentUrl":"https:\/\/dara.aragon.es\/dara\/wp-content\/uploads\/2024\/07\/Escuelas-Pias426.png","width":426,"height":426},{"@type":"BreadcrumbList","@id":"https:\/\/dara.aragon.es\/dara\/escuelas-pias-de-aragon\/#breadcrumb","itemListElement":[{"@type":"ListItem","position":1,"name":"Portada","item":"https:\/\/dara.aragon.es\/dara\/"},{"@type":"ListItem","position":2,"name":"ESCUELAS P\u00cdAS DE ARAG\u00d3N"}]},{"@type":"WebSite","@id":"https:\/\/dara.aragon.es\/dara\/#website","url":"https:\/\/dara.aragon.es\/dara\/","name":"DARA GENERAL","description":"Documentos y archivos de Arag\u00f3n","potentialAction":[{"@type":"SearchAction","target":{"@type":"EntryPoint","urlTemplate":"https:\/\/dara.aragon.es\/dara\/?s={search_term_string}"},"query-input":{"@type":"PropertyValueSpecification","valueRequired":true,"valueName":"search_term_string"}}],"inLanguage":"es"}]}},"_links":{"self":[{"href":"https:\/\/dara.aragon.es\/dara\/wp-json\/wp\/v2\/pages\/4888","targetHints":{"allow":["GET"]}}],"collection":[{"href":"https:\/\/dara.aragon.es\/dara\/wp-json\/wp\/v2\/pages"}],"about":[{"href":"https:\/\/dara.aragon.es\/dara\/wp-json\/wp\/v2\/types\/page"}],"author":[{"embeddable":true,"href":"https:\/\/dara.aragon.es\/dara\/wp-json\/wp\/v2\/users\/1"}],"replies":[{"embeddable":true,"href":"https:\/\/dara.aragon.es\/dara\/wp-json\/wp\/v2\/comments?post=4888"}],"version-history":[{"count":0,"href":"https:\/\/dara.aragon.es\/dara\/wp-json\/wp\/v2\/pages\/4888\/revisions"}],"wp:featuredmedia":[{"embeddable":true,"href":"https:\/\/dara.aragon.es\/dara\/wp-json\/wp\/v2\/media\/4895"}],"wp:attachment":[{"href":"https:\/\/dara.aragon.es\/dara\/wp-json\/wp\/v2\/media?parent=4888"}],"curies":[{"name":"wp","href":"https:\/\/api.w.org\/{rel}","templated":true}]}}