{"id":5164,"date":"2024-09-24T08:33:51","date_gmt":"2024-09-24T08:33:51","guid":{"rendered":"https:\/\/dara.aragon.es\/dara\/?page_id=5164"},"modified":"2025-12-29T13:23:27","modified_gmt":"2025-12-29T13:23:27","slug":"archivo-historico-provincial-de-teruel-2","status":"publish","type":"page","link":"https:\/\/dara.aragon.es\/dara\/archivo-historico-provincial-de-teruel-2\/","title":{"rendered":"Archivo Hist\u00f3rico Provincial de Teruel"},"content":{"rendered":"<p>[et_pb_section fb_built=\u00bb1&#8243; fullwidth=\u00bbon\u00bb _builder_version=\u00bb4.27.2&#8243; _module_preset=\u00bbdefault\u00bb global_colors_info=\u00bb{}\u00bb][et_pb_fullwidth_header title=\u00bbARCHIVO HIST\u00d3RICO PROVINCIAL DE TERUEL\u00bb text_orientation=\u00bbcenter\u00bb background_overlay_color=\u00bbrgba(0,0,0,0.4)\u00bb admin_label=\u00bbContents\u00bb _builder_version=\u00bb4.27.2&#8243; title_font=\u00bbOswald|||on|\u00bb title_text_align=\u00bbcenter\u00bb title_font_size=\u00bb35px\u00bb title_letter_spacing=\u00bb0.05em\u00bb title_line_height=\u00bb1.5em\u00bb content_font_size=\u00bb35px\u00bb content_letter_spacing=\u00bb1px\u00bb content_line_height=\u00bb1.5em\u00bb subhead_font=\u00bbNunito|600|||||||\u00bb subhead_font_size=\u00bb20px\u00bb subhead_line_height=\u00bb1.9em\u00bb background_color=\u00bb#26528D\u00bb background_enable_image=\u00bboff\u00bb parallax=\u00bbon\u00bb parallax_method=\u00bbon\u00bb custom_button_one=\u00bbon\u00bb button_one_text_size=\u00bb15px\u00bb button_one_bg_color=\u00bb#dca57d\u00bb button_one_border_width=\u00bb10px\u00bb button_one_border_color=\u00bb#dca57d\u00bb button_one_border_radius=\u00bb0px\u00bb button_one_letter_spacing=\u00bb3px\u00bb button_one_font=\u00bbOswald|||on|\u00bb button_one_use_icon=\u00bboff\u00bb custom_margin=\u00bb|||\u00bb custom_padding=\u00bb1%||1%||false|false\u00bb animation_style=\u00bbfade\u00bb animation_starting_opacity=\u00bb50%\u00bb animation_speed_curve=\u00bbease-in\u00bb title_font_size_tablet=\u00bb60px\u00bb title_font_size_phone=\u00bb40px\u00bb title_font_size_last_edited=\u00bbon|phone\u00bb button_one_border_color_hover=\u00bb#c99872&#8243; button_one_border_radius_hover=\u00bb0px\u00bb button_one_letter_spacing_hover=\u00bb3px\u00bb button_one_bg_color_hover=\u00bb#c99872&#8243; global_colors_info=\u00bb{}\u00bb button_one_text_size__hover_enabled=\u00bboff\u00bb button_two_text_size__hover_enabled=\u00bboff\u00bb button_one_text_color__hover_enabled=\u00bboff\u00bb button_two_text_color__hover_enabled=\u00bboff\u00bb button_one_border_width__hover_enabled=\u00bboff\u00bb button_two_border_width__hover_enabled=\u00bboff\u00bb button_one_border_color__hover_enabled=\u00bbon\u00bb button_one_border_color__hover=\u00bb#c99872&#8243; button_two_border_color__hover_enabled=\u00bboff\u00bb button_one_border_radius__hover_enabled=\u00bbon\u00bb button_one_border_radius__hover=\u00bb0px\u00bb button_two_border_radius__hover_enabled=\u00bboff\u00bb button_one_letter_spacing__hover_enabled=\u00bbon\u00bb button_one_letter_spacing__hover=\u00bb3px\u00bb button_two_letter_spacing__hover_enabled=\u00bboff\u00bb button_one_bg_color__hover_enabled=\u00bbon\u00bb button_one_bg_color__hover=\u00bb#c99872&#8243; button_two_bg_color__hover_enabled=\u00bboff\u00bb][\/et_pb_fullwidth_header][\/et_pb_section][et_pb_section fb_built=\u00bb1&#8243; _builder_version=\u00bb4.27.2&#8243; _module_preset=\u00bb1a08a2a8-4ab4-4d5a-aa64-ccfffe0d51c6&#8243; global_colors_info=\u00bb{}\u00bb][et_pb_row column_structure=\u00bb1_4,3_4&#8243; make_equal=\u00bbon\u00bb _builder_version=\u00bb4.27.4&#8243; _module_preset=\u00bb_initial\u00bb background_enable_image=\u00bboff\u00bb max_width=\u00bb95%\u00bb global_colors_info=\u00bb{}\u00bb][et_pb_column type=\u00bb1_4&#8243; _builder_version=\u00bb4.27.4&#8243; _module_preset=\u00bbdefault\u00bb background_image=\u00bbhttps:\/\/dara.aragon.es\/dara\/wp-content\/uploads\/2024\/07\/AHPTE-DEF-e1728459367308.jpg\u00bb border_radii=\u00bbon|29px|29px|29px|29px\u00bb global_colors_info=\u00bb{}\u00bb][\/et_pb_column][et_pb_column type=\u00bb3_4&#8243; _builder_version=\u00bb4.27.0&#8243; _module_preset=\u00bbdefault\u00bb global_colors_info=\u00bb{}\u00bb][et_pb_text _builder_version=\u00bb4.27.0&#8243; _module_preset=\u00bb_initial\u00bb global_colors_info=\u00bb{}\u00bb]<\/p>\n<p>En 1953 se inaugura en Teruel el Palacio de Archivos, Bibliotecas y Museos, cuya tercera planta se destin\u00f3 a acoger los protocolos notariales centenarios de la capital, n\u00facleo fundacional del Archivo Hist\u00f3rico Provincial. Su creaci\u00f3n oficial se retrasa hasta el 10 de marzo de 1958, impulsada por el descubrimiento del protocolo que relata la historia de los Amantes de Teruel.<\/p>\n<p>Durante los a\u00f1os sesenta comienzan a recibirse regularmente las transferencias de documentos procedentes de las delegaciones provinciales. Finalmente, los progresivos problemas de espacio obligan al traslado del Archivo en 1987a su actual sede situada en la Ronda D\u00e1maso Tor\u00e1n.<\/p>\n<p>El Archivo custodia fondos documentales procedentes de:<\/p>\n<p>\u2013 Notar\u00edas (protocolos notariales centenarios).<\/p>\n<p>\u2013 Administraci\u00f3n Perif\u00e9rica del Estado.<\/p>\n<p>\u2013 Delegaci\u00f3n Territorial de los Servicios Provinciales del Gobierno de Arag\u00f3n.<\/p>\n<p>\u2013 Administraci\u00f3n Local: ingresa por dep\u00f3sito.<\/p>\n<p>\u2013 Entidades privadas: documentaci\u00f3n de inter\u00e9s hist\u00f3rico que ingresa mediante donaci\u00f3n, compra o dep\u00f3sito.<\/p>\n<p>[\/et_pb_text][\/et_pb_column][\/et_pb_row][et_pb_row column_structure=\u00bb1_4,1_4,1_4,1_4&#8243; make_equal=\u00bbon\u00bb _builder_version=\u00bb4.27.0&#8243; _module_preset=\u00bb_initial\u00bb background_enable_image=\u00bboff\u00bb custom_margin=\u00bb50px|0px|0px|0px|false|false\u00bb global_colors_info=\u00bb{}\u00bb][et_pb_column type=\u00bb1_4&#8243; _builder_version=\u00bb4.27.0&#8243; _module_preset=\u00bbdefault\u00bb background_enable_image=\u00bboff\u00bb global_colors_info=\u00bb{}\u00bb][\/et_pb_column][et_pb_column type=\u00bb1_4&#8243; _builder_version=\u00bb4.27.0&#8243; _module_preset=\u00bbdefault\u00bb global_colors_info=\u00bb{}\u00bb][et_pb_button button_url=\u00bbhttps:\/\/dara.aragon.es\/dara\/wp-content\/uploads\/2024\/09\/Cuadro-de-clasificacion-AHPTE.pdf\u00bb url_new_window=\u00bbon\u00bb button_text=\u00bbCuadro de clasificaci\u00f3n\u00bb _builder_version=\u00bb4.27.0&#8243; _module_preset=\u00bb_initial\u00bb global_colors_info=\u00bb{}\u00bb][\/et_pb_button][\/et_pb_column][et_pb_column type=\u00bb1_4&#8243; _builder_version=\u00bb4.27.0&#8243; _module_preset=\u00bbdefault\u00bb global_colors_info=\u00bb{}\u00bb][et_pb_button button_url=\u00bbhttps:\/\/dara.aragon.es\/opac\/app\/simple\/ahpt\u00bb url_new_window=\u00bbon\u00bb button_text=\u00bbBuscador de documentos\u00bb _builder_version=\u00bb4.27.2&#8243; _module_preset=\u00bb_initial\u00bb global_colors_info=\u00bb{}\u00bb][\/et_pb_button][\/et_pb_column][et_pb_column type=\u00bb1_4&#8243; _builder_version=\u00bb4.19.0&#8243; _module_preset=\u00bbdefault\u00bb global_colors_info=\u00bb{}\u00bb][et_pb_button button_url=\u00bbhttps:\/\/dara.aragon.es\/opac\/app\/results\/ahpte?ar=3&amp;ob=re:1&#8243; url_new_window=\u00bbon\u00bb button_text=\u00bbTodos los registros\u00bb _builder_version=\u00bb4.27.0&#8243; _module_preset=\u00bb_initial\u00bb global_colors_info=\u00bb{}\u00bb][\/et_pb_button][\/et_pb_column][\/et_pb_row][et_pb_row _builder_version=\u00bb4.27.0&#8243; _module_preset=\u00bb_initial\u00bb custom_margin=\u00bb100px|0px|0px|0px|false|false\u00bb locked=\u00bboff\u00bb global_colors_info=\u00bb{}\u00bb][et_pb_column type=\u00bb4_4&#8243; _builder_version=\u00bb4.25.1&#8243; _module_preset=\u00bbdefault\u00bb global_colors_info=\u00bb{}\u00bb][et_pb_text admin_label=\u00bbTittle\u00bb _builder_version=\u00bb4.27.0&#8243; _module_preset=\u00bb_initial\u00bb text_font=\u00bbNunito|||||on|||\u00bb text_text_color=\u00bb#26528D\u00bb text_font_size=\u00bb18px\u00bb text_line_height=\u00bb1.8em\u00bb header_font=\u00bb||||||||\u00bb header_text_color=\u00bb#26528D\u00bb header_2_font=\u00bbOswald|||on|||||\u00bb header_2_text_align=\u00bbcenter\u00bb header_2_font_size=\u00bb40px\u00bb header_2_letter_spacing=\u00bb1px\u00bb header_2_line_height=\u00bb1.5em\u00bb header_3_font=\u00bb||||||||\u00bb max_width_last_edited=\u00bboff|desktop\u00bb module_alignment=\u00bbcenter\u00bb custom_margin=\u00bb||10px||false|false\u00bb global_colors_info=\u00bb{}\u00bb]<\/p>\n<h2><span style=\"color: #26528d\">destacados- archivos y fondos documentales<\/span><\/h2>\n<p>[\/et_pb_text][ba_image_carousel animation_speed=\u00bb500ms\u00bb is_autoplay=\u00bboff\u00bb is_variable_width=\u00bbon\u00bb slide_width=\u00bb290px\u00bb slide_spacing=\u00bb2px\u00bb nav_height=\u00bb51px\u00bb nav_width=\u00bb48px\u00bb nav_color=\u00bb#26528D\u00bb nav_bg=\u00bb#FFFFFF\u00bb icon_left=\u00bb&#x23;||divi||400&#8243; icon_right=\u00bb&#x24;||divi||400&#8243; pagi_radius=\u00bbon|0px|0px|0px|0px\u00bb _builder_version=\u00bb4.27.4&#8243; _module_preset=\u00bbdefault\u00bb title_font=\u00bb||||||||\u00bb title_line_height=\u00bb1em\u00bb subtitle_level=\u00bbh3&#8243; text_orientation=\u00bbleft\u00bb global_colors_info=\u00bb{}\u00bb nav_color__hover_enabled=\u00bbon|hover\u00bb nav_color__hover=\u00bb#0D3857&#8243;][ba_image_carousel_child photo=\u00bbhttps:\/\/dara.aragon.es\/dara\/wp-content\/uploads\/2024\/09\/5.png\u00bb title=\u00bbProtocolos notariales\u00bb _builder_version=\u00bb4.27.4&#8243; _module_preset=\u00bbdefault\u00bb text_orientation=\u00bbcenter\u00bb link_option_url=\u00bbhttps:\/\/dara.aragon.es\/dara\/protocolos-notariales\/\u00bb link_option_url_new_window=\u00bbon\u00bb hover_enabled=\u00bb0&#8243; border_width_all_item=\u00bb2px\u00bb border_color_all_item=\u00bb#E1DAD0&#8243; global_colors_info=\u00bb{}\u00bb sticky_enabled=\u00bb0&#8243;][\/ba_image_carousel_child][ba_image_carousel_child photo=\u00bbhttps:\/\/dara.aragon.es\/dara\/wp-content\/uploads\/2024\/09\/3-1.png\u00bb title=\u00bbConcejo de Teruel\u00bb _builder_version=\u00bb4.27.2&#8243; _module_preset=\u00bbdefault\u00bb text_orientation=\u00bbright\u00bb custom_margin=\u00bb0px|||0px|false|false\u00bb link_option_url=\u00bbhttps:\/\/dara.aragon.es\/opac\/app\/results\/doma?p=0&amp;st=.4.267.275.356&amp;ob=df:1&amp;vm=mv&amp;al=6,7,8&#8243; link_option_url_new_window=\u00bbon\u00bb border_width_all_item=\u00bb2px\u00bb border_color_all_item=\u00bb#E1DAD0&#8243; box_shadow_style_content=\u00bbpreset5&#8243; box_shadow_vertical_content=\u00bb3px\u00bb global_colors_info=\u00bb{}\u00bb][\/ba_image_carousel_child][ba_image_carousel_child photo=\u00bbhttps:\/\/dara.aragon.es\/dara\/wp-content\/uploads\/2024\/09\/3-1.png\u00bb title=\u00bbComunidad de Aldeas de Teruel\u00bb content_bg_color=\u00bb#FFFFFF\u00bb _builder_version=\u00bb4.27.2&#8243; _module_preset=\u00bbdefault\u00bb title_text_color=\u00bb#232323&#8243; link_option_url=\u00bbhttps:\/\/dara.aragon.es\/opac\/app\/results\/doma?p=0&amp;st=.4.267.275.357&amp;ob=df:1&amp;vm=mv&amp;al=6,7,8&#8243; link_option_url_new_window=\u00bbon\u00bb border_width_all_item=\u00bb2px\u00bb border_color_all_item=\u00bb#D6D6D6&#8243; button_text_shadow_color=\u00bb#E1DAD0&#8243; global_colors_info=\u00bb{}\u00bb][\/ba_image_carousel_child][ba_image_carousel_child photo=\u00bbhttps:\/\/dara.aragon.es\/dara\/wp-content\/uploads\/2024\/09\/2.png\u00bb title=\u00bbJusticia municipal\u00bb _builder_version=\u00bb4.27.2&#8243; _module_preset=\u00bbdefault\u00bb link_option_url=\u00bbhttps:\/\/dara.aragon.es\/opac\/app\/results\/ahpte?st=.4.267.271&amp;backTo.f=ahpte&amp;backTo=SHOW_CLASSIFICATION_TABLE&amp;backTo.path=.4.267.271&#8243; link_option_url_new_window=\u00bbon\u00bb border_width_all_item=\u00bb2px\u00bb border_color_all_item=\u00bb#E1DAD0&#8243; button_text_shadow_color=\u00bb#E1DAD0&#8243; global_colors_info=\u00bb{}\u00bb][\/ba_image_carousel_child][ba_image_carousel_child photo=\u00bbhttps:\/\/dara.aragon.es\/dara\/wp-content\/uploads\/2024\/09\/4-2.png\u00bb title=\u00bbFamilia S\u00e1nchez Mu\u00f1oz\u00bb _builder_version=\u00bb4.27.2&#8243; _module_preset=\u00bbdefault\u00bb link_option_url=\u00bbhttps:\/\/dara.aragon.es\/opac\/app\/results\/doma?p=0&amp;st=.4.268.278.367&amp;ob=df:1&amp;vm=mv&amp;al=6,7,8&#8243; link_option_url_new_window=\u00bbon\u00bb border_width_all_item=\u00bb2px\u00bb border_color_all_item=\u00bb#E1DAD0&#8243; global_colors_info=\u00bb{}\u00bb][\/ba_image_carousel_child][ba_image_carousel_child photo=\u00bbhttps:\/\/dara.aragon.es\/dara\/wp-content\/uploads\/2024\/09\/1-1.png\u00bb title=\u00bbMarquesado de Barboles\u00bb _builder_version=\u00bb4.27.2&#8243; _module_preset=\u00bbdefault\u00bb link_option_url=\u00bbhttps:\/\/dara.aragon.es\/opac\/app\/results\/ahpt?p=0&amp;q=*&amp;st=.4.268.278.620228&amp;ob=re:1&amp;vm=mv\u00bb link_option_url_new_window=\u00bbon\u00bb border_width_all_item=\u00bb2px\u00bb border_color_all_item=\u00bb#D6D6D6&#8243; global_colors_info=\u00bb{}\u00bb][\/ba_image_carousel_child][\/ba_image_carousel][\/et_pb_column][\/et_pb_row][et_pb_row _builder_version=\u00bb4.27.0&#8243; _module_preset=\u00bb_initial\u00bb custom_margin=\u00bb50px|0px|0px|0px|false|false\u00bb global_colors_info=\u00bb{}\u00bb][et_pb_column type=\u00bb4_4&#8243; _builder_version=\u00bb4.27.0&#8243; _module_preset=\u00bbdefault\u00bb global_colors_info=\u00bb{}\u00bb][et_pb_divider _builder_version=\u00bb4.27.0&#8243; _module_preset=\u00bbdefault\u00bb global_colors_info=\u00bb{}\u00bb][\/et_pb_divider][\/et_pb_column][\/et_pb_row][et_pb_row column_structure=\u00bb1_4,1_4,1_4,1_4&#8243; use_custom_gutter=\u00bbon\u00bb make_equal=\u00bbon\u00bb admin_label=\u00bbFila\u00bb _builder_version=\u00bb4.27.0&#8243; _module_preset=\u00bb_initial\u00bb width=\u00bb91%\u00bb global_colors_info=\u00bb{}\u00bb][et_pb_column type=\u00bb1_4&#8243; _builder_version=\u00bb4.27.0&#8243; _module_preset=\u00bbdefault\u00bb background_image=\u00bbhttps:\/\/dara.aragon.es\/dara\/wp-content\/uploads\/2024\/09\/Mapa-AHPTE.png\u00bb link_option_url_new_window=\u00bbon\u00bb global_colors_info=\u00bb{}\u00bb][et_pb_text _builder_version=\u00bb4.27.0&#8243; _module_preset=\u00bb_initial\u00bb global_colors_info=\u00bb{}\u00bb][\/et_pb_text][\/et_pb_column][et_pb_column type=\u00bb1_4&#8243; _builder_version=\u00bb4.27.0&#8243; _module_preset=\u00bbdefault\u00bb global_colors_info=\u00bb{}\u00bb][et_pb_text admin_label=\u00bbTexto\u00bb _builder_version=\u00bb4.27.0&#8243; _module_preset=\u00bb_initial\u00bb width=\u00bb77.4%\u00bb max_width=\u00bb75%\u00bb module_alignment=\u00bbleft\u00bb min_height=\u00bb315px\u00bb height=\u00bb339px\u00bb max_height=\u00bb273px\u00bb custom_margin=\u00bb||||false|false\u00bb custom_padding=\u00bb||0px||false|false\u00bb global_colors_info=\u00bb{}\u00bb]<\/p>\n<h3><strong>Direcci\u00f3n<\/strong><\/h3>\n<p>Ronda de D\u00e1maso Toran,\u00a054. 44003 Teruel<\/p>\n<h3><strong>Tel\u00e9fono de contacto:<\/strong><\/h3>\n<p>(34) 978 608 387<br \/>FAX: 978 611 437<\/p>\n<h3><strong>E-mail:<\/strong><\/h3>\n<p><a href=\"mailto:archivoteruel@aragon.es\">archivoteruel@aragon.es<\/a><\/p>\n<p>&nbsp;<\/p>\n<h3><a href=\"https:\/\/culturadearagon.es\/archivos\/archivo-historico-provincial-de-teruel\/\" target=\"_blank\" rel=\"noopener\"><strong>Sitio web del archivo<\/strong><\/a><\/h3>\n<h3><\/h3>\n<h3><strong><\/strong><\/h3>\n<p>[\/et_pb_text][\/et_pb_column][et_pb_column type=\u00bb1_4&#8243; _builder_version=\u00bb4.27.0&#8243; _module_preset=\u00bbdefault\u00bb global_colors_info=\u00bb{}\u00bb][et_pb_text _builder_version=\u00bb4.27.0&#8243; _module_preset=\u00bb_initial\u00bb custom_margin=\u00bb||||false|false\u00bb custom_margin_tablet=\u00bb|||0px|false|false\u00bb custom_margin_phone=\u00bb|||0px|false|false\u00bb custom_margin_last_edited=\u00bbon|tablet\u00bb custom_padding=\u00bb||||false|false\u00bb global_colors_info=\u00bb{}\u00bb]<\/p>\n<h3><a href=\"https:\/\/culturadearagon.es\/archivo\/servicios\/\" target=\"_blank\" rel=\"noopener\">Servicios<\/a><\/h3>\n<p>&#8211; <a href=\"https:\/\/culturadearagon.es\/archivos\/archivo-historico-provincial-de-teruel\/\" target=\"_blank\" rel=\"noopener\">Acceso e informaci\u00f3n: consultas gen\u00e9ricas, informaci\u00f3n sobre los fondos, compulsas, informes y certificaciones.<\/a><\/p>\n<p>&#8211; <a href=\"https:\/\/culturadearagon.es\/archivos\/archivo-historico-provincial-de-teruel\/\" target=\"_blank\" rel=\"noopener\">Consulta de fondos documentales: acceso al\u00a0 documentos o copias.<\/a><\/p>\n<p><a href=\"https:\/\/culturadearagon.es\/archivos\/archivo-historico-provincial-de-teruel\/\" target=\"_blank\" rel=\"noopener\">&#8211; Reproducci\u00f3n de documentos.<\/a><\/p>\n<p>&#8211; <a href=\"https:\/\/bibliotecas.aragon.es\/cgi-bin\/opac\/OpY518AN1fZE6Upj0VXn0bxj76U?ACC=101\" target=\"_blank\" rel=\"noopener\">Biblioteca auxiliar<\/a><\/p>\n<p>&#8211; <a href=\"https:\/\/culturadearagon.es\/archivos\/archivo-historico-provincial-de-teruel\/\" target=\"_blank\" rel=\"noopener\">Servicio a administraciones p\u00fablicas<\/a><\/p>\n<p>&#8211; <a href=\"https:\/\/culturadearagon.es\/archivos\/archivo-historico-provincial-de-teruel\/\" target=\"_blank\" rel=\"noopener\">Difusi\u00f3n: visitas, exposiciones, publicaciones, recursos did\u00e1cticos<\/a><\/p>\n<p>&nbsp;<\/p>\n<p>[\/et_pb_text][\/et_pb_column][et_pb_column type=\u00bb1_4&#8243; _builder_version=\u00bb4.27.0&#8243; _module_preset=\u00bbdefault\u00bb custom_padding=\u00bb||||false|false\u00bb global_colors_info=\u00bb{}\u00bb][et_pb_text _builder_version=\u00bb4.27.2&#8243; _module_preset=\u00bb_initial\u00bb custom_margin=\u00bb||||false|false\u00bb custom_margin_tablet=\u00bb|||0px|false|false\u00bb custom_margin_phone=\u00bb|||0px|false|false\u00bb custom_margin_last_edited=\u00bbon|desktop\u00bb global_colors_info=\u00bb{}\u00bb]<\/p>\n<h3>Bibliograf\u00eda<\/h3>\n<ul>\n<li>Reyes Serrano Gonz\u00e1lez, Archivo Hist\u00f3rico Provincial de Teruel. Gu\u00eda del investigador, Zaragoza, Gobierno de Arag\u00f3n, 1995.<\/li>\n<\/ul>\n<h3><\/h3>\n<h3><\/h3>\n<h3><a href=\"https:\/\/culturadearagon.es\/publicaciones\/?filter=true&amp;coleccion=archivo-historico-provincial-de-teruel\" target=\"_blank\" rel=\"noopener\">M\u00e1s publicaciones<\/a><\/h3>\n<p>&nbsp;<\/p>\n<h3><a href=\"https:\/\/www.mcu.es\/ccbae\/es\/consulta\/resultados_busqueda_restringida.do?idOrigen=198436&amp;tipoResultados=BIB&amp;busq_autorfaceta=Archivo+Hist%C3%B3rico+Provincial+de+Teruel&amp;descrip_autorfaceta=Archivo+Hist%C3%B3rico+Provincial+de+Teruel\" target=\"_blank\" rel=\"noopener\">Publicaciones del AHPT\u00a0<\/a><\/h3>\n<h3><a href=\"https:\/\/www.mcu.es\/ccbae\/es\/consulta\/resultados_busqueda_restringida.do?idOrigen=198436&amp;tipoResultados=BIB&amp;busq_autorfaceta=Archivo+Hist%C3%B3rico+Provincial+de+Teruel&amp;descrip_autorfaceta=Archivo+Hist%C3%B3rico+Provincial+de+Teruel\" target=\"_blank\" rel=\"noopener\"> Cat\u00e1logo Coletivo Red de AAEE<\/a><\/h3>\n<p>[\/et_pb_text][\/et_pb_column][\/et_pb_row][\/et_pb_section]<\/p>\n","protected":false},"excerpt":{"rendered":"<p>En 1953 se inaugura en Teruel el Palacio de Archivos, Bibliotecas y Museos, cuya tercera planta se destin\u00f3 a acoger los protocolos notariales centenarios de la capital, n\u00facleo fundacional del Archivo Hist\u00f3rico Provincial. Su creaci\u00f3n oficial se retrasa hasta el 10 de marzo de 1958, impulsada por el descubrimiento del protocolo que relata la historia [&hellip;]<\/p>\n","protected":false},"author":1,"featured_media":0,"parent":0,"menu_order":0,"comment_status":"closed","ping_status":"closed","template":"","meta":{"_et_pb_use_builder":"on","_et_pb_old_content":"","_et_gb_content_width":"","om_disable_all_campaigns":false,"_monsterinsights_skip_tracking":false,"_monsterinsights_sitenote_active":false,"_monsterinsights_sitenote_note":"","_monsterinsights_sitenote_category":0,"_uf_show_specific_survey":0,"_uf_disable_surveys":false,"footnotes":""},"class_list":["post-5164","page","type-page","status-publish","hentry"],"yoast_head":"<!-- This site is optimized with the Yoast SEO plugin v26.2 - https:\/\/yoast.com\/wordpress\/plugins\/seo\/ -->\n<title>Archivo Hist\u00f3rico Provincial de Teruel - DARA GENERAL<\/title>\n<meta name=\"robots\" content=\"index, follow, max-snippet:-1, max-image-preview:large, max-video-preview:-1\" \/>\n<link rel=\"canonical\" href=\"https:\/\/dara.aragon.es\/dara\/archivo-historico-provincial-de-teruel-2\/\" \/>\n<meta property=\"og:locale\" content=\"es_ES\" \/>\n<meta property=\"og:type\" content=\"article\" \/>\n<meta property=\"og:title\" content=\"Archivo Hist\u00f3rico Provincial de Teruel - DARA GENERAL\" \/>\n<meta property=\"og:description\" content=\"En 1953 se inaugura en Teruel el Palacio de Archivos, Bibliotecas y Museos, cuya tercera planta se destin\u00f3 a acoger los protocolos notariales centenarios de la capital, n\u00facleo fundacional del Archivo Hist\u00f3rico Provincial. Su creaci\u00f3n oficial se retrasa hasta el 10 de marzo de 1958, impulsada por el descubrimiento del protocolo que relata la historia [&hellip;]\" \/>\n<meta property=\"og:url\" content=\"https:\/\/dara.aragon.es\/dara\/archivo-historico-provincial-de-teruel-2\/\" \/>\n<meta property=\"og:site_name\" content=\"DARA GENERAL\" \/>\n<meta property=\"article:modified_time\" content=\"2025-12-29T13:23:27+00:00\" \/>\n<meta name=\"twitter:card\" content=\"summary_large_image\" \/>\n<meta name=\"twitter:label1\" content=\"Tiempo de lectura\" \/>\n\t<meta name=\"twitter:data1\" content=\"9 minutos\" \/>\n<script type=\"application\/ld+json\" class=\"yoast-schema-graph\">{\"@context\":\"https:\/\/schema.org\",\"@graph\":[{\"@type\":\"WebPage\",\"@id\":\"https:\/\/dara.aragon.es\/dara\/archivo-historico-provincial-de-teruel-2\/\",\"url\":\"https:\/\/dara.aragon.es\/dara\/archivo-historico-provincial-de-teruel-2\/\",\"name\":\"Archivo Hist\u00f3rico Provincial de Teruel - DARA GENERAL\",\"isPartOf\":{\"@id\":\"https:\/\/dara.aragon.es\/dara\/#website\"},\"datePublished\":\"2024-09-24T08:33:51+00:00\",\"dateModified\":\"2025-12-29T13:23:27+00:00\",\"breadcrumb\":{\"@id\":\"https:\/\/dara.aragon.es\/dara\/archivo-historico-provincial-de-teruel-2\/#breadcrumb\"},\"inLanguage\":\"es\",\"potentialAction\":[{\"@type\":\"ReadAction\",\"target\":[\"https:\/\/dara.aragon.es\/dara\/archivo-historico-provincial-de-teruel-2\/\"]}]},{\"@type\":\"BreadcrumbList\",\"@id\":\"https:\/\/dara.aragon.es\/dara\/archivo-historico-provincial-de-teruel-2\/#breadcrumb\",\"itemListElement\":[{\"@type\":\"ListItem\",\"position\":1,\"name\":\"Portada\",\"item\":\"https:\/\/dara.aragon.es\/dara\/\"},{\"@type\":\"ListItem\",\"position\":2,\"name\":\"Archivo Hist\u00f3rico Provincial de Teruel\"}]},{\"@type\":\"WebSite\",\"@id\":\"https:\/\/dara.aragon.es\/dara\/#website\",\"url\":\"https:\/\/dara.aragon.es\/dara\/\",\"name\":\"DARA GENERAL\",\"description\":\"Documentos y archivos de Arag\u00f3n\",\"potentialAction\":[{\"@type\":\"SearchAction\",\"target\":{\"@type\":\"EntryPoint\",\"urlTemplate\":\"https:\/\/dara.aragon.es\/dara\/?s={search_term_string}\"},\"query-input\":{\"@type\":\"PropertyValueSpecification\",\"valueRequired\":true,\"valueName\":\"search_term_string\"}}],\"inLanguage\":\"es\"}]}<\/script>\n<!-- \/ Yoast SEO plugin. -->","yoast_head_json":{"title":"Archivo Hist\u00f3rico Provincial de Teruel - DARA GENERAL","robots":{"index":"index","follow":"follow","max-snippet":"max-snippet:-1","max-image-preview":"max-image-preview:large","max-video-preview":"max-video-preview:-1"},"canonical":"https:\/\/dara.aragon.es\/dara\/archivo-historico-provincial-de-teruel-2\/","og_locale":"es_ES","og_type":"article","og_title":"Archivo Hist\u00f3rico Provincial de Teruel - DARA GENERAL","og_description":"En 1953 se inaugura en Teruel el Palacio de Archivos, Bibliotecas y Museos, cuya tercera planta se destin\u00f3 a acoger los protocolos notariales centenarios de la capital, n\u00facleo fundacional del Archivo Hist\u00f3rico Provincial. Su creaci\u00f3n oficial se retrasa hasta el 10 de marzo de 1958, impulsada por el descubrimiento del protocolo que relata la historia [&hellip;]","og_url":"https:\/\/dara.aragon.es\/dara\/archivo-historico-provincial-de-teruel-2\/","og_site_name":"DARA GENERAL","article_modified_time":"2025-12-29T13:23:27+00:00","twitter_card":"summary_large_image","twitter_misc":{"Tiempo de lectura":"9 minutos"},"schema":{"@context":"https:\/\/schema.org","@graph":[{"@type":"WebPage","@id":"https:\/\/dara.aragon.es\/dara\/archivo-historico-provincial-de-teruel-2\/","url":"https:\/\/dara.aragon.es\/dara\/archivo-historico-provincial-de-teruel-2\/","name":"Archivo Hist\u00f3rico Provincial de Teruel - DARA GENERAL","isPartOf":{"@id":"https:\/\/dara.aragon.es\/dara\/#website"},"datePublished":"2024-09-24T08:33:51+00:00","dateModified":"2025-12-29T13:23:27+00:00","breadcrumb":{"@id":"https:\/\/dara.aragon.es\/dara\/archivo-historico-provincial-de-teruel-2\/#breadcrumb"},"inLanguage":"es","potentialAction":[{"@type":"ReadAction","target":["https:\/\/dara.aragon.es\/dara\/archivo-historico-provincial-de-teruel-2\/"]}]},{"@type":"BreadcrumbList","@id":"https:\/\/dara.aragon.es\/dara\/archivo-historico-provincial-de-teruel-2\/#breadcrumb","itemListElement":[{"@type":"ListItem","position":1,"name":"Portada","item":"https:\/\/dara.aragon.es\/dara\/"},{"@type":"ListItem","position":2,"name":"Archivo Hist\u00f3rico Provincial de Teruel"}]},{"@type":"WebSite","@id":"https:\/\/dara.aragon.es\/dara\/#website","url":"https:\/\/dara.aragon.es\/dara\/","name":"DARA GENERAL","description":"Documentos y archivos de Arag\u00f3n","potentialAction":[{"@type":"SearchAction","target":{"@type":"EntryPoint","urlTemplate":"https:\/\/dara.aragon.es\/dara\/?s={search_term_string}"},"query-input":{"@type":"PropertyValueSpecification","valueRequired":true,"valueName":"search_term_string"}}],"inLanguage":"es"}]}},"_links":{"self":[{"href":"https:\/\/dara.aragon.es\/dara\/wp-json\/wp\/v2\/pages\/5164","targetHints":{"allow":["GET"]}}],"collection":[{"href":"https:\/\/dara.aragon.es\/dara\/wp-json\/wp\/v2\/pages"}],"about":[{"href":"https:\/\/dara.aragon.es\/dara\/wp-json\/wp\/v2\/types\/page"}],"author":[{"embeddable":true,"href":"https:\/\/dara.aragon.es\/dara\/wp-json\/wp\/v2\/users\/1"}],"replies":[{"embeddable":true,"href":"https:\/\/dara.aragon.es\/dara\/wp-json\/wp\/v2\/comments?post=5164"}],"version-history":[{"count":1,"href":"https:\/\/dara.aragon.es\/dara\/wp-json\/wp\/v2\/pages\/5164\/revisions"}],"predecessor-version":[{"id":9935,"href":"https:\/\/dara.aragon.es\/dara\/wp-json\/wp\/v2\/pages\/5164\/revisions\/9935"}],"wp:attachment":[{"href":"https:\/\/dara.aragon.es\/dara\/wp-json\/wp\/v2\/media?parent=5164"}],"curies":[{"name":"wp","href":"https:\/\/api.w.org\/{rel}","templated":true}]}}