{"id":837,"date":"2022-02-22T13:51:06","date_gmt":"2022-02-22T13:51:06","guid":{"rendered":"https:\/\/dara.aragon.es\/dara\/?page_id=837"},"modified":"2024-10-22T09:49:04","modified_gmt":"2024-10-22T09:49:04","slug":"estadisticas-iii","status":"publish","type":"page","link":"https:\/\/dara.aragon.es\/dara\/estadisticas-iii\/","title":{"rendered":"ESTAD\u00cdSTICAS III"},"content":{"rendered":"<p>[et_pb_section fb_built=\u00bb1&#8243; fullwidth=\u00bbon\u00bb admin_label=\u00bbHeader Section\u00bb _builder_version=\u00bb4.20.2&#8243; background_color=\u00bb#0D3857&#8243; background_enable_image=\u00bboff\u00bb parallax=\u00bbon\u00bb custom_padding=\u00bb|||\u00bb saved_tabs=\u00bball\u00bb locked=\u00bboff\u00bb global_colors_info=\u00bb{}\u00bb][et_pb_fullwidth_header title=\u00bbArchivos y portales monogr\u00e1ficos\u00bb text_orientation=\u00bbcenter\u00bb background_overlay_color=\u00bbrgba(0,0,0,0.4)\u00bb admin_label=\u00bbContents\u00bb _builder_version=\u00bb4.20.2&#8243; title_font=\u00bbOswald|||on|\u00bb title_text_align=\u00bbcenter\u00bb title_font_size=\u00bb38px\u00bb title_letter_spacing=\u00bb0.05em\u00bb title_line_height=\u00bb1.5em\u00bb subhead_font=\u00bbNunito|600|||||||\u00bb subhead_font_size=\u00bb20px\u00bb subhead_line_height=\u00bb1.9em\u00bb background_color=\u00bbrgba(255, 255, 255, 0)\u00bb background_enable_image=\u00bboff\u00bb parallax=\u00bbon\u00bb parallax_method=\u00bbon\u00bb custom_button_one=\u00bbon\u00bb button_one_text_size=\u00bb15px\u00bb button_one_bg_color=\u00bb#dca57d\u00bb button_one_border_width=\u00bb10px\u00bb button_one_border_color=\u00bb#dca57d\u00bb button_one_border_radius=\u00bb0px\u00bb button_one_letter_spacing=\u00bb3px\u00bb button_one_font=\u00bbOswald|||on|\u00bb button_one_use_icon=\u00bboff\u00bb custom_margin=\u00bb|||\u00bb custom_padding=\u00bb1%||1%||false|false\u00bb animation_style=\u00bbfade\u00bb animation_starting_opacity=\u00bb50%\u00bb animation_speed_curve=\u00bbease-in\u00bb title_font_size_tablet=\u00bb60px\u00bb title_font_size_phone=\u00bb40px\u00bb title_font_size_last_edited=\u00bbon|phone\u00bb button_one_border_color_hover=\u00bb#c99872&#8243; button_one_border_radius_hover=\u00bb0px\u00bb button_one_letter_spacing_hover=\u00bb3px\u00bb button_one_bg_color_hover=\u00bb#c99872&#8243; global_colors_info=\u00bb{}\u00bb button_one_text_size__hover_enabled=\u00bboff\u00bb button_two_text_size__hover_enabled=\u00bboff\u00bb button_one_text_color__hover_enabled=\u00bboff\u00bb button_two_text_color__hover_enabled=\u00bboff\u00bb button_one_border_width__hover_enabled=\u00bboff\u00bb button_two_border_width__hover_enabled=\u00bboff\u00bb button_one_border_color__hover_enabled=\u00bbon\u00bb button_one_border_color__hover=\u00bb#c99872&#8243; button_two_border_color__hover_enabled=\u00bboff\u00bb button_one_border_radius__hover_enabled=\u00bbon\u00bb button_one_border_radius__hover=\u00bb0px\u00bb button_two_border_radius__hover_enabled=\u00bboff\u00bb button_one_letter_spacing__hover_enabled=\u00bbon\u00bb button_one_letter_spacing__hover=\u00bb3px\u00bb button_two_letter_spacing__hover_enabled=\u00bboff\u00bb button_one_bg_color__hover_enabled=\u00bbon\u00bb button_one_bg_color__hover=\u00bb#c99872&#8243; button_two_bg_color__hover_enabled=\u00bboff\u00bb][\/et_pb_fullwidth_header][\/et_pb_section][et_pb_section fb_built=\u00bb1&#8243; _builder_version=\u00bb4.16&#8243; _module_preset=\u00bbdefault\u00bb custom_margin=\u00bb0px|0px|0px|0px|false|false\u00bb custom_padding=\u00bb0px|0px|0px|0px|false|false\u00bb saved_tabs=\u00bball\u00bb locked=\u00bboff\u00bb global_colors_info=\u00bb{}\u00bb][et_pb_row column_structure=\u00bb1_2,1_2&#8243; use_custom_gutter=\u00bbon\u00bb gutter_width=\u00bb1&#8243; make_equal=\u00bbon\u00bb admin_label=\u00bbBest Beans Row\u00bb module_class=\u00bb et_pb_row_fullwidth\u00bb _builder_version=\u00bb4.16&#8243; width=\u00bb100%\u00bb width_tablet=\u00bb100%\u00bb width_phone=\u00bb\u00bb width_last_edited=\u00bbon|desktop\u00bb max_width_tablet=\u00bb100%\u00bb max_width_phone=\u00bb\u00bb max_width_last_edited=\u00bbon|desktop\u00bb custom_margin=\u00bb|||\u00bb custom_padding=\u00bb0px|0px|0px|0px\u00bb make_fullwidth=\u00bbon\u00bb global_colors_info=\u00bb{}\u00bb][et_pb_column type=\u00bb1_2&#8243; _builder_version=\u00bb4.16&#8243; use_background_color_gradient=\u00bbon\u00bb background_color_gradient_stops=\u00bb#26528d 0%|#24b0bf 100%\u00bb background_color_gradient_start=\u00bb#26528d\u00bb background_color_gradient_end=\u00bb#24b0bf\u00bb custom_padding=\u00bb80px|5%|80px|5%\u00bb global_colors_info=\u00bb{}\u00bb custom_padding__hover=\u00bb|||\u00bb][et_pb_gallery gallery_ids=\u00bb3930,3943&#8243; fullwidth=\u00bbon\u00bb _builder_version=\u00bb4.25.1&#8243; _module_preset=\u00bbdefault\u00bb animation_style=\u00bbfold\u00bb auto=\u00bbon\u00bb auto_speed=\u00bb6000&#8243; locked=\u00bboff\u00bb global_colors_info=\u00bb{}\u00bb][\/et_pb_gallery][\/et_pb_column][et_pb_column type=\u00bb1_2&#8243; _builder_version=\u00bb4.16&#8243; background_enable_color=\u00bboff\u00bb background_enable_image=\u00bboff\u00bb background_repeat=\u00bbrepeat\u00bb background_blend=\u00bbmultiply\u00bb custom_padding=\u00bb80px|5%|80px|5%\u00bb global_colors_info=\u00bb{}\u00bb custom_padding__hover=\u00bb|||\u00bb][et_pb_text _builder_version=\u00bb4.27.2&#8243; _module_preset=\u00bbdefault\u00bb text_font=\u00bbNunito||||||||\u00bb custom_margin=\u00bb2px|||||\u00bb custom_padding=\u00bb15px||0px|||\u00bb link_option_url_new_window=\u00bbon\u00bb global_colors_info=\u00bb{}\u00bb]<\/p>\n<h3>\u00bfQu\u00e9 archivos son los m\u00e1s consultados?<\/h3>\n<p>Los archivos m\u00e1s consultados en el buscador de DARA son los Archivos Hist\u00f3ricos Provinciales, el Archivo Municipal de Zaragoza, el fondo del Juzgado Togado Militar de Zaragoza y la Fototeca de la Diputaci\u00f3n Provincial de Huesca. Tambi\u00e9n, se realizan muchas consultas sobre los archivos municipales en el buscador.<\/p>\n<h3>Informaci\u00f3n del resto de nuestros portales monogr\u00e1ficos.<\/h3>\n<p>En el siguiente gr\u00e1fico se desglosan los usos del Buscador General y de los 20 buscadores especializados con m\u00e1s de 300 b\u00fasquedas.<\/p>\n<p>&nbsp;<\/p>\n<p>[\/et_pb_text][\/et_pb_column][\/et_pb_row][\/et_pb_section]<\/p>\n","protected":false},"excerpt":{"rendered":"<p>\u00bfQu\u00e9 archivos son los m\u00e1s consultados? Los archivos m\u00e1s consultados en el buscador de DARA son los Archivos Hist\u00f3ricos Provinciales, el Archivo Municipal de Zaragoza, el fondo del Juzgado Togado Militar de Zaragoza y la Fototeca de la Diputaci\u00f3n Provincial de Huesca. Tambi\u00e9n, se realizan muchas consultas sobre los archivos municipales en el buscador. Informaci\u00f3n [&hellip;]<\/p>\n","protected":false},"author":1,"featured_media":840,"parent":0,"menu_order":0,"comment_status":"closed","ping_status":"closed","template":"","meta":{"_et_pb_use_builder":"on","_et_pb_old_content":"","_et_gb_content_width":"","om_disable_all_campaigns":false,"_monsterinsights_skip_tracking":false,"_monsterinsights_sitenote_active":false,"_monsterinsights_sitenote_note":"","_monsterinsights_sitenote_category":0,"_uf_show_specific_survey":0,"_uf_disable_surveys":false,"footnotes":""},"class_list":["post-837","page","type-page","status-publish","has-post-thumbnail","hentry"],"yoast_head":"<!-- This site is optimized with the Yoast SEO plugin v27.6 - https:\/\/yoast.com\/product\/yoast-seo-wordpress\/ -->\n<title>ESTAD\u00cdSTICAS III - DARA GENERAL<\/title>\n<meta name=\"robots\" content=\"index, follow, max-snippet:-1, max-image-preview:large, max-video-preview:-1\" \/>\n<link rel=\"canonical\" href=\"https:\/\/dara.aragon.es\/dara\/estadisticas-iii\/\" \/>\n<meta property=\"og:locale\" content=\"es_ES\" \/>\n<meta property=\"og:type\" content=\"article\" \/>\n<meta property=\"og:title\" content=\"ESTAD\u00cdSTICAS III - DARA GENERAL\" \/>\n<meta property=\"og:description\" content=\"\u00bfQu\u00e9 archivos son los m\u00e1s consultados? Los archivos m\u00e1s consultados en el buscador de DARA son los Archivos Hist\u00f3ricos Provinciales, el Archivo Municipal de Zaragoza, el fondo del Juzgado Togado Militar de Zaragoza y la Fototeca de la Diputaci\u00f3n Provincial de Huesca. Tambi\u00e9n, se realizan muchas consultas sobre los archivos municipales en el buscador. Informaci\u00f3n [&hellip;]\" \/>\n<meta property=\"og:url\" content=\"https:\/\/dara.aragon.es\/dara\/estadisticas-iii\/\" \/>\n<meta property=\"og:site_name\" content=\"DARA GENERAL\" \/>\n<meta property=\"article:modified_time\" content=\"2024-10-22T09:49:04+00:00\" \/>\n<meta property=\"og:image\" content=\"https:\/\/dara.aragon.es\/dara\/wp-content\/uploads\/2022\/02\/Grafico-archivos-mas-consultados-en-2021.png\" \/>\n\t<meta property=\"og:image:width\" content=\"567\" \/>\n\t<meta property=\"og:image:height\" content=\"354\" \/>\n\t<meta property=\"og:image:type\" content=\"image\/png\" \/>\n<meta name=\"twitter:card\" content=\"summary_large_image\" \/>\n<meta name=\"twitter:label1\" content=\"Tiempo de lectura\" \/>\n\t<meta name=\"twitter:data1\" content=\"3 minutos\" \/>\n<script type=\"application\/ld+json\" class=\"yoast-schema-graph\">{\"@context\":\"https:\\\/\\\/schema.org\",\"@graph\":[{\"@type\":\"WebPage\",\"@id\":\"https:\\\/\\\/dara.aragon.es\\\/dara\\\/estadisticas-iii\\\/\",\"url\":\"https:\\\/\\\/dara.aragon.es\\\/dara\\\/estadisticas-iii\\\/\",\"name\":\"ESTAD\u00cdSTICAS III - DARA GENERAL\",\"isPartOf\":{\"@id\":\"https:\\\/\\\/dara.aragon.es\\\/dara\\\/#website\"},\"primaryImageOfPage\":{\"@id\":\"https:\\\/\\\/dara.aragon.es\\\/dara\\\/estadisticas-iii\\\/#primaryimage\"},\"image\":{\"@id\":\"https:\\\/\\\/dara.aragon.es\\\/dara\\\/estadisticas-iii\\\/#primaryimage\"},\"thumbnailUrl\":\"https:\\\/\\\/dara.aragon.es\\\/dara\\\/wp-content\\\/uploads\\\/2022\\\/02\\\/Grafico-archivos-mas-consultados-en-2021.png\",\"datePublished\":\"2022-02-22T13:51:06+00:00\",\"dateModified\":\"2024-10-22T09:49:04+00:00\",\"breadcrumb\":{\"@id\":\"https:\\\/\\\/dara.aragon.es\\\/dara\\\/estadisticas-iii\\\/#breadcrumb\"},\"inLanguage\":\"es\",\"potentialAction\":[{\"@type\":\"ReadAction\",\"target\":[\"https:\\\/\\\/dara.aragon.es\\\/dara\\\/estadisticas-iii\\\/\"]}]},{\"@type\":\"ImageObject\",\"inLanguage\":\"es\",\"@id\":\"https:\\\/\\\/dara.aragon.es\\\/dara\\\/estadisticas-iii\\\/#primaryimage\",\"url\":\"https:\\\/\\\/dara.aragon.es\\\/dara\\\/wp-content\\\/uploads\\\/2022\\\/02\\\/Grafico-archivos-mas-consultados-en-2021.png\",\"contentUrl\":\"https:\\\/\\\/dara.aragon.es\\\/dara\\\/wp-content\\\/uploads\\\/2022\\\/02\\\/Grafico-archivos-mas-consultados-en-2021.png\",\"width\":567,\"height\":354},{\"@type\":\"BreadcrumbList\",\"@id\":\"https:\\\/\\\/dara.aragon.es\\\/dara\\\/estadisticas-iii\\\/#breadcrumb\",\"itemListElement\":[{\"@type\":\"ListItem\",\"position\":1,\"name\":\"Portada\",\"item\":\"https:\\\/\\\/dara.aragon.es\\\/dara\\\/\"},{\"@type\":\"ListItem\",\"position\":2,\"name\":\"ESTAD\u00cdSTICAS III\"}]},{\"@type\":\"WebSite\",\"@id\":\"https:\\\/\\\/dara.aragon.es\\\/dara\\\/#website\",\"url\":\"https:\\\/\\\/dara.aragon.es\\\/dara\\\/\",\"name\":\"DARA GENERAL\",\"description\":\"Documentos y archivos de Arag\u00f3n\",\"potentialAction\":[{\"@type\":\"SearchAction\",\"target\":{\"@type\":\"EntryPoint\",\"urlTemplate\":\"https:\\\/\\\/dara.aragon.es\\\/dara\\\/?s={search_term_string}\"},\"query-input\":{\"@type\":\"PropertyValueSpecification\",\"valueRequired\":true,\"valueName\":\"search_term_string\"}}],\"inLanguage\":\"es\"}]}<\/script>\n<!-- \/ Yoast SEO plugin. -->","yoast_head_json":{"title":"ESTAD\u00cdSTICAS III - DARA GENERAL","robots":{"index":"index","follow":"follow","max-snippet":"max-snippet:-1","max-image-preview":"max-image-preview:large","max-video-preview":"max-video-preview:-1"},"canonical":"https:\/\/dara.aragon.es\/dara\/estadisticas-iii\/","og_locale":"es_ES","og_type":"article","og_title":"ESTAD\u00cdSTICAS III - DARA GENERAL","og_description":"\u00bfQu\u00e9 archivos son los m\u00e1s consultados? Los archivos m\u00e1s consultados en el buscador de DARA son los Archivos Hist\u00f3ricos Provinciales, el Archivo Municipal de Zaragoza, el fondo del Juzgado Togado Militar de Zaragoza y la Fototeca de la Diputaci\u00f3n Provincial de Huesca. Tambi\u00e9n, se realizan muchas consultas sobre los archivos municipales en el buscador. Informaci\u00f3n [&hellip;]","og_url":"https:\/\/dara.aragon.es\/dara\/estadisticas-iii\/","og_site_name":"DARA GENERAL","article_modified_time":"2024-10-22T09:49:04+00:00","og_image":[{"width":567,"height":354,"url":"https:\/\/dara.aragon.es\/dara\/wp-content\/uploads\/2022\/02\/Grafico-archivos-mas-consultados-en-2021.png","type":"image\/png"}],"twitter_card":"summary_large_image","twitter_misc":{"Tiempo de lectura":"3 minutos"},"schema":{"@context":"https:\/\/schema.org","@graph":[{"@type":"WebPage","@id":"https:\/\/dara.aragon.es\/dara\/estadisticas-iii\/","url":"https:\/\/dara.aragon.es\/dara\/estadisticas-iii\/","name":"ESTAD\u00cdSTICAS III - DARA GENERAL","isPartOf":{"@id":"https:\/\/dara.aragon.es\/dara\/#website"},"primaryImageOfPage":{"@id":"https:\/\/dara.aragon.es\/dara\/estadisticas-iii\/#primaryimage"},"image":{"@id":"https:\/\/dara.aragon.es\/dara\/estadisticas-iii\/#primaryimage"},"thumbnailUrl":"https:\/\/dara.aragon.es\/dara\/wp-content\/uploads\/2022\/02\/Grafico-archivos-mas-consultados-en-2021.png","datePublished":"2022-02-22T13:51:06+00:00","dateModified":"2024-10-22T09:49:04+00:00","breadcrumb":{"@id":"https:\/\/dara.aragon.es\/dara\/estadisticas-iii\/#breadcrumb"},"inLanguage":"es","potentialAction":[{"@type":"ReadAction","target":["https:\/\/dara.aragon.es\/dara\/estadisticas-iii\/"]}]},{"@type":"ImageObject","inLanguage":"es","@id":"https:\/\/dara.aragon.es\/dara\/estadisticas-iii\/#primaryimage","url":"https:\/\/dara.aragon.es\/dara\/wp-content\/uploads\/2022\/02\/Grafico-archivos-mas-consultados-en-2021.png","contentUrl":"https:\/\/dara.aragon.es\/dara\/wp-content\/uploads\/2022\/02\/Grafico-archivos-mas-consultados-en-2021.png","width":567,"height":354},{"@type":"BreadcrumbList","@id":"https:\/\/dara.aragon.es\/dara\/estadisticas-iii\/#breadcrumb","itemListElement":[{"@type":"ListItem","position":1,"name":"Portada","item":"https:\/\/dara.aragon.es\/dara\/"},{"@type":"ListItem","position":2,"name":"ESTAD\u00cdSTICAS III"}]},{"@type":"WebSite","@id":"https:\/\/dara.aragon.es\/dara\/#website","url":"https:\/\/dara.aragon.es\/dara\/","name":"DARA GENERAL","description":"Documentos y archivos de Arag\u00f3n","potentialAction":[{"@type":"SearchAction","target":{"@type":"EntryPoint","urlTemplate":"https:\/\/dara.aragon.es\/dara\/?s={search_term_string}"},"query-input":{"@type":"PropertyValueSpecification","valueRequired":true,"valueName":"search_term_string"}}],"inLanguage":"es"}]}},"_links":{"self":[{"href":"https:\/\/dara.aragon.es\/dara\/wp-json\/wp\/v2\/pages\/837","targetHints":{"allow":["GET"]}}],"collection":[{"href":"https:\/\/dara.aragon.es\/dara\/wp-json\/wp\/v2\/pages"}],"about":[{"href":"https:\/\/dara.aragon.es\/dara\/wp-json\/wp\/v2\/types\/page"}],"author":[{"embeddable":true,"href":"https:\/\/dara.aragon.es\/dara\/wp-json\/wp\/v2\/users\/1"}],"replies":[{"embeddable":true,"href":"https:\/\/dara.aragon.es\/dara\/wp-json\/wp\/v2\/comments?post=837"}],"version-history":[{"count":0,"href":"https:\/\/dara.aragon.es\/dara\/wp-json\/wp\/v2\/pages\/837\/revisions"}],"wp:featuredmedia":[{"embeddable":true,"href":"https:\/\/dara.aragon.es\/dara\/wp-json\/wp\/v2\/media\/840"}],"wp:attachment":[{"href":"https:\/\/dara.aragon.es\/dara\/wp-json\/wp\/v2\/media?parent=837"}],"curies":[{"name":"wp","href":"https:\/\/api.w.org\/{rel}","templated":true}]}}